{"id":17016,"date":"2025-07-25T18:19:22","date_gmt":"2025-07-25T18:19:22","guid":{"rendered":"https:\/\/www.safinel.fr\/?post_type=product&#038;p=17016"},"modified":"2025-08-13T10:40:40","modified_gmt":"2025-08-13T10:40:40","slug":"lechuga-de-mar","status":"publish","type":"product","link":"https:\/\/www.safinel.fr\/es\/product-2\/lechuga-de-mar\/","title":{"rendered":"Lechuga de mar (ulva lactuca seca) - 50 g"},"content":{"rendered":"<p>La&nbsp;<strong>lechuga de mar seca<\/strong> se est\u00e1 consolidando como una estrella creciente en el mundo de los superalimentos. Este <strong>alimentos algas<\/strong>, tambi\u00e9n conocido como <strong>Ulva lactuca<\/strong>, Su riqueza en nutrientes, su delicado sabor a yodo y su versatilidad en la cocina la convierten en una opci\u00f3n irresistible. Desde un <strong>recolecci\u00f3n silvestre<\/strong> o a veces fabricado a mano en las costas bretonas o francesas, se presenta a menudo en forma de <strong>lentejuelas<\/strong> o en copos para facilitar su uso diario. Descubrir la lechuga de mar deshidratada abre la puerta a nuevas inspiraciones culinarias y a numerosos beneficios para la salud.<\/p>\n<h2>Retrato de lechuga de mar seca<\/h2>\n<p>L\u2019<strong>Ulva lactuca<\/strong>, conocido como <strong>lechuga de mar<\/strong>, es un tipo de alga verde muy apreciada por su sabor sutil pero pronunciado, que recuerda sutilmente al aerosol marino. Fresca, es fr\u00e1gil y dif\u00edcil de conservar. <strong>seco o deshidratado<\/strong>, Est\u00e1 todo en la caja, pero al mismo tiempo es extraordinariamente pr\u00e1ctico de guardar y utilizar.<\/p>\n<p>Su <strong>verde brillante<\/strong> conserva su sabor vivo incluso despu\u00e9s del procesado, y su textura crujiente es un gran complemento para muchos platos. Si el\u2019<strong>origen Breta\u00f1a o Francia<\/strong> Como garant\u00eda de calidad, tambi\u00e9n hay variantes de otras cuencas famosas por la pureza de sus aguas. El sitio <strong>secado<\/strong> conserva intactos los minerales, oligoelementos y vitaminas presentes de forma natural en esta alga comestible.<\/p>\n<h2>Composici\u00f3n nutricional excepcional<\/h2>\n<p>Adem\u00e1s de su sabor, el <strong>lechuga de mar deshidratada<\/strong> es un aut\u00e9ntico concentrado de micronutrientes beneficiosos. En particular, es una valiosa fuente de <strong>prote\u00edna vegetal<\/strong>, Esto ha llamado la atenci\u00f3n de las personas que buscan diversificar su dieta sin carne. Su <strong>rico en hierro<\/strong> y magnesio contribuyen al equilibrio nutricional, mientras que su elevada ingesta de <strong>calcio<\/strong> atrae a los amantes de una dieta sana y equilibrada.<\/p>\n<ul>\n<li><strong>Hierro<\/strong> Favorece el transporte de ox\u00edgeno y combate la fatiga.<\/li>\n<li><strong>Calcio<\/strong> Favorece la vitalidad \u00f3sea y dental.<\/li>\n<li><strong>Magnesio<\/strong> Ayuda a mantener el equilibrio nervioso y muscular.<\/li>\n<li><strong>Vitaminas A, B12, C, E y K<\/strong> Intervienen en la inmunidad, la energ\u00eda y la protecci\u00f3n celular.<\/li>\n<li><strong>Prote\u00ednas<\/strong> Ideal para dietas vegetarianas o veganas.<\/li>\n<\/ul>\n<p>Este perfil \u00fanico hace que <strong>lechuga de mar<\/strong> un aliado inestimable para satisfacer algunas de las necesidades del organismo, sobre todo si se apuesta por una alimentaci\u00f3n natural y ecol\u00f3gica. Existen algunas diferencias notables entre la versi\u00f3n desecada y la fresca, relacionadas principalmente con la concentraci\u00f3n de nutrientes debido a la p\u00e9rdida de agua durante la deshidrataci\u00f3n. Para conocer la amplia gama de productos que ofrece la lechuga de mar y otros productos del mar, merece la pena echar un vistazo a <strong><a href=\"https:\/\/www.tresors-des-mers.com\/\" target=\"_blank\" rel=\"noopener\">tienda de tesoros del mar<\/a><\/strong>.<\/p>\n<h2>Centrarse en los beneficios para la salud<\/h2>\n<p>Consumo regular de <strong>lechuga de mar seca<\/strong> tiene muchos efectos positivos en el cuerpo humano. Desempe\u00f1a un papel activo en <a href=\"https:\/\/www.safinel.fr\/es\/product-2\/musgo-marino-musgo-marino\/\"><strong>remineralizaci\u00f3n<\/strong><\/a>, facilitado por su alto \u00edndice de <strong>calcio<\/strong> y <strong>magnesio<\/strong>-dos minerales esenciales que suelen faltar en la dieta moderna. Los deportistas, las mujeres embarazadas y las personas mayores en particular pueden sentir sus beneficios.<\/p>\n<p>Adem\u00e1s de favorecer la recuperaci\u00f3n muscular, este <strong>algas secas<\/strong> ayuda a prevenir la anemia gracias a su contenido en <strong>hierro biodisponible<\/strong>. Proporciona un impulso natural a la digesti\u00f3n, gracias a su efecto prebi\u00f3tico, que ayuda a equilibrar la microbiota intestinal.<\/p>\n<h3>Comparaci\u00f3n nutricional: lechuga de mar frente a otras algas marinas<\/h3>\n<p>Cada <strong>alimentos algas<\/strong> ofrece un perfil diferente, y el <strong>lechuga de mar<\/strong> no es una excepci\u00f3n a la regla. En comparaci\u00f3n con el wakame o el dulse, por ejemplo, suele tener una mayor concentraci\u00f3n de <strong>vitamina C<\/strong> y en <strong>magnesio<\/strong>. He aqu\u00ed una \u00fatil tabla comparativa :<\/p>\n<table border=\"1\">\n<tbody>\n<tr>\n<th>Algas marinas<\/th>\n<th>Prote\u00ednas (%)<\/th>\n<th>Hierro (mg\/100g)<\/th>\n<th>Calcio (mg\/100g)<\/th>\n<th>Magnesio (mg\/100g)<\/th>\n<\/tr>\n<tr>\n<td>Lechuga de mar (seca)<\/td>\n<td>18<\/td>\n<td>82<\/td>\n<td>490<\/td>\n<td>420<\/td>\n<\/tr>\n<tr>\n<td>Dulse<\/td>\n<td>21<\/td>\n<td>33<\/td>\n<td>150<\/td>\n<td>300<\/td>\n<\/tr>\n<tr>\n<td>Wakam\u00e9<\/td>\n<td>17<\/td>\n<td>2,2<\/td>\n<td>140<\/td>\n<td>107<\/td>\n<\/tr>\n<\/tbody>\n<\/table>\n<p>Por tanto, existe una superioridad real del <strong>lechuga de mar<\/strong> en determinados minerales y prote\u00ednas. Este tipo de comparaci\u00f3n le ayuda a elegir con conocimiento de causa en funci\u00f3n de sus necesidades espec\u00edficas.<\/p>\n<h2>\u00bfC\u00f3mo se puede utilizar la lechuga de mar deshidratada en la cocina?<\/h2>\n<p>Gracias a su envasado en <strong>lentejuelas<\/strong> o <strong>copos<\/strong>, el <strong>lechuga de mar seca<\/strong> tiene la ventaja de ser f\u00e1cil de incorporar a diversas preparaciones. Sum\u00e9rjalo en agua durante unos minutos y recuperar\u00e1 su textura flexible, ideal para a\u00f1adir a una gran variedad de platos. <strong>ensaladas mixtas<\/strong>, tartares de verduras, poke bowls y vinagretas caseras.<\/p>\n<p>Le <strong>riego directo<\/strong> en sopas, tortillas o pescados a la plancha intensifica instant\u00e1neamente los sabores marinos sin necesidad de una larga preparaci\u00f3n. A algunas personas les gusta introducirlo en panes o pasteles caseros, para a\u00f1adir un toque de originalidad al tiempo que disfrutan de su sabor. <strong>riqueza nutricional<\/strong>.<\/p>\n<h3>Consejos pr\u00e1cticos para aprovechar al m\u00e1ximo sus sabores<\/h3>\n<p>Para los que son nuevos en esto <strong>alimentos algas<\/strong>, Lo mejor es empezar con peque\u00f1as cantidades e ir ajustando gradualmente seg\u00fan las preferencias. En <strong>lechuga de mar seca<\/strong> de un <strong>silvestres o recogidas a mano<\/strong> suele ser m\u00e1s fragante y adopta un enfoque ecol\u00f3gico apreciable.<\/p>\n<ul>\n<li>Espolvorear sobre aguacate o tofu a la plancha.<\/li>\n<li>Mezclar con las semillas en bolas energ\u00e9ticas.<\/li>\n<li>Util\u00edcelo en el empanado de pescados blancos para obtener una textura sorprendentemente crujiente.<\/li>\n<li>A\u00f1\u00e1dalo a la masa de crepes o a tartas saladas para darles un toque marino.<\/li>\n<\/ul>\n<p><strong>Comprar en l\u00ednea<\/strong> Tiendas especializadas como safinel.fr facilitan el acceso a estos productos excepcionales, permiti\u00e9ndole descubrir envases ecol\u00f3gicos procedentes de entornos protegidos de la costa atl\u00e1ntica.<\/p>\n<h2>Gu\u00eda de compra y consejos de almacenamiento<\/h2>\n<p>Elija una <strong>lechuga de mar seca<\/strong> calidad requiere prestar atenci\u00f3n a la\u2019<strong>origen<\/strong> (Breta\u00f1a, Francia, famosas zonas costeras), con la menci\u00f3n \u00ab.\u00ab <strong>biol\u00f3gico<\/strong> \u00bbEl enfoque \"puro\", as\u00ed como el m\u00e9todo de <strong>cosecha<\/strong> (se valoran las algas recogidas a mano). Los envases herm\u00e9ticamente cerrados garantizan una vida \u00fatil m\u00e1s larga, ya que las algas deben permanecer secas para no perder su frescura ni desarrollar un amargor desacostumbrado.<\/p>\n<p>Si se almacena en un lugar fresco y seco, el <strong>lechuga de mar<\/strong> puede conservarse durante varios meses preservando sus propiedades. Para aprovechar al m\u00e1ximo todas sus notas arom\u00e1ticas, lo mejor es consumirlo lo antes posible tras abrir la bolsita.<\/p>\n<div itemscope itemtype=\"https:\/\/schema.org\/FAQPage\">\n<h2>Preguntas frecuentes sobre la lechuga de mar seca<\/h2>\n<div itemprop=\"mainEntity\" itemscope itemtype=\"https:\/\/schema.org\/Question\">\n<h3 itemprop=\"name\">\u00bfD\u00f3nde puedo comprar lechuga de mar seca ecol\u00f3gica?<\/h3>\n<div itemprop=\"acceptedAnswer\" itemscope itemtype=\"https:\/\/schema.org\/Answer\">\n<p itemprop=\"text\">La <strong>lechuga de mar seca<\/strong> est\u00e1 disponible en tiendas de alimentaci\u00f3n ecol\u00f3gica, marisquer\u00edas especializadas y plataformas de comercio electr\u00f3nico dedicadas a la alimentaci\u00f3n natural. Elija los que indiquen claramente un <strong>Origen franc\u00e9s<\/strong> (sobre todo en Breta\u00f1a), as\u00ed como el \u00ab&nbsp;<strong>biol\u00f3gico<\/strong>&nbsp;\u00bby\u00ab&nbsp;<strong>cosecha manual<\/strong>&nbsp;\u00bbUna garant\u00eda de calidad y respeto por el medio ambiente.<\/p>\n<ul>\n<li>Sitios web especializados en <strong>algas comestibles<\/strong><\/li>\n<li>Secciones ecol\u00f3gicas en los supermercados<\/li>\n<li>Mercados locales junto al mar<\/li>\n<\/ul><\/div>\n<\/p><\/div>\n<div itemprop=\"mainEntity\" itemscope itemtype=\"https:\/\/schema.org\/Question\">\n<h3 itemprop=\"name\">\u00bfCu\u00e1les son los beneficios espec\u00edficos para la salud de la ulva lactuca seca?<\/h3>\n<div itemprop=\"acceptedAnswer\" itemscope itemtype=\"https:\/\/schema.org\/Answer\">\n<p itemprop=\"text\">L\u2019<strong>ulva lactuca<\/strong> (o <strong>lechuga de mar<\/strong>) es rica en <strong>minerales esenciales<\/strong> (hierro, calcio, magnesio), as\u00ed como <strong>vitaminas<\/strong> y <strong>prote\u00edna vegetal<\/strong>. Favorece la vitalidad, refuerza la inmunidad y favorece la remineralizaci\u00f3n. Es un aliado especialmente interesante para las personas que siguen una dieta basada en plantas.<\/p>\n<table>\n<thead>\n<tr>\n<th>Nutrientes<\/th>\n<th>Ingesta media (por 10 g desecados)<\/th>\n<\/tr>\n<\/thead>\n<tbody>\n<tr>\n<td>Hierro<\/td>\n<td>8,2 mg<\/td>\n<\/tr>\n<tr>\n<td>Calcio<\/td>\n<td>49 mg<\/td>\n<\/tr>\n<tr>\n<td>Vitamina C<\/td>\n<td>2,1 mg<\/td>\n<\/tr>\n<tr>\n<td>Prote\u00ednas<\/td>\n<td>1,8 g<\/td>\n<\/tr>\n<\/tbody>\n<\/table><\/div>\n<\/p><\/div>\n<div itemprop=\"mainEntity\" itemscope itemtype=\"https:\/\/schema.org\/Question\">\n<h3 itemprop=\"name\">\u00bfC\u00f3mo cocinar f\u00e1cilmente la lechuga de mar deshidratada?<\/h3>\n<div itemprop=\"acceptedAnswer\" itemscope itemtype=\"https:\/\/schema.org\/Answer\">\n<p itemprop=\"text\">Para aprovechar las <strong>lechuga de mar<\/strong>, Simplemente rehidr\u00e1telo durante unos minutos antes de a\u00f1adirlo a sus recetas. Combina perfectamente con <strong>ensaladas, tartares, quiches<\/strong>, o utilizado como <strong>topping<\/strong> en platos calientes. En copos o escamas, puede a\u00f1adirse f\u00e1cilmente a sopas, pur\u00e9s o huevos revueltos.<\/p>\n<ol>\n<li>Introducir una cucharada en agua fr\u00eda durante 5 minutos.<\/li>\n<li>Escurrir y mezclar en el plato.<\/li>\n<li>Ideas de combinaciones: gambas, aguacate, cereales, queso fresco, etc.<\/li>\n<\/ol><\/div>\n<\/p><\/div>\n<div itemprop=\"mainEntity\" itemscope itemtype=\"https:\/\/schema.org\/Question\">\n<h3 itemprop=\"name\">\u00bfExiste alguna restricci\u00f3n para comer lechuga de mar seca?<\/h3>\n<div itemprop=\"acceptedAnswer\" itemscope itemtype=\"https:\/\/schema.org\/Answer\">\n<p itemprop=\"text\">La <strong>lechuga de mar<\/strong> es adecuado para la mayor\u00eda de las personas. Sin embargo, debido a su alto <strong>yodo<\/strong>, Sin embargo, deben consumirla con moderaci\u00f3n las personas que sufren problemas de tiroides o siguen una dieta baja en sal. Un exceso ocasional puede causar problemas digestivos o sobrecarga de minerales.<\/p>\n<ul>\n<li>Limite el consumo a 1 \u00f3 2 cucharadas soperas al d\u00eda.<\/li>\n<li>Consulte a un profesional sanitario si tiene alguna duda m\u00e9dica.<\/li>\n<\/ul><\/div>\n<\/p><\/div>\n<\/div>","protected":false},"excerpt":{"rendered":"<p><strong>Elija<\/strong> para la lechuga de mar seca 50g. Esta alga <strong>rico<\/strong> en nutrientes a\u00f1ade un toque marino <strong>delicado<\/strong> a todas sus preparaciones culinarias.<\/p>","protected":false},"featured_media":17017,"template":"","meta":[],"product_brand":[],"product_cat":[44],"product_tag":[],"class_list":{"0":"post-17016","1":"product","2":"type-product","3":"status-publish","4":"has-post-thumbnail","6":"product_cat-epices","8":"first","9":"instock","10":"shipping-taxable","11":"purchasable","12":"product-type-simple"},"yoast_head":"<!-- This site is optimized with the Yoast SEO plugin v26.6 - https:\/\/yoast.com\/wordpress\/plugins\/seo\/ -->\n<title>Laitue de mer s\u00e9ch\u00e9e \u00e0 l&#039;achat | Bienfaits et recettes en cuisine<\/title>\n<meta name=\"description\" content=\"D\u00e9couvrez la laitue de mer s\u00e9ch\u00e9e, un superaliment riche en nutriments. Apprenez ses bienfaits pour la sant\u00e9 et comment l&#039;utiliser en cuisine.\" \/>\n<meta name=\"robots\" content=\"index, follow, max-snippet:-1, max-image-preview:large, max-video-preview:-1\" \/>\n<link rel=\"canonical\" href=\"https:\/\/www.safinel.fr\/es\/product-2\/lechuga-de-mar\/\" \/>\n<meta property=\"og:locale\" content=\"es_ES\" \/>\n<meta property=\"og:type\" content=\"article\" \/>\n<meta property=\"og:title\" content=\"Laitue de mer s\u00e9ch\u00e9e \u00e0 l&#039;achat | Bienfaits et recettes en cuisine\" \/>\n<meta property=\"og:description\" content=\"D\u00e9couvrez la laitue de mer s\u00e9ch\u00e9e, un superaliment riche en nutriments. Apprenez ses bienfaits pour la sant\u00e9 et comment l&#039;utiliser en cuisine.\" \/>\n<meta property=\"og:url\" content=\"https:\/\/www.safinel.fr\/es\/product-2\/lechuga-de-mar\/\" \/>\n<meta property=\"og:site_name\" content=\"Safinel\" \/>\n<meta property=\"article:modified_time\" content=\"2025-08-13T10:40:40+00:00\" \/>\n<meta property=\"og:image\" content=\"https:\/\/www.safinel.fr\/wp-content\/uploads\/2025\/07\/laitue-de-mer.jpg\" \/>\n\t<meta property=\"og:image:width\" content=\"600\" \/>\n\t<meta property=\"og:image:height\" content=\"600\" \/>\n\t<meta property=\"og:image:type\" content=\"image\/jpeg\" \/>\n<meta name=\"twitter:card\" content=\"summary_large_image\" \/>\n<meta name=\"twitter:label1\" content=\"Tiempo de lectura\" \/>\n\t<meta name=\"twitter:data1\" content=\"9 minutos\" \/>\n<script type=\"application\/ld+json\" class=\"yoast-schema-graph\">{\"@context\":\"https:\/\/schema.org\",\"@graph\":[{\"@type\":\"WebPage\",\"@id\":\"https:\/\/www.safinel.fr\/produit\/laitue-de-mer\/\",\"url\":\"https:\/\/www.safinel.fr\/produit\/laitue-de-mer\/\",\"name\":\"Laitue de mer s\u00e9ch\u00e9e \u00e0 l'achat | Bienfaits et recettes en cuisine\",\"isPartOf\":{\"@id\":\"https:\/\/www.safinel.fr\/#website\"},\"primaryImageOfPage\":{\"@id\":\"https:\/\/www.safinel.fr\/produit\/laitue-de-mer\/#primaryimage\"},\"image\":{\"@id\":\"https:\/\/www.safinel.fr\/produit\/laitue-de-mer\/#primaryimage\"},\"thumbnailUrl\":\"https:\/\/www.safinel.fr\/wp-content\/uploads\/2025\/07\/laitue-de-mer.jpg\",\"datePublished\":\"2025-07-25T18:19:22+00:00\",\"dateModified\":\"2025-08-13T10:40:40+00:00\",\"description\":\"D\u00e9couvrez la laitue de mer s\u00e9ch\u00e9e, un superaliment riche en nutriments. Apprenez ses bienfaits pour la sant\u00e9 et comment l'utiliser en cuisine.\",\"breadcrumb\":{\"@id\":\"https:\/\/www.safinel.fr\/produit\/laitue-de-mer\/#breadcrumb\"},\"inLanguage\":\"es\",\"potentialAction\":[{\"@type\":\"ReadAction\",\"target\":[\"https:\/\/www.safinel.fr\/produit\/laitue-de-mer\/\"]}]},{\"@type\":\"ImageObject\",\"inLanguage\":\"es\",\"@id\":\"https:\/\/www.safinel.fr\/produit\/laitue-de-mer\/#primaryimage\",\"url\":\"https:\/\/www.safinel.fr\/wp-content\/uploads\/2025\/07\/laitue-de-mer.jpg\",\"contentUrl\":\"https:\/\/www.safinel.fr\/wp-content\/uploads\/2025\/07\/laitue-de-mer.jpg\",\"width\":600,\"height\":600,\"caption\":\"Laitue de mer (ulva lactuca s\u00e9ch\u00e9e)\"},{\"@type\":\"BreadcrumbList\",\"@id\":\"https:\/\/www.safinel.fr\/produit\/laitue-de-mer\/#breadcrumb\",\"itemListElement\":[{\"@type\":\"ListItem\",\"position\":1,\"name\":\"Accueil\",\"item\":\"https:\/\/www.safinel.fr\/\"},{\"@type\":\"ListItem\",\"position\":2,\"name\":\"Boutique\",\"item\":\"https:\/\/www.safinel.fr\/boutique\/\"},{\"@type\":\"ListItem\",\"position\":3,\"name\":\"Laitue de mer (ulva lactuca s\u00e9ch\u00e9e) &#8211; 50g\"}]},{\"@type\":\"WebSite\",\"@id\":\"https:\/\/www.safinel.fr\/#website\",\"url\":\"https:\/\/www.safinel.fr\/\",\"name\":\"Safinel\",\"description\":\"\",\"publisher\":{\"@id\":\"https:\/\/www.safinel.fr\/#organization\"},\"potentialAction\":[{\"@type\":\"SearchAction\",\"target\":{\"@type\":\"EntryPoint\",\"urlTemplate\":\"https:\/\/www.safinel.fr\/?s={search_term_string}\"},\"query-input\":{\"@type\":\"PropertyValueSpecification\",\"valueRequired\":true,\"valueName\":\"search_term_string\"}}],\"inLanguage\":\"es\"},{\"@type\":\"Organization\",\"@id\":\"https:\/\/www.safinel.fr\/#organization\",\"name\":\"Safinel\",\"url\":\"https:\/\/www.safinel.fr\/\",\"logo\":{\"@type\":\"ImageObject\",\"inLanguage\":\"es\",\"@id\":\"https:\/\/www.safinel.fr\/#\/schema\/logo\/image\/\",\"url\":\"https:\/\/www.safinel.fr\/wp-content\/uploads\/2021\/05\/boutique-cosmetique.png\",\"contentUrl\":\"https:\/\/www.safinel.fr\/wp-content\/uploads\/2021\/05\/boutique-cosmetique.png\",\"width\":800,\"height\":200,\"caption\":\"Safinel\"},\"image\":{\"@id\":\"https:\/\/www.safinel.fr\/#\/schema\/logo\/image\/\"}}]}<\/script>\n<!-- \/ Yoast SEO plugin. -->","yoast_head_json":{"title":"Comprar lechuga de mar seca | Beneficios y recetas en cocina","description":"Descubra la lechuga de mar seca, un superalimento rico en nutrientes. Conozca sus beneficios para la salud y c\u00f3mo utilizarla en la cocina.","robots":{"index":"index","follow":"follow","max-snippet":"max-snippet:-1","max-image-preview":"max-image-preview:large","max-video-preview":"max-video-preview:-1"},"canonical":"https:\/\/www.safinel.fr\/es\/product-2\/lechuga-de-mar\/","og_locale":"es_ES","og_type":"article","og_title":"Laitue de mer s\u00e9ch\u00e9e \u00e0 l'achat | Bienfaits et recettes en cuisine","og_description":"D\u00e9couvrez la laitue de mer s\u00e9ch\u00e9e, un superaliment riche en nutriments. Apprenez ses bienfaits pour la sant\u00e9 et comment l'utiliser en cuisine.","og_url":"https:\/\/www.safinel.fr\/es\/product-2\/lechuga-de-mar\/","og_site_name":"Safinel","article_modified_time":"2025-08-13T10:40:40+00:00","og_image":[{"width":600,"height":600,"url":"https:\/\/www.safinel.fr\/wp-content\/uploads\/2025\/07\/laitue-de-mer.jpg","type":"image\/jpeg"}],"twitter_card":"summary_large_image","twitter_misc":{"Tiempo de lectura":"9 minutos"},"schema":{"@context":"https:\/\/schema.org","@graph":[{"@type":"WebPage","@id":"https:\/\/www.safinel.fr\/produit\/laitue-de-mer\/","url":"https:\/\/www.safinel.fr\/produit\/laitue-de-mer\/","name":"Comprar lechuga de mar seca | Beneficios y recetas en cocina","isPartOf":{"@id":"https:\/\/www.safinel.fr\/#website"},"primaryImageOfPage":{"@id":"https:\/\/www.safinel.fr\/produit\/laitue-de-mer\/#primaryimage"},"image":{"@id":"https:\/\/www.safinel.fr\/produit\/laitue-de-mer\/#primaryimage"},"thumbnailUrl":"https:\/\/www.safinel.fr\/wp-content\/uploads\/2025\/07\/laitue-de-mer.jpg","datePublished":"2025-07-25T18:19:22+00:00","dateModified":"2025-08-13T10:40:40+00:00","description":"Descubra la lechuga de mar seca, un superalimento rico en nutrientes. Conozca sus beneficios para la salud y c\u00f3mo utilizarla en la cocina.","breadcrumb":{"@id":"https:\/\/www.safinel.fr\/produit\/laitue-de-mer\/#breadcrumb"},"inLanguage":"es","potentialAction":[{"@type":"ReadAction","target":["https:\/\/www.safinel.fr\/produit\/laitue-de-mer\/"]}]},{"@type":"ImageObject","inLanguage":"es","@id":"https:\/\/www.safinel.fr\/produit\/laitue-de-mer\/#primaryimage","url":"https:\/\/www.safinel.fr\/wp-content\/uploads\/2025\/07\/laitue-de-mer.jpg","contentUrl":"https:\/\/www.safinel.fr\/wp-content\/uploads\/2025\/07\/laitue-de-mer.jpg","width":600,"height":600,"caption":"Laitue de mer (ulva lactuca s\u00e9ch\u00e9e)"},{"@type":"BreadcrumbList","@id":"https:\/\/www.safinel.fr\/produit\/laitue-de-mer\/#breadcrumb","itemListElement":[{"@type":"ListItem","position":1,"name":"Accueil","item":"https:\/\/www.safinel.fr\/"},{"@type":"ListItem","position":2,"name":"Boutique","item":"https:\/\/www.safinel.fr\/boutique\/"},{"@type":"ListItem","position":3,"name":"Laitue de mer (ulva lactuca s\u00e9ch\u00e9e) &#8211; 50g"}]},{"@type":"WebSite","@id":"https:\/\/www.safinel.fr\/#website","url":"https:\/\/www.safinel.fr\/","name":"Safinel","description":"","publisher":{"@id":"https:\/\/www.safinel.fr\/#organization"},"potentialAction":[{"@type":"SearchAction","target":{"@type":"EntryPoint","urlTemplate":"https:\/\/www.safinel.fr\/?s={search_term_string}"},"query-input":{"@type":"PropertyValueSpecification","valueRequired":true,"valueName":"search_term_string"}}],"inLanguage":"es"},{"@type":"Organization","@id":"https:\/\/www.safinel.fr\/#organization","name":"Safinel","url":"https:\/\/www.safinel.fr\/","logo":{"@type":"ImageObject","inLanguage":"es","@id":"https:\/\/www.safinel.fr\/#\/schema\/logo\/image\/","url":"https:\/\/www.safinel.fr\/wp-content\/uploads\/2021\/05\/boutique-cosmetique.png","contentUrl":"https:\/\/www.safinel.fr\/wp-content\/uploads\/2021\/05\/boutique-cosmetique.png","width":800,"height":200,"caption":"Safinel"},"image":{"@id":"https:\/\/www.safinel.fr\/#\/schema\/logo\/image\/"}}]}},"_links":{"self":[{"href":"https:\/\/www.safinel.fr\/es\/wp-json\/wp\/v2\/product\/17016","targetHints":{"allow":["GET"]}}],"collection":[{"href":"https:\/\/www.safinel.fr\/es\/wp-json\/wp\/v2\/product"}],"about":[{"href":"https:\/\/www.safinel.fr\/es\/wp-json\/wp\/v2\/types\/product"}],"wp:featuredmedia":[{"embeddable":true,"href":"https:\/\/www.safinel.fr\/es\/wp-json\/wp\/v2\/media\/17017"}],"wp:attachment":[{"href":"https:\/\/www.safinel.fr\/es\/wp-json\/wp\/v2\/media?parent=17016"}],"wp:term":[{"taxonomy":"product_brand","embeddable":true,"href":"https:\/\/www.safinel.fr\/es\/wp-json\/wp\/v2\/product_brand?post=17016"},{"taxonomy":"product_cat","embeddable":true,"href":"https:\/\/www.safinel.fr\/es\/wp-json\/wp\/v2\/product_cat?post=17016"},{"taxonomy":"product_tag","embeddable":true,"href":"https:\/\/www.safinel.fr\/es\/wp-json\/wp\/v2\/product_tag?post=17016"}],"curies":[{"name":"wp","href":"https:\/\/api.w.org\/{rel}","templated":true}]}}