{"id":1680,"date":"2022-07-06T23:41:08","date_gmt":"2022-07-06T23:41:08","guid":{"rendered":"https:\/\/www.safinel.fr\/?post_type=product&#038;p=1680"},"modified":"2023-12-28T17:15:20","modified_gmt":"2023-12-28T17:15:20","slug":"yokebe","status":"publish","type":"product","link":"https:\/\/www.safinel.fr\/es\/product-2\/yokebe\/","title":{"rendered":"Aceite de yokebe"},"content":{"rendered":"<p>\u00bfLe falta confianza en s\u00ed mismo? \u00bfNecesita sentirse bien consigo misma? Su boutique quiere lo mejor para usted. Y sabemos que no es raro que la gente sue\u00f1e con tener la famosa figura 8...<strong>\u00a0Pechos grandes<\/strong>\u00a0y\u00a0<strong>nalgas grandes<\/strong>, es hora de conocer al\u2019<strong>Aceite de yokebe<\/strong>\u00a0!<\/p>\n<h2><strong>Conoce el aceite Yokebe\u00a0<\/strong><\/h2>\n<p>\u00bfHa o\u00eddo hablar alguna vez del famoso<strong>\u00a0Aceite de yokebe<\/strong>\u00a0? Tambi\u00e9n se encuentra bajo la ortograf\u00eda\u00a0<strong>Yokobe<\/strong>. Si a\u00fan no lo has hecho, \u00a1a tu boutique Safinel le gustar\u00eda arrojar algo de luz sobre el tema! Prep\u00e1rese, vamos a hablar de curvas y de<strong>\u00a0formas generosas<\/strong>\u00a0!<\/p>\n<p>Es cierto que la apariencia desempe\u00f1a un papel esencial en la confianza en uno mismo, desde el cabello sedoso hasta el\u00a0<strong>cuerpo de ensue\u00f1o<\/strong>, El f\u00edsico est\u00e1 en el centro del debate. Por eso queremos que descubras el aceite Yokebe.<\/p>\n<p>Este \u00faltimo es un<strong>\u00a0aceite natural<\/strong>\u00a0elaborado a partir de extractos de plantas. Originario del \u00c1frica negra, se encuentra sobre todo en Costa de Marfil, pero tambi\u00e9n ha conquistado los pa\u00edses del norte de \u00c1frica. Y hasta Occidente.<\/p>\n<h2><strong>Aceite de yokebe para el placer de las damas\u00a0<\/strong><\/h2>\n<p>Si la apariencia es a veces la manzana de la discordia, probablemente ha llegado el momento de conocer el Yokebe. Descubre el\u00a0<strong><a href=\"https:\/\/www.safinel.fr\/es\/product-2\/supositorios-yokebe\/\">supositorios yokebe<\/a>\u00a0<\/strong>de\u00a0<strong>nalgas grandes<\/strong>, Se\u00f1oras, prep\u00e1rense para unas curvas voluptuosas. Ya sea en aceite o en supositorios, Yokebe es conocido por ayudar a las mujeres a conseguir figuras m\u00e1s grandes y armoniosas.<\/p>\n<p>Para caderas, pantorrillas, pero tambi\u00e9n gl\u00fateos, este<strong>\u00a0producto natural\u00a0<\/strong>podr\u00eda ser la soluci\u00f3n milagrosa que estaba esperando.<\/p>\n<p>\u00bfSiempre ha so\u00f1ado con tener\u00a0<strong>nalgas generosas<\/strong>\u00a0? \u00bfY si la soluci\u00f3n estuviera en este aceite? Es hora de dejarse encantar y probar este aceite natural.<\/p>\n<h2><strong>Consejos para utilizar el aceite yokebe\u00a0<\/strong><\/h2>\n<p>Es aconsejable aplicar esta\u00a0<strong>aceite vegetal<\/strong>\u00a02 \u00f3 3 veces al d\u00eda. Se recomienda masajear las zonas afectadas durante al menos 5 minutos, hasta que el aceite de Yokebe absorba por completo la piel.<\/p>\n<p>Tambi\u00e9n debe saber que el\u2019<a href=\"https:\/\/100feminin.fr\/5-huiles-vegetales-aux-vertus-exceptionnelles-qui-peuvent-traiter-vos-petits-problemes\/\" target=\"_blank\" rel=\"noopener\"><strong>aceite de fenogreco<\/strong><\/a>\u00a0tiene propiedades similares.<\/p>\n<p><strong>Lo que hay que saber\u00a0<\/strong>:<\/p>\n<p>Este producto natural no contiene sustancias qu\u00edmicas. Y hasta la fecha no se han descrito efectos secundarios. No obstante, se recomienda realizar previamente una prueba cut\u00e1nea de 24 horas para evitar cualquier riesgo de alergia.<\/p>\n<h3><strong>\u00a1Safinel al tim\u00f3n para los que quieren m\u00e1s!<\/strong><\/h3>\n<p>Como de costumbre, tu tienda especializada en productos naturales desea que descubras una amplia gama de productos beneficiosos. Adem\u00e1s, \u00a1somos conscientes de su afici\u00f3n por los productos nuevos!<\/p>\n<p>Cumplir los\u00a0<a href=\"https:\/\/www.safinel.fr\/es\/product-2\/pebe\/\"><strong>Pebe falsa nuez moscada<\/strong><\/a>. Es conocida no s\u00f3lo por sus propiedades estimulantes, sino tambi\u00e9n por su capacidad para combatir ciertas dolencias.<\/p>\n<p>Tambi\u00e9n puede ponerse en contacto con la\u00a0<strong><a href=\"https:\/\/www.safinel.fr\/es\/product-2\/suero-antiacne-de-comino-negro\/\">Suero antiacn\u00e9 de comino negro<\/a> !<\/strong>\u00a0\u00bfProblemas con el acn\u00e9 y los puntos negros? \u00a1Este peque\u00f1o suero podr\u00eda ser la soluci\u00f3n!<\/p>\n<p>Como puede ver, su tienda Safinel est\u00e1 siempre dispuesta a ayudarle a descubrir nuevos productos naturales.<\/p>","protected":false},"excerpt":{"rendered":"<p>\u00bfLe falta confianza en s\u00ed mismo? \u00bfNecesita sentirse bien consigo misma? Su boutique quiere lo mejor para usted. Y sabemos que no es raro que las mujeres sue\u00f1en con tener el famoso cuerpo de la figura 8... Grandes pechos y grandes gl\u00fateos, es hora de [...]","protected":false},"featured_media":1682,"template":"","meta":[],"product_brand":[],"product_cat":[28,122],"product_tag":[],"class_list":{"0":"post-1680","1":"product","2":"type-product","3":"status-publish","4":"has-post-thumbnail","6":"product_cat-divers","7":"product_cat-huile-vegetale","9":"first","10":"outofstock","11":"shipping-taxable","12":"purchasable","13":"product-type-simple"},"yoast_head":"<!-- This site is optimized with the Yoast SEO plugin v26.6 - https:\/\/yoast.com\/wordpress\/plugins\/seo\/ -->\n<title>Yokebe suppositoire et huile I Aide au grossissement des fesses<\/title>\n<meta name=\"description\" content=\"Est-ce que vous avez d\u00e9j\u00e0 eu \u00e9cho de la fameuse\u00a0huile de Yokebe\u00a0? \u00c9galement trouv\u00e9e sous l\u2019orthographe\u00a0Yokobe. Adoptez-l\u00e0 !\" \/>\n<meta name=\"robots\" content=\"index, follow, max-snippet:-1, max-image-preview:large, max-video-preview:-1\" \/>\n<link rel=\"canonical\" href=\"https:\/\/www.safinel.fr\/es\/product-2\/yokebe\/\" \/>\n<meta property=\"og:locale\" content=\"es_ES\" \/>\n<meta property=\"og:type\" content=\"article\" \/>\n<meta property=\"og:title\" content=\"Yokebe suppositoire et huile I Aide au grossissement des fesses\" \/>\n<meta property=\"og:description\" content=\"Est-ce que vous avez d\u00e9j\u00e0 eu \u00e9cho de la fameuse\u00a0huile de Yokebe\u00a0? \u00c9galement trouv\u00e9e sous l\u2019orthographe\u00a0Yokobe. Adoptez-l\u00e0 !\" \/>\n<meta property=\"og:url\" content=\"https:\/\/www.safinel.fr\/es\/product-2\/yokebe\/\" \/>\n<meta property=\"og:site_name\" content=\"Safinel\" \/>\n<meta property=\"article:modified_time\" content=\"2023-12-28T17:15:20+00:00\" \/>\n<meta property=\"og:image\" content=\"https:\/\/www.safinel.fr\/wp-content\/uploads\/2022\/07\/huile-de-yokebe.jpg\" \/>\n\t<meta property=\"og:image:width\" content=\"600\" \/>\n\t<meta property=\"og:image:height\" content=\"600\" \/>\n\t<meta property=\"og:image:type\" content=\"image\/jpeg\" \/>\n<meta name=\"twitter:card\" content=\"summary_large_image\" \/>\n<meta name=\"twitter:label1\" content=\"Tiempo de lectura\" \/>\n\t<meta name=\"twitter:data1\" content=\"3 minutos\" \/>\n<script type=\"application\/ld+json\" class=\"yoast-schema-graph\">{\"@context\":\"https:\/\/schema.org\",\"@graph\":[{\"@type\":\"WebPage\",\"@id\":\"https:\/\/www.safinel.fr\/produit\/yokebe\/\",\"url\":\"https:\/\/www.safinel.fr\/produit\/yokebe\/\",\"name\":\"Yokebe suppositoire et huile I Aide au grossissement des fesses\",\"isPartOf\":{\"@id\":\"https:\/\/www.safinel.fr\/#website\"},\"primaryImageOfPage\":{\"@id\":\"https:\/\/www.safinel.fr\/produit\/yokebe\/#primaryimage\"},\"image\":{\"@id\":\"https:\/\/www.safinel.fr\/produit\/yokebe\/#primaryimage\"},\"thumbnailUrl\":\"https:\/\/www.safinel.fr\/wp-content\/uploads\/2022\/07\/huile-de-yokebe.jpg\",\"datePublished\":\"2022-07-06T23:41:08+00:00\",\"dateModified\":\"2023-12-28T17:15:20+00:00\",\"description\":\"Est-ce que vous avez d\u00e9j\u00e0 eu \u00e9cho de la fameuse\u00a0huile de Yokebe\u00a0? \u00c9galement trouv\u00e9e sous l\u2019orthographe\u00a0Yokobe. Adoptez-l\u00e0 !\",\"breadcrumb\":{\"@id\":\"https:\/\/www.safinel.fr\/produit\/yokebe\/#breadcrumb\"},\"inLanguage\":\"es\",\"potentialAction\":[{\"@type\":\"ReadAction\",\"target\":[\"https:\/\/www.safinel.fr\/produit\/yokebe\/\"]}]},{\"@type\":\"ImageObject\",\"inLanguage\":\"es\",\"@id\":\"https:\/\/www.safinel.fr\/produit\/yokebe\/#primaryimage\",\"url\":\"https:\/\/www.safinel.fr\/wp-content\/uploads\/2022\/07\/huile-de-yokebe.jpg\",\"contentUrl\":\"https:\/\/www.safinel.fr\/wp-content\/uploads\/2022\/07\/huile-de-yokebe.jpg\",\"width\":600,\"height\":600,\"caption\":\"Huile de yokebe\"},{\"@type\":\"BreadcrumbList\",\"@id\":\"https:\/\/www.safinel.fr\/produit\/yokebe\/#breadcrumb\",\"itemListElement\":[{\"@type\":\"ListItem\",\"position\":1,\"name\":\"Accueil\",\"item\":\"https:\/\/www.safinel.fr\/\"},{\"@type\":\"ListItem\",\"position\":2,\"name\":\"Boutique\",\"item\":\"https:\/\/www.safinel.fr\/boutique\/\"},{\"@type\":\"ListItem\",\"position\":3,\"name\":\"Huile de yokebe\"}]},{\"@type\":\"WebSite\",\"@id\":\"https:\/\/www.safinel.fr\/#website\",\"url\":\"https:\/\/www.safinel.fr\/\",\"name\":\"Safinel\",\"description\":\"\",\"publisher\":{\"@id\":\"https:\/\/www.safinel.fr\/#organization\"},\"potentialAction\":[{\"@type\":\"SearchAction\",\"target\":{\"@type\":\"EntryPoint\",\"urlTemplate\":\"https:\/\/www.safinel.fr\/?s={search_term_string}\"},\"query-input\":{\"@type\":\"PropertyValueSpecification\",\"valueRequired\":true,\"valueName\":\"search_term_string\"}}],\"inLanguage\":\"es\"},{\"@type\":\"Organization\",\"@id\":\"https:\/\/www.safinel.fr\/#organization\",\"name\":\"Safinel\",\"url\":\"https:\/\/www.safinel.fr\/\",\"logo\":{\"@type\":\"ImageObject\",\"inLanguage\":\"es\",\"@id\":\"https:\/\/www.safinel.fr\/#\/schema\/logo\/image\/\",\"url\":\"https:\/\/www.safinel.fr\/wp-content\/uploads\/2021\/05\/boutique-cosmetique.png\",\"contentUrl\":\"https:\/\/www.safinel.fr\/wp-content\/uploads\/2021\/05\/boutique-cosmetique.png\",\"width\":800,\"height\":200,\"caption\":\"Safinel\"},\"image\":{\"@id\":\"https:\/\/www.safinel.fr\/#\/schema\/logo\/image\/\"}}]}<\/script>\n<!-- \/ Yoast SEO plugin. -->","yoast_head_json":{"title":"Yokebe supositorio y aceite I Ayuda a agrandar las nalgas","description":"\u00bfHa o\u00eddo hablar alguna vez del famoso aceite de Yokebe? Tambi\u00e9n conocido como Yokobe. \u00a1Adoptalo!","robots":{"index":"index","follow":"follow","max-snippet":"max-snippet:-1","max-image-preview":"max-image-preview:large","max-video-preview":"max-video-preview:-1"},"canonical":"https:\/\/www.safinel.fr\/es\/product-2\/yokebe\/","og_locale":"es_ES","og_type":"article","og_title":"Yokebe suppositoire et huile I Aide au grossissement des fesses","og_description":"Est-ce que vous avez d\u00e9j\u00e0 eu \u00e9cho de la fameuse\u00a0huile de Yokebe\u00a0? \u00c9galement trouv\u00e9e sous l\u2019orthographe\u00a0Yokobe. Adoptez-l\u00e0 !","og_url":"https:\/\/www.safinel.fr\/es\/product-2\/yokebe\/","og_site_name":"Safinel","article_modified_time":"2023-12-28T17:15:20+00:00","og_image":[{"width":600,"height":600,"url":"https:\/\/www.safinel.fr\/wp-content\/uploads\/2022\/07\/huile-de-yokebe.jpg","type":"image\/jpeg"}],"twitter_card":"summary_large_image","twitter_misc":{"Tiempo de lectura":"3 minutos"},"schema":{"@context":"https:\/\/schema.org","@graph":[{"@type":"WebPage","@id":"https:\/\/www.safinel.fr\/produit\/yokebe\/","url":"https:\/\/www.safinel.fr\/produit\/yokebe\/","name":"Yokebe supositorio y aceite I Ayuda a agrandar las nalgas","isPartOf":{"@id":"https:\/\/www.safinel.fr\/#website"},"primaryImageOfPage":{"@id":"https:\/\/www.safinel.fr\/produit\/yokebe\/#primaryimage"},"image":{"@id":"https:\/\/www.safinel.fr\/produit\/yokebe\/#primaryimage"},"thumbnailUrl":"https:\/\/www.safinel.fr\/wp-content\/uploads\/2022\/07\/huile-de-yokebe.jpg","datePublished":"2022-07-06T23:41:08+00:00","dateModified":"2023-12-28T17:15:20+00:00","description":"\u00bfHa o\u00eddo hablar alguna vez del famoso aceite de Yokebe? Tambi\u00e9n conocido como Yokobe. \u00a1Adoptalo!","breadcrumb":{"@id":"https:\/\/www.safinel.fr\/produit\/yokebe\/#breadcrumb"},"inLanguage":"es","potentialAction":[{"@type":"ReadAction","target":["https:\/\/www.safinel.fr\/produit\/yokebe\/"]}]},{"@type":"ImageObject","inLanguage":"es","@id":"https:\/\/www.safinel.fr\/produit\/yokebe\/#primaryimage","url":"https:\/\/www.safinel.fr\/wp-content\/uploads\/2022\/07\/huile-de-yokebe.jpg","contentUrl":"https:\/\/www.safinel.fr\/wp-content\/uploads\/2022\/07\/huile-de-yokebe.jpg","width":600,"height":600,"caption":"Huile de yokebe"},{"@type":"BreadcrumbList","@id":"https:\/\/www.safinel.fr\/produit\/yokebe\/#breadcrumb","itemListElement":[{"@type":"ListItem","position":1,"name":"Accueil","item":"https:\/\/www.safinel.fr\/"},{"@type":"ListItem","position":2,"name":"Boutique","item":"https:\/\/www.safinel.fr\/boutique\/"},{"@type":"ListItem","position":3,"name":"Huile de yokebe"}]},{"@type":"WebSite","@id":"https:\/\/www.safinel.fr\/#website","url":"https:\/\/www.safinel.fr\/","name":"Safinel","description":"","publisher":{"@id":"https:\/\/www.safinel.fr\/#organization"},"potentialAction":[{"@type":"SearchAction","target":{"@type":"EntryPoint","urlTemplate":"https:\/\/www.safinel.fr\/?s={search_term_string}"},"query-input":{"@type":"PropertyValueSpecification","valueRequired":true,"valueName":"search_term_string"}}],"inLanguage":"es"},{"@type":"Organization","@id":"https:\/\/www.safinel.fr\/#organization","name":"Safinel","url":"https:\/\/www.safinel.fr\/","logo":{"@type":"ImageObject","inLanguage":"es","@id":"https:\/\/www.safinel.fr\/#\/schema\/logo\/image\/","url":"https:\/\/www.safinel.fr\/wp-content\/uploads\/2021\/05\/boutique-cosmetique.png","contentUrl":"https:\/\/www.safinel.fr\/wp-content\/uploads\/2021\/05\/boutique-cosmetique.png","width":800,"height":200,"caption":"Safinel"},"image":{"@id":"https:\/\/www.safinel.fr\/#\/schema\/logo\/image\/"}}]}},"_links":{"self":[{"href":"https:\/\/www.safinel.fr\/es\/wp-json\/wp\/v2\/product\/1680","targetHints":{"allow":["GET"]}}],"collection":[{"href":"https:\/\/www.safinel.fr\/es\/wp-json\/wp\/v2\/product"}],"about":[{"href":"https:\/\/www.safinel.fr\/es\/wp-json\/wp\/v2\/types\/product"}],"wp:featuredmedia":[{"embeddable":true,"href":"https:\/\/www.safinel.fr\/es\/wp-json\/wp\/v2\/media\/1682"}],"wp:attachment":[{"href":"https:\/\/www.safinel.fr\/es\/wp-json\/wp\/v2\/media?parent=1680"}],"wp:term":[{"taxonomy":"product_brand","embeddable":true,"href":"https:\/\/www.safinel.fr\/es\/wp-json\/wp\/v2\/product_brand?post=1680"},{"taxonomy":"product_cat","embeddable":true,"href":"https:\/\/www.safinel.fr\/es\/wp-json\/wp\/v2\/product_cat?post=1680"},{"taxonomy":"product_tag","embeddable":true,"href":"https:\/\/www.safinel.fr\/es\/wp-json\/wp\/v2\/product_tag?post=1680"}],"curies":[{"name":"wp","href":"https:\/\/api.w.org\/{rel}","templated":true}]}}