{"id":1668,"date":"2022-07-06T18:43:39","date_gmt":"2022-07-06T18:43:39","guid":{"rendered":"https:\/\/www.safinel.fr\/?post_type=product&#038;p=1668"},"modified":"2025-10-15T10:10:52","modified_gmt":"2025-10-15T10:10:52","slug":"pebe","status":"publish","type":"product","link":"https:\/\/www.safinel.fr\/es\/product-2\/pebe\/","title":{"rendered":"P\u00e9b\u00e9 100 g"},"content":{"rendered":"<p>Descubre la<strong>\u00a0p\u00e9b\u00e9<\/strong>\u00a0\u00a1una especia con m\u00e1s de un as en la manga!<\/p>\n<h2><strong>P\u00e9b\u00e9: la nuez moscada africana\u00a0<\/strong><\/h2>\n<p>P\u00e9b\u00e9, tambi\u00e9n conocido como\u00a0<strong>Nuez moscada africana\u00a0<\/strong>es el fruto de un \u00e1rbol de tama\u00f1o mediano a grande originario de \u00c1frica tropical. Tiene forma de semillas ovaladas arom\u00e1ticas que pueden utilizarse como sustituto de la nuez moscada. Estas semillas ovaladas proceden de una planta forestal del \u00c1frica tropical y se secan tras su recolecci\u00f3n.<\/p>\n<p>Adem\u00e1s, su fuerte y agradable aroma se mantiene cuando se cocina, y las semillas se utilizan como condimento culinario, e incluso en medicina tradicional. El sabor es ligeramente parecido al de la nuez moscada, de ah\u00ed el nombre de nuez moscada africana. Por \u00faltimo, el olor y el sabor de la semilla son similares a los de la conocida nuez moscada.<\/p>\n<p>Sus flores son fragantes, con p\u00e9talos exteriores de color amarillo anaranjado moteados de rojo. El fruto es esf\u00e9rico, de hasta 15 cm de di\u00e1metro, y esconde varias semillas incrustadas en una pulpa blanca.<\/p>\n<p>En\u00a0<strong>semillas\u00a0<\/strong>se utilizan como\u00a0<strong>condimentos<\/strong>\u00a0y\u00a0<strong>especias<\/strong>\u00a0una vez seco o tostado.<\/p>\n<h2><strong>Los beneficios del pebe\u00a0<\/strong><\/h2>\n<p>P\u00e9b\u00e9 tiene una serie de ventajas que no te dejar\u00e1n indiferente. As\u00ed que vamos a echarles un vistazo ahora mismo:<\/p>\n<ul>\n<li>Este es uno de los productos utilizados en la\u00a0<strong>tratamiento de las fiebres.<\/strong><\/li>\n<li>Es \u00fatil para\u00a0<strong>aliviar el estre\u00f1imiento<\/strong>\u00a0cuando se tuesta y para las migra\u00f1as, cuando se aplica en la frente.<\/li>\n<li>Tambi\u00e9n se utiliza para\u00a0<strong>combatir los piojos\u00a0<\/strong>cuando se mezcla con aceite de palma o de palmiste.<\/li>\n<li>El pebe tambi\u00e9n tiene propiedades estimulantes.<\/li>\n<li>Tambi\u00e9n se utiliza en \u00c1frica Occidental para tratar las hemorroides, la pesadez de piernas y la celulitis.<\/li>\n<li>Por \u00faltimo, tambi\u00e9n puede considerarse un agente antiobesidad gracias a su contenido en limoneno.<\/li>\n<\/ul>\n<h2><strong>C\u00f3mo utilizar pebe\u00a0<\/strong><\/h2>\n<p>\u00bfTe preguntas c\u00f3mo se come el pebe? Nosotros te lo contamos.<\/p>\n<ul>\n<li>Si quiere sazonar sus platos, la nuez moscada africana est\u00e1 aqu\u00ed para ayudarle. Esta especia aportar\u00e1 sabor a sus platos.<\/li>\n<li>Para utilizarlas como especias, hay que quitar la c\u00e1scara a las nueces y molerlas antes de usarlas.<\/li>\n<\/ul>\n<h3><strong>Descubra tambi\u00e9n la pimienta larga africana<\/strong><\/h3>\n<p>Derivada de la vid Piper Longum, tambi\u00e9n se conoce como pimienta de Java o pimienta larga. Es originaria de la India y crece silvestre en el Himalaya.<\/p>\n<p>Este fruto es similar a una infrutescencia que mide unos pocos cent\u00edmetros. Al igual que la pimienta negra normal, nuestra <a href=\"https:\/\/www.safinel.fr\/es\/product-2\/pimienta-africana\/\"><strong>pimiento largo<\/strong><\/a> El fruto contiene piperina y un alcaloide que le confiere su sabor picante.<\/p>\n<p>No obstante, cabe se\u00f1alar que este\u00a0<strong>piper longum<\/strong>\u00a0fue el primero en exportarse a Europa. Desde entonces, se ha convertido en uno de nuestros platos favoritos.<\/p>\n<p>Nuestra tienda\u00a0<strong>Safinel\u00a0<\/strong>le ofrece esta especia en su forma cruda, para que pueda disfrutar de lo mejor de esta variedad. Adem\u00e1s, esta especia tiene una serie de importantes beneficios. Entre sus virtudes destaca el hecho de que es un vasodilatador natural, por lo que resulta \u00fatil en el tratamiento de la hipertensi\u00f3n arterial.<\/p>","protected":false},"excerpt":{"rendered":"<p>\u00a1Descubra el p\u00e9b\u00e9, una especia con m\u00faltiples usos! El p\u00e9b\u00e9: la nuez moscada africana  El p\u00e9b\u00e9, tambi\u00e9n conocido como nuez moscada africana, es el fruto de un \u00e1rbol de tama\u00f1o mediano o grande, originario del \u00c1frica tropical. Tiene forma de semillas ovaladas arom\u00e1ticas que se pueden utilizar [\u2026]","protected":false},"featured_media":1669,"template":"","meta":[],"product_brand":[],"product_cat":[44,169],"product_tag":[],"class_list":{"0":"post-1668","1":"product","2":"type-product","3":"status-publish","4":"has-post-thumbnail","6":"product_cat-epices","7":"product_cat-epices-du-monde","9":"first","10":"outofstock","11":"shipping-taxable","12":"purchasable","13":"product-type-simple"},"yoast_head":"<!-- This site is optimized with the Yoast SEO plugin v26.6 - https:\/\/yoast.com\/wordpress\/plugins\/seo\/ -->\n<title>P\u00e9b\u00e9 I Noix de muscade africaine\u00a0I Bienfaits nombreux<\/title>\n<meta name=\"description\" content=\"D\u00e9couvrez le\u00a0p\u00e9b\u00e9\u00a0une \u00e9pice qui a plus d\u2019un tour dans son sac !\u00a0 Noix de muscade africaine aux bienfaits nombreux !\" \/>\n<meta name=\"robots\" content=\"index, follow, max-snippet:-1, max-image-preview:large, max-video-preview:-1\" \/>\n<link rel=\"canonical\" href=\"https:\/\/www.safinel.fr\/es\/product-2\/pebe\/\" \/>\n<meta property=\"og:locale\" content=\"es_ES\" \/>\n<meta property=\"og:type\" content=\"article\" \/>\n<meta property=\"og:title\" content=\"P\u00e9b\u00e9 I Noix de muscade africaine\u00a0I Bienfaits nombreux\" \/>\n<meta property=\"og:description\" content=\"D\u00e9couvrez le\u00a0p\u00e9b\u00e9\u00a0une \u00e9pice qui a plus d\u2019un tour dans son sac !\u00a0 Noix de muscade africaine aux bienfaits nombreux !\" \/>\n<meta property=\"og:url\" content=\"https:\/\/www.safinel.fr\/es\/product-2\/pebe\/\" \/>\n<meta property=\"og:site_name\" content=\"Safinel\" \/>\n<meta property=\"article:modified_time\" content=\"2025-10-15T10:10:52+00:00\" \/>\n<meta property=\"og:image\" content=\"https:\/\/www.safinel.fr\/wp-content\/uploads\/2022\/07\/pebe-noix-de-muscade.jpg\" \/>\n\t<meta property=\"og:image:width\" content=\"600\" \/>\n\t<meta property=\"og:image:height\" content=\"600\" \/>\n\t<meta property=\"og:image:type\" content=\"image\/jpeg\" \/>\n<meta name=\"twitter:card\" content=\"summary_large_image\" \/>\n<meta name=\"twitter:label1\" content=\"Tiempo de lectura\" \/>\n\t<meta name=\"twitter:data1\" content=\"3 minutos\" \/>\n<script type=\"application\/ld+json\" class=\"yoast-schema-graph\">{\"@context\":\"https:\/\/schema.org\",\"@graph\":[{\"@type\":\"WebPage\",\"@id\":\"https:\/\/www.safinel.fr\/produit\/pebe\/\",\"url\":\"https:\/\/www.safinel.fr\/produit\/pebe\/\",\"name\":\"P\u00e9b\u00e9 I Noix de muscade africaine\u00a0I Bienfaits nombreux\",\"isPartOf\":{\"@id\":\"https:\/\/www.safinel.fr\/#website\"},\"primaryImageOfPage\":{\"@id\":\"https:\/\/www.safinel.fr\/produit\/pebe\/#primaryimage\"},\"image\":{\"@id\":\"https:\/\/www.safinel.fr\/produit\/pebe\/#primaryimage\"},\"thumbnailUrl\":\"https:\/\/www.safinel.fr\/wp-content\/uploads\/2022\/07\/pebe-noix-de-muscade.jpg\",\"datePublished\":\"2022-07-06T18:43:39+00:00\",\"dateModified\":\"2025-10-15T10:10:52+00:00\",\"description\":\"D\u00e9couvrez le\u00a0p\u00e9b\u00e9\u00a0une \u00e9pice qui a plus d\u2019un tour dans son sac !\u00a0 Noix de muscade africaine aux bienfaits nombreux !\",\"breadcrumb\":{\"@id\":\"https:\/\/www.safinel.fr\/produit\/pebe\/#breadcrumb\"},\"inLanguage\":\"es\",\"potentialAction\":[{\"@type\":\"ReadAction\",\"target\":[\"https:\/\/www.safinel.fr\/produit\/pebe\/\"]}]},{\"@type\":\"ImageObject\",\"inLanguage\":\"es\",\"@id\":\"https:\/\/www.safinel.fr\/produit\/pebe\/#primaryimage\",\"url\":\"https:\/\/www.safinel.fr\/wp-content\/uploads\/2022\/07\/pebe-noix-de-muscade.jpg\",\"contentUrl\":\"https:\/\/www.safinel.fr\/wp-content\/uploads\/2022\/07\/pebe-noix-de-muscade.jpg\",\"width\":600,\"height\":600,\"caption\":\"p\u00e9b\u00e9 noix de muscade\"},{\"@type\":\"BreadcrumbList\",\"@id\":\"https:\/\/www.safinel.fr\/produit\/pebe\/#breadcrumb\",\"itemListElement\":[{\"@type\":\"ListItem\",\"position\":1,\"name\":\"Accueil\",\"item\":\"https:\/\/www.safinel.fr\/\"},{\"@type\":\"ListItem\",\"position\":2,\"name\":\"Boutique\",\"item\":\"https:\/\/www.safinel.fr\/boutique\/\"},{\"@type\":\"ListItem\",\"position\":3,\"name\":\"P\u00e9b\u00e9 100g\"}]},{\"@type\":\"WebSite\",\"@id\":\"https:\/\/www.safinel.fr\/#website\",\"url\":\"https:\/\/www.safinel.fr\/\",\"name\":\"Safinel\",\"description\":\"\",\"publisher\":{\"@id\":\"https:\/\/www.safinel.fr\/#organization\"},\"potentialAction\":[{\"@type\":\"SearchAction\",\"target\":{\"@type\":\"EntryPoint\",\"urlTemplate\":\"https:\/\/www.safinel.fr\/?s={search_term_string}\"},\"query-input\":{\"@type\":\"PropertyValueSpecification\",\"valueRequired\":true,\"valueName\":\"search_term_string\"}}],\"inLanguage\":\"es\"},{\"@type\":\"Organization\",\"@id\":\"https:\/\/www.safinel.fr\/#organization\",\"name\":\"Safinel\",\"url\":\"https:\/\/www.safinel.fr\/\",\"logo\":{\"@type\":\"ImageObject\",\"inLanguage\":\"es\",\"@id\":\"https:\/\/www.safinel.fr\/#\/schema\/logo\/image\/\",\"url\":\"https:\/\/www.safinel.fr\/wp-content\/uploads\/2021\/05\/boutique-cosmetique.png\",\"contentUrl\":\"https:\/\/www.safinel.fr\/wp-content\/uploads\/2021\/05\/boutique-cosmetique.png\",\"width\":800,\"height\":200,\"caption\":\"Safinel\"},\"image\":{\"@id\":\"https:\/\/www.safinel.fr\/#\/schema\/logo\/image\/\"}}]}<\/script>\n<!-- \/ Yoast SEO plugin. -->","yoast_head_json":{"title":"P\u00e9b\u00e9 I Nuez moscada africana I Numerosos beneficios","description":"\u00a1Descubra el pebe, una especia con m\u00e1s de un as en la manga!  \u00a1Nuez moscada africana con multitud de beneficios!","robots":{"index":"index","follow":"follow","max-snippet":"max-snippet:-1","max-image-preview":"max-image-preview:large","max-video-preview":"max-video-preview:-1"},"canonical":"https:\/\/www.safinel.fr\/es\/product-2\/pebe\/","og_locale":"es_ES","og_type":"article","og_title":"P\u00e9b\u00e9 I Noix de muscade africaine\u00a0I Bienfaits nombreux","og_description":"D\u00e9couvrez le\u00a0p\u00e9b\u00e9\u00a0une \u00e9pice qui a plus d\u2019un tour dans son sac !\u00a0 Noix de muscade africaine aux bienfaits nombreux !","og_url":"https:\/\/www.safinel.fr\/es\/product-2\/pebe\/","og_site_name":"Safinel","article_modified_time":"2025-10-15T10:10:52+00:00","og_image":[{"width":600,"height":600,"url":"https:\/\/www.safinel.fr\/wp-content\/uploads\/2022\/07\/pebe-noix-de-muscade.jpg","type":"image\/jpeg"}],"twitter_card":"summary_large_image","twitter_misc":{"Tiempo de lectura":"3 minutos"},"schema":{"@context":"https:\/\/schema.org","@graph":[{"@type":"WebPage","@id":"https:\/\/www.safinel.fr\/produit\/pebe\/","url":"https:\/\/www.safinel.fr\/produit\/pebe\/","name":"P\u00e9b\u00e9 I Nuez moscada africana I Numerosos beneficios","isPartOf":{"@id":"https:\/\/www.safinel.fr\/#website"},"primaryImageOfPage":{"@id":"https:\/\/www.safinel.fr\/produit\/pebe\/#primaryimage"},"image":{"@id":"https:\/\/www.safinel.fr\/produit\/pebe\/#primaryimage"},"thumbnailUrl":"https:\/\/www.safinel.fr\/wp-content\/uploads\/2022\/07\/pebe-noix-de-muscade.jpg","datePublished":"2022-07-06T18:43:39+00:00","dateModified":"2025-10-15T10:10:52+00:00","description":"\u00a1Descubra el pebe, una especia con m\u00e1s de un as en la manga!  \u00a1Nuez moscada africana con multitud de beneficios!","breadcrumb":{"@id":"https:\/\/www.safinel.fr\/produit\/pebe\/#breadcrumb"},"inLanguage":"es","potentialAction":[{"@type":"ReadAction","target":["https:\/\/www.safinel.fr\/produit\/pebe\/"]}]},{"@type":"ImageObject","inLanguage":"es","@id":"https:\/\/www.safinel.fr\/produit\/pebe\/#primaryimage","url":"https:\/\/www.safinel.fr\/wp-content\/uploads\/2022\/07\/pebe-noix-de-muscade.jpg","contentUrl":"https:\/\/www.safinel.fr\/wp-content\/uploads\/2022\/07\/pebe-noix-de-muscade.jpg","width":600,"height":600,"caption":"p\u00e9b\u00e9 noix de muscade"},{"@type":"BreadcrumbList","@id":"https:\/\/www.safinel.fr\/produit\/pebe\/#breadcrumb","itemListElement":[{"@type":"ListItem","position":1,"name":"Accueil","item":"https:\/\/www.safinel.fr\/"},{"@type":"ListItem","position":2,"name":"Boutique","item":"https:\/\/www.safinel.fr\/boutique\/"},{"@type":"ListItem","position":3,"name":"P\u00e9b\u00e9 100g"}]},{"@type":"WebSite","@id":"https:\/\/www.safinel.fr\/#website","url":"https:\/\/www.safinel.fr\/","name":"Safinel","description":"","publisher":{"@id":"https:\/\/www.safinel.fr\/#organization"},"potentialAction":[{"@type":"SearchAction","target":{"@type":"EntryPoint","urlTemplate":"https:\/\/www.safinel.fr\/?s={search_term_string}"},"query-input":{"@type":"PropertyValueSpecification","valueRequired":true,"valueName":"search_term_string"}}],"inLanguage":"es"},{"@type":"Organization","@id":"https:\/\/www.safinel.fr\/#organization","name":"Safinel","url":"https:\/\/www.safinel.fr\/","logo":{"@type":"ImageObject","inLanguage":"es","@id":"https:\/\/www.safinel.fr\/#\/schema\/logo\/image\/","url":"https:\/\/www.safinel.fr\/wp-content\/uploads\/2021\/05\/boutique-cosmetique.png","contentUrl":"https:\/\/www.safinel.fr\/wp-content\/uploads\/2021\/05\/boutique-cosmetique.png","width":800,"height":200,"caption":"Safinel"},"image":{"@id":"https:\/\/www.safinel.fr\/#\/schema\/logo\/image\/"}}]}},"_links":{"self":[{"href":"https:\/\/www.safinel.fr\/es\/wp-json\/wp\/v2\/product\/1668","targetHints":{"allow":["GET"]}}],"collection":[{"href":"https:\/\/www.safinel.fr\/es\/wp-json\/wp\/v2\/product"}],"about":[{"href":"https:\/\/www.safinel.fr\/es\/wp-json\/wp\/v2\/types\/product"}],"wp:featuredmedia":[{"embeddable":true,"href":"https:\/\/www.safinel.fr\/es\/wp-json\/wp\/v2\/media\/1669"}],"wp:attachment":[{"href":"https:\/\/www.safinel.fr\/es\/wp-json\/wp\/v2\/media?parent=1668"}],"wp:term":[{"taxonomy":"product_brand","embeddable":true,"href":"https:\/\/www.safinel.fr\/es\/wp-json\/wp\/v2\/product_brand?post=1668"},{"taxonomy":"product_cat","embeddable":true,"href":"https:\/\/www.safinel.fr\/es\/wp-json\/wp\/v2\/product_cat?post=1668"},{"taxonomy":"product_tag","embeddable":true,"href":"https:\/\/www.safinel.fr\/es\/wp-json\/wp\/v2\/product_tag?post=1668"}],"curies":[{"name":"wp","href":"https:\/\/api.w.org\/{rel}","templated":true}]}}