{"id":1664,"date":"2022-07-06T18:27:02","date_gmt":"2022-07-06T18:27:02","guid":{"rendered":"https:\/\/www.safinel.fr\/?post_type=product&#038;p=1664"},"modified":"2024-02-21T11:03:02","modified_gmt":"2024-02-21T11:03:02","slug":"turkesterona-en-polvo","status":"publish","type":"product","link":"https:\/\/www.safinel.fr\/es\/product-2\/turkesterona-en-polvo\/","title":{"rendered":"Turkesterona en polvo"},"content":{"rendered":"<p>La<strong>\u00a0turkesterona\u00a0<\/strong>\u00bfLe suena? Se trata de un complemento alimenticio descubierto antes de 1960, pero que se ha hecho famoso recientemente. Utilizado principalmente en Europa del Este, el mundo occidental est\u00e1 descubriendo ahora sus beneficios. As\u00ed que ahora le toca a usted descubrir qu\u00e9<strong>\u00a0turkestrone.<\/strong><\/p>\n<h2><strong>\u00bfQu\u00e9 es la turkesterona?\u00a0<\/strong><\/h2>\n<p>La turkesterona es un\u00a0<strong>sustancia de la familia de los ecdisteroides<\/strong>. Se encuentran en los insectos, donde act\u00faan como factores de crecimiento. Su nombre deriva de la palabra ecdise, que es el cambio de caparaz\u00f3n de los insectos por crecimiento. Adem\u00e1s, muchas plantas contienen ecdisteroides. En el caso de \u00e9stas, estas sustancias proporcionan protecci\u00f3n contra insectos depredadores inadecuados.<\/p>\n<p>Aunque\u00a0<strong>numerosas plantas\u00a0<\/strong>contienen turkesterona y otros ecdisteroides, estos \u00faltimos aparecen en peque\u00f1as cantidades. Esto hace que sean imposibles de extraer. En consecuencia, este producto, consumido como suplemento, se extrae f\u00e1cilmente de plantas como la Ajuga turkestanica y la Rhaponticum carthamoides. De hecho, estas plantas tienen una mayor concentraci\u00f3n de la sustancia, lo que permite una extracci\u00f3n con un mayor rendimiento.<\/p>\n<p>Los efectos de estas sustancias en el cuerpo humano se deben a que son estructuralmente similares a los esteroides androg\u00e9nicos, las hormonas masculinas.<\/p>\n<p>Es m\u00e1s, entendamos por qu\u00e9 este producto es muy utilizado en el mundo del fitness.<\/p>\n<h2><strong>\u00bfPara qu\u00e9 se utiliza la turkesterona?\u00a0<\/strong><\/h2>\n<p>El principal efecto de esta sustancia en el cuerpo humano llama la atenci\u00f3n. Promete\u00a0<strong>conducen al anabolismo<\/strong>, que es ganar masa corporal magra. Y todo ello sin los efectos secundarios de las hormonas derivadas de la testosterona. Este es el sue\u00f1o de muchos practicantes de actividad f\u00edsica que pretenden aumentar la masa muscular, la hipertrofia.<\/p>\n<p>Aunque se utiliza para este fin\u00a0<strong>hormonas andr\u00f3genas\u00a0<\/strong>tienen una serie de efectos secundarios que pueden reducir su seguridad y pueden tener consecuencias.<\/p>\n<p>Por otra parte, el<strong>\u00a0turkesterona<\/strong>\u00a0ayuda a agrandar los m\u00fasculos sin efectos secundarios, incluso a dosis elevadas. Adem\u00e1s de sus efectos sobre los m\u00fasculos, este producto tambi\u00e9n puede proporcionar otros beneficios para la salud. Tambi\u00e9n puede :<\/p>\n<ul>\n<li>El primer paso es reducir los niveles de colesterol; ;<\/li>\n<li>Reducen los niveles de az\u00facar en sangre, ayudando a controlar la diabetes; ;<\/li>\n<li><strong>Mejora el metabolismo de los hidratos de carbono y las grasas, <a href=\"https:\/\/www.safinel.fr\/es\/product-2\/tallos-de-cerezo\/\">ayudando a perder peso<\/a><\/strong>\u00a0;<\/li>\n<li>Mejora la salud hep\u00e1tica, renal e intestinal; ;<\/li>\n<li>Puede tener efectos protectores sobre el tejido nervioso; ;<\/li>\n<li>Adem\u00e1s, mejorar la calidad del sue\u00f1o ;<\/li>\n<li>Aumenta la libido; ;<\/li>\n<li>Efectos antiinflamatorios y antioxidantes; ;<\/li>\n<li>Por \u00faltimo, mejorar el sistema inmunitario.<\/li>\n<\/ul>\n<h2><strong>Centrarse en los efectos anab\u00f3licos de la turkesterona<\/strong><\/h2>\n<p>Aunque se necesitan m\u00e1s estudios en humanos para respaldar mejor los efectos beneficiosos de esta sustancia sobre la ganancia de masa corporal magra y el rendimiento f\u00edsico. Los estudios actuales ya demuestran el gran potencial de esta sustancia.<\/p>\n<p>El principal efecto de este producto notificado que conduce al anabolismo es el\u2019<strong>aumento de la s\u00edntesis proteica<\/strong>. Esto se debe a que el m\u00fasculo se compone esencialmente de prote\u00ednas, lo que facilita la formaci\u00f3n de tejido muscular, lo que se conoce como hipertrofia. Este efecto no parece deberse a la activaci\u00f3n directa de los receptores de andr\u00f3genos ni a un aumento de los niveles de testosterona.<\/p>\n<p>Adem\u00e1s, ciertos estudios han demostrado que podr\u00eda producirse un aumento de la concentraci\u00f3n de gluc\u00f3geno muscular. Adem\u00e1s de estimular la s\u00edntesis de ATP, una mol\u00e9cula que almacena la energ\u00eda producida por las c\u00e9lulas. Esto significa m\u00e1s energ\u00eda disponible para las contracciones musculares y una mejora del rendimiento f\u00edsico. Del mismo modo, un entrenamiento m\u00e1s intenso favorece una mayor estimulaci\u00f3n de la s\u00edntesis de prote\u00ednas.<\/p>\n<p>Otra ventaja para\u00a0<strong>condici\u00f3n f\u00edsica muscular\u00a0<\/strong>ser\u00eda ayudar a eliminar el \u00e1cido l\u00e1ctico, producido por el metabolismo. Y que puede alterar la contracci\u00f3n de las fibras musculares. Esto conduce a una reducci\u00f3n de la fatiga muscular.<\/p>\n<h2><strong>\u00bfCu\u00e1les son los efectos secundarios de este producto?\u00a0<\/strong><\/h2>\n<p>Hasta ahora,\u00a0<strong>sin efectos secundarios<\/strong>\u00a0en todos los estudios. De hecho, no se produjo ning\u00fan cambio en los par\u00e1metros influidos por los niveles de hormonas sexuales. Como el desarrollo de la pr\u00f3stata y las ves\u00edculas seminales en las ratas macho y ning\u00fan efecto en el \u00fatero de las ratas. Y ning\u00fan efecto sobre los niveles de testosterona o estr\u00f3genos.<\/p>\n<p>Los ecdisteroides son seguros para uso oral. La \u00fanica recomendaci\u00f3n es que la turkesteorne se tome con determinadas comidas. Puede provocar n\u00e1useas con el est\u00f3mago vac\u00edo.<\/p>\n<p>Del mismo modo, si est\u00e1 tomando alg\u00fan medicamento o tratamiento, es mejor que consulte a un m\u00e9dico, como con cualquier otro suplemento.<\/p>\n<h2><strong>\u00bfC\u00f3mo se utiliza la turkesterona?\u00a0<\/strong><\/h2>\n<p>La dosis var\u00eda de\u00a0<strong>200 a 300 mg<\/strong>. De hecho, esto es generalmente lo que se utiliza para el objetivo m\u00e1s com\u00fan, que es ganar masa corporal magra. Sin embargo, sigue siendo preferible buscar el consejo de su m\u00e9dico y nutricionista para entender la mejor dosis para usted.<\/p>\n<p>Tambi\u00e9n es importante recordar que tomar cualquier suplemento sin el nivel adecuado de actividad f\u00edsica y una dieta equilibrada no dar\u00e1 resultados. Debe combinarse con actividad f\u00edsica para maximizar sus efectos. Tambi\u00e9n es importante tener una ingesta suficiente de nutrientes, que ser\u00e1n la materia prima para los cambios en su cuerpo.<\/p>\n<p>Por \u00faltimo, cada persona puede reaccionar de forma diferente a la suplementaci\u00f3n con turkesterona, como ocurre con muchos suplementos e incluso medicamentos. Por lo tanto, consulte a su m\u00e9dico o nutricionista y h\u00e1gase una prueba para saber si es beneficioso y saludable para usted.<\/p>\n<h3><strong>Conclusi\u00f3n sobre la turkesterona\u00a0<\/strong><\/h3>\n<p>Como acabamos de ver,<strong>\u00a0turkesterona<\/strong>\u00a0es un ecdisteroide prometedor y sigue siendo un producto muy popular en el mercado actual.<\/p>\n<p>Aunque su eficacia ha quedado demostrada en estudios con animales, a\u00fan no existen investigaciones en profundidad en seres humanos que avalen su eficacia.<\/p>\n<p>No obstante, muchas personas parecen obtener excelentes resultados tomando turkesterona. En t\u00e9rminos de masa muscular y fuerza. Esto animar\u00e1 a muchos deportistas a probarla.<\/p>","protected":false},"excerpt":{"rendered":"<p>\u00bfTe suena la turkesterona? Se trata de un complemento alimenticio descubierto antes de 1960, pero que recientemente se ha hecho famoso. Utilizado principalmente en los pa\u00edses del Este, \u00a1el mundo occidental est\u00e1 descubriendo ahora sus ventajas! Por eso, ahora le toca a usted descubrir qu\u00e9 es la turkesterona. \u00bfQu\u00e9 es la turkesterona?  La turkesterona es una sustancia de [\u2026]","protected":false},"featured_media":1667,"template":"","meta":[],"product_brand":[],"product_cat":[15],"product_tag":[],"class_list":{"0":"post-1664","1":"product","2":"type-product","3":"status-publish","4":"has-post-thumbnail","6":"product_cat-fertilite","8":"first","9":"outofstock","10":"shipping-taxable","11":"purchasable","12":"product-type-variable"},"yoast_head":"<!-- This site is optimized with the Yoast SEO plugin v26.6 - https:\/\/yoast.com\/wordpress\/plugins\/seo\/ -->\n<title>Turkesterone en poudre I Contenance 100g I Achat rapide en ligne<\/title>\n<meta name=\"description\" content=\"La\u00a0turkesterone\u00a0\u00e7a vous dit quelque chose ? Il s\u2019agit d\u2019un compl\u00e9ment alimentaire d\u00e9couvert avant 1960, mais que r\u00e9cemment devenu c\u00e9l\u00e8bre.\" \/>\n<meta name=\"robots\" content=\"index, follow, max-snippet:-1, max-image-preview:large, max-video-preview:-1\" \/>\n<link rel=\"canonical\" href=\"https:\/\/www.safinel.fr\/es\/product-2\/turkesterona-en-polvo\/\" \/>\n<meta property=\"og:locale\" content=\"es_ES\" \/>\n<meta property=\"og:type\" content=\"article\" \/>\n<meta property=\"og:title\" content=\"Turkesterone en poudre I Contenance 100g I Achat rapide en ligne\" \/>\n<meta property=\"og:description\" content=\"La\u00a0turkesterone\u00a0\u00e7a vous dit quelque chose ? Il s\u2019agit d\u2019un compl\u00e9ment alimentaire d\u00e9couvert avant 1960, mais que r\u00e9cemment devenu c\u00e9l\u00e8bre.\" \/>\n<meta property=\"og:url\" content=\"https:\/\/www.safinel.fr\/es\/product-2\/turkesterona-en-polvo\/\" \/>\n<meta property=\"og:site_name\" content=\"Safinel\" \/>\n<meta property=\"article:modified_time\" content=\"2024-02-21T11:03:02+00:00\" \/>\n<meta property=\"og:image\" content=\"https:\/\/www.safinel.fr\/wp-content\/uploads\/2022\/07\/turkesterone.jpg\" \/>\n\t<meta property=\"og:image:width\" content=\"600\" \/>\n\t<meta property=\"og:image:height\" content=\"600\" \/>\n\t<meta property=\"og:image:type\" content=\"image\/jpeg\" \/>\n<meta name=\"twitter:card\" content=\"summary_large_image\" \/>\n<meta name=\"twitter:label1\" content=\"Tiempo de lectura\" \/>\n\t<meta name=\"twitter:data1\" content=\"6 minutos\" \/>\n<script type=\"application\/ld+json\" class=\"yoast-schema-graph\">{\"@context\":\"https:\/\/schema.org\",\"@graph\":[{\"@type\":\"WebPage\",\"@id\":\"https:\/\/www.safinel.fr\/produit\/turkesterone-en-poudre\/\",\"url\":\"https:\/\/www.safinel.fr\/produit\/turkesterone-en-poudre\/\",\"name\":\"Turkesterone en poudre I Contenance 100g I Achat rapide en ligne\",\"isPartOf\":{\"@id\":\"https:\/\/www.safinel.fr\/#website\"},\"primaryImageOfPage\":{\"@id\":\"https:\/\/www.safinel.fr\/produit\/turkesterone-en-poudre\/#primaryimage\"},\"image\":{\"@id\":\"https:\/\/www.safinel.fr\/produit\/turkesterone-en-poudre\/#primaryimage\"},\"thumbnailUrl\":\"https:\/\/www.safinel.fr\/wp-content\/uploads\/2022\/07\/turkesterone.jpg\",\"datePublished\":\"2022-07-06T18:27:02+00:00\",\"dateModified\":\"2024-02-21T11:03:02+00:00\",\"description\":\"La\u00a0turkesterone\u00a0\u00e7a vous dit quelque chose ? Il s\u2019agit d\u2019un compl\u00e9ment alimentaire d\u00e9couvert avant 1960, mais que r\u00e9cemment devenu c\u00e9l\u00e8bre.\",\"breadcrumb\":{\"@id\":\"https:\/\/www.safinel.fr\/produit\/turkesterone-en-poudre\/#breadcrumb\"},\"inLanguage\":\"es\",\"potentialAction\":[{\"@type\":\"ReadAction\",\"target\":[\"https:\/\/www.safinel.fr\/produit\/turkesterone-en-poudre\/\"]}]},{\"@type\":\"ImageObject\",\"inLanguage\":\"es\",\"@id\":\"https:\/\/www.safinel.fr\/produit\/turkesterone-en-poudre\/#primaryimage\",\"url\":\"https:\/\/www.safinel.fr\/wp-content\/uploads\/2022\/07\/turkesterone.jpg\",\"contentUrl\":\"https:\/\/www.safinel.fr\/wp-content\/uploads\/2022\/07\/turkesterone.jpg\",\"width\":600,\"height\":600,\"caption\":\"Turkesterone en poudre\"},{\"@type\":\"BreadcrumbList\",\"@id\":\"https:\/\/www.safinel.fr\/produit\/turkesterone-en-poudre\/#breadcrumb\",\"itemListElement\":[{\"@type\":\"ListItem\",\"position\":1,\"name\":\"Accueil\",\"item\":\"https:\/\/www.safinel.fr\/\"},{\"@type\":\"ListItem\",\"position\":2,\"name\":\"Boutique\",\"item\":\"https:\/\/www.safinel.fr\/boutique\/\"},{\"@type\":\"ListItem\",\"position\":3,\"name\":\"Turkesterone en poudre\"}]},{\"@type\":\"WebSite\",\"@id\":\"https:\/\/www.safinel.fr\/#website\",\"url\":\"https:\/\/www.safinel.fr\/\",\"name\":\"Safinel\",\"description\":\"\",\"publisher\":{\"@id\":\"https:\/\/www.safinel.fr\/#organization\"},\"potentialAction\":[{\"@type\":\"SearchAction\",\"target\":{\"@type\":\"EntryPoint\",\"urlTemplate\":\"https:\/\/www.safinel.fr\/?s={search_term_string}\"},\"query-input\":{\"@type\":\"PropertyValueSpecification\",\"valueRequired\":true,\"valueName\":\"search_term_string\"}}],\"inLanguage\":\"es\"},{\"@type\":\"Organization\",\"@id\":\"https:\/\/www.safinel.fr\/#organization\",\"name\":\"Safinel\",\"url\":\"https:\/\/www.safinel.fr\/\",\"logo\":{\"@type\":\"ImageObject\",\"inLanguage\":\"es\",\"@id\":\"https:\/\/www.safinel.fr\/#\/schema\/logo\/image\/\",\"url\":\"https:\/\/www.safinel.fr\/wp-content\/uploads\/2021\/05\/boutique-cosmetique.png\",\"contentUrl\":\"https:\/\/www.safinel.fr\/wp-content\/uploads\/2021\/05\/boutique-cosmetique.png\",\"width\":800,\"height\":200,\"caption\":\"Safinel\"},\"image\":{\"@id\":\"https:\/\/www.safinel.fr\/#\/schema\/logo\/image\/\"}}]}<\/script>\n<!-- \/ Yoast SEO plugin. -->","yoast_head_json":{"title":"Turkesterona en polvo I Tama\u00f1o 100g I Comprar online r\u00e1pido","description":"\u00bfLe suena la turkesterona? Es un complemento alimenticio descubierto antes de 1960, pero que se ha hecho famoso recientemente.","robots":{"index":"index","follow":"follow","max-snippet":"max-snippet:-1","max-image-preview":"max-image-preview:large","max-video-preview":"max-video-preview:-1"},"canonical":"https:\/\/www.safinel.fr\/es\/product-2\/turkesterona-en-polvo\/","og_locale":"es_ES","og_type":"article","og_title":"Turkesterone en poudre I Contenance 100g I Achat rapide en ligne","og_description":"La\u00a0turkesterone\u00a0\u00e7a vous dit quelque chose ? Il s\u2019agit d\u2019un compl\u00e9ment alimentaire d\u00e9couvert avant 1960, mais que r\u00e9cemment devenu c\u00e9l\u00e8bre.","og_url":"https:\/\/www.safinel.fr\/es\/product-2\/turkesterona-en-polvo\/","og_site_name":"Safinel","article_modified_time":"2024-02-21T11:03:02+00:00","og_image":[{"width":600,"height":600,"url":"https:\/\/www.safinel.fr\/wp-content\/uploads\/2022\/07\/turkesterone.jpg","type":"image\/jpeg"}],"twitter_card":"summary_large_image","twitter_misc":{"Tiempo de lectura":"6 minutos"},"schema":{"@context":"https:\/\/schema.org","@graph":[{"@type":"WebPage","@id":"https:\/\/www.safinel.fr\/produit\/turkesterone-en-poudre\/","url":"https:\/\/www.safinel.fr\/produit\/turkesterone-en-poudre\/","name":"Turkesterona en polvo I Tama\u00f1o 100g I Comprar online r\u00e1pido","isPartOf":{"@id":"https:\/\/www.safinel.fr\/#website"},"primaryImageOfPage":{"@id":"https:\/\/www.safinel.fr\/produit\/turkesterone-en-poudre\/#primaryimage"},"image":{"@id":"https:\/\/www.safinel.fr\/produit\/turkesterone-en-poudre\/#primaryimage"},"thumbnailUrl":"https:\/\/www.safinel.fr\/wp-content\/uploads\/2022\/07\/turkesterone.jpg","datePublished":"2022-07-06T18:27:02+00:00","dateModified":"2024-02-21T11:03:02+00:00","description":"\u00bfLe suena la turkesterona? Es un complemento alimenticio descubierto antes de 1960, pero que se ha hecho famoso recientemente.","breadcrumb":{"@id":"https:\/\/www.safinel.fr\/produit\/turkesterone-en-poudre\/#breadcrumb"},"inLanguage":"es","potentialAction":[{"@type":"ReadAction","target":["https:\/\/www.safinel.fr\/produit\/turkesterone-en-poudre\/"]}]},{"@type":"ImageObject","inLanguage":"es","@id":"https:\/\/www.safinel.fr\/produit\/turkesterone-en-poudre\/#primaryimage","url":"https:\/\/www.safinel.fr\/wp-content\/uploads\/2022\/07\/turkesterone.jpg","contentUrl":"https:\/\/www.safinel.fr\/wp-content\/uploads\/2022\/07\/turkesterone.jpg","width":600,"height":600,"caption":"Turkesterone en poudre"},{"@type":"BreadcrumbList","@id":"https:\/\/www.safinel.fr\/produit\/turkesterone-en-poudre\/#breadcrumb","itemListElement":[{"@type":"ListItem","position":1,"name":"Accueil","item":"https:\/\/www.safinel.fr\/"},{"@type":"ListItem","position":2,"name":"Boutique","item":"https:\/\/www.safinel.fr\/boutique\/"},{"@type":"ListItem","position":3,"name":"Turkesterone en poudre"}]},{"@type":"WebSite","@id":"https:\/\/www.safinel.fr\/#website","url":"https:\/\/www.safinel.fr\/","name":"Safinel","description":"","publisher":{"@id":"https:\/\/www.safinel.fr\/#organization"},"potentialAction":[{"@type":"SearchAction","target":{"@type":"EntryPoint","urlTemplate":"https:\/\/www.safinel.fr\/?s={search_term_string}"},"query-input":{"@type":"PropertyValueSpecification","valueRequired":true,"valueName":"search_term_string"}}],"inLanguage":"es"},{"@type":"Organization","@id":"https:\/\/www.safinel.fr\/#organization","name":"Safinel","url":"https:\/\/www.safinel.fr\/","logo":{"@type":"ImageObject","inLanguage":"es","@id":"https:\/\/www.safinel.fr\/#\/schema\/logo\/image\/","url":"https:\/\/www.safinel.fr\/wp-content\/uploads\/2021\/05\/boutique-cosmetique.png","contentUrl":"https:\/\/www.safinel.fr\/wp-content\/uploads\/2021\/05\/boutique-cosmetique.png","width":800,"height":200,"caption":"Safinel"},"image":{"@id":"https:\/\/www.safinel.fr\/#\/schema\/logo\/image\/"}}]}},"_links":{"self":[{"href":"https:\/\/www.safinel.fr\/es\/wp-json\/wp\/v2\/product\/1664","targetHints":{"allow":["GET"]}}],"collection":[{"href":"https:\/\/www.safinel.fr\/es\/wp-json\/wp\/v2\/product"}],"about":[{"href":"https:\/\/www.safinel.fr\/es\/wp-json\/wp\/v2\/types\/product"}],"wp:featuredmedia":[{"embeddable":true,"href":"https:\/\/www.safinel.fr\/es\/wp-json\/wp\/v2\/media\/1667"}],"wp:attachment":[{"href":"https:\/\/www.safinel.fr\/es\/wp-json\/wp\/v2\/media?parent=1664"}],"wp:term":[{"taxonomy":"product_brand","embeddable":true,"href":"https:\/\/www.safinel.fr\/es\/wp-json\/wp\/v2\/product_brand?post=1664"},{"taxonomy":"product_cat","embeddable":true,"href":"https:\/\/www.safinel.fr\/es\/wp-json\/wp\/v2\/product_cat?post=1664"},{"taxonomy":"product_tag","embeddable":true,"href":"https:\/\/www.safinel.fr\/es\/wp-json\/wp\/v2\/product_tag?post=1664"}],"curies":[{"name":"wp","href":"https:\/\/api.w.org\/{rel}","templated":true}]}}