{"id":16531,"date":"2025-04-21T15:28:49","date_gmt":"2025-04-21T15:28:49","guid":{"rendered":"https:\/\/www.safinel.fr\/?post_type=product&#038;p=16531"},"modified":"2026-01-06T10:31:43","modified_gmt":"2026-01-06T10:31:43","slug":"tamarindo-negro-solom","status":"publish","type":"product","link":"https:\/\/www.safinel.fr\/es\/product-2\/tamarindo-negro-solom\/","title":{"rendered":"Solom (tamarindo negro)"},"content":{"rendered":"<p>Le\u00a0<strong>solom<\/strong>, tambi\u00e9n conocido como \u00e1rbol del tamarindo negro, es un <a href=\"https:\/\/www.safinel.fr\/es\/cacahuete\/\"><strong>\u00e1rbol<\/strong><\/a> del\u2019<strong>\u00e1frica<\/strong>. Aunque a menudo se pasa por alto, esta peque\u00f1a fruta posee algunas cualidades excepcionales que merece la pena explorar. En este art\u00edculo repasamos las virtudes del salm\u00f3n, sus beneficios para la salud y c\u00f3mo incorporarlo a la dieta diaria.<\/p>\n<h2><strong>Origen e historia del solom<\/strong><\/h2>\n<p>El salom\u00f3n tiene sus ra\u00edces en \u00c1frica, donde se cultiva principalmente por sus frutos y semillas. La poblaci\u00f3n local ha utilizado el salom\u00f3n durante siglos, no s\u00f3lo como fuente de alimento, sino tambi\u00e9n por su <strong>propiedades terap\u00e9uticas<\/strong>. De hecho, esta fruta se utiliza desde hace mucho tiempo para tratar diversas dolencias gracias a sus notables propiedades medicinales.<\/p>\n<p>Aunque menos conocido fuera de \u00c1frica, el tamarindo negro est\u00e1 empezando a ganar popularidad en todo el mundo por sus numerosos beneficios para la salud. Es un tesoro escondido que merece especial atenci\u00f3n por su potencial nutricional y medicinal.<\/p>\n<h2><strong>Composici\u00f3n nutricional del salm\u00f3n<\/strong><\/h2>\n<h3><strong>Rico en nutrientes esenciales<\/strong><\/h3>\n<p>El tamarindo negro es especialmente rico en una serie de nutrientes esenciales. Entre ellos se encuentran <strong>glucosa<\/strong> y el <strong>fructosa<\/strong>, que proporcionan al cuerpo energ\u00eda r\u00e1pida, as\u00ed como minerales como <strong>hierro<\/strong>, el <strong>magnesio<\/strong> y el <strong>cobre<\/strong>. Estos elementos desempe\u00f1an un papel crucial en diversos procesos metab\u00f3licos y son esenciales para nuestro bienestar.<\/p>\n<p>Adem\u00e1s de estos componentes, solom tambi\u00e9n contiene <strong>prote\u00ednas<\/strong>, Esta combinaci\u00f3n \u00fanica de nutrientes hace de solom un alimento excepcionalmente completo y beneficioso. Esta combinaci\u00f3n \u00fanica de nutrientes hace del salm\u00f3n un alimento excepcionalmente completo y beneficioso.<\/p>\n<h2><strong>Los beneficios del salm\u00f3n para la salud<\/strong><\/h2>\n<h3><strong>Propiedades antioxidantes<\/strong><\/h3>\n<p>El tamarindo negro es una excelente fuente de antioxidantes. Estos compuestos ayudan a combatir los radicales libres en el organismo, lo que puede reducir el riesgo de enfermedades cr\u00f3nicas como las cardiopat\u00edas y el c\u00e1ncer. Los antioxidantes presentes en el solom incluyen flavonoides y polifenoles, que confieren a esta fruta sus atributos protectores.<\/p>\n<p>Adem\u00e1s, las propiedades antioxidantes se ven reforzadas por la presencia de vitaminas, en particular la vitamina C, que desempe\u00f1a un papel clave en la protecci\u00f3n de las c\u00e9lulas frente al da\u00f1o oxidativo.<\/p>\n<h3><strong>Apoyo inmunitario y control de la fiebre<\/strong><\/h3>\n<p>Otro beneficio importante del salm\u00f3n es su capacidad para reforzar el sistema inmunitario. Gracias a su riqueza en nutrientes esenciales y compuestos bioactivos, el tamarindo negro ayuda a reforzar las defensas naturales del organismo. Algunos remedios tradicionales africanos utilizan el solom para reducir <strong>fiebre<\/strong> y estimulan el sistema inmunitario durante las enfermedades infecciosas.<\/p>\n<p>Este uso tradicional se ve respaldado por observaciones modernas que demuestran que el salom\u00f3n puede tener efectos moduladores sobre el sistema inmunitario. Por lo tanto, el consumo regular de salvia puede ayudar a mantener un buen estado de salud general y a prevenir diversas infecciones.<\/p>\n<h2><strong>\u00bfC\u00f3mo puede incluir el tamarindo negro en su dieta?<\/strong><\/h2>\n<h3><strong>Consumo directo y recetas sencillas<\/strong><\/h3>\n<p>El tamarindo negro puede comerse directamente como fruta fresca o seca. Puede a\u00f1adirse a diversas recetas para enriquecer los platos con su sabor \u00fanico y sus beneficios nutricionales.<\/p>\n<p>He aqu\u00ed algunas sugerencias para incluir el salm\u00f3n en su dieta:<\/p>\n<ul>\n<li>A\u00f1ada trozos de tamarindo negro seco a sus ensaladas para darles un sabor ex\u00f3tico y una textura crujiente.<\/li>\n<li>A\u00f1adir el solom a <strong>tus batidos<\/strong> para obtener m\u00e1s antioxidantes y energ\u00eda.<\/li>\n<li>Utilice el salm\u00f3n en compota o como ingrediente en sus postres favoritos.<\/li>\n<\/ul>\n<h3><strong>Preparaci\u00f3n de bebidas a base de salm\u00f3n<\/strong><\/h3>\n<p>El salom\u00f3n tambi\u00e9n puede utilizarse para preparar bebidas refrescantes y nutritivas. Por ejemplo, una infusi\u00f3n de salom\u00f3n puede servir como alternativa natural a las bebidas azucaradas tradicionales. Para preparar esta bebida<\/p>\n<ol>\n<li>Hervir trozos de salvia en agua durante unos 10 o 15 minutos.<\/li>\n<li>Dejar enfriar la mezcla antes de colarla para eliminar los trozos s\u00f3lidos.<\/li>\n<li>A\u00f1adir miel o zumo de lim\u00f3n al gusto.<\/li>\n<\/ol>\n<p>Esta bebida no s\u00f3lo es deliciosa, sino que tambi\u00e9n es buena para la salud gracias a la concentraci\u00f3n de nutrientes que contiene.<\/p>\n<p>En conclusi\u00f3n (sin formular expl\u00edcitamente una conclusi\u00f3n), el salom\u00f3n, o tamarindo negro, es un verdadero tesoro en materia de salud y nutrici\u00f3n. Originaria de \u00c1frica, esta fruta poco conocida ofrece una riqueza insospechada de nutrientes como glucosa, fructosa, hierro, magnesio, cobre y prote\u00ednas esenciales para una dieta equilibrada.<\/p>\n<p>Su capacidad para reforzar el sistema inmunitario y combatir la fiebre lo convierten en un aliado ideal para mejorar nuestro bienestar general. Incorporar el tamarindo negro a nuestra dieta diaria, ya sea a trav\u00e9s de sabrosos platos o de infusiones revitalizantes, es un paso sencillo con m\u00faltiples beneficios.<\/p>\n<p>A medida que la investigaci\u00f3n sigue desvelando sus secretos, no cabe duda de que el salm\u00f3n puede desempe\u00f1ar un papel clave en nuestra b\u00fasqueda de una mejor salud natural.<\/p>","protected":false},"excerpt":{"rendered":"<p>El solom, tambi\u00e9n conocido como tamarindo negro, es un \u00e1rbol poco conocido originario de \u00c1frica. Esta peque\u00f1a fruta, a menudo pasada por alto, posee sin embargo cualidades excepcionales que merecen ser exploradas. En este art\u00edculo, vamos a profundizar en las diversas virtudes del solom, sus beneficios para la salud y c\u00f3mo puede integrarse en su alimentaci\u00f3n diaria. Origen [\u2026]","protected":false},"featured_media":16532,"template":"","meta":[],"product_brand":[],"product_cat":[59],"product_tag":[],"class_list":{"0":"post-16531","1":"product","2":"type-product","3":"status-publish","4":"has-post-thumbnail","6":"product_cat-fruit-tropical","8":"first","9":"outofstock","10":"shipping-taxable","11":"purchasable","12":"product-type-variable"},"yoast_head":"<!-- This site is optimized with the Yoast SEO plugin v26.6 - https:\/\/yoast.com\/wordpress\/plugins\/seo\/ -->\n<title>Solom (Tamarinier noir) | Bienfaits nombreux | Achat rapide<\/title>\n<meta name=\"description\" content=\"Le\u00a0solom, aussi appel\u00e9 tamarinier noir, est un arbre peu connu originaire de l&#039;Afrique. faites son acquisition en quelques clics !\" \/>\n<meta name=\"robots\" content=\"index, follow, max-snippet:-1, max-image-preview:large, max-video-preview:-1\" \/>\n<link rel=\"canonical\" href=\"https:\/\/www.safinel.fr\/es\/product-2\/tamarindo-negro-solom\/\" \/>\n<meta property=\"og:locale\" content=\"es_ES\" \/>\n<meta property=\"og:type\" content=\"article\" \/>\n<meta property=\"og:title\" content=\"Solom (Tamarinier noir) | Bienfaits nombreux | Achat rapide\" \/>\n<meta property=\"og:description\" content=\"Le\u00a0solom, aussi appel\u00e9 tamarinier noir, est un arbre peu connu originaire de l&#039;Afrique. faites son acquisition en quelques clics !\" \/>\n<meta property=\"og:url\" content=\"https:\/\/www.safinel.fr\/es\/product-2\/tamarindo-negro-solom\/\" \/>\n<meta property=\"og:site_name\" content=\"Safinel\" \/>\n<meta property=\"article:modified_time\" content=\"2026-01-06T10:31:43+00:00\" \/>\n<meta property=\"og:image\" content=\"https:\/\/www.safinel.fr\/wp-content\/uploads\/2025\/04\/solom-tamarinier-noir-.jpg\" \/>\n\t<meta property=\"og:image:width\" content=\"600\" \/>\n\t<meta property=\"og:image:height\" content=\"600\" \/>\n\t<meta property=\"og:image:type\" content=\"image\/jpeg\" \/>\n<meta name=\"twitter:card\" content=\"summary_large_image\" \/>\n<meta name=\"twitter:label1\" content=\"Tiempo de lectura\" \/>\n\t<meta name=\"twitter:data1\" content=\"4 minutos\" \/>\n<script type=\"application\/ld+json\" class=\"yoast-schema-graph\">{\"@context\":\"https:\/\/schema.org\",\"@graph\":[{\"@type\":\"WebPage\",\"@id\":\"https:\/\/www.safinel.fr\/produit\/solom-tamarinier-noir\/\",\"url\":\"https:\/\/www.safinel.fr\/produit\/solom-tamarinier-noir\/\",\"name\":\"Solom (Tamarinier noir) | Bienfaits nombreux | Achat rapide\",\"isPartOf\":{\"@id\":\"https:\/\/www.safinel.fr\/#website\"},\"primaryImageOfPage\":{\"@id\":\"https:\/\/www.safinel.fr\/produit\/solom-tamarinier-noir\/#primaryimage\"},\"image\":{\"@id\":\"https:\/\/www.safinel.fr\/produit\/solom-tamarinier-noir\/#primaryimage\"},\"thumbnailUrl\":\"https:\/\/www.safinel.fr\/wp-content\/uploads\/2025\/04\/solom-tamarinier-noir-.jpg\",\"datePublished\":\"2025-04-21T15:28:49+00:00\",\"dateModified\":\"2026-01-06T10:31:43+00:00\",\"description\":\"Le\u00a0solom, aussi appel\u00e9 tamarinier noir, est un arbre peu connu originaire de l'Afrique. faites son acquisition en quelques clics !\",\"breadcrumb\":{\"@id\":\"https:\/\/www.safinel.fr\/produit\/solom-tamarinier-noir\/#breadcrumb\"},\"inLanguage\":\"es\",\"potentialAction\":[{\"@type\":\"ReadAction\",\"target\":[\"https:\/\/www.safinel.fr\/produit\/solom-tamarinier-noir\/\"]}]},{\"@type\":\"ImageObject\",\"inLanguage\":\"es\",\"@id\":\"https:\/\/www.safinel.fr\/produit\/solom-tamarinier-noir\/#primaryimage\",\"url\":\"https:\/\/www.safinel.fr\/wp-content\/uploads\/2025\/04\/solom-tamarinier-noir-.jpg\",\"contentUrl\":\"https:\/\/www.safinel.fr\/wp-content\/uploads\/2025\/04\/solom-tamarinier-noir-.jpg\",\"width\":600,\"height\":600,\"caption\":\"Solom (Tamarinier noir)\"},{\"@type\":\"BreadcrumbList\",\"@id\":\"https:\/\/www.safinel.fr\/produit\/solom-tamarinier-noir\/#breadcrumb\",\"itemListElement\":[{\"@type\":\"ListItem\",\"position\":1,\"name\":\"Accueil\",\"item\":\"https:\/\/www.safinel.fr\/\"},{\"@type\":\"ListItem\",\"position\":2,\"name\":\"Boutique\",\"item\":\"https:\/\/www.safinel.fr\/boutique\/\"},{\"@type\":\"ListItem\",\"position\":3,\"name\":\"Solom (Tamarinier noir)\"}]},{\"@type\":\"WebSite\",\"@id\":\"https:\/\/www.safinel.fr\/#website\",\"url\":\"https:\/\/www.safinel.fr\/\",\"name\":\"Safinel\",\"description\":\"\",\"publisher\":{\"@id\":\"https:\/\/www.safinel.fr\/#organization\"},\"potentialAction\":[{\"@type\":\"SearchAction\",\"target\":{\"@type\":\"EntryPoint\",\"urlTemplate\":\"https:\/\/www.safinel.fr\/?s={search_term_string}\"},\"query-input\":{\"@type\":\"PropertyValueSpecification\",\"valueRequired\":true,\"valueName\":\"search_term_string\"}}],\"inLanguage\":\"es\"},{\"@type\":\"Organization\",\"@id\":\"https:\/\/www.safinel.fr\/#organization\",\"name\":\"Safinel\",\"url\":\"https:\/\/www.safinel.fr\/\",\"logo\":{\"@type\":\"ImageObject\",\"inLanguage\":\"es\",\"@id\":\"https:\/\/www.safinel.fr\/#\/schema\/logo\/image\/\",\"url\":\"https:\/\/www.safinel.fr\/wp-content\/uploads\/2021\/05\/boutique-cosmetique.png\",\"contentUrl\":\"https:\/\/www.safinel.fr\/wp-content\/uploads\/2021\/05\/boutique-cosmetique.png\",\"width\":800,\"height\":200,\"caption\":\"Safinel\"},\"image\":{\"@id\":\"https:\/\/www.safinel.fr\/#\/schema\/logo\/image\/\"}}]}<\/script>\n<!-- \/ Yoast SEO plugin. -->","yoast_head_json":{"title":"Solom (Tamarindo negro) | Muchos beneficios | Compra r\u00e1pida","description":"El salom\u00f3n, tambi\u00e9n conocido como tamarindo negro, es un \u00e1rbol poco conocido originario de \u00c1frica. \u00a1C\u00f3mprelo en unos pocos clics!","robots":{"index":"index","follow":"follow","max-snippet":"max-snippet:-1","max-image-preview":"max-image-preview:large","max-video-preview":"max-video-preview:-1"},"canonical":"https:\/\/www.safinel.fr\/es\/product-2\/tamarindo-negro-solom\/","og_locale":"es_ES","og_type":"article","og_title":"Solom (Tamarinier noir) | Bienfaits nombreux | Achat rapide","og_description":"Le\u00a0solom, aussi appel\u00e9 tamarinier noir, est un arbre peu connu originaire de l'Afrique. faites son acquisition en quelques clics !","og_url":"https:\/\/www.safinel.fr\/es\/product-2\/tamarindo-negro-solom\/","og_site_name":"Safinel","article_modified_time":"2026-01-06T10:31:43+00:00","og_image":[{"width":600,"height":600,"url":"https:\/\/www.safinel.fr\/wp-content\/uploads\/2025\/04\/solom-tamarinier-noir-.jpg","type":"image\/jpeg"}],"twitter_card":"summary_large_image","twitter_misc":{"Tiempo de lectura":"4 minutos"},"schema":{"@context":"https:\/\/schema.org","@graph":[{"@type":"WebPage","@id":"https:\/\/www.safinel.fr\/produit\/solom-tamarinier-noir\/","url":"https:\/\/www.safinel.fr\/produit\/solom-tamarinier-noir\/","name":"Solom (Tamarindo negro) | Muchos beneficios | Compra r\u00e1pida","isPartOf":{"@id":"https:\/\/www.safinel.fr\/#website"},"primaryImageOfPage":{"@id":"https:\/\/www.safinel.fr\/produit\/solom-tamarinier-noir\/#primaryimage"},"image":{"@id":"https:\/\/www.safinel.fr\/produit\/solom-tamarinier-noir\/#primaryimage"},"thumbnailUrl":"https:\/\/www.safinel.fr\/wp-content\/uploads\/2025\/04\/solom-tamarinier-noir-.jpg","datePublished":"2025-04-21T15:28:49+00:00","dateModified":"2026-01-06T10:31:43+00:00","description":"El salom\u00f3n, tambi\u00e9n conocido como tamarindo negro, es un \u00e1rbol poco conocido originario de \u00c1frica. \u00a1C\u00f3mprelo en unos pocos clics!","breadcrumb":{"@id":"https:\/\/www.safinel.fr\/produit\/solom-tamarinier-noir\/#breadcrumb"},"inLanguage":"es","potentialAction":[{"@type":"ReadAction","target":["https:\/\/www.safinel.fr\/produit\/solom-tamarinier-noir\/"]}]},{"@type":"ImageObject","inLanguage":"es","@id":"https:\/\/www.safinel.fr\/produit\/solom-tamarinier-noir\/#primaryimage","url":"https:\/\/www.safinel.fr\/wp-content\/uploads\/2025\/04\/solom-tamarinier-noir-.jpg","contentUrl":"https:\/\/www.safinel.fr\/wp-content\/uploads\/2025\/04\/solom-tamarinier-noir-.jpg","width":600,"height":600,"caption":"Solom (Tamarinier noir)"},{"@type":"BreadcrumbList","@id":"https:\/\/www.safinel.fr\/produit\/solom-tamarinier-noir\/#breadcrumb","itemListElement":[{"@type":"ListItem","position":1,"name":"Accueil","item":"https:\/\/www.safinel.fr\/"},{"@type":"ListItem","position":2,"name":"Boutique","item":"https:\/\/www.safinel.fr\/boutique\/"},{"@type":"ListItem","position":3,"name":"Solom (Tamarinier noir)"}]},{"@type":"WebSite","@id":"https:\/\/www.safinel.fr\/#website","url":"https:\/\/www.safinel.fr\/","name":"Safinel","description":"","publisher":{"@id":"https:\/\/www.safinel.fr\/#organization"},"potentialAction":[{"@type":"SearchAction","target":{"@type":"EntryPoint","urlTemplate":"https:\/\/www.safinel.fr\/?s={search_term_string}"},"query-input":{"@type":"PropertyValueSpecification","valueRequired":true,"valueName":"search_term_string"}}],"inLanguage":"es"},{"@type":"Organization","@id":"https:\/\/www.safinel.fr\/#organization","name":"Safinel","url":"https:\/\/www.safinel.fr\/","logo":{"@type":"ImageObject","inLanguage":"es","@id":"https:\/\/www.safinel.fr\/#\/schema\/logo\/image\/","url":"https:\/\/www.safinel.fr\/wp-content\/uploads\/2021\/05\/boutique-cosmetique.png","contentUrl":"https:\/\/www.safinel.fr\/wp-content\/uploads\/2021\/05\/boutique-cosmetique.png","width":800,"height":200,"caption":"Safinel"},"image":{"@id":"https:\/\/www.safinel.fr\/#\/schema\/logo\/image\/"}}]}},"_links":{"self":[{"href":"https:\/\/www.safinel.fr\/es\/wp-json\/wp\/v2\/product\/16531","targetHints":{"allow":["GET"]}}],"collection":[{"href":"https:\/\/www.safinel.fr\/es\/wp-json\/wp\/v2\/product"}],"about":[{"href":"https:\/\/www.safinel.fr\/es\/wp-json\/wp\/v2\/types\/product"}],"wp:featuredmedia":[{"embeddable":true,"href":"https:\/\/www.safinel.fr\/es\/wp-json\/wp\/v2\/media\/16532"}],"wp:attachment":[{"href":"https:\/\/www.safinel.fr\/es\/wp-json\/wp\/v2\/media?parent=16531"}],"wp:term":[{"taxonomy":"product_brand","embeddable":true,"href":"https:\/\/www.safinel.fr\/es\/wp-json\/wp\/v2\/product_brand?post=16531"},{"taxonomy":"product_cat","embeddable":true,"href":"https:\/\/www.safinel.fr\/es\/wp-json\/wp\/v2\/product_cat?post=16531"},{"taxonomy":"product_tag","embeddable":true,"href":"https:\/\/www.safinel.fr\/es\/wp-json\/wp\/v2\/product_tag?post=16531"}],"curies":[{"name":"wp","href":"https:\/\/api.w.org\/{rel}","templated":true}]}}