{"id":1608,"date":"2022-07-01T08:59:08","date_gmt":"2022-07-01T08:59:08","guid":{"rendered":"https:\/\/www.safinel.fr\/?post_type=product&#038;p=1608"},"modified":"2023-12-30T13:26:37","modified_gmt":"2023-12-30T13:26:37","slug":"suero-antiacne-de-comino-negro","status":"publish","type":"product","link":"https:\/\/www.safinel.fr\/es\/product-2\/suero-antiacne-de-comino-negro\/","title":{"rendered":"Suero antiacn\u00e9 comino negro 50 ml"},"content":{"rendered":"<p>\u00bfY si llegara el momento de decir adi\u00f3s al acn\u00e9 y a otros problemas de la piel? Conoce el\u00a0<strong>aceite de comino negro suero para el acn\u00e9<\/strong>\u00a0y d\u00e9jate seducir por esta maravilla.<\/p>\n<h2><strong>El suero antiacn\u00e9 de comino negro en primer plano\u00a0<\/strong><\/h2>\n<p>Sabemos lo importante que es para ti tu aspecto. Y a veces, los caprichos de la vida hacen que algunas pieles sean un poco m\u00e1s fr\u00e1giles que otras. Por eso, tu boutique de bienestar online quiere promover la\u00a0<strong>suero antiacn\u00e9 de comino negro<\/strong>\u00a0\u00a1! Si ya ha perdido la esperanza, perm\u00edtanos presentarle esto\u00a0<strong>depurador natural<\/strong>.<\/p>\n<p>Sin m\u00e1s pre\u00e1mbulos, descubra una botella cl\u00e1sica. El frasco transparente revela el codiciado elixir. Su envase de 50 ml y su pipeta son indispensables para un uso duradero.<\/p>\n<p>Ahora que sabe m\u00e1s sobre este producto, \u00bfpor qu\u00e9 no entra en el meollo de la cuesti\u00f3n?<\/p>\n<h2><strong>Suero de aceite de comino negro para el acn\u00e9: un beneficio para la piel\u00a0<\/strong><\/h2>\n<p>Todos sabemos lo dif\u00edcil que es tener un<strong>\u00a0piel expuesta<\/strong>\u00a0a ciertas imperfecciones, como por ejemplo\u00a0<strong>botones negros<\/strong>\u00a0o acn\u00e9. No se preocupe, \u00a1su tienda de bienestar probablemente tenga el producto que busca!<\/p>\n<p>Hablamos, por supuesto, del famoso s\u00e9rum antiacn\u00e9 de aceite de comino negro. Es conocido por tratar <strong>piel grasa<\/strong>\u00a0sino tambi\u00e9n para limpiar y\u00a0<strong>purificar la piel<\/strong>.<\/p>\n<p>Como puede ver, este elixir natural es ideal para las pieles delicadas.<\/p>\n<h3><strong>Consejos pr\u00e1cticos de su tienda Safinel\u00a0<\/strong><\/h3>\n<p>Si quieres aprovechar este s\u00e9rum de aceite de comino negro contra el acn\u00e9 y disfrutar de sus beneficios, te recomendamos que primero limpies bien tu piel. A continuaci\u00f3n, con ayuda de la pipeta, vierte 3 gotas en la palma de la mano y apl\u00edcatelo en el rostro.<\/p>\n<p>Hazlo por la ma\u00f1ana despu\u00e9s de la limpieza y por la noche antes de acostarte. Adem\u00e1s, por el bien de tu piel, puedes utilizar el<strong>\u00a0<a href=\"https:\/\/www.safinel.fr\/es\/product-2\/manteca-de-karite-cruda-ecologica-certificada-100ml\/\">manteca de karit\u00e9 vegetal<\/a><\/strong>\u00a0!<\/p>","protected":false},"excerpt":{"rendered":"<p>\u00bfY si llegara el momento de decir adi\u00f3s al acn\u00e9 y a otros problemas de la piel? Conoce el s\u00e9rum antiacn\u00e9 de aceite de comino negro y d\u00e9jate seducir por esta maravilla. C\u00e9ntrate en el s\u00e9rum antiacn\u00e9 de comino negro Sabemos lo importante que es para ti tu aspecto. Y a veces, los azares de la vida hacen que ciertos [...]","protected":false},"featured_media":1609,"template":"","meta":[],"product_brand":[],"product_cat":[41],"product_tag":[],"class_list":{"0":"post-1608","1":"product","2":"type-product","3":"status-publish","4":"has-post-thumbnail","6":"product_cat-produits-naturels-divers","8":"first","9":"instock","10":"shipping-taxable","11":"purchasable","12":"product-type-simple"},"yoast_head":"<!-- This site is optimized with the Yoast SEO plugin v26.6 - https:\/\/yoast.com\/wordpress\/plugins\/seo\/ -->\n<title>Huile de nigelle acn\u00e9 I Prenez soin de votre visage naturellement<\/title>\n<meta name=\"description\" content=\"Et s\u2019il \u00e9tait temps de dire stop \u00e0 l\u2019acn\u00e9 et autres probl\u00e8mes de peau ? Faites la rencontre du\u00a0s\u00e9rum huile de nigelle acn\u00e9 !\" \/>\n<meta name=\"robots\" content=\"index, follow, max-snippet:-1, max-image-preview:large, max-video-preview:-1\" \/>\n<link rel=\"canonical\" href=\"https:\/\/www.safinel.fr\/es\/product-2\/suero-antiacne-de-comino-negro\/\" \/>\n<meta property=\"og:locale\" content=\"es_ES\" \/>\n<meta property=\"og:type\" content=\"article\" \/>\n<meta property=\"og:title\" content=\"Huile de nigelle acn\u00e9 I Prenez soin de votre visage naturellement\" \/>\n<meta property=\"og:description\" content=\"Et s\u2019il \u00e9tait temps de dire stop \u00e0 l\u2019acn\u00e9 et autres probl\u00e8mes de peau ? Faites la rencontre du\u00a0s\u00e9rum huile de nigelle acn\u00e9 !\" \/>\n<meta property=\"og:url\" content=\"https:\/\/www.safinel.fr\/es\/product-2\/suero-antiacne-de-comino-negro\/\" \/>\n<meta property=\"og:site_name\" content=\"Safinel\" \/>\n<meta property=\"article:modified_time\" content=\"2023-12-30T13:26:37+00:00\" \/>\n<meta property=\"og:image\" content=\"https:\/\/www.safinel.fr\/wp-content\/uploads\/2022\/07\/serum-anti-acne.jpg\" \/>\n\t<meta property=\"og:image:width\" content=\"600\" \/>\n\t<meta property=\"og:image:height\" content=\"600\" \/>\n\t<meta property=\"og:image:type\" content=\"image\/jpeg\" \/>\n<meta name=\"twitter:card\" content=\"summary_large_image\" \/>\n<meta name=\"twitter:label1\" content=\"Tiempo de lectura\" \/>\n\t<meta name=\"twitter:data1\" content=\"2 minutos\" \/>\n<script type=\"application\/ld+json\" class=\"yoast-schema-graph\">{\"@context\":\"https:\/\/schema.org\",\"@graph\":[{\"@type\":\"WebPage\",\"@id\":\"https:\/\/www.safinel.fr\/produit\/serum-anti-acne-a-la-nigelle\/\",\"url\":\"https:\/\/www.safinel.fr\/produit\/serum-anti-acne-a-la-nigelle\/\",\"name\":\"Huile de nigelle acn\u00e9 I Prenez soin de votre visage naturellement\",\"isPartOf\":{\"@id\":\"https:\/\/www.safinel.fr\/#website\"},\"primaryImageOfPage\":{\"@id\":\"https:\/\/www.safinel.fr\/produit\/serum-anti-acne-a-la-nigelle\/#primaryimage\"},\"image\":{\"@id\":\"https:\/\/www.safinel.fr\/produit\/serum-anti-acne-a-la-nigelle\/#primaryimage\"},\"thumbnailUrl\":\"https:\/\/www.safinel.fr\/wp-content\/uploads\/2022\/07\/serum-anti-acne.jpg\",\"datePublished\":\"2022-07-01T08:59:08+00:00\",\"dateModified\":\"2023-12-30T13:26:37+00:00\",\"description\":\"Et s\u2019il \u00e9tait temps de dire stop \u00e0 l\u2019acn\u00e9 et autres probl\u00e8mes de peau ? Faites la rencontre du\u00a0s\u00e9rum huile de nigelle acn\u00e9 !\",\"breadcrumb\":{\"@id\":\"https:\/\/www.safinel.fr\/produit\/serum-anti-acne-a-la-nigelle\/#breadcrumb\"},\"inLanguage\":\"es\",\"potentialAction\":[{\"@type\":\"ReadAction\",\"target\":[\"https:\/\/www.safinel.fr\/produit\/serum-anti-acne-a-la-nigelle\/\"]}]},{\"@type\":\"ImageObject\",\"inLanguage\":\"es\",\"@id\":\"https:\/\/www.safinel.fr\/produit\/serum-anti-acne-a-la-nigelle\/#primaryimage\",\"url\":\"https:\/\/www.safinel.fr\/wp-content\/uploads\/2022\/07\/serum-anti-acne.jpg\",\"contentUrl\":\"https:\/\/www.safinel.fr\/wp-content\/uploads\/2022\/07\/serum-anti-acne.jpg\",\"width\":600,\"height\":600,\"caption\":\"Huile de nigelle acn\u00e9 soin du visage naturel\"},{\"@type\":\"BreadcrumbList\",\"@id\":\"https:\/\/www.safinel.fr\/produit\/serum-anti-acne-a-la-nigelle\/#breadcrumb\",\"itemListElement\":[{\"@type\":\"ListItem\",\"position\":1,\"name\":\"Accueil\",\"item\":\"https:\/\/www.safinel.fr\/\"},{\"@type\":\"ListItem\",\"position\":2,\"name\":\"Boutique\",\"item\":\"https:\/\/www.safinel.fr\/boutique\/\"},{\"@type\":\"ListItem\",\"position\":3,\"name\":\"S\u00e9rum anti acn\u00e9 \u00e0 la nigelle 50 ml\"}]},{\"@type\":\"WebSite\",\"@id\":\"https:\/\/www.safinel.fr\/#website\",\"url\":\"https:\/\/www.safinel.fr\/\",\"name\":\"Safinel\",\"description\":\"\",\"publisher\":{\"@id\":\"https:\/\/www.safinel.fr\/#organization\"},\"potentialAction\":[{\"@type\":\"SearchAction\",\"target\":{\"@type\":\"EntryPoint\",\"urlTemplate\":\"https:\/\/www.safinel.fr\/?s={search_term_string}\"},\"query-input\":{\"@type\":\"PropertyValueSpecification\",\"valueRequired\":true,\"valueName\":\"search_term_string\"}}],\"inLanguage\":\"es\"},{\"@type\":\"Organization\",\"@id\":\"https:\/\/www.safinel.fr\/#organization\",\"name\":\"Safinel\",\"url\":\"https:\/\/www.safinel.fr\/\",\"logo\":{\"@type\":\"ImageObject\",\"inLanguage\":\"es\",\"@id\":\"https:\/\/www.safinel.fr\/#\/schema\/logo\/image\/\",\"url\":\"https:\/\/www.safinel.fr\/wp-content\/uploads\/2021\/05\/boutique-cosmetique.png\",\"contentUrl\":\"https:\/\/www.safinel.fr\/wp-content\/uploads\/2021\/05\/boutique-cosmetique.png\",\"width\":800,\"height\":200,\"caption\":\"Safinel\"},\"image\":{\"@id\":\"https:\/\/www.safinel.fr\/#\/schema\/logo\/image\/\"}}]}<\/script>\n<!-- \/ Yoast SEO plugin. -->","yoast_head_json":{"title":"Aceite de comino negro para el acn\u00e9 I Cuida tu rostro de forma natural","description":"\u00bfY si llegara el momento de decir adi\u00f3s al acn\u00e9 y a otros problemas de la piel? \u00a1Te presentamos el s\u00e9rum para el acn\u00e9 con aceite de comino negro!","robots":{"index":"index","follow":"follow","max-snippet":"max-snippet:-1","max-image-preview":"max-image-preview:large","max-video-preview":"max-video-preview:-1"},"canonical":"https:\/\/www.safinel.fr\/es\/product-2\/suero-antiacne-de-comino-negro\/","og_locale":"es_ES","og_type":"article","og_title":"Huile de nigelle acn\u00e9 I Prenez soin de votre visage naturellement","og_description":"Et s\u2019il \u00e9tait temps de dire stop \u00e0 l\u2019acn\u00e9 et autres probl\u00e8mes de peau ? Faites la rencontre du\u00a0s\u00e9rum huile de nigelle acn\u00e9 !","og_url":"https:\/\/www.safinel.fr\/es\/product-2\/suero-antiacne-de-comino-negro\/","og_site_name":"Safinel","article_modified_time":"2023-12-30T13:26:37+00:00","og_image":[{"width":600,"height":600,"url":"https:\/\/www.safinel.fr\/wp-content\/uploads\/2022\/07\/serum-anti-acne.jpg","type":"image\/jpeg"}],"twitter_card":"summary_large_image","twitter_misc":{"Tiempo de lectura":"2 minutos"},"schema":{"@context":"https:\/\/schema.org","@graph":[{"@type":"WebPage","@id":"https:\/\/www.safinel.fr\/produit\/serum-anti-acne-a-la-nigelle\/","url":"https:\/\/www.safinel.fr\/produit\/serum-anti-acne-a-la-nigelle\/","name":"Aceite de comino negro para el acn\u00e9 I Cuida tu rostro de forma natural","isPartOf":{"@id":"https:\/\/www.safinel.fr\/#website"},"primaryImageOfPage":{"@id":"https:\/\/www.safinel.fr\/produit\/serum-anti-acne-a-la-nigelle\/#primaryimage"},"image":{"@id":"https:\/\/www.safinel.fr\/produit\/serum-anti-acne-a-la-nigelle\/#primaryimage"},"thumbnailUrl":"https:\/\/www.safinel.fr\/wp-content\/uploads\/2022\/07\/serum-anti-acne.jpg","datePublished":"2022-07-01T08:59:08+00:00","dateModified":"2023-12-30T13:26:37+00:00","description":"\u00bfY si llegara el momento de decir adi\u00f3s al acn\u00e9 y a otros problemas de la piel? \u00a1Te presentamos el s\u00e9rum para el acn\u00e9 con aceite de comino negro!","breadcrumb":{"@id":"https:\/\/www.safinel.fr\/produit\/serum-anti-acne-a-la-nigelle\/#breadcrumb"},"inLanguage":"es","potentialAction":[{"@type":"ReadAction","target":["https:\/\/www.safinel.fr\/produit\/serum-anti-acne-a-la-nigelle\/"]}]},{"@type":"ImageObject","inLanguage":"es","@id":"https:\/\/www.safinel.fr\/produit\/serum-anti-acne-a-la-nigelle\/#primaryimage","url":"https:\/\/www.safinel.fr\/wp-content\/uploads\/2022\/07\/serum-anti-acne.jpg","contentUrl":"https:\/\/www.safinel.fr\/wp-content\/uploads\/2022\/07\/serum-anti-acne.jpg","width":600,"height":600,"caption":"Huile de nigelle acn\u00e9 soin du visage naturel"},{"@type":"BreadcrumbList","@id":"https:\/\/www.safinel.fr\/produit\/serum-anti-acne-a-la-nigelle\/#breadcrumb","itemListElement":[{"@type":"ListItem","position":1,"name":"Accueil","item":"https:\/\/www.safinel.fr\/"},{"@type":"ListItem","position":2,"name":"Boutique","item":"https:\/\/www.safinel.fr\/boutique\/"},{"@type":"ListItem","position":3,"name":"S\u00e9rum anti acn\u00e9 \u00e0 la nigelle 50 ml"}]},{"@type":"WebSite","@id":"https:\/\/www.safinel.fr\/#website","url":"https:\/\/www.safinel.fr\/","name":"Safinel","description":"","publisher":{"@id":"https:\/\/www.safinel.fr\/#organization"},"potentialAction":[{"@type":"SearchAction","target":{"@type":"EntryPoint","urlTemplate":"https:\/\/www.safinel.fr\/?s={search_term_string}"},"query-input":{"@type":"PropertyValueSpecification","valueRequired":true,"valueName":"search_term_string"}}],"inLanguage":"es"},{"@type":"Organization","@id":"https:\/\/www.safinel.fr\/#organization","name":"Safinel","url":"https:\/\/www.safinel.fr\/","logo":{"@type":"ImageObject","inLanguage":"es","@id":"https:\/\/www.safinel.fr\/#\/schema\/logo\/image\/","url":"https:\/\/www.safinel.fr\/wp-content\/uploads\/2021\/05\/boutique-cosmetique.png","contentUrl":"https:\/\/www.safinel.fr\/wp-content\/uploads\/2021\/05\/boutique-cosmetique.png","width":800,"height":200,"caption":"Safinel"},"image":{"@id":"https:\/\/www.safinel.fr\/#\/schema\/logo\/image\/"}}]}},"_links":{"self":[{"href":"https:\/\/www.safinel.fr\/es\/wp-json\/wp\/v2\/product\/1608","targetHints":{"allow":["GET"]}}],"collection":[{"href":"https:\/\/www.safinel.fr\/es\/wp-json\/wp\/v2\/product"}],"about":[{"href":"https:\/\/www.safinel.fr\/es\/wp-json\/wp\/v2\/types\/product"}],"wp:featuredmedia":[{"embeddable":true,"href":"https:\/\/www.safinel.fr\/es\/wp-json\/wp\/v2\/media\/1609"}],"wp:attachment":[{"href":"https:\/\/www.safinel.fr\/es\/wp-json\/wp\/v2\/media?parent=1608"}],"wp:term":[{"taxonomy":"product_brand","embeddable":true,"href":"https:\/\/www.safinel.fr\/es\/wp-json\/wp\/v2\/product_brand?post=1608"},{"taxonomy":"product_cat","embeddable":true,"href":"https:\/\/www.safinel.fr\/es\/wp-json\/wp\/v2\/product_cat?post=1608"},{"taxonomy":"product_tag","embeddable":true,"href":"https:\/\/www.safinel.fr\/es\/wp-json\/wp\/v2\/product_tag?post=1608"}],"curies":[{"name":"wp","href":"https:\/\/api.w.org\/{rel}","templated":true}]}}