{"id":1596,"date":"2022-06-29T12:04:59","date_gmt":"2022-06-29T12:04:59","guid":{"rendered":"https:\/\/www.safinel.fr\/?post_type=product&#038;p=1596"},"modified":"2026-03-08T12:32:52","modified_gmt":"2026-03-08T12:32:52","slug":"moringa","status":"publish","type":"product","link":"https:\/\/www.safinel.fr\/es\/product-2\/moringa\/","title":{"rendered":"Moringa"},"content":{"rendered":"<p>Le\u00a0<strong>moringa\u00a0<\/strong>es la planta milagrosa de la que todo el mundo habla. Muy conocida en \u00c1frica y la India, es una\u00a0<strong>\u00e1rbol<\/strong>\u00a0que crece en zonas tropicales. Este\u00a0<strong>planta,\u00a0<\/strong>tambi\u00e9n conocido como<strong>\u00a0\u00e1rbol de la vida,\u00a0<\/strong>\u00a0podr\u00eda \u00abcurarlo todo\u00bb. Pero, \u00bfcu\u00e1l es la realidad? Se lo explicamos todo en este dossier.<\/p>\n<h2><strong>Origen de la moringa<\/strong><\/h2>\n<p>La especie que m\u00e1s se ha estudiado es el\u00a0<strong>moringa oleifera.<\/strong>\u00a0Es originaria de la India, pero se ha aclimatado en muchas partes del mundo. Se han estudiado otras especies:\u00a0<strong>moringa concanensis<\/strong>, s, mo<strong>ringa stenopltela<\/strong>...Existen otras especies locales, en distintos continentes, que no han sido estudiadas, pero que probablemente tienen propiedades equivalentes.<\/p>\n<p>En\u00a0<strong>moringa<\/strong>\u00a0puede llegar a ser muy grande. De hecho, crece muy deprisa en las zonas tropicales, sobre todo en las secas. Se puede cultivar a partir de semillas.<\/p>\n<p>Sin embargo, si est\u00e1s en una zona fr\u00eda, es mejor invernarla, ya que teme el fr\u00edo.<\/p>\n<h2><strong>\u00bfC\u00f3mo se utiliza la moringa?<\/strong><\/h2>\n<p>En\u00a0<strong>deja<\/strong>\u00a0son los m\u00e1s utilizados en\u00a0<strong>moringa\u00a0<\/strong>ya sea en infusi\u00f3n, cocinado como alimento o utilizado para hacer\u00a0<strong>polvo.\u00a0<\/strong>Esto es preferible, ya que se puede disfrutar de la planta entera. El polvo se a\u00f1ade a los alimentos, por ejemplo sopa, compota, etc.<\/p>\n<p>Es importante saber que el uso del\u00a0<strong>moringa<\/strong>\u00a0difiere de un pa\u00eds a otro. En algunos pa\u00edses, la corteza se muele hasta convertirla en polvo; en otros, las ra\u00edces. A veces\u00a0<strong>semilla<\/strong>\u00a0o\u00a0<strong>l<\/strong>\u2019<strong>aceite de semillas<\/strong>. Por \u00faltimo, podemos utilizar\u00a0<strong>todas las partes del<\/strong>\u2019<strong>\u00e1rbol<\/strong>.<\/p>\n<p>Lo que encontrar\u00e1 en las tiendas es principalmente el\u00a0<strong>hoja<\/strong>. Dependiendo del lugar al que viaje, puede encontrar grandes manojos con ramas y hojas verdes en los mercados locales. Tambi\u00e9n hay vainas enteras con las semillas dentro. Todas ellas son, por supuesto, comestibles.<\/p>\n<h2><strong>\u00bfQu\u00e9 contiene la moringa en polvo?<\/strong><\/h2>\n<p>Es <a href=\"https:\/\/www.soinaunaturels.com\/fr\/medecine-sante\/70-poudre-de-feuilles-de-moringa.html\" target=\"_blank\" rel=\"noopener\"><strong>una planta muy rica en nutrientes<\/strong><\/a>. Las hojas contienen vitamina E, vitamina C y A, calcio, selenio, magnesio, hierro, potasio, amino\u00e1cidos, etc.<\/p>\n<p>Es una buena fuente de prote\u00ednas vegetales, ya que contiene hasta 18 de los 20 amino\u00e1cidos que utiliza nuestro organismo. \u00c9stos son esenciales para las necesidades de nuestro organismo, con el fin de fabricar y reparar las c\u00e9lulas. Al ser altamente nutritiva, esta fuente puede reponer las reservas de una persona deficitaria.<\/p>\n<p>Desde el punto de vista medicinal, el\u00a0<strong>moringa<\/strong>\u00a0agrupa todas las grandes familias de componentes que se encuentran en las plantas, como el\u00a0<strong>alcaloides<\/strong>, el\u00a0<strong>sapon\u00f3sidos<\/strong>, el\u00a0<strong>taninos<\/strong>, el\u00a0<strong>flavonoides<\/strong>, el\u00a0<strong>\u00e1cidos fen\u00f3licos,<\/strong>\u00a0<strong>terpenos<\/strong>, etc...<\/p>\n<p>Resulta que el\u00a0<strong>moringa\u00a0<\/strong>es rica en componentes del\u00a0<strong>flavonoides<\/strong>, a saber :<\/p>\n<p><strong>Rutina, quercetina, ramnetina, la<\/strong>\u2019<strong>apigenina<\/strong>, etc. Como resultado, tiene potentes propiedades antioxidantes. De hecho, algunos estudios han demostrado que tiene mayor poder antioxidante que la vitamina C.<\/p>\n<h2><strong>Los beneficios del polvo de moringa para el organismo<\/strong><\/h2>\n<h3><strong>Potente antioxidante<\/strong><\/h3>\n<p>En condiciones normales, nuestro cuerpo produce radicales libres. Se trata de mol\u00e9culas que ayudan al organismo a funcionar correctamente. A veces, sin embargo, los contaminantes que nos rodean -plaguicidas, radiaciones, etc.- hacen que los radicales libres ataquen nuestros tejidos y los destruyan si no hay suficientes antioxidantes para interceptarlos. Por eso es importante buscar alimentos ricos en antioxidantes, como las frutas y verduras de colores.<\/p>\n<p>En cuanto a las plantas, tenemos la oportunidad de encontrar algunas que son ricas en antioxidantes, como por ejemplo\u00a0<strong>moringa<\/strong>. Esto es especialmente importante cuando padecemos enfermedades cr\u00f3nicas degenerativas, porque hay una inflamaci\u00f3n constante. El sistema inmunitario est\u00e1 sometido a una tensi\u00f3n constante y hay m\u00e1s radicales libres de lo habitual.<\/p>\n<p>Es m\u00e1s, en todas estas enfermedades autoinmunes, c\u00e1nceres y enfermedades inflamatorias cr\u00f3nicas, es una buena idea tomar antioxidantes naturales. El\u00a0<strong>moringa<\/strong>\u00a0no puede curar estas enfermedades. Pero puede apoyar a su sistema, protegerlo y ayudarle a hacer mejor su trabajo.<\/p>\n<h3><strong>Propiedades antiinflamatorias<\/strong><\/h3>\n<p>Le\u00a0<strong>moringa<\/strong>\u00a0tiene propiedades antiinflamatorias directas, confirmadas por varios estudios en animales. El sitio\u00a0<strong>moringa<\/strong>\u00a0ser\u00eda eficaz para todo\u00a0<strong>inflamaci\u00f3n de la mucosa digestiva\u00a0<\/strong>Seg\u00fan un estudio sobre las \u00falceras inducidas por antiinflamatorios como la aspirina y otro que muestra la gravedad de la colitis causada por sustancias \u00e1cidas. As\u00ed que tenemos una planta que es activa contra\u00a0<strong>inflamaciones digestivas<\/strong>, Es probablemente eficaz en todos los tipos de inflamaci\u00f3n de las enc\u00edas y el es\u00f3fago, \u00falceras, colitis y enfermedad de Crohn.<\/p>\n<h3><strong>Antial\u00e9rgico respiratorio<\/strong><\/h3>\n<p>Es una buena planta para los problemas cr\u00f3nicos de alergia respiratoria. Tenga en cuenta que a veces le vender\u00e1n comprimidos de <a href=\"https:\/\/www.safinel.fr\/es\/product-2\/mantequilla-de-fenogreco\/\"><strong>flavonoides<\/strong><\/a> como la quercetina para las alergias respiratorias. En las hojas de\u00a0<strong>moringa<\/strong>\u00a0no tenemos un solo tipo de flavonoide, sino toda una colecci\u00f3n que puede estabilizar el estado de nuestras mucosas respiratorias inflamadas y aliviar un poco esas alergias respiratorias.<\/p>\n<h3><strong>Reparador de pa\u00f1uelos\u00a0<\/strong><\/h3>\n<p>Los estudios demuestran que\u00a0<strong>moringa<\/strong>\u00a0estimula\u00a0<strong>reparaci\u00f3n celular<\/strong>, acelerando la actividad de los fibroblastos. Estas c\u00e9lulas son las que permiten la reparaci\u00f3n celular, a veces con mejores resultados que los obtenidos con una sustancia llamada alanto\u00edna, presente en otras plantas reparadoras como la consuelda.<\/p>\n<p>Por lo tanto, es un reparador de tejidos, mucosas y problemas cut\u00e1neos. Y dado que la planta es altamente antibacteriana, probablemente sea una planta excelente para tratar heridas de todo tipo. Porque repara y desinfecta al mismo tiempo.<\/p>\n<h3><strong>Acci\u00f3n antibacteriana, antiv\u00edrica y antiparasitaria<\/strong><\/h3>\n<p>Adem\u00e1s de tener un impacto\u00a0<strong>antibacteriano<\/strong>, el\u00a0<strong>moringa<\/strong>\u00a0ser\u00eda\u00a0<strong>antiviral y antiparasitario<\/strong>. En Etiop\u00eda, se dice que sus ra\u00edces sirven para tratar la malaria.<\/p>\n<p>Es activo contra la Escherichia coli y la salmonela, presentes en el agua. De hecho, un estudio demuestra que\u00a0<strong>hoja en polvo<\/strong>\u00a0utilizado para limpiarse las manos es tan eficaz como el jab\u00f3n l\u00edquido contra la Escherichia coli.<\/p>\n<p>Por eso algunos pa\u00edses utilizan el t\u00e9rmino\u00a0<strong>moringa<\/strong>\u00a0para que el agua sea m\u00e1s limpia para beber. Utilizamos\u00a0<strong>semillas<\/strong>\u00a0triturada y mezclada con agua. Por lo tanto, es una planta interesante para todas las intoxicaciones alimentarias, en particular la\u00a0<strong>diarrea de <a href=\"http:\/\/forumfreemobile.fr\/viewtopic.php?f=4&amp;p=80555\" target=\"_blank\" rel=\"noopener\">viajero<\/a><\/strong>.<\/p>\n<h3><strong>Efecto sobre el metabolismo<\/strong><\/h3>\n<p>Le\u00a0<strong>moringa<\/strong>\u00a0ayudar a hacer\u00a0<strong>reducir el az\u00facar en sangre<\/strong>\u00a0cuando es demasiado alto. Al mismo tiempo, ayuda a\u00a0<strong>regular los niveles de l\u00edpidos en sangre, colesterol y triglic\u00e9ridos<\/strong>. Se han realizado pocos estudios en humanos en este contexto.<\/p>\n<p><strong>Una acci\u00f3n antihipertensiva\u00a0<\/strong>se ha observado en estudios realizados en animales, pero no en seres humanos. Dicho esto, es una propiedad que apunta en la direcci\u00f3n correcta y por lo tanto es probablemente una buena planta para la prevenci\u00f3n de\u00a0<strong>enfermedades cardiovasculares<\/strong>\u00a0en un sentido muy amplio.<\/p>\n<h3><strong>Acci\u00f3n anticancer\u00edgena in vitro<\/strong><\/h3>\n<p>Le\u00a0<strong>moringa<\/strong>\u00a0tiene una acci\u00f3n anticancer\u00edgena in vitro, al inhibir la proliferaci\u00f3n de las c\u00e9lulas cancerosas, que ha sido validada con numerosas c\u00e9lulas madre. Los estudios realizados en ratones confirman esta propiedad para ciertos tipos de c\u00e1ncer. Esta informaci\u00f3n es a\u00fan muy limitada y, por supuesto, no tenemos suficiente experiencia con seres humanos en t\u00e9rminos de dosis y eficacia en el contexto de un c\u00e1ncer manifiesto.<\/p>\n<h3><strong>Dosificaci\u00f3n y administraci\u00f3n del \u00e1rbol de la vida<\/strong><\/h3>\n<p>De ello se deduce que es una planta excelente para la prevenci\u00f3n de\u00a0<strong>enfermedades de la civilizaci\u00f3n<\/strong>. Se puede comparar con el t\u00e9 verde, por su protecci\u00f3n, que se puede incorporar de forma regular, en forma de polvo en los alimentos o t\u00e9 de las hojas.<\/p>\n<p><strong>Dosificaciones<\/strong>\u00a0De una cucharadita a una cucharada de polvo incorporado a una sopa, compota, zumo de verduras, o simplemente como infusi\u00f3n si tolera el sabor.<\/p>\n<p>En prise\u00a0<strong>regular<\/strong>, igual que te preparas una taza de t\u00e9, puedes prepararte una taza de <strong>moringa en polvo <\/strong>de vez en cuando para reponer sus reservas de\u00a0<strong>antioxidantes<\/strong>, para conseguir este efecto\u00a0<strong>escudo protector<\/strong>.<\/p>\n<h2><strong>Precauciones\u00a0<\/strong><\/h2>\n<p>Dado que\u00a0<strong>moringa<\/strong>\u00a0tiene propiedades\u00a0<strong>agentes hipoglucemiantes<\/strong>\u00a0tenga cuidado si est\u00e1 tomando tratamiento para la diabetes, puede haber riesgo\u00a0<strong>d<\/strong>\u2019<strong>evento hipogluc\u00e9mico<\/strong>.<\/p>\n<p>Algunas personas pueden sentir un poco de laxante cuando empiezan a tomar el polvo, as\u00ed que introd\u00fazcalo gradualmente.<\/p>\n<p>Por lo dem\u00e1s, se han dado raros casos de reacciones al\u00e9rgicas a\u00a0<strong>polvo de moringa.<\/strong><\/p>\n<h3><strong>\u00bfD\u00f3nde puedo comprar moringa en polvo?<\/strong><\/h3>\n<p>En su tienda ecol\u00f3gica en l\u00ednea, Safinel es el lugar al que acudir en busca de productos fiables y eficaces. Adem\u00e1s, la\u00a0<strong>moringa<\/strong>\u00a0se vende en polvo y en forma de semillas, por si desea plantarla o germinarla.<\/p>","protected":false},"excerpt":{"rendered":"<p>Le\u00a0<strong>moringa<\/strong>\u00a0ayudar a hacer\u00a0<strong>reducir el az\u00facar en sangre<\/strong>\u00a0cuando es demasiado alto. Al mismo tiempo, ayuda a\u00a0<strong>regular los niveles de l\u00edpidos en sangre, colesterol y triglic\u00e9ridos<\/strong>.<\/p>\n<p><img decoding=\"async\" class=\"size-full wp-image-5091 aligncenter\" src=\"https:\/\/www.safinel.fr\/wp-content\/uploads\/2021\/06\/BANNIERE-ICONE-SAFINEL.webp\" alt=\"reaseguro de sat\u00e9n\" width=\"800\" height=\"200\" srcset=\"https:\/\/www.safinel.fr\/wp-content\/uploads\/2021\/06\/BANNIERE-ICONE-SAFINEL.webp 800w, https:\/\/www.safinel.fr\/wp-content\/uploads\/2021\/06\/BANNIERE-ICONE-SAFINEL-600x150.webp 600w, https:\/\/www.safinel.fr\/wp-content\/uploads\/2021\/06\/BANNIERE-ICONE-SAFINEL-768x192.webp 768w\" sizes=\"(max-width: 800px) 100vw, 800px\" \/><\/p>","protected":false},"featured_media":1597,"template":"","meta":[],"product_brand":[],"product_cat":[27,110],"product_tag":[],"class_list":{"0":"post-1596","1":"product","2":"type-product","3":"status-publish","4":"has-post-thumbnail","6":"product_cat-plantes-medicinales","7":"product_cat-poudre-cheveux-ayurvedique","9":"first","10":"instock","11":"shipping-taxable","12":"purchasable","13":"product-type-variable"},"yoast_head":"<!-- This site is optimized with the Yoast SEO plugin v26.6 - https:\/\/yoast.com\/wordpress\/plugins\/seo\/ -->\n<title>Moringa I Plante aux bienfaits nombreux I Disponible en poudre<\/title>\n<meta name=\"description\" content=\"Le\u00a0moringa\u00a0est la plante miracle dont tout le monde parle. Connu en Afrique et en Inde, c\u2019est un\u00a0arbre\u00a0qui pousse dans les zones tropicales.\" \/>\n<meta name=\"robots\" content=\"index, follow, max-snippet:-1, max-image-preview:large, max-video-preview:-1\" \/>\n<link rel=\"canonical\" href=\"https:\/\/www.safinel.fr\/es\/product-2\/moringa\/\" \/>\n<meta property=\"og:locale\" content=\"es_ES\" \/>\n<meta property=\"og:type\" content=\"article\" \/>\n<meta property=\"og:title\" content=\"Moringa I Plante aux bienfaits nombreux I Disponible en poudre\" \/>\n<meta property=\"og:description\" content=\"Le\u00a0moringa\u00a0est la plante miracle dont tout le monde parle. Connu en Afrique et en Inde, c\u2019est un\u00a0arbre\u00a0qui pousse dans les zones tropicales.\" \/>\n<meta property=\"og:url\" content=\"https:\/\/www.safinel.fr\/es\/product-2\/moringa\/\" \/>\n<meta property=\"og:site_name\" content=\"Safinel\" \/>\n<meta property=\"article:modified_time\" content=\"2026-03-08T12:32:52+00:00\" \/>\n<meta property=\"og:image\" content=\"https:\/\/www.safinel.fr\/wp-content\/uploads\/2022\/06\/poudre-de-moringa.jpg\" \/>\n\t<meta property=\"og:image:width\" content=\"600\" \/>\n\t<meta property=\"og:image:height\" content=\"600\" \/>\n\t<meta property=\"og:image:type\" content=\"image\/jpeg\" \/>\n<meta name=\"twitter:card\" content=\"summary_large_image\" \/>\n<meta name=\"twitter:label1\" content=\"Tiempo de lectura\" \/>\n\t<meta name=\"twitter:data1\" content=\"8 minutos\" \/>\n<script type=\"application\/ld+json\" class=\"yoast-schema-graph\">{\"@context\":\"https:\/\/schema.org\",\"@graph\":[{\"@type\":\"WebPage\",\"@id\":\"https:\/\/www.safinel.fr\/produit\/moringa\/\",\"url\":\"https:\/\/www.safinel.fr\/produit\/moringa\/\",\"name\":\"Moringa I Plante aux bienfaits nombreux I Disponible en poudre\",\"isPartOf\":{\"@id\":\"https:\/\/www.safinel.fr\/#website\"},\"primaryImageOfPage\":{\"@id\":\"https:\/\/www.safinel.fr\/produit\/moringa\/#primaryimage\"},\"image\":{\"@id\":\"https:\/\/www.safinel.fr\/produit\/moringa\/#primaryimage\"},\"thumbnailUrl\":\"https:\/\/www.safinel.fr\/wp-content\/uploads\/2022\/06\/poudre-de-moringa.jpg\",\"datePublished\":\"2022-06-29T12:04:59+00:00\",\"dateModified\":\"2026-03-08T12:32:52+00:00\",\"description\":\"Le\u00a0moringa\u00a0est la plante miracle dont tout le monde parle. Connu en Afrique et en Inde, c\u2019est un\u00a0arbre\u00a0qui pousse dans les zones tropicales.\",\"breadcrumb\":{\"@id\":\"https:\/\/www.safinel.fr\/produit\/moringa\/#breadcrumb\"},\"inLanguage\":\"es\",\"potentialAction\":[{\"@type\":\"ReadAction\",\"target\":[\"https:\/\/www.safinel.fr\/produit\/moringa\/\"]}]},{\"@type\":\"ImageObject\",\"inLanguage\":\"es\",\"@id\":\"https:\/\/www.safinel.fr\/produit\/moringa\/#primaryimage\",\"url\":\"https:\/\/www.safinel.fr\/wp-content\/uploads\/2022\/06\/poudre-de-moringa.jpg\",\"contentUrl\":\"https:\/\/www.safinel.fr\/wp-content\/uploads\/2022\/06\/poudre-de-moringa.jpg\",\"width\":600,\"height\":600,\"caption\":\"moringa en poudre\"},{\"@type\":\"BreadcrumbList\",\"@id\":\"https:\/\/www.safinel.fr\/produit\/moringa\/#breadcrumb\",\"itemListElement\":[{\"@type\":\"ListItem\",\"position\":1,\"name\":\"Accueil\",\"item\":\"https:\/\/www.safinel.fr\/\"},{\"@type\":\"ListItem\",\"position\":2,\"name\":\"Boutique\",\"item\":\"https:\/\/www.safinel.fr\/boutique\/\"},{\"@type\":\"ListItem\",\"position\":3,\"name\":\"Moringa\"}]},{\"@type\":\"WebSite\",\"@id\":\"https:\/\/www.safinel.fr\/#website\",\"url\":\"https:\/\/www.safinel.fr\/\",\"name\":\"Safinel\",\"description\":\"\",\"publisher\":{\"@id\":\"https:\/\/www.safinel.fr\/#organization\"},\"potentialAction\":[{\"@type\":\"SearchAction\",\"target\":{\"@type\":\"EntryPoint\",\"urlTemplate\":\"https:\/\/www.safinel.fr\/?s={search_term_string}\"},\"query-input\":{\"@type\":\"PropertyValueSpecification\",\"valueRequired\":true,\"valueName\":\"search_term_string\"}}],\"inLanguage\":\"es\"},{\"@type\":\"Organization\",\"@id\":\"https:\/\/www.safinel.fr\/#organization\",\"name\":\"Safinel\",\"url\":\"https:\/\/www.safinel.fr\/\",\"logo\":{\"@type\":\"ImageObject\",\"inLanguage\":\"es\",\"@id\":\"https:\/\/www.safinel.fr\/#\/schema\/logo\/image\/\",\"url\":\"https:\/\/www.safinel.fr\/wp-content\/uploads\/2021\/05\/boutique-cosmetique.png\",\"contentUrl\":\"https:\/\/www.safinel.fr\/wp-content\/uploads\/2021\/05\/boutique-cosmetique.png\",\"width\":800,\"height\":200,\"caption\":\"Safinel\"},\"image\":{\"@id\":\"https:\/\/www.safinel.fr\/#\/schema\/logo\/image\/\"}}]}<\/script>\n<!-- \/ Yoast SEO plugin. -->","yoast_head_json":{"title":"Moringa I Una planta con muchos beneficios I Disponible en polvo","description":"La moringa es la planta milagrosa de la que todo el mundo habla. Conocida en \u00c1frica y la India, es un \u00e1rbol que crece en zonas tropicales.","robots":{"index":"index","follow":"follow","max-snippet":"max-snippet:-1","max-image-preview":"max-image-preview:large","max-video-preview":"max-video-preview:-1"},"canonical":"https:\/\/www.safinel.fr\/es\/product-2\/moringa\/","og_locale":"es_ES","og_type":"article","og_title":"Moringa I Plante aux bienfaits nombreux I Disponible en poudre","og_description":"Le\u00a0moringa\u00a0est la plante miracle dont tout le monde parle. Connu en Afrique et en Inde, c\u2019est un\u00a0arbre\u00a0qui pousse dans les zones tropicales.","og_url":"https:\/\/www.safinel.fr\/es\/product-2\/moringa\/","og_site_name":"Safinel","article_modified_time":"2026-03-08T12:32:52+00:00","og_image":[{"width":600,"height":600,"url":"https:\/\/www.safinel.fr\/wp-content\/uploads\/2022\/06\/poudre-de-moringa.jpg","type":"image\/jpeg"}],"twitter_card":"summary_large_image","twitter_misc":{"Tiempo de lectura":"8 minutos"},"schema":{"@context":"https:\/\/schema.org","@graph":[{"@type":"WebPage","@id":"https:\/\/www.safinel.fr\/produit\/moringa\/","url":"https:\/\/www.safinel.fr\/produit\/moringa\/","name":"Moringa I Una planta con muchos beneficios I Disponible en polvo","isPartOf":{"@id":"https:\/\/www.safinel.fr\/#website"},"primaryImageOfPage":{"@id":"https:\/\/www.safinel.fr\/produit\/moringa\/#primaryimage"},"image":{"@id":"https:\/\/www.safinel.fr\/produit\/moringa\/#primaryimage"},"thumbnailUrl":"https:\/\/www.safinel.fr\/wp-content\/uploads\/2022\/06\/poudre-de-moringa.jpg","datePublished":"2022-06-29T12:04:59+00:00","dateModified":"2026-03-08T12:32:52+00:00","description":"La moringa es la planta milagrosa de la que todo el mundo habla. Conocida en \u00c1frica y la India, es un \u00e1rbol que crece en zonas tropicales.","breadcrumb":{"@id":"https:\/\/www.safinel.fr\/produit\/moringa\/#breadcrumb"},"inLanguage":"es","potentialAction":[{"@type":"ReadAction","target":["https:\/\/www.safinel.fr\/produit\/moringa\/"]}]},{"@type":"ImageObject","inLanguage":"es","@id":"https:\/\/www.safinel.fr\/produit\/moringa\/#primaryimage","url":"https:\/\/www.safinel.fr\/wp-content\/uploads\/2022\/06\/poudre-de-moringa.jpg","contentUrl":"https:\/\/www.safinel.fr\/wp-content\/uploads\/2022\/06\/poudre-de-moringa.jpg","width":600,"height":600,"caption":"moringa en poudre"},{"@type":"BreadcrumbList","@id":"https:\/\/www.safinel.fr\/produit\/moringa\/#breadcrumb","itemListElement":[{"@type":"ListItem","position":1,"name":"Accueil","item":"https:\/\/www.safinel.fr\/"},{"@type":"ListItem","position":2,"name":"Boutique","item":"https:\/\/www.safinel.fr\/boutique\/"},{"@type":"ListItem","position":3,"name":"Moringa"}]},{"@type":"WebSite","@id":"https:\/\/www.safinel.fr\/#website","url":"https:\/\/www.safinel.fr\/","name":"Safinel","description":"","publisher":{"@id":"https:\/\/www.safinel.fr\/#organization"},"potentialAction":[{"@type":"SearchAction","target":{"@type":"EntryPoint","urlTemplate":"https:\/\/www.safinel.fr\/?s={search_term_string}"},"query-input":{"@type":"PropertyValueSpecification","valueRequired":true,"valueName":"search_term_string"}}],"inLanguage":"es"},{"@type":"Organization","@id":"https:\/\/www.safinel.fr\/#organization","name":"Safinel","url":"https:\/\/www.safinel.fr\/","logo":{"@type":"ImageObject","inLanguage":"es","@id":"https:\/\/www.safinel.fr\/#\/schema\/logo\/image\/","url":"https:\/\/www.safinel.fr\/wp-content\/uploads\/2021\/05\/boutique-cosmetique.png","contentUrl":"https:\/\/www.safinel.fr\/wp-content\/uploads\/2021\/05\/boutique-cosmetique.png","width":800,"height":200,"caption":"Safinel"},"image":{"@id":"https:\/\/www.safinel.fr\/#\/schema\/logo\/image\/"}}]}},"_links":{"self":[{"href":"https:\/\/www.safinel.fr\/es\/wp-json\/wp\/v2\/product\/1596","targetHints":{"allow":["GET"]}}],"collection":[{"href":"https:\/\/www.safinel.fr\/es\/wp-json\/wp\/v2\/product"}],"about":[{"href":"https:\/\/www.safinel.fr\/es\/wp-json\/wp\/v2\/types\/product"}],"wp:featuredmedia":[{"embeddable":true,"href":"https:\/\/www.safinel.fr\/es\/wp-json\/wp\/v2\/media\/1597"}],"wp:attachment":[{"href":"https:\/\/www.safinel.fr\/es\/wp-json\/wp\/v2\/media?parent=1596"}],"wp:term":[{"taxonomy":"product_brand","embeddable":true,"href":"https:\/\/www.safinel.fr\/es\/wp-json\/wp\/v2\/product_brand?post=1596"},{"taxonomy":"product_cat","embeddable":true,"href":"https:\/\/www.safinel.fr\/es\/wp-json\/wp\/v2\/product_cat?post=1596"},{"taxonomy":"product_tag","embeddable":true,"href":"https:\/\/www.safinel.fr\/es\/wp-json\/wp\/v2\/product_tag?post=1596"}],"curies":[{"name":"wp","href":"https:\/\/api.w.org\/{rel}","templated":true}]}}