{"id":1594,"date":"2022-06-29T11:32:13","date_gmt":"2022-06-29T11:32:13","guid":{"rendered":"https:\/\/www.safinel.fr\/?post_type=product&#038;p=1594"},"modified":"2024-01-21T21:54:35","modified_gmt":"2024-01-21T21:54:35","slug":"una-de-gato","status":"publish","type":"product","link":"https:\/\/www.safinel.fr\/es\/product-2\/una-de-gato\/","title":{"rendered":"U\u00f1a de gato 50g"},"content":{"rendered":"<p>\u00bfEst\u00e1 listo para descubrir un<strong>\u00a0producto 100% natural\u00a0<\/strong>como ning\u00fan otro? Su apodo es intrigante, pero su riqueza ha quedado demostrada una y otra vez... Nos complace poner en primer plano la<strong>\u00a0u\u00f1a de gato\u00a0<\/strong>!<\/p>\n<h2><strong>U\u00f1a de gato: \u00bfqu\u00e9 es?\u00a0<\/strong><\/h2>\n<p>Para los que pens\u00e1bais que se trataba de ara\u00f1azos de gatito, os equivoc\u00e1is... \u00a1y es a\u00fan mejor! Nombre real\u00a0<strong>uncaria tomentosa,<\/strong>\u00a0tambi\u00e9n recibe el apodo de<strong>\u00a0Liana peruana<\/strong>. Originario de la regi\u00f3n amaz\u00f3nica, procede de un \u00e1rbol que puede alcanzar los 30 metros de altura.<\/p>\n<p>Adem\u00e1s, utilizada originalmente por los peruanos por sus m\u00faltiples cualidades, la u\u00f1a de gato ha traspasado fronteras para ayudarnos a descubrir toda su riqueza.<\/p>\n<h2><strong>Su boutique Safinel, presenta Griffe de chat\u00a0<\/strong><\/h2>\n<p>Siempre dispuesta a ofrecerle productos naturales que puedan beneficiarle, su tienda en l\u00ednea Safinel est\u00e1 encantada de que conozca a la enredadera peruana.<\/p>\n<p>Si algunos siguen mostr\u00e1ndose esc\u00e9pticos ante su aspecto cl\u00e1sico, tambi\u00e9n podr\u00edamos decirles que \u00a1no es la ropa lo que hace al hombre! Bajo su \u00e1spera apariencia, la u\u00f1a de gato es similar a una astilla de madera. Sin embargo, es conocida por sus beneficios para la salud.<\/p>\n<p>Por eso su\u00a0<strong>tienda online de bienestar<\/strong>\u00a0le presenta este producto natural 100%. Su envase de 50 g es ideal para un consumo repetido. Ahora que ya sabes m\u00e1s sobre \u00e9l, no esperes m\u00e1s para descubrir los m\u00faltiples beneficios que te ofrece...<\/p>\n<h3><strong>Los beneficios de la U\u00f1a de Gato\u00a0<\/strong><\/h3>\n<p>La historia nos cuenta que la u\u00f1a de gato era utilizada por las tribus de Per\u00fa, ya que se consideraba un remedio natural.\u00a0<strong>planta<\/strong>\u00a0\u00a1sagrado! Estos muchos\u00a0<strong>virtudes medicinales\u00a0<\/strong>ha demostrado su eficacia en la comunidad en varias ocasiones, entre ellas :<\/p>\n<ul>\n<li>Contra\u00a0<strong>dolores articulares<\/strong>\u00a0como la artrosis<\/li>\n<li>Sus propiedades antiinflamatorias<\/li>\n<li>Para ayudar a regenerar el cart\u00edlago<\/li>\n<li>Para ayudar a combatir<strong>\u00a0contra el c\u00e1ncer<\/strong><\/li>\n<li>Como anticonceptivo<\/li>\n<\/ul>\n<p>Como puede ver, este magn\u00edfico<strong>\u00a0planta de Per\u00fa<\/strong>\u00a0tiene numerosos beneficios para el ser humano.<\/p>\n<p>No obstante, si est\u00e1 embarazada o sigue un tratamiento especial, le recomendamos que consulte a su m\u00e9dico.<\/p>\n<p>Su bienestar es nuestra principal motivaci\u00f3n, por eso nos esmeramos en seleccionar productos de la mejor calidad.\u00a0<strong>productos naturales<\/strong>\u00a0que puede ser adecuado para usted.<\/p>\n<h3><strong>Naturaleza, naturaleza, revela tus secretos... \u00a0<\/strong><\/h3>\n<p>Se sabe que la naturaleza tiene innumerables virtudes. Y tu tienda Safinel quiere que descubras a\u00fan m\u00e1s. Sabemos lo importantes que son para usted los productos de la naturaleza, por eso hemos preparado una selecci\u00f3n especialmente para usted.<\/p>\n<p>Conoce la\u00a0<a href=\"https:\/\/www.safinel.fr\/es\/product-2\/raices-de-gouro\/\"><strong>Ra\u00edz de gouro<\/strong><\/a>\u00a0o el\u00a0<a href=\"https:\/\/www.safinel.fr\/es\/product-2\/suero-antiacne-de-comino-negro\/\"><strong>suero antiacn\u00e9 de comino negro<\/strong><\/a>\u00a0\u00a1! Su salud es lo que nos importa. D\u00e9jese seducir por los numerosos beneficios que le ofrece la naturaleza...<\/p>","protected":false},"excerpt":{"rendered":"<p>\u00bfEst\u00e1 preparado para descubrir un producto 100% natural como ning\u00fan otro? Su apodo es intrigante, pero su riqueza ha quedado demostrada una y otra vez... \u00a1Nos complace presentarle la u\u00f1a de gato! U\u00f1a de gato: \u00bfqu\u00e9 es?  Para los que pensaban que la u\u00f1a de gato [...]","protected":false},"featured_media":1592,"template":"","meta":[],"product_brand":[],"product_cat":[28],"product_tag":[],"class_list":{"0":"post-1594","1":"product","2":"type-product","3":"status-publish","4":"has-post-thumbnail","6":"product_cat-divers","8":"first","9":"outofstock","10":"shipping-taxable","11":"purchasable","12":"product-type-simple"},"yoast_head":"<!-- This site is optimized with the Yoast SEO plugin v26.6 - https:\/\/yoast.com\/wordpress\/plugins\/seo\/ -->\n<title>Griffe de chat (Uncaria tomentosa) I Liane du P\u00e9rou I 100% naturelle<\/title>\n<meta name=\"description\" content=\"Son surnom suscite l\u2019intrigue, et pourtant, sa richesse a \u00e9t\u00e9 prouv\u00e9 \u00e0 de nombreuses reprises\u2026 D\u00e9couvrez la\u00a0griffe de chat\u00a0!\u00a0\" \/>\n<meta name=\"robots\" content=\"index, follow, max-snippet:-1, max-image-preview:large, max-video-preview:-1\" \/>\n<link rel=\"canonical\" href=\"https:\/\/www.safinel.fr\/es\/product-2\/una-de-gato\/\" \/>\n<meta property=\"og:locale\" content=\"es_ES\" \/>\n<meta property=\"og:type\" content=\"article\" \/>\n<meta property=\"og:title\" content=\"Griffe de chat (Uncaria tomentosa) I Liane du P\u00e9rou I 100% naturelle\" \/>\n<meta property=\"og:description\" content=\"Son surnom suscite l\u2019intrigue, et pourtant, sa richesse a \u00e9t\u00e9 prouv\u00e9 \u00e0 de nombreuses reprises\u2026 D\u00e9couvrez la\u00a0griffe de chat\u00a0!\u00a0\" \/>\n<meta property=\"og:url\" content=\"https:\/\/www.safinel.fr\/es\/product-2\/una-de-gato\/\" \/>\n<meta property=\"og:site_name\" content=\"Safinel\" \/>\n<meta property=\"article:modified_time\" content=\"2024-01-21T21:54:35+00:00\" \/>\n<meta property=\"og:image\" content=\"https:\/\/www.safinel.fr\/wp-content\/uploads\/2022\/06\/griffe-de-chat.jpg\" \/>\n\t<meta property=\"og:image:width\" content=\"600\" \/>\n\t<meta property=\"og:image:height\" content=\"600\" \/>\n\t<meta property=\"og:image:type\" content=\"image\/jpeg\" \/>\n<meta name=\"twitter:card\" content=\"summary_large_image\" \/>\n<meta name=\"twitter:label1\" content=\"Tiempo de lectura\" \/>\n\t<meta name=\"twitter:data1\" content=\"3 minutos\" \/>\n<script type=\"application\/ld+json\" class=\"yoast-schema-graph\">{\"@context\":\"https:\/\/schema.org\",\"@graph\":[{\"@type\":\"WebPage\",\"@id\":\"https:\/\/www.safinel.fr\/produit\/griffe-de-chat\/\",\"url\":\"https:\/\/www.safinel.fr\/produit\/griffe-de-chat\/\",\"name\":\"Griffe de chat (Uncaria tomentosa) I Liane du P\u00e9rou I 100% naturelle\",\"isPartOf\":{\"@id\":\"https:\/\/www.safinel.fr\/#website\"},\"primaryImageOfPage\":{\"@id\":\"https:\/\/www.safinel.fr\/produit\/griffe-de-chat\/#primaryimage\"},\"image\":{\"@id\":\"https:\/\/www.safinel.fr\/produit\/griffe-de-chat\/#primaryimage\"},\"thumbnailUrl\":\"https:\/\/www.safinel.fr\/wp-content\/uploads\/2022\/06\/griffe-de-chat.jpg\",\"datePublished\":\"2022-06-29T11:32:13+00:00\",\"dateModified\":\"2024-01-21T21:54:35+00:00\",\"description\":\"Son surnom suscite l\u2019intrigue, et pourtant, sa richesse a \u00e9t\u00e9 prouv\u00e9 \u00e0 de nombreuses reprises\u2026 D\u00e9couvrez la\u00a0griffe de chat\u00a0!\u00a0\",\"breadcrumb\":{\"@id\":\"https:\/\/www.safinel.fr\/produit\/griffe-de-chat\/#breadcrumb\"},\"inLanguage\":\"es\",\"potentialAction\":[{\"@type\":\"ReadAction\",\"target\":[\"https:\/\/www.safinel.fr\/produit\/griffe-de-chat\/\"]}]},{\"@type\":\"ImageObject\",\"inLanguage\":\"es\",\"@id\":\"https:\/\/www.safinel.fr\/produit\/griffe-de-chat\/#primaryimage\",\"url\":\"https:\/\/www.safinel.fr\/wp-content\/uploads\/2022\/06\/griffe-de-chat.jpg\",\"contentUrl\":\"https:\/\/www.safinel.fr\/wp-content\/uploads\/2022\/06\/griffe-de-chat.jpg\",\"width\":600,\"height\":600,\"caption\":\"Griffe de chat 50g\"},{\"@type\":\"BreadcrumbList\",\"@id\":\"https:\/\/www.safinel.fr\/produit\/griffe-de-chat\/#breadcrumb\",\"itemListElement\":[{\"@type\":\"ListItem\",\"position\":1,\"name\":\"Accueil\",\"item\":\"https:\/\/www.safinel.fr\/\"},{\"@type\":\"ListItem\",\"position\":2,\"name\":\"Boutique\",\"item\":\"https:\/\/www.safinel.fr\/boutique\/\"},{\"@type\":\"ListItem\",\"position\":3,\"name\":\"Griffe de chat 50g\"}]},{\"@type\":\"WebSite\",\"@id\":\"https:\/\/www.safinel.fr\/#website\",\"url\":\"https:\/\/www.safinel.fr\/\",\"name\":\"Safinel\",\"description\":\"\",\"publisher\":{\"@id\":\"https:\/\/www.safinel.fr\/#organization\"},\"potentialAction\":[{\"@type\":\"SearchAction\",\"target\":{\"@type\":\"EntryPoint\",\"urlTemplate\":\"https:\/\/www.safinel.fr\/?s={search_term_string}\"},\"query-input\":{\"@type\":\"PropertyValueSpecification\",\"valueRequired\":true,\"valueName\":\"search_term_string\"}}],\"inLanguage\":\"es\"},{\"@type\":\"Organization\",\"@id\":\"https:\/\/www.safinel.fr\/#organization\",\"name\":\"Safinel\",\"url\":\"https:\/\/www.safinel.fr\/\",\"logo\":{\"@type\":\"ImageObject\",\"inLanguage\":\"es\",\"@id\":\"https:\/\/www.safinel.fr\/#\/schema\/logo\/image\/\",\"url\":\"https:\/\/www.safinel.fr\/wp-content\/uploads\/2021\/05\/boutique-cosmetique.png\",\"contentUrl\":\"https:\/\/www.safinel.fr\/wp-content\/uploads\/2021\/05\/boutique-cosmetique.png\",\"width\":800,\"height\":200,\"caption\":\"Safinel\"},\"image\":{\"@id\":\"https:\/\/www.safinel.fr\/#\/schema\/logo\/image\/\"}}]}<\/script>\n<!-- \/ Yoast SEO plugin. -->","yoast_head_json":{"title":"U\u00f1a de gato (Uncaria tomentosa) I Liana peruana I 100% natural","description":"Su apodo es intrigante, pero su riqueza ha quedado demostrada una y otra vez... \u00a1Descubra la u\u00f1a de gato!\u00a0","robots":{"index":"index","follow":"follow","max-snippet":"max-snippet:-1","max-image-preview":"max-image-preview:large","max-video-preview":"max-video-preview:-1"},"canonical":"https:\/\/www.safinel.fr\/es\/product-2\/una-de-gato\/","og_locale":"es_ES","og_type":"article","og_title":"Griffe de chat (Uncaria tomentosa) I Liane du P\u00e9rou I 100% naturelle","og_description":"Son surnom suscite l\u2019intrigue, et pourtant, sa richesse a \u00e9t\u00e9 prouv\u00e9 \u00e0 de nombreuses reprises\u2026 D\u00e9couvrez la\u00a0griffe de chat\u00a0!\u00a0","og_url":"https:\/\/www.safinel.fr\/es\/product-2\/una-de-gato\/","og_site_name":"Safinel","article_modified_time":"2024-01-21T21:54:35+00:00","og_image":[{"width":600,"height":600,"url":"https:\/\/www.safinel.fr\/wp-content\/uploads\/2022\/06\/griffe-de-chat.jpg","type":"image\/jpeg"}],"twitter_card":"summary_large_image","twitter_misc":{"Tiempo de lectura":"3 minutos"},"schema":{"@context":"https:\/\/schema.org","@graph":[{"@type":"WebPage","@id":"https:\/\/www.safinel.fr\/produit\/griffe-de-chat\/","url":"https:\/\/www.safinel.fr\/produit\/griffe-de-chat\/","name":"U\u00f1a de gato (Uncaria tomentosa) I Liana peruana I 100% natural","isPartOf":{"@id":"https:\/\/www.safinel.fr\/#website"},"primaryImageOfPage":{"@id":"https:\/\/www.safinel.fr\/produit\/griffe-de-chat\/#primaryimage"},"image":{"@id":"https:\/\/www.safinel.fr\/produit\/griffe-de-chat\/#primaryimage"},"thumbnailUrl":"https:\/\/www.safinel.fr\/wp-content\/uploads\/2022\/06\/griffe-de-chat.jpg","datePublished":"2022-06-29T11:32:13+00:00","dateModified":"2024-01-21T21:54:35+00:00","description":"Su apodo es intrigante, pero su riqueza ha quedado demostrada una y otra vez... \u00a1Descubra la u\u00f1a de gato!\u00a0","breadcrumb":{"@id":"https:\/\/www.safinel.fr\/produit\/griffe-de-chat\/#breadcrumb"},"inLanguage":"es","potentialAction":[{"@type":"ReadAction","target":["https:\/\/www.safinel.fr\/produit\/griffe-de-chat\/"]}]},{"@type":"ImageObject","inLanguage":"es","@id":"https:\/\/www.safinel.fr\/produit\/griffe-de-chat\/#primaryimage","url":"https:\/\/www.safinel.fr\/wp-content\/uploads\/2022\/06\/griffe-de-chat.jpg","contentUrl":"https:\/\/www.safinel.fr\/wp-content\/uploads\/2022\/06\/griffe-de-chat.jpg","width":600,"height":600,"caption":"Griffe de chat 50g"},{"@type":"BreadcrumbList","@id":"https:\/\/www.safinel.fr\/produit\/griffe-de-chat\/#breadcrumb","itemListElement":[{"@type":"ListItem","position":1,"name":"Accueil","item":"https:\/\/www.safinel.fr\/"},{"@type":"ListItem","position":2,"name":"Boutique","item":"https:\/\/www.safinel.fr\/boutique\/"},{"@type":"ListItem","position":3,"name":"Griffe de chat 50g"}]},{"@type":"WebSite","@id":"https:\/\/www.safinel.fr\/#website","url":"https:\/\/www.safinel.fr\/","name":"Safinel","description":"","publisher":{"@id":"https:\/\/www.safinel.fr\/#organization"},"potentialAction":[{"@type":"SearchAction","target":{"@type":"EntryPoint","urlTemplate":"https:\/\/www.safinel.fr\/?s={search_term_string}"},"query-input":{"@type":"PropertyValueSpecification","valueRequired":true,"valueName":"search_term_string"}}],"inLanguage":"es"},{"@type":"Organization","@id":"https:\/\/www.safinel.fr\/#organization","name":"Safinel","url":"https:\/\/www.safinel.fr\/","logo":{"@type":"ImageObject","inLanguage":"es","@id":"https:\/\/www.safinel.fr\/#\/schema\/logo\/image\/","url":"https:\/\/www.safinel.fr\/wp-content\/uploads\/2021\/05\/boutique-cosmetique.png","contentUrl":"https:\/\/www.safinel.fr\/wp-content\/uploads\/2021\/05\/boutique-cosmetique.png","width":800,"height":200,"caption":"Safinel"},"image":{"@id":"https:\/\/www.safinel.fr\/#\/schema\/logo\/image\/"}}]}},"_links":{"self":[{"href":"https:\/\/www.safinel.fr\/es\/wp-json\/wp\/v2\/product\/1594","targetHints":{"allow":["GET"]}}],"collection":[{"href":"https:\/\/www.safinel.fr\/es\/wp-json\/wp\/v2\/product"}],"about":[{"href":"https:\/\/www.safinel.fr\/es\/wp-json\/wp\/v2\/types\/product"}],"wp:featuredmedia":[{"embeddable":true,"href":"https:\/\/www.safinel.fr\/es\/wp-json\/wp\/v2\/media\/1592"}],"wp:attachment":[{"href":"https:\/\/www.safinel.fr\/es\/wp-json\/wp\/v2\/media?parent=1594"}],"wp:term":[{"taxonomy":"product_brand","embeddable":true,"href":"https:\/\/www.safinel.fr\/es\/wp-json\/wp\/v2\/product_brand?post=1594"},{"taxonomy":"product_cat","embeddable":true,"href":"https:\/\/www.safinel.fr\/es\/wp-json\/wp\/v2\/product_cat?post=1594"},{"taxonomy":"product_tag","embeddable":true,"href":"https:\/\/www.safinel.fr\/es\/wp-json\/wp\/v2\/product_tag?post=1594"}],"curies":[{"name":"wp","href":"https:\/\/api.w.org\/{rel}","templated":true}]}}