{"id":152,"date":"2021-06-23T16:34:19","date_gmt":"2021-06-23T16:34:19","guid":{"rendered":"https:\/\/www.safinel.fr\/?post_type=product&#038;p=152"},"modified":"2023-12-30T13:56:46","modified_gmt":"2023-12-30T13:56:46","slug":"chebe-en-polvo-100g","status":"publish","type":"product","link":"https:\/\/www.safinel.fr\/es\/product-2\/chebe-en-polvo-100g\/","title":{"rendered":"Caf\u00e9 en polvo 100 g"},"content":{"rendered":"<p>La<b> polvo de ch\u00e9b\u00e9<span class=\"Apple-converted-space\">\u00a0<\/span><\/b>es parte integrante de nuestros mejores productos naturales gracias a sus fabulosas propiedades.<span class=\"Apple-converted-space\">\u00a0<\/span><\/p>\n<p>Procedente de \u00c1frica Central, este delicado polvo se convirti\u00f3 r\u00e1pidamente en nuestro favorito.<\/p>\n<p>Con su acci\u00f3n espec\u00edfica sobre el cabello, sorprende a muchos amantes de la cosm\u00e9tica... \u00a1Ahora te toca a ti probarlo!<\/p>\n<h2><b>Los c\u00e1lidos or\u00edgenes del polvo de ch\u00e9b\u00e9<\/b><\/h2>\n<p>Con un nombre tan original, el polvo de ch\u00e9b\u00e9 suele atraer la atenci\u00f3n de los m\u00e1s curiosos. \u00a1Y con raz\u00f3n!<\/p>\n<p>En efecto, ser\u00eda una pena perderse este polvo made in Chad.<\/p>\n<p>El secreto de la larga y hermosa cabellera de las mujeres chadianas fue descubierto por una tribu en una aldea remota.<span class=\"Apple-converted-space\">\u00a0<\/span><\/p>\n<p>Durante generaciones, la planta tropical ch\u00e9b\u00e9, tambi\u00e9n conocida como <b>Croton Zambezi, <\/b>forma parte de su cultura. Estas mujeres utilizaban las semillas, que tostaban para triturarlas. Finalmente, las trituraban hasta convertirlas en polvo, de ah\u00ed el intenso color oscuro del polvo.<\/p>\n<p>Se mojaban el pelo para aplicar el polvo de ch\u00e9b\u00e9. A continuaci\u00f3n, se trenzaban el pelo en las tradicionales trenzas conocidas como \u201c<b>gur\u00fas<\/b>\u201d.<\/p>\n<p>Este <b>Polvo chadiano<\/b> recoge principios activos que reflejan su reputaci\u00f3n. Por eso ha viajado hasta nuestras manos, \u00a1y pronto a las suyas!<\/p>\n<h2><b>Safinel ch\u00e9b\u00e9 en polvo<\/b><\/h2>\n<p>En Safinel, la calidad y la eficacia son nuestras m\u00e1ximas prioridades. Tanto m\u00e1s cuanto que su satisfacci\u00f3n es nuestra prioridad.<\/p>\n<p>Por eso estamos tan orgullosos de presentarle este <b>cosm\u00e9ticos naturales 100%,<\/b> hecho con esmero. Es f\u00e1cil de usar, suave con el cabello y deja resultados sorprendentes.<\/p>\n<p>Y para hacerlo a\u00fan m\u00e1s pr\u00e1ctico, lo presentamos en una bolsa kraft ecol\u00f3gica resellable.<\/p>\n<p>Contiene virtudes insospechadas que le haremos descubrir a medida que siga leyendo...<\/p>\n<h2><b>Polvo Cheb\u00e9: \u00bfpara qui\u00e9n?<\/b><\/h2>\n<p>El polvo de chebe es apreciado por <b>todo tipo de cabello.<\/b> Pero principalmente por <b>cabellos rizados, da\u00f1ados y afro, y en particular cabellos muy secos.<\/b><\/p>\n<p>Puede ser muy eficaz para las personas que tambi\u00e9n prestan atenci\u00f3n a los productos capilares que utilizan.<\/p>\n<p>Para no estropear los resultados de este polvo, te aconsejamos que utilices cosm\u00e9ticos saludables. En otras palabras, evita los productos qu\u00edmicos baratos.<\/p>\n<p>El polvo de ch\u00e9b\u00e9 seguido de un buen champ\u00fa y una mascarilla natural con <a href=\"https:\/\/www.henne-cheveux.com\/produit\/henne-en-poudre-burgundy\/\" target=\"_blank\" rel=\"noopener\"><strong>henna burdeos<\/strong><\/a> \u00a1puede ser la rutina de belleza perfecta!<\/p>\n<h2><b>Polvo de \u00e1rbol de t\u00e9 y sus maravillosos beneficios<span class=\"Apple-converted-space\">\u00a0<\/span><\/b><\/h2>\n<p>El aut\u00e9ntico polvo de ch\u00e9b\u00e9 tiene una serie de beneficios, los m\u00e1s importantes de los cuales se enumeran a continuaci\u00f3n:<\/p>\n<ul>\n<li>Es conocida sobre todo por <b>activar el crecimiento <\/b>de tu pelo; ;<\/li>\n<li>Rico en nutrientes, aporta lo que tu cabello necesita; ;<\/li>\n<li>Sobre todo porque este <b>polvo de semillas<\/b> tiene la facultad de<b> limitar los da\u00f1os <\/b>tu pelo<b> <\/b>;<\/li>\n<li>Este <b>Polvo chadiano <\/b>tiene una gran capacidad para <b>ralentizar la formaci\u00f3n de puntas abiertas<\/b> ;<\/li>\n<li>Tambi\u00e9n es excelente <b>contra la ca\u00edda del cabello<\/b> ;<\/li>\n<li>Este \u00faltimo tambi\u00e9n es un buen <b>t\u00f3nico fibra capilar<\/b> ;<\/li>\n<li>Tambi\u00e9n es famosa por<b> densificar el cabello <\/b>para hacerlos <b>m\u00e1s fuerte<\/b> ;<\/li>\n<li>El polvo de \u00e1rbol de t\u00e9 ayuda a <b>prevenir la caspa<\/b> ;<\/li>\n<li>Desde el punto de vista est\u00e9tico, tiene la capacidad de<b> dar m\u00e1s brillo a nuestro cabello<\/b>. Mientras que proporciona <b>gran vitalidad <\/b>y un <b>hidrataci\u00f3n profunda<\/b>. Adem\u00e1s de\u2019<b>mejorar la definici\u00f3n del bucle<\/b>.<\/li>\n<\/ul>\n<p>Con todos estos beneficios, el polvo de ch\u00e9b\u00e9 es digno de un tratamiento profesional. Basta con saber utilizarlo correctamente.<\/p>\n<h3><b>Tus nuevos rituales de belleza gracias al famoso polvo ch\u00e9b\u00e9<\/b><\/h3>\n<p>El polvo de chebe puede utilizarse de varias maneras, dependiendo de lo que se desee:<\/p>\n<p><b>1\/ Macer\u00e1ndolo:<\/b><\/p>\n<p>Basta con verter un poco de polvo de ch\u00e9b\u00e9 en un recipiente. A continuaci\u00f3n, c\u00fabrelo con unos 3 cm de aceite de arg\u00e1n, jojoba u oliva, seg\u00fan prefieras.<\/p>\n<p>Mezclar bien con una cuchara de madera. Por \u00faltimo, cierre el recipiente con la tapa.<\/p>\n<p>D\u00e9jalo reposar de 3 a 4 semanas, agitando el tarro de vez en cuando. Finalmente, puedes filtrar el aceite con un filtro de caf\u00e9, por ejemplo.<\/p>\n<p>De este modo, su ba\u00f1o de aceite ser\u00e1 a\u00fan m\u00e1s eficaz.<\/p>\n<p>Es bueno saberlo: Este macerado oleoso puede conservarse aproximadamente 1 a\u00f1o.<\/p>\n<p><b>2\/ Como m\u00e1scara :<\/b><\/p>\n<p>Coge un bol y vierte una cucharada de polvos. A continuaci\u00f3n, a\u00f1ade tus aceites vegetales favoritos mientras mezclas.<\/p>\n<p>A continuaci\u00f3n, humedece ligeramente el cabello y sep\u00e1ralo en varias secciones. Utiliza esta mezcla para tratar las puntas y los largos, deteni\u00e9ndote antes de las ra\u00edces.<\/p>\n<p>Lo ideal es dejar actuar durante 3 horas antes del champ\u00fa.<\/p>\n<p><b>3\/ E incluso en forma de mantequilla de ch\u00e9b\u00e9:<\/b><\/p>\n<p>Derretir la manteca de karit\u00e9 al ba\u00f1o mar\u00eda y meterla en la nevera. Cuando adquiera una textura cremosa, b\u00e1tala con una batidora el\u00e9ctrica.<\/p>\n<p>A\u00f1adir el aceite obtenido en el m\u00e9todo 1 y batir de nuevo.<\/p>\n<p><i>El truco:<\/i> Puede a\u00f1adir gotas de vitamina E para mejorar la conservaci\u00f3n.<span class=\"Apple-converted-space\">\u00a0<\/span><\/p>\n<p><i>Utiliza el polvo de ch\u00e9b\u00e9 una o dos veces por semana para una eficacia sin precedentes.<\/i><\/p>\n<h3><b>Precauciones y almacenamiento<span class=\"Apple-converted-space\">\u00a0<\/span><\/b><\/h3>\n<ul>\n<li>El polvo Chebeye tiende a mancharse r\u00e1pidamente, as\u00ed que vigila tu ropa.<\/li>\n<li>No debe aplicarse sobre el cuero cabelludo. Del mismo modo, si entra en contacto con los ojos, acl\u00e1relos inmediatamente con agua limpia.<span class=\"Apple-converted-space\">\u00a0<\/span><\/li>\n<li>Realice una prueba de alergia con 24 a 48 horas de antelaci\u00f3n. Tambi\u00e9n es esencial mantener este cosm\u00e9tico fuera del alcance de los ni\u00f1os.<\/li>\n<li>Gu\u00e1rdelo en un lugar fresco, seco y protegido de la luz.<\/li>\n<\/ul>\n<h3><b>Descubramos algunos productos incre\u00edbles...<\/b><\/h3>\n<p>De hecho, no s\u00f3lo el polvo de ch\u00e9b\u00e9 ha dado que hablar.<\/p>\n<p>Siguiendo con el tema del \u201cbienestar\u201d, Safinel tiene muchas formas de sorprenderle con :<\/p>\n<ul>\n<li>Su fabuloso <a href=\"https:\/\/www.safinel.fr\/es\/product-2\/salvia-sclarea\/\"><b>Salvia sclarea<\/b><\/a> para mejorar la fertilidad y cuidarse; ;<\/li>\n<li>Tambi\u00e9n gracias a su deliciosa tisana con <a href=\"https:\/\/www.safinel.fr\/es\/product-2\/tallos-de-cerezo\/\"><b>Colas de cereza<\/b><\/a> excelente para la salud ;<\/li>\n<li>Y, entre otras cosas, con su ingenioso <a href=\"https:\/\/www.ma-fertilite.com\/produit\/feuilles-de-djeka\" target=\"_blank\" rel=\"noopener\"><b>Djeka se va<\/b><\/a> para cuidar tus partes privadas...<\/li>\n<\/ul>\n<p>De ti depende descubrirlas <b>joyas de la naturaleza<\/b> con nuestros consejos y sugerencias.<\/p>","protected":false},"excerpt":{"rendered":"<p>El polvo de ch\u00e9b\u00e9 forma parte integrante de nuestros mejores productos naturales gracias a sus fabulosas propiedades. Procedente de \u00c1frica Central, este delicado polvo se ha convertido r\u00e1pidamente en nuestro favorito. Con su acci\u00f3n espec\u00edfica sobre el cabello, sorprende a muchos amantes de los cosm\u00e9ticos... \u00a1Ahora te toca a ti probarlo! Los c\u00e1lidos or\u00edgenes de [\u2026]","protected":false},"featured_media":153,"template":"","meta":[],"product_brand":[],"product_cat":[148,27,110],"product_tag":[],"class_list":{"0":"post-152","1":"product","2":"type-product","3":"status-publish","4":"has-post-thumbnail","6":"product_cat-chebe","7":"product_cat-plantes-medicinales","8":"product_cat-poudre-cheveux-ayurvedique","10":"first","11":"instock","12":"shipping-taxable","13":"purchasable","14":"product-type-simple"},"yoast_head":"<!-- This site is optimized with the Yoast SEO plugin v26.6 - https:\/\/yoast.com\/wordpress\/plugins\/seo\/ -->\n<title>Poudre de ch\u00e9b\u00e9 | Recette poudre de ch\u00e9b\u00e9 | Achat s\u00e9curis\u00e9<\/title>\n<meta name=\"description\" content=\"La poudre de ch\u00e9b\u00e9 (poudre tchadienne)\u00a0fait int\u00e9gralement partie de nos meilleurs produits naturels gr\u00e2ce \u00e0 ses fabuleuses propri\u00e9t\u00e9s.\u00a0\" \/>\n<meta name=\"robots\" content=\"index, follow, max-snippet:-1, max-image-preview:large, max-video-preview:-1\" \/>\n<link rel=\"canonical\" href=\"https:\/\/www.safinel.fr\/es\/product-2\/chebe-en-polvo-100g\/\" \/>\n<meta property=\"og:locale\" content=\"es_ES\" \/>\n<meta property=\"og:type\" content=\"article\" \/>\n<meta property=\"og:title\" content=\"Poudre de ch\u00e9b\u00e9 | Recette poudre de ch\u00e9b\u00e9 | Achat s\u00e9curis\u00e9\" \/>\n<meta property=\"og:description\" content=\"La poudre de ch\u00e9b\u00e9 (poudre tchadienne)\u00a0fait int\u00e9gralement partie de nos meilleurs produits naturels gr\u00e2ce \u00e0 ses fabuleuses propri\u00e9t\u00e9s.\u00a0\" \/>\n<meta property=\"og:url\" content=\"https:\/\/www.safinel.fr\/es\/product-2\/chebe-en-polvo-100g\/\" \/>\n<meta property=\"og:site_name\" content=\"Safinel\" \/>\n<meta property=\"article:modified_time\" content=\"2023-12-30T13:56:46+00:00\" \/>\n<meta property=\"og:image\" content=\"https:\/\/www.safinel.fr\/wp-content\/uploads\/2021\/06\/poudre-chebe.jpg\" \/>\n\t<meta property=\"og:image:width\" content=\"1001\" \/>\n\t<meta property=\"og:image:height\" content=\"1001\" \/>\n\t<meta property=\"og:image:type\" content=\"image\/jpeg\" \/>\n<meta name=\"twitter:card\" content=\"summary_large_image\" \/>\n<meta name=\"twitter:label1\" content=\"Tiempo de lectura\" \/>\n\t<meta name=\"twitter:data1\" content=\"5 minutos\" \/>\n<script type=\"application\/ld+json\" class=\"yoast-schema-graph\">{\"@context\":\"https:\/\/schema.org\",\"@graph\":[{\"@type\":\"WebPage\",\"@id\":\"https:\/\/www.safinel.fr\/produit\/poudre-de-chebe-100g\/\",\"url\":\"https:\/\/www.safinel.fr\/produit\/poudre-de-chebe-100g\/\",\"name\":\"Poudre de ch\u00e9b\u00e9 | Recette poudre de ch\u00e9b\u00e9 | Achat s\u00e9curis\u00e9\",\"isPartOf\":{\"@id\":\"https:\/\/www.safinel.fr\/#website\"},\"primaryImageOfPage\":{\"@id\":\"https:\/\/www.safinel.fr\/produit\/poudre-de-chebe-100g\/#primaryimage\"},\"image\":{\"@id\":\"https:\/\/www.safinel.fr\/produit\/poudre-de-chebe-100g\/#primaryimage\"},\"thumbnailUrl\":\"https:\/\/www.safinel.fr\/wp-content\/uploads\/2021\/06\/poudre-chebe.jpg\",\"datePublished\":\"2021-06-23T16:34:19+00:00\",\"dateModified\":\"2023-12-30T13:56:46+00:00\",\"description\":\"La poudre de ch\u00e9b\u00e9 (poudre tchadienne)\u00a0fait int\u00e9gralement partie de nos meilleurs produits naturels gr\u00e2ce \u00e0 ses fabuleuses propri\u00e9t\u00e9s.\u00a0\",\"breadcrumb\":{\"@id\":\"https:\/\/www.safinel.fr\/produit\/poudre-de-chebe-100g\/#breadcrumb\"},\"inLanguage\":\"es\",\"potentialAction\":[{\"@type\":\"ReadAction\",\"target\":[\"https:\/\/www.safinel.fr\/produit\/poudre-de-chebe-100g\/\"]}]},{\"@type\":\"ImageObject\",\"inLanguage\":\"es\",\"@id\":\"https:\/\/www.safinel.fr\/produit\/poudre-de-chebe-100g\/#primaryimage\",\"url\":\"https:\/\/www.safinel.fr\/wp-content\/uploads\/2021\/06\/poudre-chebe.jpg\",\"contentUrl\":\"https:\/\/www.safinel.fr\/wp-content\/uploads\/2021\/06\/poudre-chebe.jpg\",\"width\":1001,\"height\":1001,\"caption\":\"Poudre de ch\u00e9b\u00e9 100g\"},{\"@type\":\"BreadcrumbList\",\"@id\":\"https:\/\/www.safinel.fr\/produit\/poudre-de-chebe-100g\/#breadcrumb\",\"itemListElement\":[{\"@type\":\"ListItem\",\"position\":1,\"name\":\"Accueil\",\"item\":\"https:\/\/www.safinel.fr\/\"},{\"@type\":\"ListItem\",\"position\":2,\"name\":\"Boutique\",\"item\":\"https:\/\/www.safinel.fr\/boutique\/\"},{\"@type\":\"ListItem\",\"position\":3,\"name\":\"Poudre de ch\u00e9b\u00e9 100g\"}]},{\"@type\":\"WebSite\",\"@id\":\"https:\/\/www.safinel.fr\/#website\",\"url\":\"https:\/\/www.safinel.fr\/\",\"name\":\"Safinel\",\"description\":\"\",\"publisher\":{\"@id\":\"https:\/\/www.safinel.fr\/#organization\"},\"potentialAction\":[{\"@type\":\"SearchAction\",\"target\":{\"@type\":\"EntryPoint\",\"urlTemplate\":\"https:\/\/www.safinel.fr\/?s={search_term_string}\"},\"query-input\":{\"@type\":\"PropertyValueSpecification\",\"valueRequired\":true,\"valueName\":\"search_term_string\"}}],\"inLanguage\":\"es\"},{\"@type\":\"Organization\",\"@id\":\"https:\/\/www.safinel.fr\/#organization\",\"name\":\"Safinel\",\"url\":\"https:\/\/www.safinel.fr\/\",\"logo\":{\"@type\":\"ImageObject\",\"inLanguage\":\"es\",\"@id\":\"https:\/\/www.safinel.fr\/#\/schema\/logo\/image\/\",\"url\":\"https:\/\/www.safinel.fr\/wp-content\/uploads\/2021\/05\/boutique-cosmetique.png\",\"contentUrl\":\"https:\/\/www.safinel.fr\/wp-content\/uploads\/2021\/05\/boutique-cosmetique.png\",\"width\":800,\"height\":200,\"caption\":\"Safinel\"},\"image\":{\"@id\":\"https:\/\/www.safinel.fr\/#\/schema\/logo\/image\/\"}}]}<\/script>\n<!-- \/ Yoast SEO plugin. -->","yoast_head_json":{"title":"Caf\u00e9 en polvo | Receta de caf\u00e9 en polvo | Compra segura","description":"Gracias a sus fabulosas propiedades, el polvo de ch\u00e9b\u00e9 es uno de nuestros mejores productos naturales.\u00a0","robots":{"index":"index","follow":"follow","max-snippet":"max-snippet:-1","max-image-preview":"max-image-preview:large","max-video-preview":"max-video-preview:-1"},"canonical":"https:\/\/www.safinel.fr\/es\/product-2\/chebe-en-polvo-100g\/","og_locale":"es_ES","og_type":"article","og_title":"Poudre de ch\u00e9b\u00e9 | Recette poudre de ch\u00e9b\u00e9 | Achat s\u00e9curis\u00e9","og_description":"La poudre de ch\u00e9b\u00e9 (poudre tchadienne)\u00a0fait int\u00e9gralement partie de nos meilleurs produits naturels gr\u00e2ce \u00e0 ses fabuleuses propri\u00e9t\u00e9s.\u00a0","og_url":"https:\/\/www.safinel.fr\/es\/product-2\/chebe-en-polvo-100g\/","og_site_name":"Safinel","article_modified_time":"2023-12-30T13:56:46+00:00","og_image":[{"width":1001,"height":1001,"url":"https:\/\/www.safinel.fr\/wp-content\/uploads\/2021\/06\/poudre-chebe.jpg","type":"image\/jpeg"}],"twitter_card":"summary_large_image","twitter_misc":{"Tiempo de lectura":"5 minutos"},"schema":{"@context":"https:\/\/schema.org","@graph":[{"@type":"WebPage","@id":"https:\/\/www.safinel.fr\/produit\/poudre-de-chebe-100g\/","url":"https:\/\/www.safinel.fr\/produit\/poudre-de-chebe-100g\/","name":"Caf\u00e9 en polvo | Receta de caf\u00e9 en polvo | Compra segura","isPartOf":{"@id":"https:\/\/www.safinel.fr\/#website"},"primaryImageOfPage":{"@id":"https:\/\/www.safinel.fr\/produit\/poudre-de-chebe-100g\/#primaryimage"},"image":{"@id":"https:\/\/www.safinel.fr\/produit\/poudre-de-chebe-100g\/#primaryimage"},"thumbnailUrl":"https:\/\/www.safinel.fr\/wp-content\/uploads\/2021\/06\/poudre-chebe.jpg","datePublished":"2021-06-23T16:34:19+00:00","dateModified":"2023-12-30T13:56:46+00:00","description":"Gracias a sus fabulosas propiedades, el polvo de ch\u00e9b\u00e9 es uno de nuestros mejores productos naturales.\u00a0","breadcrumb":{"@id":"https:\/\/www.safinel.fr\/produit\/poudre-de-chebe-100g\/#breadcrumb"},"inLanguage":"es","potentialAction":[{"@type":"ReadAction","target":["https:\/\/www.safinel.fr\/produit\/poudre-de-chebe-100g\/"]}]},{"@type":"ImageObject","inLanguage":"es","@id":"https:\/\/www.safinel.fr\/produit\/poudre-de-chebe-100g\/#primaryimage","url":"https:\/\/www.safinel.fr\/wp-content\/uploads\/2021\/06\/poudre-chebe.jpg","contentUrl":"https:\/\/www.safinel.fr\/wp-content\/uploads\/2021\/06\/poudre-chebe.jpg","width":1001,"height":1001,"caption":"Poudre de ch\u00e9b\u00e9 100g"},{"@type":"BreadcrumbList","@id":"https:\/\/www.safinel.fr\/produit\/poudre-de-chebe-100g\/#breadcrumb","itemListElement":[{"@type":"ListItem","position":1,"name":"Accueil","item":"https:\/\/www.safinel.fr\/"},{"@type":"ListItem","position":2,"name":"Boutique","item":"https:\/\/www.safinel.fr\/boutique\/"},{"@type":"ListItem","position":3,"name":"Poudre de ch\u00e9b\u00e9 100g"}]},{"@type":"WebSite","@id":"https:\/\/www.safinel.fr\/#website","url":"https:\/\/www.safinel.fr\/","name":"Safinel","description":"","publisher":{"@id":"https:\/\/www.safinel.fr\/#organization"},"potentialAction":[{"@type":"SearchAction","target":{"@type":"EntryPoint","urlTemplate":"https:\/\/www.safinel.fr\/?s={search_term_string}"},"query-input":{"@type":"PropertyValueSpecification","valueRequired":true,"valueName":"search_term_string"}}],"inLanguage":"es"},{"@type":"Organization","@id":"https:\/\/www.safinel.fr\/#organization","name":"Safinel","url":"https:\/\/www.safinel.fr\/","logo":{"@type":"ImageObject","inLanguage":"es","@id":"https:\/\/www.safinel.fr\/#\/schema\/logo\/image\/","url":"https:\/\/www.safinel.fr\/wp-content\/uploads\/2021\/05\/boutique-cosmetique.png","contentUrl":"https:\/\/www.safinel.fr\/wp-content\/uploads\/2021\/05\/boutique-cosmetique.png","width":800,"height":200,"caption":"Safinel"},"image":{"@id":"https:\/\/www.safinel.fr\/#\/schema\/logo\/image\/"}}]}},"_links":{"self":[{"href":"https:\/\/www.safinel.fr\/es\/wp-json\/wp\/v2\/product\/152","targetHints":{"allow":["GET"]}}],"collection":[{"href":"https:\/\/www.safinel.fr\/es\/wp-json\/wp\/v2\/product"}],"about":[{"href":"https:\/\/www.safinel.fr\/es\/wp-json\/wp\/v2\/types\/product"}],"wp:featuredmedia":[{"embeddable":true,"href":"https:\/\/www.safinel.fr\/es\/wp-json\/wp\/v2\/media\/153"}],"wp:attachment":[{"href":"https:\/\/www.safinel.fr\/es\/wp-json\/wp\/v2\/media?parent=152"}],"wp:term":[{"taxonomy":"product_brand","embeddable":true,"href":"https:\/\/www.safinel.fr\/es\/wp-json\/wp\/v2\/product_brand?post=152"},{"taxonomy":"product_cat","embeddable":true,"href":"https:\/\/www.safinel.fr\/es\/wp-json\/wp\/v2\/product_cat?post=152"},{"taxonomy":"product_tag","embeddable":true,"href":"https:\/\/www.safinel.fr\/es\/wp-json\/wp\/v2\/product_tag?post=152"}],"curies":[{"name":"wp","href":"https:\/\/api.w.org\/{rel}","templated":true}]}}