{"id":14832,"date":"2024-09-05T11:44:08","date_gmt":"2024-09-05T11:44:08","guid":{"rendered":"https:\/\/www.safinel.fr\/?post_type=product&#038;p=14832"},"modified":"2025-04-07T09:20:22","modified_gmt":"2025-04-07T09:20:22","slug":"pasta-de-mandioca-chikwangue","status":"publish","type":"product","link":"https:\/\/www.safinel.fr\/es\/product-2\/pasta-de-mandioca-chikwangue\/","title":{"rendered":"Pasta de mandioca precocida envasada al vac\u00edo Chikwangue - 500g"},"content":{"rendered":"<p><strong>Safinel<\/strong>, su\u00a0<strong>tienda online de cosm\u00e9tica natural<\/strong>\u00a0le invita a descubrir una amplia gama de productos\u00a0<strong>Alimentaci\u00f3n africana<\/strong>. En particular, el\u00a0<strong>chikwangue<\/strong>.<\/p>\n<p>Si ya lo sabe\u00a0<strong>Producto africano<\/strong>, Pero nada le impide seguir leyendo. Puede que aprenda m\u00e1s cosas sobre un alimento del que cre\u00eda saberlo todo.<\/p>\n<p>Si no, este art\u00edculo le dar\u00e1 la oportunidad de familiarizarse con la\u00a0<strong>productos \u00e9tnicos<\/strong>. Y, esperamos, inspirarte para que pruebes otros.\u00a0<strong>sabores del mundo<\/strong>\u00a0!<\/p>\n<h2><strong>\u00bfQu\u00e9 es el chikwangue?<\/strong><\/h2>\n<h3><strong>Origen y denominaci\u00f3n<\/strong><\/h3>\n<p>Si el\u00a0<strong>Cocina africana<\/strong>\u00a0se ha hecho muy popular en Francia, el chikwangue sigue siendo desconocido para el gran p\u00fablico. Sin embargo, es un plato tradicional muy apreciado, sobre todo entre los congole\u00f1os.<\/p>\n<p>Tanto si vives a uno u otro lado del r\u00edo, en Congo-Kinshasa o en Congo-Brazzaville, forma parte de tus h\u00e1bitos alimentarios.<\/p>\n<p>Sin embargo, se encuentra en toda la cuenca del r\u00edo Congo, en Camer\u00fan, la Rep\u00fablica Centroafricana y Gab\u00f3n, con algunas variaciones, sobre todo en su nombre.<\/p>\n<p>En el Congo, se conoce como\u00a0<strong>kwanga<\/strong>\u00a0en lingala y\u00a0<strong>kikwanga<\/strong>\u00a0en Kikongo. Para Camer\u00fan, es\u00a0<strong>bobolo<\/strong>\u00a0qui\u00e9n gana. En Gab\u00f3n, hablaremos de\u00a0<strong>agnizock<\/strong>\u00a0o incluso\u00a0<strong>pita<\/strong>. Tambi\u00e9n es posible verlo escrito\u00a0<strong>chikouang.\u00a0<\/strong>O para o\u00edr hablar de<strong>\u00a0palito de jud\u00eda,\u00a0<\/strong>de<strong>\u00a0palo de mandioca\u00a0<\/strong>e incluso<strong>\u00a0pan de mandioca.<\/strong><\/p>\n<h2><strong>Descripci\u00f3n de chikwangue<\/strong><\/h2>\n<p>Como puede ver, el chikwangue, al igual que el\u00a0<strong>foufou<\/strong>, es un producto derivado de\u00a0<strong><a href=\"https:\/\/www.safinel.fr\/es\/mandioca\/\">mandioca<\/a><\/strong>. M\u00e1s concretamente, se trata de un\u00a0<strong>pasta de mandioca.\u00a0<\/strong><\/p>\n<p>Se trata de un\u00a0<strong>almid\u00f3n<\/strong>, originalmente destinado a alimentar a los viajeros que recorr\u00edan largas distancias. Su larga vida \u00fatil, su practicidad y su alto poder saciante y nutritivo lo convirtieron en un tentempi\u00e9 de elecci\u00f3n.<\/p>\n<p>Se presenta en forma de pasta blanca, m\u00e1s o menos densa, tierna y pegajosa seg\u00fan la preparaci\u00f3n. Estirado en forma de salchicha, su sabor es poco pronunciado, si no un poco amargo, seg\u00fan el grado de fermentaci\u00f3n.<\/p>\n<p>Por este motivo, se utiliza m\u00e1s como acompa\u00f1amiento de platos principales, del mismo modo que el pan.<\/p>\n<p>Tradicionalmente, se envuelve en hojas de pl\u00e1tano o de otros \u00e1rboles para darle un sabor especial. Desgraciadamente, no es raro ver el\u00a0<strong>chikouangue<\/strong>\u00a0envuelto en pl\u00e1stico en estos d\u00edas.<\/p>\n<h2><strong>Degustaci\u00f3n<\/strong><\/h2>\n<p>El pan de mandioca se come con la mano, cortado en trozos peque\u00f1os. Se amasan entre los dedos como si fueran migas. Va bien con carne a la parrilla, pescado, verduras o incluso platos en salsa.<\/p>\n<h3><strong>Beneficios nutricionales del chikwangue<\/strong><\/h3>\n<p>Las barritas de yuca ofrecen muchos beneficios nutricionales.<\/p>\n<p>En primer lugar, es extremadamente saciante. Una peque\u00f1a cantidad basta para saciar hasta el apetito m\u00e1s hambriento. Esto se debe en parte a su alto contenido en fibra y almid\u00f3n.<\/p>\n<p>Por otro lado, hay que tener en cuenta que estas mismas fibras pueden resultar pesadas y dif\u00edciles de digerir. Sobre todo si no est\u00e1s acostumbrado a comerlas. Por ello, te recomendamos que moderes su ingesta al principio, hasta que tu cuerpo se familiarice con ellas.<\/p>\n<p>En resumen, las alubias son ricas en hidratos de carbono, vitaminas y minerales. Tambi\u00e9n son bajas en grasas, prote\u00ednas y gluten. As\u00ed que puedes disfrutar de ellas sin preocuparte demasiado por tu cintura. Al contrario, su efecto inhibidor del apetito puede incluso ayudarte a adelgazar.<\/p>\n<p>Adem\u00e1s, puede aliviar ciertos problemas digestivos como ardor de est\u00f3mago, flatulencia, diarrea, acidez, etc., debido a la gran cantidad de almid\u00f3n que contiene.<\/p>\n<h2><strong>\u00bfC\u00f3mo se prepara el pan de yuca?<\/strong><\/h2>\n<p>La preparaci\u00f3n de este plato es bastante larga y laboriosa. Puede llevar hasta dos semanas en total. As\u00ed que hay que armarse de paciencia. Sin embargo, una vez que hayas preparado suficiente chikwangue, tendr\u00e1s para comer durante mucho tiempo. Para todas las comidas: por la ma\u00f1ana, al mediod\u00eda, por la noche, para merendar o para cuando est\u00e9s fuera de casa. Es f\u00e1cil de llevar y se conserva durante mucho tiempo.<\/p>\n<ul>\n<li>Primero se limpian, pelan y cortan los tub\u00e9rculos de yuca. A continuaci\u00f3n, se remojan en agua durante varios d\u00edas. El objetivo es ablandarlos y eliminar sus fibras y ra\u00edces. A continuaci\u00f3n, los tub\u00e9rculos se desmenuzan a mano, se tamizan, se colocan en el fondo de la cubeta y se extrae el sobrenadante.<\/li>\n<li>La pasta resultante se deja escurrir en un saco de yute. La duraci\u00f3n de este proceso de fermentaci\u00f3n var\u00eda de una tribu a otra y de una regi\u00f3n a otra. Medio d\u00eda, dos d\u00edas, cada uno tiene su propio protocolo.<\/li>\n<li>A continuaci\u00f3n, la masa fermentada se trabaja sobre una tabla de madera. Se amasa a mano o con un rodillo. El resultado es una consistencia suave y homog\u00e9nea y un bonito color blanco.<\/li>\n<li>Por \u00faltimo, se cuece al vapor y se le da forma de salchichas de tama\u00f1o y longitud variables.<\/li>\n<li>Por \u00faltimo, el chikwangue se envuelve en hojas de pl\u00e1tano y se guisa por segunda vez.<\/li>\n<\/ul>\n<h2><strong>\u00bfHas o\u00eddo hablar de la petit cola?<\/strong><\/h2>\n<p><strong>Nuez de cola, nuez de cola, kola<\/strong>, este\u00a0<strong>Nuez africana<\/strong>\u00a0tiene varios nombres y graf\u00edas.<\/p>\n<p>Safinel se convierte en embajador de\u00a0<strong>Productos africanos<\/strong>\u00a0y tambi\u00e9n le invita a descubrir su\u00a0<strong><a href=\"https:\/\/www.safinel.fr\/es\/product-2\/cola-pequena\/\">cola peque\u00f1a<\/a>.<\/strong><\/p>\n<p><strong>Semillas del \u00e1rbol kolatier,\u00a0<\/strong>Es originario de \u00c1frica Central y Occidental, donde se cultiva ampliamente. Este fruto seco marr\u00f3n, alargado y de sabor amargo tiene muchas virtudes.<\/p>\n<ul>\n<li>En primer lugar, se dice que es estimulante, astringente, afrodis\u00edaco y diur\u00e9tico. Tambi\u00e9n se dice que favorece la p\u00e9rdida de peso y aumenta la tensi\u00f3n arterial.<\/li>\n<li>Tambi\u00e9n se cree que aumenta la atenci\u00f3n y el rendimiento, como la memoria y el aprendizaje.<\/li>\n<li>Se cree que ayuda a combatir la somnolencia, la fatiga, la depresi\u00f3n y la ansiedad.\u00a0<strong>migra\u00f1as.<\/strong><\/li>\n<li>La petit cola mejora el aliento y alivia las enfermedades bucales.<\/li>\n<li>Tambi\u00e9n alivia los dolores menstruales.<\/li>\n<li>Por \u00faltimo, la kola puede utilizarse para tratar quistes ov\u00e1ricos, fibromas y obstrucci\u00f3n de las trompas de Falopio. Es, por tanto, un excelente aliado para la mujer y la fertilidad.<\/li>\n<\/ul>\n<p>Entonces, \u00bfqu\u00e9 dir\u00edas de explorar el\u00a0<strong>palito de jud\u00eda<\/strong>\u00a0y\u00a0<strong>nuez de cola<\/strong> con Safinel?<\/p>","protected":false},"excerpt":{"rendered":"<p><img decoding=\"async\" class=\"size-full wp-image-5091 aligncenter\" src=\"https:\/\/www.safinel.fr\/wp-content\/uploads\/2021\/06\/BANNIERE-ICONE-SAFINEL.webp\" alt=\"reaseguro de sat\u00e9n\" width=\"800\" height=\"200\" srcset=\"https:\/\/www.safinel.fr\/wp-content\/uploads\/2021\/06\/BANNIERE-ICONE-SAFINEL.webp 800w, https:\/\/www.safinel.fr\/wp-content\/uploads\/2021\/06\/BANNIERE-ICONE-SAFINEL-600x150.webp 600w, https:\/\/www.safinel.fr\/wp-content\/uploads\/2021\/06\/BANNIERE-ICONE-SAFINEL-768x192.webp 768w\" sizes=\"(max-width: 800px) 100vw, 800px\" \/><\/p>","protected":false},"featured_media":14833,"template":"","meta":[],"product_brand":[],"product_cat":[44,150],"product_tag":[],"class_list":{"0":"post-14832","1":"product","2":"type-product","3":"status-publish","4":"has-post-thumbnail","6":"product_cat-epices","7":"product_cat-legume-africain","9":"first","10":"outofstock","11":"shipping-taxable","12":"purchasable","13":"product-type-simple"},"yoast_head":"<!-- This site is optimized with the Yoast SEO plugin v26.6 - https:\/\/yoast.com\/wordpress\/plugins\/seo\/ -->\n<title>Chikwangue | P\u00e2te de manioc pr\u00e9cuite sous vide | Achat en France<\/title>\n<meta name=\"description\" content=\"Safinel, votre\u00a0boutique cosm\u00e9tique naturelle en ligne\u00a0vous propose de d\u00e9couvrir de nombreux produits\u00a0d\u2019\u00e9picerie africaine. Et notamment, la\u00a0chikwangue.\" \/>\n<meta name=\"robots\" content=\"index, follow, max-snippet:-1, max-image-preview:large, max-video-preview:-1\" \/>\n<link rel=\"canonical\" href=\"https:\/\/www.safinel.fr\/es\/product-2\/pasta-de-mandioca-chikwangue\/\" \/>\n<meta property=\"og:locale\" content=\"es_ES\" \/>\n<meta property=\"og:type\" content=\"article\" \/>\n<meta property=\"og:title\" content=\"Chikwangue | P\u00e2te de manioc pr\u00e9cuite sous vide | Achat en France\" \/>\n<meta property=\"og:description\" content=\"Safinel, votre\u00a0boutique cosm\u00e9tique naturelle en ligne\u00a0vous propose de d\u00e9couvrir de nombreux produits\u00a0d\u2019\u00e9picerie africaine. Et notamment, la\u00a0chikwangue.\" \/>\n<meta property=\"og:url\" content=\"https:\/\/www.safinel.fr\/es\/product-2\/pasta-de-mandioca-chikwangue\/\" \/>\n<meta property=\"og:site_name\" content=\"Safinel\" \/>\n<meta property=\"article:modified_time\" content=\"2025-04-07T09:20:22+00:00\" \/>\n<meta property=\"og:image\" content=\"https:\/\/www.safinel.fr\/wp-content\/uploads\/2024\/09\/ch.jpg\" \/>\n\t<meta property=\"og:image:width\" content=\"600\" \/>\n\t<meta property=\"og:image:height\" content=\"600\" \/>\n\t<meta property=\"og:image:type\" content=\"image\/jpeg\" \/>\n<meta name=\"twitter:card\" content=\"summary_large_image\" \/>\n<meta name=\"twitter:label1\" content=\"Tiempo de lectura\" \/>\n\t<meta name=\"twitter:data1\" content=\"6 minutos\" \/>\n<script type=\"application\/ld+json\" class=\"yoast-schema-graph\">{\"@context\":\"https:\/\/schema.org\",\"@graph\":[{\"@type\":\"WebPage\",\"@id\":\"https:\/\/www.safinel.fr\/produit\/chikwangue-pate-de-manioc\/\",\"url\":\"https:\/\/www.safinel.fr\/produit\/chikwangue-pate-de-manioc\/\",\"name\":\"Chikwangue | P\u00e2te de manioc pr\u00e9cuite sous vide | Achat en France\",\"isPartOf\":{\"@id\":\"https:\/\/www.safinel.fr\/#website\"},\"primaryImageOfPage\":{\"@id\":\"https:\/\/www.safinel.fr\/produit\/chikwangue-pate-de-manioc\/#primaryimage\"},\"image\":{\"@id\":\"https:\/\/www.safinel.fr\/produit\/chikwangue-pate-de-manioc\/#primaryimage\"},\"thumbnailUrl\":\"https:\/\/www.safinel.fr\/wp-content\/uploads\/2024\/09\/ch.jpg\",\"datePublished\":\"2024-09-05T11:44:08+00:00\",\"dateModified\":\"2025-04-07T09:20:22+00:00\",\"description\":\"Safinel, votre\u00a0boutique cosm\u00e9tique naturelle en ligne\u00a0vous propose de d\u00e9couvrir de nombreux produits\u00a0d\u2019\u00e9picerie africaine. Et notamment, la\u00a0chikwangue.\",\"breadcrumb\":{\"@id\":\"https:\/\/www.safinel.fr\/produit\/chikwangue-pate-de-manioc\/#breadcrumb\"},\"inLanguage\":\"es\",\"potentialAction\":[{\"@type\":\"ReadAction\",\"target\":[\"https:\/\/www.safinel.fr\/produit\/chikwangue-pate-de-manioc\/\"]}]},{\"@type\":\"ImageObject\",\"inLanguage\":\"es\",\"@id\":\"https:\/\/www.safinel.fr\/produit\/chikwangue-pate-de-manioc\/#primaryimage\",\"url\":\"https:\/\/www.safinel.fr\/wp-content\/uploads\/2024\/09\/ch.jpg\",\"contentUrl\":\"https:\/\/www.safinel.fr\/wp-content\/uploads\/2024\/09\/ch.jpg\",\"width\":600,\"height\":600,\"caption\":\"Chikwangue p\u00e2te de manioc pr\u00e9cuite sous vide - 500g\"},{\"@type\":\"BreadcrumbList\",\"@id\":\"https:\/\/www.safinel.fr\/produit\/chikwangue-pate-de-manioc\/#breadcrumb\",\"itemListElement\":[{\"@type\":\"ListItem\",\"position\":1,\"name\":\"Accueil\",\"item\":\"https:\/\/www.safinel.fr\/\"},{\"@type\":\"ListItem\",\"position\":2,\"name\":\"Boutique\",\"item\":\"https:\/\/www.safinel.fr\/boutique\/\"},{\"@type\":\"ListItem\",\"position\":3,\"name\":\"Chikwangue p\u00e2te de manioc pr\u00e9cuite sous vide &#8211; 500g\"}]},{\"@type\":\"WebSite\",\"@id\":\"https:\/\/www.safinel.fr\/#website\",\"url\":\"https:\/\/www.safinel.fr\/\",\"name\":\"Safinel\",\"description\":\"\",\"publisher\":{\"@id\":\"https:\/\/www.safinel.fr\/#organization\"},\"potentialAction\":[{\"@type\":\"SearchAction\",\"target\":{\"@type\":\"EntryPoint\",\"urlTemplate\":\"https:\/\/www.safinel.fr\/?s={search_term_string}\"},\"query-input\":{\"@type\":\"PropertyValueSpecification\",\"valueRequired\":true,\"valueName\":\"search_term_string\"}}],\"inLanguage\":\"es\"},{\"@type\":\"Organization\",\"@id\":\"https:\/\/www.safinel.fr\/#organization\",\"name\":\"Safinel\",\"url\":\"https:\/\/www.safinel.fr\/\",\"logo\":{\"@type\":\"ImageObject\",\"inLanguage\":\"es\",\"@id\":\"https:\/\/www.safinel.fr\/#\/schema\/logo\/image\/\",\"url\":\"https:\/\/www.safinel.fr\/wp-content\/uploads\/2021\/05\/boutique-cosmetique.png\",\"contentUrl\":\"https:\/\/www.safinel.fr\/wp-content\/uploads\/2021\/05\/boutique-cosmetique.png\",\"width\":800,\"height\":200,\"caption\":\"Safinel\"},\"image\":{\"@id\":\"https:\/\/www.safinel.fr\/#\/schema\/logo\/image\/\"}}]}<\/script>\n<!-- \/ Yoast SEO plugin. -->","yoast_head_json":{"title":"Chikwangue | Pasta de mandioca precocinada envasada al vac\u00edo | Comprar en Francia","description":"Safinel, su tienda online de cosm\u00e9tica natural, le ofrece una amplia gama de productos de alimentaci\u00f3n africanos. En particular, el chikwangue.","robots":{"index":"index","follow":"follow","max-snippet":"max-snippet:-1","max-image-preview":"max-image-preview:large","max-video-preview":"max-video-preview:-1"},"canonical":"https:\/\/www.safinel.fr\/es\/product-2\/pasta-de-mandioca-chikwangue\/","og_locale":"es_ES","og_type":"article","og_title":"Chikwangue | P\u00e2te de manioc pr\u00e9cuite sous vide | Achat en France","og_description":"Safinel, votre\u00a0boutique cosm\u00e9tique naturelle en ligne\u00a0vous propose de d\u00e9couvrir de nombreux produits\u00a0d\u2019\u00e9picerie africaine. Et notamment, la\u00a0chikwangue.","og_url":"https:\/\/www.safinel.fr\/es\/product-2\/pasta-de-mandioca-chikwangue\/","og_site_name":"Safinel","article_modified_time":"2025-04-07T09:20:22+00:00","og_image":[{"width":600,"height":600,"url":"https:\/\/www.safinel.fr\/wp-content\/uploads\/2024\/09\/ch.jpg","type":"image\/jpeg"}],"twitter_card":"summary_large_image","twitter_misc":{"Tiempo de lectura":"6 minutos"},"schema":{"@context":"https:\/\/schema.org","@graph":[{"@type":"WebPage","@id":"https:\/\/www.safinel.fr\/produit\/chikwangue-pate-de-manioc\/","url":"https:\/\/www.safinel.fr\/produit\/chikwangue-pate-de-manioc\/","name":"Chikwangue | Pasta de mandioca precocinada envasada al vac\u00edo | Comprar en Francia","isPartOf":{"@id":"https:\/\/www.safinel.fr\/#website"},"primaryImageOfPage":{"@id":"https:\/\/www.safinel.fr\/produit\/chikwangue-pate-de-manioc\/#primaryimage"},"image":{"@id":"https:\/\/www.safinel.fr\/produit\/chikwangue-pate-de-manioc\/#primaryimage"},"thumbnailUrl":"https:\/\/www.safinel.fr\/wp-content\/uploads\/2024\/09\/ch.jpg","datePublished":"2024-09-05T11:44:08+00:00","dateModified":"2025-04-07T09:20:22+00:00","description":"Safinel, su tienda online de cosm\u00e9tica natural, le ofrece una amplia gama de productos de alimentaci\u00f3n africanos. En particular, el chikwangue.","breadcrumb":{"@id":"https:\/\/www.safinel.fr\/produit\/chikwangue-pate-de-manioc\/#breadcrumb"},"inLanguage":"es","potentialAction":[{"@type":"ReadAction","target":["https:\/\/www.safinel.fr\/produit\/chikwangue-pate-de-manioc\/"]}]},{"@type":"ImageObject","inLanguage":"es","@id":"https:\/\/www.safinel.fr\/produit\/chikwangue-pate-de-manioc\/#primaryimage","url":"https:\/\/www.safinel.fr\/wp-content\/uploads\/2024\/09\/ch.jpg","contentUrl":"https:\/\/www.safinel.fr\/wp-content\/uploads\/2024\/09\/ch.jpg","width":600,"height":600,"caption":"Chikwangue p\u00e2te de manioc pr\u00e9cuite sous vide - 500g"},{"@type":"BreadcrumbList","@id":"https:\/\/www.safinel.fr\/produit\/chikwangue-pate-de-manioc\/#breadcrumb","itemListElement":[{"@type":"ListItem","position":1,"name":"Accueil","item":"https:\/\/www.safinel.fr\/"},{"@type":"ListItem","position":2,"name":"Boutique","item":"https:\/\/www.safinel.fr\/boutique\/"},{"@type":"ListItem","position":3,"name":"Chikwangue p\u00e2te de manioc pr\u00e9cuite sous vide &#8211; 500g"}]},{"@type":"WebSite","@id":"https:\/\/www.safinel.fr\/#website","url":"https:\/\/www.safinel.fr\/","name":"Safinel","description":"","publisher":{"@id":"https:\/\/www.safinel.fr\/#organization"},"potentialAction":[{"@type":"SearchAction","target":{"@type":"EntryPoint","urlTemplate":"https:\/\/www.safinel.fr\/?s={search_term_string}"},"query-input":{"@type":"PropertyValueSpecification","valueRequired":true,"valueName":"search_term_string"}}],"inLanguage":"es"},{"@type":"Organization","@id":"https:\/\/www.safinel.fr\/#organization","name":"Safinel","url":"https:\/\/www.safinel.fr\/","logo":{"@type":"ImageObject","inLanguage":"es","@id":"https:\/\/www.safinel.fr\/#\/schema\/logo\/image\/","url":"https:\/\/www.safinel.fr\/wp-content\/uploads\/2021\/05\/boutique-cosmetique.png","contentUrl":"https:\/\/www.safinel.fr\/wp-content\/uploads\/2021\/05\/boutique-cosmetique.png","width":800,"height":200,"caption":"Safinel"},"image":{"@id":"https:\/\/www.safinel.fr\/#\/schema\/logo\/image\/"}}]}},"_links":{"self":[{"href":"https:\/\/www.safinel.fr\/es\/wp-json\/wp\/v2\/product\/14832","targetHints":{"allow":["GET"]}}],"collection":[{"href":"https:\/\/www.safinel.fr\/es\/wp-json\/wp\/v2\/product"}],"about":[{"href":"https:\/\/www.safinel.fr\/es\/wp-json\/wp\/v2\/types\/product"}],"wp:featuredmedia":[{"embeddable":true,"href":"https:\/\/www.safinel.fr\/es\/wp-json\/wp\/v2\/media\/14833"}],"wp:attachment":[{"href":"https:\/\/www.safinel.fr\/es\/wp-json\/wp\/v2\/media?parent=14832"}],"wp:term":[{"taxonomy":"product_brand","embeddable":true,"href":"https:\/\/www.safinel.fr\/es\/wp-json\/wp\/v2\/product_brand?post=14832"},{"taxonomy":"product_cat","embeddable":true,"href":"https:\/\/www.safinel.fr\/es\/wp-json\/wp\/v2\/product_cat?post=14832"},{"taxonomy":"product_tag","embeddable":true,"href":"https:\/\/www.safinel.fr\/es\/wp-json\/wp\/v2\/product_tag?post=14832"}],"curies":[{"name":"wp","href":"https:\/\/api.w.org\/{rel}","templated":true}]}}