{"id":14766,"date":"2024-08-27T13:59:40","date_gmt":"2024-08-27T13:59:40","guid":{"rendered":"https:\/\/www.safinel.fr\/?post_type=product&#038;p=14766"},"modified":"2024-08-27T14:11:02","modified_gmt":"2024-08-27T14:11:02","slug":"centaurea-cyanus","status":"publish","type":"product","link":"https:\/\/www.safinel.fr\/es\/product-2\/centaurea-cyanus\/","title":{"rendered":"Centaurea cyanus (p\u00e9talos de aciano)"},"content":{"rendered":"<p>La <strong>centaurea cyanus<\/strong>, com\u00fanmente conocido como <strong>aciano<\/strong>, es una flor silvestre que cautiva la imaginaci\u00f3n por su color brillante y sus m\u00faltiples virtudes. En un principio se consideraba una simple mala hierba de los campos de cereales, pero desde entonces ha ganado popularidad para embellecer diversos tipos de jardines naturales. En este art\u00edculo profundizamos en esta fascinante planta a trav\u00e9s de sus distintas caracter\u00edsticas, sus variedades hort\u00edcolas y sus m\u00faltiples usos en el hogar.<\/p>\n<h2><strong>Principales caracter\u00edsticas de la centaurea cyanus<\/strong><\/h2>\n<h3><strong>Aspecto y estructura<\/strong><\/h3>\n<p>La <strong>centaurea cyanus<\/strong> se distingue por sus p\u00e9talos de color azul vibrante, aunque algunas variedades tienen tonos de blanco a rosa. Los delgados tallos son relativamente robustos y pueden alcanzar alturas de 30 a 90 cent\u00edmetros. El follaje suele ser gris\u00e1ceo y estar cubierto de finos pelos, lo que a\u00f1ade una textura distintiva a la planta.<\/p>\n<ul>\n<li><strong>P\u00e9talos<\/strong> Suelen ser azules, pero tambi\u00e9n las hay blancas, rosas y moradas.<\/li>\n<li><strong>Varillas<\/strong> Larga y esbelta, de 30 a 90 cm.<\/li>\n<li><strong>Hojas<\/strong> Peludo y gris\u00e1ceo.<\/li>\n<\/ul>\n<h3><strong>Ecolog\u00eda y h\u00e1bitat<\/strong><\/h3>\n<p>Originario de Europa, el <strong>aciano<\/strong> crece sobre todo en campos y prados. A estas plantas les gustan especialmente los suelos bien drenados y soleados, aunque tambi\u00e9n pueden crecer en diversas condiciones menos ideales. Suelen encontrarse entre los cultivos de cereales, donde antes se consideraban malas hierbas problem\u00e1ticas.<\/p>\n<h2><strong>Diferentes variedades hort\u00edcolas de p\u00e9talos de ar\u00e1ndano<\/strong><\/h2>\n<h3><strong>Variedades comunes<\/strong><\/h3>\n<p>La <strong>centaurea cyanus<\/strong> ofrece una impresionante diversidad de variedades adaptadas a distintos entornos y necesidades de jardiner\u00eda. He aqu\u00ed algunas de las variedades m\u00e1s populares:<\/p>\n<ol>\n<li><strong>Ni\u00f1o azul<\/strong> Es la variedad tradicional, reconocible por sus p\u00e9talos de color azul intenso.<\/li>\n<li><strong>Mu\u00f1eco de nieve<\/strong> Blanco: tiene botones florales blancos y combina a la perfecci\u00f3n con los jardines monocromos.<\/li>\n<li><strong>Florencia rosa<\/strong> Una elecci\u00f3n perfecta para a\u00f1adir un toque ligeramente diferente con tonos rosados.<\/li>\n<\/ol>\n<h3><strong>H\u00edbridos modernos<\/strong><\/h3>\n<p>Debido a su creciente popularidad, el <strong>centaurea cyanus<\/strong> ha sido objeto de diversas manipulaciones hort\u00edcolas, dando lugar a los h\u00edbridos modernos. Estas variantes son el resultado de cruces destinados a mejorar la resistencia a las enfermedades y a prolongar el periodo de floraci\u00f3n. Estos h\u00edbridos incluyen :<\/p>\n<ul>\n<li><strong>Bola negra<\/strong> Flores de color caoba oscuro, casi negro.<\/li>\n<li><strong>Merl\u00edn M\u00edstico<\/strong> : ofrece una compleja gama de colores, como el azul, el violeta y a veces incluso el burdeos.<\/li>\n<\/ul>\n<h2><strong>Usos pr\u00e1cticos de los p\u00e9talos de ar\u00e1ndano en el jard\u00edn y fuera de \u00e9l<\/strong><\/h2>\n<h3><strong>Paisajismo<\/strong><\/h3>\n<p>Gracias a su aspecto naturalmente rural <strong>ar\u00e1ndanos<\/strong> se utilizan a menudo en jardines naturales o silvestres. Su capacidad para atraer a polinizadores como abejas y mariposas tambi\u00e9n las convierte en valiosas adiciones a la biodiversidad.<\/p>\n<p>Algunos consejos para la integraci\u00f3n <strong>ar\u00e1ndanos<\/strong> en un jard\u00edn :<\/p>\n<ul>\n<li>Siembre las semillas directamente en el exterior a principios de primavera.<\/li>\n<li>Pl\u00e1ntelos en grupos para conseguir el m\u00e1ximo impacto visual.<\/li>\n<li>Comb\u00ednelas con plantas perennes como rudbeckias y equin\u00e1ceas para obtener una paleta de colores variada.<\/li>\n<\/ul>\n<h3><strong>Uso dom\u00e9stico<\/strong><\/h3>\n<p>Los p\u00e9talos de <strong>aciano<\/strong> no s\u00f3lo son bonitas, sino que tambi\u00e9n tienen muchas aplicaciones culinarias y cosm\u00e9ticas:<\/p>\n<ul>\n<li><strong>Culinaria<\/strong> A menudo se utiliza como guarnici\u00f3n decorativa en platos gastron\u00f3micos.<\/li>\n<li><strong>Cosm\u00e9ticos<\/strong> Ingredientes para infusiones para calmar los ojos cansados.<\/li>\n<\/ul>\n<h2><strong>Cultivo y cuidado de la centaurea cyanus<\/strong><\/h2>\n<ul>\n<li><strong>Semi y plantaci\u00f3n : <\/strong>Cultivar <strong style=\"color: #555555;\">centaurea cyanus<\/strong><span style=\"color: #555555;\">, Para empezar, planta las semillas a principios de primavera, en cuanto se pueda trabajar la tierra. Siembra las semillas a un cent\u00edmetro de profundidad, separando las plantas entre 20 y 30 cent\u00edmetros para evitar la competencia por los recursos.<\/span><\/li>\n<\/ul>\n<ul>\n<li><strong>Cuidado y mantenimiento : <\/strong>Una vez establecido, el <strong style=\"color: #555555;\">ar\u00e1ndanos<\/strong><span style=\"color: #555555;\"> Requieren poco mantenimiento. Se benefician de un riego moderado y pleno sol. Pellizque regularmente las flores marchitas para favorecer la floraci\u00f3n. A pesar de su aspecto delicado <\/span><strong style=\"color: #555555;\">aciano<\/strong><span style=\"color: #555555;\"> son bastante resistentes a enfermedades y plagas, lo que las convierte en una excelente opci\u00f3n para los jardineros novatos.<\/span><\/li>\n<\/ul>\n<h3><strong>La \u00faltima palabra sobre la centaurea cyanus<\/strong><\/h3>\n<p>Con su <strong>flores cautivadoras<\/strong> y su <strong>usos polivalentes<\/strong>, el <strong>centaurea cyanus<\/strong> ha trascendido su estatus inicial de \u00abmala hierba\u00bb. Se ha convertido en un tesoro para jardineros, ornamentalistas y amantes de la naturaleza. Tanto si desea a\u00f1adir un toque de color a su jard\u00edn natural como aprovechar sus propiedades culinarias y cosm\u00e9ticas, la <strong>aciano<\/strong> es una planta que merece toda su atenci\u00f3n.<\/p>","protected":false},"excerpt":{"rendered":"<p><img decoding=\"async\" class=\"size-full wp-image-5091 aligncenter\" src=\"https:\/\/www.safinel.fr\/wp-content\/uploads\/2021\/06\/BANNIERE-ICONE-SAFINEL.webp\" alt=\"reaseguro de sat\u00e9n\" width=\"800\" height=\"200\" srcset=\"https:\/\/www.safinel.fr\/wp-content\/uploads\/2021\/06\/BANNIERE-ICONE-SAFINEL.webp 800w, https:\/\/www.safinel.fr\/wp-content\/uploads\/2021\/06\/BANNIERE-ICONE-SAFINEL-600x150.webp 600w, https:\/\/www.safinel.fr\/wp-content\/uploads\/2021\/06\/BANNIERE-ICONE-SAFINEL-768x192.webp 768w\" sizes=\"(max-width: 800px) 100vw, 800px\" \/><\/p>","protected":false},"featured_media":14767,"template":"","meta":[],"product_brand":[],"product_cat":[28],"product_tag":[],"class_list":{"0":"post-14766","1":"product","2":"type-product","3":"status-publish","4":"has-post-thumbnail","6":"product_cat-divers","8":"first","9":"instock","10":"shipping-taxable","11":"purchasable","12":"product-type-variable"},"yoast_head":"<!-- This site is optimized with the Yoast SEO plugin v26.6 - https:\/\/yoast.com\/wordpress\/plugins\/seo\/ -->\n<title>Centaurea cyanus | P\u00e9tales de bleuet | Achat et bienfaits en ligne<\/title>\n<meta name=\"description\" content=\"La centaurea cyanus, est une fleur sauvage qui capture l&#039;imaginaire avec sa couleur \u00e9clatante et ses vertus multiples. Achat et bienfaits en ligne !\" \/>\n<meta name=\"robots\" content=\"index, follow, max-snippet:-1, max-image-preview:large, max-video-preview:-1\" \/>\n<link rel=\"canonical\" href=\"https:\/\/www.safinel.fr\/es\/product-2\/centaurea-cyanus\/\" \/>\n<meta property=\"og:locale\" content=\"es_ES\" \/>\n<meta property=\"og:type\" content=\"article\" \/>\n<meta property=\"og:title\" content=\"Centaurea cyanus | P\u00e9tales de bleuet | Achat et bienfaits en ligne\" \/>\n<meta property=\"og:description\" content=\"La centaurea cyanus, est une fleur sauvage qui capture l&#039;imaginaire avec sa couleur \u00e9clatante et ses vertus multiples. Achat et bienfaits en ligne !\" \/>\n<meta property=\"og:url\" content=\"https:\/\/www.safinel.fr\/es\/product-2\/centaurea-cyanus\/\" \/>\n<meta property=\"og:site_name\" content=\"Safinel\" \/>\n<meta property=\"article:modified_time\" content=\"2024-08-27T14:11:02+00:00\" \/>\n<meta property=\"og:image\" content=\"https:\/\/www.safinel.fr\/wp-content\/uploads\/2024\/08\/centaurea-cyanus.jpg\" \/>\n\t<meta property=\"og:image:width\" content=\"600\" \/>\n\t<meta property=\"og:image:height\" content=\"600\" \/>\n\t<meta property=\"og:image:type\" content=\"image\/jpeg\" \/>\n<meta name=\"twitter:card\" content=\"summary_large_image\" \/>\n<meta name=\"twitter:label1\" content=\"Tiempo de lectura\" \/>\n\t<meta name=\"twitter:data1\" content=\"4 minutos\" \/>\n<script type=\"application\/ld+json\" class=\"yoast-schema-graph\">{\"@context\":\"https:\/\/schema.org\",\"@graph\":[{\"@type\":\"WebPage\",\"@id\":\"https:\/\/www.safinel.fr\/produit\/centaurea-cyanus\/\",\"url\":\"https:\/\/www.safinel.fr\/produit\/centaurea-cyanus\/\",\"name\":\"Centaurea cyanus | P\u00e9tales de bleuet | Achat et bienfaits en ligne\",\"isPartOf\":{\"@id\":\"https:\/\/www.safinel.fr\/#website\"},\"primaryImageOfPage\":{\"@id\":\"https:\/\/www.safinel.fr\/produit\/centaurea-cyanus\/#primaryimage\"},\"image\":{\"@id\":\"https:\/\/www.safinel.fr\/produit\/centaurea-cyanus\/#primaryimage\"},\"thumbnailUrl\":\"https:\/\/www.safinel.fr\/wp-content\/uploads\/2024\/08\/centaurea-cyanus.jpg\",\"datePublished\":\"2024-08-27T13:59:40+00:00\",\"dateModified\":\"2024-08-27T14:11:02+00:00\",\"description\":\"La centaurea cyanus, est une fleur sauvage qui capture l'imaginaire avec sa couleur \u00e9clatante et ses vertus multiples. Achat et bienfaits en ligne !\",\"breadcrumb\":{\"@id\":\"https:\/\/www.safinel.fr\/produit\/centaurea-cyanus\/#breadcrumb\"},\"inLanguage\":\"es\",\"potentialAction\":[{\"@type\":\"ReadAction\",\"target\":[\"https:\/\/www.safinel.fr\/produit\/centaurea-cyanus\/\"]}]},{\"@type\":\"ImageObject\",\"inLanguage\":\"es\",\"@id\":\"https:\/\/www.safinel.fr\/produit\/centaurea-cyanus\/#primaryimage\",\"url\":\"https:\/\/www.safinel.fr\/wp-content\/uploads\/2024\/08\/centaurea-cyanus.jpg\",\"contentUrl\":\"https:\/\/www.safinel.fr\/wp-content\/uploads\/2024\/08\/centaurea-cyanus.jpg\",\"width\":600,\"height\":600,\"caption\":\"Centaurea cyanus (P\u00e9tales de bleuet)\"},{\"@type\":\"BreadcrumbList\",\"@id\":\"https:\/\/www.safinel.fr\/produit\/centaurea-cyanus\/#breadcrumb\",\"itemListElement\":[{\"@type\":\"ListItem\",\"position\":1,\"name\":\"Accueil\",\"item\":\"https:\/\/www.safinel.fr\/\"},{\"@type\":\"ListItem\",\"position\":2,\"name\":\"Boutique\",\"item\":\"https:\/\/www.safinel.fr\/boutique\/\"},{\"@type\":\"ListItem\",\"position\":3,\"name\":\"Centaurea cyanus (P\u00e9tales de bleuet)\"}]},{\"@type\":\"WebSite\",\"@id\":\"https:\/\/www.safinel.fr\/#website\",\"url\":\"https:\/\/www.safinel.fr\/\",\"name\":\"Safinel\",\"description\":\"\",\"publisher\":{\"@id\":\"https:\/\/www.safinel.fr\/#organization\"},\"potentialAction\":[{\"@type\":\"SearchAction\",\"target\":{\"@type\":\"EntryPoint\",\"urlTemplate\":\"https:\/\/www.safinel.fr\/?s={search_term_string}\"},\"query-input\":{\"@type\":\"PropertyValueSpecification\",\"valueRequired\":true,\"valueName\":\"search_term_string\"}}],\"inLanguage\":\"es\"},{\"@type\":\"Organization\",\"@id\":\"https:\/\/www.safinel.fr\/#organization\",\"name\":\"Safinel\",\"url\":\"https:\/\/www.safinel.fr\/\",\"logo\":{\"@type\":\"ImageObject\",\"inLanguage\":\"es\",\"@id\":\"https:\/\/www.safinel.fr\/#\/schema\/logo\/image\/\",\"url\":\"https:\/\/www.safinel.fr\/wp-content\/uploads\/2021\/05\/boutique-cosmetique.png\",\"contentUrl\":\"https:\/\/www.safinel.fr\/wp-content\/uploads\/2021\/05\/boutique-cosmetique.png\",\"width\":800,\"height\":200,\"caption\":\"Safinel\"},\"image\":{\"@id\":\"https:\/\/www.safinel.fr\/#\/schema\/logo\/image\/\"}}]}<\/script>\n<!-- \/ Yoast SEO plugin. -->","yoast_head_json":{"title":"Centaurea cyanus | P\u00e9talos de aciano | Compra y beneficios en l\u00ednea","description":"La Centaurea cyanus es una flor silvestre que cautiva la imaginaci\u00f3n por su color brillante y sus m\u00faltiples virtudes. \u00a1Compre y disfrute en l\u00ednea!","robots":{"index":"index","follow":"follow","max-snippet":"max-snippet:-1","max-image-preview":"max-image-preview:large","max-video-preview":"max-video-preview:-1"},"canonical":"https:\/\/www.safinel.fr\/es\/product-2\/centaurea-cyanus\/","og_locale":"es_ES","og_type":"article","og_title":"Centaurea cyanus | P\u00e9tales de bleuet | Achat et bienfaits en ligne","og_description":"La centaurea cyanus, est une fleur sauvage qui capture l'imaginaire avec sa couleur \u00e9clatante et ses vertus multiples. Achat et bienfaits en ligne !","og_url":"https:\/\/www.safinel.fr\/es\/product-2\/centaurea-cyanus\/","og_site_name":"Safinel","article_modified_time":"2024-08-27T14:11:02+00:00","og_image":[{"width":600,"height":600,"url":"https:\/\/www.safinel.fr\/wp-content\/uploads\/2024\/08\/centaurea-cyanus.jpg","type":"image\/jpeg"}],"twitter_card":"summary_large_image","twitter_misc":{"Tiempo de lectura":"4 minutos"},"schema":{"@context":"https:\/\/schema.org","@graph":[{"@type":"WebPage","@id":"https:\/\/www.safinel.fr\/produit\/centaurea-cyanus\/","url":"https:\/\/www.safinel.fr\/produit\/centaurea-cyanus\/","name":"Centaurea cyanus | P\u00e9talos de aciano | Compra y beneficios en l\u00ednea","isPartOf":{"@id":"https:\/\/www.safinel.fr\/#website"},"primaryImageOfPage":{"@id":"https:\/\/www.safinel.fr\/produit\/centaurea-cyanus\/#primaryimage"},"image":{"@id":"https:\/\/www.safinel.fr\/produit\/centaurea-cyanus\/#primaryimage"},"thumbnailUrl":"https:\/\/www.safinel.fr\/wp-content\/uploads\/2024\/08\/centaurea-cyanus.jpg","datePublished":"2024-08-27T13:59:40+00:00","dateModified":"2024-08-27T14:11:02+00:00","description":"La Centaurea cyanus es una flor silvestre que cautiva la imaginaci\u00f3n por su color brillante y sus m\u00faltiples virtudes. \u00a1Compre y disfrute en l\u00ednea!","breadcrumb":{"@id":"https:\/\/www.safinel.fr\/produit\/centaurea-cyanus\/#breadcrumb"},"inLanguage":"es","potentialAction":[{"@type":"ReadAction","target":["https:\/\/www.safinel.fr\/produit\/centaurea-cyanus\/"]}]},{"@type":"ImageObject","inLanguage":"es","@id":"https:\/\/www.safinel.fr\/produit\/centaurea-cyanus\/#primaryimage","url":"https:\/\/www.safinel.fr\/wp-content\/uploads\/2024\/08\/centaurea-cyanus.jpg","contentUrl":"https:\/\/www.safinel.fr\/wp-content\/uploads\/2024\/08\/centaurea-cyanus.jpg","width":600,"height":600,"caption":"Centaurea cyanus (P\u00e9tales de bleuet)"},{"@type":"BreadcrumbList","@id":"https:\/\/www.safinel.fr\/produit\/centaurea-cyanus\/#breadcrumb","itemListElement":[{"@type":"ListItem","position":1,"name":"Accueil","item":"https:\/\/www.safinel.fr\/"},{"@type":"ListItem","position":2,"name":"Boutique","item":"https:\/\/www.safinel.fr\/boutique\/"},{"@type":"ListItem","position":3,"name":"Centaurea cyanus (P\u00e9tales de bleuet)"}]},{"@type":"WebSite","@id":"https:\/\/www.safinel.fr\/#website","url":"https:\/\/www.safinel.fr\/","name":"Safinel","description":"","publisher":{"@id":"https:\/\/www.safinel.fr\/#organization"},"potentialAction":[{"@type":"SearchAction","target":{"@type":"EntryPoint","urlTemplate":"https:\/\/www.safinel.fr\/?s={search_term_string}"},"query-input":{"@type":"PropertyValueSpecification","valueRequired":true,"valueName":"search_term_string"}}],"inLanguage":"es"},{"@type":"Organization","@id":"https:\/\/www.safinel.fr\/#organization","name":"Safinel","url":"https:\/\/www.safinel.fr\/","logo":{"@type":"ImageObject","inLanguage":"es","@id":"https:\/\/www.safinel.fr\/#\/schema\/logo\/image\/","url":"https:\/\/www.safinel.fr\/wp-content\/uploads\/2021\/05\/boutique-cosmetique.png","contentUrl":"https:\/\/www.safinel.fr\/wp-content\/uploads\/2021\/05\/boutique-cosmetique.png","width":800,"height":200,"caption":"Safinel"},"image":{"@id":"https:\/\/www.safinel.fr\/#\/schema\/logo\/image\/"}}]}},"_links":{"self":[{"href":"https:\/\/www.safinel.fr\/es\/wp-json\/wp\/v2\/product\/14766","targetHints":{"allow":["GET"]}}],"collection":[{"href":"https:\/\/www.safinel.fr\/es\/wp-json\/wp\/v2\/product"}],"about":[{"href":"https:\/\/www.safinel.fr\/es\/wp-json\/wp\/v2\/types\/product"}],"wp:featuredmedia":[{"embeddable":true,"href":"https:\/\/www.safinel.fr\/es\/wp-json\/wp\/v2\/media\/14767"}],"wp:attachment":[{"href":"https:\/\/www.safinel.fr\/es\/wp-json\/wp\/v2\/media?parent=14766"}],"wp:term":[{"taxonomy":"product_brand","embeddable":true,"href":"https:\/\/www.safinel.fr\/es\/wp-json\/wp\/v2\/product_brand?post=14766"},{"taxonomy":"product_cat","embeddable":true,"href":"https:\/\/www.safinel.fr\/es\/wp-json\/wp\/v2\/product_cat?post=14766"},{"taxonomy":"product_tag","embeddable":true,"href":"https:\/\/www.safinel.fr\/es\/wp-json\/wp\/v2\/product_tag?post=14766"}],"curies":[{"name":"wp","href":"https:\/\/api.w.org\/{rel}","templated":true}]}}