{"id":14674,"date":"2024-08-11T10:41:52","date_gmt":"2024-08-11T10:41:52","guid":{"rendered":"https:\/\/www.safinel.fr\/?post_type=product&#038;p=14674"},"modified":"2026-02-12T20:05:32","modified_gmt":"2026-02-12T20:05:32","slug":"sal-gema-kanwa","status":"publish","type":"product","link":"https:\/\/www.safinel.fr\/es\/product-2\/sal-gema-kanwa\/","title":{"rendered":"Sal gema (Kanwa)"},"content":{"rendered":"<p>Le <strong>sal gema<\/strong>, tambi\u00e9n conocido como potasa o KANWA en \u00c1frica Occidental y llamado <strong>sal viva<\/strong> en <a href=\"https:\/\/www.safinel.fr\/es\/product-category-2\/especias-marroquies\/\"><strong>Marruecos<\/strong><\/a>, es un elemento esencial que se encuentra en las profundidades de la roca. Utilizada desde hace siglos para diversas aplicaciones, este tipo de sal tiene un amplio abanico de usos culinarios e industriales. Exploremos las caracter\u00edsticas, los or\u00edgenes y las m\u00faltiples aplicaciones de la sal gema.<\/p>\n<h2><strong>Origen y formaci\u00f3n de la sal gema<\/strong><\/h2>\n<p>El kanwa procede principalmente de dep\u00f3sitos sedimentarios que datan de hace millones de a\u00f1os. Esta roca evapor\u00edtica se forma por la evaporaci\u00f3n del agua de mar, que deja tras de s\u00ed capas ricas en <strong>cloruro s\u00f3dico<\/strong>. Estos yacimientos suelen explotarse mediante minas profundas o abiertas, seg\u00fan la regi\u00f3n del mundo.<\/p>\n<h3><strong>Miner\u00eda<\/strong><\/h3>\n<p>La sal gema puede extraerse de dos formas principales:<\/p>\n<ul>\n<li><strong>Minas subterr\u00e1neas<\/strong> En este m\u00e9todo, se excavan t\u00faneles y c\u00e1maras en las profundidades de la tierra hasta llegar a los dep\u00f3sitos de sal.<\/li>\n<li><strong>Minas a cielo abierto<\/strong> Menos habitual: esta t\u00e9cnica consiste en retirar los materiales de la superficie para acceder a las capas de sal.<\/li>\n<\/ul>\n<p>Cada m\u00e9todo de extracci\u00f3n depende en gran medida de las caracter\u00edsticas geol\u00f3gicas de la regi\u00f3n explotada.<\/p>\n<h2><strong>Usos culinarios de la sal gema Kanwa<\/strong><\/h2>\n<p>En la cocina, la sal gema es c\u00e9lebre por sus cualidades \u00fanicas como condimento. En <strong>sal de mesa refinada<\/strong> pierde parte de sus minerales durante el proceso de refinado, la kanwa conserva su pureza natural.<\/p>\n<ul>\n<li><strong>Flor de sal y molinos<\/strong><\/li>\n<\/ul>\n<p>Esta sal se suele moler en <strong>polvo fino<\/strong> para su uso directo en preparaciones culinarias, aunque tambi\u00e9n est\u00e1 disponible en cristales de mayor tama\u00f1o aptos para molinos. El sitio <strong>flor de sal<\/strong> obtenida de la sal gema es especialmente apreciada por su textura crujiente y su sutil aroma, perfecto para realzar platos delicados.<\/p>\n<ul>\n<li><strong>Mezclas saladas<\/strong><\/li>\n<\/ul>\n<p>La sal gema tambi\u00e9n se encuentra en <strong>mezclas saladas<\/strong>, Se combina con hierbas, especias y otros sabores para crear condimentos complejos y arom\u00e1ticos. Estas mezclas a\u00f1aden un toque distintivo y enriquecen las experiencias culinarias.<\/p>\n<ul>\n<li><strong>Aplicaciones industriales<\/strong><\/li>\n<\/ul>\n<p>Adem\u00e1s de en la cocina, esta sal natural desempe\u00f1a un papel crucial en diversas industrias.<\/p>\n<h3><strong>Deshielo y tratamiento de carreteras<\/strong><\/h3>\n<p>Durante los meses de invierno, se utiliza sal gema para la <strong>deshielo de carreteras<\/strong>. Su capacidad para derretir el hielo y la nieve ayuda a mantener las carreteras seguras y transitables. Las sales utilizadas para esta aplicaci\u00f3n suelen ser crudas, lo que garantiza la m\u00e1xima eficacia contra las bajas temperaturas.<\/p>\n<ul>\n<li><strong>Industria qu\u00edmica : <\/strong>En la industria qu\u00edmica, la sal gema se utiliza como materia prima para la producci\u00f3n de diversos compuestos como <strong style=\"color: #555555;\">sosa c\u00e1ustica<\/strong><span style=\"color: #555555;\"> y el <\/span><strong style=\"color: #555555;\">cloro<\/strong><span style=\"color: #555555;\">. Su elevada pureza garantiza la eficacia de los procesos qu\u00edmicos necesarios para producir estas sustancias esenciales.<\/span><\/li>\n<\/ul>\n<ul>\n<li><strong>Alimentaci\u00f3n animal : <\/strong>Tambi\u00e9n se utiliza como <strong style=\"color: #555555;\">piensos minerales para el ganado<\/strong><span style=\"color: #555555;\">. Enriquecida con los oligoelementos necesarios, la sal gema contribuye a la salud y el bienestar de los animales de granja.<\/span><\/li>\n<\/ul>\n<h3><strong>Propiedades terap\u00e9uticas y bienestar<\/strong><\/h3>\n<p>Fuera de los sectores industrial y culinario. Esta sal tiene propiedades reconocidas en t\u00e9rminos de bienestar y cuidado personal.<\/p>\n<ul>\n<li><strong>Ba\u00f1os de sal : <\/strong>En <strong style=\"color: #555555;\">ba\u00f1os kanwa<\/strong><span style=\"color: #555555;\">\u00a0son famosas por sus efectos desintoxicantes y revitalizantes. Disueltas en agua, ayudan a purificar la piel y alivian diversas dolencias musculares y articulares.<\/span><\/li>\n<\/ul>\n<ul>\n<li><strong>Productos de cuidado : <\/strong>Muchos productos exfoliantes utilizan estos cristales por sus suaves cualidades abrasivas para ayudar a eliminar las c\u00e9lulas muertas de la piel, dej\u00e1ndola fresca y regenerada.<\/li>\n<\/ul>","protected":false},"excerpt":{"rendered":"<p>La sal gemma, tambi\u00e9n conocida como potasa o KANWA en \u00c1frica Occidental y llamada sal viva en Marruecos, es un elemento esencial que se encuentra en las profundidades de las rocas. Utilizada desde hace siglos para diversas aplicaciones, este tipo de sal ofrece una gran variedad de usos tanto culinarios como industriales. Exploremos juntos las [\u2026]","protected":false},"featured_media":14675,"template":"","meta":[],"product_brand":[],"product_cat":[41],"product_tag":[],"class_list":{"0":"post-14674","1":"product","2":"type-product","3":"status-publish","4":"has-post-thumbnail","6":"product_cat-produits-naturels-divers","8":"first","9":"instock","10":"shipping-taxable","11":"purchasable","12":"product-type-variable"},"yoast_head":"<!-- This site is optimized with the Yoast SEO plugin v26.6 - https:\/\/yoast.com\/wordpress\/plugins\/seo\/ -->\n<title>Sel de gemme (Kanwa) | Achat en France | Bienfaits nombreux<\/title>\n<meta name=\"description\" content=\"Explorons ensemble les particularit\u00e9s, les origines et les nombreuses applications du sel de gemme. Achat rapide en France.\" \/>\n<meta name=\"robots\" content=\"index, follow, max-snippet:-1, max-image-preview:large, max-video-preview:-1\" \/>\n<link rel=\"canonical\" href=\"https:\/\/www.safinel.fr\/es\/product-2\/sal-gema-kanwa\/\" \/>\n<meta property=\"og:locale\" content=\"es_ES\" \/>\n<meta property=\"og:type\" content=\"article\" \/>\n<meta property=\"og:title\" content=\"Sel de gemme (Kanwa) | Achat en France | Bienfaits nombreux\" \/>\n<meta property=\"og:description\" content=\"Explorons ensemble les particularit\u00e9s, les origines et les nombreuses applications du sel de gemme. Achat rapide en France.\" \/>\n<meta property=\"og:url\" content=\"https:\/\/www.safinel.fr\/es\/product-2\/sal-gema-kanwa\/\" \/>\n<meta property=\"og:site_name\" content=\"Safinel\" \/>\n<meta property=\"article:modified_time\" content=\"2026-02-12T20:05:32+00:00\" \/>\n<meta property=\"og:image\" content=\"https:\/\/www.safinel.fr\/wp-content\/uploads\/2024\/08\/sel-de-gemme.jpg\" \/>\n\t<meta property=\"og:image:width\" content=\"600\" \/>\n\t<meta property=\"og:image:height\" content=\"600\" \/>\n\t<meta property=\"og:image:type\" content=\"image\/jpeg\" \/>\n<meta name=\"twitter:card\" content=\"summary_large_image\" \/>\n<meta name=\"twitter:label1\" content=\"Tiempo de lectura\" \/>\n\t<meta name=\"twitter:data1\" content=\"3 minutos\" \/>\n<script type=\"application\/ld+json\" class=\"yoast-schema-graph\">{\"@context\":\"https:\/\/schema.org\",\"@graph\":[{\"@type\":\"WebPage\",\"@id\":\"https:\/\/www.safinel.fr\/produit\/sel-de-gemme-kanwa\/\",\"url\":\"https:\/\/www.safinel.fr\/produit\/sel-de-gemme-kanwa\/\",\"name\":\"Sel de gemme (Kanwa) | Achat en France | Bienfaits nombreux\",\"isPartOf\":{\"@id\":\"https:\/\/www.safinel.fr\/#website\"},\"primaryImageOfPage\":{\"@id\":\"https:\/\/www.safinel.fr\/produit\/sel-de-gemme-kanwa\/#primaryimage\"},\"image\":{\"@id\":\"https:\/\/www.safinel.fr\/produit\/sel-de-gemme-kanwa\/#primaryimage\"},\"thumbnailUrl\":\"https:\/\/www.safinel.fr\/wp-content\/uploads\/2024\/08\/sel-de-gemme.jpg\",\"datePublished\":\"2024-08-11T10:41:52+00:00\",\"dateModified\":\"2026-02-12T20:05:32+00:00\",\"description\":\"Explorons ensemble les particularit\u00e9s, les origines et les nombreuses applications du sel de gemme. Achat rapide en France.\",\"breadcrumb\":{\"@id\":\"https:\/\/www.safinel.fr\/produit\/sel-de-gemme-kanwa\/#breadcrumb\"},\"inLanguage\":\"es\",\"potentialAction\":[{\"@type\":\"ReadAction\",\"target\":[\"https:\/\/www.safinel.fr\/produit\/sel-de-gemme-kanwa\/\"]}]},{\"@type\":\"ImageObject\",\"inLanguage\":\"es\",\"@id\":\"https:\/\/www.safinel.fr\/produit\/sel-de-gemme-kanwa\/#primaryimage\",\"url\":\"https:\/\/www.safinel.fr\/wp-content\/uploads\/2024\/08\/sel-de-gemme.jpg\",\"contentUrl\":\"https:\/\/www.safinel.fr\/wp-content\/uploads\/2024\/08\/sel-de-gemme.jpg\",\"width\":600,\"height\":600,\"caption\":\"Sel de gemme (Kanwa)\"},{\"@type\":\"BreadcrumbList\",\"@id\":\"https:\/\/www.safinel.fr\/produit\/sel-de-gemme-kanwa\/#breadcrumb\",\"itemListElement\":[{\"@type\":\"ListItem\",\"position\":1,\"name\":\"Accueil\",\"item\":\"https:\/\/www.safinel.fr\/\"},{\"@type\":\"ListItem\",\"position\":2,\"name\":\"Boutique\",\"item\":\"https:\/\/www.safinel.fr\/boutique\/\"},{\"@type\":\"ListItem\",\"position\":3,\"name\":\"Sel de gemme (Kanwa)\"}]},{\"@type\":\"WebSite\",\"@id\":\"https:\/\/www.safinel.fr\/#website\",\"url\":\"https:\/\/www.safinel.fr\/\",\"name\":\"Safinel\",\"description\":\"\",\"publisher\":{\"@id\":\"https:\/\/www.safinel.fr\/#organization\"},\"potentialAction\":[{\"@type\":\"SearchAction\",\"target\":{\"@type\":\"EntryPoint\",\"urlTemplate\":\"https:\/\/www.safinel.fr\/?s={search_term_string}\"},\"query-input\":{\"@type\":\"PropertyValueSpecification\",\"valueRequired\":true,\"valueName\":\"search_term_string\"}}],\"inLanguage\":\"es\"},{\"@type\":\"Organization\",\"@id\":\"https:\/\/www.safinel.fr\/#organization\",\"name\":\"Safinel\",\"url\":\"https:\/\/www.safinel.fr\/\",\"logo\":{\"@type\":\"ImageObject\",\"inLanguage\":\"es\",\"@id\":\"https:\/\/www.safinel.fr\/#\/schema\/logo\/image\/\",\"url\":\"https:\/\/www.safinel.fr\/wp-content\/uploads\/2021\/05\/boutique-cosmetique.png\",\"contentUrl\":\"https:\/\/www.safinel.fr\/wp-content\/uploads\/2021\/05\/boutique-cosmetique.png\",\"width\":800,\"height\":200,\"caption\":\"Safinel\"},\"image\":{\"@id\":\"https:\/\/www.safinel.fr\/#\/schema\/logo\/image\/\"}}]}<\/script>\n<!-- \/ Yoast SEO plugin. -->","yoast_head_json":{"title":"Sal gema (Kanwa) | Comprar en Francia | Numerosos beneficios","description":"Exploremos las caracter\u00edsticas, los or\u00edgenes y las m\u00faltiples aplicaciones de la sal gema. Compra r\u00e1pida en Francia.","robots":{"index":"index","follow":"follow","max-snippet":"max-snippet:-1","max-image-preview":"max-image-preview:large","max-video-preview":"max-video-preview:-1"},"canonical":"https:\/\/www.safinel.fr\/es\/product-2\/sal-gema-kanwa\/","og_locale":"es_ES","og_type":"article","og_title":"Sel de gemme (Kanwa) | Achat en France | Bienfaits nombreux","og_description":"Explorons ensemble les particularit\u00e9s, les origines et les nombreuses applications du sel de gemme. Achat rapide en France.","og_url":"https:\/\/www.safinel.fr\/es\/product-2\/sal-gema-kanwa\/","og_site_name":"Safinel","article_modified_time":"2026-02-12T20:05:32+00:00","og_image":[{"width":600,"height":600,"url":"https:\/\/www.safinel.fr\/wp-content\/uploads\/2024\/08\/sel-de-gemme.jpg","type":"image\/jpeg"}],"twitter_card":"summary_large_image","twitter_misc":{"Tiempo de lectura":"3 minutos"},"schema":{"@context":"https:\/\/schema.org","@graph":[{"@type":"WebPage","@id":"https:\/\/www.safinel.fr\/produit\/sel-de-gemme-kanwa\/","url":"https:\/\/www.safinel.fr\/produit\/sel-de-gemme-kanwa\/","name":"Sal gema (Kanwa) | Comprar en Francia | Numerosos beneficios","isPartOf":{"@id":"https:\/\/www.safinel.fr\/#website"},"primaryImageOfPage":{"@id":"https:\/\/www.safinel.fr\/produit\/sel-de-gemme-kanwa\/#primaryimage"},"image":{"@id":"https:\/\/www.safinel.fr\/produit\/sel-de-gemme-kanwa\/#primaryimage"},"thumbnailUrl":"https:\/\/www.safinel.fr\/wp-content\/uploads\/2024\/08\/sel-de-gemme.jpg","datePublished":"2024-08-11T10:41:52+00:00","dateModified":"2026-02-12T20:05:32+00:00","description":"Exploremos las caracter\u00edsticas, los or\u00edgenes y las m\u00faltiples aplicaciones de la sal gema. Compra r\u00e1pida en Francia.","breadcrumb":{"@id":"https:\/\/www.safinel.fr\/produit\/sel-de-gemme-kanwa\/#breadcrumb"},"inLanguage":"es","potentialAction":[{"@type":"ReadAction","target":["https:\/\/www.safinel.fr\/produit\/sel-de-gemme-kanwa\/"]}]},{"@type":"ImageObject","inLanguage":"es","@id":"https:\/\/www.safinel.fr\/produit\/sel-de-gemme-kanwa\/#primaryimage","url":"https:\/\/www.safinel.fr\/wp-content\/uploads\/2024\/08\/sel-de-gemme.jpg","contentUrl":"https:\/\/www.safinel.fr\/wp-content\/uploads\/2024\/08\/sel-de-gemme.jpg","width":600,"height":600,"caption":"Sel de gemme (Kanwa)"},{"@type":"BreadcrumbList","@id":"https:\/\/www.safinel.fr\/produit\/sel-de-gemme-kanwa\/#breadcrumb","itemListElement":[{"@type":"ListItem","position":1,"name":"Accueil","item":"https:\/\/www.safinel.fr\/"},{"@type":"ListItem","position":2,"name":"Boutique","item":"https:\/\/www.safinel.fr\/boutique\/"},{"@type":"ListItem","position":3,"name":"Sel de gemme (Kanwa)"}]},{"@type":"WebSite","@id":"https:\/\/www.safinel.fr\/#website","url":"https:\/\/www.safinel.fr\/","name":"Safinel","description":"","publisher":{"@id":"https:\/\/www.safinel.fr\/#organization"},"potentialAction":[{"@type":"SearchAction","target":{"@type":"EntryPoint","urlTemplate":"https:\/\/www.safinel.fr\/?s={search_term_string}"},"query-input":{"@type":"PropertyValueSpecification","valueRequired":true,"valueName":"search_term_string"}}],"inLanguage":"es"},{"@type":"Organization","@id":"https:\/\/www.safinel.fr\/#organization","name":"Safinel","url":"https:\/\/www.safinel.fr\/","logo":{"@type":"ImageObject","inLanguage":"es","@id":"https:\/\/www.safinel.fr\/#\/schema\/logo\/image\/","url":"https:\/\/www.safinel.fr\/wp-content\/uploads\/2021\/05\/boutique-cosmetique.png","contentUrl":"https:\/\/www.safinel.fr\/wp-content\/uploads\/2021\/05\/boutique-cosmetique.png","width":800,"height":200,"caption":"Safinel"},"image":{"@id":"https:\/\/www.safinel.fr\/#\/schema\/logo\/image\/"}}]}},"_links":{"self":[{"href":"https:\/\/www.safinel.fr\/es\/wp-json\/wp\/v2\/product\/14674","targetHints":{"allow":["GET"]}}],"collection":[{"href":"https:\/\/www.safinel.fr\/es\/wp-json\/wp\/v2\/product"}],"about":[{"href":"https:\/\/www.safinel.fr\/es\/wp-json\/wp\/v2\/types\/product"}],"wp:featuredmedia":[{"embeddable":true,"href":"https:\/\/www.safinel.fr\/es\/wp-json\/wp\/v2\/media\/14675"}],"wp:attachment":[{"href":"https:\/\/www.safinel.fr\/es\/wp-json\/wp\/v2\/media?parent=14674"}],"wp:term":[{"taxonomy":"product_brand","embeddable":true,"href":"https:\/\/www.safinel.fr\/es\/wp-json\/wp\/v2\/product_brand?post=14674"},{"taxonomy":"product_cat","embeddable":true,"href":"https:\/\/www.safinel.fr\/es\/wp-json\/wp\/v2\/product_cat?post=14674"},{"taxonomy":"product_tag","embeddable":true,"href":"https:\/\/www.safinel.fr\/es\/wp-json\/wp\/v2\/product_tag?post=14674"}],"curies":[{"name":"wp","href":"https:\/\/api.w.org\/{rel}","templated":true}]}}