{"id":14639,"date":"2024-08-06T11:38:43","date_gmt":"2024-08-06T11:38:43","guid":{"rendered":"https:\/\/www.safinel.fr\/?post_type=product&#038;p=14639"},"modified":"2025-10-20T09:21:49","modified_gmt":"2025-10-20T09:21:49","slug":"corteza-de-lakota","status":"publish","type":"product","link":"https:\/\/www.safinel.fr\/es\/product-2\/corteza-de-lakota\/","title":{"rendered":"Corteza lakota"},"content":{"rendered":"<p>L\u2019<strong>Corteza lakota<\/strong> es conocida desde hace siglos por sus propiedades medicinales y terap\u00e9uticas. Utilizada tradicionalmente por los pueblos ind\u00edgenas de Norteam\u00e9rica, esta corteza despierta ahora un inter\u00e9s creciente por sus posibles beneficios para la salud y el bienestar de los seres humanos. <strong>fertilidad<\/strong>. Este art\u00edculo analiza en profundidad los diversos usos de esta asombrosa corteza.<\/p>\n<h2><strong>Origen y caracter\u00edsticas de la corteza lakota<\/strong><\/h2>\n<h3><strong>Descripci\u00f3n bot\u00e1nica<\/strong><\/h3>\n<p>El t\u00e9rmino\u00ab <strong>Lakota<\/strong> \u00bbLa palabra \"corteza\" hace referencia a una tribu amerindia, pero la corteza en cuesti\u00f3n procede generalmente de plantas espec\u00edficas que estos grupos utilizaban en sus pr\u00e1cticas medicinales. La corteza se caracteriza por su textura rugosa y su estructura fibrosa, y procede de \u00e1rboles como el <strong>Abedul blanco<\/strong> o el <strong>Sauce negro<\/strong>.<\/p>\n<ul>\n<li><strong>Abedul blanco :<\/strong> conocido por su versatilidad, utilizado no s\u00f3lo por sus propiedades medicinales sino tambi\u00e9n como material de construcci\u00f3n.<\/li>\n<li><strong>Sauce negro :<\/strong> Tiene fama de contener \u00e1cido salic\u00edlico, ingrediente clave de medicamentos modernos como la aspirina.<\/li>\n<\/ul>\n<h2><strong>Las propiedades medicinales de la corteza Lakota<\/strong><\/h2>\n<ul>\n<li><strong>Compuestos activos : <\/strong>La corteza de lakota contiene una serie de compuestos bioactivos que le confieren sus propiedades beneficiosas para la salud. Entre ellos se encuentran <strong style=\"color: #555555;\">flavonoides<\/strong><span style=\"color: #555555;\"> y <\/span><strong style=\"color: #555555;\">taninos<\/strong><span style=\"color: #555555;\"> desempe\u00f1an un papel esencial. Estos componentes tienen propiedades <\/span><strong style=\"color: #555555;\">antiinflamatorios<\/strong><span style=\"color: #555555;\"> y <\/span><strong style=\"color: #555555;\">antioxidantes<\/strong><span style=\"color: #555555;\">, crear un entorno propicio a la fertilidad.<\/span><\/li>\n<\/ul>\n<ul>\n<li><strong>Acci\u00f3n sobre la fertilidad : <\/strong>Varios estudios han demostrado que ciertos extractos de esta corteza pueden mejorar la <strong style=\"color: #555555;\">circulaci\u00f3n sangu\u00ednea<\/strong><span style=\"color: #555555;\"> y armonizar <\/span><strong style=\"color: #555555;\">niveles hormonales<\/strong><span style=\"color: #555555;\">, que son esenciales para favorecer la salud reproductiva. Las mujeres que consumen regularmente infusiones o suplementos elaborados con corteza de Lakota pueden observar una mejora en su <\/span><a href=\"https:\/\/www.safinel.fr\/es\/product-2\/menstruaciones-dolorosas-tisana\/\"><strong style=\"color: #555555;\">ciclo menstrual<\/strong><\/a><span style=\"color: #555555;\"> y un aumento de su <\/span><strong style=\"color: #555555;\">libido<\/strong><span style=\"color: #555555;\">.<\/span><\/li>\n<\/ul>\n<h2><strong>Usos tradicionales y modernos<\/strong><\/h2>\n<h3><strong>Medicina tradicional<\/strong><\/h3>\n<p>En la medicina tradicional, la corteza de Lakota se utiliza a menudo en decocci\u00f3n. Se ha utilizado no s\u00f3lo para tratar problemas de fertilidad, sino tambi\u00e9n para aliviar <strong>dolores articulares<\/strong>, el <strong>dolores de cabeza<\/strong> y algunos <strong>infecciones<\/strong>. Los curanderos nativos suelen combinar la corteza con otras hierbas locales para potenciar su eficacia.<\/p>\n<h3><strong>Complementos alimenticios contempor\u00e1neos<\/strong><\/h3>\n<p>En entornos contempor\u00e1neos, la corteza lakota puede encontrarse en forma de <strong>c\u00e1psulas<\/strong>, polvos e infusiones. Estos productos suelen ser comercializados por marcas especializadas en remedios naturales. La siguiente lista incluye algunas formas habituales de consumo:<\/p>\n<ol>\n<li><strong>Infusiones <\/strong>\u00a0corteza: se prepara hirviendo la corteza en agua durante 15-20 minutos.<\/li>\n<li><strong>C\u00e1psulas <\/strong>\u00a0Contiene extracto de corteza concentrado para facilitar su absorci\u00f3n.<\/li>\n<li><strong>Polvos <\/strong>\u00a0M\u00e9zclelo en batidos u otras bebidas para beneficiarse directamente de sus propiedades nutritivas.<\/li>\n<\/ol>\n<h2><strong>Efectos secundarios y precauciones<\/strong><\/h2>\n<h3><strong>Precauciones de consumo<\/strong><\/h3>\n<p>Como con cualquier suplemento diet\u00e9tico, es importante consultar a un profesional de la salud antes de incluir la corteza de Lakota en su dieta diaria. Algunas personas pueden ser al\u00e9rgicas o experimentar reacciones adversas. Casos de <strong>problemas digestivos leves<\/strong> se han observado en ciertas personas sensibles a los taninos.<\/p>\n<h3><strong>Interacciones medicamentosas<\/strong><\/h3>\n<p>La corteza de Lakota puede interactuar con <strong>medicamentos anticoagulantes<\/strong> o <strong>antiinflamatorios<\/strong>. Se debe tener especial precauci\u00f3n si ya se est\u00e1 siguiendo un tratamiento farmacol\u00f3gico. Informe siempre a su m\u00e9dico de la introducci\u00f3n de nuevos remedios naturales en su dieta.<\/p>\n<h3><strong>Consejos pr\u00e1cticos para utilizar la corteza Lakota<\/strong><\/h3>\n<ul>\n<li><strong>Dosis recomendada : <\/strong>Para aprovechar al m\u00e1ximo los beneficios de la corteza de Lakota sin poner en riesgo la salud, es fundamental seguir la dosis recomendada. Una dosis com\u00fan para infusiones es una cucharada de corteza seca por taza de agua caliente, tomada tres veces al d\u00eda. En el caso de los suplementos en c\u00e1psulas, siga estrictamente las instrucciones de la etiqueta o las proporcionadas por un profesional de la salud.<\/li>\n<\/ul>\n<ul>\n<li><strong>Almacenar correctamente : <\/strong>La calidad de la corteza Lakota puede verse comprometida por un mal almacenamiento. Por ello, es aconsejable guardarla en un lugar fresco y seco, alejada de la luz solar directa. Esto ayuda a mantener sus propiedades activas y su eficacia a lo largo del tiempo.<\/li>\n<\/ul>","protected":false},"excerpt":{"rendered":"<p><img decoding=\"async\" class=\"size-full wp-image-5091 aligncenter\" src=\"https:\/\/www.safinel.fr\/wp-content\/uploads\/2021\/06\/BANNIERE-ICONE-SAFINEL.webp\" alt=\"reaseguro de sat\u00e9n\" width=\"800\" height=\"200\" srcset=\"https:\/\/www.safinel.fr\/wp-content\/uploads\/2021\/06\/BANNIERE-ICONE-SAFINEL.webp 800w, https:\/\/www.safinel.fr\/wp-content\/uploads\/2021\/06\/BANNIERE-ICONE-SAFINEL-600x150.webp 600w, https:\/\/www.safinel.fr\/wp-content\/uploads\/2021\/06\/BANNIERE-ICONE-SAFINEL-768x192.webp 768w\" sizes=\"(max-width: 800px) 100vw, 800px\" \/><\/p>","protected":false},"featured_media":14642,"template":"","meta":[],"product_brand":[],"product_cat":[15,27],"product_tag":[],"class_list":{"0":"post-14639","1":"product","2":"type-product","3":"status-publish","4":"has-post-thumbnail","6":"product_cat-fertilite","7":"product_cat-plantes-medicinales","9":"first","10":"outofstock","11":"shipping-taxable","12":"purchasable","13":"product-type-variable"},"yoast_head":"<!-- This site is optimized with the Yoast SEO plugin v26.6 - https:\/\/yoast.com\/wordpress\/plugins\/seo\/ -->\n<title>\u00c9corce de Lakota | Bienfaits pour la fertilit\u00e9 | Achat en France<\/title>\n<meta name=\"description\" content=\"L&#039;\u00e9corce de Lakota est reconnue depuis des si\u00e8cles pour ses propri\u00e9t\u00e9s m\u00e9dicinales et th\u00e9rapeutiques. Adoptez-l\u00e0 en quelques clics !\" \/>\n<meta name=\"robots\" content=\"index, follow, max-snippet:-1, max-image-preview:large, max-video-preview:-1\" \/>\n<link rel=\"canonical\" href=\"https:\/\/www.safinel.fr\/es\/product-2\/corteza-de-lakota\/\" \/>\n<meta property=\"og:locale\" content=\"es_ES\" \/>\n<meta property=\"og:type\" content=\"article\" \/>\n<meta property=\"og:title\" content=\"\u00c9corce de Lakota | Bienfaits pour la fertilit\u00e9 | Achat en France\" \/>\n<meta property=\"og:description\" content=\"L&#039;\u00e9corce de Lakota est reconnue depuis des si\u00e8cles pour ses propri\u00e9t\u00e9s m\u00e9dicinales et th\u00e9rapeutiques. Adoptez-l\u00e0 en quelques clics !\" \/>\n<meta property=\"og:url\" content=\"https:\/\/www.safinel.fr\/es\/product-2\/corteza-de-lakota\/\" \/>\n<meta property=\"og:site_name\" content=\"Safinel\" \/>\n<meta property=\"article:modified_time\" content=\"2025-10-20T09:21:49+00:00\" \/>\n<meta property=\"og:image\" content=\"https:\/\/www.safinel.fr\/wp-content\/uploads\/2024\/08\/ecorce-de-lakota.jpg\" \/>\n\t<meta property=\"og:image:width\" content=\"600\" \/>\n\t<meta property=\"og:image:height\" content=\"600\" \/>\n\t<meta property=\"og:image:type\" content=\"image\/jpeg\" \/>\n<meta name=\"twitter:card\" content=\"summary_large_image\" \/>\n<meta name=\"twitter:label1\" content=\"Tiempo de lectura\" \/>\n\t<meta name=\"twitter:data1\" content=\"4 minutos\" \/>\n<script type=\"application\/ld+json\" class=\"yoast-schema-graph\">{\"@context\":\"https:\/\/schema.org\",\"@graph\":[{\"@type\":\"WebPage\",\"@id\":\"https:\/\/www.safinel.fr\/produit\/ecorce-de-lakota\/\",\"url\":\"https:\/\/www.safinel.fr\/produit\/ecorce-de-lakota\/\",\"name\":\"\u00c9corce de Lakota | Bienfaits pour la fertilit\u00e9 | Achat en France\",\"isPartOf\":{\"@id\":\"https:\/\/www.safinel.fr\/#website\"},\"primaryImageOfPage\":{\"@id\":\"https:\/\/www.safinel.fr\/produit\/ecorce-de-lakota\/#primaryimage\"},\"image\":{\"@id\":\"https:\/\/www.safinel.fr\/produit\/ecorce-de-lakota\/#primaryimage\"},\"thumbnailUrl\":\"https:\/\/www.safinel.fr\/wp-content\/uploads\/2024\/08\/ecorce-de-lakota.jpg\",\"datePublished\":\"2024-08-06T11:38:43+00:00\",\"dateModified\":\"2025-10-20T09:21:49+00:00\",\"description\":\"L'\u00e9corce de Lakota est reconnue depuis des si\u00e8cles pour ses propri\u00e9t\u00e9s m\u00e9dicinales et th\u00e9rapeutiques. Adoptez-l\u00e0 en quelques clics !\",\"breadcrumb\":{\"@id\":\"https:\/\/www.safinel.fr\/produit\/ecorce-de-lakota\/#breadcrumb\"},\"inLanguage\":\"es\",\"potentialAction\":[{\"@type\":\"ReadAction\",\"target\":[\"https:\/\/www.safinel.fr\/produit\/ecorce-de-lakota\/\"]}]},{\"@type\":\"ImageObject\",\"inLanguage\":\"es\",\"@id\":\"https:\/\/www.safinel.fr\/produit\/ecorce-de-lakota\/#primaryimage\",\"url\":\"https:\/\/www.safinel.fr\/wp-content\/uploads\/2024\/08\/ecorce-de-lakota.jpg\",\"contentUrl\":\"https:\/\/www.safinel.fr\/wp-content\/uploads\/2024\/08\/ecorce-de-lakota.jpg\",\"width\":600,\"height\":600,\"caption\":\"\u00c9corce de Lakota\"},{\"@type\":\"BreadcrumbList\",\"@id\":\"https:\/\/www.safinel.fr\/produit\/ecorce-de-lakota\/#breadcrumb\",\"itemListElement\":[{\"@type\":\"ListItem\",\"position\":1,\"name\":\"Accueil\",\"item\":\"https:\/\/www.safinel.fr\/\"},{\"@type\":\"ListItem\",\"position\":2,\"name\":\"Boutique\",\"item\":\"https:\/\/www.safinel.fr\/boutique\/\"},{\"@type\":\"ListItem\",\"position\":3,\"name\":\"\u00c9corce de Lakota\"}]},{\"@type\":\"WebSite\",\"@id\":\"https:\/\/www.safinel.fr\/#website\",\"url\":\"https:\/\/www.safinel.fr\/\",\"name\":\"Safinel\",\"description\":\"\",\"publisher\":{\"@id\":\"https:\/\/www.safinel.fr\/#organization\"},\"potentialAction\":[{\"@type\":\"SearchAction\",\"target\":{\"@type\":\"EntryPoint\",\"urlTemplate\":\"https:\/\/www.safinel.fr\/?s={search_term_string}\"},\"query-input\":{\"@type\":\"PropertyValueSpecification\",\"valueRequired\":true,\"valueName\":\"search_term_string\"}}],\"inLanguage\":\"es\"},{\"@type\":\"Organization\",\"@id\":\"https:\/\/www.safinel.fr\/#organization\",\"name\":\"Safinel\",\"url\":\"https:\/\/www.safinel.fr\/\",\"logo\":{\"@type\":\"ImageObject\",\"inLanguage\":\"es\",\"@id\":\"https:\/\/www.safinel.fr\/#\/schema\/logo\/image\/\",\"url\":\"https:\/\/www.safinel.fr\/wp-content\/uploads\/2021\/05\/boutique-cosmetique.png\",\"contentUrl\":\"https:\/\/www.safinel.fr\/wp-content\/uploads\/2021\/05\/boutique-cosmetique.png\",\"width\":800,\"height\":200,\"caption\":\"Safinel\"},\"image\":{\"@id\":\"https:\/\/www.safinel.fr\/#\/schema\/logo\/image\/\"}}]}<\/script>\n<!-- \/ Yoast SEO plugin. -->","yoast_head_json":{"title":"Corteza de lakota | Beneficios para la fertilidad | Comprar en Francia","description":"La corteza de lakota es reconocida desde hace siglos por sus propiedades medicinales y terap\u00e9uticas. \u00a1Ad\u00f3ptala en unos pocos clics!","robots":{"index":"index","follow":"follow","max-snippet":"max-snippet:-1","max-image-preview":"max-image-preview:large","max-video-preview":"max-video-preview:-1"},"canonical":"https:\/\/www.safinel.fr\/es\/product-2\/corteza-de-lakota\/","og_locale":"es_ES","og_type":"article","og_title":"\u00c9corce de Lakota | Bienfaits pour la fertilit\u00e9 | Achat en France","og_description":"L'\u00e9corce de Lakota est reconnue depuis des si\u00e8cles pour ses propri\u00e9t\u00e9s m\u00e9dicinales et th\u00e9rapeutiques. Adoptez-l\u00e0 en quelques clics !","og_url":"https:\/\/www.safinel.fr\/es\/product-2\/corteza-de-lakota\/","og_site_name":"Safinel","article_modified_time":"2025-10-20T09:21:49+00:00","og_image":[{"width":600,"height":600,"url":"https:\/\/www.safinel.fr\/wp-content\/uploads\/2024\/08\/ecorce-de-lakota.jpg","type":"image\/jpeg"}],"twitter_card":"summary_large_image","twitter_misc":{"Tiempo de lectura":"4 minutos"},"schema":{"@context":"https:\/\/schema.org","@graph":[{"@type":"WebPage","@id":"https:\/\/www.safinel.fr\/produit\/ecorce-de-lakota\/","url":"https:\/\/www.safinel.fr\/produit\/ecorce-de-lakota\/","name":"Corteza de lakota | Beneficios para la fertilidad | Comprar en Francia","isPartOf":{"@id":"https:\/\/www.safinel.fr\/#website"},"primaryImageOfPage":{"@id":"https:\/\/www.safinel.fr\/produit\/ecorce-de-lakota\/#primaryimage"},"image":{"@id":"https:\/\/www.safinel.fr\/produit\/ecorce-de-lakota\/#primaryimage"},"thumbnailUrl":"https:\/\/www.safinel.fr\/wp-content\/uploads\/2024\/08\/ecorce-de-lakota.jpg","datePublished":"2024-08-06T11:38:43+00:00","dateModified":"2025-10-20T09:21:49+00:00","description":"La corteza de lakota es reconocida desde hace siglos por sus propiedades medicinales y terap\u00e9uticas. \u00a1Ad\u00f3ptala en unos pocos clics!","breadcrumb":{"@id":"https:\/\/www.safinel.fr\/produit\/ecorce-de-lakota\/#breadcrumb"},"inLanguage":"es","potentialAction":[{"@type":"ReadAction","target":["https:\/\/www.safinel.fr\/produit\/ecorce-de-lakota\/"]}]},{"@type":"ImageObject","inLanguage":"es","@id":"https:\/\/www.safinel.fr\/produit\/ecorce-de-lakota\/#primaryimage","url":"https:\/\/www.safinel.fr\/wp-content\/uploads\/2024\/08\/ecorce-de-lakota.jpg","contentUrl":"https:\/\/www.safinel.fr\/wp-content\/uploads\/2024\/08\/ecorce-de-lakota.jpg","width":600,"height":600,"caption":"\u00c9corce de Lakota"},{"@type":"BreadcrumbList","@id":"https:\/\/www.safinel.fr\/produit\/ecorce-de-lakota\/#breadcrumb","itemListElement":[{"@type":"ListItem","position":1,"name":"Accueil","item":"https:\/\/www.safinel.fr\/"},{"@type":"ListItem","position":2,"name":"Boutique","item":"https:\/\/www.safinel.fr\/boutique\/"},{"@type":"ListItem","position":3,"name":"\u00c9corce de Lakota"}]},{"@type":"WebSite","@id":"https:\/\/www.safinel.fr\/#website","url":"https:\/\/www.safinel.fr\/","name":"Safinel","description":"","publisher":{"@id":"https:\/\/www.safinel.fr\/#organization"},"potentialAction":[{"@type":"SearchAction","target":{"@type":"EntryPoint","urlTemplate":"https:\/\/www.safinel.fr\/?s={search_term_string}"},"query-input":{"@type":"PropertyValueSpecification","valueRequired":true,"valueName":"search_term_string"}}],"inLanguage":"es"},{"@type":"Organization","@id":"https:\/\/www.safinel.fr\/#organization","name":"Safinel","url":"https:\/\/www.safinel.fr\/","logo":{"@type":"ImageObject","inLanguage":"es","@id":"https:\/\/www.safinel.fr\/#\/schema\/logo\/image\/","url":"https:\/\/www.safinel.fr\/wp-content\/uploads\/2021\/05\/boutique-cosmetique.png","contentUrl":"https:\/\/www.safinel.fr\/wp-content\/uploads\/2021\/05\/boutique-cosmetique.png","width":800,"height":200,"caption":"Safinel"},"image":{"@id":"https:\/\/www.safinel.fr\/#\/schema\/logo\/image\/"}}]}},"_links":{"self":[{"href":"https:\/\/www.safinel.fr\/es\/wp-json\/wp\/v2\/product\/14639","targetHints":{"allow":["GET"]}}],"collection":[{"href":"https:\/\/www.safinel.fr\/es\/wp-json\/wp\/v2\/product"}],"about":[{"href":"https:\/\/www.safinel.fr\/es\/wp-json\/wp\/v2\/types\/product"}],"wp:featuredmedia":[{"embeddable":true,"href":"https:\/\/www.safinel.fr\/es\/wp-json\/wp\/v2\/media\/14642"}],"wp:attachment":[{"href":"https:\/\/www.safinel.fr\/es\/wp-json\/wp\/v2\/media?parent=14639"}],"wp:term":[{"taxonomy":"product_brand","embeddable":true,"href":"https:\/\/www.safinel.fr\/es\/wp-json\/wp\/v2\/product_brand?post=14639"},{"taxonomy":"product_cat","embeddable":true,"href":"https:\/\/www.safinel.fr\/es\/wp-json\/wp\/v2\/product_cat?post=14639"},{"taxonomy":"product_tag","embeddable":true,"href":"https:\/\/www.safinel.fr\/es\/wp-json\/wp\/v2\/product_tag?post=14639"}],"curies":[{"name":"wp","href":"https:\/\/api.w.org\/{rel}","templated":true}]}}