{"id":14599,"date":"2024-08-01T20:06:28","date_gmt":"2024-08-01T20:06:28","guid":{"rendered":"https:\/\/www.safinel.fr\/?post_type=product&#038;p=14599"},"modified":"2024-08-06T14:11:51","modified_gmt":"2024-08-06T14:11:51","slug":"aceite-de-marula","status":"publish","type":"product","link":"https:\/\/www.safinel.fr\/es\/product-2\/aceite-de-marula\/","title":{"rendered":"Aceite de marula 100 ml"},"content":{"rendered":"<p><strong>Aceite de marula<\/strong> es un <strong>aceite vegetal<\/strong> extra\u00eddo de los granos del fruto del \u00e1rbol Marula, originario del sur de \u00c1frica. Este preciado aceite es rico en <strong>antioxidantes<\/strong> y <strong>\u00e1cidos grasos esenciales<\/strong>, Los beneficios para la piel y el cabello son reconocidos. Enriquecido con <strong>vitamina E<\/strong>, Este aceite hidrata, nutre y protege de forma natural. Descubra en este art\u00edculo c\u00f3mo este aceite milagroso puede transformar su rutina de cuidado de la piel y el cabello.<\/p>\n<h2><strong>Origen y composici\u00f3n del aceite de marula<\/strong><\/h2>\n<p>El aceite de marula procede del fruto del \u00e1rbol de la marula, conocido cient\u00edficamente como marula. <strong>Sclerocarya birrea<\/strong>. Este \u00e1rbol crece principalmente en las regiones \u00e1ridas del sur de \u00c1frica. La poblaci\u00f3n local lleva siglos utilizando el fruto de la marula, no s\u00f3lo como alimento, sino tambi\u00e9n por sus propiedades medicinales.<\/p>\n<ul>\n<li><strong>Proceso de extracci\u00f3n<\/strong><\/li>\n<\/ul>\n<p>El proceso de extracci\u00f3n del aceite de marula comienza con la <strong>recolecci\u00f3n manual de fruta madura<\/strong>. A continuaci\u00f3n se extrae la semilla y se prensa en fr\u00edo para obtener un aceite puro, sin refinar. Este m\u00e9todo conserva todos los principios activos naturales contenidos en el aceite, incluidos los \u00e1cidos grasos poliinsaturados y la vitamina E.<\/p>\n<ul>\n<li><strong>Caracter\u00edsticas qu\u00edmicas<\/strong><\/li>\n<\/ul>\n<p>El aceite de marula contiene altos niveles de <strong>monoinsaturados<\/strong> como\u2019<strong>\u00e1cido oleico (70-78%)<\/strong> y \u00e1cidos grasos poliinsaturados como el \u00e1cido linoleico (4-7%). Es especialmente rico en antioxidantes: tocoferoles y fitoesteroles, que combaten los radicales libres y protegen contra los signos del envejecimiento.<\/p>\n<h2><strong>Beneficios del aceite de marula para el cabello<\/strong><\/h2>\n<p>Incluir aceite de marula en tu rutina capilar tiene muchos beneficios para los distintos tipos de cabello. Tanto si tienes el pelo seco, da\u00f1ado o rizado, este <strong>aceite milagroso<\/strong> ofrece soluciones naturales para mejorar su aspecto y su salud en general.<\/p>\n<h3><strong>Hidrataci\u00f3n y nutrici\u00f3n intensas<\/strong><\/h3>\n<p>El aceite de marula es una excelente fuente de hidrataci\u00f3n gracias a su alto contenido en <strong>\u00e1cidos grasos<\/strong>. Penetra f\u00e1cilmente en el tallo del cabello, nutri\u00e9ndolo y fortaleci\u00e9ndolo desde el interior. Esto ayuda a prevenir <strong>romper<\/strong> y <strong>puntas abiertas<\/strong>, dejando el cabello suave y sedoso.<\/p>\n<h3><strong>Protecci\u00f3n contra agresiones externas<\/strong><\/h3>\n<p>Los antioxidantes presentes en este aceite forman un <strong>barrera protectora<\/strong> alrededor del cabello, protegi\u00e9ndolo de los da\u00f1os causados por factores ambientales como la luz solar. <a href=\"https:\/\/www.safinel.fr\/es\/quemaduras-solares-piel-negra\/\"><strong>sol<\/strong><\/a>, el <strong>viento<\/strong> y el <strong>contaminaci\u00f3n<\/strong>. Esto ayuda a mantener el color del cabello te\u00f1ido durante m\u00e1s tiempo.<\/p>\n<h3><strong>Reduce el encrespamiento y mejora la textura<\/strong><\/h3>\n<p>El aceite de marula es especialmente beneficioso para el cabello rebelde o encrespado. Ayuda a domar <strong>encrespamiento<\/strong> y suaviza la textura del cabello, facilitando el peinado. A\u00f1ada unas gotas a su acondicionador o util\u00edcelo como \"acondicionador capilar\". <strong>suero sin aclarado<\/strong> para obtener resultados visibles.<\/p>\n<ul>\n<li>Utilizar antes del champ\u00fa como mascarilla capilar para nutrir el cabello en profundidad.<\/li>\n<li>A\u00f1ada unas gotas a su acondicionador para una mayor hidrataci\u00f3n.<\/li>\n<li>Aplicar sobre las puntas secas para reducir las puntas abiertas.<\/li>\n<li>Util\u00edcelo como s\u00e9rum antiencrespamiento para conseguir un cabello suave y brillante.<\/li>\n<\/ul>\n<h2><strong>Beneficios del aceite de marula para el rostro<\/strong><\/h2>\n<p>Al igual que para el cabello, el aceite de marula tiene considerables beneficios para la piel del rostro. Sus propiedades hidratantes, nutritivas y protectoras lo convierten en un excelente complemento para cualquier rutina de cuidado de la piel.<\/p>\n<h3><strong>Hidrataci\u00f3n y suavidad de la piel<\/strong><\/h3>\n<p>Gracias a su textura ligera, el aceite de marula se absorbe r\u00e1pidamente sin dejar una pel\u00edcula grasa. Proporciona una hidrataci\u00f3n duradera, ideal para <strong>piel seca<\/strong> y deshidratado, al tiempo que mejora <strong>elasticidad<\/strong> y el tono de la piel. Aplicar unas gotas al d\u00eda para <strong>piel radiante<\/strong> y flexible.<\/p>\n<h3><strong>Propiedades antienvejecimiento y reducci\u00f3n de los signos de la edad<\/strong><\/h3>\n<p>Rico en antioxidantes, el aceite de marula combate eficazmente los signos del envejecimiento. <strong>envejecimiento cut\u00e1neo<\/strong>. Ayuda a reducir <strong>l\u00edneas finas<\/strong>, el <strong>arrugas<\/strong> y otras imperfecciones, al tiempo que favorece la regeneraci\u00f3n celular. Incorporado a su rutina de cuidado nocturno, revitaliza la piel a medida que avanza la noche.<\/p>\n<h3><strong>Tratamiento de inflamaciones e imperfecciones<\/strong><\/h3>\n<p>Las propiedades antiinflamatorias y antibacterianas del aceite de marula lo convierten en un aliado ideal contra el acn\u00e9 y otros problemas cut\u00e1neos. Utilizado como tratamiento localizado, alivia la aparici\u00f3n de acn\u00e9. <strong>irritaciones<\/strong>, reduce <strong>sarpullidos<\/strong> y acelera la curaci\u00f3n de los granos, sin obstruir los poros.<\/p>\n<ol>\n<li>Limpia tu rostro con un limpiador suave adecuado a tu tipo de piel.<\/li>\n<li>Aplicar unas gotas sobre el rostro, a\u00fan ligeramente h\u00famedo, para una mejor absorci\u00f3n.<\/li>\n<li>Masajear suavemente con movimientos circulares para que el producto penetre.<\/li>\n<li>Si es necesario, aplicar a continuaci\u00f3n la crema hidratante habitual.<\/li>\n<\/ol>","protected":false},"excerpt":{"rendered":"<p>L&rsquo;huile de marula est une huile v\u00e9g\u00e9tale extraite des noyaux du fruit de l&rsquo;arbre Marula, originaire d&rsquo;Afrique australe. Cette huile pr\u00e9cieuse est riche en antioxydants et acides gras essentiels, rendant ses bienfaits reconnus pour la peau et les cheveux. Enrichie en vitamine E, cette huile hydrate, nourrit et prot\u00e8ge naturellement. Explorez dans cet article comment [&#8230;]","protected":false},"featured_media":14600,"template":"","meta":[],"product_brand":[],"product_cat":[146,122],"product_tag":[],"class_list":{"0":"post-14599","1":"product","2":"type-product","3":"status-publish","4":"has-post-thumbnail","6":"product_cat-produit-cheveux","7":"product_cat-huile-vegetale","9":"first","10":"instock","11":"shipping-taxable","12":"purchasable","13":"product-type-simple"},"yoast_head":"<!-- This site is optimized with the Yoast SEO plugin v26.6 - https:\/\/yoast.com\/wordpress\/plugins\/seo\/ -->\n<title>Huile de marula | Achat et utilisation | Bienfaits visage et cheveux<\/title>\n<meta name=\"description\" content=\"L&#039;huile de marula est une huile v\u00e9g\u00e9tale extraite des noyaux du fruit de l&#039;arbre Marula, originaire d&#039;Afrique australe. Adoptez-l\u00e0 sans plus attendre !\" \/>\n<meta name=\"robots\" content=\"index, follow, max-snippet:-1, max-image-preview:large, max-video-preview:-1\" \/>\n<link rel=\"canonical\" href=\"https:\/\/www.safinel.fr\/es\/product-2\/aceite-de-marula\/\" \/>\n<meta property=\"og:locale\" content=\"es_ES\" \/>\n<meta property=\"og:type\" content=\"article\" \/>\n<meta property=\"og:title\" content=\"Huile de marula | Achat et utilisation | Bienfaits visage et cheveux\" \/>\n<meta property=\"og:description\" content=\"L&#039;huile de marula est une huile v\u00e9g\u00e9tale extraite des noyaux du fruit de l&#039;arbre Marula, originaire d&#039;Afrique australe. Adoptez-l\u00e0 sans plus attendre !\" \/>\n<meta property=\"og:url\" content=\"https:\/\/www.safinel.fr\/es\/product-2\/aceite-de-marula\/\" \/>\n<meta property=\"og:site_name\" content=\"Safinel\" \/>\n<meta property=\"article:modified_time\" content=\"2024-08-06T14:11:51+00:00\" \/>\n<meta property=\"og:image\" content=\"https:\/\/www.safinel.fr\/wp-content\/uploads\/2024\/08\/huile-de-marula.jpg\" \/>\n\t<meta property=\"og:image:width\" content=\"600\" \/>\n\t<meta property=\"og:image:height\" content=\"600\" \/>\n\t<meta property=\"og:image:type\" content=\"image\/jpeg\" \/>\n<meta name=\"twitter:card\" content=\"summary_large_image\" \/>\n<meta name=\"twitter:label1\" content=\"Tiempo de lectura\" \/>\n\t<meta name=\"twitter:data1\" content=\"4 minutos\" \/>\n<script type=\"application\/ld+json\" class=\"yoast-schema-graph\">{\"@context\":\"https:\/\/schema.org\",\"@graph\":[{\"@type\":\"WebPage\",\"@id\":\"https:\/\/www.safinel.fr\/produit\/huile-de-marula\/\",\"url\":\"https:\/\/www.safinel.fr\/produit\/huile-de-marula\/\",\"name\":\"Huile de marula | Achat et utilisation | Bienfaits visage et cheveux\",\"isPartOf\":{\"@id\":\"https:\/\/www.safinel.fr\/#website\"},\"primaryImageOfPage\":{\"@id\":\"https:\/\/www.safinel.fr\/produit\/huile-de-marula\/#primaryimage\"},\"image\":{\"@id\":\"https:\/\/www.safinel.fr\/produit\/huile-de-marula\/#primaryimage\"},\"thumbnailUrl\":\"https:\/\/www.safinel.fr\/wp-content\/uploads\/2024\/08\/huile-de-marula.jpg\",\"datePublished\":\"2024-08-01T20:06:28+00:00\",\"dateModified\":\"2024-08-06T14:11:51+00:00\",\"description\":\"L'huile de marula est une huile v\u00e9g\u00e9tale extraite des noyaux du fruit de l'arbre Marula, originaire d'Afrique australe. Adoptez-l\u00e0 sans plus attendre !\",\"breadcrumb\":{\"@id\":\"https:\/\/www.safinel.fr\/produit\/huile-de-marula\/#breadcrumb\"},\"inLanguage\":\"es\",\"potentialAction\":[{\"@type\":\"ReadAction\",\"target\":[\"https:\/\/www.safinel.fr\/produit\/huile-de-marula\/\"]}]},{\"@type\":\"ImageObject\",\"inLanguage\":\"es\",\"@id\":\"https:\/\/www.safinel.fr\/produit\/huile-de-marula\/#primaryimage\",\"url\":\"https:\/\/www.safinel.fr\/wp-content\/uploads\/2024\/08\/huile-de-marula.jpg\",\"contentUrl\":\"https:\/\/www.safinel.fr\/wp-content\/uploads\/2024\/08\/huile-de-marula.jpg\",\"width\":600,\"height\":600,\"caption\":\"Huile de marula 100ml\"},{\"@type\":\"BreadcrumbList\",\"@id\":\"https:\/\/www.safinel.fr\/produit\/huile-de-marula\/#breadcrumb\",\"itemListElement\":[{\"@type\":\"ListItem\",\"position\":1,\"name\":\"Accueil\",\"item\":\"https:\/\/www.safinel.fr\/\"},{\"@type\":\"ListItem\",\"position\":2,\"name\":\"Boutique\",\"item\":\"https:\/\/www.safinel.fr\/boutique\/\"},{\"@type\":\"ListItem\",\"position\":3,\"name\":\"Huile de marula 100ml\"}]},{\"@type\":\"WebSite\",\"@id\":\"https:\/\/www.safinel.fr\/#website\",\"url\":\"https:\/\/www.safinel.fr\/\",\"name\":\"Safinel\",\"description\":\"\",\"publisher\":{\"@id\":\"https:\/\/www.safinel.fr\/#organization\"},\"potentialAction\":[{\"@type\":\"SearchAction\",\"target\":{\"@type\":\"EntryPoint\",\"urlTemplate\":\"https:\/\/www.safinel.fr\/?s={search_term_string}\"},\"query-input\":{\"@type\":\"PropertyValueSpecification\",\"valueRequired\":true,\"valueName\":\"search_term_string\"}}],\"inLanguage\":\"es\"},{\"@type\":\"Organization\",\"@id\":\"https:\/\/www.safinel.fr\/#organization\",\"name\":\"Safinel\",\"url\":\"https:\/\/www.safinel.fr\/\",\"logo\":{\"@type\":\"ImageObject\",\"inLanguage\":\"es\",\"@id\":\"https:\/\/www.safinel.fr\/#\/schema\/logo\/image\/\",\"url\":\"https:\/\/www.safinel.fr\/wp-content\/uploads\/2021\/05\/boutique-cosmetique.png\",\"contentUrl\":\"https:\/\/www.safinel.fr\/wp-content\/uploads\/2021\/05\/boutique-cosmetique.png\",\"width\":800,\"height\":200,\"caption\":\"Safinel\"},\"image\":{\"@id\":\"https:\/\/www.safinel.fr\/#\/schema\/logo\/image\/\"}}]}<\/script>\n<!-- \/ Yoast SEO plugin. -->","yoast_head_json":{"title":"Aceite de marula | Compra y uso | Beneficios para rostro y cabello","description":"El aceite de marula es un aceite vegetal extra\u00eddo de los granos del fruto del \u00e1rbol de marula, originario del sur de \u00c1frica. \u00a1Ad\u00f3ptelo sin demora!","robots":{"index":"index","follow":"follow","max-snippet":"max-snippet:-1","max-image-preview":"max-image-preview:large","max-video-preview":"max-video-preview:-1"},"canonical":"https:\/\/www.safinel.fr\/es\/product-2\/aceite-de-marula\/","og_locale":"es_ES","og_type":"article","og_title":"Huile de marula | Achat et utilisation | Bienfaits visage et cheveux","og_description":"L'huile de marula est une huile v\u00e9g\u00e9tale extraite des noyaux du fruit de l'arbre Marula, originaire d'Afrique australe. Adoptez-l\u00e0 sans plus attendre !","og_url":"https:\/\/www.safinel.fr\/es\/product-2\/aceite-de-marula\/","og_site_name":"Safinel","article_modified_time":"2024-08-06T14:11:51+00:00","og_image":[{"width":600,"height":600,"url":"https:\/\/www.safinel.fr\/wp-content\/uploads\/2024\/08\/huile-de-marula.jpg","type":"image\/jpeg"}],"twitter_card":"summary_large_image","twitter_misc":{"Tiempo de lectura":"4 minutos"},"schema":{"@context":"https:\/\/schema.org","@graph":[{"@type":"WebPage","@id":"https:\/\/www.safinel.fr\/produit\/huile-de-marula\/","url":"https:\/\/www.safinel.fr\/produit\/huile-de-marula\/","name":"Aceite de marula | Compra y uso | Beneficios para rostro y cabello","isPartOf":{"@id":"https:\/\/www.safinel.fr\/#website"},"primaryImageOfPage":{"@id":"https:\/\/www.safinel.fr\/produit\/huile-de-marula\/#primaryimage"},"image":{"@id":"https:\/\/www.safinel.fr\/produit\/huile-de-marula\/#primaryimage"},"thumbnailUrl":"https:\/\/www.safinel.fr\/wp-content\/uploads\/2024\/08\/huile-de-marula.jpg","datePublished":"2024-08-01T20:06:28+00:00","dateModified":"2024-08-06T14:11:51+00:00","description":"El aceite de marula es un aceite vegetal extra\u00eddo de los granos del fruto del \u00e1rbol de marula, originario del sur de \u00c1frica. \u00a1Ad\u00f3ptelo sin demora!","breadcrumb":{"@id":"https:\/\/www.safinel.fr\/produit\/huile-de-marula\/#breadcrumb"},"inLanguage":"es","potentialAction":[{"@type":"ReadAction","target":["https:\/\/www.safinel.fr\/produit\/huile-de-marula\/"]}]},{"@type":"ImageObject","inLanguage":"es","@id":"https:\/\/www.safinel.fr\/produit\/huile-de-marula\/#primaryimage","url":"https:\/\/www.safinel.fr\/wp-content\/uploads\/2024\/08\/huile-de-marula.jpg","contentUrl":"https:\/\/www.safinel.fr\/wp-content\/uploads\/2024\/08\/huile-de-marula.jpg","width":600,"height":600,"caption":"Huile de marula 100ml"},{"@type":"BreadcrumbList","@id":"https:\/\/www.safinel.fr\/produit\/huile-de-marula\/#breadcrumb","itemListElement":[{"@type":"ListItem","position":1,"name":"Accueil","item":"https:\/\/www.safinel.fr\/"},{"@type":"ListItem","position":2,"name":"Boutique","item":"https:\/\/www.safinel.fr\/boutique\/"},{"@type":"ListItem","position":3,"name":"Huile de marula 100ml"}]},{"@type":"WebSite","@id":"https:\/\/www.safinel.fr\/#website","url":"https:\/\/www.safinel.fr\/","name":"Safinel","description":"","publisher":{"@id":"https:\/\/www.safinel.fr\/#organization"},"potentialAction":[{"@type":"SearchAction","target":{"@type":"EntryPoint","urlTemplate":"https:\/\/www.safinel.fr\/?s={search_term_string}"},"query-input":{"@type":"PropertyValueSpecification","valueRequired":true,"valueName":"search_term_string"}}],"inLanguage":"es"},{"@type":"Organization","@id":"https:\/\/www.safinel.fr\/#organization","name":"Safinel","url":"https:\/\/www.safinel.fr\/","logo":{"@type":"ImageObject","inLanguage":"es","@id":"https:\/\/www.safinel.fr\/#\/schema\/logo\/image\/","url":"https:\/\/www.safinel.fr\/wp-content\/uploads\/2021\/05\/boutique-cosmetique.png","contentUrl":"https:\/\/www.safinel.fr\/wp-content\/uploads\/2021\/05\/boutique-cosmetique.png","width":800,"height":200,"caption":"Safinel"},"image":{"@id":"https:\/\/www.safinel.fr\/#\/schema\/logo\/image\/"}}]}},"_links":{"self":[{"href":"https:\/\/www.safinel.fr\/es\/wp-json\/wp\/v2\/product\/14599","targetHints":{"allow":["GET"]}}],"collection":[{"href":"https:\/\/www.safinel.fr\/es\/wp-json\/wp\/v2\/product"}],"about":[{"href":"https:\/\/www.safinel.fr\/es\/wp-json\/wp\/v2\/types\/product"}],"wp:featuredmedia":[{"embeddable":true,"href":"https:\/\/www.safinel.fr\/es\/wp-json\/wp\/v2\/media\/14600"}],"wp:attachment":[{"href":"https:\/\/www.safinel.fr\/es\/wp-json\/wp\/v2\/media?parent=14599"}],"wp:term":[{"taxonomy":"product_brand","embeddable":true,"href":"https:\/\/www.safinel.fr\/es\/wp-json\/wp\/v2\/product_brand?post=14599"},{"taxonomy":"product_cat","embeddable":true,"href":"https:\/\/www.safinel.fr\/es\/wp-json\/wp\/v2\/product_cat?post=14599"},{"taxonomy":"product_tag","embeddable":true,"href":"https:\/\/www.safinel.fr\/es\/wp-json\/wp\/v2\/product_tag?post=14599"}],"curies":[{"name":"wp","href":"https:\/\/api.w.org\/{rel}","templated":true}]}}