{"id":1457,"date":"2022-06-12T05:33:58","date_gmt":"2022-06-12T05:33:58","guid":{"rendered":"https:\/\/www.safinel.fr\/?post_type=product&#038;p=1457"},"modified":"2023-12-28T17:15:18","modified_gmt":"2023-12-28T17:15:18","slug":"hoja-de-mango","status":"publish","type":"product","link":"https:\/\/www.safinel.fr\/es\/product-2\/hoja-de-mango\/","title":{"rendered":"Hojas de mango"},"content":{"rendered":"<p>En<strong>\u00a0hojas de mango<\/strong>\u00a0no son tan populares como sus frutos. Sin embargo, tienen propiedades que ayudan a mejorar la salud. As\u00ed que vamos a saber m\u00e1s sobre ellas.<\/p>\n<h2><strong>Centrarse en las hojas de mango\u00a0<\/strong><\/h2>\n<p>Concentran compuestos vegetales con actividad farmacol\u00f3gica. En concreto, se les atribuye actividad antioxidante, antiinflamatoria, antibacteriana y antitumoral.<\/p>\n<p>Hay aproximadamente 69 especies de mang\u00edferas, la m\u00e1s conocida de las cuales es la Mangifera indica. Si en\u00a0<strong>esta planta,\u00a0<\/strong>Se puede disfrutar del tallo, la corteza, las ra\u00edces e incluso el fruto, y son estas hojas en particular las que tienen los efectos terap\u00e9uticos m\u00e1s potentes. As\u00ed que veamos los beneficios anteriores.<\/p>\n<h2><strong>Los sorprendentes beneficios de las hojas de mango<\/strong><\/h2>\n<p>Mucha gente desconoce los beneficios de las hojas de mango. Y sin embargo, aunque esta fruta es muy conocida por su sabor y versatilidad, pocos saben que las hojas tambi\u00e9n son comestibles y nutritivas.<\/p>\n<p>Las hojas de mango son :<\/p>\n<ul>\n<li><strong>Concentrados de compuestos vegetales saludables :<\/strong><\/li>\n<\/ul>\n<p>Los beneficios de estos productos proceden de su alta concentraci\u00f3n de compuestos vegetales. Para ser m\u00e1s precisos, contienen polifenoles y terpenos, conocidos por su capacidad para proteger contra los efectos negativos de los radicales libres.<\/p>\n<ul>\n<li>Tienen un\u00a0<strong>actividad antiinflamatoria :<\/strong><\/li>\n<\/ul>\n<p>Una de las propiedades m\u00e1s conocidas de las hojas de mango son sus propiedades antiinflamatorias.<\/p>\n<ul>\n<li><strong>Ayudan a perder peso:<\/strong><\/li>\n<\/ul>\n<p>Incorporadas a una dieta sana y variada, estas hojas pueden ayudarle a conseguir un peso sano y equilibrado.<\/p>\n<ul>\n<li>Lo mismo digo,\u00a0<strong>contribuyen al tratamiento de la diabetes:<\/strong><\/li>\n<\/ul>\n<p>Gracias a su capacidad para mejorar el metabolismo de las grasas, esta planta tambi\u00e9n tiene un efecto favorable en el control de los niveles de glucosa en sangre.<\/p>\n<ul>\n<li><strong>Tambi\u00e9n favorecen la salud de la piel:<\/strong><\/li>\n<\/ul>\n<p>Los beneficios de estas hojas se extienden tambi\u00e9n a la piel. Y eso se debe a su alta concentraci\u00f3n de antioxidantes.<\/p>\n<ul>\n<li>Y finalmente..,\u00a0<strong>favorecen la salud del cabello :<\/strong><\/li>\n<\/ul>\n<p>Las hojas y sus propiedades antioxidantes pueden ayudar a combatir el deterioro del cabello. De hecho, ayudan a prevenir la ca\u00edda excesiva del cabello y favorecen un crecimiento sano.<\/p>\n<p>Todas estas hojas est\u00e1n repletas de beneficios. Tambi\u00e9n ofrecemos\u00a0<a href=\"https:\/\/www.safinel.fr\/es\/product-2\/hoja-de-deucalipto\/\"><strong>hojas de eucalipto<\/strong><\/a>, Tambi\u00e9n las hojas contienen numerosos beneficios.<\/p>\n<h2><strong>\u00bfC\u00f3mo deben comerse las hojas de mango?\u00a0<\/strong><\/h2>\n<p>En<strong>\u00a0hojas de mango\u00a0<\/strong>son comestibles y pueden a\u00f1adirse a las recetas de ensaladas. Sin embargo, la forma m\u00e1s conocida de consumirlos es preparando una infusi\u00f3n. Para ello, basta con hervir unas 12 hojas de mango en un litro de agua. Una vez hervidas, se dejan reposar hasta que se pueda beber la infusi\u00f3n.<\/p>\n<p>Tambi\u00e9n puede encontrarse en forma de polvo que se diluye en agua para consumo oral o se aplica externamente.<\/p>\n<p>Su consumo depender\u00e1 de sus necesidades y deseos.<\/p>\n<h3><strong>Precauciones<\/strong><\/h3>\n<p>Si est\u00e1 en tratamiento, lo mejor es que consulte a su m\u00e9dico.<\/p>\n<p>Asimismo, como medida de precauci\u00f3n\u00a0<strong>no recomendado<\/strong>\u00a0Este producto no debe ser utilizado por ni\u00f1os peque\u00f1os ni por mujeres embarazadas o en per\u00edodo de lactancia.<\/p>","protected":false},"excerpt":{"rendered":"<p>Les\u00a0feuilles de manguier\u00a0ne sont pas aussi populaires que leur fruit. Toutefois, elles ont des propri\u00e9t\u00e9s qui contribuent \u00e0 am\u00e9liorer la sant\u00e9. De ce fait, partons \u00e0 leur d\u00e9couverte. Zoom sur les feuilles de manguier\u00a0 Ces derni\u00e8res concentrent des compos\u00e9s v\u00e9g\u00e9taux qui ont une activit\u00e9 pharmacologique. Plus pr\u00e9cis\u00e9ment, on leur attribue une activit\u00e9 antioxydante, anti-inflammatoire, antibact\u00e9rienne [&#8230;]","protected":false},"featured_media":1458,"template":"","meta":[],"product_brand":[],"product_cat":[27],"product_tag":[],"class_list":{"0":"post-1457","1":"product","2":"type-product","3":"status-publish","4":"has-post-thumbnail","6":"product_cat-plantes-medicinales","8":"first","9":"instock","10":"shipping-taxable","11":"purchasable","12":"product-type-variable","13":"has-default-attributes"},"yoast_head":"<!-- This site is optimized with the Yoast SEO plugin v26.6 - https:\/\/yoast.com\/wordpress\/plugins\/seo\/ -->\n<title>Feuilles de manguier I Produits naturels aux bienfaits nombreux<\/title>\n<meta name=\"description\" content=\"Les\u00a0feuilles de manguier\u00a0ne sont pas aussi populaires que leur fruit. Elles ont des propri\u00e9t\u00e9s qui contribuent \u00e0 am\u00e9liorer la sant\u00e9.\" \/>\n<meta name=\"robots\" content=\"index, follow, max-snippet:-1, max-image-preview:large, max-video-preview:-1\" \/>\n<link rel=\"canonical\" href=\"https:\/\/www.safinel.fr\/es\/product-2\/hoja-de-mango\/\" \/>\n<meta property=\"og:locale\" content=\"es_ES\" \/>\n<meta property=\"og:type\" content=\"article\" \/>\n<meta property=\"og:title\" content=\"Feuilles de manguier I Produits naturels aux bienfaits nombreux\" \/>\n<meta property=\"og:description\" content=\"Les\u00a0feuilles de manguier\u00a0ne sont pas aussi populaires que leur fruit. Elles ont des propri\u00e9t\u00e9s qui contribuent \u00e0 am\u00e9liorer la sant\u00e9.\" \/>\n<meta property=\"og:url\" content=\"https:\/\/www.safinel.fr\/es\/product-2\/hoja-de-mango\/\" \/>\n<meta property=\"og:site_name\" content=\"Safinel\" \/>\n<meta property=\"article:modified_time\" content=\"2023-12-28T17:15:18+00:00\" \/>\n<meta property=\"og:image\" content=\"https:\/\/www.safinel.fr\/wp-content\/uploads\/2022\/06\/feuilles-de-manguier.jpg\" \/>\n\t<meta property=\"og:image:width\" content=\"600\" \/>\n\t<meta property=\"og:image:height\" content=\"600\" \/>\n\t<meta property=\"og:image:type\" content=\"image\/jpeg\" \/>\n<meta name=\"twitter:card\" content=\"summary_large_image\" \/>\n<meta name=\"twitter:label1\" content=\"Tiempo de lectura\" \/>\n\t<meta name=\"twitter:data1\" content=\"3 minutos\" \/>\n<script type=\"application\/ld+json\" class=\"yoast-schema-graph\">{\"@context\":\"https:\/\/schema.org\",\"@graph\":[{\"@type\":\"WebPage\",\"@id\":\"https:\/\/www.safinel.fr\/produit\/feuille-de-manguier\/\",\"url\":\"https:\/\/www.safinel.fr\/produit\/feuille-de-manguier\/\",\"name\":\"Feuilles de manguier I Produits naturels aux bienfaits nombreux\",\"isPartOf\":{\"@id\":\"https:\/\/www.safinel.fr\/#website\"},\"primaryImageOfPage\":{\"@id\":\"https:\/\/www.safinel.fr\/produit\/feuille-de-manguier\/#primaryimage\"},\"image\":{\"@id\":\"https:\/\/www.safinel.fr\/produit\/feuille-de-manguier\/#primaryimage\"},\"thumbnailUrl\":\"https:\/\/www.safinel.fr\/wp-content\/uploads\/2022\/06\/feuilles-de-manguier.jpg\",\"datePublished\":\"2022-06-12T05:33:58+00:00\",\"dateModified\":\"2023-12-28T17:15:18+00:00\",\"description\":\"Les\u00a0feuilles de manguier\u00a0ne sont pas aussi populaires que leur fruit. Elles ont des propri\u00e9t\u00e9s qui contribuent \u00e0 am\u00e9liorer la sant\u00e9.\",\"breadcrumb\":{\"@id\":\"https:\/\/www.safinel.fr\/produit\/feuille-de-manguier\/#breadcrumb\"},\"inLanguage\":\"es\",\"potentialAction\":[{\"@type\":\"ReadAction\",\"target\":[\"https:\/\/www.safinel.fr\/produit\/feuille-de-manguier\/\"]}]},{\"@type\":\"ImageObject\",\"inLanguage\":\"es\",\"@id\":\"https:\/\/www.safinel.fr\/produit\/feuille-de-manguier\/#primaryimage\",\"url\":\"https:\/\/www.safinel.fr\/wp-content\/uploads\/2022\/06\/feuilles-de-manguier.jpg\",\"contentUrl\":\"https:\/\/www.safinel.fr\/wp-content\/uploads\/2022\/06\/feuilles-de-manguier.jpg\",\"width\":600,\"height\":600,\"caption\":\"Feuille de manguier\"},{\"@type\":\"BreadcrumbList\",\"@id\":\"https:\/\/www.safinel.fr\/produit\/feuille-de-manguier\/#breadcrumb\",\"itemListElement\":[{\"@type\":\"ListItem\",\"position\":1,\"name\":\"Accueil\",\"item\":\"https:\/\/www.safinel.fr\/\"},{\"@type\":\"ListItem\",\"position\":2,\"name\":\"Boutique\",\"item\":\"https:\/\/www.safinel.fr\/boutique\/\"},{\"@type\":\"ListItem\",\"position\":3,\"name\":\"Feuilles de manguier\"}]},{\"@type\":\"WebSite\",\"@id\":\"https:\/\/www.safinel.fr\/#website\",\"url\":\"https:\/\/www.safinel.fr\/\",\"name\":\"Safinel\",\"description\":\"\",\"publisher\":{\"@id\":\"https:\/\/www.safinel.fr\/#organization\"},\"potentialAction\":[{\"@type\":\"SearchAction\",\"target\":{\"@type\":\"EntryPoint\",\"urlTemplate\":\"https:\/\/www.safinel.fr\/?s={search_term_string}\"},\"query-input\":{\"@type\":\"PropertyValueSpecification\",\"valueRequired\":true,\"valueName\":\"search_term_string\"}}],\"inLanguage\":\"es\"},{\"@type\":\"Organization\",\"@id\":\"https:\/\/www.safinel.fr\/#organization\",\"name\":\"Safinel\",\"url\":\"https:\/\/www.safinel.fr\/\",\"logo\":{\"@type\":\"ImageObject\",\"inLanguage\":\"es\",\"@id\":\"https:\/\/www.safinel.fr\/#\/schema\/logo\/image\/\",\"url\":\"https:\/\/www.safinel.fr\/wp-content\/uploads\/2021\/05\/boutique-cosmetique.png\",\"contentUrl\":\"https:\/\/www.safinel.fr\/wp-content\/uploads\/2021\/05\/boutique-cosmetique.png\",\"width\":800,\"height\":200,\"caption\":\"Safinel\"},\"image\":{\"@id\":\"https:\/\/www.safinel.fr\/#\/schema\/logo\/image\/\"}}]}<\/script>\n<!-- \/ Yoast SEO plugin. -->","yoast_head_json":{"title":"Hojas de mango I Productos naturales con numerosos beneficios","description":"Las hojas del mango no son tan populares como su fruto. Tienen propiedades que ayudan a mejorar la salud.","robots":{"index":"index","follow":"follow","max-snippet":"max-snippet:-1","max-image-preview":"max-image-preview:large","max-video-preview":"max-video-preview:-1"},"canonical":"https:\/\/www.safinel.fr\/es\/product-2\/hoja-de-mango\/","og_locale":"es_ES","og_type":"article","og_title":"Feuilles de manguier I Produits naturels aux bienfaits nombreux","og_description":"Les\u00a0feuilles de manguier\u00a0ne sont pas aussi populaires que leur fruit. Elles ont des propri\u00e9t\u00e9s qui contribuent \u00e0 am\u00e9liorer la sant\u00e9.","og_url":"https:\/\/www.safinel.fr\/es\/product-2\/hoja-de-mango\/","og_site_name":"Safinel","article_modified_time":"2023-12-28T17:15:18+00:00","og_image":[{"width":600,"height":600,"url":"https:\/\/www.safinel.fr\/wp-content\/uploads\/2022\/06\/feuilles-de-manguier.jpg","type":"image\/jpeg"}],"twitter_card":"summary_large_image","twitter_misc":{"Tiempo de lectura":"3 minutos"},"schema":{"@context":"https:\/\/schema.org","@graph":[{"@type":"WebPage","@id":"https:\/\/www.safinel.fr\/produit\/feuille-de-manguier\/","url":"https:\/\/www.safinel.fr\/produit\/feuille-de-manguier\/","name":"Hojas de mango I Productos naturales con numerosos beneficios","isPartOf":{"@id":"https:\/\/www.safinel.fr\/#website"},"primaryImageOfPage":{"@id":"https:\/\/www.safinel.fr\/produit\/feuille-de-manguier\/#primaryimage"},"image":{"@id":"https:\/\/www.safinel.fr\/produit\/feuille-de-manguier\/#primaryimage"},"thumbnailUrl":"https:\/\/www.safinel.fr\/wp-content\/uploads\/2022\/06\/feuilles-de-manguier.jpg","datePublished":"2022-06-12T05:33:58+00:00","dateModified":"2023-12-28T17:15:18+00:00","description":"Las hojas del mango no son tan populares como su fruto. Tienen propiedades que ayudan a mejorar la salud.","breadcrumb":{"@id":"https:\/\/www.safinel.fr\/produit\/feuille-de-manguier\/#breadcrumb"},"inLanguage":"es","potentialAction":[{"@type":"ReadAction","target":["https:\/\/www.safinel.fr\/produit\/feuille-de-manguier\/"]}]},{"@type":"ImageObject","inLanguage":"es","@id":"https:\/\/www.safinel.fr\/produit\/feuille-de-manguier\/#primaryimage","url":"https:\/\/www.safinel.fr\/wp-content\/uploads\/2022\/06\/feuilles-de-manguier.jpg","contentUrl":"https:\/\/www.safinel.fr\/wp-content\/uploads\/2022\/06\/feuilles-de-manguier.jpg","width":600,"height":600,"caption":"Feuille de manguier"},{"@type":"BreadcrumbList","@id":"https:\/\/www.safinel.fr\/produit\/feuille-de-manguier\/#breadcrumb","itemListElement":[{"@type":"ListItem","position":1,"name":"Accueil","item":"https:\/\/www.safinel.fr\/"},{"@type":"ListItem","position":2,"name":"Boutique","item":"https:\/\/www.safinel.fr\/boutique\/"},{"@type":"ListItem","position":3,"name":"Feuilles de manguier"}]},{"@type":"WebSite","@id":"https:\/\/www.safinel.fr\/#website","url":"https:\/\/www.safinel.fr\/","name":"Safinel","description":"","publisher":{"@id":"https:\/\/www.safinel.fr\/#organization"},"potentialAction":[{"@type":"SearchAction","target":{"@type":"EntryPoint","urlTemplate":"https:\/\/www.safinel.fr\/?s={search_term_string}"},"query-input":{"@type":"PropertyValueSpecification","valueRequired":true,"valueName":"search_term_string"}}],"inLanguage":"es"},{"@type":"Organization","@id":"https:\/\/www.safinel.fr\/#organization","name":"Safinel","url":"https:\/\/www.safinel.fr\/","logo":{"@type":"ImageObject","inLanguage":"es","@id":"https:\/\/www.safinel.fr\/#\/schema\/logo\/image\/","url":"https:\/\/www.safinel.fr\/wp-content\/uploads\/2021\/05\/boutique-cosmetique.png","contentUrl":"https:\/\/www.safinel.fr\/wp-content\/uploads\/2021\/05\/boutique-cosmetique.png","width":800,"height":200,"caption":"Safinel"},"image":{"@id":"https:\/\/www.safinel.fr\/#\/schema\/logo\/image\/"}}]}},"_links":{"self":[{"href":"https:\/\/www.safinel.fr\/es\/wp-json\/wp\/v2\/product\/1457","targetHints":{"allow":["GET"]}}],"collection":[{"href":"https:\/\/www.safinel.fr\/es\/wp-json\/wp\/v2\/product"}],"about":[{"href":"https:\/\/www.safinel.fr\/es\/wp-json\/wp\/v2\/types\/product"}],"wp:featuredmedia":[{"embeddable":true,"href":"https:\/\/www.safinel.fr\/es\/wp-json\/wp\/v2\/media\/1458"}],"wp:attachment":[{"href":"https:\/\/www.safinel.fr\/es\/wp-json\/wp\/v2\/media?parent=1457"}],"wp:term":[{"taxonomy":"product_brand","embeddable":true,"href":"https:\/\/www.safinel.fr\/es\/wp-json\/wp\/v2\/product_brand?post=1457"},{"taxonomy":"product_cat","embeddable":true,"href":"https:\/\/www.safinel.fr\/es\/wp-json\/wp\/v2\/product_cat?post=1457"},{"taxonomy":"product_tag","embeddable":true,"href":"https:\/\/www.safinel.fr\/es\/wp-json\/wp\/v2\/product_tag?post=1457"}],"curies":[{"name":"wp","href":"https:\/\/api.w.org\/{rel}","templated":true}]}}