{"id":1440,"date":"2022-04-09T14:31:20","date_gmt":"2022-04-09T14:31:20","guid":{"rendered":"https:\/\/www.safinel.fr\/?post_type=product&#038;p=1440"},"modified":"2023-12-28T17:15:18","modified_gmt":"2023-12-28T17:15:18","slug":"caramelos-de-regaliz","status":"publish","type":"product","link":"https:\/\/www.safinel.fr\/es\/product-2\/caramelos-de-regaliz\/","title":{"rendered":"Caramelos de regaliz"},"content":{"rendered":"<p>En tu mochila, l\u00e1pices de colores, una bolsa de canicas, un cart\u00f3n de leche y todo tipo de caramelos. Prep\u00e1rate para un viaje sin igual... Por fin ha llegado el momento de volver a la infancia por un ratito y hablar del famoso <strong>caramelos de regaliz<\/strong> !<\/p>\n<h2><strong>Bomb\u00f3n r<\/strong><strong>eglisse <\/strong><strong>de vuelta al pasado...\u00a0<\/strong><\/h2>\n<p>\u00bfTe has abrochado bien los zapatos? Ag\u00e1rrate bien las manos, porque la excursi\u00f3n est\u00e1 a punto de empezar. El orden del d\u00eda incluye dulces de regaliz y otras golosinas: \u00a1es hora de recordar!<\/p>\n<p>De hecho, este dulce tan codiciado sol\u00eda ser un manjar por excelencia. Se presentaba en una gran variedad de formas, \u00a1cada una igual de buena que la otra!<\/p>\n<ul>\n<li><strong>Caramelos duros de chupar<\/strong> que los abuelos guardaban cuidadosamente en una caja para regalar como recompensa.<\/li>\n<li>Peque\u00f1o bocadillo en <strong>mazap\u00e1n<\/strong> revelando ese famoso toque de regaliz<\/li>\n<li>Los m\u00e1s conocidos son los insustituibles<strong> rollos de regaliz <\/strong>!<\/li>\n<\/ul>\n<p>Tanta variedad, para un sabor \u00fanico y fant\u00e1stico. Se combin\u00f3 con una amplia gama de sabores, para deleitar incluso a los gourmets m\u00e1s exigentes.<\/p>\n<h2><strong>bonbon reglisse : Descripci\u00f3n, \u00a1sensaci\u00f3n de emoci\u00f3n!<\/strong><\/h2>\n<p>Los recuerdos est\u00e1n a veces ligados a sensaciones, emociones o momentos concretos que han marcado la memoria.<strong> Dulces<\/strong> tienen esa relaci\u00f3n tranquilizadora que tanto gusta a los ni\u00f1os... \u00a1pero no s\u00f3lo a los ni\u00f1os!<\/p>\n<p>As\u00ed es, <strong>dulces<\/strong> son conocidos por ser<strong> un relajante<\/strong>, A menudo se administran a los ni\u00f1os para ayudar a calmar las convulsiones, pero tambi\u00e9n son apreciadas por los ni\u00f1os mayores cuando est\u00e1n ansiosos o viven un acontecimiento dif\u00edcil.<\/p>\n<p>La <strong>la dulzura de una golosina<\/strong> para el placer del paladar. El regaliz es su <a href=\"https:\/\/www.safinel.fr\/es\/product-2\/te-de-regaliz\/\"><strong>sabor a an\u00eds<\/strong><\/a> es uno de los dulces que m\u00e1s hacen la boca agua. Tanto para las generaciones mayores como para los consumidores actuales, este dulce es sencillamente intemporal.<\/p>\n<h2><strong>Bomb\u00f3n reglisse: un dulce que vuelve a estar de moda<\/strong><\/h2>\n<p>Este caramelo legendario, muy popular en los a\u00f1os 80, \u00a1vuelve ahora! Todav\u00eda en sus formas m\u00e1s conocidas, sabe seducir. Sin prisa pero sin pausa, se est\u00e1 abriendo paso entre los favoritos de los ni\u00f1os, \u00a1para deleite de sus padres!<\/p>\n<p>Visite <strong>caja familiar<\/strong>, o <strong>bolsa individual<\/strong>, El regaliz es un dulce eterno. Muchos dulces han visto su desaparici\u00f3n, pero este palo ha decidido contraatacar.<\/p>\n<p>Si eres de los que adoran los dulces, especialmente los de regaliz, \u00a1est\u00e1s en el lugar adecuado!<\/p>\n<h3><strong>\u00bfCu\u00e1l es su dulce de regaliz favorito?<\/strong><\/h3>\n<p>Tenemos curiosidad por saber cu\u00e1l es su <strong>caramelo negro<\/strong> con su sabor de an\u00eds favorito. \u00bfTwist o s\u00e1ndwich de pasta de az\u00facar? Chupar caramelos o un poco de dulce, \u00a1es importante que tu placer se sienta!<\/p>\n<p>Dicho esto, sin aguar la fiesta, es igualmente importante recordar que un exceso de az\u00facar no es recomendable. Y favorecer la fruta y la verdura es bueno para el organismo.<\/p>\n<p>Y no olvides cepillarte los dientes 2 o 3 veces al d\u00eda para mantenerlos sanos.<\/p>","protected":false},"excerpt":{"rendered":"<p><strong>Caracter\u00edsticas :<\/strong><\/p>\n<p>Vegano, sin lactosa, sin sustancias animales.<\/p>","protected":false},"featured_media":1444,"template":"","meta":[],"product_brand":[],"product_cat":[28],"product_tag":[],"class_list":{"0":"post-1440","1":"product","2":"type-product","3":"status-publish","4":"has-post-thumbnail","6":"product_cat-divers","8":"first","9":"outofstock","10":"shipping-taxable","11":"purchasable","12":"product-type-variable"},"yoast_head":"<!-- This site is optimized with the Yoast SEO plugin v26.6 - https:\/\/yoast.com\/wordpress\/plugins\/seo\/ -->\n<title>Bonbon reglisse | V\u00e9gan sans lactose et sans substance animal<\/title>\n<meta name=\"description\" content=\"Il est enfin venu le temps de retourner en enfance pour un court instant et de parler du fameux bonbon reglisse.\" \/>\n<meta name=\"robots\" content=\"index, follow, max-snippet:-1, max-image-preview:large, max-video-preview:-1\" \/>\n<link rel=\"canonical\" href=\"https:\/\/www.safinel.fr\/es\/product-2\/caramelos-de-regaliz\/\" \/>\n<meta property=\"og:locale\" content=\"es_ES\" \/>\n<meta property=\"og:type\" content=\"article\" \/>\n<meta property=\"og:title\" content=\"Bonbon reglisse | V\u00e9gan sans lactose et sans substance animal\" \/>\n<meta property=\"og:description\" content=\"Il est enfin venu le temps de retourner en enfance pour un court instant et de parler du fameux bonbon reglisse.\" \/>\n<meta property=\"og:url\" content=\"https:\/\/www.safinel.fr\/es\/product-2\/caramelos-de-regaliz\/\" \/>\n<meta property=\"og:site_name\" content=\"Safinel\" \/>\n<meta property=\"article:modified_time\" content=\"2023-12-28T17:15:18+00:00\" \/>\n<meta property=\"og:image\" content=\"https:\/\/www.safinel.fr\/wp-content\/uploads\/2022\/06\/bonbon-reglisse-vrac.jpg\" \/>\n\t<meta property=\"og:image:width\" content=\"600\" \/>\n\t<meta property=\"og:image:height\" content=\"600\" \/>\n\t<meta property=\"og:image:type\" content=\"image\/jpeg\" \/>\n<meta name=\"twitter:card\" content=\"summary_large_image\" \/>\n<meta name=\"twitter:label1\" content=\"Tiempo de lectura\" \/>\n\t<meta name=\"twitter:data1\" content=\"3 minutos\" \/>\n<script type=\"application\/ld+json\" class=\"yoast-schema-graph\">{\"@context\":\"https:\/\/schema.org\",\"@graph\":[{\"@type\":\"WebPage\",\"@id\":\"https:\/\/www.safinel.fr\/produit\/bonbon-reglisse\/\",\"url\":\"https:\/\/www.safinel.fr\/produit\/bonbon-reglisse\/\",\"name\":\"Bonbon reglisse | V\u00e9gan sans lactose et sans substance animal\",\"isPartOf\":{\"@id\":\"https:\/\/www.safinel.fr\/#website\"},\"primaryImageOfPage\":{\"@id\":\"https:\/\/www.safinel.fr\/produit\/bonbon-reglisse\/#primaryimage\"},\"image\":{\"@id\":\"https:\/\/www.safinel.fr\/produit\/bonbon-reglisse\/#primaryimage\"},\"thumbnailUrl\":\"https:\/\/www.safinel.fr\/wp-content\/uploads\/2022\/06\/bonbon-reglisse-vrac.jpg\",\"datePublished\":\"2022-04-09T14:31:20+00:00\",\"dateModified\":\"2023-12-28T17:15:18+00:00\",\"description\":\"Il est enfin venu le temps de retourner en enfance pour un court instant et de parler du fameux bonbon reglisse.\",\"breadcrumb\":{\"@id\":\"https:\/\/www.safinel.fr\/produit\/bonbon-reglisse\/#breadcrumb\"},\"inLanguage\":\"es\",\"potentialAction\":[{\"@type\":\"ReadAction\",\"target\":[\"https:\/\/www.safinel.fr\/produit\/bonbon-reglisse\/\"]}]},{\"@type\":\"ImageObject\",\"inLanguage\":\"es\",\"@id\":\"https:\/\/www.safinel.fr\/produit\/bonbon-reglisse\/#primaryimage\",\"url\":\"https:\/\/www.safinel.fr\/wp-content\/uploads\/2022\/06\/bonbon-reglisse-vrac.jpg\",\"contentUrl\":\"https:\/\/www.safinel.fr\/wp-content\/uploads\/2022\/06\/bonbon-reglisse-vrac.jpg\",\"width\":600,\"height\":600,\"caption\":\"Bonbon reglisse\"},{\"@type\":\"BreadcrumbList\",\"@id\":\"https:\/\/www.safinel.fr\/produit\/bonbon-reglisse\/#breadcrumb\",\"itemListElement\":[{\"@type\":\"ListItem\",\"position\":1,\"name\":\"Accueil\",\"item\":\"https:\/\/www.safinel.fr\/\"},{\"@type\":\"ListItem\",\"position\":2,\"name\":\"Boutique\",\"item\":\"https:\/\/www.safinel.fr\/boutique\/\"},{\"@type\":\"ListItem\",\"position\":3,\"name\":\"Bonbon reglisse\"}]},{\"@type\":\"WebSite\",\"@id\":\"https:\/\/www.safinel.fr\/#website\",\"url\":\"https:\/\/www.safinel.fr\/\",\"name\":\"Safinel\",\"description\":\"\",\"publisher\":{\"@id\":\"https:\/\/www.safinel.fr\/#organization\"},\"potentialAction\":[{\"@type\":\"SearchAction\",\"target\":{\"@type\":\"EntryPoint\",\"urlTemplate\":\"https:\/\/www.safinel.fr\/?s={search_term_string}\"},\"query-input\":{\"@type\":\"PropertyValueSpecification\",\"valueRequired\":true,\"valueName\":\"search_term_string\"}}],\"inLanguage\":\"es\"},{\"@type\":\"Organization\",\"@id\":\"https:\/\/www.safinel.fr\/#organization\",\"name\":\"Safinel\",\"url\":\"https:\/\/www.safinel.fr\/\",\"logo\":{\"@type\":\"ImageObject\",\"inLanguage\":\"es\",\"@id\":\"https:\/\/www.safinel.fr\/#\/schema\/logo\/image\/\",\"url\":\"https:\/\/www.safinel.fr\/wp-content\/uploads\/2021\/05\/boutique-cosmetique.png\",\"contentUrl\":\"https:\/\/www.safinel.fr\/wp-content\/uploads\/2021\/05\/boutique-cosmetique.png\",\"width\":800,\"height\":200,\"caption\":\"Safinel\"},\"image\":{\"@id\":\"https:\/\/www.safinel.fr\/#\/schema\/logo\/image\/\"}}]}<\/script>\n<!-- \/ Yoast SEO plugin. -->","yoast_head_json":{"title":"Bomb\u00f3n reglisse | Vegano, sin lactosa ni sustancias animales","description":"Por fin ha llegado el momento de volver a la infancia por un momento y hablar del famoso bomb\u00f3n reglisse.","robots":{"index":"index","follow":"follow","max-snippet":"max-snippet:-1","max-image-preview":"max-image-preview:large","max-video-preview":"max-video-preview:-1"},"canonical":"https:\/\/www.safinel.fr\/es\/product-2\/caramelos-de-regaliz\/","og_locale":"es_ES","og_type":"article","og_title":"Bonbon reglisse | V\u00e9gan sans lactose et sans substance animal","og_description":"Il est enfin venu le temps de retourner en enfance pour un court instant et de parler du fameux bonbon reglisse.","og_url":"https:\/\/www.safinel.fr\/es\/product-2\/caramelos-de-regaliz\/","og_site_name":"Safinel","article_modified_time":"2023-12-28T17:15:18+00:00","og_image":[{"width":600,"height":600,"url":"https:\/\/www.safinel.fr\/wp-content\/uploads\/2022\/06\/bonbon-reglisse-vrac.jpg","type":"image\/jpeg"}],"twitter_card":"summary_large_image","twitter_misc":{"Tiempo de lectura":"3 minutos"},"schema":{"@context":"https:\/\/schema.org","@graph":[{"@type":"WebPage","@id":"https:\/\/www.safinel.fr\/produit\/bonbon-reglisse\/","url":"https:\/\/www.safinel.fr\/produit\/bonbon-reglisse\/","name":"Bomb\u00f3n reglisse | Vegano, sin lactosa ni sustancias animales","isPartOf":{"@id":"https:\/\/www.safinel.fr\/#website"},"primaryImageOfPage":{"@id":"https:\/\/www.safinel.fr\/produit\/bonbon-reglisse\/#primaryimage"},"image":{"@id":"https:\/\/www.safinel.fr\/produit\/bonbon-reglisse\/#primaryimage"},"thumbnailUrl":"https:\/\/www.safinel.fr\/wp-content\/uploads\/2022\/06\/bonbon-reglisse-vrac.jpg","datePublished":"2022-04-09T14:31:20+00:00","dateModified":"2023-12-28T17:15:18+00:00","description":"Por fin ha llegado el momento de volver a la infancia por un momento y hablar del famoso bomb\u00f3n reglisse.","breadcrumb":{"@id":"https:\/\/www.safinel.fr\/produit\/bonbon-reglisse\/#breadcrumb"},"inLanguage":"es","potentialAction":[{"@type":"ReadAction","target":["https:\/\/www.safinel.fr\/produit\/bonbon-reglisse\/"]}]},{"@type":"ImageObject","inLanguage":"es","@id":"https:\/\/www.safinel.fr\/produit\/bonbon-reglisse\/#primaryimage","url":"https:\/\/www.safinel.fr\/wp-content\/uploads\/2022\/06\/bonbon-reglisse-vrac.jpg","contentUrl":"https:\/\/www.safinel.fr\/wp-content\/uploads\/2022\/06\/bonbon-reglisse-vrac.jpg","width":600,"height":600,"caption":"Bonbon reglisse"},{"@type":"BreadcrumbList","@id":"https:\/\/www.safinel.fr\/produit\/bonbon-reglisse\/#breadcrumb","itemListElement":[{"@type":"ListItem","position":1,"name":"Accueil","item":"https:\/\/www.safinel.fr\/"},{"@type":"ListItem","position":2,"name":"Boutique","item":"https:\/\/www.safinel.fr\/boutique\/"},{"@type":"ListItem","position":3,"name":"Bonbon reglisse"}]},{"@type":"WebSite","@id":"https:\/\/www.safinel.fr\/#website","url":"https:\/\/www.safinel.fr\/","name":"Safinel","description":"","publisher":{"@id":"https:\/\/www.safinel.fr\/#organization"},"potentialAction":[{"@type":"SearchAction","target":{"@type":"EntryPoint","urlTemplate":"https:\/\/www.safinel.fr\/?s={search_term_string}"},"query-input":{"@type":"PropertyValueSpecification","valueRequired":true,"valueName":"search_term_string"}}],"inLanguage":"es"},{"@type":"Organization","@id":"https:\/\/www.safinel.fr\/#organization","name":"Safinel","url":"https:\/\/www.safinel.fr\/","logo":{"@type":"ImageObject","inLanguage":"es","@id":"https:\/\/www.safinel.fr\/#\/schema\/logo\/image\/","url":"https:\/\/www.safinel.fr\/wp-content\/uploads\/2021\/05\/boutique-cosmetique.png","contentUrl":"https:\/\/www.safinel.fr\/wp-content\/uploads\/2021\/05\/boutique-cosmetique.png","width":800,"height":200,"caption":"Safinel"},"image":{"@id":"https:\/\/www.safinel.fr\/#\/schema\/logo\/image\/"}}]}},"_links":{"self":[{"href":"https:\/\/www.safinel.fr\/es\/wp-json\/wp\/v2\/product\/1440","targetHints":{"allow":["GET"]}}],"collection":[{"href":"https:\/\/www.safinel.fr\/es\/wp-json\/wp\/v2\/product"}],"about":[{"href":"https:\/\/www.safinel.fr\/es\/wp-json\/wp\/v2\/types\/product"}],"wp:featuredmedia":[{"embeddable":true,"href":"https:\/\/www.safinel.fr\/es\/wp-json\/wp\/v2\/media\/1444"}],"wp:attachment":[{"href":"https:\/\/www.safinel.fr\/es\/wp-json\/wp\/v2\/media?parent=1440"}],"wp:term":[{"taxonomy":"product_brand","embeddable":true,"href":"https:\/\/www.safinel.fr\/es\/wp-json\/wp\/v2\/product_brand?post=1440"},{"taxonomy":"product_cat","embeddable":true,"href":"https:\/\/www.safinel.fr\/es\/wp-json\/wp\/v2\/product_cat?post=1440"},{"taxonomy":"product_tag","embeddable":true,"href":"https:\/\/www.safinel.fr\/es\/wp-json\/wp\/v2\/product_tag?post=1440"}],"curies":[{"name":"wp","href":"https:\/\/api.w.org\/{rel}","templated":true}]}}