{"id":1433,"date":"2022-06-09T14:15:30","date_gmt":"2022-06-09T14:15:30","guid":{"rendered":"https:\/\/www.safinel.fr\/?post_type=product&#038;p=1433"},"modified":"2026-02-04T09:45:36","modified_gmt":"2026-02-04T09:45:36","slug":"palmera-enana","status":"publish","type":"product","link":"https:\/\/www.safinel.fr\/es\/product-2\/palmera-enana\/","title":{"rendered":"Saw palmetto"},"content":{"rendered":"<p>\u00a1Hola amantes de la naturaleza! Hoy vamos a hablar de\u00a0<strong>planta medicinal<\/strong>. Para los amantes de los tratamientos naturales, \u00a1seguro que tenemos una pepita que descubrir! Para ello, nos trasladamos a otro continente, rumbo a Am\u00e9rica con el Saw Palmetto alias <strong>Saw palmetto<\/strong>\u00a0!<\/p>\n<h2><strong>Conozca el Saw Palmetto<\/strong><\/h2>\n<p>La serenoa, tambi\u00e9n conocida como\u00a0<strong>palmito,<\/strong>\u00a0o incluso\u00a0<strong>sabal,<\/strong>\u00a0se ve con m\u00e1s frecuencia en el continente americano, m\u00e1s concretamente alrededor de M\u00e9xico o Colombia. Para los que se pregunten qu\u00e9 aspecto podr\u00eda tener... Les dejamos que imaginen un\u00a0<strong>palma peque\u00f1a<\/strong>\u00a0!<\/p>\n<p>Pertenece a la familia de las ar\u00e1ceas, por lo que se considera una de las especies vegetales m\u00e1s importantes del mundo.\u00a0<strong>palmera enana<\/strong>, El tronco del \u00e1rbol puede alcanzar de 1,5 a 3 metros de altura. Sin embargo, la informaci\u00f3n m\u00e1s importante es el encuentro con el\u00a0<strong>fruto de la serenoa<\/strong>. Estos \u00faltimos han sido conocidos a menudo por su<strong>\u00a0afrodis\u00edacos<\/strong>\u00a0y por sus efectos beneficiosos sobre los problemas relacionados con la pr\u00f3stata.<\/p>\n<p>La paciencia es una virtud, as\u00ed que no te preocupes, vamos a hablar de las cualidades, las peque\u00f1as delicadas<strong>\u00a0col rizada de palma<\/strong>\u00a0\u00a1! Estas peque\u00f1as bayas son conocidas por su sabor dulce y su efecto estimulante sobre el organismo.<\/p>\n<h2><strong>Descubra los beneficios de la palma enana americana\u00a0<\/strong><\/h2>\n<p>Ahora es el momento de conocer un poco mejor a este nuevo grupo\u00a0<strong>Fruta mexicana<\/strong>\u00a0\u00a1! \u00a1Peque\u00f1a en tama\u00f1o, pero grande en riqueza! \u00bfEst\u00e1 listo para descubrir las virtudes de esta peque\u00f1a planta?<strong>\u00a0Fruta americana\u00a0<\/strong>?<\/p>\n<ul>\n<li>En primer lugar, debes saber que su pulpa es conocida por ser una muy buena fuente de vitaminas.<strong>\u00a0buen afrodis\u00edaco<\/strong><\/li>\n<li>A continuaci\u00f3n, lo que es bueno saber es que es \u00fatil contra ciertos problemas vinculados a\u00a0<strong>pr\u00f3stata<\/strong><\/li>\n<li>Puede ayudar a frenar la ca\u00edda del cabello<\/li>\n<li>Tambi\u00e9n puede ser una ventaja para mantener\u00a0<strong>niveles de testosterona<\/strong>\u00a0y \u00a1dale un empuj\u00f3n a tu sexualidad!<\/li>\n<\/ul>\n<p>Ahora que sabe m\u00e1s sobre la palma enana americana, \u00a1s\u00f3lo tiene que dejarse seducir! Como ves, tu tienda especializada siempre quiere ofrecerte lo mejor en\u00a0<strong>productos naturales<\/strong>\u00a0!<\/p>\n<h2><strong>Consejos para utilizar la palmera enana<\/strong><\/h2>\n<p>En primer lugar, ya sea en c\u00e1psulas o en polvo, es importante saber que este<strong>\u00a0tratamiento natural<\/strong>\u00a0\u00a1puede ser un verdadero est\u00edmulo para los hombres!<\/p>\n<p>Quienes prefieran una textura en polvo, pueden disfrutarla cada ma\u00f1ana. En un vaso de agua, \u00a1una cucharadita por la ma\u00f1ana o por la noche es una aut\u00e9ntica delicia!<\/p>\n<p>Sin embargo, si las c\u00e1psulas son m\u00e1s adecuadas para usted, una para cada comida para que pueda beneficiarse adecuadamente de la\u00a0<strong>cualidades del sabal<\/strong>\u00a0!<\/p>\n<p><strong>No obstante, pida consejo a su m\u00e9dico antes de tomar cualquier suplemento diet\u00e9tico.\u00a0<\/strong><\/p>\n<h3><strong>Descubramos juntos qu\u00e9 nos depara Safinel...<\/strong><\/h3>\n<p>Tu tienda especializada en fertilidad quiere ofrecerte productos de calidad para tu d\u00eda a d\u00eda. Desde el <a href=\"https:\/\/www.safinel.fr\/es\/product-2\/cola-pequena\/\"><b>nuez de cola<\/b><\/a> a la\u00a0<a href=\"https:\/\/www.safinel.fr\/es\/product-2\/chebe-en-polvo-100g\/\"><strong>polvo de ch\u00e9b\u00e9<\/strong><\/a>, Queremos que su bienestar sea una prioridad. No lo dude m\u00e1s y d\u00e9jese seducir por los numerosos productos que le ofrecemos.<\/p>\n<p>No dude en ponerse en contacto con su tienda en l\u00ednea si tiene alguna pregunta o petici\u00f3n especial.<\/p>","protected":false},"excerpt":{"rendered":"<p>\u00a1Hola, amantes de la naturaleza! Hoy vamos a hablar de plantas medicinales. Para aquellos que disfrutan de los tratamientos naturales, \u00a1probablemente tengamos una joya que descubrirles! Para ello, cambiamos de continente y nos dirigimos a Am\u00e9rica con la palmera enana, tambi\u00e9n conocida como Saw palmetto. Conozca la palmera enana El Saw palmetto, tambi\u00e9n [\u2026]","protected":false},"featured_media":1435,"template":"","meta":[],"product_brand":[],"product_cat":[59,27],"product_tag":[],"class_list":{"0":"post-1433","1":"product","2":"type-product","3":"status-publish","4":"has-post-thumbnail","6":"product_cat-fruit-tropical","7":"product_cat-plantes-medicinales","9":"first","10":"outofstock","11":"shipping-taxable","12":"purchasable","13":"product-type-variable","14":"has-default-attributes"},"yoast_head":"<!-- This site is optimized with the Yoast SEO plugin v26.6 - https:\/\/yoast.com\/wordpress\/plugins\/seo\/ -->\n<title>Palmier nain | Saw palmetto | Fruit du Mexique par excellence<\/title>\n<meta name=\"description\" content=\"Pour celles et ceux qui affectionnent les traitements naturels, direction l&#039;Am\u00e9rique avec le Palmier nain alias Saw palmetto\u00a0!\u00a0\" \/>\n<meta name=\"robots\" content=\"index, follow, max-snippet:-1, max-image-preview:large, max-video-preview:-1\" \/>\n<link rel=\"canonical\" href=\"https:\/\/www.safinel.fr\/es\/product-2\/palmera-enana\/\" \/>\n<meta property=\"og:locale\" content=\"es_ES\" \/>\n<meta property=\"og:type\" content=\"article\" \/>\n<meta property=\"og:title\" content=\"Palmier nain | Saw palmetto | Fruit du Mexique par excellence\" \/>\n<meta property=\"og:description\" content=\"Pour celles et ceux qui affectionnent les traitements naturels, direction l&#039;Am\u00e9rique avec le Palmier nain alias Saw palmetto\u00a0!\u00a0\" \/>\n<meta property=\"og:url\" content=\"https:\/\/www.safinel.fr\/es\/product-2\/palmera-enana\/\" \/>\n<meta property=\"og:site_name\" content=\"Safinel\" \/>\n<meta property=\"article:modified_time\" content=\"2026-02-04T09:45:36+00:00\" \/>\n<meta property=\"og:image\" content=\"https:\/\/www.safinel.fr\/wp-content\/uploads\/2022\/06\/saw-palmetto.jpg\" \/>\n\t<meta property=\"og:image:width\" content=\"600\" \/>\n\t<meta property=\"og:image:height\" content=\"600\" \/>\n\t<meta property=\"og:image:type\" content=\"image\/jpeg\" \/>\n<meta name=\"twitter:card\" content=\"summary_large_image\" \/>\n<meta name=\"twitter:label1\" content=\"Tiempo de lectura\" \/>\n\t<meta name=\"twitter:data1\" content=\"3 minutos\" \/>\n<script type=\"application\/ld+json\" class=\"yoast-schema-graph\">{\"@context\":\"https:\/\/schema.org\",\"@graph\":[{\"@type\":\"WebPage\",\"@id\":\"https:\/\/www.safinel.fr\/produit\/palmier-nain\/\",\"url\":\"https:\/\/www.safinel.fr\/produit\/palmier-nain\/\",\"name\":\"Palmier nain | Saw palmetto | Fruit du Mexique par excellence\",\"isPartOf\":{\"@id\":\"https:\/\/www.safinel.fr\/#website\"},\"primaryImageOfPage\":{\"@id\":\"https:\/\/www.safinel.fr\/produit\/palmier-nain\/#primaryimage\"},\"image\":{\"@id\":\"https:\/\/www.safinel.fr\/produit\/palmier-nain\/#primaryimage\"},\"thumbnailUrl\":\"https:\/\/www.safinel.fr\/wp-content\/uploads\/2022\/06\/saw-palmetto.jpg\",\"datePublished\":\"2022-06-09T14:15:30+00:00\",\"dateModified\":\"2026-02-04T09:45:36+00:00\",\"description\":\"Pour celles et ceux qui affectionnent les traitements naturels, direction l'Am\u00e9rique avec le Palmier nain alias Saw palmetto\u00a0!\u00a0\",\"breadcrumb\":{\"@id\":\"https:\/\/www.safinel.fr\/produit\/palmier-nain\/#breadcrumb\"},\"inLanguage\":\"es\",\"potentialAction\":[{\"@type\":\"ReadAction\",\"target\":[\"https:\/\/www.safinel.fr\/produit\/palmier-nain\/\"]}]},{\"@type\":\"ImageObject\",\"inLanguage\":\"es\",\"@id\":\"https:\/\/www.safinel.fr\/produit\/palmier-nain\/#primaryimage\",\"url\":\"https:\/\/www.safinel.fr\/wp-content\/uploads\/2022\/06\/saw-palmetto.jpg\",\"contentUrl\":\"https:\/\/www.safinel.fr\/wp-content\/uploads\/2022\/06\/saw-palmetto.jpg\",\"width\":600,\"height\":600,\"caption\":\"Palmier nain (Saw palmetto)\"},{\"@type\":\"BreadcrumbList\",\"@id\":\"https:\/\/www.safinel.fr\/produit\/palmier-nain\/#breadcrumb\",\"itemListElement\":[{\"@type\":\"ListItem\",\"position\":1,\"name\":\"Accueil\",\"item\":\"https:\/\/www.safinel.fr\/\"},{\"@type\":\"ListItem\",\"position\":2,\"name\":\"Boutique\",\"item\":\"https:\/\/www.safinel.fr\/boutique\/\"},{\"@type\":\"ListItem\",\"position\":3,\"name\":\"Palmier nain (Saw palmetto)\"}]},{\"@type\":\"WebSite\",\"@id\":\"https:\/\/www.safinel.fr\/#website\",\"url\":\"https:\/\/www.safinel.fr\/\",\"name\":\"Safinel\",\"description\":\"\",\"publisher\":{\"@id\":\"https:\/\/www.safinel.fr\/#organization\"},\"potentialAction\":[{\"@type\":\"SearchAction\",\"target\":{\"@type\":\"EntryPoint\",\"urlTemplate\":\"https:\/\/www.safinel.fr\/?s={search_term_string}\"},\"query-input\":{\"@type\":\"PropertyValueSpecification\",\"valueRequired\":true,\"valueName\":\"search_term_string\"}}],\"inLanguage\":\"es\"},{\"@type\":\"Organization\",\"@id\":\"https:\/\/www.safinel.fr\/#organization\",\"name\":\"Safinel\",\"url\":\"https:\/\/www.safinel.fr\/\",\"logo\":{\"@type\":\"ImageObject\",\"inLanguage\":\"es\",\"@id\":\"https:\/\/www.safinel.fr\/#\/schema\/logo\/image\/\",\"url\":\"https:\/\/www.safinel.fr\/wp-content\/uploads\/2021\/05\/boutique-cosmetique.png\",\"contentUrl\":\"https:\/\/www.safinel.fr\/wp-content\/uploads\/2021\/05\/boutique-cosmetique.png\",\"width\":800,\"height\":200,\"caption\":\"Safinel\"},\"image\":{\"@id\":\"https:\/\/www.safinel.fr\/#\/schema\/logo\/image\/\"}}]}<\/script>\n<!-- \/ Yoast SEO plugin. -->","yoast_head_json":{"title":"Saw palmetto | La fruta mexicana por excelencia","description":"Para los que prefieren los tratamientos naturales, \u00a1dir\u00edjanse a Am\u00e9rica con el Saw Palmetto!\u00a0","robots":{"index":"index","follow":"follow","max-snippet":"max-snippet:-1","max-image-preview":"max-image-preview:large","max-video-preview":"max-video-preview:-1"},"canonical":"https:\/\/www.safinel.fr\/es\/product-2\/palmera-enana\/","og_locale":"es_ES","og_type":"article","og_title":"Palmier nain | Saw palmetto | Fruit du Mexique par excellence","og_description":"Pour celles et ceux qui affectionnent les traitements naturels, direction l'Am\u00e9rique avec le Palmier nain alias Saw palmetto\u00a0!\u00a0","og_url":"https:\/\/www.safinel.fr\/es\/product-2\/palmera-enana\/","og_site_name":"Safinel","article_modified_time":"2026-02-04T09:45:36+00:00","og_image":[{"width":600,"height":600,"url":"https:\/\/www.safinel.fr\/wp-content\/uploads\/2022\/06\/saw-palmetto.jpg","type":"image\/jpeg"}],"twitter_card":"summary_large_image","twitter_misc":{"Tiempo de lectura":"3 minutos"},"schema":{"@context":"https:\/\/schema.org","@graph":[{"@type":"WebPage","@id":"https:\/\/www.safinel.fr\/produit\/palmier-nain\/","url":"https:\/\/www.safinel.fr\/produit\/palmier-nain\/","name":"Saw palmetto | La fruta mexicana por excelencia","isPartOf":{"@id":"https:\/\/www.safinel.fr\/#website"},"primaryImageOfPage":{"@id":"https:\/\/www.safinel.fr\/produit\/palmier-nain\/#primaryimage"},"image":{"@id":"https:\/\/www.safinel.fr\/produit\/palmier-nain\/#primaryimage"},"thumbnailUrl":"https:\/\/www.safinel.fr\/wp-content\/uploads\/2022\/06\/saw-palmetto.jpg","datePublished":"2022-06-09T14:15:30+00:00","dateModified":"2026-02-04T09:45:36+00:00","description":"Para los que prefieren los tratamientos naturales, \u00a1dir\u00edjanse a Am\u00e9rica con el Saw Palmetto!\u00a0","breadcrumb":{"@id":"https:\/\/www.safinel.fr\/produit\/palmier-nain\/#breadcrumb"},"inLanguage":"es","potentialAction":[{"@type":"ReadAction","target":["https:\/\/www.safinel.fr\/produit\/palmier-nain\/"]}]},{"@type":"ImageObject","inLanguage":"es","@id":"https:\/\/www.safinel.fr\/produit\/palmier-nain\/#primaryimage","url":"https:\/\/www.safinel.fr\/wp-content\/uploads\/2022\/06\/saw-palmetto.jpg","contentUrl":"https:\/\/www.safinel.fr\/wp-content\/uploads\/2022\/06\/saw-palmetto.jpg","width":600,"height":600,"caption":"Palmier nain (Saw palmetto)"},{"@type":"BreadcrumbList","@id":"https:\/\/www.safinel.fr\/produit\/palmier-nain\/#breadcrumb","itemListElement":[{"@type":"ListItem","position":1,"name":"Accueil","item":"https:\/\/www.safinel.fr\/"},{"@type":"ListItem","position":2,"name":"Boutique","item":"https:\/\/www.safinel.fr\/boutique\/"},{"@type":"ListItem","position":3,"name":"Palmier nain (Saw palmetto)"}]},{"@type":"WebSite","@id":"https:\/\/www.safinel.fr\/#website","url":"https:\/\/www.safinel.fr\/","name":"Safinel","description":"","publisher":{"@id":"https:\/\/www.safinel.fr\/#organization"},"potentialAction":[{"@type":"SearchAction","target":{"@type":"EntryPoint","urlTemplate":"https:\/\/www.safinel.fr\/?s={search_term_string}"},"query-input":{"@type":"PropertyValueSpecification","valueRequired":true,"valueName":"search_term_string"}}],"inLanguage":"es"},{"@type":"Organization","@id":"https:\/\/www.safinel.fr\/#organization","name":"Safinel","url":"https:\/\/www.safinel.fr\/","logo":{"@type":"ImageObject","inLanguage":"es","@id":"https:\/\/www.safinel.fr\/#\/schema\/logo\/image\/","url":"https:\/\/www.safinel.fr\/wp-content\/uploads\/2021\/05\/boutique-cosmetique.png","contentUrl":"https:\/\/www.safinel.fr\/wp-content\/uploads\/2021\/05\/boutique-cosmetique.png","width":800,"height":200,"caption":"Safinel"},"image":{"@id":"https:\/\/www.safinel.fr\/#\/schema\/logo\/image\/"}}]}},"_links":{"self":[{"href":"https:\/\/www.safinel.fr\/es\/wp-json\/wp\/v2\/product\/1433","targetHints":{"allow":["GET"]}}],"collection":[{"href":"https:\/\/www.safinel.fr\/es\/wp-json\/wp\/v2\/product"}],"about":[{"href":"https:\/\/www.safinel.fr\/es\/wp-json\/wp\/v2\/types\/product"}],"wp:featuredmedia":[{"embeddable":true,"href":"https:\/\/www.safinel.fr\/es\/wp-json\/wp\/v2\/media\/1435"}],"wp:attachment":[{"href":"https:\/\/www.safinel.fr\/es\/wp-json\/wp\/v2\/media?parent=1433"}],"wp:term":[{"taxonomy":"product_brand","embeddable":true,"href":"https:\/\/www.safinel.fr\/es\/wp-json\/wp\/v2\/product_brand?post=1433"},{"taxonomy":"product_cat","embeddable":true,"href":"https:\/\/www.safinel.fr\/es\/wp-json\/wp\/v2\/product_cat?post=1433"},{"taxonomy":"product_tag","embeddable":true,"href":"https:\/\/www.safinel.fr\/es\/wp-json\/wp\/v2\/product_tag?post=1433"}],"curies":[{"name":"wp","href":"https:\/\/api.w.org\/{rel}","templated":true}]}}