{"id":140,"date":"2021-06-18T12:02:33","date_gmt":"2021-06-18T12:02:33","guid":{"rendered":"https:\/\/www.safinel.fr\/?post_type=product&#038;p=140"},"modified":"2023-12-28T17:14:59","modified_gmt":"2023-12-28T17:14:59","slug":"polvo-capilar-brahmi","status":"publish","type":"product","link":"https:\/\/www.safinel.fr\/es\/product-2\/polvo-capilar-brahmi\/","title":{"rendered":"Brahmi en polvo 100 g"},"content":{"rendered":"<p>El polvo de Brahmi es un polvo verde. Como muchas plantas, desprende un olor intenso. Un olor a veces terroso con ligeras notas amargas que es caracter\u00edstico de las plantas utilizadas para el cabello. Por ejemplo <a href=\"https:\/\/www.aroma-zone.com\/tous-nos-produits\/extraits-naturels\/autres-extraits-naturels\/colorations-et-shampooings-vegetaux.html\" target=\"_blank\" rel=\"noopener\"><b>henna<\/b><\/a> El aroma puede ser fuerte, pero es un placer olerlo.<span class=\"Apple-converted-space\">\u00a0<\/span><\/p>\n<h2><b>Origen del polvo Brahmi<\/b><\/h2>\n<p>La Bacopa Monnieri crece en el coraz\u00f3n de la India h\u00fameda y tropical. Es una planta acu\u00e1tica que se encuentra idealmente en las zonas pantanosas del subcontinente indio. Esta planta produce unas bonitas flores de color p\u00farpura. De este arbusto se extrae el polvo de Brahmi.<\/p>\n<h2><b>Hipnosis: un remedio milagroso para el cerebro<\/b><\/h2>\n<p>El polvo de Brahmi, tambi\u00e9n conocido como \u00abhipos de agua\u00bb, se bebe en decocci\u00f3n. Se dice que ayuda a la concentraci\u00f3n y combate los problemas de memoria. Los cient\u00edficos la estudian actualmente para encontrar una cura para la enfermedad de Parkinson. Tambi\u00e9n es eficaz para combatir el Alzheimer.\u2019<a href=\"https:\/\/www.safinel.fr\/es\/product-2\/gelulas-falsas-de-unicornio\/\"><strong>impotencia sexual<\/strong><\/a> y el\u2019<strong>eyaculaci\u00f3n precoz<\/strong>.<span class=\"Apple-converted-space\">\u00a0<\/span><\/p>\n<p>Por \u00faltimo, en forma de decocci\u00f3n, el polvo de Brahmi ofrece verdaderos beneficios para el est\u00f3mago. Las \u00falceras, el dolor abdominal o el estre\u00f1imiento temporal pueden aliviarse con hipos de agua.<span class=\"Apple-converted-space\">\u00a0<\/span><\/p>\n<h2><b>Polvo de Brahmi: un cosm\u00e9tico capilar excepcional<\/b><\/h2>\n<p>Nuestro polvo de Brahmi es famoso por su acci\u00f3n tonificante y astringente sobre el cuero cabelludo. Es el uso que m\u00e1s se recomienda actualmente en Occidente. Utilizado en el coraz\u00f3n de los productos para el cuidado del cabello, alivia inmediatamente los picores y elimina la caspa. Revitaliza inmediatamente el cuero cabelludo, aport\u00e1ndole volumen, flexibilidad y suavidad.<\/p>\n<p>Este cosm\u00e9tico natural puede aplicarse a todo tipo de cabellos. Te recomendamos que lo utilices una vez a la semana para ayudar a mantener tu cabello.<span class=\"Apple-converted-space\">\u00a0<\/span><\/p>\n<h3><b>Caracter\u00edsticas especiales del polvo de Brahmi<\/b><\/h3>\n<p>Hay que reconocer que el polvo de Brahmi es un poco temperamental. Para utilizarlo como coraz\u00f3n de una mascarilla capilar, hay que mezclarlo con otros polvos cosm\u00e9ticos. \u00bfPor qu\u00e9 no?<span class=\"Apple-converted-space\">\u00a0 <\/span>basta con mezclarlo con la arcilla o el agua. <a href=\"https:\/\/www.safinel.fr\/es\/product-2\/shikakai-en-polvo\/\"><b>shikakai<\/b><\/a>. Esto es necesario porque el polvo no se mezcla bien con el agua cuando se aplica solo.<span class=\"Apple-converted-space\">\u00a0<\/span><\/p>\n<p>Alternativamente, para utilizarlo de forma diferente, utilice una sustancia aceitosa para incorporarlo. Tambi\u00e9n tiene la capacidad de reducir las rojeces e imperfecciones del rostro. En este campo se reconoce su papel iluminador. En este caso, evite el contacto con los ojos.<span class=\"Apple-converted-space\">\u00a0<\/span><\/p>\n<p>Rico en saponinas y flavonoides, el polvo de brahmi hace maravillas contra los efectos del envejecimiento. En la fibra capilar, retrasa la aparici\u00f3n de canas. Tambi\u00e9n puede utilizarse sobre la piel como exfoliante.<\/p>\n<p>Por eso, como todos los polvos naturales, se utiliza mejor en mascarillas fortificantes.<\/p>","protected":false},"excerpt":{"rendered":"<p>El polvo de Brahmi es un polvo verde. Como muchas plantas, desprende un olor intenso. Un olor a veces terroso con ligeras notas amargas que es caracter\u00edstico de las plantas utilizadas para el cabello. La henna, por ejemplo, puede tener un olor fuerte, pero tambi\u00e9n es muy agradable al olfato.  Origen [...]","protected":false},"featured_media":148,"template":"","meta":[],"product_brand":[],"product_cat":[27,110],"product_tag":[],"class_list":{"0":"post-140","1":"product","2":"type-product","3":"status-publish","4":"has-post-thumbnail","6":"product_cat-plantes-medicinales","7":"product_cat-poudre-cheveux-ayurvedique","9":"first","10":"instock","11":"shipping-taxable","12":"purchasable","13":"product-type-simple"},"yoast_head":"<!-- This site is optimized with the Yoast SEO plugin v26.6 - https:\/\/yoast.com\/wordpress\/plugins\/seo\/ -->\n<title>Poudre de brahmi 100g | Bienfaits naturels pour vos cheveux<\/title>\n<meta name=\"description\" content=\"La poudre de Brahmi est une poudre de couleur verte. Elle d\u00e9gage une odeur intense comme beaucoup de v\u00e9g\u00e9taux. Adoptez-l\u00e0 !\" \/>\n<meta name=\"robots\" content=\"index, follow, max-snippet:-1, max-image-preview:large, max-video-preview:-1\" \/>\n<link rel=\"canonical\" href=\"https:\/\/www.safinel.fr\/es\/product-2\/polvo-capilar-brahmi\/\" \/>\n<meta property=\"og:locale\" content=\"es_ES\" \/>\n<meta property=\"og:type\" content=\"article\" \/>\n<meta property=\"og:title\" content=\"Poudre de brahmi 100g | Bienfaits naturels pour vos cheveux\" \/>\n<meta property=\"og:description\" content=\"La poudre de Brahmi est une poudre de couleur verte. Elle d\u00e9gage une odeur intense comme beaucoup de v\u00e9g\u00e9taux. Adoptez-l\u00e0 !\" \/>\n<meta property=\"og:url\" content=\"https:\/\/www.safinel.fr\/es\/product-2\/polvo-capilar-brahmi\/\" \/>\n<meta property=\"og:site_name\" content=\"Safinel\" \/>\n<meta property=\"article:modified_time\" content=\"2023-12-28T17:14:59+00:00\" \/>\n<meta property=\"og:image\" content=\"https:\/\/www.safinel.fr\/wp-content\/uploads\/2021\/06\/brahmi.jpeg\" \/>\n\t<meta property=\"og:image:width\" content=\"401\" \/>\n\t<meta property=\"og:image:height\" content=\"469\" \/>\n\t<meta property=\"og:image:type\" content=\"image\/jpeg\" \/>\n<meta name=\"twitter:card\" content=\"summary_large_image\" \/>\n<meta name=\"twitter:label1\" content=\"Tiempo de lectura\" \/>\n\t<meta name=\"twitter:data1\" content=\"3 minutos\" \/>\n<script type=\"application\/ld+json\" class=\"yoast-schema-graph\">{\"@context\":\"https:\/\/schema.org\",\"@graph\":[{\"@type\":\"WebPage\",\"@id\":\"https:\/\/www.safinel.fr\/produit\/poudre-de-brahmi-cheveux\/\",\"url\":\"https:\/\/www.safinel.fr\/produit\/poudre-de-brahmi-cheveux\/\",\"name\":\"Poudre de brahmi 100g | Bienfaits naturels pour vos cheveux\",\"isPartOf\":{\"@id\":\"https:\/\/www.safinel.fr\/#website\"},\"primaryImageOfPage\":{\"@id\":\"https:\/\/www.safinel.fr\/produit\/poudre-de-brahmi-cheveux\/#primaryimage\"},\"image\":{\"@id\":\"https:\/\/www.safinel.fr\/produit\/poudre-de-brahmi-cheveux\/#primaryimage\"},\"thumbnailUrl\":\"https:\/\/www.safinel.fr\/wp-content\/uploads\/2021\/06\/brahmi.jpeg\",\"datePublished\":\"2021-06-18T12:02:33+00:00\",\"dateModified\":\"2023-12-28T17:14:59+00:00\",\"description\":\"La poudre de Brahmi est une poudre de couleur verte. Elle d\u00e9gage une odeur intense comme beaucoup de v\u00e9g\u00e9taux. Adoptez-l\u00e0 !\",\"breadcrumb\":{\"@id\":\"https:\/\/www.safinel.fr\/produit\/poudre-de-brahmi-cheveux\/#breadcrumb\"},\"inLanguage\":\"es\",\"potentialAction\":[{\"@type\":\"ReadAction\",\"target\":[\"https:\/\/www.safinel.fr\/produit\/poudre-de-brahmi-cheveux\/\"]}]},{\"@type\":\"ImageObject\",\"inLanguage\":\"es\",\"@id\":\"https:\/\/www.safinel.fr\/produit\/poudre-de-brahmi-cheveux\/#primaryimage\",\"url\":\"https:\/\/www.safinel.fr\/wp-content\/uploads\/2021\/06\/brahmi.jpeg\",\"contentUrl\":\"https:\/\/www.safinel.fr\/wp-content\/uploads\/2021\/06\/brahmi.jpeg\",\"width\":401,\"height\":469,\"caption\":\"Poudre de Brahmi\"},{\"@type\":\"BreadcrumbList\",\"@id\":\"https:\/\/www.safinel.fr\/produit\/poudre-de-brahmi-cheveux\/#breadcrumb\",\"itemListElement\":[{\"@type\":\"ListItem\",\"position\":1,\"name\":\"Accueil\",\"item\":\"https:\/\/www.safinel.fr\/\"},{\"@type\":\"ListItem\",\"position\":2,\"name\":\"Boutique\",\"item\":\"https:\/\/www.safinel.fr\/boutique\/\"},{\"@type\":\"ListItem\",\"position\":3,\"name\":\"Poudre de Brahmi 100g\"}]},{\"@type\":\"WebSite\",\"@id\":\"https:\/\/www.safinel.fr\/#website\",\"url\":\"https:\/\/www.safinel.fr\/\",\"name\":\"Safinel\",\"description\":\"\",\"publisher\":{\"@id\":\"https:\/\/www.safinel.fr\/#organization\"},\"potentialAction\":[{\"@type\":\"SearchAction\",\"target\":{\"@type\":\"EntryPoint\",\"urlTemplate\":\"https:\/\/www.safinel.fr\/?s={search_term_string}\"},\"query-input\":{\"@type\":\"PropertyValueSpecification\",\"valueRequired\":true,\"valueName\":\"search_term_string\"}}],\"inLanguage\":\"es\"},{\"@type\":\"Organization\",\"@id\":\"https:\/\/www.safinel.fr\/#organization\",\"name\":\"Safinel\",\"url\":\"https:\/\/www.safinel.fr\/\",\"logo\":{\"@type\":\"ImageObject\",\"inLanguage\":\"es\",\"@id\":\"https:\/\/www.safinel.fr\/#\/schema\/logo\/image\/\",\"url\":\"https:\/\/www.safinel.fr\/wp-content\/uploads\/2021\/05\/boutique-cosmetique.png\",\"contentUrl\":\"https:\/\/www.safinel.fr\/wp-content\/uploads\/2021\/05\/boutique-cosmetique.png\",\"width\":800,\"height\":200,\"caption\":\"Safinel\"},\"image\":{\"@id\":\"https:\/\/www.safinel.fr\/#\/schema\/logo\/image\/\"}}]}<\/script>\n<!-- \/ Yoast SEO plugin. -->","yoast_head_json":{"title":"Brahmi en polvo 100g | Beneficios naturales para tu cabello","description":"El polvo de Brahmi es un polvo verde. Como muchas plantas, tiene un aroma intenso. \u00a1Hazlo tuyo!","robots":{"index":"index","follow":"follow","max-snippet":"max-snippet:-1","max-image-preview":"max-image-preview:large","max-video-preview":"max-video-preview:-1"},"canonical":"https:\/\/www.safinel.fr\/es\/product-2\/polvo-capilar-brahmi\/","og_locale":"es_ES","og_type":"article","og_title":"Poudre de brahmi 100g | Bienfaits naturels pour vos cheveux","og_description":"La poudre de Brahmi est une poudre de couleur verte. Elle d\u00e9gage une odeur intense comme beaucoup de v\u00e9g\u00e9taux. Adoptez-l\u00e0 !","og_url":"https:\/\/www.safinel.fr\/es\/product-2\/polvo-capilar-brahmi\/","og_site_name":"Safinel","article_modified_time":"2023-12-28T17:14:59+00:00","og_image":[{"width":401,"height":469,"url":"https:\/\/www.safinel.fr\/wp-content\/uploads\/2021\/06\/brahmi.jpeg","type":"image\/jpeg"}],"twitter_card":"summary_large_image","twitter_misc":{"Tiempo de lectura":"3 minutos"},"schema":{"@context":"https:\/\/schema.org","@graph":[{"@type":"WebPage","@id":"https:\/\/www.safinel.fr\/produit\/poudre-de-brahmi-cheveux\/","url":"https:\/\/www.safinel.fr\/produit\/poudre-de-brahmi-cheveux\/","name":"Brahmi en polvo 100g | Beneficios naturales para tu cabello","isPartOf":{"@id":"https:\/\/www.safinel.fr\/#website"},"primaryImageOfPage":{"@id":"https:\/\/www.safinel.fr\/produit\/poudre-de-brahmi-cheveux\/#primaryimage"},"image":{"@id":"https:\/\/www.safinel.fr\/produit\/poudre-de-brahmi-cheveux\/#primaryimage"},"thumbnailUrl":"https:\/\/www.safinel.fr\/wp-content\/uploads\/2021\/06\/brahmi.jpeg","datePublished":"2021-06-18T12:02:33+00:00","dateModified":"2023-12-28T17:14:59+00:00","description":"El polvo de Brahmi es un polvo verde. Como muchas plantas, tiene un aroma intenso. \u00a1Hazlo tuyo!","breadcrumb":{"@id":"https:\/\/www.safinel.fr\/produit\/poudre-de-brahmi-cheveux\/#breadcrumb"},"inLanguage":"es","potentialAction":[{"@type":"ReadAction","target":["https:\/\/www.safinel.fr\/produit\/poudre-de-brahmi-cheveux\/"]}]},{"@type":"ImageObject","inLanguage":"es","@id":"https:\/\/www.safinel.fr\/produit\/poudre-de-brahmi-cheveux\/#primaryimage","url":"https:\/\/www.safinel.fr\/wp-content\/uploads\/2021\/06\/brahmi.jpeg","contentUrl":"https:\/\/www.safinel.fr\/wp-content\/uploads\/2021\/06\/brahmi.jpeg","width":401,"height":469,"caption":"Poudre de Brahmi"},{"@type":"BreadcrumbList","@id":"https:\/\/www.safinel.fr\/produit\/poudre-de-brahmi-cheveux\/#breadcrumb","itemListElement":[{"@type":"ListItem","position":1,"name":"Accueil","item":"https:\/\/www.safinel.fr\/"},{"@type":"ListItem","position":2,"name":"Boutique","item":"https:\/\/www.safinel.fr\/boutique\/"},{"@type":"ListItem","position":3,"name":"Poudre de Brahmi 100g"}]},{"@type":"WebSite","@id":"https:\/\/www.safinel.fr\/#website","url":"https:\/\/www.safinel.fr\/","name":"Safinel","description":"","publisher":{"@id":"https:\/\/www.safinel.fr\/#organization"},"potentialAction":[{"@type":"SearchAction","target":{"@type":"EntryPoint","urlTemplate":"https:\/\/www.safinel.fr\/?s={search_term_string}"},"query-input":{"@type":"PropertyValueSpecification","valueRequired":true,"valueName":"search_term_string"}}],"inLanguage":"es"},{"@type":"Organization","@id":"https:\/\/www.safinel.fr\/#organization","name":"Safinel","url":"https:\/\/www.safinel.fr\/","logo":{"@type":"ImageObject","inLanguage":"es","@id":"https:\/\/www.safinel.fr\/#\/schema\/logo\/image\/","url":"https:\/\/www.safinel.fr\/wp-content\/uploads\/2021\/05\/boutique-cosmetique.png","contentUrl":"https:\/\/www.safinel.fr\/wp-content\/uploads\/2021\/05\/boutique-cosmetique.png","width":800,"height":200,"caption":"Safinel"},"image":{"@id":"https:\/\/www.safinel.fr\/#\/schema\/logo\/image\/"}}]}},"_links":{"self":[{"href":"https:\/\/www.safinel.fr\/es\/wp-json\/wp\/v2\/product\/140","targetHints":{"allow":["GET"]}}],"collection":[{"href":"https:\/\/www.safinel.fr\/es\/wp-json\/wp\/v2\/product"}],"about":[{"href":"https:\/\/www.safinel.fr\/es\/wp-json\/wp\/v2\/types\/product"}],"wp:featuredmedia":[{"embeddable":true,"href":"https:\/\/www.safinel.fr\/es\/wp-json\/wp\/v2\/media\/148"}],"wp:attachment":[{"href":"https:\/\/www.safinel.fr\/es\/wp-json\/wp\/v2\/media?parent=140"}],"wp:term":[{"taxonomy":"product_brand","embeddable":true,"href":"https:\/\/www.safinel.fr\/es\/wp-json\/wp\/v2\/product_brand?post=140"},{"taxonomy":"product_cat","embeddable":true,"href":"https:\/\/www.safinel.fr\/es\/wp-json\/wp\/v2\/product_cat?post=140"},{"taxonomy":"product_tag","embeddable":true,"href":"https:\/\/www.safinel.fr\/es\/wp-json\/wp\/v2\/product_tag?post=140"}],"curies":[{"name":"wp","href":"https:\/\/api.w.org\/{rel}","templated":true}]}}