{"id":139,"date":"2021-06-18T11:56:02","date_gmt":"2021-06-18T11:56:02","guid":{"rendered":"https:\/\/www.safinel.fr\/?post_type=product&#038;p=139"},"modified":"2023-12-28T17:14:59","modified_gmt":"2023-12-28T17:14:59","slug":"shikakai-en-polvo","status":"publish","type":"product","link":"https:\/\/www.safinel.fr\/es\/product-2\/shikakai-en-polvo\/","title":{"rendered":"Shikakai en polvo 100g"},"content":{"rendered":"<p>El shikakai es un polvo cosm\u00e9tico que se obtiene de un arbusto originario de la India: la Acacia concinna. Este producto natural, muy fino y de color marr\u00f3n, se considera un <a href=\"https:\/\/www.safinel.fr\/es\/product-2\/haritaki\/\"><strong>producto ayurv\u00e9dico<\/strong><\/a>. Desempe\u00f1a un papel muy importante en la cultura india. Es un ritual de belleza local que se utiliza para embellecer el cabello.<span class=\"Apple-converted-space\">\u00a0<\/span><\/p>\n<p>Gracias a su alto contenido en saponinas vegetales, aporta suavidad y brillo a la fibra capilar. Otros efectos deseables son la prevenci\u00f3n de la caspa y la estimulaci\u00f3n del crecimiento del cabello.<\/p>\n<h2><b>Shikakai: un ingrediente natural estrella en los champ\u00fas s\u00f3lidos<\/b><\/h2>\n<p>El shikakai es ahora un ingrediente indispensable en los champ\u00fas s\u00f3lidos. Gracias al renovado inter\u00e9s por los productos \u00e9tnicos, la cosmetolog\u00eda est\u00e1 dirigiendo su atenci\u00f3n a las mejores plantas. El objetivo es ofrecer al p\u00fablico los mejores cosm\u00e9ticos naturales posibles. El shikakai es un ingrediente inestimable en estos champ\u00fas de nuevo cu\u00f1o. Basta con preparar el s\u00f3lido y a\u00f1adir una sustancia aceitosa y pulverulenta para elaborarlo. As\u00ed que el shikakai es una adici\u00f3n bienvenida, gracias a su facilidad de uso.<\/p>\n<p>Tenga cuidado. Una advertencia: tenga cuidado de que esta sustancia no le entre en los ojos. Pica much\u00edsimo. Conc\u00e9ntrate s\u00f3lo en el pelo.<span class=\"Apple-converted-space\">\u00a0<\/span><\/p>\n<h2><b>Acacia Concinna: multitud de vitaminas y nutrientes para el cuero cabelludo<\/b><\/h2>\n<p>Con la vuelta al cabello natural, el shikakai est\u00e1 muy de moda. Para un cabello negro, brillante y suave como el de la India, nada mejor que un peque\u00f1o tratamiento con polvo de Acacia concinna. Todos los ingredientes del shikakai tienen la capacidad de fortalecer la fibra capilar hasta la ra\u00edz. Esto se consigue estimulando el crecimiento y aportando volumen y vitalidad. \u00bfQu\u00e9 puede haber mejor para las personas propensas a la ca\u00edda del cabello?.<span class=\"Apple-converted-space\">\u00a0<\/span><\/p>\n<p>Entonces existe un remedio milagroso natural. Rico en vitaminas C y D, ayuda a fortalecer y hacer crecer el cabello.<span class=\"Apple-converted-space\">\u00a0<\/span><\/p>\n<h2><b>Propiedades espec\u00edficas del polvo de shikakai :<\/b><\/h2>\n<p>M\u00e1s detalladamente, el shikakai tiene los siguientes beneficios para el cuero cabelludo:<\/p>\n<ul>\n<li>Limpia en profundidad el cuero cabelludo y elimina la caspa.<\/li>\n<li>El shikakai favorece y facilita el peinado desenredando el cabello.<\/li>\n<li>Al igual que el ghassoul, este producto es autosuficiente. No necesita m\u00e1s ingredientes que el agua tibia.<span class=\"Apple-converted-space\">\u00a0<\/span><\/li>\n<li>Gracias a su acci\u00f3n astringente y antis\u00e9ptica, es ideal para regular el exceso de sebo en el cabello. As\u00ed, invierte la tendencia eliminando eficazmente la grasa.<span class=\"Apple-converted-space\">\u00a0<\/span><\/li>\n<\/ul>\n<p>As\u00ed que es un producto muy completo, que revela muchas facetas beneficiosas combinadas entre s\u00ed. Y no se olvide, shikakai es 100%<b> <\/b>natural.<\/p>\n<h3><b>Aplicar sobre el cabello un macerado a base de shikakai<\/b><\/h3>\n<p>Un aceite capilar eficaz para hidratar y nutrir el cuero cabelludo:<\/p>\n<ul>\n<li><a href=\"https:\/\/manelya.com\/produit\/huile-dargan\/\" target=\"_blank\" rel=\"noopener\"><strong>Aceite de arg\u00e1n para el cabello<\/strong><\/a><\/li>\n<li>Jojoba<\/li>\n<li>Ricina.<\/li>\n<\/ul>\n<p>El shikakai es extremadamente eficaz. Basta con mezclar las materias primas, aplicar y dejar actuar. Esta f\u00f3rmula es perfecta para el cabello seco y cansado.<span class=\"Apple-converted-space\">\u00a0<\/span><\/p>","protected":false},"excerpt":{"rendered":"<p>El shikakai es un polvo cosm\u00e9tico obtenido a partir de un arbusto originario de la India: la Acacia concinna. Este producto natural muy fino de color marr\u00f3n se considera un producto ayurv\u00e9dico. De hecho, desempe\u00f1a un papel muy importante en la cultura india. Es un ritual de belleza local que se utiliza para embellecer el cabello.  Gracias a [\u2026]","protected":false},"featured_media":145,"template":"","meta":[],"product_brand":[],"product_cat":[27,110],"product_tag":[],"class_list":{"0":"post-139","1":"product","2":"type-product","3":"status-publish","4":"has-post-thumbnail","6":"product_cat-plantes-medicinales","7":"product_cat-poudre-cheveux-ayurvedique","9":"first","10":"instock","11":"shipping-taxable","12":"purchasable","13":"product-type-simple"},"yoast_head":"<!-- This site is optimized with the Yoast SEO plugin v26.6 - https:\/\/yoast.com\/wordpress\/plugins\/seo\/ -->\n<title>Shikakai en poudre 100g | Bienfaits nombreux pour les cheveux<\/title>\n<meta name=\"description\" content=\"Le shikakai est une poudre cosm\u00e9tique 100% naturelle obtenue \u00e0 partir d\u2019un arbuste originaire d\u2019Inde\u00a0: l\u2019Acacia concinna.\" \/>\n<meta name=\"robots\" content=\"index, follow, max-snippet:-1, max-image-preview:large, max-video-preview:-1\" \/>\n<link rel=\"canonical\" href=\"https:\/\/www.safinel.fr\/es\/product-2\/shikakai-en-polvo\/\" \/>\n<meta property=\"og:locale\" content=\"es_ES\" \/>\n<meta property=\"og:type\" content=\"article\" \/>\n<meta property=\"og:title\" content=\"Shikakai en poudre 100g | Bienfaits nombreux pour les cheveux\" \/>\n<meta property=\"og:description\" content=\"Le shikakai est une poudre cosm\u00e9tique 100% naturelle obtenue \u00e0 partir d\u2019un arbuste originaire d\u2019Inde\u00a0: l\u2019Acacia concinna.\" \/>\n<meta property=\"og:url\" content=\"https:\/\/www.safinel.fr\/es\/product-2\/shikakai-en-polvo\/\" \/>\n<meta property=\"og:site_name\" content=\"Safinel\" \/>\n<meta property=\"article:modified_time\" content=\"2023-12-28T17:14:59+00:00\" \/>\n<meta property=\"og:image\" content=\"https:\/\/www.safinel.fr\/wp-content\/uploads\/2021\/06\/poudre-shikakai.jpeg\" \/>\n\t<meta property=\"og:image:width\" content=\"433\" \/>\n\t<meta property=\"og:image:height\" content=\"511\" \/>\n\t<meta property=\"og:image:type\" content=\"image\/jpeg\" \/>\n<meta name=\"twitter:card\" content=\"summary_large_image\" \/>\n<meta name=\"twitter:label1\" content=\"Tiempo de lectura\" \/>\n\t<meta name=\"twitter:data1\" content=\"3 minutos\" \/>\n<script type=\"application\/ld+json\" class=\"yoast-schema-graph\">{\"@context\":\"https:\/\/schema.org\",\"@graph\":[{\"@type\":\"WebPage\",\"@id\":\"https:\/\/www.safinel.fr\/produit\/shikakai-en-poudre\/\",\"url\":\"https:\/\/www.safinel.fr\/produit\/shikakai-en-poudre\/\",\"name\":\"Shikakai en poudre 100g | Bienfaits nombreux pour les cheveux\",\"isPartOf\":{\"@id\":\"https:\/\/www.safinel.fr\/#website\"},\"primaryImageOfPage\":{\"@id\":\"https:\/\/www.safinel.fr\/produit\/shikakai-en-poudre\/#primaryimage\"},\"image\":{\"@id\":\"https:\/\/www.safinel.fr\/produit\/shikakai-en-poudre\/#primaryimage\"},\"thumbnailUrl\":\"https:\/\/www.safinel.fr\/wp-content\/uploads\/2021\/06\/poudre-shikakai.jpeg\",\"datePublished\":\"2021-06-18T11:56:02+00:00\",\"dateModified\":\"2023-12-28T17:14:59+00:00\",\"description\":\"Le shikakai est une poudre cosm\u00e9tique 100% naturelle obtenue \u00e0 partir d\u2019un arbuste originaire d\u2019Inde\u00a0: l\u2019Acacia concinna.\",\"breadcrumb\":{\"@id\":\"https:\/\/www.safinel.fr\/produit\/shikakai-en-poudre\/#breadcrumb\"},\"inLanguage\":\"es\",\"potentialAction\":[{\"@type\":\"ReadAction\",\"target\":[\"https:\/\/www.safinel.fr\/produit\/shikakai-en-poudre\/\"]}]},{\"@type\":\"ImageObject\",\"inLanguage\":\"es\",\"@id\":\"https:\/\/www.safinel.fr\/produit\/shikakai-en-poudre\/#primaryimage\",\"url\":\"https:\/\/www.safinel.fr\/wp-content\/uploads\/2021\/06\/poudre-shikakai.jpeg\",\"contentUrl\":\"https:\/\/www.safinel.fr\/wp-content\/uploads\/2021\/06\/poudre-shikakai.jpeg\",\"width\":433,\"height\":511,\"caption\":\"Shikakai en poudre 100g\"},{\"@type\":\"BreadcrumbList\",\"@id\":\"https:\/\/www.safinel.fr\/produit\/shikakai-en-poudre\/#breadcrumb\",\"itemListElement\":[{\"@type\":\"ListItem\",\"position\":1,\"name\":\"Accueil\",\"item\":\"https:\/\/www.safinel.fr\/\"},{\"@type\":\"ListItem\",\"position\":2,\"name\":\"Boutique\",\"item\":\"https:\/\/www.safinel.fr\/boutique\/\"},{\"@type\":\"ListItem\",\"position\":3,\"name\":\"Shikakai en poudre 100g\"}]},{\"@type\":\"WebSite\",\"@id\":\"https:\/\/www.safinel.fr\/#website\",\"url\":\"https:\/\/www.safinel.fr\/\",\"name\":\"Safinel\",\"description\":\"\",\"publisher\":{\"@id\":\"https:\/\/www.safinel.fr\/#organization\"},\"potentialAction\":[{\"@type\":\"SearchAction\",\"target\":{\"@type\":\"EntryPoint\",\"urlTemplate\":\"https:\/\/www.safinel.fr\/?s={search_term_string}\"},\"query-input\":{\"@type\":\"PropertyValueSpecification\",\"valueRequired\":true,\"valueName\":\"search_term_string\"}}],\"inLanguage\":\"es\"},{\"@type\":\"Organization\",\"@id\":\"https:\/\/www.safinel.fr\/#organization\",\"name\":\"Safinel\",\"url\":\"https:\/\/www.safinel.fr\/\",\"logo\":{\"@type\":\"ImageObject\",\"inLanguage\":\"es\",\"@id\":\"https:\/\/www.safinel.fr\/#\/schema\/logo\/image\/\",\"url\":\"https:\/\/www.safinel.fr\/wp-content\/uploads\/2021\/05\/boutique-cosmetique.png\",\"contentUrl\":\"https:\/\/www.safinel.fr\/wp-content\/uploads\/2021\/05\/boutique-cosmetique.png\",\"width\":800,\"height\":200,\"caption\":\"Safinel\"},\"image\":{\"@id\":\"https:\/\/www.safinel.fr\/#\/schema\/logo\/image\/\"}}]}<\/script>\n<!-- \/ Yoast SEO plugin. -->","yoast_head_json":{"title":"Shikakai Polvo 100g | Numerosos beneficios para el cabello","description":"El shikakai es un polvo cosm\u00e9tico 100% natural que se obtiene de un arbusto originario de la India: la Acacia concinna.","robots":{"index":"index","follow":"follow","max-snippet":"max-snippet:-1","max-image-preview":"max-image-preview:large","max-video-preview":"max-video-preview:-1"},"canonical":"https:\/\/www.safinel.fr\/es\/product-2\/shikakai-en-polvo\/","og_locale":"es_ES","og_type":"article","og_title":"Shikakai en poudre 100g | Bienfaits nombreux pour les cheveux","og_description":"Le shikakai est une poudre cosm\u00e9tique 100% naturelle obtenue \u00e0 partir d\u2019un arbuste originaire d\u2019Inde\u00a0: l\u2019Acacia concinna.","og_url":"https:\/\/www.safinel.fr\/es\/product-2\/shikakai-en-polvo\/","og_site_name":"Safinel","article_modified_time":"2023-12-28T17:14:59+00:00","og_image":[{"width":433,"height":511,"url":"https:\/\/www.safinel.fr\/wp-content\/uploads\/2021\/06\/poudre-shikakai.jpeg","type":"image\/jpeg"}],"twitter_card":"summary_large_image","twitter_misc":{"Tiempo de lectura":"3 minutos"},"schema":{"@context":"https:\/\/schema.org","@graph":[{"@type":"WebPage","@id":"https:\/\/www.safinel.fr\/produit\/shikakai-en-poudre\/","url":"https:\/\/www.safinel.fr\/produit\/shikakai-en-poudre\/","name":"Shikakai Polvo 100g | Numerosos beneficios para el cabello","isPartOf":{"@id":"https:\/\/www.safinel.fr\/#website"},"primaryImageOfPage":{"@id":"https:\/\/www.safinel.fr\/produit\/shikakai-en-poudre\/#primaryimage"},"image":{"@id":"https:\/\/www.safinel.fr\/produit\/shikakai-en-poudre\/#primaryimage"},"thumbnailUrl":"https:\/\/www.safinel.fr\/wp-content\/uploads\/2021\/06\/poudre-shikakai.jpeg","datePublished":"2021-06-18T11:56:02+00:00","dateModified":"2023-12-28T17:14:59+00:00","description":"El shikakai es un polvo cosm\u00e9tico 100% natural que se obtiene de un arbusto originario de la India: la Acacia concinna.","breadcrumb":{"@id":"https:\/\/www.safinel.fr\/produit\/shikakai-en-poudre\/#breadcrumb"},"inLanguage":"es","potentialAction":[{"@type":"ReadAction","target":["https:\/\/www.safinel.fr\/produit\/shikakai-en-poudre\/"]}]},{"@type":"ImageObject","inLanguage":"es","@id":"https:\/\/www.safinel.fr\/produit\/shikakai-en-poudre\/#primaryimage","url":"https:\/\/www.safinel.fr\/wp-content\/uploads\/2021\/06\/poudre-shikakai.jpeg","contentUrl":"https:\/\/www.safinel.fr\/wp-content\/uploads\/2021\/06\/poudre-shikakai.jpeg","width":433,"height":511,"caption":"Shikakai en poudre 100g"},{"@type":"BreadcrumbList","@id":"https:\/\/www.safinel.fr\/produit\/shikakai-en-poudre\/#breadcrumb","itemListElement":[{"@type":"ListItem","position":1,"name":"Accueil","item":"https:\/\/www.safinel.fr\/"},{"@type":"ListItem","position":2,"name":"Boutique","item":"https:\/\/www.safinel.fr\/boutique\/"},{"@type":"ListItem","position":3,"name":"Shikakai en poudre 100g"}]},{"@type":"WebSite","@id":"https:\/\/www.safinel.fr\/#website","url":"https:\/\/www.safinel.fr\/","name":"Safinel","description":"","publisher":{"@id":"https:\/\/www.safinel.fr\/#organization"},"potentialAction":[{"@type":"SearchAction","target":{"@type":"EntryPoint","urlTemplate":"https:\/\/www.safinel.fr\/?s={search_term_string}"},"query-input":{"@type":"PropertyValueSpecification","valueRequired":true,"valueName":"search_term_string"}}],"inLanguage":"es"},{"@type":"Organization","@id":"https:\/\/www.safinel.fr\/#organization","name":"Safinel","url":"https:\/\/www.safinel.fr\/","logo":{"@type":"ImageObject","inLanguage":"es","@id":"https:\/\/www.safinel.fr\/#\/schema\/logo\/image\/","url":"https:\/\/www.safinel.fr\/wp-content\/uploads\/2021\/05\/boutique-cosmetique.png","contentUrl":"https:\/\/www.safinel.fr\/wp-content\/uploads\/2021\/05\/boutique-cosmetique.png","width":800,"height":200,"caption":"Safinel"},"image":{"@id":"https:\/\/www.safinel.fr\/#\/schema\/logo\/image\/"}}]}},"_links":{"self":[{"href":"https:\/\/www.safinel.fr\/es\/wp-json\/wp\/v2\/product\/139","targetHints":{"allow":["GET"]}}],"collection":[{"href":"https:\/\/www.safinel.fr\/es\/wp-json\/wp\/v2\/product"}],"about":[{"href":"https:\/\/www.safinel.fr\/es\/wp-json\/wp\/v2\/types\/product"}],"wp:featuredmedia":[{"embeddable":true,"href":"https:\/\/www.safinel.fr\/es\/wp-json\/wp\/v2\/media\/145"}],"wp:attachment":[{"href":"https:\/\/www.safinel.fr\/es\/wp-json\/wp\/v2\/media?parent=139"}],"wp:term":[{"taxonomy":"product_brand","embeddable":true,"href":"https:\/\/www.safinel.fr\/es\/wp-json\/wp\/v2\/product_brand?post=139"},{"taxonomy":"product_cat","embeddable":true,"href":"https:\/\/www.safinel.fr\/es\/wp-json\/wp\/v2\/product_cat?post=139"},{"taxonomy":"product_tag","embeddable":true,"href":"https:\/\/www.safinel.fr\/es\/wp-json\/wp\/v2\/product_tag?post=139"}],"curies":[{"name":"wp","href":"https:\/\/api.w.org\/{rel}","templated":true}]}}