{"id":136,"date":"2021-06-18T11:43:50","date_gmt":"2021-06-18T11:43:50","guid":{"rendered":"https:\/\/www.safinel.fr\/?post_type=product&#038;p=136"},"modified":"2024-04-09T20:35:21","modified_gmt":"2024-04-09T20:35:21","slug":"haritaki","status":"publish","type":"product","link":"https:\/\/www.safinel.fr\/es\/product-2\/haritaki\/","title":{"rendered":"Haritaki en polvo 100g"},"content":{"rendered":"<p>El haritaki es el fruto t\u00edpico de un \u00e1rbol originario del subcontinente indio y de las mesetas del Himalaya. Este ingrediente esencial de la medicina ayurv\u00e9dica procede de un \u00e1rbol de unos diez metros de largo llamado \u00aberminalia chebula\u00bb. Tambi\u00e9n se conoce como \u00abmirobolano negro\u00bb o \u00abmirobolanier\".<\/p>\n<p>El haritaki se parece mucho a las nueces. Tiene cierto parecido con las nueces, aunque es m\u00e1s carnoso y plano. En concreto, su c\u00e1scara es similar a la de una nuez, aunque conserva la forma de una almendra. El n\u00facleo es de color amarillo anaranjado y contiene una almendra. En la India, dado el tama\u00f1o del \u00e1rbol, las cosechas son especialmente abundantes.<\/p>\n<p>Por ello, en Francia, el haritaki se comercializa en polvo o en c\u00e1psulas.<span class=\"Apple-converted-space\">\u00a0<\/span><\/p>\n<h2><b>Haritaki: un milagro para el sistema inmunitario<\/b><\/h2>\n<p>El haritaki se considera una sustancia digestiva muy eficaz. De hecho, esta fruta natural tiene la capacidad de calmar el sistema digestivo. Se ha hecho muy popular como parte de los programas de desintoxicaci\u00f3n, por su capacidad para eliminar las toxinas de los intestinos. Seg\u00fan algunos laboratorios de investigaci\u00f3n indios, tambi\u00e9n tiene efectos beneficiosos sobre la funci\u00f3n del bazo y el h\u00edgado.<\/p>\n<p>En este sentido, se ha comprobado su acci\u00f3n contra el colesterol malo. Excelente quemador de grasas, ayuda a regular el organismo mediante curas temporales. Muy beneficioso para el tracto gastrointestinal, proporciona un excelente alivio para el colon.<\/p>\n<p>Reconocido por su efecto positivo sobre el sistema inmunitario, el haritaki va de la mano de una dieta sana. Su consumo s\u00f3lo puede apoyarse en una buena alimentaci\u00f3n. As\u00ed puede depurar y purificar el organismo.<\/p>\n<h2><b>El fruto de la Erminalia Chebula: excelente para las facultades cognitivas<\/b><\/h2>\n<p>Tambi\u00e9n se dice que el Haritaki calma la mente. De hecho, se dice que tiene un efecto sobre los estados de \u00e1nimo y facilita la concentraci\u00f3n.<span class=\"Apple-converted-space\">\u00a0<\/span><\/p>\n<p>Sobre el sistema nervioso, tomar polvo de haritaki :<\/p>\n<ul>\n<li>Mejora la vista<\/li>\n<li>Mejora visiblemente la memoria<\/li>\n<li>Aporta energ\u00eda mental y f\u00edsica.<span class=\"Apple-converted-space\">\u00a0<\/span><\/li>\n<\/ul>\n<p>Tambi\u00e9n se utiliza mucho en la India para reducir el dolor articular. Por \u00faltimo, hay que saber que esta fruta, preciosa en Europa, desempe\u00f1a un papel importante en la India. En un pa\u00eds donde los medicamentos son inasequibles, el conocimiento de la fitoterapia y las especias puede generar beneficios considerables. <a href=\"https:\/\/www.huile-de-nigelle-pure.com\" target=\"_blank\" rel=\"noopener\"><strong>beneficios para el sistema inmunitario<\/strong><\/a>. Haritaki es uno de los tres ingredientes clave en Ayurveda. As\u00ed que es un ingrediente saludable para mantenerse sano.<span class=\"Apple-converted-space\">\u00a0<\/span><\/p>\n<h3><b>\u00bfC\u00f3mo debe utilizarse el polvo de haritaki?<\/b><\/h3>\n<p>A menos que desee tomar un tratamiento corto de haritaki en forma de c\u00e1psulas. El polvo sigue siendo uno de los m\u00e9todos m\u00e1s utilizados. Sobre todo porque los vendedores indios lo envasan en esta forma antes de venderlo por Internet.<span class=\"Apple-converted-space\">\u00a0<\/span><\/p>\n<p>As\u00ed, en forma de tisana, todo lo que tienes que hacer es seleccionar tus hierbas habituales. A continuaci\u00f3n, a\u00f1ada media cucharadita de polvo de haritaki. Aqu\u00ed, es esencial a\u00f1adir una base dulce como <a href=\"https:\/\/www.safinel.fr\/es\/product-category-2\/apicultura\/\"><strong>miel<\/strong><\/a>.<\/p>\n<p>El haritaki tiene un sabor muy amargo, por lo que conviene atenuarlo. Piensa en la mejor manera de utilizarlo.<\/p>","protected":false},"excerpt":{"rendered":"<p>L\u2019haritaki est le fruit typique d\u2019un arbre originaire du sous-continent indien et des plateaux himalayens. Cet indispensable de la m\u00e9decine ayurv\u00e9dique provient d\u2019un arbre d\u2019une dizaine de m\u00e8tres de long nomm\u00e9 \u00ab\u00a0erminalia chebula\u00a0\u00bb. On lui pr\u00eate aussi l\u2019appellation \u00ab\u00a0myrobolan noir\u00a0\u00bb ou \u00ab\u00a0mirobolanier. L\u2019haritaki ressemble \u00e9trangement \u00e0 un fruit \u00e0 coque. Il aurait une certaine ressemblance [&#8230;]","protected":false},"featured_media":146,"template":"","meta":[],"product_brand":[],"product_cat":[59,27],"product_tag":[],"class_list":{"0":"post-136","1":"product","2":"type-product","3":"status-publish","4":"has-post-thumbnail","6":"product_cat-fruit-tropical","7":"product_cat-plantes-medicinales","9":"first","10":"outofstock","11":"shipping-taxable","12":"purchasable","13":"product-type-simple"},"yoast_head":"<!-- This site is optimized with the Yoast SEO plugin v26.6 - https:\/\/yoast.com\/wordpress\/plugins\/seo\/ -->\n<title>Haritaki en poudre | Erminalia Chebula | Fruit naturel indien<\/title>\n<meta name=\"description\" content=\"Haritaki est le fruit d\u2019un arbre originaire du sous-continent indien et des plateaux himalayens. Il fait partie de la m\u00e9decine ayurv\u00e9dique.\" \/>\n<meta name=\"robots\" content=\"index, follow, max-snippet:-1, max-image-preview:large, max-video-preview:-1\" \/>\n<link rel=\"canonical\" href=\"https:\/\/www.safinel.fr\/es\/product-2\/haritaki\/\" \/>\n<meta property=\"og:locale\" content=\"es_ES\" \/>\n<meta property=\"og:type\" content=\"article\" \/>\n<meta property=\"og:title\" content=\"Haritaki en poudre | Erminalia Chebula | Fruit naturel indien\" \/>\n<meta property=\"og:description\" content=\"Haritaki est le fruit d\u2019un arbre originaire du sous-continent indien et des plateaux himalayens. Il fait partie de la m\u00e9decine ayurv\u00e9dique.\" \/>\n<meta property=\"og:url\" content=\"https:\/\/www.safinel.fr\/es\/product-2\/haritaki\/\" \/>\n<meta property=\"og:site_name\" content=\"Safinel\" \/>\n<meta property=\"article:modified_time\" content=\"2024-04-09T20:35:21+00:00\" \/>\n<meta property=\"og:image\" content=\"https:\/\/www.safinel.fr\/wp-content\/uploads\/2021\/06\/poudre-haritaki.jpeg\" \/>\n\t<meta property=\"og:image:width\" content=\"421\" \/>\n\t<meta property=\"og:image:height\" content=\"471\" \/>\n\t<meta property=\"og:image:type\" content=\"image\/jpeg\" \/>\n<meta name=\"twitter:card\" content=\"summary_large_image\" \/>\n<meta name=\"twitter:label1\" content=\"Tiempo de lectura\" \/>\n\t<meta name=\"twitter:data1\" content=\"3 minutos\" \/>\n<script type=\"application\/ld+json\" class=\"yoast-schema-graph\">{\"@context\":\"https:\/\/schema.org\",\"@graph\":[{\"@type\":\"WebPage\",\"@id\":\"https:\/\/www.safinel.fr\/produit\/haritaki\/\",\"url\":\"https:\/\/www.safinel.fr\/produit\/haritaki\/\",\"name\":\"Haritaki en poudre | Erminalia Chebula | Fruit naturel indien\",\"isPartOf\":{\"@id\":\"https:\/\/www.safinel.fr\/#website\"},\"primaryImageOfPage\":{\"@id\":\"https:\/\/www.safinel.fr\/produit\/haritaki\/#primaryimage\"},\"image\":{\"@id\":\"https:\/\/www.safinel.fr\/produit\/haritaki\/#primaryimage\"},\"thumbnailUrl\":\"https:\/\/www.safinel.fr\/wp-content\/uploads\/2021\/06\/poudre-haritaki.jpeg\",\"datePublished\":\"2021-06-18T11:43:50+00:00\",\"dateModified\":\"2024-04-09T20:35:21+00:00\",\"description\":\"Haritaki est le fruit d\u2019un arbre originaire du sous-continent indien et des plateaux himalayens. Il fait partie de la m\u00e9decine ayurv\u00e9dique.\",\"breadcrumb\":{\"@id\":\"https:\/\/www.safinel.fr\/produit\/haritaki\/#breadcrumb\"},\"inLanguage\":\"es\",\"potentialAction\":[{\"@type\":\"ReadAction\",\"target\":[\"https:\/\/www.safinel.fr\/produit\/haritaki\/\"]}]},{\"@type\":\"ImageObject\",\"inLanguage\":\"es\",\"@id\":\"https:\/\/www.safinel.fr\/produit\/haritaki\/#primaryimage\",\"url\":\"https:\/\/www.safinel.fr\/wp-content\/uploads\/2021\/06\/poudre-haritaki.jpeg\",\"contentUrl\":\"https:\/\/www.safinel.fr\/wp-content\/uploads\/2021\/06\/poudre-haritaki.jpeg\",\"width\":421,\"height\":471,\"caption\":\"Haritaki en poudre 100g\"},{\"@type\":\"BreadcrumbList\",\"@id\":\"https:\/\/www.safinel.fr\/produit\/haritaki\/#breadcrumb\",\"itemListElement\":[{\"@type\":\"ListItem\",\"position\":1,\"name\":\"Accueil\",\"item\":\"https:\/\/www.safinel.fr\/\"},{\"@type\":\"ListItem\",\"position\":2,\"name\":\"Boutique\",\"item\":\"https:\/\/www.safinel.fr\/boutique\/\"},{\"@type\":\"ListItem\",\"position\":3,\"name\":\"Haritaki en poudre 100g\"}]},{\"@type\":\"WebSite\",\"@id\":\"https:\/\/www.safinel.fr\/#website\",\"url\":\"https:\/\/www.safinel.fr\/\",\"name\":\"Safinel\",\"description\":\"\",\"publisher\":{\"@id\":\"https:\/\/www.safinel.fr\/#organization\"},\"potentialAction\":[{\"@type\":\"SearchAction\",\"target\":{\"@type\":\"EntryPoint\",\"urlTemplate\":\"https:\/\/www.safinel.fr\/?s={search_term_string}\"},\"query-input\":{\"@type\":\"PropertyValueSpecification\",\"valueRequired\":true,\"valueName\":\"search_term_string\"}}],\"inLanguage\":\"es\"},{\"@type\":\"Organization\",\"@id\":\"https:\/\/www.safinel.fr\/#organization\",\"name\":\"Safinel\",\"url\":\"https:\/\/www.safinel.fr\/\",\"logo\":{\"@type\":\"ImageObject\",\"inLanguage\":\"es\",\"@id\":\"https:\/\/www.safinel.fr\/#\/schema\/logo\/image\/\",\"url\":\"https:\/\/www.safinel.fr\/wp-content\/uploads\/2021\/05\/boutique-cosmetique.png\",\"contentUrl\":\"https:\/\/www.safinel.fr\/wp-content\/uploads\/2021\/05\/boutique-cosmetique.png\",\"width\":800,\"height\":200,\"caption\":\"Safinel\"},\"image\":{\"@id\":\"https:\/\/www.safinel.fr\/#\/schema\/logo\/image\/\"}}]}<\/script>\n<!-- \/ Yoast SEO plugin. -->","yoast_head_json":{"title":"Haritaki en polvo | Erminalia Chebula | Fruta natural de la India","description":"El haritaki es el fruto de un \u00e1rbol originario del subcontinente indio y de las mesetas del Himalaya. Forma parte de la medicina ayurv\u00e9dica.","robots":{"index":"index","follow":"follow","max-snippet":"max-snippet:-1","max-image-preview":"max-image-preview:large","max-video-preview":"max-video-preview:-1"},"canonical":"https:\/\/www.safinel.fr\/es\/product-2\/haritaki\/","og_locale":"es_ES","og_type":"article","og_title":"Haritaki en poudre | Erminalia Chebula | Fruit naturel indien","og_description":"Haritaki est le fruit d\u2019un arbre originaire du sous-continent indien et des plateaux himalayens. Il fait partie de la m\u00e9decine ayurv\u00e9dique.","og_url":"https:\/\/www.safinel.fr\/es\/product-2\/haritaki\/","og_site_name":"Safinel","article_modified_time":"2024-04-09T20:35:21+00:00","og_image":[{"width":421,"height":471,"url":"https:\/\/www.safinel.fr\/wp-content\/uploads\/2021\/06\/poudre-haritaki.jpeg","type":"image\/jpeg"}],"twitter_card":"summary_large_image","twitter_misc":{"Tiempo de lectura":"3 minutos"},"schema":{"@context":"https:\/\/schema.org","@graph":[{"@type":"WebPage","@id":"https:\/\/www.safinel.fr\/produit\/haritaki\/","url":"https:\/\/www.safinel.fr\/produit\/haritaki\/","name":"Haritaki en polvo | Erminalia Chebula | Fruta natural de la India","isPartOf":{"@id":"https:\/\/www.safinel.fr\/#website"},"primaryImageOfPage":{"@id":"https:\/\/www.safinel.fr\/produit\/haritaki\/#primaryimage"},"image":{"@id":"https:\/\/www.safinel.fr\/produit\/haritaki\/#primaryimage"},"thumbnailUrl":"https:\/\/www.safinel.fr\/wp-content\/uploads\/2021\/06\/poudre-haritaki.jpeg","datePublished":"2021-06-18T11:43:50+00:00","dateModified":"2024-04-09T20:35:21+00:00","description":"El haritaki es el fruto de un \u00e1rbol originario del subcontinente indio y de las mesetas del Himalaya. Forma parte de la medicina ayurv\u00e9dica.","breadcrumb":{"@id":"https:\/\/www.safinel.fr\/produit\/haritaki\/#breadcrumb"},"inLanguage":"es","potentialAction":[{"@type":"ReadAction","target":["https:\/\/www.safinel.fr\/produit\/haritaki\/"]}]},{"@type":"ImageObject","inLanguage":"es","@id":"https:\/\/www.safinel.fr\/produit\/haritaki\/#primaryimage","url":"https:\/\/www.safinel.fr\/wp-content\/uploads\/2021\/06\/poudre-haritaki.jpeg","contentUrl":"https:\/\/www.safinel.fr\/wp-content\/uploads\/2021\/06\/poudre-haritaki.jpeg","width":421,"height":471,"caption":"Haritaki en poudre 100g"},{"@type":"BreadcrumbList","@id":"https:\/\/www.safinel.fr\/produit\/haritaki\/#breadcrumb","itemListElement":[{"@type":"ListItem","position":1,"name":"Accueil","item":"https:\/\/www.safinel.fr\/"},{"@type":"ListItem","position":2,"name":"Boutique","item":"https:\/\/www.safinel.fr\/boutique\/"},{"@type":"ListItem","position":3,"name":"Haritaki en poudre 100g"}]},{"@type":"WebSite","@id":"https:\/\/www.safinel.fr\/#website","url":"https:\/\/www.safinel.fr\/","name":"Safinel","description":"","publisher":{"@id":"https:\/\/www.safinel.fr\/#organization"},"potentialAction":[{"@type":"SearchAction","target":{"@type":"EntryPoint","urlTemplate":"https:\/\/www.safinel.fr\/?s={search_term_string}"},"query-input":{"@type":"PropertyValueSpecification","valueRequired":true,"valueName":"search_term_string"}}],"inLanguage":"es"},{"@type":"Organization","@id":"https:\/\/www.safinel.fr\/#organization","name":"Safinel","url":"https:\/\/www.safinel.fr\/","logo":{"@type":"ImageObject","inLanguage":"es","@id":"https:\/\/www.safinel.fr\/#\/schema\/logo\/image\/","url":"https:\/\/www.safinel.fr\/wp-content\/uploads\/2021\/05\/boutique-cosmetique.png","contentUrl":"https:\/\/www.safinel.fr\/wp-content\/uploads\/2021\/05\/boutique-cosmetique.png","width":800,"height":200,"caption":"Safinel"},"image":{"@id":"https:\/\/www.safinel.fr\/#\/schema\/logo\/image\/"}}]}},"_links":{"self":[{"href":"https:\/\/www.safinel.fr\/es\/wp-json\/wp\/v2\/product\/136","targetHints":{"allow":["GET"]}}],"collection":[{"href":"https:\/\/www.safinel.fr\/es\/wp-json\/wp\/v2\/product"}],"about":[{"href":"https:\/\/www.safinel.fr\/es\/wp-json\/wp\/v2\/types\/product"}],"wp:featuredmedia":[{"embeddable":true,"href":"https:\/\/www.safinel.fr\/es\/wp-json\/wp\/v2\/media\/146"}],"wp:attachment":[{"href":"https:\/\/www.safinel.fr\/es\/wp-json\/wp\/v2\/media?parent=136"}],"wp:term":[{"taxonomy":"product_brand","embeddable":true,"href":"https:\/\/www.safinel.fr\/es\/wp-json\/wp\/v2\/product_brand?post=136"},{"taxonomy":"product_cat","embeddable":true,"href":"https:\/\/www.safinel.fr\/es\/wp-json\/wp\/v2\/product_cat?post=136"},{"taxonomy":"product_tag","embeddable":true,"href":"https:\/\/www.safinel.fr\/es\/wp-json\/wp\/v2\/product_tag?post=136"}],"curies":[{"name":"wp","href":"https:\/\/api.w.org\/{rel}","templated":true}]}}