{"id":132,"date":"2021-06-03T11:54:34","date_gmt":"2021-06-03T11:54:34","guid":{"rendered":"https:\/\/www.safinel.fr\/?post_type=product&#038;p=132"},"modified":"2024-11-25T20:47:02","modified_gmt":"2024-11-25T20:47:02","slug":"hojas-de-damiana","status":"publish","type":"product","link":"https:\/\/www.safinel.fr\/es\/product-2\/hojas-de-damiana\/","title":{"rendered":"Hojas de damiana 100 g"},"content":{"rendered":"<p>Para curar ciertas enfermedades, muchas personas recurren cada vez m\u00e1s a soluciones de farmacopea. En lugar de medicamentos y efervescentes, optan por tisanas o infusiones. La damiana es una hoja terap\u00e9utica muy apreciada en el mundo de la medicina. Para los que a\u00fan no conocen esta hoja y sus virtudes, he aqu\u00ed la informaci\u00f3n esencial que deben saber sobre esta planta.<\/p>\n<h2><strong>\u00bfQu\u00e9 hay que saber sobre la damiana?<\/strong><\/h2>\n<p>La\u00a0<strong>damiana\u00a0<\/strong>es una planta que se encuentra generalmente en Am\u00e9rica Central y del Sur y en el Caribe. Las hojas y flores de este arbusto se utilizan en estas regiones para aliviar numerosas dolencias. Varios estudios cient\u00edficos realizados sobre esta planta han confirmado las propiedades que se le atribuyen a lo largo de los a\u00f1os. Como resultado de estos numerosos\u00a0<strong>propiedades beneficiosas<\/strong>, Se cultiva en muchas partes del mundo.<\/p>\n<p>Suele florecer a finales del verano, produciendo flores amarillas, hojas fragantes y frutos. Adem\u00e1s de las hojas, las flores y los frutos, los habitantes de Am\u00e9rica Central y del Sur utilizan las partes subterr\u00e1neas de la planta como\u00a0<strong>soluciones medicinales<\/strong>\u00a0muchas dolencias. La damiana tambi\u00e9n se procesa a veces y se consume como bebida.<\/p>\n<h2><strong>\u00bfQu\u00e9 beneficios aportan las plantas de este arbusto?<\/strong><\/h2>\n<p>En el\u00a0<strong>medicina tradicional<\/strong>, Los productos derivados de este arbusto se utilizan principalmente para mantener o aumentar la libido masculina. Se cree que tiene un doble efecto sobre las erecciones y la frecuencia y el n\u00famero de eyaculaciones en los hombres. La damiana tambi\u00e9n puede utilizarse para tratar la disfunci\u00f3n sexual masculina.<\/p>\n<p>Las propiedades medicinales de las hojas de esta planta tambi\u00e9n pueden utilizarse para tratar la anemia, la bronquitis, la tos, la diabetes y otras formas de infecci\u00f3n leve en el organismo. Las infusiones elaboradas con las hojas de este arbusto tambi\u00e9n pueden utilizarse para combatir la fiebre. La damiana tambi\u00e9n es una buena aliada para combatir los s\u00edntomas de\u00a0<strong>enfermedades f\u00fangicas<\/strong>.<\/p>\n<p>Algunos estudios cient\u00edficos sobre la planta han descubierto que posee propiedades medicinales capaces de combatir las siguientes enfermedades\u00a0<a href=\"https:\/\/www.safinel.fr\/es\/product-2\/moringa\/\"><strong>trastornos gastrointestinales<\/strong><\/a>. Tambi\u00e9n ayuda a sobrellevar mejor el dolor y los s\u00edntomas de las enfermedades pulmonares y respiratorias.<\/p>\n<p>La damiana tambi\u00e9n puede utilizarse para tratar trastornos de la piel y una serie de problemas de salud espec\u00edficos de la mujer. Los estudios cient\u00edficos tambi\u00e9n le atribuyen propiedades laxantes, abortivas y expectorantes.<\/p>\n<h3><strong>\u00bfPor qu\u00e9 es tan beneficiosa la damiana?<\/strong><\/h3>\n<p>La\u00a0<strong>damiana\u00a0<\/strong>posee numerosos compuestos activos, como flavonoides, \u00e1cidos grasos y terpenoides. Estos compuestos le confieren propiedades afrodis\u00edacas, antibacterianas, antidiab\u00e9ticas, antioxidantes, adapt\u00f3genas y antiespasm\u00f3dicas. Las hojas de esta planta tambi\u00e9n permiten tratar\u00a0<strong>trastornos de ansiedad y obesidad<\/strong>.<\/p>\n<p>De hecho, las hojas y flores de este arbusto tienen propiedades muy espec\u00edficas.\u00a0<strong>propiedades ansiol\u00edticas<\/strong>\u00a0y favorecen la relajaci\u00f3n del organismo. Tambi\u00e9n protegen las c\u00e9lulas nerviosas humanas, rejuveneci\u00e9ndolas constantemente. La damiana tambi\u00e9n protege el aparato digestivo, en particular el h\u00edgado. Es un arbusto cuyos derivados pueden utilizarse para\u2019<strong>inhiben la aromatasa en el organismo<\/strong>.<\/p>","protected":false},"excerpt":{"rendered":"<p>Pour gu\u00e9rir de certaines maladies, de nombreuses personnes se tournent de plus en plus vers les solutions de la pharmacop\u00e9e. Ainsi, en lieu et place des m\u00e9dicaments et des effervescents, ils optent plut\u00f4t pour des tisanes ou des infusions \u00e0 base de plante. La damiana est une feuille th\u00e9rapeutique tr\u00e8s appr\u00e9ci\u00e9e dans le monde de [&#8230;]","protected":false},"featured_media":73,"template":"","meta":[],"product_brand":[],"product_cat":[27],"product_tag":[],"class_list":{"0":"post-132","1":"product","2":"type-product","3":"status-publish","4":"has-post-thumbnail","6":"product_cat-plantes-medicinales","8":"first","9":"outofstock","10":"shipping-taxable","11":"purchasable","12":"product-type-simple"},"yoast_head":"<!-- This site is optimized with the Yoast SEO plugin v26.6 - https:\/\/yoast.com\/wordpress\/plugins\/seo\/ -->\n<title>Damiana plante I Vente en ligne de feuilles de damiana<\/title>\n<meta name=\"description\" content=\"La damiana est une feuille th\u00e9rapeutique tr\u00e8s appr\u00e9ci\u00e9e dans le monde de la m\u00e9decine. Adoptez-l\u00e0 sans plus attendre chez Safinel !\" \/>\n<meta name=\"robots\" content=\"index, follow, max-snippet:-1, max-image-preview:large, max-video-preview:-1\" \/>\n<link rel=\"canonical\" href=\"https:\/\/www.safinel.fr\/es\/product-2\/hojas-de-damiana\/\" \/>\n<meta property=\"og:locale\" content=\"es_ES\" \/>\n<meta property=\"og:type\" content=\"article\" \/>\n<meta property=\"og:title\" content=\"Damiana plante I Vente en ligne de feuilles de damiana\" \/>\n<meta property=\"og:description\" content=\"La damiana est une feuille th\u00e9rapeutique tr\u00e8s appr\u00e9ci\u00e9e dans le monde de la m\u00e9decine. Adoptez-l\u00e0 sans plus attendre chez Safinel !\" \/>\n<meta property=\"og:url\" content=\"https:\/\/www.safinel.fr\/es\/product-2\/hojas-de-damiana\/\" \/>\n<meta property=\"og:site_name\" content=\"Safinel\" \/>\n<meta property=\"article:modified_time\" content=\"2024-11-25T20:47:02+00:00\" \/>\n<meta property=\"og:image\" content=\"https:\/\/www.safinel.fr\/wp-content\/uploads\/2021\/05\/damiana-site.jpg\" \/>\n\t<meta property=\"og:image:width\" content=\"293\" \/>\n\t<meta property=\"og:image:height\" content=\"400\" \/>\n\t<meta property=\"og:image:type\" content=\"image\/jpeg\" \/>\n<meta name=\"twitter:card\" content=\"summary_large_image\" \/>\n<meta name=\"twitter:label1\" content=\"Tiempo de lectura\" \/>\n\t<meta name=\"twitter:data1\" content=\"3 minutos\" \/>\n<script type=\"application\/ld+json\" class=\"yoast-schema-graph\">{\"@context\":\"https:\/\/schema.org\",\"@graph\":[{\"@type\":\"WebPage\",\"@id\":\"https:\/\/www.safinel.fr\/produit\/feuilles-de-damiana\/\",\"url\":\"https:\/\/www.safinel.fr\/produit\/feuilles-de-damiana\/\",\"name\":\"Damiana plante I Vente en ligne de feuilles de damiana\",\"isPartOf\":{\"@id\":\"https:\/\/www.safinel.fr\/#website\"},\"primaryImageOfPage\":{\"@id\":\"https:\/\/www.safinel.fr\/produit\/feuilles-de-damiana\/#primaryimage\"},\"image\":{\"@id\":\"https:\/\/www.safinel.fr\/produit\/feuilles-de-damiana\/#primaryimage\"},\"thumbnailUrl\":\"https:\/\/www.safinel.fr\/wp-content\/uploads\/2021\/05\/damiana-site.jpg\",\"datePublished\":\"2021-06-03T11:54:34+00:00\",\"dateModified\":\"2024-11-25T20:47:02+00:00\",\"description\":\"La damiana est une feuille th\u00e9rapeutique tr\u00e8s appr\u00e9ci\u00e9e dans le monde de la m\u00e9decine. Adoptez-l\u00e0 sans plus attendre chez Safinel !\",\"breadcrumb\":{\"@id\":\"https:\/\/www.safinel.fr\/produit\/feuilles-de-damiana\/#breadcrumb\"},\"inLanguage\":\"es\",\"potentialAction\":[{\"@type\":\"ReadAction\",\"target\":[\"https:\/\/www.safinel.fr\/produit\/feuilles-de-damiana\/\"]}]},{\"@type\":\"ImageObject\",\"inLanguage\":\"es\",\"@id\":\"https:\/\/www.safinel.fr\/produit\/feuilles-de-damiana\/#primaryimage\",\"url\":\"https:\/\/www.safinel.fr\/wp-content\/uploads\/2021\/05\/damiana-site.jpg\",\"contentUrl\":\"https:\/\/www.safinel.fr\/wp-content\/uploads\/2021\/05\/damiana-site.jpg\",\"width\":293,\"height\":400,\"caption\":\"feuilles de damiana\"},{\"@type\":\"BreadcrumbList\",\"@id\":\"https:\/\/www.safinel.fr\/produit\/feuilles-de-damiana\/#breadcrumb\",\"itemListElement\":[{\"@type\":\"ListItem\",\"position\":1,\"name\":\"Accueil\",\"item\":\"https:\/\/www.safinel.fr\/\"},{\"@type\":\"ListItem\",\"position\":2,\"name\":\"Boutique\",\"item\":\"https:\/\/www.safinel.fr\/boutique\/\"},{\"@type\":\"ListItem\",\"position\":3,\"name\":\"Feuilles de damiana 100g\"}]},{\"@type\":\"WebSite\",\"@id\":\"https:\/\/www.safinel.fr\/#website\",\"url\":\"https:\/\/www.safinel.fr\/\",\"name\":\"Safinel\",\"description\":\"\",\"publisher\":{\"@id\":\"https:\/\/www.safinel.fr\/#organization\"},\"potentialAction\":[{\"@type\":\"SearchAction\",\"target\":{\"@type\":\"EntryPoint\",\"urlTemplate\":\"https:\/\/www.safinel.fr\/?s={search_term_string}\"},\"query-input\":{\"@type\":\"PropertyValueSpecification\",\"valueRequired\":true,\"valueName\":\"search_term_string\"}}],\"inLanguage\":\"es\"},{\"@type\":\"Organization\",\"@id\":\"https:\/\/www.safinel.fr\/#organization\",\"name\":\"Safinel\",\"url\":\"https:\/\/www.safinel.fr\/\",\"logo\":{\"@type\":\"ImageObject\",\"inLanguage\":\"es\",\"@id\":\"https:\/\/www.safinel.fr\/#\/schema\/logo\/image\/\",\"url\":\"https:\/\/www.safinel.fr\/wp-content\/uploads\/2021\/05\/boutique-cosmetique.png\",\"contentUrl\":\"https:\/\/www.safinel.fr\/wp-content\/uploads\/2021\/05\/boutique-cosmetique.png\",\"width\":800,\"height\":200,\"caption\":\"Safinel\"},\"image\":{\"@id\":\"https:\/\/www.safinel.fr\/#\/schema\/logo\/image\/\"}}]}<\/script>\n<!-- \/ Yoast SEO plugin. -->","yoast_head_json":{"title":"Planta de damiana I Venta online de hojas de damiana","description":"La damiana es una hoja terap\u00e9utica muy apreciada en el mundo de la medicina. \u00a1No espere m\u00e1s para probarla en Safinel!","robots":{"index":"index","follow":"follow","max-snippet":"max-snippet:-1","max-image-preview":"max-image-preview:large","max-video-preview":"max-video-preview:-1"},"canonical":"https:\/\/www.safinel.fr\/es\/product-2\/hojas-de-damiana\/","og_locale":"es_ES","og_type":"article","og_title":"Damiana plante I Vente en ligne de feuilles de damiana","og_description":"La damiana est une feuille th\u00e9rapeutique tr\u00e8s appr\u00e9ci\u00e9e dans le monde de la m\u00e9decine. Adoptez-l\u00e0 sans plus attendre chez Safinel !","og_url":"https:\/\/www.safinel.fr\/es\/product-2\/hojas-de-damiana\/","og_site_name":"Safinel","article_modified_time":"2024-11-25T20:47:02+00:00","og_image":[{"width":293,"height":400,"url":"https:\/\/www.safinel.fr\/wp-content\/uploads\/2021\/05\/damiana-site.jpg","type":"image\/jpeg"}],"twitter_card":"summary_large_image","twitter_misc":{"Tiempo de lectura":"3 minutos"},"schema":{"@context":"https:\/\/schema.org","@graph":[{"@type":"WebPage","@id":"https:\/\/www.safinel.fr\/produit\/feuilles-de-damiana\/","url":"https:\/\/www.safinel.fr\/produit\/feuilles-de-damiana\/","name":"Planta de damiana I Venta online de hojas de damiana","isPartOf":{"@id":"https:\/\/www.safinel.fr\/#website"},"primaryImageOfPage":{"@id":"https:\/\/www.safinel.fr\/produit\/feuilles-de-damiana\/#primaryimage"},"image":{"@id":"https:\/\/www.safinel.fr\/produit\/feuilles-de-damiana\/#primaryimage"},"thumbnailUrl":"https:\/\/www.safinel.fr\/wp-content\/uploads\/2021\/05\/damiana-site.jpg","datePublished":"2021-06-03T11:54:34+00:00","dateModified":"2024-11-25T20:47:02+00:00","description":"La damiana es una hoja terap\u00e9utica muy apreciada en el mundo de la medicina. \u00a1No espere m\u00e1s para probarla en Safinel!","breadcrumb":{"@id":"https:\/\/www.safinel.fr\/produit\/feuilles-de-damiana\/#breadcrumb"},"inLanguage":"es","potentialAction":[{"@type":"ReadAction","target":["https:\/\/www.safinel.fr\/produit\/feuilles-de-damiana\/"]}]},{"@type":"ImageObject","inLanguage":"es","@id":"https:\/\/www.safinel.fr\/produit\/feuilles-de-damiana\/#primaryimage","url":"https:\/\/www.safinel.fr\/wp-content\/uploads\/2021\/05\/damiana-site.jpg","contentUrl":"https:\/\/www.safinel.fr\/wp-content\/uploads\/2021\/05\/damiana-site.jpg","width":293,"height":400,"caption":"feuilles de damiana"},{"@type":"BreadcrumbList","@id":"https:\/\/www.safinel.fr\/produit\/feuilles-de-damiana\/#breadcrumb","itemListElement":[{"@type":"ListItem","position":1,"name":"Accueil","item":"https:\/\/www.safinel.fr\/"},{"@type":"ListItem","position":2,"name":"Boutique","item":"https:\/\/www.safinel.fr\/boutique\/"},{"@type":"ListItem","position":3,"name":"Feuilles de damiana 100g"}]},{"@type":"WebSite","@id":"https:\/\/www.safinel.fr\/#website","url":"https:\/\/www.safinel.fr\/","name":"Safinel","description":"","publisher":{"@id":"https:\/\/www.safinel.fr\/#organization"},"potentialAction":[{"@type":"SearchAction","target":{"@type":"EntryPoint","urlTemplate":"https:\/\/www.safinel.fr\/?s={search_term_string}"},"query-input":{"@type":"PropertyValueSpecification","valueRequired":true,"valueName":"search_term_string"}}],"inLanguage":"es"},{"@type":"Organization","@id":"https:\/\/www.safinel.fr\/#organization","name":"Safinel","url":"https:\/\/www.safinel.fr\/","logo":{"@type":"ImageObject","inLanguage":"es","@id":"https:\/\/www.safinel.fr\/#\/schema\/logo\/image\/","url":"https:\/\/www.safinel.fr\/wp-content\/uploads\/2021\/05\/boutique-cosmetique.png","contentUrl":"https:\/\/www.safinel.fr\/wp-content\/uploads\/2021\/05\/boutique-cosmetique.png","width":800,"height":200,"caption":"Safinel"},"image":{"@id":"https:\/\/www.safinel.fr\/#\/schema\/logo\/image\/"}}]}},"_links":{"self":[{"href":"https:\/\/www.safinel.fr\/es\/wp-json\/wp\/v2\/product\/132","targetHints":{"allow":["GET"]}}],"collection":[{"href":"https:\/\/www.safinel.fr\/es\/wp-json\/wp\/v2\/product"}],"about":[{"href":"https:\/\/www.safinel.fr\/es\/wp-json\/wp\/v2\/types\/product"}],"wp:featuredmedia":[{"embeddable":true,"href":"https:\/\/www.safinel.fr\/es\/wp-json\/wp\/v2\/media\/73"}],"wp:attachment":[{"href":"https:\/\/www.safinel.fr\/es\/wp-json\/wp\/v2\/media?parent=132"}],"wp:term":[{"taxonomy":"product_brand","embeddable":true,"href":"https:\/\/www.safinel.fr\/es\/wp-json\/wp\/v2\/product_brand?post=132"},{"taxonomy":"product_cat","embeddable":true,"href":"https:\/\/www.safinel.fr\/es\/wp-json\/wp\/v2\/product_cat?post=132"},{"taxonomy":"product_tag","embeddable":true,"href":"https:\/\/www.safinel.fr\/es\/wp-json\/wp\/v2\/product_tag?post=132"}],"curies":[{"name":"wp","href":"https:\/\/api.w.org\/{rel}","templated":true}]}}