{"id":131,"date":"2021-06-03T11:50:21","date_gmt":"2021-06-03T11:50:21","guid":{"rendered":"https:\/\/www.safinel.fr\/?post_type=product&#038;p=131"},"modified":"2024-04-11T15:39:25","modified_gmt":"2024-04-11T15:39:25","slug":"garcinia","status":"publish","type":"product","link":"https:\/\/www.safinel.fr\/es\/product-2\/garcinia\/","title":{"rendered":"Garcinia 100g"},"content":{"rendered":"<p>Le\u00a0<strong>Garcinia Cambogia<\/strong>\u00a0es un\u00a0<strong>fruta tropical<\/strong>\u00a0que a menudo se denomina\u00ab<strong>rey de los reg\u00edmenes<\/strong>\u00bb. Aunque sigue siendo poco conocido en Europa, es muy apreciado por los entendidos y en la medicina ayurv\u00e9dica. Tambi\u00e9n es muy apreciado en la cocina como condimento.<\/p>\n<p>Porque consumirlo como\u00a0<strong>complemento alimenticio\u00a0<\/strong>contiene una serie de beneficios para la salud.<\/p>\n<p>Veamos, pues, la descripci\u00f3n que Safinel hace de esta fruta, que est\u00e1 esperando a ser descubierta y adoptada.<\/p>\n<h2><strong>Garcinia Cambogia: una fruta tropical poco conocida\u00a0<\/strong><\/h2>\n<p>La Garcinia Cambogia se presenta en forma de una peque\u00f1a calabaza verde o amarilla de unos 5 cent\u00edmetros. Tambi\u00e9n despierta curiosidad, porque es una fruta que no se encuentra en todas partes.<\/p>\n<p>Y aunque procede de \u00c1frica Central y el Sudeste Asi\u00e1tico, s\u00f3lo crece en las selvas tropicales. Puede que no sea muy conocida, pero su aspecto ins\u00f3lito e inusual la hace f\u00e1cilmente reconocible. Pero es su composici\u00f3n lo que la hace tan cautivadora...<\/p>\n<p>En cambio, en la medicina tradicional y, en particular, en la fitoterapia, se utiliza la fruta entera. De hecho, interesa toda la fruta, incluida la pulpa, las semillas y la corteza.<\/p>\n<h2><strong>Descubre los impresionantes beneficios de la Garcinia Cambogia<\/strong><\/h2>\n<p><strong>Contra la hipercolesterolemia : <\/strong>Seg\u00fan los estudios realizados al respecto, este complemento alimenticio puede reducir considerablemente los niveles de colesterol en el organismo. As\u00ed que no cabe duda de que contribuye a mejorar la salud cardiovascular de quienes lo toman.<\/p>\n<p><strong>Contra la hipertensi\u00f3n : <\/strong>Adem\u00e1s, es bueno para el coraz\u00f3n y el cerebro, porque contiene potasio. El potasio ayuda a reducir la hipertensi\u00f3n y a combatir sus efectos. As\u00ed reduces el riesgo de infartos y derrames cerebrales.<\/p>\n<h3><strong>Mayor comodidad digestiva<\/strong><\/h3>\n<ul>\n<li>En la medicina tradicional, la Garcinia Cambogia es conocida por ayudar a deshacerse de los par\u00e1sitos intestinales; ;<\/li>\n<\/ul>\n<ul>\n<li>Tambi\u00e9n contiene principios activos que favorecen el tr\u00e1nsito intestinal y la calidad de la flora. Esto se debe a su capacidad para facilitar la multiplicaci\u00f3n de probi\u00f3ticos y prebi\u00f3ticos; ;<\/li>\n<\/ul>\n<ul>\n<li>Tambi\u00e9n ayuda a prevenir episodios de diarrea aguda y disenter\u00eda; ;<\/li>\n<\/ul>\n<ul>\n<li>Adem\u00e1s, se recomienda especialmente para tratar los trastornos estomacales y las intoxicaciones alimentarias.<\/li>\n<\/ul>\n<ul>\n<li>La Garcinia Cambogia se utiliza desde hace mucho tiempo por sus propiedades para combatir la acidez estomacal. De hecho, ayuda a restablecer el equilibrio de la acidez g\u00e1strica; ;<\/li>\n<\/ul>\n<ul>\n<li>Por \u00faltimo, en ciertas medicinas tradicionales, ayuda a combatir el dolor intestinal y el reumatismo.<\/li>\n<\/ul>\n<h3><strong>Una fruta naturalmente antioxidante<\/strong><\/h3>\n<p>Como muchas frutas tropicales, contiene varias vitaminas y minerales conocidos por sus propiedades antioxidantes. De este modo, ayuda a desintoxicar el organismo y a combatir el estr\u00e9s oxidativo y emocional.<\/p>\n<p>De hecho, el exceso de radicales libres y toxinas en el organismo es la causa de las enfermedades cardiovasculares y el c\u00e1ncer. As\u00ed que erradicarlos regularmente con una dieta antioxidante es beneficioso para prevenir estas enfermedades.<\/p>\n<h3><strong>Contra la retenci\u00f3n de l\u00edquidos<\/strong><\/h3>\n<p>De hecho, contiene componentes que act\u00faan contra el exceso de agua en el organismo. Como resultado, el agua, las toxinas y la grasa se evacuan mejor.<\/p>\n<h2><strong>Garcinia Cambogia, \u00a1el \u201crey de las dietas\u201d!<\/strong><\/h2>\n<p>Con raz\u00f3n, este complemento alimenticio se asocia a menudo a las dietas de adelgazamiento. De hecho, se le conoce como el \u00abrey de las dietas\u00bb por su efecto beneficioso en la p\u00e9rdida de peso.<\/p>\n<p><strong>Una ayuda para perder peso: <\/strong>En efecto, este complemento alimenticio contiene una sustancia activa muy interesante: el \u00e1cido hidroxic\u00edtrico (HCA). De hecho, con una titulaci\u00f3n de 50 % de HCA, tiene una acci\u00f3n sobre la p\u00e9rdida de peso. En efecto, estimula la producci\u00f3n de serotonina en el cerebro y aumenta as\u00ed la sensaci\u00f3n de saciedad.<\/p>\n<p>De hecho, los estudios cl\u00ednicos han demostrado resultados satisfactorios en la reducci\u00f3n de la grasa corporal. Por ello, es uno de los suplementos diet\u00e9ticos m\u00e1s utilizados para perder peso.<\/p>\n<p><strong>Un supresor natural del apetito: <\/strong>Como se ha explicado anteriormente, el AHC contenido en la Garcinia Cambogia act\u00faa directamente sobre el cerebro estimulando la sensaci\u00f3n de saciedad. De hecho, act\u00faa como un supresor natural del apetito, ayudando a reducir la ingesta de calor\u00edas en las comidas.<\/p>\n<p>De hecho, para variar sus curas de salud, le sugerimos lo siguiente\u00a0<a href=\"https:\/\/www.safinel.fr\/es\/product-2\/tallos-de-cerezo\/\"><strong>tallos de cerezo<\/strong><\/a>\u00a0disponible en tienda...<\/p>\n<h2><strong>Lo que debes saber sobre la Garcinia Cambogia antes de comprarla<\/strong><\/h2>\n<p>Aunque se trate de un producto 100 % natural, sigue siendo importante saber elegirlo. Tambi\u00e9n es buena idea informarse sobre los efectos secundarios de tomarlo.<\/p>\n<h3><strong>C\u00f3mo elegir la Garcinia Cambogia<\/strong><\/h3>\n<ul>\n<li>S\u00ed, no siempre es f\u00e1cil reconocer los productos adecuados cuando se trata de una fruta tan poco conocida. As\u00ed que, para elegir bien, busque productos que contengan al menos 50 % de AHC ;<\/li>\n<\/ul>\n<ul>\n<li>Sin duda, el contenido de este \u00e1cido es un criterio de selecci\u00f3n clave, al igual que la existencia de la etiqueta ecol\u00f3gica; ;<\/li>\n<\/ul>\n<ul>\n<li>Por \u00faltimo, debe haberse recolectado en los bosques tropicales de \u00c1frica o Asia. Pues es en estos bosques donde crece en las mejores condiciones posibles, es decir, en estado salvaje.<\/li>\n<\/ul>\n<h3><strong>Contraindicaciones<\/strong><\/h3>\n<p>No obstante, conviene tener en cuenta que existen algunas contraindicaciones para su uso y consumo. Es decir, est\u00e1 especialmente desaconsejado en mujeres embarazadas y en periodo de lactancia, as\u00ed como en pacientes que toman medicamentos contra el colesterol. Tambi\u00e9n deben evitarla las personas que sufren demencia o diabetes.<\/p>\n<h2><strong>Entonces, \u00bfc\u00f3mo se utiliza la Garcinia Cambogia?<\/strong><\/h2>\n<ul>\n<li>En primer lugar, para que su consumo sea eficaz para la salud, es preferible seguir un tratamiento de varias semanas; ;<\/li>\n<\/ul>\n<ul>\n<li>Se recomienda su consumo diario en las dosis recomendadas. A largo plazo, experimentar\u00e1 un profundo reequilibrio de su sistema digestivo; ;<\/li>\n<\/ul>\n<ul>\n<li>Los cursos tradicionales de este complemento alimenticio duran entre dos y tres meses; ;<\/li>\n<\/ul>\n<ul>\n<li>Por \u00faltimo, espacie los tratamientos de una a varias semanas para que los efectos de la Garcinia Cambogia sean m\u00e1s \u00f3ptimos y potentes.<\/li>\n<\/ul>\n<p>As\u00ed que s\u00e9 diligente y paciente si quieres aprovechar todos los beneficios de la Garcinia Cambogia.<\/p>\n<h3><strong>Precauci\u00f3n<\/strong><\/h3>\n<p>En cuanto a sus efectos secundarios, cabe se\u00f1alar que en dosis razonables no causa molestias apreciables.<\/p>\n<p>Sin embargo, en dosis elevadas, puede provocar flatulencias, migra\u00f1as y diarrea. As\u00ed que aseg\u00farate de seguir las instrucciones de dosificaci\u00f3n que figuran en el envase del complemento alimenticio.<\/p>","protected":false},"excerpt":{"rendered":"<p><strong>Nota importante<\/strong> Planta entera deshidratada.<\/p>","protected":false},"featured_media":2901,"template":"","meta":[],"product_brand":[],"product_cat":[59,27],"product_tag":[],"class_list":{"0":"post-131","1":"product","2":"type-product","3":"status-publish","4":"has-post-thumbnail","6":"product_cat-fruit-tropical","7":"product_cat-plantes-medicinales","9":"first","10":"outofstock","11":"shipping-taxable","12":"purchasable","13":"product-type-simple"},"yoast_head":"<!-- This site is optimized with the Yoast SEO plugin v26.6 - https:\/\/yoast.com\/wordpress\/plugins\/seo\/ -->\n<title>Garcinia Cambogia | Fruit tropical aux bienfais nombreux<\/title>\n<meta name=\"description\" content=\"Le\u00a0Garcinia Cambogia\u00a0est un\u00a0fruit tropical\u00a0qui est souvent surnomm\u00e9 le \u00ab\u2009roi des r\u00e9gimes\u2009\u00bb. Adoptez-le sans plus attendre !\" \/>\n<meta name=\"robots\" content=\"index, follow, max-snippet:-1, max-image-preview:large, max-video-preview:-1\" \/>\n<link rel=\"canonical\" href=\"https:\/\/www.safinel.fr\/es\/product-2\/garcinia\/\" \/>\n<meta property=\"og:locale\" content=\"es_ES\" \/>\n<meta property=\"og:type\" content=\"article\" \/>\n<meta property=\"og:title\" content=\"Garcinia Cambogia | Fruit tropical aux bienfais nombreux\" \/>\n<meta property=\"og:description\" content=\"Le\u00a0Garcinia Cambogia\u00a0est un\u00a0fruit tropical\u00a0qui est souvent surnomm\u00e9 le \u00ab\u2009roi des r\u00e9gimes\u2009\u00bb. Adoptez-le sans plus attendre !\" \/>\n<meta property=\"og:url\" content=\"https:\/\/www.safinel.fr\/es\/product-2\/garcinia\/\" \/>\n<meta property=\"og:site_name\" content=\"Safinel\" \/>\n<meta property=\"article:modified_time\" content=\"2024-04-11T15:39:25+00:00\" \/>\n<meta property=\"og:image\" content=\"https:\/\/www.safinel.fr\/wp-content\/uploads\/2021\/06\/Garcinia-Cambogia.jpg\" \/>\n\t<meta property=\"og:image:width\" content=\"600\" \/>\n\t<meta property=\"og:image:height\" content=\"600\" \/>\n\t<meta property=\"og:image:type\" content=\"image\/jpeg\" \/>\n<meta name=\"twitter:card\" content=\"summary_large_image\" \/>\n<meta name=\"twitter:label1\" content=\"Tiempo de lectura\" \/>\n\t<meta name=\"twitter:data1\" content=\"6 minutos\" \/>\n<script type=\"application\/ld+json\" class=\"yoast-schema-graph\">{\"@context\":\"https:\/\/schema.org\",\"@graph\":[{\"@type\":\"WebPage\",\"@id\":\"https:\/\/www.safinel.fr\/produit\/garcinia\/\",\"url\":\"https:\/\/www.safinel.fr\/produit\/garcinia\/\",\"name\":\"Garcinia Cambogia | Fruit tropical aux bienfais nombreux\",\"isPartOf\":{\"@id\":\"https:\/\/www.safinel.fr\/#website\"},\"primaryImageOfPage\":{\"@id\":\"https:\/\/www.safinel.fr\/produit\/garcinia\/#primaryimage\"},\"image\":{\"@id\":\"https:\/\/www.safinel.fr\/produit\/garcinia\/#primaryimage\"},\"thumbnailUrl\":\"https:\/\/www.safinel.fr\/wp-content\/uploads\/2021\/06\/Garcinia-Cambogia.jpg\",\"datePublished\":\"2021-06-03T11:50:21+00:00\",\"dateModified\":\"2024-04-11T15:39:25+00:00\",\"description\":\"Le\u00a0Garcinia Cambogia\u00a0est un\u00a0fruit tropical\u00a0qui est souvent surnomm\u00e9 le \u00ab\u2009roi des r\u00e9gimes\u2009\u00bb. Adoptez-le sans plus attendre !\",\"breadcrumb\":{\"@id\":\"https:\/\/www.safinel.fr\/produit\/garcinia\/#breadcrumb\"},\"inLanguage\":\"es\",\"potentialAction\":[{\"@type\":\"ReadAction\",\"target\":[\"https:\/\/www.safinel.fr\/produit\/garcinia\/\"]}]},{\"@type\":\"ImageObject\",\"inLanguage\":\"es\",\"@id\":\"https:\/\/www.safinel.fr\/produit\/garcinia\/#primaryimage\",\"url\":\"https:\/\/www.safinel.fr\/wp-content\/uploads\/2021\/06\/Garcinia-Cambogia.jpg\",\"contentUrl\":\"https:\/\/www.safinel.fr\/wp-content\/uploads\/2021\/06\/Garcinia-Cambogia.jpg\",\"width\":600,\"height\":600,\"caption\":\"Garcinia Cambogia\"},{\"@type\":\"BreadcrumbList\",\"@id\":\"https:\/\/www.safinel.fr\/produit\/garcinia\/#breadcrumb\",\"itemListElement\":[{\"@type\":\"ListItem\",\"position\":1,\"name\":\"Accueil\",\"item\":\"https:\/\/www.safinel.fr\/\"},{\"@type\":\"ListItem\",\"position\":2,\"name\":\"Boutique\",\"item\":\"https:\/\/www.safinel.fr\/boutique\/\"},{\"@type\":\"ListItem\",\"position\":3,\"name\":\"Garcinia 100g\"}]},{\"@type\":\"WebSite\",\"@id\":\"https:\/\/www.safinel.fr\/#website\",\"url\":\"https:\/\/www.safinel.fr\/\",\"name\":\"Safinel\",\"description\":\"\",\"publisher\":{\"@id\":\"https:\/\/www.safinel.fr\/#organization\"},\"potentialAction\":[{\"@type\":\"SearchAction\",\"target\":{\"@type\":\"EntryPoint\",\"urlTemplate\":\"https:\/\/www.safinel.fr\/?s={search_term_string}\"},\"query-input\":{\"@type\":\"PropertyValueSpecification\",\"valueRequired\":true,\"valueName\":\"search_term_string\"}}],\"inLanguage\":\"es\"},{\"@type\":\"Organization\",\"@id\":\"https:\/\/www.safinel.fr\/#organization\",\"name\":\"Safinel\",\"url\":\"https:\/\/www.safinel.fr\/\",\"logo\":{\"@type\":\"ImageObject\",\"inLanguage\":\"es\",\"@id\":\"https:\/\/www.safinel.fr\/#\/schema\/logo\/image\/\",\"url\":\"https:\/\/www.safinel.fr\/wp-content\/uploads\/2021\/05\/boutique-cosmetique.png\",\"contentUrl\":\"https:\/\/www.safinel.fr\/wp-content\/uploads\/2021\/05\/boutique-cosmetique.png\",\"width\":800,\"height\":200,\"caption\":\"Safinel\"},\"image\":{\"@id\":\"https:\/\/www.safinel.fr\/#\/schema\/logo\/image\/\"}}]}<\/script>\n<!-- \/ Yoast SEO plugin. -->","yoast_head_json":{"title":"Garcinia Cambogia | Fruta tropical con numerosos beneficios","description":"La Garcinia Cambogia es una fruta tropical a menudo apodada el \u00abrey de las dietas\u00bb. \u00a1Ad\u00f3ptela ya!","robots":{"index":"index","follow":"follow","max-snippet":"max-snippet:-1","max-image-preview":"max-image-preview:large","max-video-preview":"max-video-preview:-1"},"canonical":"https:\/\/www.safinel.fr\/es\/product-2\/garcinia\/","og_locale":"es_ES","og_type":"article","og_title":"Garcinia Cambogia | Fruit tropical aux bienfais nombreux","og_description":"Le\u00a0Garcinia Cambogia\u00a0est un\u00a0fruit tropical\u00a0qui est souvent surnomm\u00e9 le \u00ab\u2009roi des r\u00e9gimes\u2009\u00bb. Adoptez-le sans plus attendre !","og_url":"https:\/\/www.safinel.fr\/es\/product-2\/garcinia\/","og_site_name":"Safinel","article_modified_time":"2024-04-11T15:39:25+00:00","og_image":[{"width":600,"height":600,"url":"https:\/\/www.safinel.fr\/wp-content\/uploads\/2021\/06\/Garcinia-Cambogia.jpg","type":"image\/jpeg"}],"twitter_card":"summary_large_image","twitter_misc":{"Tiempo de lectura":"6 minutos"},"schema":{"@context":"https:\/\/schema.org","@graph":[{"@type":"WebPage","@id":"https:\/\/www.safinel.fr\/produit\/garcinia\/","url":"https:\/\/www.safinel.fr\/produit\/garcinia\/","name":"Garcinia Cambogia | Fruta tropical con numerosos beneficios","isPartOf":{"@id":"https:\/\/www.safinel.fr\/#website"},"primaryImageOfPage":{"@id":"https:\/\/www.safinel.fr\/produit\/garcinia\/#primaryimage"},"image":{"@id":"https:\/\/www.safinel.fr\/produit\/garcinia\/#primaryimage"},"thumbnailUrl":"https:\/\/www.safinel.fr\/wp-content\/uploads\/2021\/06\/Garcinia-Cambogia.jpg","datePublished":"2021-06-03T11:50:21+00:00","dateModified":"2024-04-11T15:39:25+00:00","description":"La Garcinia Cambogia es una fruta tropical a menudo apodada el \u00abrey de las dietas\u00bb. \u00a1Ad\u00f3ptela ya!","breadcrumb":{"@id":"https:\/\/www.safinel.fr\/produit\/garcinia\/#breadcrumb"},"inLanguage":"es","potentialAction":[{"@type":"ReadAction","target":["https:\/\/www.safinel.fr\/produit\/garcinia\/"]}]},{"@type":"ImageObject","inLanguage":"es","@id":"https:\/\/www.safinel.fr\/produit\/garcinia\/#primaryimage","url":"https:\/\/www.safinel.fr\/wp-content\/uploads\/2021\/06\/Garcinia-Cambogia.jpg","contentUrl":"https:\/\/www.safinel.fr\/wp-content\/uploads\/2021\/06\/Garcinia-Cambogia.jpg","width":600,"height":600,"caption":"Garcinia Cambogia"},{"@type":"BreadcrumbList","@id":"https:\/\/www.safinel.fr\/produit\/garcinia\/#breadcrumb","itemListElement":[{"@type":"ListItem","position":1,"name":"Accueil","item":"https:\/\/www.safinel.fr\/"},{"@type":"ListItem","position":2,"name":"Boutique","item":"https:\/\/www.safinel.fr\/boutique\/"},{"@type":"ListItem","position":3,"name":"Garcinia 100g"}]},{"@type":"WebSite","@id":"https:\/\/www.safinel.fr\/#website","url":"https:\/\/www.safinel.fr\/","name":"Safinel","description":"","publisher":{"@id":"https:\/\/www.safinel.fr\/#organization"},"potentialAction":[{"@type":"SearchAction","target":{"@type":"EntryPoint","urlTemplate":"https:\/\/www.safinel.fr\/?s={search_term_string}"},"query-input":{"@type":"PropertyValueSpecification","valueRequired":true,"valueName":"search_term_string"}}],"inLanguage":"es"},{"@type":"Organization","@id":"https:\/\/www.safinel.fr\/#organization","name":"Safinel","url":"https:\/\/www.safinel.fr\/","logo":{"@type":"ImageObject","inLanguage":"es","@id":"https:\/\/www.safinel.fr\/#\/schema\/logo\/image\/","url":"https:\/\/www.safinel.fr\/wp-content\/uploads\/2021\/05\/boutique-cosmetique.png","contentUrl":"https:\/\/www.safinel.fr\/wp-content\/uploads\/2021\/05\/boutique-cosmetique.png","width":800,"height":200,"caption":"Safinel"},"image":{"@id":"https:\/\/www.safinel.fr\/#\/schema\/logo\/image\/"}}]}},"_links":{"self":[{"href":"https:\/\/www.safinel.fr\/es\/wp-json\/wp\/v2\/product\/131","targetHints":{"allow":["GET"]}}],"collection":[{"href":"https:\/\/www.safinel.fr\/es\/wp-json\/wp\/v2\/product"}],"about":[{"href":"https:\/\/www.safinel.fr\/es\/wp-json\/wp\/v2\/types\/product"}],"wp:featuredmedia":[{"embeddable":true,"href":"https:\/\/www.safinel.fr\/es\/wp-json\/wp\/v2\/media\/2901"}],"wp:attachment":[{"href":"https:\/\/www.safinel.fr\/es\/wp-json\/wp\/v2\/media?parent=131"}],"wp:term":[{"taxonomy":"product_brand","embeddable":true,"href":"https:\/\/www.safinel.fr\/es\/wp-json\/wp\/v2\/product_brand?post=131"},{"taxonomy":"product_cat","embeddable":true,"href":"https:\/\/www.safinel.fr\/es\/wp-json\/wp\/v2\/product_cat?post=131"},{"taxonomy":"product_tag","embeddable":true,"href":"https:\/\/www.safinel.fr\/es\/wp-json\/wp\/v2\/product_tag?post=131"}],"curies":[{"name":"wp","href":"https:\/\/api.w.org\/{rel}","templated":true}]}}