{"id":1291,"date":"2022-05-14T12:27:47","date_gmt":"2022-05-14T12:27:47","guid":{"rendered":"https:\/\/www.safinel.fr\/?post_type=product&#038;p=1291"},"modified":"2025-03-04T22:30:01","modified_gmt":"2025-03-04T22:30:01","slug":"aceite-de-cangrejo","status":"publish","type":"product","link":"https:\/\/www.safinel.fr\/es\/product-2\/aceite-de-cangrejo\/","title":{"rendered":"Aceite del \u00e1rbol del t\u00e9"},"content":{"rendered":"<p>Safinel no pod\u00eda hablar de salud capilar sin mencionar el famoso\u00a0<strong>aceite de ch\u00e9b\u00e9<\/strong>\u00a0\u00a1! Las mujeres Bassara del Chad utilizan esta herramienta de belleza desde la antig\u00fcedad, y sus cabellos hablan por s\u00ed solos.<\/p>\n<p>Aunque este producto es muy conocido en \u00c1frica, y en Chad en particular, sigue siendo un misterio para muchos. Y puede que \u00e9sta sea la primera vez que oiga hablar de \u00e9l.\u00a0<strong>Atenci\u00f3n africana<\/strong>. Pero tanto si eres hombre como mujer, este elixir te encantar\u00e1...<\/p>\n<p>Venga a Safinel y desc\u00fabralo usted mismo. Su pelo y su barba se lo agradecer\u00e1n...<\/p>\n<h2><strong>Aceite de Chebe: la revelaci\u00f3n de la belleza chadiana\u00a0<\/strong><\/h2>\n<p>El aceite de ch\u00e9b\u00e9, cuyo nombre significa \u201ctrenzar\u201d, es un cosm\u00e9tico natural que no contiene productos qu\u00edmicos. Tambi\u00e9n est\u00e1 disponible en dos formatos: 60mL sin pulverizador y 100mL con pulverizador. Este elixir tambi\u00e9n es 100% puro y natural.<\/p>\n<p>Tambi\u00e9n es un secreto de belleza chadiano muy reputado. De hecho, se obtiene macerando el polvo mezclado con macerados de aceite de oliva, baobab y ricino. Tambi\u00e9n es el producto final, una vez tostada y triturada la semilla de croton zambezi. Esta \u00faltima (Croton gratissimus) es una planta rica en nutrientes conocida por acelerar el crecimiento del cabello.<\/p>\n<p>En cuanto a la textura del aceite, es ligera e inodora. Sin embargo, no deja residuos grasos, lo que resulta muy agradable.<\/p>\n<p>Adem\u00e1s, por si no lo sab\u00edas... Este elixir contiene un ingrediente clave: la cera de flores de lavanda. Y la lavanda tiene poderosas propiedades hidratantes que penetran profundamente en el cuero cabelludo, nutri\u00e9ndolo desde el interior.<\/p>\n<p>Esto explica por qu\u00e9 se consigue un cabello m\u00e1s fuerte y sano que crece m\u00e1s r\u00e1pido de la ra\u00edz a las puntas. Esto lo convierte en EL producto incre\u00edble para estimular el crecimiento e hidratar el cabello afro, mediterr\u00e1neo y rebelde.<\/p>\n<h2><strong>Manteca de karit\u00e9: beneficios sin precedentes para el cabello y la barba<\/strong><\/h2>\n<p>S\u00ed, este\u00a0<strong>herramienta de belleza<\/strong>\u00a0es tan adecuado para mujeres como para hombres.<\/p>\n<ul>\n<li>En primer lugar, el aceite de roble hidrata y protege el cabello en profundidad, realzando su brillo; ;<\/li>\n<\/ul>\n<ul>\n<li>Tambi\u00e9n devuelve la vitalidad al cabello quebradizo, partido o excesivamente procesado, al tiempo que hidrata en profundidad y fortalece las hebras; ;<\/li>\n<\/ul>\n<ul>\n<li>Tambi\u00e9n contiene un alto nivel de \u00e1cido l\u00e1urico, que ha demostrado tener propiedades antibacterianas. Tambi\u00e9n contiene vitamina E, que ayuda a reparar las c\u00e9lulas da\u00f1adas. Tambi\u00e9n contiene vitamina A, que ayuda a reducir la inflamaci\u00f3n; ;<\/li>\n<\/ul>\n<ul>\n<li>Por \u00faltimo, ayuda a combatir la ca\u00edda del cabello y acelera su crecimiento.<\/li>\n<\/ul>\n<p>As\u00ed que, si est\u00e1s convencida, \u00a1est\u00e1s en camino de conseguir una melena bonita, larga y sana que ser\u00e1 la comidilla de la ciudad!<\/p>\n<h2><strong>\u00a1Aceite de Chebe en ba\u00f1o de aceite para un cabello sublime!<\/strong><\/h2>\n<h3><strong>1er m\u00e9todo<\/strong><\/h3>\n<ul>\n<li>En primer lugar, puedes mezclarlo con un macerado de plantas como el macerado de aceitunas; ;<\/li>\n<\/ul>\n<ul>\n<li>A continuaci\u00f3n, puede dejar el tratamiento en el cabello durante 3 horas antes de lavarlo con champ\u00fa; ;<\/li>\n<\/ul>\n<ul>\n<li>Por \u00faltimo, no olvides agitar el frasco que contiene la mezcla antes de cada uso.<\/li>\n<\/ul>\n<h3><strong>2\u00ba m\u00e9todo<\/strong><\/h3>\n<ul>\n<li>En primer lugar, se puede mezclar el aceite con el polvo de ch\u00e9b\u00e9, la manteca de karit\u00e9 y el coco. Esto reforzar\u00e1 su f\u00f3rmula de tratamiento; ;<\/li>\n<\/ul>\n<ul>\n<li>Puedes amplificar los beneficios de este elixir utilizando polvo de ch\u00e9b\u00e9. Adem\u00e1s, con el polvo se puede hacer una pasta que se puede utilizar como acondicionador o para peinar; ;<\/li>\n<\/ul>\n<ul>\n<li>Estos elementos tambi\u00e9n pueden combinarse con agua y glicerina para hacer un pulverizador; ;<\/li>\n<\/ul>\n<ul>\n<li>Por \u00faltimo, aplicar 3 veces por semana sobre el cuero cabelludo y masajear con movimientos circulares durante al menos 5 minutos.<\/li>\n<\/ul>\n<h3><strong>3er m\u00e9todo\u00a0<\/strong><\/h3>\n<ul>\n<li>En primer lugar, separa el pelo en cuatro secciones; ;<\/li>\n<\/ul>\n<ul>\n<li>A continuaci\u00f3n, aplica este elixir a una distancia de 10 cent\u00edmetros desde la ra\u00edz hasta las puntas; ;<\/li>\n<\/ul>\n<ul>\n<li>A continuaci\u00f3n, masajee suavemente el cuero cabelludo durante 5 a 10 minutos; ;<\/li>\n<\/ul>\n<ul>\n<li>Por \u00faltimo, dejar reposar durante tres horas bajo celof\u00e1n antes de lavar con champ\u00fa.<\/li>\n<\/ul>\n<h2><strong>Aceite para una barba digna de ese nombre.<\/strong><\/h2>\n<p>La ventaja del aceite para barba es que tiene los mismos beneficios para la barba que para el cabello. Hidrata perfectamente el vello de la barba y estimula su crecimiento. As\u00ed que este elixir no es s\u00f3lo para las mujeres y su cabello; los hombres tambi\u00e9n pueden utilizarlo.<\/p>\n<ul>\n<li>En primer lugar, coloca unas gotas de este elixir en la palma de la mano; ;<\/li>\n<\/ul>\n<ul>\n<li>A continuaci\u00f3n, fr\u00f3telo en los pelos de la barba y masajee durante 5 minutos para estimular el crecimiento; ;<\/li>\n<\/ul>\n<ul>\n<li>Por \u00faltimo, es mejor aplicarlo por la ma\u00f1ana, cuando los poros y los fol\u00edculos pilosos est\u00e1n abiertos, para que se absorba m\u00e1s f\u00e1cilmente.<\/li>\n<\/ul>\n<p>Ahora te toca a ti aprovechar al m\u00e1ximo todos estos m\u00e9todos: \u00a1hay mucho que hacer!<\/p>\n<h2><strong>Consejos adicionales sobre el uso del aceite de chebe<\/strong><\/h2>\n<ul>\n<li>En cuanto a la cantidad, depender\u00e1 evidentemente de la masa capilar; ;<\/li>\n<\/ul>\n<ul>\n<li>En cuanto a la frecuencia, este tratamiento puede aplicarse semanalmente como parte de la rutina de cuidado del cabello; ;<\/li>\n<\/ul>\n<ul>\n<li>Pero para obtener mejores resultados, l\u00e1vate el pelo con nuestro\u00a0<a href=\"https:\/\/www.safinel.fr\/es\/product-2\/gombo-chebe-champu-solido-hidratacion-intensa-80g\/\"><strong>Ch\u00e9b\u00e9 Gombo Champ\u00fa S\u00f3lido Hidrataci\u00f3n Intensa 80g<\/strong><\/a>. Ayudar\u00e1 a eliminar las c\u00e9lulas muertas y las toxinas del cuero cabelludo; ;<\/li>\n<\/ul>\n<ul>\n<li>Sin embargo, tendr\u00e1s que esperar unos meses o incluso unos a\u00f1os antes de ver cambios reales en el aspecto de tu pelo. S\u00ed, es un tratamiento que tiene que ser regular y duradero, \u00a1pero por una buena causa! As\u00ed que tendr\u00e1s que tener paciencia, como ya habr\u00e1s adivinado...<\/li>\n<\/ul>\n<h3><strong>Precauciones de uso<\/strong><\/h3>\n<p>Aunque este cosm\u00e9tico es bien conocido, deben tomarse ciertas precauciones:<\/p>\n<ul>\n<li>De hecho, el aceite debe aplicarse lejos del cuero cabelludo para no asfixiarlo. As\u00ed, para evitar picores y ca\u00edda del cabello, apl\u00edcalo a 10 cm de la ra\u00edz a las puntas; ;<\/li>\n<\/ul>\n<ul>\n<li>Pruebe siempre el aceite en una zona peque\u00f1a antes de aplicar el tratamiento completo; ;<\/li>\n<\/ul>\n<ul>\n<li>Por \u00faltimo, el aceite podr\u00eda manchar tu ropa, as\u00ed que recuerda protegerla antes de cada uso.<\/li>\n<\/ul>","protected":false},"excerpt":{"rendered":"<p>100 ml = Botella de vidrio \u00e1mbar con tap\u00f3n pulverizador o de pipeta<\/p>","protected":false},"featured_media":1705,"template":"","meta":[],"product_brand":[],"product_cat":[148,122,41],"product_tag":[],"class_list":{"0":"post-1291","1":"product","2":"type-product","3":"status-publish","4":"has-post-thumbnail","6":"product_cat-chebe","7":"product_cat-huile-vegetale","8":"product_cat-produits-naturels-divers","10":"first","11":"instock","12":"shipping-taxable","13":"purchasable","14":"product-type-variable","15":"has-default-attributes"},"yoast_head":"<!-- This site is optimized with the Yoast SEO plugin v26.6 - https:\/\/yoast.com\/wordpress\/plugins\/seo\/ -->\n<title>Huile de chebe | Soin capillaire africain | 100% pure et naturelle<\/title>\n<meta name=\"description\" content=\"Safinel ne pouvait aucunement parler sant\u00e9 capillaire sans \u00e9voquer la fameuse\u00a0huile de chebe\u00a0! Achat rapide et s\u00e9curis\u00e9 en quelques clics.\" \/>\n<meta name=\"robots\" content=\"index, follow, max-snippet:-1, max-image-preview:large, max-video-preview:-1\" \/>\n<link rel=\"canonical\" href=\"https:\/\/www.safinel.fr\/es\/product-2\/aceite-de-cangrejo\/\" \/>\n<meta property=\"og:locale\" content=\"es_ES\" \/>\n<meta property=\"og:type\" content=\"article\" \/>\n<meta property=\"og:title\" content=\"Huile de chebe | Soin capillaire africain | 100% pure et naturelle\" \/>\n<meta property=\"og:description\" content=\"Safinel ne pouvait aucunement parler sant\u00e9 capillaire sans \u00e9voquer la fameuse\u00a0huile de chebe\u00a0! Achat rapide et s\u00e9curis\u00e9 en quelques clics.\" \/>\n<meta property=\"og:url\" content=\"https:\/\/www.safinel.fr\/es\/product-2\/aceite-de-cangrejo\/\" \/>\n<meta property=\"og:site_name\" content=\"Safinel\" \/>\n<meta property=\"article:modified_time\" content=\"2025-03-04T22:30:01+00:00\" \/>\n<meta property=\"og:image\" content=\"https:\/\/www.safinel.fr\/wp-content\/uploads\/2022\/05\/huile-de-chebe-60ml.jpg\" \/>\n\t<meta property=\"og:image:width\" content=\"600\" \/>\n\t<meta property=\"og:image:height\" content=\"600\" \/>\n\t<meta property=\"og:image:type\" content=\"image\/jpeg\" \/>\n<meta name=\"twitter:card\" content=\"summary_large_image\" \/>\n<meta name=\"twitter:label1\" content=\"Tiempo de lectura\" \/>\n\t<meta name=\"twitter:data1\" content=\"6 minutos\" \/>\n<script type=\"application\/ld+json\" class=\"yoast-schema-graph\">{\"@context\":\"https:\/\/schema.org\",\"@graph\":[{\"@type\":\"WebPage\",\"@id\":\"https:\/\/www.safinel.fr\/produit\/huile-de-chebe\/\",\"url\":\"https:\/\/www.safinel.fr\/produit\/huile-de-chebe\/\",\"name\":\"Huile de chebe | Soin capillaire africain | 100% pure et naturelle\",\"isPartOf\":{\"@id\":\"https:\/\/www.safinel.fr\/#website\"},\"primaryImageOfPage\":{\"@id\":\"https:\/\/www.safinel.fr\/produit\/huile-de-chebe\/#primaryimage\"},\"image\":{\"@id\":\"https:\/\/www.safinel.fr\/produit\/huile-de-chebe\/#primaryimage\"},\"thumbnailUrl\":\"https:\/\/www.safinel.fr\/wp-content\/uploads\/2022\/05\/huile-de-chebe-60ml.jpg\",\"datePublished\":\"2022-05-14T12:27:47+00:00\",\"dateModified\":\"2025-03-04T22:30:01+00:00\",\"description\":\"Safinel ne pouvait aucunement parler sant\u00e9 capillaire sans \u00e9voquer la fameuse\u00a0huile de chebe\u00a0! Achat rapide et s\u00e9curis\u00e9 en quelques clics.\",\"breadcrumb\":{\"@id\":\"https:\/\/www.safinel.fr\/produit\/huile-de-chebe\/#breadcrumb\"},\"inLanguage\":\"es\",\"potentialAction\":[{\"@type\":\"ReadAction\",\"target\":[\"https:\/\/www.safinel.fr\/produit\/huile-de-chebe\/\"]}]},{\"@type\":\"ImageObject\",\"inLanguage\":\"es\",\"@id\":\"https:\/\/www.safinel.fr\/produit\/huile-de-chebe\/#primaryimage\",\"url\":\"https:\/\/www.safinel.fr\/wp-content\/uploads\/2022\/05\/huile-de-chebe-60ml.jpg\",\"contentUrl\":\"https:\/\/www.safinel.fr\/wp-content\/uploads\/2022\/05\/huile-de-chebe-60ml.jpg\",\"width\":600,\"height\":600,\"caption\":\"Huile de chebe 60ml\"},{\"@type\":\"BreadcrumbList\",\"@id\":\"https:\/\/www.safinel.fr\/produit\/huile-de-chebe\/#breadcrumb\",\"itemListElement\":[{\"@type\":\"ListItem\",\"position\":1,\"name\":\"Accueil\",\"item\":\"https:\/\/www.safinel.fr\/\"},{\"@type\":\"ListItem\",\"position\":2,\"name\":\"Boutique\",\"item\":\"https:\/\/www.safinel.fr\/boutique\/\"},{\"@type\":\"ListItem\",\"position\":3,\"name\":\"Huile de ch\u00e9b\u00e9\"}]},{\"@type\":\"WebSite\",\"@id\":\"https:\/\/www.safinel.fr\/#website\",\"url\":\"https:\/\/www.safinel.fr\/\",\"name\":\"Safinel\",\"description\":\"\",\"publisher\":{\"@id\":\"https:\/\/www.safinel.fr\/#organization\"},\"potentialAction\":[{\"@type\":\"SearchAction\",\"target\":{\"@type\":\"EntryPoint\",\"urlTemplate\":\"https:\/\/www.safinel.fr\/?s={search_term_string}\"},\"query-input\":{\"@type\":\"PropertyValueSpecification\",\"valueRequired\":true,\"valueName\":\"search_term_string\"}}],\"inLanguage\":\"es\"},{\"@type\":\"Organization\",\"@id\":\"https:\/\/www.safinel.fr\/#organization\",\"name\":\"Safinel\",\"url\":\"https:\/\/www.safinel.fr\/\",\"logo\":{\"@type\":\"ImageObject\",\"inLanguage\":\"es\",\"@id\":\"https:\/\/www.safinel.fr\/#\/schema\/logo\/image\/\",\"url\":\"https:\/\/www.safinel.fr\/wp-content\/uploads\/2021\/05\/boutique-cosmetique.png\",\"contentUrl\":\"https:\/\/www.safinel.fr\/wp-content\/uploads\/2021\/05\/boutique-cosmetique.png\",\"width\":800,\"height\":200,\"caption\":\"Safinel\"},\"image\":{\"@id\":\"https:\/\/www.safinel.fr\/#\/schema\/logo\/image\/\"}}]}<\/script>\n<!-- \/ Yoast SEO plugin. -->","yoast_head_json":{"title":"Aceite de Chebe | Cuidado del cabello africano | 100% puro y natural","description":"\u00a1Safinel no pod\u00eda hablar de salud capilar sin mencionar el famoso aceite de chebe! Compra r\u00e1pida y segura en s\u00f3lo unos clics.","robots":{"index":"index","follow":"follow","max-snippet":"max-snippet:-1","max-image-preview":"max-image-preview:large","max-video-preview":"max-video-preview:-1"},"canonical":"https:\/\/www.safinel.fr\/es\/product-2\/aceite-de-cangrejo\/","og_locale":"es_ES","og_type":"article","og_title":"Huile de chebe | Soin capillaire africain | 100% pure et naturelle","og_description":"Safinel ne pouvait aucunement parler sant\u00e9 capillaire sans \u00e9voquer la fameuse\u00a0huile de chebe\u00a0! Achat rapide et s\u00e9curis\u00e9 en quelques clics.","og_url":"https:\/\/www.safinel.fr\/es\/product-2\/aceite-de-cangrejo\/","og_site_name":"Safinel","article_modified_time":"2025-03-04T22:30:01+00:00","og_image":[{"width":600,"height":600,"url":"https:\/\/www.safinel.fr\/wp-content\/uploads\/2022\/05\/huile-de-chebe-60ml.jpg","type":"image\/jpeg"}],"twitter_card":"summary_large_image","twitter_misc":{"Tiempo de lectura":"6 minutos"},"schema":{"@context":"https:\/\/schema.org","@graph":[{"@type":"WebPage","@id":"https:\/\/www.safinel.fr\/produit\/huile-de-chebe\/","url":"https:\/\/www.safinel.fr\/produit\/huile-de-chebe\/","name":"Aceite de Chebe | Cuidado del cabello africano | 100% puro y natural","isPartOf":{"@id":"https:\/\/www.safinel.fr\/#website"},"primaryImageOfPage":{"@id":"https:\/\/www.safinel.fr\/produit\/huile-de-chebe\/#primaryimage"},"image":{"@id":"https:\/\/www.safinel.fr\/produit\/huile-de-chebe\/#primaryimage"},"thumbnailUrl":"https:\/\/www.safinel.fr\/wp-content\/uploads\/2022\/05\/huile-de-chebe-60ml.jpg","datePublished":"2022-05-14T12:27:47+00:00","dateModified":"2025-03-04T22:30:01+00:00","description":"\u00a1Safinel no pod\u00eda hablar de salud capilar sin mencionar el famoso aceite de chebe! Compra r\u00e1pida y segura en s\u00f3lo unos clics.","breadcrumb":{"@id":"https:\/\/www.safinel.fr\/produit\/huile-de-chebe\/#breadcrumb"},"inLanguage":"es","potentialAction":[{"@type":"ReadAction","target":["https:\/\/www.safinel.fr\/produit\/huile-de-chebe\/"]}]},{"@type":"ImageObject","inLanguage":"es","@id":"https:\/\/www.safinel.fr\/produit\/huile-de-chebe\/#primaryimage","url":"https:\/\/www.safinel.fr\/wp-content\/uploads\/2022\/05\/huile-de-chebe-60ml.jpg","contentUrl":"https:\/\/www.safinel.fr\/wp-content\/uploads\/2022\/05\/huile-de-chebe-60ml.jpg","width":600,"height":600,"caption":"Huile de chebe 60ml"},{"@type":"BreadcrumbList","@id":"https:\/\/www.safinel.fr\/produit\/huile-de-chebe\/#breadcrumb","itemListElement":[{"@type":"ListItem","position":1,"name":"Accueil","item":"https:\/\/www.safinel.fr\/"},{"@type":"ListItem","position":2,"name":"Boutique","item":"https:\/\/www.safinel.fr\/boutique\/"},{"@type":"ListItem","position":3,"name":"Huile de ch\u00e9b\u00e9"}]},{"@type":"WebSite","@id":"https:\/\/www.safinel.fr\/#website","url":"https:\/\/www.safinel.fr\/","name":"Safinel","description":"","publisher":{"@id":"https:\/\/www.safinel.fr\/#organization"},"potentialAction":[{"@type":"SearchAction","target":{"@type":"EntryPoint","urlTemplate":"https:\/\/www.safinel.fr\/?s={search_term_string}"},"query-input":{"@type":"PropertyValueSpecification","valueRequired":true,"valueName":"search_term_string"}}],"inLanguage":"es"},{"@type":"Organization","@id":"https:\/\/www.safinel.fr\/#organization","name":"Safinel","url":"https:\/\/www.safinel.fr\/","logo":{"@type":"ImageObject","inLanguage":"es","@id":"https:\/\/www.safinel.fr\/#\/schema\/logo\/image\/","url":"https:\/\/www.safinel.fr\/wp-content\/uploads\/2021\/05\/boutique-cosmetique.png","contentUrl":"https:\/\/www.safinel.fr\/wp-content\/uploads\/2021\/05\/boutique-cosmetique.png","width":800,"height":200,"caption":"Safinel"},"image":{"@id":"https:\/\/www.safinel.fr\/#\/schema\/logo\/image\/"}}]}},"_links":{"self":[{"href":"https:\/\/www.safinel.fr\/es\/wp-json\/wp\/v2\/product\/1291","targetHints":{"allow":["GET"]}}],"collection":[{"href":"https:\/\/www.safinel.fr\/es\/wp-json\/wp\/v2\/product"}],"about":[{"href":"https:\/\/www.safinel.fr\/es\/wp-json\/wp\/v2\/types\/product"}],"wp:featuredmedia":[{"embeddable":true,"href":"https:\/\/www.safinel.fr\/es\/wp-json\/wp\/v2\/media\/1705"}],"wp:attachment":[{"href":"https:\/\/www.safinel.fr\/es\/wp-json\/wp\/v2\/media?parent=1291"}],"wp:term":[{"taxonomy":"product_brand","embeddable":true,"href":"https:\/\/www.safinel.fr\/es\/wp-json\/wp\/v2\/product_brand?post=1291"},{"taxonomy":"product_cat","embeddable":true,"href":"https:\/\/www.safinel.fr\/es\/wp-json\/wp\/v2\/product_cat?post=1291"},{"taxonomy":"product_tag","embeddable":true,"href":"https:\/\/www.safinel.fr\/es\/wp-json\/wp\/v2\/product_tag?post=1291"}],"curies":[{"name":"wp","href":"https:\/\/api.w.org\/{rel}","templated":true}]}}