{"id":129,"date":"2021-06-01T19:24:45","date_gmt":"2021-06-01T19:24:45","guid":{"rendered":"https:\/\/www.safinel.fr\/?post_type=product&#038;p=129"},"modified":"2023-12-30T13:57:04","modified_gmt":"2023-12-30T13:57:04","slug":"azufaifas-secas-100-g","status":"publish","type":"product","link":"https:\/\/www.safinel.fr\/es\/product-2\/azufaifas-secas-100-g\/","title":{"rendered":"Azufaifas secas 100 g (fruta)"},"content":{"rendered":"<p>Las azufaifas secas o d\u00e1tiles chinos se recolectan en oto\u00f1o. Se consumen mejor en septiembre y octubre. El resto del a\u00f1o no los encontrar\u00e1 en los puestos del mercado. As\u00ed que la alternativa desecada o en tarro permite conseguirlos en cualquier momento. Este fruto seco es una reserva de hidratos de carbono, cargado de vitaminas y fuente de energ\u00eda desde el desayuno.<\/p>\n<h2><b>Origen de las azufaifas secas<\/b><\/h2>\n<p>Esta fruta procede del azufaifo, \u00e1rbol originario de China. Se encuentra en muchas partes del mundo, como el sur de Francia, Am\u00e9rica y Argelia. Generalmente se encuentra en Asia.<\/p>\n<p>La azufaifa seca se utiliza en la cocina \u00e1rabe. Se utiliza para preparar platos dulces y salados y reposter\u00eda oriental. Tambi\u00e9n puede emplearse para elaborar remedios contra ciertas dolencias, como : <span class=\"Apple-converted-space\">\u00a0<\/span><\/p>\n<ul>\n<li>Insomnio<\/li>\n<li>Ansiedad<span class=\"Apple-converted-space\">\u00a0<\/span><\/li>\n<li>Ciertas afecciones respiratorias.<\/li>\n<\/ul>\n<p>Tambi\u00e9n puede utilizarse para tratar algunos <strong>problemas cut\u00e1neos<\/strong> como el <a href=\"https:\/\/www.safinel.fr\/es\/product-2\/ortiga-100-g\/\"><strong>psoriasis<\/strong><\/a>, eczema y acn\u00e9.<\/p>\n<h3><b>\u00bfCu\u00e1l es la mejor forma de consumirlo?<\/b><\/h3>\n<p>Es importante saber que, como no es una fruta que est\u00e9 disponible todo el a\u00f1o, lo mejor es almacenarla adecuadamente. Gu\u00e1rdala en el coraz\u00f3n del jard\u00edn<span class=\"Apple-converted-space\">\u00a0 <\/span>Conservar en un recipiente herm\u00e9tico protegido de la luz.<\/p>\n<p>He aqu\u00ed algunos consejos para utilizar azufaifas secas:<\/p>\n<ul>\n<li>Tambi\u00e9n se puede preparar mermelada de azufaifo. Basta con cocer la fruta<span class=\"Apple-converted-space\">\u00a0 <\/span>con az\u00facar en una olla grande. Luego c\u00f3melo como mermelada en todas tus tostadas.<\/li>\n<li>Se integra perfectamente en el coraz\u00f3n de cualquier preparaci\u00f3n culinaria en la que est\u00e9n presentes los d\u00e1tiles. Adem\u00e1s, es una excelente alternativa a los d\u00e1tiles si no tiene ninguno a mano.<\/li>\n<li>Por \u00faltimo, puede simplemente comer azufaifo seco como si fuera un dulce. Le encantar\u00e1.<span class=\"Apple-converted-space\">\u00a0<\/span>y adultos para merendar.<\/li>\n<\/ul>","protected":false},"excerpt":{"rendered":"<p>Las jujubas secas o d\u00e1tiles chinos se cosechan durante la temporada oto\u00f1al. Se consumen idealmente durante los meses de septiembre y octubre. El resto del a\u00f1o, no las encontrar\u00e1 en los puestos de los mercados. Por lo tanto, la alternativa seca o en frascos permite adquirirlas en cualquier momento. As\u00ed, esta fruta [\u2026]","protected":false},"featured_media":46,"template":"","meta":[],"product_brand":[],"product_cat":[15,59],"product_tag":[],"class_list":{"0":"post-129","1":"product","2":"type-product","3":"status-publish","4":"has-post-thumbnail","6":"product_cat-fertilite","7":"product_cat-fruit-tropical","9":"first","10":"outofstock","11":"shipping-taxable","12":"purchasable","13":"product-type-simple"},"yoast_head":"<!-- This site is optimized with the Yoast SEO plugin v26.6 - https:\/\/yoast.com\/wordpress\/plugins\/seo\/ -->\n<title>Jujubes s\u00e9ch\u00e9s (Dattes chinoises) | Fruit aux bienfaits multiples |<\/title>\n<meta name=\"description\" content=\"Les jujubes s\u00e9ch\u00e9s ou dattes chinoises se r\u00e9colte durant la saison automnale. Elles se consomment pendant les mois de septembre et octobre.\" \/>\n<meta name=\"robots\" content=\"index, follow, max-snippet:-1, max-image-preview:large, max-video-preview:-1\" \/>\n<link rel=\"canonical\" href=\"https:\/\/www.safinel.fr\/es\/product-2\/azufaifas-secas-100-g\/\" \/>\n<meta property=\"og:locale\" content=\"es_ES\" \/>\n<meta property=\"og:type\" content=\"article\" \/>\n<meta property=\"og:title\" content=\"Jujubes s\u00e9ch\u00e9s (Dattes chinoises) | Fruit aux bienfaits multiples |\" \/>\n<meta property=\"og:description\" content=\"Les jujubes s\u00e9ch\u00e9s ou dattes chinoises se r\u00e9colte durant la saison automnale. Elles se consomment pendant les mois de septembre et octobre.\" \/>\n<meta property=\"og:url\" content=\"https:\/\/www.safinel.fr\/es\/product-2\/azufaifas-secas-100-g\/\" \/>\n<meta property=\"og:site_name\" content=\"Safinel\" \/>\n<meta property=\"article:modified_time\" content=\"2023-12-30T13:57:04+00:00\" \/>\n<meta property=\"og:image\" content=\"https:\/\/www.safinel.fr\/wp-content\/uploads\/2021\/05\/jujubes-site.jpg\" \/>\n\t<meta property=\"og:image:width\" content=\"335\" \/>\n\t<meta property=\"og:image:height\" content=\"400\" \/>\n\t<meta property=\"og:image:type\" content=\"image\/jpeg\" \/>\n<meta name=\"twitter:card\" content=\"summary_large_image\" \/>\n<meta name=\"twitter:label1\" content=\"Tiempo de lectura\" \/>\n\t<meta name=\"twitter:data1\" content=\"2 minutos\" \/>\n<script type=\"application\/ld+json\" class=\"yoast-schema-graph\">{\"@context\":\"https:\/\/schema.org\",\"@graph\":[{\"@type\":\"WebPage\",\"@id\":\"https:\/\/www.safinel.fr\/produit\/jujubes-seches-100g\/\",\"url\":\"https:\/\/www.safinel.fr\/produit\/jujubes-seches-100g\/\",\"name\":\"Jujubes s\u00e9ch\u00e9s (Dattes chinoises) | Fruit aux bienfaits multiples |\",\"isPartOf\":{\"@id\":\"https:\/\/www.safinel.fr\/#website\"},\"primaryImageOfPage\":{\"@id\":\"https:\/\/www.safinel.fr\/produit\/jujubes-seches-100g\/#primaryimage\"},\"image\":{\"@id\":\"https:\/\/www.safinel.fr\/produit\/jujubes-seches-100g\/#primaryimage\"},\"thumbnailUrl\":\"https:\/\/www.safinel.fr\/wp-content\/uploads\/2021\/05\/jujubes-site.jpg\",\"datePublished\":\"2021-06-01T19:24:45+00:00\",\"dateModified\":\"2023-12-30T13:57:04+00:00\",\"description\":\"Les jujubes s\u00e9ch\u00e9s ou dattes chinoises se r\u00e9colte durant la saison automnale. Elles se consomment pendant les mois de septembre et octobre.\",\"breadcrumb\":{\"@id\":\"https:\/\/www.safinel.fr\/produit\/jujubes-seches-100g\/#breadcrumb\"},\"inLanguage\":\"es\",\"potentialAction\":[{\"@type\":\"ReadAction\",\"target\":[\"https:\/\/www.safinel.fr\/produit\/jujubes-seches-100g\/\"]}]},{\"@type\":\"ImageObject\",\"inLanguage\":\"es\",\"@id\":\"https:\/\/www.safinel.fr\/produit\/jujubes-seches-100g\/#primaryimage\",\"url\":\"https:\/\/www.safinel.fr\/wp-content\/uploads\/2021\/05\/jujubes-site.jpg\",\"contentUrl\":\"https:\/\/www.safinel.fr\/wp-content\/uploads\/2021\/05\/jujubes-site.jpg\",\"width\":335,\"height\":400,\"caption\":\"Jujubes seches\"},{\"@type\":\"BreadcrumbList\",\"@id\":\"https:\/\/www.safinel.fr\/produit\/jujubes-seches-100g\/#breadcrumb\",\"itemListElement\":[{\"@type\":\"ListItem\",\"position\":1,\"name\":\"Accueil\",\"item\":\"https:\/\/www.safinel.fr\/\"},{\"@type\":\"ListItem\",\"position\":2,\"name\":\"Boutique\",\"item\":\"https:\/\/www.safinel.fr\/boutique\/\"},{\"@type\":\"ListItem\",\"position\":3,\"name\":\"Jujubes s\u00e9ch\u00e9s 100g (fruits)\"}]},{\"@type\":\"WebSite\",\"@id\":\"https:\/\/www.safinel.fr\/#website\",\"url\":\"https:\/\/www.safinel.fr\/\",\"name\":\"Safinel\",\"description\":\"\",\"publisher\":{\"@id\":\"https:\/\/www.safinel.fr\/#organization\"},\"potentialAction\":[{\"@type\":\"SearchAction\",\"target\":{\"@type\":\"EntryPoint\",\"urlTemplate\":\"https:\/\/www.safinel.fr\/?s={search_term_string}\"},\"query-input\":{\"@type\":\"PropertyValueSpecification\",\"valueRequired\":true,\"valueName\":\"search_term_string\"}}],\"inLanguage\":\"es\"},{\"@type\":\"Organization\",\"@id\":\"https:\/\/www.safinel.fr\/#organization\",\"name\":\"Safinel\",\"url\":\"https:\/\/www.safinel.fr\/\",\"logo\":{\"@type\":\"ImageObject\",\"inLanguage\":\"es\",\"@id\":\"https:\/\/www.safinel.fr\/#\/schema\/logo\/image\/\",\"url\":\"https:\/\/www.safinel.fr\/wp-content\/uploads\/2021\/05\/boutique-cosmetique.png\",\"contentUrl\":\"https:\/\/www.safinel.fr\/wp-content\/uploads\/2021\/05\/boutique-cosmetique.png\",\"width\":800,\"height\":200,\"caption\":\"Safinel\"},\"image\":{\"@id\":\"https:\/\/www.safinel.fr\/#\/schema\/logo\/image\/\"}}]}<\/script>\n<!-- \/ Yoast SEO plugin. -->","yoast_head_json":{"title":"Jujubes secos (d\u00e1tiles chinos) | Fruta con m\u00faltiples beneficios |","description":"Las azufaifas secas o d\u00e1tiles chinos se recolectan en oto\u00f1o. Se consumen en septiembre y octubre.","robots":{"index":"index","follow":"follow","max-snippet":"max-snippet:-1","max-image-preview":"max-image-preview:large","max-video-preview":"max-video-preview:-1"},"canonical":"https:\/\/www.safinel.fr\/es\/product-2\/azufaifas-secas-100-g\/","og_locale":"es_ES","og_type":"article","og_title":"Jujubes s\u00e9ch\u00e9s (Dattes chinoises) | Fruit aux bienfaits multiples |","og_description":"Les jujubes s\u00e9ch\u00e9s ou dattes chinoises se r\u00e9colte durant la saison automnale. Elles se consomment pendant les mois de septembre et octobre.","og_url":"https:\/\/www.safinel.fr\/es\/product-2\/azufaifas-secas-100-g\/","og_site_name":"Safinel","article_modified_time":"2023-12-30T13:57:04+00:00","og_image":[{"width":335,"height":400,"url":"https:\/\/www.safinel.fr\/wp-content\/uploads\/2021\/05\/jujubes-site.jpg","type":"image\/jpeg"}],"twitter_card":"summary_large_image","twitter_misc":{"Tiempo de lectura":"2 minutos"},"schema":{"@context":"https:\/\/schema.org","@graph":[{"@type":"WebPage","@id":"https:\/\/www.safinel.fr\/produit\/jujubes-seches-100g\/","url":"https:\/\/www.safinel.fr\/produit\/jujubes-seches-100g\/","name":"Jujubes secos (d\u00e1tiles chinos) | Fruta con m\u00faltiples beneficios |","isPartOf":{"@id":"https:\/\/www.safinel.fr\/#website"},"primaryImageOfPage":{"@id":"https:\/\/www.safinel.fr\/produit\/jujubes-seches-100g\/#primaryimage"},"image":{"@id":"https:\/\/www.safinel.fr\/produit\/jujubes-seches-100g\/#primaryimage"},"thumbnailUrl":"https:\/\/www.safinel.fr\/wp-content\/uploads\/2021\/05\/jujubes-site.jpg","datePublished":"2021-06-01T19:24:45+00:00","dateModified":"2023-12-30T13:57:04+00:00","description":"Las azufaifas secas o d\u00e1tiles chinos se recolectan en oto\u00f1o. Se consumen en septiembre y octubre.","breadcrumb":{"@id":"https:\/\/www.safinel.fr\/produit\/jujubes-seches-100g\/#breadcrumb"},"inLanguage":"es","potentialAction":[{"@type":"ReadAction","target":["https:\/\/www.safinel.fr\/produit\/jujubes-seches-100g\/"]}]},{"@type":"ImageObject","inLanguage":"es","@id":"https:\/\/www.safinel.fr\/produit\/jujubes-seches-100g\/#primaryimage","url":"https:\/\/www.safinel.fr\/wp-content\/uploads\/2021\/05\/jujubes-site.jpg","contentUrl":"https:\/\/www.safinel.fr\/wp-content\/uploads\/2021\/05\/jujubes-site.jpg","width":335,"height":400,"caption":"Jujubes seches"},{"@type":"BreadcrumbList","@id":"https:\/\/www.safinel.fr\/produit\/jujubes-seches-100g\/#breadcrumb","itemListElement":[{"@type":"ListItem","position":1,"name":"Accueil","item":"https:\/\/www.safinel.fr\/"},{"@type":"ListItem","position":2,"name":"Boutique","item":"https:\/\/www.safinel.fr\/boutique\/"},{"@type":"ListItem","position":3,"name":"Jujubes s\u00e9ch\u00e9s 100g (fruits)"}]},{"@type":"WebSite","@id":"https:\/\/www.safinel.fr\/#website","url":"https:\/\/www.safinel.fr\/","name":"Safinel","description":"","publisher":{"@id":"https:\/\/www.safinel.fr\/#organization"},"potentialAction":[{"@type":"SearchAction","target":{"@type":"EntryPoint","urlTemplate":"https:\/\/www.safinel.fr\/?s={search_term_string}"},"query-input":{"@type":"PropertyValueSpecification","valueRequired":true,"valueName":"search_term_string"}}],"inLanguage":"es"},{"@type":"Organization","@id":"https:\/\/www.safinel.fr\/#organization","name":"Safinel","url":"https:\/\/www.safinel.fr\/","logo":{"@type":"ImageObject","inLanguage":"es","@id":"https:\/\/www.safinel.fr\/#\/schema\/logo\/image\/","url":"https:\/\/www.safinel.fr\/wp-content\/uploads\/2021\/05\/boutique-cosmetique.png","contentUrl":"https:\/\/www.safinel.fr\/wp-content\/uploads\/2021\/05\/boutique-cosmetique.png","width":800,"height":200,"caption":"Safinel"},"image":{"@id":"https:\/\/www.safinel.fr\/#\/schema\/logo\/image\/"}}]}},"_links":{"self":[{"href":"https:\/\/www.safinel.fr\/es\/wp-json\/wp\/v2\/product\/129","targetHints":{"allow":["GET"]}}],"collection":[{"href":"https:\/\/www.safinel.fr\/es\/wp-json\/wp\/v2\/product"}],"about":[{"href":"https:\/\/www.safinel.fr\/es\/wp-json\/wp\/v2\/types\/product"}],"wp:featuredmedia":[{"embeddable":true,"href":"https:\/\/www.safinel.fr\/es\/wp-json\/wp\/v2\/media\/46"}],"wp:attachment":[{"href":"https:\/\/www.safinel.fr\/es\/wp-json\/wp\/v2\/media?parent=129"}],"wp:term":[{"taxonomy":"product_brand","embeddable":true,"href":"https:\/\/www.safinel.fr\/es\/wp-json\/wp\/v2\/product_brand?post=129"},{"taxonomy":"product_cat","embeddable":true,"href":"https:\/\/www.safinel.fr\/es\/wp-json\/wp\/v2\/product_cat?post=129"},{"taxonomy":"product_tag","embeddable":true,"href":"https:\/\/www.safinel.fr\/es\/wp-json\/wp\/v2\/product_tag?post=129"}],"curies":[{"name":"wp","href":"https:\/\/api.w.org\/{rel}","templated":true}]}}