{"id":128,"date":"2021-06-01T19:20:41","date_gmt":"2021-06-01T19:20:41","guid":{"rendered":"https:\/\/www.safinel.fr\/?post_type=product&#038;p=128"},"modified":"2023-12-28T17:14:57","modified_gmt":"2023-12-28T17:14:57","slug":"lecitina-de-soja","status":"publish","type":"product","link":"https:\/\/www.safinel.fr\/es\/product-2\/lecitina-de-soja\/","title":{"rendered":"Lecitina de soja 100 g"},"content":{"rendered":"<p>Presente en muchos de los alimentos que consume, la lecitina de soja se obtiene, como su nombre indica, de las habas de soja. A continuaci\u00f3n vamos a hablarle de uno de los beneficios que puede aportarle la lecitina de soja. Estos beneficios justifican su presencia en los productos que comemos.<\/p>\n<h2><b>Lecitina de soja: la protectora de nuestras c\u00e9lulas nerviosas<\/b><\/h2>\n<p>En primer lugar, hay que se\u00f1alar que la lecitina de soja es por naturaleza un producto lip\u00eddico. Es decir, tiene un aspecto aceitoso. Como subproducto del aceite de soja, se obtiene por prensado en fr\u00edo y posterior decantaci\u00f3n de la semilla de soja. El resultado es el aceite de soja y la lecitina.<\/p>\n<p>La lecitina de soja es de color amarillento y pr\u00e1cticamente inodora. Esta notable ventaja permite utilizarla f\u00e1cilmente en diversos campos. Algunos ejemplos son la farmacolog\u00eda, la cosmetolog\u00eda y la industria alimentaria.<\/p>\n<p>Con los a\u00f1os, su uso se ha extendido. Sobre todo en la industria alimentaria. Esto se debe a que muchos de sus componentes son id\u00e9nticos a la composici\u00f3n de nuestro sistema cerebral.<\/p>\n<p>Adem\u00e1s, algunos de estos componentes naturales son famosos por sus beneficios para el cerebro. Es el caso de los fosfol\u00edpidos, que son, en definitiva, \u00e1cidos grasos poliinsaturados.<\/p>\n<h3><strong>Sus ventajas<\/strong><\/h3>\n<p>La lecitina de soja tambi\u00e9n tiene numerosos beneficios para el h\u00edgado y el sistema cardiovascular.<span class=\"Apple-converted-space\">\u00a0 <\/span>Sin embargo, es importante ser sensato y moderado en su consumo. Si es posible, elija productos sin OMG y preferiblemente ecol\u00f3gicos. Las certificaciones est\u00e1n ah\u00ed para ilustrarle al respecto.<span class=\"Apple-converted-space\">\u00a0<\/span><\/p>\n<p>La lecitina de soja est\u00e1 disponible en diversas formas para adaptarse a sus necesidades. En polvo, gr\u00e1nulos o c\u00e1psulas, usted elige.<\/p>","protected":false},"excerpt":{"rendered":"<p>Pr\u00e9sent dans une grande partie des aliments que vous consommez, la lecithine de soja est issue comme son nom l\u2019indique de la f\u00e8ve de soja. Nous allons par ce qui suit vous exposer un des bienfaits que peut apporter cette derni\u00e8re. Ceux qui de ce fait justifie sa pr\u00e9sence dans les produits que nous consommons. [&#8230;]","protected":false},"featured_media":44,"template":"","meta":[],"product_brand":[],"product_cat":[27],"product_tag":[],"class_list":{"0":"post-128","1":"product","2":"type-product","3":"status-publish","4":"has-post-thumbnail","6":"product_cat-plantes-medicinales","8":"first","9":"outofstock","10":"shipping-taxable","11":"purchasable","12":"product-type-simple"},"yoast_head":"<!-- This site is optimized with the Yoast SEO plugin v26.6 - https:\/\/yoast.com\/wordpress\/plugins\/seo\/ -->\n<title>Lecithine de soja et ses bienfaits | Poudre de contenance 100g<\/title>\n<meta name=\"description\" content=\"La lecithine de soja est issue comme son nom l\u2019indique de la f\u00e8ve de soja. Nous allons par ce qui suit vous exposer ses bienfaits.\" \/>\n<meta name=\"robots\" content=\"index, follow, max-snippet:-1, max-image-preview:large, max-video-preview:-1\" \/>\n<link rel=\"canonical\" href=\"https:\/\/www.safinel.fr\/es\/product-2\/lecitina-de-soja\/\" \/>\n<meta property=\"og:locale\" content=\"es_ES\" \/>\n<meta property=\"og:type\" content=\"article\" \/>\n<meta property=\"og:title\" content=\"Lecithine de soja et ses bienfaits | Poudre de contenance 100g\" \/>\n<meta property=\"og:description\" content=\"La lecithine de soja est issue comme son nom l\u2019indique de la f\u00e8ve de soja. Nous allons par ce qui suit vous exposer ses bienfaits.\" \/>\n<meta property=\"og:url\" content=\"https:\/\/www.safinel.fr\/es\/product-2\/lecitina-de-soja\/\" \/>\n<meta property=\"og:site_name\" content=\"Safinel\" \/>\n<meta property=\"article:modified_time\" content=\"2023-12-28T17:14:57+00:00\" \/>\n<meta property=\"og:image\" content=\"https:\/\/www.safinel.fr\/wp-content\/uploads\/2021\/05\/soja-site.jpg\" \/>\n\t<meta property=\"og:image:width\" content=\"365\" \/>\n\t<meta property=\"og:image:height\" content=\"400\" \/>\n\t<meta property=\"og:image:type\" content=\"image\/jpeg\" \/>\n<meta name=\"twitter:card\" content=\"summary_large_image\" \/>\n<meta name=\"twitter:label1\" content=\"Tiempo de lectura\" \/>\n\t<meta name=\"twitter:data1\" content=\"2 minutos\" \/>\n<script type=\"application\/ld+json\" class=\"yoast-schema-graph\">{\"@context\":\"https:\/\/schema.org\",\"@graph\":[{\"@type\":\"WebPage\",\"@id\":\"https:\/\/www.safinel.fr\/produit\/lecithine-de-soja\/\",\"url\":\"https:\/\/www.safinel.fr\/produit\/lecithine-de-soja\/\",\"name\":\"Lecithine de soja et ses bienfaits | Poudre de contenance 100g\",\"isPartOf\":{\"@id\":\"https:\/\/www.safinel.fr\/#website\"},\"primaryImageOfPage\":{\"@id\":\"https:\/\/www.safinel.fr\/produit\/lecithine-de-soja\/#primaryimage\"},\"image\":{\"@id\":\"https:\/\/www.safinel.fr\/produit\/lecithine-de-soja\/#primaryimage\"},\"thumbnailUrl\":\"https:\/\/www.safinel.fr\/wp-content\/uploads\/2021\/05\/soja-site.jpg\",\"datePublished\":\"2021-06-01T19:20:41+00:00\",\"dateModified\":\"2023-12-28T17:14:57+00:00\",\"description\":\"La lecithine de soja est issue comme son nom l\u2019indique de la f\u00e8ve de soja. Nous allons par ce qui suit vous exposer ses bienfaits.\",\"breadcrumb\":{\"@id\":\"https:\/\/www.safinel.fr\/produit\/lecithine-de-soja\/#breadcrumb\"},\"inLanguage\":\"es\",\"potentialAction\":[{\"@type\":\"ReadAction\",\"target\":[\"https:\/\/www.safinel.fr\/produit\/lecithine-de-soja\/\"]}]},{\"@type\":\"ImageObject\",\"inLanguage\":\"es\",\"@id\":\"https:\/\/www.safinel.fr\/produit\/lecithine-de-soja\/#primaryimage\",\"url\":\"https:\/\/www.safinel.fr\/wp-content\/uploads\/2021\/05\/soja-site.jpg\",\"contentUrl\":\"https:\/\/www.safinel.fr\/wp-content\/uploads\/2021\/05\/soja-site.jpg\",\"width\":365,\"height\":400,\"caption\":\"Lecithine de soja\"},{\"@type\":\"BreadcrumbList\",\"@id\":\"https:\/\/www.safinel.fr\/produit\/lecithine-de-soja\/#breadcrumb\",\"itemListElement\":[{\"@type\":\"ListItem\",\"position\":1,\"name\":\"Accueil\",\"item\":\"https:\/\/www.safinel.fr\/\"},{\"@type\":\"ListItem\",\"position\":2,\"name\":\"Boutique\",\"item\":\"https:\/\/www.safinel.fr\/boutique\/\"},{\"@type\":\"ListItem\",\"position\":3,\"name\":\"Lecithine de soja 100g\"}]},{\"@type\":\"WebSite\",\"@id\":\"https:\/\/www.safinel.fr\/#website\",\"url\":\"https:\/\/www.safinel.fr\/\",\"name\":\"Safinel\",\"description\":\"\",\"publisher\":{\"@id\":\"https:\/\/www.safinel.fr\/#organization\"},\"potentialAction\":[{\"@type\":\"SearchAction\",\"target\":{\"@type\":\"EntryPoint\",\"urlTemplate\":\"https:\/\/www.safinel.fr\/?s={search_term_string}\"},\"query-input\":{\"@type\":\"PropertyValueSpecification\",\"valueRequired\":true,\"valueName\":\"search_term_string\"}}],\"inLanguage\":\"es\"},{\"@type\":\"Organization\",\"@id\":\"https:\/\/www.safinel.fr\/#organization\",\"name\":\"Safinel\",\"url\":\"https:\/\/www.safinel.fr\/\",\"logo\":{\"@type\":\"ImageObject\",\"inLanguage\":\"es\",\"@id\":\"https:\/\/www.safinel.fr\/#\/schema\/logo\/image\/\",\"url\":\"https:\/\/www.safinel.fr\/wp-content\/uploads\/2021\/05\/boutique-cosmetique.png\",\"contentUrl\":\"https:\/\/www.safinel.fr\/wp-content\/uploads\/2021\/05\/boutique-cosmetique.png\",\"width\":800,\"height\":200,\"caption\":\"Safinel\"},\"image\":{\"@id\":\"https:\/\/www.safinel.fr\/#\/schema\/logo\/image\/\"}}]}<\/script>\n<!-- \/ Yoast SEO plugin. -->","yoast_head_json":{"title":"La lecitina de soja y sus beneficios | Capacidad en polvo 100g","description":"Como su nombre indica, la lecitina de soja se obtiene de las habas de soja. En la siguiente secci\u00f3n, explicaremos sus beneficios.","robots":{"index":"index","follow":"follow","max-snippet":"max-snippet:-1","max-image-preview":"max-image-preview:large","max-video-preview":"max-video-preview:-1"},"canonical":"https:\/\/www.safinel.fr\/es\/product-2\/lecitina-de-soja\/","og_locale":"es_ES","og_type":"article","og_title":"Lecithine de soja et ses bienfaits | Poudre de contenance 100g","og_description":"La lecithine de soja est issue comme son nom l\u2019indique de la f\u00e8ve de soja. Nous allons par ce qui suit vous exposer ses bienfaits.","og_url":"https:\/\/www.safinel.fr\/es\/product-2\/lecitina-de-soja\/","og_site_name":"Safinel","article_modified_time":"2023-12-28T17:14:57+00:00","og_image":[{"width":365,"height":400,"url":"https:\/\/www.safinel.fr\/wp-content\/uploads\/2021\/05\/soja-site.jpg","type":"image\/jpeg"}],"twitter_card":"summary_large_image","twitter_misc":{"Tiempo de lectura":"2 minutos"},"schema":{"@context":"https:\/\/schema.org","@graph":[{"@type":"WebPage","@id":"https:\/\/www.safinel.fr\/produit\/lecithine-de-soja\/","url":"https:\/\/www.safinel.fr\/produit\/lecithine-de-soja\/","name":"La lecitina de soja y sus beneficios | Capacidad en polvo 100g","isPartOf":{"@id":"https:\/\/www.safinel.fr\/#website"},"primaryImageOfPage":{"@id":"https:\/\/www.safinel.fr\/produit\/lecithine-de-soja\/#primaryimage"},"image":{"@id":"https:\/\/www.safinel.fr\/produit\/lecithine-de-soja\/#primaryimage"},"thumbnailUrl":"https:\/\/www.safinel.fr\/wp-content\/uploads\/2021\/05\/soja-site.jpg","datePublished":"2021-06-01T19:20:41+00:00","dateModified":"2023-12-28T17:14:57+00:00","description":"Como su nombre indica, la lecitina de soja se obtiene de las habas de soja. En la siguiente secci\u00f3n, explicaremos sus beneficios.","breadcrumb":{"@id":"https:\/\/www.safinel.fr\/produit\/lecithine-de-soja\/#breadcrumb"},"inLanguage":"es","potentialAction":[{"@type":"ReadAction","target":["https:\/\/www.safinel.fr\/produit\/lecithine-de-soja\/"]}]},{"@type":"ImageObject","inLanguage":"es","@id":"https:\/\/www.safinel.fr\/produit\/lecithine-de-soja\/#primaryimage","url":"https:\/\/www.safinel.fr\/wp-content\/uploads\/2021\/05\/soja-site.jpg","contentUrl":"https:\/\/www.safinel.fr\/wp-content\/uploads\/2021\/05\/soja-site.jpg","width":365,"height":400,"caption":"Lecithine de soja"},{"@type":"BreadcrumbList","@id":"https:\/\/www.safinel.fr\/produit\/lecithine-de-soja\/#breadcrumb","itemListElement":[{"@type":"ListItem","position":1,"name":"Accueil","item":"https:\/\/www.safinel.fr\/"},{"@type":"ListItem","position":2,"name":"Boutique","item":"https:\/\/www.safinel.fr\/boutique\/"},{"@type":"ListItem","position":3,"name":"Lecithine de soja 100g"}]},{"@type":"WebSite","@id":"https:\/\/www.safinel.fr\/#website","url":"https:\/\/www.safinel.fr\/","name":"Safinel","description":"","publisher":{"@id":"https:\/\/www.safinel.fr\/#organization"},"potentialAction":[{"@type":"SearchAction","target":{"@type":"EntryPoint","urlTemplate":"https:\/\/www.safinel.fr\/?s={search_term_string}"},"query-input":{"@type":"PropertyValueSpecification","valueRequired":true,"valueName":"search_term_string"}}],"inLanguage":"es"},{"@type":"Organization","@id":"https:\/\/www.safinel.fr\/#organization","name":"Safinel","url":"https:\/\/www.safinel.fr\/","logo":{"@type":"ImageObject","inLanguage":"es","@id":"https:\/\/www.safinel.fr\/#\/schema\/logo\/image\/","url":"https:\/\/www.safinel.fr\/wp-content\/uploads\/2021\/05\/boutique-cosmetique.png","contentUrl":"https:\/\/www.safinel.fr\/wp-content\/uploads\/2021\/05\/boutique-cosmetique.png","width":800,"height":200,"caption":"Safinel"},"image":{"@id":"https:\/\/www.safinel.fr\/#\/schema\/logo\/image\/"}}]}},"_links":{"self":[{"href":"https:\/\/www.safinel.fr\/es\/wp-json\/wp\/v2\/product\/128","targetHints":{"allow":["GET"]}}],"collection":[{"href":"https:\/\/www.safinel.fr\/es\/wp-json\/wp\/v2\/product"}],"about":[{"href":"https:\/\/www.safinel.fr\/es\/wp-json\/wp\/v2\/types\/product"}],"wp:featuredmedia":[{"embeddable":true,"href":"https:\/\/www.safinel.fr\/es\/wp-json\/wp\/v2\/media\/44"}],"wp:attachment":[{"href":"https:\/\/www.safinel.fr\/es\/wp-json\/wp\/v2\/media?parent=128"}],"wp:term":[{"taxonomy":"product_brand","embeddable":true,"href":"https:\/\/www.safinel.fr\/es\/wp-json\/wp\/v2\/product_brand?post=128"},{"taxonomy":"product_cat","embeddable":true,"href":"https:\/\/www.safinel.fr\/es\/wp-json\/wp\/v2\/product_cat?post=128"},{"taxonomy":"product_tag","embeddable":true,"href":"https:\/\/www.safinel.fr\/es\/wp-json\/wp\/v2\/product_tag?post=128"}],"curies":[{"name":"wp","href":"https:\/\/api.w.org\/{rel}","templated":true}]}}