{"id":127,"date":"2021-06-01T19:15:59","date_gmt":"2021-06-01T19:15:59","guid":{"rendered":"https:\/\/www.safinel.fr\/?post_type=product&#038;p=127"},"modified":"2023-12-28T17:14:57","modified_gmt":"2023-12-28T17:14:57","slug":"ortiga-100-g","status":"publish","type":"product","link":"https:\/\/www.safinel.fr\/es\/product-2\/ortiga-100-g\/","title":{"rendered":"Ortiga 100 g"},"content":{"rendered":"<p>La ortiga es una planta perenne presente en todo el mundo y ampliamente utilizada desde hace siglos por sus propiedades diur\u00e9ticas y depurativas. A menudo considerada una mala hierba, en los \u00faltimos a\u00f1os ha sido reconocida como una medicina alternativa indispensable.<\/p>\n<h2><b>Ortiga: de la sombra a la luz<\/b><\/h2>\n<p>Su nombre en lat\u00edn es \u00aburtica dioica L\u00bb. Poco apreciada a primera vista por su poder urticante, la ortiga a\u00fan no ha dicho su \u00faltima palabra. Contrariamente a la creencia popular, est\u00e1 llena de beneficios.<span class=\"Apple-converted-space\">\u00a0<\/span>En la pr\u00e1ctica, esta planta posee virtudes extraordinarias. \u00c9stas tienen un efecto positivo en todo el metabolismo.<span class=\"Apple-converted-space\">\u00a0<\/span><\/p>\n<p>En general, se le atribuyen propiedades diur\u00e9ticas, depurativas y remineralizantes.<\/p>\n<p>Tambi\u00e9n estimula la funci\u00f3n renal. Tambi\u00e9n ayuda a combatir la anemia (carencia de hierro) y la fatiga severa.<\/p>\n<h2><b>Planta diur\u00e9tica y desintoxicante<\/b><\/h2>\n<p>Hoy en d\u00eda, la ortiga es un diur\u00e9tico formidable. Al favorecer la excreci\u00f3n urinaria, ayuda a restablecer el metabolismo b\u00e1sico del organismo. Para ello, desintoxica el organismo de forma espectacular.<\/p>\n<p>Adem\u00e1s de su eficacia sobre las v\u00edas urinarias, sus propiedades desintoxicantes ayudan a regular el exceso de sebo. Por tanto, es eficaz para combatir numerosos problemas cut\u00e1neos como :<\/p>\n<ul>\n<li>Eczema<\/li>\n<li>Escamas de piel<\/li>\n<li><a href=\"https:\/\/www.safinel.fr\/es\/product-2\/salvia-sclarea\/\"><strong>Acn\u00e9<\/strong><\/a><\/li>\n<li>Psoriasis<\/li>\n<\/ul>\n<p>Esta planta medicinal se consume habitualmente en infusi\u00f3n para aprovechar al m\u00e1ximo sus m\u00faltiples beneficios.<\/p>\n<h3><b>S\u00f3lo para tomar en infusi\u00f3n<\/b><\/h3>\n<p>He aqu\u00ed algunos consejos para preparar una decocci\u00f3n de esta planta:<\/p>\n<ul>\n<li>Pon agua a hervir y a\u00f1ade una cucharada rasa de hojas de ortiga frescas o secas.<\/li>\n<\/ul>\n<ul>\n<li>Despu\u00e9s de hervir, dejar en infusi\u00f3n de 15 minutos a 1 hora.<span class=\"Apple-converted-space\">\u00a0<\/span><\/li>\n<\/ul>\n<p>Si opta por una cura de ortiga, es aconsejable repetir esta operaci\u00f3n 3 \u00f3 4 veces al d\u00eda. Hazlo antes de cada comida<span class=\"Apple-converted-space\">\u00a0 <\/span>sin superar un periodo de curaci\u00f3n de m\u00e1s de 3 semanas.<\/p>","protected":false},"excerpt":{"rendered":"<p>L\u2019ortie piquante est une plante vivace r\u00e9pandue dans le monde et largement utilis\u00e9e depuis des si\u00e8cles pour ses propri\u00e9t\u00e9s diur\u00e9tiques et d\u00e9puratives. Souvent consid\u00e9r\u00e9e comme une mauvaise herbe, elle est depuis quelques ann\u00e9es reconnue comme un indispensable en m\u00e9decine douce. L\u2019ortie piquante : de l\u2019ombre \u00e0 la lumi\u00e8re Son nom en latin est \u00ab\u00a0urtica dioica [&#8230;]","protected":false},"featured_media":47,"template":"","meta":[],"product_brand":[],"product_cat":[27,19],"product_tag":[],"class_list":{"0":"post-127","1":"product","2":"type-product","3":"status-publish","4":"has-post-thumbnail","6":"product_cat-plantes-medicinales","7":"product_cat-thes-tisanes","9":"first","10":"instock","11":"shipping-taxable","12":"purchasable","13":"product-type-simple"},"yoast_head":"<!-- This site is optimized with the Yoast SEO plugin v26.6 - https:\/\/yoast.com\/wordpress\/plugins\/seo\/ -->\n<title>Ortie piquante | Infusion aux bienfaits multiples \u00e0 adopter<\/title>\n<meta name=\"description\" content=\"L\u2019ortie piquante est une plante vivace r\u00e9pandue dans le monde et utilis\u00e9e depuis des si\u00e8cles pour ses propri\u00e9t\u00e9s diur\u00e9tiques et d\u00e9puratives.\" \/>\n<meta name=\"robots\" content=\"index, follow, max-snippet:-1, max-image-preview:large, max-video-preview:-1\" \/>\n<link rel=\"canonical\" href=\"https:\/\/www.safinel.fr\/es\/product-2\/ortiga-100-g\/\" \/>\n<meta property=\"og:locale\" content=\"es_ES\" \/>\n<meta property=\"og:type\" content=\"article\" \/>\n<meta property=\"og:title\" content=\"Ortie piquante | Infusion aux bienfaits multiples \u00e0 adopter\" \/>\n<meta property=\"og:description\" content=\"L\u2019ortie piquante est une plante vivace r\u00e9pandue dans le monde et utilis\u00e9e depuis des si\u00e8cles pour ses propri\u00e9t\u00e9s diur\u00e9tiques et d\u00e9puratives.\" \/>\n<meta property=\"og:url\" content=\"https:\/\/www.safinel.fr\/es\/product-2\/ortiga-100-g\/\" \/>\n<meta property=\"og:site_name\" content=\"Safinel\" \/>\n<meta property=\"article:modified_time\" content=\"2023-12-28T17:14:57+00:00\" \/>\n<meta property=\"og:image\" content=\"https:\/\/www.safinel.fr\/wp-content\/uploads\/2021\/05\/ortie-site.jpg\" \/>\n\t<meta property=\"og:image:width\" content=\"336\" \/>\n\t<meta property=\"og:image:height\" content=\"400\" \/>\n\t<meta property=\"og:image:type\" content=\"image\/jpeg\" \/>\n<meta name=\"twitter:card\" content=\"summary_large_image\" \/>\n<meta name=\"twitter:label1\" content=\"Tiempo de lectura\" \/>\n\t<meta name=\"twitter:data1\" content=\"2 minutos\" \/>\n<script type=\"application\/ld+json\" class=\"yoast-schema-graph\">{\"@context\":\"https:\/\/schema.org\",\"@graph\":[{\"@type\":\"WebPage\",\"@id\":\"https:\/\/www.safinel.fr\/produit\/ortie-piquante-100g\/\",\"url\":\"https:\/\/www.safinel.fr\/produit\/ortie-piquante-100g\/\",\"name\":\"Ortie piquante | Infusion aux bienfaits multiples \u00e0 adopter\",\"isPartOf\":{\"@id\":\"https:\/\/www.safinel.fr\/#website\"},\"primaryImageOfPage\":{\"@id\":\"https:\/\/www.safinel.fr\/produit\/ortie-piquante-100g\/#primaryimage\"},\"image\":{\"@id\":\"https:\/\/www.safinel.fr\/produit\/ortie-piquante-100g\/#primaryimage\"},\"thumbnailUrl\":\"https:\/\/www.safinel.fr\/wp-content\/uploads\/2021\/05\/ortie-site.jpg\",\"datePublished\":\"2021-06-01T19:15:59+00:00\",\"dateModified\":\"2023-12-28T17:14:57+00:00\",\"description\":\"L\u2019ortie piquante est une plante vivace r\u00e9pandue dans le monde et utilis\u00e9e depuis des si\u00e8cles pour ses propri\u00e9t\u00e9s diur\u00e9tiques et d\u00e9puratives.\",\"breadcrumb\":{\"@id\":\"https:\/\/www.safinel.fr\/produit\/ortie-piquante-100g\/#breadcrumb\"},\"inLanguage\":\"es\",\"potentialAction\":[{\"@type\":\"ReadAction\",\"target\":[\"https:\/\/www.safinel.fr\/produit\/ortie-piquante-100g\/\"]}]},{\"@type\":\"ImageObject\",\"inLanguage\":\"es\",\"@id\":\"https:\/\/www.safinel.fr\/produit\/ortie-piquante-100g\/#primaryimage\",\"url\":\"https:\/\/www.safinel.fr\/wp-content\/uploads\/2021\/05\/ortie-site.jpg\",\"contentUrl\":\"https:\/\/www.safinel.fr\/wp-content\/uploads\/2021\/05\/ortie-site.jpg\",\"width\":336,\"height\":400,\"caption\":\"ortie piquante\"},{\"@type\":\"BreadcrumbList\",\"@id\":\"https:\/\/www.safinel.fr\/produit\/ortie-piquante-100g\/#breadcrumb\",\"itemListElement\":[{\"@type\":\"ListItem\",\"position\":1,\"name\":\"Accueil\",\"item\":\"https:\/\/www.safinel.fr\/\"},{\"@type\":\"ListItem\",\"position\":2,\"name\":\"Boutique\",\"item\":\"https:\/\/www.safinel.fr\/boutique\/\"},{\"@type\":\"ListItem\",\"position\":3,\"name\":\"Ortie piquante 100g\"}]},{\"@type\":\"WebSite\",\"@id\":\"https:\/\/www.safinel.fr\/#website\",\"url\":\"https:\/\/www.safinel.fr\/\",\"name\":\"Safinel\",\"description\":\"\",\"publisher\":{\"@id\":\"https:\/\/www.safinel.fr\/#organization\"},\"potentialAction\":[{\"@type\":\"SearchAction\",\"target\":{\"@type\":\"EntryPoint\",\"urlTemplate\":\"https:\/\/www.safinel.fr\/?s={search_term_string}\"},\"query-input\":{\"@type\":\"PropertyValueSpecification\",\"valueRequired\":true,\"valueName\":\"search_term_string\"}}],\"inLanguage\":\"es\"},{\"@type\":\"Organization\",\"@id\":\"https:\/\/www.safinel.fr\/#organization\",\"name\":\"Safinel\",\"url\":\"https:\/\/www.safinel.fr\/\",\"logo\":{\"@type\":\"ImageObject\",\"inLanguage\":\"es\",\"@id\":\"https:\/\/www.safinel.fr\/#\/schema\/logo\/image\/\",\"url\":\"https:\/\/www.safinel.fr\/wp-content\/uploads\/2021\/05\/boutique-cosmetique.png\",\"contentUrl\":\"https:\/\/www.safinel.fr\/wp-content\/uploads\/2021\/05\/boutique-cosmetique.png\",\"width\":800,\"height\":200,\"caption\":\"Safinel\"},\"image\":{\"@id\":\"https:\/\/www.safinel.fr\/#\/schema\/logo\/image\/\"}}]}<\/script>\n<!-- \/ Yoast SEO plugin. -->","yoast_head_json":{"title":"Ortiga | Infusi\u00f3n con m\u00faltiples beneficios a adoptar","description":"La ortiga es una planta perenne presente en todo el mundo y utilizada desde hace siglos por sus propiedades diur\u00e9ticas y depurativas.","robots":{"index":"index","follow":"follow","max-snippet":"max-snippet:-1","max-image-preview":"max-image-preview:large","max-video-preview":"max-video-preview:-1"},"canonical":"https:\/\/www.safinel.fr\/es\/product-2\/ortiga-100-g\/","og_locale":"es_ES","og_type":"article","og_title":"Ortie piquante | Infusion aux bienfaits multiples \u00e0 adopter","og_description":"L\u2019ortie piquante est une plante vivace r\u00e9pandue dans le monde et utilis\u00e9e depuis des si\u00e8cles pour ses propri\u00e9t\u00e9s diur\u00e9tiques et d\u00e9puratives.","og_url":"https:\/\/www.safinel.fr\/es\/product-2\/ortiga-100-g\/","og_site_name":"Safinel","article_modified_time":"2023-12-28T17:14:57+00:00","og_image":[{"width":336,"height":400,"url":"https:\/\/www.safinel.fr\/wp-content\/uploads\/2021\/05\/ortie-site.jpg","type":"image\/jpeg"}],"twitter_card":"summary_large_image","twitter_misc":{"Tiempo de lectura":"2 minutos"},"schema":{"@context":"https:\/\/schema.org","@graph":[{"@type":"WebPage","@id":"https:\/\/www.safinel.fr\/produit\/ortie-piquante-100g\/","url":"https:\/\/www.safinel.fr\/produit\/ortie-piquante-100g\/","name":"Ortiga | Infusi\u00f3n con m\u00faltiples beneficios a adoptar","isPartOf":{"@id":"https:\/\/www.safinel.fr\/#website"},"primaryImageOfPage":{"@id":"https:\/\/www.safinel.fr\/produit\/ortie-piquante-100g\/#primaryimage"},"image":{"@id":"https:\/\/www.safinel.fr\/produit\/ortie-piquante-100g\/#primaryimage"},"thumbnailUrl":"https:\/\/www.safinel.fr\/wp-content\/uploads\/2021\/05\/ortie-site.jpg","datePublished":"2021-06-01T19:15:59+00:00","dateModified":"2023-12-28T17:14:57+00:00","description":"La ortiga es una planta perenne presente en todo el mundo y utilizada desde hace siglos por sus propiedades diur\u00e9ticas y depurativas.","breadcrumb":{"@id":"https:\/\/www.safinel.fr\/produit\/ortie-piquante-100g\/#breadcrumb"},"inLanguage":"es","potentialAction":[{"@type":"ReadAction","target":["https:\/\/www.safinel.fr\/produit\/ortie-piquante-100g\/"]}]},{"@type":"ImageObject","inLanguage":"es","@id":"https:\/\/www.safinel.fr\/produit\/ortie-piquante-100g\/#primaryimage","url":"https:\/\/www.safinel.fr\/wp-content\/uploads\/2021\/05\/ortie-site.jpg","contentUrl":"https:\/\/www.safinel.fr\/wp-content\/uploads\/2021\/05\/ortie-site.jpg","width":336,"height":400,"caption":"ortie piquante"},{"@type":"BreadcrumbList","@id":"https:\/\/www.safinel.fr\/produit\/ortie-piquante-100g\/#breadcrumb","itemListElement":[{"@type":"ListItem","position":1,"name":"Accueil","item":"https:\/\/www.safinel.fr\/"},{"@type":"ListItem","position":2,"name":"Boutique","item":"https:\/\/www.safinel.fr\/boutique\/"},{"@type":"ListItem","position":3,"name":"Ortie piquante 100g"}]},{"@type":"WebSite","@id":"https:\/\/www.safinel.fr\/#website","url":"https:\/\/www.safinel.fr\/","name":"Safinel","description":"","publisher":{"@id":"https:\/\/www.safinel.fr\/#organization"},"potentialAction":[{"@type":"SearchAction","target":{"@type":"EntryPoint","urlTemplate":"https:\/\/www.safinel.fr\/?s={search_term_string}"},"query-input":{"@type":"PropertyValueSpecification","valueRequired":true,"valueName":"search_term_string"}}],"inLanguage":"es"},{"@type":"Organization","@id":"https:\/\/www.safinel.fr\/#organization","name":"Safinel","url":"https:\/\/www.safinel.fr\/","logo":{"@type":"ImageObject","inLanguage":"es","@id":"https:\/\/www.safinel.fr\/#\/schema\/logo\/image\/","url":"https:\/\/www.safinel.fr\/wp-content\/uploads\/2021\/05\/boutique-cosmetique.png","contentUrl":"https:\/\/www.safinel.fr\/wp-content\/uploads\/2021\/05\/boutique-cosmetique.png","width":800,"height":200,"caption":"Safinel"},"image":{"@id":"https:\/\/www.safinel.fr\/#\/schema\/logo\/image\/"}}]}},"_links":{"self":[{"href":"https:\/\/www.safinel.fr\/es\/wp-json\/wp\/v2\/product\/127","targetHints":{"allow":["GET"]}}],"collection":[{"href":"https:\/\/www.safinel.fr\/es\/wp-json\/wp\/v2\/product"}],"about":[{"href":"https:\/\/www.safinel.fr\/es\/wp-json\/wp\/v2\/types\/product"}],"wp:featuredmedia":[{"embeddable":true,"href":"https:\/\/www.safinel.fr\/es\/wp-json\/wp\/v2\/media\/47"}],"wp:attachment":[{"href":"https:\/\/www.safinel.fr\/es\/wp-json\/wp\/v2\/media?parent=127"}],"wp:term":[{"taxonomy":"product_brand","embeddable":true,"href":"https:\/\/www.safinel.fr\/es\/wp-json\/wp\/v2\/product_brand?post=127"},{"taxonomy":"product_cat","embeddable":true,"href":"https:\/\/www.safinel.fr\/es\/wp-json\/wp\/v2\/product_cat?post=127"},{"taxonomy":"product_tag","embeddable":true,"href":"https:\/\/www.safinel.fr\/es\/wp-json\/wp\/v2\/product_tag?post=127"}],"curies":[{"name":"wp","href":"https:\/\/api.w.org\/{rel}","templated":true}]}}