{"id":124,"date":"2021-06-01T19:00:44","date_gmt":"2021-06-01T19:00:44","guid":{"rendered":"https:\/\/www.safinel.fr\/?post_type=product&#038;p=124"},"modified":"2025-09-06T23:12:12","modified_gmt":"2025-09-06T23:12:12","slug":"trebol-rojo-flores-enteras","status":"publish","type":"product","link":"https:\/\/www.safinel.fr\/es\/product-2\/trebol-rojo-flores-enteras\/","title":{"rendered":"Tr\u00e9bol rojo de flor entera"},"content":{"rendered":"<p>El tr\u00e9bol rojo, tambi\u00e9n conocido como \u00abcola de zorro\u00bb, es una planta herb\u00e1cea que se encuentra en todo nuestro territorio. Sus flores est\u00e1n reconocidas desde hace mucho tiempo en nuestra farmacopea. En medicina naturista, es una de las plantas beneficiosas para tratar ciertos problemas de la menopausia. Esta planta, muy com\u00fan en nuestros bosques y caminos rurales, tambi\u00e9n se utiliza como forraje para los animales.<span class=\"Apple-converted-space\">\u00a0<\/span><\/p>\n<p>Con su agradable fragancia floral, el tr\u00e9bol rojo que vendemos encontrar\u00e1 su lugar en sus tisanas y decocciones para calmar los efectos de la menopausia. Adjuntamos toda la informaci\u00f3n explicativa sobre el tr\u00e9bol rojo.<\/p>\n<h2><b>Tr\u00e9bol rojo: una planta rica en isoflavonas<\/b><\/h2>\n<p>Las isoflavonas son flavonoides muy apreciados por sus propiedades hormonales y estrog\u00e9nicas. Estas mol\u00e9culas se encuentran en profusi\u00f3n en el mundo vivo. Muchos de los alimentos que consumimos las contienen, como la soja, las cebollas, las legumbres y el t\u00e9. En el coraz\u00f3n del mundo vegetal, dos plantas perennes son especialmente recomendables por su riqueza en esta sustancia:<\/p>\n<ul>\n<li>Tr\u00e9bol rojo<\/li>\n<li>Hierba de San Juan.<\/li>\n<\/ul>\n<p>La utilizaci\u00f3n del tr\u00e9bol rojo es tanto m\u00e1s eficaz cuanto que contiene isoflavonas. De hecho, la flor tiene una concentraci\u00f3n de alrededor de 8% de este concentrado activo. Esto la convierte en una de las principales plantas de medicina alternativa para tratar de forma natural los problemas de la menopausia.<span class=\"Apple-converted-space\">\u00a0<\/span><\/p>\n<h2><b>Entender la menopausia para comprender el significado del tr\u00e9bol rojo<\/b><\/h2>\n<p>La menopausia no es en absoluto una enfermedad. Corresponde a una fase de la vida de la mujer en la que su cuerpo da un vuelco. M\u00e1s concretamente, es cuando desaparece la menstruaci\u00f3n, marcando el fin de la fertilidad. Este periodo natural, marcado por el avance de la edad en torno a los 50 a\u00f1os, conlleva algunos cambios notables. En primer lugar, la ovulaci\u00f3n y el ciclo menstrual se vuelven muy irregulares. Por \u00faltimo, un periodo de m\u00e1s de un a\u00f1o sin menstruaci\u00f3n se\u00f1ala la transici\u00f3n a la menopausia.<\/p>\n<p>Por lo tanto, el tr\u00e9bol rojo es muy \u00fatil en la fase previa a la menopausia. La fase premenop\u00e1usica desorganiza el organismo y provoca una serie de efectos indeseables:<\/p>\n<ul>\n<li>Ansiedad y trastornos del estado de \u00e1nimo<\/li>\n<li>Sofocos incesantes<\/li>\n<li>Sudores nocturnos pronunciados<\/li>\n<li>Sequedad vaginal<\/li>\n<li>Insomnio recurrente<\/li>\n<li>Aumento de peso.<span class=\"Apple-converted-space\">\u00a0<\/span><\/li>\n<\/ul>\n<h3><b>Trifolium Pratense: una respuesta natural a la ca\u00edda de estr\u00f3genos<\/b><\/h3>\n<p>Ciertos ingredientes naturales, como el polen de palma o el chajarat mariam, influyen en la fertilidad estimulando la producci\u00f3n de hormonas sexuales. Por otra parte, el tr\u00e9bol rojo<span class=\"Apple-converted-space\">\u00a0<\/span>remedia las carencias provocadas por la disminuci\u00f3n considerable de estr\u00f3genos tras los efectos de la menopausia. Originaria de China y Rusia, esta planta siempre ha servido para este fin.<\/p>\n<p>\u00bfPero c\u00f3mo? Los conocimientos ancestrales no nos dan ninguna respuesta. Lo que es seguro, sin embargo, es que el conocimiento ha llegado hasta nuestros d\u00edas.<span class=\"Apple-converted-space\">\u00a0<\/span><\/p>\n<p>As\u00ed pues, la menopausia provoca una modificaci\u00f3n brusca de los niveles de estr\u00f3genos en la sangre. El tr\u00e9bol rojo ayuda a reequilibrar los trastornos derivados de esta acci\u00f3n en el organismo. El <a href=\"https:\/\/www.safinel.fr\/es\/product-2\/gelulas-falsas-de-unicornio\/\"><strong>variaci\u00f3n hormonal<\/strong><\/a> por lo que debe tratarse inmediatamente para evitar que se convierta en insuperable. La isoflavona que contiene el tr\u00e9bol rojo es un fitoestr\u00f3geno. Por tanto, remedia esta carencia.<\/p>\n<p>El tr\u00e9bol rojo tambi\u00e9n desempe\u00f1a un papel importante. Al prevenir la ca\u00edda de estr\u00f3genos, mantiene a las mujeres menop\u00e1usicas en buen estado de salud.<\/p>\n<p>Tambi\u00e9n debe saber que, al evitar una ca\u00edda dr\u00e1stica de los estr\u00f3genos, contribuye a salvaguardar la salud de los huesos. La principal causa de una ca\u00edda hormonal es la desmineralizaci\u00f3n \u00f3sea. Esto puede provocar osteoporosis. Se trata de una enfermedad que debilita los huesos y provoca m\u00faltiples fracturas debido a la falta de calcio. Porque en el coraz\u00f3n del organismo, la ca\u00edda de estr\u00f3genos y la de calcio est\u00e1n relacionadas.<span class=\"Apple-converted-space\">\u00a0<\/span><\/p>\n<p>Para asimilar correctamente el tr\u00e9bol rojo, debe tomarse con vitamina B6. Estas dos mol\u00e9culas se comunican entre s\u00ed para regular mejor la actividad hormonal.<span class=\"Apple-converted-space\">\u00a0<\/span><\/p>\n<h3><b>Otros beneficios del tr\u00e9bol rojo para la salud<\/b><\/h3>\n<p>El tr\u00e9bol rojo tambi\u00e9n se utiliza tradicionalmente para tratar la diarrea. Adem\u00e1s, tiene una acci\u00f3n altamente depurativa, cuyo objetivo es eliminar ciertas toxinas del organismo. Sin embargo, nos gustar\u00eda relativizar este hecho, ya que no est\u00e1 reconocida como una flor desintoxicante por derecho propio. Es s\u00f3lo un peque\u00f1o extra que ofrece esta hierba de los prados.<\/p>\n<p>El tr\u00e9bol rojo tambi\u00e9n se utiliza para tratar ciertas quemaduras o problemas cr\u00f3nicos de la piel, como eczemas o psoriasis. Es famoso por sus propiedades calmantes y aliviadoras.<span class=\"Apple-converted-space\">\u00a0<\/span><\/p>\n<p>En segundo lugar, tambi\u00e9n se le atribuye una acci\u00f3n beneficiosa para purgar los intestinos de bilis. Esta acci\u00f3n natural se manifiesta por la contracci\u00f3n de la ves\u00edcula biliar.<span class=\"Apple-converted-space\">\u00a0<\/span><\/p>\n<p>En menor medida, tambi\u00e9n se dice que la tisana de tr\u00e9bol rojo alivia los dolores de garganta. Para ello, util\u00edzalo en tus infusiones de la siguiente manera:<\/p>\n<ul>\n<li>Llevar el agua a ebullici\u00f3n y dejar reposar.<span class=\"Apple-converted-space\">\u00a0<\/span><\/li>\n<li>Vierte el agua sobre tu bebida a base de tr\u00e9bol rojo y disfr\u00fatala a temperatura ambiente.<span class=\"Apple-converted-space\">\u00a0<\/span><\/li>\n<\/ul>\n<p>Por \u00faltimo, las tisanas a base de tr\u00e9bol rojo tienen un eficaz efecto diur\u00e9tico y antiespasm\u00f3dico. <span class=\"Apple-converted-space\">\u00a0<\/span><\/p>\n<h3><b>Valor nutritivo del tr\u00e9bol rojo<\/b><\/h3>\n<p>En t\u00e9rminos de calidad y valor nutritivo, esta hierba de suntuosos colores es muy rica en minerales y oligoelementos. Ya hemos visto lo rica que es en flavonoides.<span class=\"Apple-converted-space\">\u00a0<\/span><\/p>\n<p>La isoflavona que nos interesa aqu\u00ed se descompone en 4 sustancias espec\u00edficas:<\/p>\n<ul>\n<li>Biocanina<\/li>\n<li>Formononetina<\/li>\n<li>Geniste\u00edna<span class=\"Apple-converted-space\">\u00a0<\/span><\/li>\n<li>La daidzeine.<\/li>\n<\/ul>\n<p>Entre la lista de minerales esenciales, el Trifolium Pratense contiene calcio, potasio, f\u00f3sforo y magnesio.<\/p>\n<p>La lista de oligoelementos tambi\u00e9n incluye cobre, hierro, zinc y selenio, entre muchos otros.<span class=\"Apple-converted-space\">\u00a0<\/span><\/p>\n<p>Vitaminas B, C y E<span class=\"Apple-converted-space\">\u00a0 <\/span>y K son tambi\u00e9n una fuente de riqueza.<span class=\"Apple-converted-space\">\u00a0<\/span><\/p>\n<p>Aunque el tr\u00e9bol rojo se utiliza habitualmente en nuestro estudio para los problemas hormonales asociados a la menopausia. Hemos comprobado que tiene un gran valor tradicional. Por tanto, puedes utilizarlo en tus infusiones para potenciar tu salud.<\/p>","protected":false},"excerpt":{"rendered":"<p>Le tr\u00e8fle rouge aussi appel\u00e9e \u00ab\u00a0queue de renard\u00a0\u00bb est une herbac\u00e9e pr\u00e9sente sur notre territoire. Sa fleur est reconnue dans notre pharmacop\u00e9e depuis fort longtemps. Dans le cadre de la naturopathie, elle figure parmi les plantes b\u00e9n\u00e9fiques pour traiter certains probl\u00e8mes relatifs \u00e0 la m\u00e9nopause. Cette plante que l\u2019on croise tr\u00e8s commun\u00e9ment dans nos for\u00eats [&#8230;]","protected":false},"featured_media":53,"template":"","meta":[],"product_brand":[],"product_cat":[15,23,27],"product_tag":[],"class_list":{"0":"post-124","1":"product","2":"type-product","3":"status-publish","4":"has-post-thumbnail","6":"product_cat-fertilite","7":"product_cat-hygiene-feminine","8":"product_cat-plantes-medicinales","10":"first","11":"instock","12":"shipping-taxable","13":"purchasable","14":"product-type-variable"},"yoast_head":"<!-- This site is optimized with the Yoast SEO plugin v26.6 - https:\/\/yoast.com\/wordpress\/plugins\/seo\/ -->\n<title>Tr\u00e8fle rouge (Queue de renard) | Plante aux bienfaits multiples<\/title>\n<meta name=\"description\" content=\"Le tr\u00e8fle rouge aussi appel\u00e9e \u00ab\u00a0queue de renard\u00a0\u00bb est une herbac\u00e9e pr\u00e9sente sur notre territoire. Adoptez-l\u00e0 sans plus attendre !\" \/>\n<meta name=\"robots\" content=\"index, follow, max-snippet:-1, max-image-preview:large, max-video-preview:-1\" \/>\n<link rel=\"canonical\" href=\"https:\/\/www.safinel.fr\/es\/product-2\/trebol-rojo-flores-enteras\/\" \/>\n<meta property=\"og:locale\" content=\"es_ES\" \/>\n<meta property=\"og:type\" content=\"article\" \/>\n<meta property=\"og:title\" content=\"Tr\u00e8fle rouge (Queue de renard) | Plante aux bienfaits multiples\" \/>\n<meta property=\"og:description\" content=\"Le tr\u00e8fle rouge aussi appel\u00e9e \u00ab\u00a0queue de renard\u00a0\u00bb est une herbac\u00e9e pr\u00e9sente sur notre territoire. Adoptez-l\u00e0 sans plus attendre !\" \/>\n<meta property=\"og:url\" content=\"https:\/\/www.safinel.fr\/es\/product-2\/trebol-rojo-flores-enteras\/\" \/>\n<meta property=\"og:site_name\" content=\"Safinel\" \/>\n<meta property=\"article:modified_time\" content=\"2025-09-06T23:12:12+00:00\" \/>\n<meta property=\"og:image\" content=\"https:\/\/www.safinel.fr\/wp-content\/uploads\/2021\/05\/trefle-r-site.jpg\" \/>\n\t<meta property=\"og:image:width\" content=\"317\" \/>\n\t<meta property=\"og:image:height\" content=\"400\" \/>\n\t<meta property=\"og:image:type\" content=\"image\/jpeg\" \/>\n<meta name=\"twitter:card\" content=\"summary_large_image\" \/>\n<meta name=\"twitter:label1\" content=\"Tiempo de lectura\" \/>\n\t<meta name=\"twitter:data1\" content=\"5 minutos\" \/>\n<script type=\"application\/ld+json\" class=\"yoast-schema-graph\">{\"@context\":\"https:\/\/schema.org\",\"@graph\":[{\"@type\":\"WebPage\",\"@id\":\"https:\/\/www.safinel.fr\/produit\/trefle-rouge-fleurs-entieres\/\",\"url\":\"https:\/\/www.safinel.fr\/produit\/trefle-rouge-fleurs-entieres\/\",\"name\":\"Tr\u00e8fle rouge (Queue de renard) | Plante aux bienfaits multiples\",\"isPartOf\":{\"@id\":\"https:\/\/www.safinel.fr\/#website\"},\"primaryImageOfPage\":{\"@id\":\"https:\/\/www.safinel.fr\/produit\/trefle-rouge-fleurs-entieres\/#primaryimage\"},\"image\":{\"@id\":\"https:\/\/www.safinel.fr\/produit\/trefle-rouge-fleurs-entieres\/#primaryimage\"},\"thumbnailUrl\":\"https:\/\/www.safinel.fr\/wp-content\/uploads\/2021\/05\/trefle-r-site.jpg\",\"datePublished\":\"2021-06-01T19:00:44+00:00\",\"dateModified\":\"2025-09-06T23:12:12+00:00\",\"description\":\"Le tr\u00e8fle rouge aussi appel\u00e9e \u00ab\u00a0queue de renard\u00a0\u00bb est une herbac\u00e9e pr\u00e9sente sur notre territoire. Adoptez-l\u00e0 sans plus attendre !\",\"breadcrumb\":{\"@id\":\"https:\/\/www.safinel.fr\/produit\/trefle-rouge-fleurs-entieres\/#breadcrumb\"},\"inLanguage\":\"es\",\"potentialAction\":[{\"@type\":\"ReadAction\",\"target\":[\"https:\/\/www.safinel.fr\/produit\/trefle-rouge-fleurs-entieres\/\"]}]},{\"@type\":\"ImageObject\",\"inLanguage\":\"es\",\"@id\":\"https:\/\/www.safinel.fr\/produit\/trefle-rouge-fleurs-entieres\/#primaryimage\",\"url\":\"https:\/\/www.safinel.fr\/wp-content\/uploads\/2021\/05\/trefle-r-site.jpg\",\"contentUrl\":\"https:\/\/www.safinel.fr\/wp-content\/uploads\/2021\/05\/trefle-r-site.jpg\",\"width\":317,\"height\":400,\"caption\":\"Tr\u00e8fle rouge (Queue de renard)\"},{\"@type\":\"BreadcrumbList\",\"@id\":\"https:\/\/www.safinel.fr\/produit\/trefle-rouge-fleurs-entieres\/#breadcrumb\",\"itemListElement\":[{\"@type\":\"ListItem\",\"position\":1,\"name\":\"Accueil\",\"item\":\"https:\/\/www.safinel.fr\/\"},{\"@type\":\"ListItem\",\"position\":2,\"name\":\"Boutique\",\"item\":\"https:\/\/www.safinel.fr\/boutique\/\"},{\"@type\":\"ListItem\",\"position\":3,\"name\":\"Tr\u00e8fle rouge fleurs enti\u00e8res\"}]},{\"@type\":\"WebSite\",\"@id\":\"https:\/\/www.safinel.fr\/#website\",\"url\":\"https:\/\/www.safinel.fr\/\",\"name\":\"Safinel\",\"description\":\"\",\"publisher\":{\"@id\":\"https:\/\/www.safinel.fr\/#organization\"},\"potentialAction\":[{\"@type\":\"SearchAction\",\"target\":{\"@type\":\"EntryPoint\",\"urlTemplate\":\"https:\/\/www.safinel.fr\/?s={search_term_string}\"},\"query-input\":{\"@type\":\"PropertyValueSpecification\",\"valueRequired\":true,\"valueName\":\"search_term_string\"}}],\"inLanguage\":\"es\"},{\"@type\":\"Organization\",\"@id\":\"https:\/\/www.safinel.fr\/#organization\",\"name\":\"Safinel\",\"url\":\"https:\/\/www.safinel.fr\/\",\"logo\":{\"@type\":\"ImageObject\",\"inLanguage\":\"es\",\"@id\":\"https:\/\/www.safinel.fr\/#\/schema\/logo\/image\/\",\"url\":\"https:\/\/www.safinel.fr\/wp-content\/uploads\/2021\/05\/boutique-cosmetique.png\",\"contentUrl\":\"https:\/\/www.safinel.fr\/wp-content\/uploads\/2021\/05\/boutique-cosmetique.png\",\"width\":800,\"height\":200,\"caption\":\"Safinel\"},\"image\":{\"@id\":\"https:\/\/www.safinel.fr\/#\/schema\/logo\/image\/\"}}]}<\/script>\n<!-- \/ Yoast SEO plugin. -->","yoast_head_json":{"title":"Tr\u00e9bol rojo (cola de zorro) | Planta con m\u00faltiples beneficios","description":"El tr\u00e9bol rojo, tambi\u00e9n conocido como \u00abcola de zorro\u00bb, es una planta herb\u00e1cea que se encuentra en toda nuestra regi\u00f3n. \u00a1Ad\u00f3ptela ahora!","robots":{"index":"index","follow":"follow","max-snippet":"max-snippet:-1","max-image-preview":"max-image-preview:large","max-video-preview":"max-video-preview:-1"},"canonical":"https:\/\/www.safinel.fr\/es\/product-2\/trebol-rojo-flores-enteras\/","og_locale":"es_ES","og_type":"article","og_title":"Tr\u00e8fle rouge (Queue de renard) | Plante aux bienfaits multiples","og_description":"Le tr\u00e8fle rouge aussi appel\u00e9e \u00ab\u00a0queue de renard\u00a0\u00bb est une herbac\u00e9e pr\u00e9sente sur notre territoire. Adoptez-l\u00e0 sans plus attendre !","og_url":"https:\/\/www.safinel.fr\/es\/product-2\/trebol-rojo-flores-enteras\/","og_site_name":"Safinel","article_modified_time":"2025-09-06T23:12:12+00:00","og_image":[{"width":317,"height":400,"url":"https:\/\/www.safinel.fr\/wp-content\/uploads\/2021\/05\/trefle-r-site.jpg","type":"image\/jpeg"}],"twitter_card":"summary_large_image","twitter_misc":{"Tiempo de lectura":"5 minutos"},"schema":{"@context":"https:\/\/schema.org","@graph":[{"@type":"WebPage","@id":"https:\/\/www.safinel.fr\/produit\/trefle-rouge-fleurs-entieres\/","url":"https:\/\/www.safinel.fr\/produit\/trefle-rouge-fleurs-entieres\/","name":"Tr\u00e9bol rojo (cola de zorro) | Planta con m\u00faltiples beneficios","isPartOf":{"@id":"https:\/\/www.safinel.fr\/#website"},"primaryImageOfPage":{"@id":"https:\/\/www.safinel.fr\/produit\/trefle-rouge-fleurs-entieres\/#primaryimage"},"image":{"@id":"https:\/\/www.safinel.fr\/produit\/trefle-rouge-fleurs-entieres\/#primaryimage"},"thumbnailUrl":"https:\/\/www.safinel.fr\/wp-content\/uploads\/2021\/05\/trefle-r-site.jpg","datePublished":"2021-06-01T19:00:44+00:00","dateModified":"2025-09-06T23:12:12+00:00","description":"El tr\u00e9bol rojo, tambi\u00e9n conocido como \u00abcola de zorro\u00bb, es una planta herb\u00e1cea que se encuentra en toda nuestra regi\u00f3n. \u00a1Ad\u00f3ptela ahora!","breadcrumb":{"@id":"https:\/\/www.safinel.fr\/produit\/trefle-rouge-fleurs-entieres\/#breadcrumb"},"inLanguage":"es","potentialAction":[{"@type":"ReadAction","target":["https:\/\/www.safinel.fr\/produit\/trefle-rouge-fleurs-entieres\/"]}]},{"@type":"ImageObject","inLanguage":"es","@id":"https:\/\/www.safinel.fr\/produit\/trefle-rouge-fleurs-entieres\/#primaryimage","url":"https:\/\/www.safinel.fr\/wp-content\/uploads\/2021\/05\/trefle-r-site.jpg","contentUrl":"https:\/\/www.safinel.fr\/wp-content\/uploads\/2021\/05\/trefle-r-site.jpg","width":317,"height":400,"caption":"Tr\u00e8fle rouge (Queue de renard)"},{"@type":"BreadcrumbList","@id":"https:\/\/www.safinel.fr\/produit\/trefle-rouge-fleurs-entieres\/#breadcrumb","itemListElement":[{"@type":"ListItem","position":1,"name":"Accueil","item":"https:\/\/www.safinel.fr\/"},{"@type":"ListItem","position":2,"name":"Boutique","item":"https:\/\/www.safinel.fr\/boutique\/"},{"@type":"ListItem","position":3,"name":"Tr\u00e8fle rouge fleurs enti\u00e8res"}]},{"@type":"WebSite","@id":"https:\/\/www.safinel.fr\/#website","url":"https:\/\/www.safinel.fr\/","name":"Safinel","description":"","publisher":{"@id":"https:\/\/www.safinel.fr\/#organization"},"potentialAction":[{"@type":"SearchAction","target":{"@type":"EntryPoint","urlTemplate":"https:\/\/www.safinel.fr\/?s={search_term_string}"},"query-input":{"@type":"PropertyValueSpecification","valueRequired":true,"valueName":"search_term_string"}}],"inLanguage":"es"},{"@type":"Organization","@id":"https:\/\/www.safinel.fr\/#organization","name":"Safinel","url":"https:\/\/www.safinel.fr\/","logo":{"@type":"ImageObject","inLanguage":"es","@id":"https:\/\/www.safinel.fr\/#\/schema\/logo\/image\/","url":"https:\/\/www.safinel.fr\/wp-content\/uploads\/2021\/05\/boutique-cosmetique.png","contentUrl":"https:\/\/www.safinel.fr\/wp-content\/uploads\/2021\/05\/boutique-cosmetique.png","width":800,"height":200,"caption":"Safinel"},"image":{"@id":"https:\/\/www.safinel.fr\/#\/schema\/logo\/image\/"}}]}},"_links":{"self":[{"href":"https:\/\/www.safinel.fr\/es\/wp-json\/wp\/v2\/product\/124","targetHints":{"allow":["GET"]}}],"collection":[{"href":"https:\/\/www.safinel.fr\/es\/wp-json\/wp\/v2\/product"}],"about":[{"href":"https:\/\/www.safinel.fr\/es\/wp-json\/wp\/v2\/types\/product"}],"wp:featuredmedia":[{"embeddable":true,"href":"https:\/\/www.safinel.fr\/es\/wp-json\/wp\/v2\/media\/53"}],"wp:attachment":[{"href":"https:\/\/www.safinel.fr\/es\/wp-json\/wp\/v2\/media?parent=124"}],"wp:term":[{"taxonomy":"product_brand","embeddable":true,"href":"https:\/\/www.safinel.fr\/es\/wp-json\/wp\/v2\/product_brand?post=124"},{"taxonomy":"product_cat","embeddable":true,"href":"https:\/\/www.safinel.fr\/es\/wp-json\/wp\/v2\/product_cat?post=124"},{"taxonomy":"product_tag","embeddable":true,"href":"https:\/\/www.safinel.fr\/es\/wp-json\/wp\/v2\/product_tag?post=124"}],"curies":[{"name":"wp","href":"https:\/\/api.w.org\/{rel}","templated":true}]}}