{"id":119,"date":"2021-06-01T16:08:55","date_gmt":"2021-06-01T16:08:55","guid":{"rendered":"https:\/\/www.safinel.fr\/?post_type=product&#038;p=119"},"modified":"2024-02-21T11:04:47","modified_gmt":"2024-02-21T11:04:47","slug":"fruta-4-lados-3-piezas","status":"publish","type":"product","link":"https:\/\/www.safinel.fr\/es\/product-2\/fruta-4-lados-3-piezas\/","title":{"rendered":"Fruta 4 lados (3 piezas)"},"content":{"rendered":"<p>El fruto de 4 caras procede del \u00e1rbol tetrapleura tetraptera. Reconocido en la farmacopea africana como tratamiento de ciertos problemas \u00edntimos, tambi\u00e9n se conoce como <a href=\"https:\/\/www.safinel.fr\/es\/product-2\/chebe-en-polvo-100g\/\"><strong>potenciador de la fertilidad<\/strong><\/a>. Pero no s\u00f3lo eso, su acci\u00f3n completa tiene virtudes para el aparato genital femenino. De hecho, esta fruta tiene multitud de beneficios para la esfera \u00edntima. Veamos m\u00e1s de cerca lo que un tratamiento de un mes puede hacer por ti.<\/p>\n<h2><b>Fruta de 4 caras: un potenciador natural de la fertilidad<\/b><\/h2>\n<p>Esta fruta de 4 caras desempe\u00f1a un papel beneficioso en la fertilidad, al igual que muchos otros productos conocidos en todo el mundo. Hirvi\u00e9ndola en agua y bebi\u00e9ndola 3 veces al d\u00eda fuera del periodo menstrual, aumenta la producci\u00f3n de estr\u00f3genos.<span class=\"Apple-converted-space\">\u00a0<\/span><\/p>\n<p>As\u00ed que ya sabes lo que tienes que hacer. Calcula tu ciclo y las fechas clave para sacarle el m\u00e1ximo partido. Esta fruta, muy utilizada en Camer\u00fan y los pa\u00edses del Golfo de Guinea como especia o fertilizante, sabe de lo que habla.<span class=\"Apple-converted-space\">\u00a0<\/span><\/p>\n<h2><b>Ayuda evidente para las menstruaciones dolorosas<\/b><\/h2>\n<p>Esta fruta de 4 caras tambi\u00e9n desempe\u00f1a un claro papel en el ciclo de la mujer. Su consumo alivia los dolores del ciclo hormonal uterino. Al reducir el nivel de progesterona en la sangre tras la ausencia de ovulaci\u00f3n, ayuda a regular el dolor as\u00ed como el dolor de la ovulaci\u00f3n. <a href=\"https:\/\/yemaolitea.com\/shop\/bien-etre\/regles-douloureuses\/\"><strong>tisana para las menstruaciones dolorosas<\/strong><\/a>. Y m\u00e1s all\u00e1 del mal humor. Tambi\u00e9n es eficaz para combatir los fibromas y, en menor medida, los quistes uterinos.<\/p>\n<p>Su acci\u00f3n contra los miomas (tumores benignos situados en el coraz\u00f3n del \u00fatero) se debe a su efecto sobre la disminuci\u00f3n de la progesterona.<\/p>\n<h2><b>Un tratamiento eficaz contra el picor vaginal<\/b><\/h2>\n<p>El uso com\u00fan de la fruta de 4 caras ha demostrado su eficacia en el coraz\u00f3n de la flora vaginal. Muchas mujeres africanas hierven la fruta en agua hirviendo durante 15 minutos. El protocolo consiste entonces en utilizar esta agua para la limpieza \u00edntima. Esta t\u00e9cnica puede utilizarse con regularidad. No obstante, hay que alternar los m\u00e9todos naturales para no acostumbrar la mucosa a los mismos productos. La frecuencia de la alternancia es importante para optimizar los resultados esperados.<span class=\"Apple-converted-space\">\u00a0<\/span><\/p>\n<p>En algunos pa\u00edses, como Ben\u00edn, algunas mujeres preparan cremas naturales a base de fruta de cuatro caras y manteca de karit\u00e9. Estas cremas caseras ayudan a combatir la sequedad vaginal. Tambi\u00e9n son eficaces contra los picores. Por \u00faltimo, este proceso favorece los buenos olores durante la limpieza \u00edntima.<\/p>\n<h3><b>Fruta de 4 caras: \u00bfqu\u00e9 te aporta?<\/b><\/h3>\n<p>Producto que ha recorrido miles de kil\u00f3metros, la fruta de 4 caras es a\u00fan demasiado poco conocida en Francia. Gracias a su labor de investigaci\u00f3n, la boutique natural Safinel puede ayudarle a descubrir remedios milagrosos que, de hecho, son los secretos de las mujeres del continente africano. Ahora que se ha desvelado el misterio, esta planta medicinal ya no tiene por qu\u00e9 ocultar sus milagros. Ya est\u00e1 disponible en Francia en nuestra tienda en l\u00ednea.<\/p>","protected":false},"excerpt":{"rendered":"<p><img decoding=\"async\" class=\"size-full wp-image-5091 aligncenter\" src=\"https:\/\/www.safinel.fr\/wp-content\/uploads\/2021\/06\/BANNIERE-ICONE-SAFINEL.webp\" alt=\"reaseguro de sat\u00e9n\" width=\"800\" height=\"200\" srcset=\"https:\/\/www.safinel.fr\/wp-content\/uploads\/2021\/06\/BANNIERE-ICONE-SAFINEL.webp 800w, https:\/\/www.safinel.fr\/wp-content\/uploads\/2021\/06\/BANNIERE-ICONE-SAFINEL-600x150.webp 600w, https:\/\/www.safinel.fr\/wp-content\/uploads\/2021\/06\/BANNIERE-ICONE-SAFINEL-768x192.webp 768w\" sizes=\"(max-width: 800px) 100vw, 800px\" \/><\/p>","protected":false},"featured_media":58,"template":"","meta":[],"product_brand":[],"product_cat":[15,59,23,150,27],"product_tag":[],"class_list":{"0":"post-119","1":"product","2":"type-product","3":"status-publish","4":"has-post-thumbnail","6":"product_cat-fertilite","7":"product_cat-fruit-tropical","8":"product_cat-hygiene-feminine","9":"product_cat-legume-africain","10":"product_cat-plantes-medicinales","12":"first","13":"instock","14":"shipping-taxable","15":"purchasable","16":"product-type-simple"},"yoast_head":"<!-- This site is optimized with the Yoast SEO plugin v26.6 - https:\/\/yoast.com\/wordpress\/plugins\/seo\/ -->\n<title>Fruit 4 c\u00f4t\u00e9s | Plante naturelle id\u00e9al contre les r\u00e8gles douloureuses<\/title>\n<meta name=\"description\" content=\"Le fruit 4 c\u00f4t\u00e9s est reconnu dans la pharmacop\u00e9e africaine pour traiter certains probl\u00e8mes d\u2019ordre intime. D\u00e9couvrez-le !\" \/>\n<meta name=\"robots\" content=\"index, follow, max-snippet:-1, max-image-preview:large, max-video-preview:-1\" \/>\n<link rel=\"canonical\" href=\"https:\/\/www.safinel.fr\/es\/product-2\/fruta-4-lados-3-piezas\/\" \/>\n<meta property=\"og:locale\" content=\"es_ES\" \/>\n<meta property=\"og:type\" content=\"article\" \/>\n<meta property=\"og:title\" content=\"Fruit 4 c\u00f4t\u00e9s | Plante naturelle id\u00e9al contre les r\u00e8gles douloureuses\" \/>\n<meta property=\"og:description\" content=\"Le fruit 4 c\u00f4t\u00e9s est reconnu dans la pharmacop\u00e9e africaine pour traiter certains probl\u00e8mes d\u2019ordre intime. D\u00e9couvrez-le !\" \/>\n<meta property=\"og:url\" content=\"https:\/\/www.safinel.fr\/es\/product-2\/fruta-4-lados-3-piezas\/\" \/>\n<meta property=\"og:site_name\" content=\"Safinel\" \/>\n<meta property=\"article:modified_time\" content=\"2024-02-21T11:04:47+00:00\" \/>\n<meta property=\"og:image\" content=\"https:\/\/www.safinel.fr\/wp-content\/uploads\/2021\/05\/fruit-4-cote-site.jpg\" \/>\n\t<meta property=\"og:image:width\" content=\"352\" \/>\n\t<meta property=\"og:image:height\" content=\"400\" \/>\n\t<meta property=\"og:image:type\" content=\"image\/jpeg\" \/>\n<meta name=\"twitter:card\" content=\"summary_large_image\" \/>\n<meta name=\"twitter:label1\" content=\"Tiempo de lectura\" \/>\n\t<meta name=\"twitter:data1\" content=\"3 minutos\" \/>\n<script type=\"application\/ld+json\" class=\"yoast-schema-graph\">{\"@context\":\"https:\/\/schema.org\",\"@graph\":[{\"@type\":\"WebPage\",\"@id\":\"https:\/\/www.safinel.fr\/produit\/fruit-4-cotes-3-pieces\/\",\"url\":\"https:\/\/www.safinel.fr\/produit\/fruit-4-cotes-3-pieces\/\",\"name\":\"Fruit 4 c\u00f4t\u00e9s | Plante naturelle id\u00e9al contre les r\u00e8gles douloureuses\",\"isPartOf\":{\"@id\":\"https:\/\/www.safinel.fr\/#website\"},\"primaryImageOfPage\":{\"@id\":\"https:\/\/www.safinel.fr\/produit\/fruit-4-cotes-3-pieces\/#primaryimage\"},\"image\":{\"@id\":\"https:\/\/www.safinel.fr\/produit\/fruit-4-cotes-3-pieces\/#primaryimage\"},\"thumbnailUrl\":\"https:\/\/www.safinel.fr\/wp-content\/uploads\/2021\/05\/fruit-4-cote-site.jpg\",\"datePublished\":\"2021-06-01T16:08:55+00:00\",\"dateModified\":\"2024-02-21T11:04:47+00:00\",\"description\":\"Le fruit 4 c\u00f4t\u00e9s est reconnu dans la pharmacop\u00e9e africaine pour traiter certains probl\u00e8mes d\u2019ordre intime. D\u00e9couvrez-le !\",\"breadcrumb\":{\"@id\":\"https:\/\/www.safinel.fr\/produit\/fruit-4-cotes-3-pieces\/#breadcrumb\"},\"inLanguage\":\"es\",\"potentialAction\":[{\"@type\":\"ReadAction\",\"target\":[\"https:\/\/www.safinel.fr\/produit\/fruit-4-cotes-3-pieces\/\"]}]},{\"@type\":\"ImageObject\",\"inLanguage\":\"es\",\"@id\":\"https:\/\/www.safinel.fr\/produit\/fruit-4-cotes-3-pieces\/#primaryimage\",\"url\":\"https:\/\/www.safinel.fr\/wp-content\/uploads\/2021\/05\/fruit-4-cote-site.jpg\",\"contentUrl\":\"https:\/\/www.safinel.fr\/wp-content\/uploads\/2021\/05\/fruit-4-cote-site.jpg\",\"width\":352,\"height\":400,\"caption\":\"fruit 4 c\u00f4t\u00e9s\"},{\"@type\":\"BreadcrumbList\",\"@id\":\"https:\/\/www.safinel.fr\/produit\/fruit-4-cotes-3-pieces\/#breadcrumb\",\"itemListElement\":[{\"@type\":\"ListItem\",\"position\":1,\"name\":\"Accueil\",\"item\":\"https:\/\/www.safinel.fr\/\"},{\"@type\":\"ListItem\",\"position\":2,\"name\":\"Boutique\",\"item\":\"https:\/\/www.safinel.fr\/boutique\/\"},{\"@type\":\"ListItem\",\"position\":3,\"name\":\"Fruit 4 c\u00f4t\u00e9s (3 pi\u00e8ces)\"}]},{\"@type\":\"WebSite\",\"@id\":\"https:\/\/www.safinel.fr\/#website\",\"url\":\"https:\/\/www.safinel.fr\/\",\"name\":\"Safinel\",\"description\":\"\",\"publisher\":{\"@id\":\"https:\/\/www.safinel.fr\/#organization\"},\"potentialAction\":[{\"@type\":\"SearchAction\",\"target\":{\"@type\":\"EntryPoint\",\"urlTemplate\":\"https:\/\/www.safinel.fr\/?s={search_term_string}\"},\"query-input\":{\"@type\":\"PropertyValueSpecification\",\"valueRequired\":true,\"valueName\":\"search_term_string\"}}],\"inLanguage\":\"es\"},{\"@type\":\"Organization\",\"@id\":\"https:\/\/www.safinel.fr\/#organization\",\"name\":\"Safinel\",\"url\":\"https:\/\/www.safinel.fr\/\",\"logo\":{\"@type\":\"ImageObject\",\"inLanguage\":\"es\",\"@id\":\"https:\/\/www.safinel.fr\/#\/schema\/logo\/image\/\",\"url\":\"https:\/\/www.safinel.fr\/wp-content\/uploads\/2021\/05\/boutique-cosmetique.png\",\"contentUrl\":\"https:\/\/www.safinel.fr\/wp-content\/uploads\/2021\/05\/boutique-cosmetique.png\",\"width\":800,\"height\":200,\"caption\":\"Safinel\"},\"image\":{\"@id\":\"https:\/\/www.safinel.fr\/#\/schema\/logo\/image\/\"}}]}<\/script>\n<!-- \/ Yoast SEO plugin. -->","yoast_head_json":{"title":"Fruta 4 caras | Planta natural ideal para periodos dolorosos","description":"Este fruto de 4 caras est\u00e1 reconocido en la farmacopea africana para tratar ciertos problemas \u00edntimos. M\u00e1s informaci\u00f3n","robots":{"index":"index","follow":"follow","max-snippet":"max-snippet:-1","max-image-preview":"max-image-preview:large","max-video-preview":"max-video-preview:-1"},"canonical":"https:\/\/www.safinel.fr\/es\/product-2\/fruta-4-lados-3-piezas\/","og_locale":"es_ES","og_type":"article","og_title":"Fruit 4 c\u00f4t\u00e9s | Plante naturelle id\u00e9al contre les r\u00e8gles douloureuses","og_description":"Le fruit 4 c\u00f4t\u00e9s est reconnu dans la pharmacop\u00e9e africaine pour traiter certains probl\u00e8mes d\u2019ordre intime. D\u00e9couvrez-le !","og_url":"https:\/\/www.safinel.fr\/es\/product-2\/fruta-4-lados-3-piezas\/","og_site_name":"Safinel","article_modified_time":"2024-02-21T11:04:47+00:00","og_image":[{"width":352,"height":400,"url":"https:\/\/www.safinel.fr\/wp-content\/uploads\/2021\/05\/fruit-4-cote-site.jpg","type":"image\/jpeg"}],"twitter_card":"summary_large_image","twitter_misc":{"Tiempo de lectura":"3 minutos"},"schema":{"@context":"https:\/\/schema.org","@graph":[{"@type":"WebPage","@id":"https:\/\/www.safinel.fr\/produit\/fruit-4-cotes-3-pieces\/","url":"https:\/\/www.safinel.fr\/produit\/fruit-4-cotes-3-pieces\/","name":"Fruta 4 caras | Planta natural ideal para periodos dolorosos","isPartOf":{"@id":"https:\/\/www.safinel.fr\/#website"},"primaryImageOfPage":{"@id":"https:\/\/www.safinel.fr\/produit\/fruit-4-cotes-3-pieces\/#primaryimage"},"image":{"@id":"https:\/\/www.safinel.fr\/produit\/fruit-4-cotes-3-pieces\/#primaryimage"},"thumbnailUrl":"https:\/\/www.safinel.fr\/wp-content\/uploads\/2021\/05\/fruit-4-cote-site.jpg","datePublished":"2021-06-01T16:08:55+00:00","dateModified":"2024-02-21T11:04:47+00:00","description":"Este fruto de 4 caras est\u00e1 reconocido en la farmacopea africana para tratar ciertos problemas \u00edntimos. M\u00e1s informaci\u00f3n","breadcrumb":{"@id":"https:\/\/www.safinel.fr\/produit\/fruit-4-cotes-3-pieces\/#breadcrumb"},"inLanguage":"es","potentialAction":[{"@type":"ReadAction","target":["https:\/\/www.safinel.fr\/produit\/fruit-4-cotes-3-pieces\/"]}]},{"@type":"ImageObject","inLanguage":"es","@id":"https:\/\/www.safinel.fr\/produit\/fruit-4-cotes-3-pieces\/#primaryimage","url":"https:\/\/www.safinel.fr\/wp-content\/uploads\/2021\/05\/fruit-4-cote-site.jpg","contentUrl":"https:\/\/www.safinel.fr\/wp-content\/uploads\/2021\/05\/fruit-4-cote-site.jpg","width":352,"height":400,"caption":"fruit 4 c\u00f4t\u00e9s"},{"@type":"BreadcrumbList","@id":"https:\/\/www.safinel.fr\/produit\/fruit-4-cotes-3-pieces\/#breadcrumb","itemListElement":[{"@type":"ListItem","position":1,"name":"Accueil","item":"https:\/\/www.safinel.fr\/"},{"@type":"ListItem","position":2,"name":"Boutique","item":"https:\/\/www.safinel.fr\/boutique\/"},{"@type":"ListItem","position":3,"name":"Fruit 4 c\u00f4t\u00e9s (3 pi\u00e8ces)"}]},{"@type":"WebSite","@id":"https:\/\/www.safinel.fr\/#website","url":"https:\/\/www.safinel.fr\/","name":"Safinel","description":"","publisher":{"@id":"https:\/\/www.safinel.fr\/#organization"},"potentialAction":[{"@type":"SearchAction","target":{"@type":"EntryPoint","urlTemplate":"https:\/\/www.safinel.fr\/?s={search_term_string}"},"query-input":{"@type":"PropertyValueSpecification","valueRequired":true,"valueName":"search_term_string"}}],"inLanguage":"es"},{"@type":"Organization","@id":"https:\/\/www.safinel.fr\/#organization","name":"Safinel","url":"https:\/\/www.safinel.fr\/","logo":{"@type":"ImageObject","inLanguage":"es","@id":"https:\/\/www.safinel.fr\/#\/schema\/logo\/image\/","url":"https:\/\/www.safinel.fr\/wp-content\/uploads\/2021\/05\/boutique-cosmetique.png","contentUrl":"https:\/\/www.safinel.fr\/wp-content\/uploads\/2021\/05\/boutique-cosmetique.png","width":800,"height":200,"caption":"Safinel"},"image":{"@id":"https:\/\/www.safinel.fr\/#\/schema\/logo\/image\/"}}]}},"_links":{"self":[{"href":"https:\/\/www.safinel.fr\/es\/wp-json\/wp\/v2\/product\/119","targetHints":{"allow":["GET"]}}],"collection":[{"href":"https:\/\/www.safinel.fr\/es\/wp-json\/wp\/v2\/product"}],"about":[{"href":"https:\/\/www.safinel.fr\/es\/wp-json\/wp\/v2\/types\/product"}],"wp:featuredmedia":[{"embeddable":true,"href":"https:\/\/www.safinel.fr\/es\/wp-json\/wp\/v2\/media\/58"}],"wp:attachment":[{"href":"https:\/\/www.safinel.fr\/es\/wp-json\/wp\/v2\/media?parent=119"}],"wp:term":[{"taxonomy":"product_brand","embeddable":true,"href":"https:\/\/www.safinel.fr\/es\/wp-json\/wp\/v2\/product_brand?post=119"},{"taxonomy":"product_cat","embeddable":true,"href":"https:\/\/www.safinel.fr\/es\/wp-json\/wp\/v2\/product_cat?post=119"},{"taxonomy":"product_tag","embeddable":true,"href":"https:\/\/www.safinel.fr\/es\/wp-json\/wp\/v2\/product_tag?post=119"}],"curies":[{"name":"wp","href":"https:\/\/api.w.org\/{rel}","templated":true}]}}