{"id":1164,"date":"2022-03-29T00:32:35","date_gmt":"2022-03-29T00:32:35","guid":{"rendered":"https:\/\/www.safinel.fr\/?post_type=product&#038;p=1164"},"modified":"2024-05-10T16:12:26","modified_gmt":"2024-05-10T16:12:26","slug":"gowe","status":"publish","type":"product","link":"https:\/\/www.safinel.fr\/es\/product-2\/gowe\/","title":{"rendered":"Gow\u00e9 100 g"},"content":{"rendered":"<p>Una vez m\u00e1s, su boutique de bienestar Safinel le propone un producto cuando menos original. Y, hay que decirlo, poco conocido en Occidente. Se trata de\u00a0<strong>Gow\u00e9<\/strong>, a\u00a0<strong>Planta africana<\/strong>\u00a0Te lo vamos a contar todo... !<\/p>\n<h2><strong>Gow\u00e9: una planta natural que viene de lejos\u00a0<\/strong><\/h2>\n<p>Originaria de la India y \u00c1frica, esta planta crece ahora en casi todo el mundo. Prospera en cualquier tipo de suelo, por lo que se est\u00e1 extendiendo en grandes cantidades. Cuando el calor y el sol son adecuados, es cuando el Gow\u00e9 est\u00e1 en su mejor momento.<\/p>\n<p>Es m\u00e1s, aunque es conocida en general en las comunidades africanas, ahora se est\u00e1 exportando m\u00e1s all\u00e1 de las fronteras para que Occidente pueda beneficiarse de sus virtudes.<\/p>\n<p>\u00a1No esperes m\u00e1s para descubrir Gow\u00e9 en su envase de 100g en tu tienda Safinel de salud natural! Si te gusta<strong>\u00a0productos naturales<\/strong>, \u00a1est\u00e1s de suerte!<\/p>\n<h2><strong>Semillas de gow\u00e9: un remedio natural \u00a0<\/strong><\/h2>\n<p>As\u00ed que es hora de entrar en materia y descubrir m\u00e1s cosas sobre esta magn\u00edfica planta de m\u00faltiples virtudes. A menudo asociada a sus cualidades arom\u00e1ticas, tambi\u00e9n posee numerosas propiedades medicinales.<strong>\u00a0cualidades medicinales<\/strong>.<\/p>\n<p>Muy utilizado en \u00c1frica para ayudar a las mujeres a recuperarse tras el parto, tambi\u00e9n puede ser una fuente de energ\u00eda para el organismo.\u00a0<strong>ventaja para la menstruaci\u00f3n<\/strong>. Mezclado con\u00a0<a href=\"https:\/\/www.safinel.fr\/es\/product-2\/raices-de-vetiver\/\"><strong>khamar\u00e9<\/strong><\/a>, Puede convertirse r\u00e1pidamente en un aliado contra algunas de las enfermedades m\u00e1s peligrosas del mundo.\u00a0<strong>problemas \u00edntimos.\u00a0<\/strong><\/p>\n<p>Es m\u00e1s, se sabe que es un excelente beneficio para la<strong>\u2019<a href=\"https:\/\/www.safinel.fr\/es\/product-2\/pasta-dentifrica-solida-siwak-menta\/\">higiene bucal<\/a><\/strong>, Tambi\u00e9n es apreciado por sus otras virtudes:<\/p>\n<ul>\n<li>Puede ser \u00fatil contra la fiebre<\/li>\n<li><strong>Afrodis\u00edaco natural<\/strong><\/li>\n<li>Un activo relajante para los m\u00fasculos<\/li>\n<li>Puede ayudar con los periodos dolorosos<\/li>\n<\/ul>\n<p>Como puede ver, Gow\u00e9 tiene multitud de ventajas. Por eso, su tienda especializada en\u00a0<strong>productos naturales<\/strong>\u00a0desea que lo descubra. No lo dude m\u00e1s y d\u00e9jese seducir por sus m\u00faltiples cualidades.<\/p>\n<h3><strong>Para un incienso de \u00e9xito\u00a0<\/strong><\/h3>\n<p>En primer lugar, es interesante saber que este\u00a0<strong>Planta medicinal africana<\/strong>\u00a0puede utilizarse en \u00c1frica como\u00a0<strong>repelente de mosquitos<\/strong>\u00a0y otros insectos voladores. Sin embargo, este producto tambi\u00e9n es apreciado por otras cualidades...<\/p>\n<p>Tanto si eres un aficionado al incienso como un principiante, \u00a1el gow\u00e9 puede ser una verdadera ventaja! Esta planta se utiliza en ciertas comunidades por su aroma y sus efectos relajantes. As\u00ed que hazte con un incensario y aprovecha al m\u00e1ximo la fragancia que emana de esta magn\u00edfica planta.<\/p>\n<p>Tambi\u00e9n se necesitan carbones especiales para que el incienso pueda incandescerse y esparcir su fragancia.<strong>\u00a0<a href=\"https:\/\/www.encens-store.fr\" target=\"_blank\" rel=\"noopener\">fragancia oriental<\/a><\/strong>.<\/p>\n<p>Tambi\u00e9n tiene la opci\u00f3n de a\u00f1adir\u00a0<strong>aceites arom\u00e1ticos<\/strong>\u00a0para acentuar la agradable fragancia que desprende el gow\u00e9.<\/p>\n<p>Es bueno saberlo:<\/p>\n<p>Las plantas suelen tener muchas virtudes de las que no somos necesariamente conscientes. Por eso, en parte, nos gustar\u00eda presentarle esta planta con tantas cualidades. Tambi\u00e9n es conocida por su\u00a0<strong>efectos afrodis\u00edacos<\/strong>... Para quienes deseen aprovechar esta propiedad, recomendamos su uso como fumigante.<\/p>","protected":false},"excerpt":{"rendered":"<p>Une fois de plus, votre boutique bien-\u00eatre Safinel vous propose un produit pour le moins original. Et peu connu, il faut le dire, en Occident. Il s\u2019agit du\u00a0Gow\u00e9, une\u00a0plante africaine\u00a0aux multiples vertus que nous allons nous empresser de vous pr\u00e9senter\u2026 ! Le Gow\u00e9 : une plante naturelle qui vient de loin\u00a0 Originaire d\u2019Inde et d\u2019Afrique, [&#8230;]","protected":false},"featured_media":1165,"template":"","meta":[],"product_brand":[],"product_cat":[27],"product_tag":[],"class_list":{"0":"post-1164","1":"product","2":"type-product","3":"status-publish","4":"has-post-thumbnail","6":"product_cat-plantes-medicinales","8":"first","9":"outofstock","10":"shipping-taxable","11":"purchasable","12":"product-type-simple"},"yoast_head":"<!-- This site is optimized with the Yoast SEO plugin v26.6 - https:\/\/yoast.com\/wordpress\/plugins\/seo\/ -->\n<title>Gow\u00e9 | Plante africaine aux nombreux bienfaits | Achat en ligne<\/title>\n<meta name=\"description\" content=\"Le Gow\u00e9, est une\u00a0plante africaine\u00a0aux multiples vertus que nous allons nous empresser de vous pr\u00e9senter\u2026 !\u00a0\" \/>\n<meta name=\"robots\" content=\"index, follow, max-snippet:-1, max-image-preview:large, max-video-preview:-1\" \/>\n<link rel=\"canonical\" href=\"https:\/\/www.safinel.fr\/es\/product-2\/gowe\/\" \/>\n<meta property=\"og:locale\" content=\"es_ES\" \/>\n<meta property=\"og:type\" content=\"article\" \/>\n<meta property=\"og:title\" content=\"Gow\u00e9 | Plante africaine aux nombreux bienfaits | Achat en ligne\" \/>\n<meta property=\"og:description\" content=\"Le Gow\u00e9, est une\u00a0plante africaine\u00a0aux multiples vertus que nous allons nous empresser de vous pr\u00e9senter\u2026 !\u00a0\" \/>\n<meta property=\"og:url\" content=\"https:\/\/www.safinel.fr\/es\/product-2\/gowe\/\" \/>\n<meta property=\"og:site_name\" content=\"Safinel\" \/>\n<meta property=\"article:modified_time\" content=\"2024-05-10T16:12:26+00:00\" \/>\n<meta property=\"og:image\" content=\"https:\/\/www.safinel.fr\/wp-content\/uploads\/2022\/04\/gowe.jpg\" \/>\n\t<meta property=\"og:image:width\" content=\"600\" \/>\n\t<meta property=\"og:image:height\" content=\"600\" \/>\n\t<meta property=\"og:image:type\" content=\"image\/jpeg\" \/>\n<meta name=\"twitter:card\" content=\"summary_large_image\" \/>\n<meta name=\"twitter:label1\" content=\"Tiempo de lectura\" \/>\n\t<meta name=\"twitter:data1\" content=\"3 minutos\" \/>\n<script type=\"application\/ld+json\" class=\"yoast-schema-graph\">{\"@context\":\"https:\/\/schema.org\",\"@graph\":[{\"@type\":\"WebPage\",\"@id\":\"https:\/\/www.safinel.fr\/produit\/gowe\/\",\"url\":\"https:\/\/www.safinel.fr\/produit\/gowe\/\",\"name\":\"Gow\u00e9 | Plante africaine aux nombreux bienfaits | Achat en ligne\",\"isPartOf\":{\"@id\":\"https:\/\/www.safinel.fr\/#website\"},\"primaryImageOfPage\":{\"@id\":\"https:\/\/www.safinel.fr\/produit\/gowe\/#primaryimage\"},\"image\":{\"@id\":\"https:\/\/www.safinel.fr\/produit\/gowe\/#primaryimage\"},\"thumbnailUrl\":\"https:\/\/www.safinel.fr\/wp-content\/uploads\/2022\/04\/gowe.jpg\",\"datePublished\":\"2022-03-29T00:32:35+00:00\",\"dateModified\":\"2024-05-10T16:12:26+00:00\",\"description\":\"Le Gow\u00e9, est une\u00a0plante africaine\u00a0aux multiples vertus que nous allons nous empresser de vous pr\u00e9senter\u2026 !\u00a0\",\"breadcrumb\":{\"@id\":\"https:\/\/www.safinel.fr\/produit\/gowe\/#breadcrumb\"},\"inLanguage\":\"es\",\"potentialAction\":[{\"@type\":\"ReadAction\",\"target\":[\"https:\/\/www.safinel.fr\/produit\/gowe\/\"]}]},{\"@type\":\"ImageObject\",\"inLanguage\":\"es\",\"@id\":\"https:\/\/www.safinel.fr\/produit\/gowe\/#primaryimage\",\"url\":\"https:\/\/www.safinel.fr\/wp-content\/uploads\/2022\/04\/gowe.jpg\",\"contentUrl\":\"https:\/\/www.safinel.fr\/wp-content\/uploads\/2022\/04\/gowe.jpg\",\"width\":600,\"height\":600,\"caption\":\"Gow\u00e9 100g\"},{\"@type\":\"BreadcrumbList\",\"@id\":\"https:\/\/www.safinel.fr\/produit\/gowe\/#breadcrumb\",\"itemListElement\":[{\"@type\":\"ListItem\",\"position\":1,\"name\":\"Accueil\",\"item\":\"https:\/\/www.safinel.fr\/\"},{\"@type\":\"ListItem\",\"position\":2,\"name\":\"Boutique\",\"item\":\"https:\/\/www.safinel.fr\/boutique\/\"},{\"@type\":\"ListItem\",\"position\":3,\"name\":\"Gow\u00e9 100g\"}]},{\"@type\":\"WebSite\",\"@id\":\"https:\/\/www.safinel.fr\/#website\",\"url\":\"https:\/\/www.safinel.fr\/\",\"name\":\"Safinel\",\"description\":\"\",\"publisher\":{\"@id\":\"https:\/\/www.safinel.fr\/#organization\"},\"potentialAction\":[{\"@type\":\"SearchAction\",\"target\":{\"@type\":\"EntryPoint\",\"urlTemplate\":\"https:\/\/www.safinel.fr\/?s={search_term_string}\"},\"query-input\":{\"@type\":\"PropertyValueSpecification\",\"valueRequired\":true,\"valueName\":\"search_term_string\"}}],\"inLanguage\":\"es\"},{\"@type\":\"Organization\",\"@id\":\"https:\/\/www.safinel.fr\/#organization\",\"name\":\"Safinel\",\"url\":\"https:\/\/www.safinel.fr\/\",\"logo\":{\"@type\":\"ImageObject\",\"inLanguage\":\"es\",\"@id\":\"https:\/\/www.safinel.fr\/#\/schema\/logo\/image\/\",\"url\":\"https:\/\/www.safinel.fr\/wp-content\/uploads\/2021\/05\/boutique-cosmetique.png\",\"contentUrl\":\"https:\/\/www.safinel.fr\/wp-content\/uploads\/2021\/05\/boutique-cosmetique.png\",\"width\":800,\"height\":200,\"caption\":\"Safinel\"},\"image\":{\"@id\":\"https:\/\/www.safinel.fr\/#\/schema\/logo\/image\/\"}}]}<\/script>\n<!-- \/ Yoast SEO plugin. -->","yoast_head_json":{"title":"Gow\u00e9 | Planta africana con numerosos beneficios | Comprar en l\u00ednea","description":"El gow\u00e9 es una planta africana con muchas virtudes, \u00a1y te lo vamos a contar todo sobre ella...!\u00a0","robots":{"index":"index","follow":"follow","max-snippet":"max-snippet:-1","max-image-preview":"max-image-preview:large","max-video-preview":"max-video-preview:-1"},"canonical":"https:\/\/www.safinel.fr\/es\/product-2\/gowe\/","og_locale":"es_ES","og_type":"article","og_title":"Gow\u00e9 | Plante africaine aux nombreux bienfaits | Achat en ligne","og_description":"Le Gow\u00e9, est une\u00a0plante africaine\u00a0aux multiples vertus que nous allons nous empresser de vous pr\u00e9senter\u2026 !\u00a0","og_url":"https:\/\/www.safinel.fr\/es\/product-2\/gowe\/","og_site_name":"Safinel","article_modified_time":"2024-05-10T16:12:26+00:00","og_image":[{"width":600,"height":600,"url":"https:\/\/www.safinel.fr\/wp-content\/uploads\/2022\/04\/gowe.jpg","type":"image\/jpeg"}],"twitter_card":"summary_large_image","twitter_misc":{"Tiempo de lectura":"3 minutos"},"schema":{"@context":"https:\/\/schema.org","@graph":[{"@type":"WebPage","@id":"https:\/\/www.safinel.fr\/produit\/gowe\/","url":"https:\/\/www.safinel.fr\/produit\/gowe\/","name":"Gow\u00e9 | Planta africana con numerosos beneficios | Comprar en l\u00ednea","isPartOf":{"@id":"https:\/\/www.safinel.fr\/#website"},"primaryImageOfPage":{"@id":"https:\/\/www.safinel.fr\/produit\/gowe\/#primaryimage"},"image":{"@id":"https:\/\/www.safinel.fr\/produit\/gowe\/#primaryimage"},"thumbnailUrl":"https:\/\/www.safinel.fr\/wp-content\/uploads\/2022\/04\/gowe.jpg","datePublished":"2022-03-29T00:32:35+00:00","dateModified":"2024-05-10T16:12:26+00:00","description":"El gow\u00e9 es una planta africana con muchas virtudes, \u00a1y te lo vamos a contar todo sobre ella...!\u00a0","breadcrumb":{"@id":"https:\/\/www.safinel.fr\/produit\/gowe\/#breadcrumb"},"inLanguage":"es","potentialAction":[{"@type":"ReadAction","target":["https:\/\/www.safinel.fr\/produit\/gowe\/"]}]},{"@type":"ImageObject","inLanguage":"es","@id":"https:\/\/www.safinel.fr\/produit\/gowe\/#primaryimage","url":"https:\/\/www.safinel.fr\/wp-content\/uploads\/2022\/04\/gowe.jpg","contentUrl":"https:\/\/www.safinel.fr\/wp-content\/uploads\/2022\/04\/gowe.jpg","width":600,"height":600,"caption":"Gow\u00e9 100g"},{"@type":"BreadcrumbList","@id":"https:\/\/www.safinel.fr\/produit\/gowe\/#breadcrumb","itemListElement":[{"@type":"ListItem","position":1,"name":"Accueil","item":"https:\/\/www.safinel.fr\/"},{"@type":"ListItem","position":2,"name":"Boutique","item":"https:\/\/www.safinel.fr\/boutique\/"},{"@type":"ListItem","position":3,"name":"Gow\u00e9 100g"}]},{"@type":"WebSite","@id":"https:\/\/www.safinel.fr\/#website","url":"https:\/\/www.safinel.fr\/","name":"Safinel","description":"","publisher":{"@id":"https:\/\/www.safinel.fr\/#organization"},"potentialAction":[{"@type":"SearchAction","target":{"@type":"EntryPoint","urlTemplate":"https:\/\/www.safinel.fr\/?s={search_term_string}"},"query-input":{"@type":"PropertyValueSpecification","valueRequired":true,"valueName":"search_term_string"}}],"inLanguage":"es"},{"@type":"Organization","@id":"https:\/\/www.safinel.fr\/#organization","name":"Safinel","url":"https:\/\/www.safinel.fr\/","logo":{"@type":"ImageObject","inLanguage":"es","@id":"https:\/\/www.safinel.fr\/#\/schema\/logo\/image\/","url":"https:\/\/www.safinel.fr\/wp-content\/uploads\/2021\/05\/boutique-cosmetique.png","contentUrl":"https:\/\/www.safinel.fr\/wp-content\/uploads\/2021\/05\/boutique-cosmetique.png","width":800,"height":200,"caption":"Safinel"},"image":{"@id":"https:\/\/www.safinel.fr\/#\/schema\/logo\/image\/"}}]}},"_links":{"self":[{"href":"https:\/\/www.safinel.fr\/es\/wp-json\/wp\/v2\/product\/1164","targetHints":{"allow":["GET"]}}],"collection":[{"href":"https:\/\/www.safinel.fr\/es\/wp-json\/wp\/v2\/product"}],"about":[{"href":"https:\/\/www.safinel.fr\/es\/wp-json\/wp\/v2\/types\/product"}],"wp:featuredmedia":[{"embeddable":true,"href":"https:\/\/www.safinel.fr\/es\/wp-json\/wp\/v2\/media\/1165"}],"wp:attachment":[{"href":"https:\/\/www.safinel.fr\/es\/wp-json\/wp\/v2\/media?parent=1164"}],"wp:term":[{"taxonomy":"product_brand","embeddable":true,"href":"https:\/\/www.safinel.fr\/es\/wp-json\/wp\/v2\/product_brand?post=1164"},{"taxonomy":"product_cat","embeddable":true,"href":"https:\/\/www.safinel.fr\/es\/wp-json\/wp\/v2\/product_cat?post=1164"},{"taxonomy":"product_tag","embeddable":true,"href":"https:\/\/www.safinel.fr\/es\/wp-json\/wp\/v2\/product_tag?post=1164"}],"curies":[{"name":"wp","href":"https:\/\/api.w.org\/{rel}","templated":true}]}}