{"id":116,"date":"2021-06-01T16:05:25","date_gmt":"2021-06-01T16:05:25","guid":{"rendered":"https:\/\/www.safinel.fr\/?post_type=product&#038;p=116"},"modified":"2025-04-12T16:24:43","modified_gmt":"2025-04-12T16:24:43","slug":"salvia-sclarea","status":"publish","type":"product","link":"https:\/\/www.safinel.fr\/es\/product-2\/salvia-sclarea\/","title":{"rendered":"Salvia sclarea"},"content":{"rendered":"<p>La salvia sclarea, cuyo nombre en lat\u00edn es Salvia sclarea, es una planta herb\u00e1cea perenne que se encuentra en toda la regi\u00f3n mediterr\u00e1nea. Tiene una vida muy corta. Tambi\u00e9n se encuentra en Asia occidental. Se cultiva principalmente por sus flores y hojas, a las que se atribuyen propiedades terap\u00e9uticas. Se utiliza casi exclusivamente para las mujeres. Se utiliza para mejorar la fertilidad y para regular y tratar ciertos trastornos naturales.<\/p>\n<p>Puede encontrar y utilizar la salvia sclarea como aceite esencial. Pero tambi\u00e9n puedes utilizar la parte a\u00e9rea, como te sugerimos aqu\u00ed.<\/p>\n<h2><b>Los beneficios de la salvia sclarea<\/b><\/h2>\n<p>Las virtudes de la salvia sclarea est\u00e1n muy extendidas. En la cultura popular, se ha utilizado para tratar problemas del cuero cabelludo y la piel. Sin embargo, hoy en d\u00eda se utiliza para contrarrestar los efectos indeseables causados por ciertos trastornos o carencias. Por ejemplo, las molestias causadas por la amenorrea, las reglas dolorosas o la premenopausia. La salvia sclarea tiene un efecto real en la reducci\u00f3n de los sofocos.<\/p>\n<p>Gracias a sus propiedades antif\u00fangicas, tambi\u00e9n puede utilizarse para tratar ciertos problemas relacionados con los cambios hormonales. Por ejemplo, la aparici\u00f3n de micosis vaginales o cut\u00e1neas.<\/p>\n<p>Tambi\u00e9n se ha demostrado que la salvia sclarea mejora la fertilidad femenina. Ayuda a aumentar la producci\u00f3n de estr\u00f3genos y a regular el ciclo menstrual.<\/p>\n<p>Al actuar sobre la producci\u00f3n de estr\u00f3genos, la salvia sclarea influye en la producci\u00f3n natural de hormonas luteinizantes. Estas valiosas hormonas tienen una relaci\u00f3n causal con el desencadenamiento de la ovulaci\u00f3n.<\/p>\n<p>Tambi\u00e9n act\u00faa sobre la producci\u00f3n de progesterona para preparar la mucosa uterina para la implantaci\u00f3n del \u00f3vulo. Por tanto, su acci\u00f3n estrog\u00e9nica contribuye a aliviar problemas hormonales como la ausencia de menstruaci\u00f3n.<\/p>\n<p>Adem\u00e1s de su acci\u00f3n sobre la fertilidad femenina, la salvia sclarea tambi\u00e9n aporta<span class=\"Apple-converted-space\">\u00a0 <\/span>un plus para la dermatolog\u00eda. Gracias a sus propiedades seborreguladoras, ayuda a combatir el acn\u00e9, los problemas cut\u00e1neos y el cuero cabelludo graso.<\/p>\n<p>Por \u00faltimo, podemos a\u00f1adir que la salvia sclarea ayuda a potenciar la energ\u00eda sexual gracias a su acci\u00f3n estimulante.<\/p>\n<h2><b>Instrucciones de uso<\/b><\/h2>\n<p>La salvia sclarea, que presentamos aqu\u00ed en su parte a\u00e9rea, puede consumirse de diversas formas, seg\u00fan sus preferencias.<\/p>\n<p>En la pr\u00e1ctica, puede tomarse en infusi\u00f3n, al igual que el <a href=\"https:\/\/www.safinel.fr\/es\/product-2\/trebol-rojo-flores-enteras\/\"><strong>tr\u00e9bol rojo<\/strong><\/a>.<\/p>\n<p>En este caso :<\/p>\n<ul>\n<li>Todo lo que necesitas hacer es hervir un poco de agua y<span class=\"Apple-converted-space\">\u00a0 <\/span>luego vi\u00e9rtelo sobre las flores y las hojas, que habr\u00e1s colocado previamente en una taza.<\/li>\n<li>Dejar infusionar unos 5 minutos antes de servir.<\/li>\n<\/ul>\n<p>Tambi\u00e9n puede preparar una decocci\u00f3n de salvia sclarea. Para prepararla:<\/p>\n<ul>\n<li>Sumergir las plantas en agua fr\u00eda y llevar a ebullici\u00f3n durante unos 3 minutos.<\/li>\n<\/ul>\n<p>Por \u00faltimo, si prefiere preparar una maceraci\u00f3n.<\/p>\n<p><strong>Nada m\u00e1s sencillo:<\/strong><\/p>\n<ul>\n<li>Coloca las plantas en un l\u00edquido como aceite, agua o vinagre.<\/li>\n<li>Dejar reposar entre 45 minutos y 2 horas antes de aplicar sobre la zona localizada de la piel.<\/li>\n<\/ul>","protected":false},"excerpt":{"rendered":"<p>La salvia esclarea, cuyo nombre latino es \u00abSalvia sclarea\u00bb, es una planta herb\u00e1cea perenne presente en todo el Mediterr\u00e1neo. Su vida \u00fatil es muy corta. Tambi\u00e9n se puede encontrar esta planta en Asia occidental. Se cultiva principalmente por sus flores y hojas, a las que se les atribuyen propiedades terap\u00e9uticas. [\u2026]","protected":false},"featured_media":56,"template":"","meta":[],"product_brand":[],"product_cat":[15,27,19],"product_tag":[],"class_list":{"0":"post-116","1":"product","2":"type-product","3":"status-publish","4":"has-post-thumbnail","6":"product_cat-fertilite","7":"product_cat-plantes-medicinales","8":"product_cat-thes-tisanes","10":"first","11":"instock","12":"shipping-taxable","13":"purchasable","14":"product-type-variable"},"yoast_head":"<!-- This site is optimized with the Yoast SEO plugin v26.6 - https:\/\/yoast.com\/wordpress\/plugins\/seo\/ -->\n<title>Sauge sclar\u00e9e (Salvia sclarea) | Tisane et infusion | Safinel.fr<\/title>\n<meta name=\"description\" content=\"Le sauge sclar\u00e9e de son nom latin &quot;Salvia sclarea&quot; est une plante herbac\u00e9e vivace pr\u00e9sente sur tout le pourtour m\u00e9diterran\u00e9en.\" \/>\n<meta name=\"robots\" content=\"index, follow, max-snippet:-1, max-image-preview:large, max-video-preview:-1\" \/>\n<link rel=\"canonical\" href=\"https:\/\/www.safinel.fr\/es\/product-2\/salvia-sclarea\/\" \/>\n<meta property=\"og:locale\" content=\"es_ES\" \/>\n<meta property=\"og:type\" content=\"article\" \/>\n<meta property=\"og:title\" content=\"Sauge sclar\u00e9e (Salvia sclarea) | Tisane et infusion | Safinel.fr\" \/>\n<meta property=\"og:description\" content=\"Le sauge sclar\u00e9e de son nom latin &quot;Salvia sclarea&quot; est une plante herbac\u00e9e vivace pr\u00e9sente sur tout le pourtour m\u00e9diterran\u00e9en.\" \/>\n<meta property=\"og:url\" content=\"https:\/\/www.safinel.fr\/es\/product-2\/salvia-sclarea\/\" \/>\n<meta property=\"og:site_name\" content=\"Safinel\" \/>\n<meta property=\"article:modified_time\" content=\"2025-04-12T16:24:43+00:00\" \/>\n<meta property=\"og:image\" content=\"https:\/\/www.safinel.fr\/wp-content\/uploads\/2021\/05\/sauge-site.jpg\" \/>\n\t<meta property=\"og:image:width\" content=\"357\" \/>\n\t<meta property=\"og:image:height\" content=\"400\" \/>\n\t<meta property=\"og:image:type\" content=\"image\/jpeg\" \/>\n<meta name=\"twitter:card\" content=\"summary_large_image\" \/>\n<meta name=\"twitter:label1\" content=\"Tiempo de lectura\" \/>\n\t<meta name=\"twitter:data1\" content=\"3 minutos\" \/>\n<script type=\"application\/ld+json\" class=\"yoast-schema-graph\">{\"@context\":\"https:\/\/schema.org\",\"@graph\":[{\"@type\":\"WebPage\",\"@id\":\"https:\/\/www.safinel.fr\/produit\/sauge-sclaree\/\",\"url\":\"https:\/\/www.safinel.fr\/produit\/sauge-sclaree\/\",\"name\":\"Sauge sclar\u00e9e (Salvia sclarea) | Tisane et infusion | Safinel.fr\",\"isPartOf\":{\"@id\":\"https:\/\/www.safinel.fr\/#website\"},\"primaryImageOfPage\":{\"@id\":\"https:\/\/www.safinel.fr\/produit\/sauge-sclaree\/#primaryimage\"},\"image\":{\"@id\":\"https:\/\/www.safinel.fr\/produit\/sauge-sclaree\/#primaryimage\"},\"thumbnailUrl\":\"https:\/\/www.safinel.fr\/wp-content\/uploads\/2021\/05\/sauge-site.jpg\",\"datePublished\":\"2021-06-01T16:05:25+00:00\",\"dateModified\":\"2025-04-12T16:24:43+00:00\",\"description\":\"Le sauge sclar\u00e9e de son nom latin \\\"Salvia sclarea\\\" est une plante herbac\u00e9e vivace pr\u00e9sente sur tout le pourtour m\u00e9diterran\u00e9en.\",\"breadcrumb\":{\"@id\":\"https:\/\/www.safinel.fr\/produit\/sauge-sclaree\/#breadcrumb\"},\"inLanguage\":\"es\",\"potentialAction\":[{\"@type\":\"ReadAction\",\"target\":[\"https:\/\/www.safinel.fr\/produit\/sauge-sclaree\/\"]}]},{\"@type\":\"ImageObject\",\"inLanguage\":\"es\",\"@id\":\"https:\/\/www.safinel.fr\/produit\/sauge-sclaree\/#primaryimage\",\"url\":\"https:\/\/www.safinel.fr\/wp-content\/uploads\/2021\/05\/sauge-site.jpg\",\"contentUrl\":\"https:\/\/www.safinel.fr\/wp-content\/uploads\/2021\/05\/sauge-site.jpg\",\"width\":357,\"height\":400,\"caption\":\"Sauge sclar\u00e9e (Salvia sclarea)\"},{\"@type\":\"BreadcrumbList\",\"@id\":\"https:\/\/www.safinel.fr\/produit\/sauge-sclaree\/#breadcrumb\",\"itemListElement\":[{\"@type\":\"ListItem\",\"position\":1,\"name\":\"Accueil\",\"item\":\"https:\/\/www.safinel.fr\/\"},{\"@type\":\"ListItem\",\"position\":2,\"name\":\"Boutique\",\"item\":\"https:\/\/www.safinel.fr\/boutique\/\"},{\"@type\":\"ListItem\",\"position\":3,\"name\":\"Sauge sclar\u00e9e\"}]},{\"@type\":\"WebSite\",\"@id\":\"https:\/\/www.safinel.fr\/#website\",\"url\":\"https:\/\/www.safinel.fr\/\",\"name\":\"Safinel\",\"description\":\"\",\"publisher\":{\"@id\":\"https:\/\/www.safinel.fr\/#organization\"},\"potentialAction\":[{\"@type\":\"SearchAction\",\"target\":{\"@type\":\"EntryPoint\",\"urlTemplate\":\"https:\/\/www.safinel.fr\/?s={search_term_string}\"},\"query-input\":{\"@type\":\"PropertyValueSpecification\",\"valueRequired\":true,\"valueName\":\"search_term_string\"}}],\"inLanguage\":\"es\"},{\"@type\":\"Organization\",\"@id\":\"https:\/\/www.safinel.fr\/#organization\",\"name\":\"Safinel\",\"url\":\"https:\/\/www.safinel.fr\/\",\"logo\":{\"@type\":\"ImageObject\",\"inLanguage\":\"es\",\"@id\":\"https:\/\/www.safinel.fr\/#\/schema\/logo\/image\/\",\"url\":\"https:\/\/www.safinel.fr\/wp-content\/uploads\/2021\/05\/boutique-cosmetique.png\",\"contentUrl\":\"https:\/\/www.safinel.fr\/wp-content\/uploads\/2021\/05\/boutique-cosmetique.png\",\"width\":800,\"height\":200,\"caption\":\"Safinel\"},\"image\":{\"@id\":\"https:\/\/www.safinel.fr\/#\/schema\/logo\/image\/\"}}]}<\/script>\n<!-- \/ Yoast SEO plugin. -->","yoast_head_json":{"title":"Salvia sclarea (Salvia sclarea) | Infusiones | Safinel.fr","description":"La salvia sclarea, de su nombre latino \"Salvia sclarea\", es una planta herb\u00e1cea perenne que se encuentra en toda la regi\u00f3n mediterr\u00e1nea.","robots":{"index":"index","follow":"follow","max-snippet":"max-snippet:-1","max-image-preview":"max-image-preview:large","max-video-preview":"max-video-preview:-1"},"canonical":"https:\/\/www.safinel.fr\/es\/product-2\/salvia-sclarea\/","og_locale":"es_ES","og_type":"article","og_title":"Sauge sclar\u00e9e (Salvia sclarea) | Tisane et infusion | Safinel.fr","og_description":"Le sauge sclar\u00e9e de son nom latin \"Salvia sclarea\" est une plante herbac\u00e9e vivace pr\u00e9sente sur tout le pourtour m\u00e9diterran\u00e9en.","og_url":"https:\/\/www.safinel.fr\/es\/product-2\/salvia-sclarea\/","og_site_name":"Safinel","article_modified_time":"2025-04-12T16:24:43+00:00","og_image":[{"width":357,"height":400,"url":"https:\/\/www.safinel.fr\/wp-content\/uploads\/2021\/05\/sauge-site.jpg","type":"image\/jpeg"}],"twitter_card":"summary_large_image","twitter_misc":{"Tiempo de lectura":"3 minutos"},"schema":{"@context":"https:\/\/schema.org","@graph":[{"@type":"WebPage","@id":"https:\/\/www.safinel.fr\/produit\/sauge-sclaree\/","url":"https:\/\/www.safinel.fr\/produit\/sauge-sclaree\/","name":"Salvia sclarea (Salvia sclarea) | Infusiones | Safinel.fr","isPartOf":{"@id":"https:\/\/www.safinel.fr\/#website"},"primaryImageOfPage":{"@id":"https:\/\/www.safinel.fr\/produit\/sauge-sclaree\/#primaryimage"},"image":{"@id":"https:\/\/www.safinel.fr\/produit\/sauge-sclaree\/#primaryimage"},"thumbnailUrl":"https:\/\/www.safinel.fr\/wp-content\/uploads\/2021\/05\/sauge-site.jpg","datePublished":"2021-06-01T16:05:25+00:00","dateModified":"2025-04-12T16:24:43+00:00","description":"La salvia sclarea, de su nombre latino \"Salvia sclarea\", es una planta herb\u00e1cea perenne que se encuentra en toda la regi\u00f3n mediterr\u00e1nea.","breadcrumb":{"@id":"https:\/\/www.safinel.fr\/produit\/sauge-sclaree\/#breadcrumb"},"inLanguage":"es","potentialAction":[{"@type":"ReadAction","target":["https:\/\/www.safinel.fr\/produit\/sauge-sclaree\/"]}]},{"@type":"ImageObject","inLanguage":"es","@id":"https:\/\/www.safinel.fr\/produit\/sauge-sclaree\/#primaryimage","url":"https:\/\/www.safinel.fr\/wp-content\/uploads\/2021\/05\/sauge-site.jpg","contentUrl":"https:\/\/www.safinel.fr\/wp-content\/uploads\/2021\/05\/sauge-site.jpg","width":357,"height":400,"caption":"Sauge sclar\u00e9e (Salvia sclarea)"},{"@type":"BreadcrumbList","@id":"https:\/\/www.safinel.fr\/produit\/sauge-sclaree\/#breadcrumb","itemListElement":[{"@type":"ListItem","position":1,"name":"Accueil","item":"https:\/\/www.safinel.fr\/"},{"@type":"ListItem","position":2,"name":"Boutique","item":"https:\/\/www.safinel.fr\/boutique\/"},{"@type":"ListItem","position":3,"name":"Sauge sclar\u00e9e"}]},{"@type":"WebSite","@id":"https:\/\/www.safinel.fr\/#website","url":"https:\/\/www.safinel.fr\/","name":"Safinel","description":"","publisher":{"@id":"https:\/\/www.safinel.fr\/#organization"},"potentialAction":[{"@type":"SearchAction","target":{"@type":"EntryPoint","urlTemplate":"https:\/\/www.safinel.fr\/?s={search_term_string}"},"query-input":{"@type":"PropertyValueSpecification","valueRequired":true,"valueName":"search_term_string"}}],"inLanguage":"es"},{"@type":"Organization","@id":"https:\/\/www.safinel.fr\/#organization","name":"Safinel","url":"https:\/\/www.safinel.fr\/","logo":{"@type":"ImageObject","inLanguage":"es","@id":"https:\/\/www.safinel.fr\/#\/schema\/logo\/image\/","url":"https:\/\/www.safinel.fr\/wp-content\/uploads\/2021\/05\/boutique-cosmetique.png","contentUrl":"https:\/\/www.safinel.fr\/wp-content\/uploads\/2021\/05\/boutique-cosmetique.png","width":800,"height":200,"caption":"Safinel"},"image":{"@id":"https:\/\/www.safinel.fr\/#\/schema\/logo\/image\/"}}]}},"_links":{"self":[{"href":"https:\/\/www.safinel.fr\/es\/wp-json\/wp\/v2\/product\/116","targetHints":{"allow":["GET"]}}],"collection":[{"href":"https:\/\/www.safinel.fr\/es\/wp-json\/wp\/v2\/product"}],"about":[{"href":"https:\/\/www.safinel.fr\/es\/wp-json\/wp\/v2\/types\/product"}],"wp:featuredmedia":[{"embeddable":true,"href":"https:\/\/www.safinel.fr\/es\/wp-json\/wp\/v2\/media\/56"}],"wp:attachment":[{"href":"https:\/\/www.safinel.fr\/es\/wp-json\/wp\/v2\/media?parent=116"}],"wp:term":[{"taxonomy":"product_brand","embeddable":true,"href":"https:\/\/www.safinel.fr\/es\/wp-json\/wp\/v2\/product_brand?post=116"},{"taxonomy":"product_cat","embeddable":true,"href":"https:\/\/www.safinel.fr\/es\/wp-json\/wp\/v2\/product_cat?post=116"},{"taxonomy":"product_tag","embeddable":true,"href":"https:\/\/www.safinel.fr\/es\/wp-json\/wp\/v2\/product_tag?post=116"}],"curies":[{"name":"wp","href":"https:\/\/api.w.org\/{rel}","templated":true}]}}