{"id":1157,"date":"2022-04-29T00:19:08","date_gmt":"2022-04-29T00:19:08","guid":{"rendered":"https:\/\/www.safinel.fr\/?post_type=product&#038;p=1157"},"modified":"2023-12-28T17:15:16","modified_gmt":"2023-12-28T17:15:16","slug":"jabon-de-curcuma","status":"publish","type":"product","link":"https:\/\/www.safinel.fr\/es\/product-2\/jabon-de-curcuma\/","title":{"rendered":"Jab\u00f3n de c\u00farcuma 90 g"},"content":{"rendered":"<p>En\u00a0<strong>problemas cut\u00e1neos<\/strong>\u00a0\u00a1est\u00e1n a la orden del d\u00eda! El acn\u00e9, la psoriasis, el eczema y la piel sensible pueden ser una verdadera carga en la vida cotidiana. La importancia de la apariencia tiene un gran impacto en la confianza en uno mismo. Por eso, \u00a1probablemente tengamos un producto que pueda interesarle! Es hora de conocer el\u00a0<strong>Jab\u00f3n de c\u00farcuma<\/strong>.<\/p>\n<h2><strong>Los or\u00edgenes del jab\u00f3n de c\u00farcuma\u00a0<\/strong><\/h2>\n<p>Antes de nada, un breve inciso sobre la c\u00farcuma... De la familia de las Zingiber\u00e1ceas, esta planta herb\u00e1cea rizomatosa es originaria de Asia. Reducida a polvo, da lugar a la\u00a0<strong>famosa especia\u00a0<\/strong>conocido y reconocido tanto en el arte culinario occidental como en el oriental.<\/p>\n<p>Principal ingrediente del curry, es tambi\u00e9n un factor esencial en la econom\u00eda del pa\u00eds productor. Esta famosa especia es sin duda apreciada por su beneficiosa aportaci\u00f3n a determinados platos. Sin embargo, tambi\u00e9n posee otras cualidades, entre ellas\u00a0<strong>cosm\u00e9ticos<\/strong>.<\/p>\n<h2><strong>Ahora es el momento de presentar el famoso jab\u00f3n de c\u00farcuma\u00a0<\/strong><\/h2>\n<p>Y si hubiera llegado el momento de hablar\u00a0<strong>pastilla de jab\u00f3n<\/strong>\u00a0? Su\u00a0<strong>boutique de cosm\u00e9tica natural\u00a0<\/strong>quiere sacar a la luz un producto que podr\u00eda ser ideal para usted.<\/p>\n<p>La c\u00farcuma se utiliza en\u00a0<strong>medicina ayurv\u00e9dica<\/strong>\u00a0por sus propiedades antis\u00e9pticas, antiinflamatorias y antibacterianas. Tambi\u00e9n es conocido por sus\u00a0<strong>antiedad<\/strong>\u00a0y propiedades antimicrobianas, se utiliza cada vez m\u00e1s en el campo de la\u00a0<strong>productos de belleza.\u00a0<\/strong><\/p>\n<p>M\u00e1s informaci\u00f3n<strong>\u00a0jab\u00f3n de c\u00farcuma<\/strong>... Su composici\u00f3n<strong>\u00a0100% natural<\/strong>\u00a0es una aut\u00e9ntica ventaja para quienes desean cuidar su piel. Su magn\u00edfico color dorado justifica su nombre<strong>\u00a0c\u00farcuma<\/strong>. Con su forma de cubo de 100 g, puede convertirse r\u00e1pidamente en un imprescindible del ba\u00f1o.<\/p>\n<h2><strong>Los beneficios del jab\u00f3n de c\u00farcuma\u00a0<\/strong><\/h2>\n<p>Ahora que tenemos una imagen m\u00e1s clara de este\u00a0<strong>jab\u00f3n en pastilla,\u00a0<\/strong>\u00bfno es hora de hablar de los beneficios? Cuando se trata de aseo personal, necesita productos en los que pueda confiar. Por eso su tienda en l\u00ednea Safinel quiere que descubra un art\u00edculo que podr\u00eda marcar la diferencia en su vida diaria.<\/p>\n<p>No esperes ni un segundo m\u00e1s, deja paso a las virtudes de este\u00a0<strong>producto de limpieza\u00a0<\/strong>:<\/p>\n<ul>\n<li>Puede ser una ventaja<strong>\u00a0contra el acn\u00e9<\/strong><\/li>\n<li>\u00datil contra el eczema<\/li>\n<li>Un activo contra la psoriasis<\/li>\n<li>Se considera un exfoliante suave<\/li>\n<li>Puede ayudar a\u00a0<strong>ralentizar el envejecimiento<\/strong><\/li>\n<li>Puede ayudar a retrasar la aparici\u00f3n de arrugas<\/li>\n<li>Bueno para mantener la piel flexible<\/li>\n<li>\u00datil para\u00a0<strong>aclarar la tez<\/strong><\/li>\n<li>Ayuda a mejorar la elasticidad de la piel<\/li>\n<\/ul>\n<p>Como hemos visto, nuestro\u00a0<strong>jab\u00f3n natural<\/strong>\u00a0contiene multitud de beneficios para la piel. Ideal, de hecho, para quienes desean tener en su poder un\u00a0<strong>cosm\u00e9tica natural<\/strong>.<\/p>\n<p>Sabemos lo dif\u00edcil que es confiar en un producto, sobre todo cuando entra en contacto directo con la piel. Sin embargo, su<strong>\u00a0cuidados naturales<\/strong>\u00a0siempre est\u00e1 dispuesta a ofrecerle productos de calidad. Por eso nos gustar\u00eda que descubriera este\u00a0<strong>cosm\u00e9ticos de c\u00farcuma\u00a0<\/strong>100% natural.<\/p>\n<h2><strong>Nuestros consejos para utilizar correctamente el jab\u00f3n de c\u00farcuma \u00a0<\/strong><\/h2>\n<p>Si se inclina por este producto natural, veamos algunos detalles sobre c\u00f3mo utilizarlo. En primer lugar, debes saber que este\u00a0<strong>jab\u00f3n s\u00f3lido<\/strong>\u00a0puede utilizarse a cualquier hora del d\u00eda.<\/p>\n<p>Sin embargo, le recomendamos que lo utilice dos veces al d\u00eda. La primera vez por la ma\u00f1ana, para que pueda protegerle de algunos de los rayos nocivos del sol.\u00a0<strong>agresiones cut\u00e1neas<\/strong>. Y la segunda, por la noche, para limpiar la piel. Su uso frecuente y repetido puede ser beneficioso para obtener resultados m\u00e1s r\u00e1pidamente. A continuaci\u00f3n, es aconsejable utilizar una crema hidratante, como por ejemplo<strong>\u00a0gel de aloe vera,\u00a0<\/strong>para prevenir la sequ\u00eda.<\/p>\n<p>En la pr\u00e1ctica, el uso de este<strong>\u00a0producto higi\u00e9nico ecol\u00f3gico<\/strong>\u00a0es el mismo que para un\u00a0<strong>pastilla de jab\u00f3n cl\u00e1sica<\/strong>. Despu\u00e9s de humedecer la zona que desea tratar, aplique el jab\u00f3n. Puedes dejarlo actuar unos minutos o aclararlo enseguida. No dudes en repetir el proceso todos los d\u00edas.<\/p>\n<p>Ya lo tienes, \u00a1este saludable producto 100% es un plus para tu limpieza y tu piel! Es hora de dejarse seducir por este producto para el cuidado de la piel y disfrutar de sus beneficios.<\/p>\n<h2><strong>\u00bfPara qu\u00e9 tipo de piel?\u00a0<\/strong><\/h2>\n<p>A menudo, los cosm\u00e9ticos se reservan para un tipo concreto de piel. Sin embargo, uno de los puntos fuertes de \u00e9ste es que sirve para todo tipo de pieles, incluso las calificadas de sensibles. Para hombres o incluso mujeres, no hay por qu\u00e9 apresurarse, \u00a1hay para todos los gustos!<\/p>\n<p><strong>Tez clara<\/strong>\u00a0u oscuro, \u00a1no lo dude y d\u00e9jese convencer por este magn\u00edfico jab\u00f3n con tantas virtudes! Todos sabemos lo importante que es tener en tu\u00a0<strong>productos de higiene<\/strong>, Los imprescindibles. El jab\u00f3n de c\u00farcuma es probablemente el que te faltaba. Para la familia, o para ti personalmente, es importante recordar que este jab\u00f3n est\u00e1 hecho con un ingrediente natural.\u00a0<strong>limpiador facial<\/strong>\u00a0tambi\u00e9n puede formar parte de su<strong>\u00a0higiene corporal<\/strong>.<\/p>\n<p>Este limpiador natural tambi\u00e9n puede utilizarse para la limpieza \u00edntima y corporal. Es hora de dejarse seducir por este nuevo producto higi\u00e9nico.<\/p>\n<h3><strong>Su tienda de cosm\u00e9tica natural tambi\u00e9n...<\/strong><\/h3>\n<p>Si le gusta lo que le ofrece su tienda en l\u00ednea Safinel, \u00a1todav\u00eda no ha visto nada! Siguiendo con el tema natural, venga y descubra el<strong>\u00a0<a href=\"https:\/\/www.safinel.fr\/es\/product-2\/mantequilla-de-fenogreco\/\">mantequilla de fenogreco<\/a>\u00a0<\/strong>o el<strong>\u00a0<a href=\"https:\/\/www.safinel.fr\/es\/product-2\/caca-de-delfante\/\">caca de elefante<\/a> !<\/strong>\u00a0Estos dos cosm\u00e9ticos naturales le encantar\u00e1n.<\/p>\n<p>Esta \u00faltima es una excelente\u00a0<strong>medicina natural\u00a0<\/strong>para muchas dolencias. Por sorprendente que pueda resultar, no se deje llevar por ideas preconcebidas: \u00a1venga y compru\u00e9belo usted mismo!<\/p>\n<p>Adem\u00e1s, la mantequilla de fenogreco es una ventaja para ayudar a\u00a0<strong>reafirmar los gl\u00fateos<\/strong>\u00a0y los pechos de las mujeres. Para las mujeres que desean dar a sus pechos<strong>\u00a0tono<\/strong>\u00a0a sus cuerpos, este es probablemente el producto para usted.<\/p>\n<p>Como puede ver, su tienda online siempre est\u00e1 a la \u00faltima\u00a0<strong>productos naturales\u00a0<\/strong>que pueden ser una ventaja en su vida diaria. Por eso nos gustar\u00eda compartir con usted muchos de nuestros productos, para que pueda disfrutarlos al m\u00e1ximo.<\/p>","protected":false},"excerpt":{"rendered":"<p>Los problemas cut\u00e1neos de todo tipo est\u00e1n a la orden del d\u00eda. El acn\u00e9, la psoriasis, el eczema y la piel sensible pueden ser una verdadera carga en la vida cotidiana. La importancia de la apariencia tiene un gran impacto en la confianza en uno mismo. Por eso seguro que tenemos un producto que le puede interesar. Es [...]","protected":false},"featured_media":1158,"template":"","meta":[],"product_brand":[],"product_cat":[41,123],"product_tag":[],"class_list":{"0":"post-1157","1":"product","2":"type-product","3":"status-publish","4":"has-post-thumbnail","6":"product_cat-produits-naturels-divers","7":"product_cat-savon","9":"first","10":"instock","11":"shipping-taxable","12":"purchasable","13":"product-type-simple"},"yoast_head":"<!-- This site is optimized with the Yoast SEO plugin v26.6 - https:\/\/yoast.com\/wordpress\/plugins\/seo\/ -->\n<title>Savon au curcuma | Bienfaits nombreux | Visage &amp; peaux<\/title>\n<meta name=\"description\" content=\"L\u2019importance de l\u2019apparence joue beaucoup sur la confiance en soi. Il est temps de faire la rencontre avec le\u00a0Savon au curcuma.\" \/>\n<meta name=\"robots\" content=\"index, follow, max-snippet:-1, max-image-preview:large, max-video-preview:-1\" \/>\n<link rel=\"canonical\" href=\"https:\/\/www.safinel.fr\/es\/product-2\/jabon-de-curcuma\/\" \/>\n<meta property=\"og:locale\" content=\"es_ES\" \/>\n<meta property=\"og:type\" content=\"article\" \/>\n<meta property=\"og:title\" content=\"Savon au curcuma | Bienfaits nombreux | Visage &amp; peaux\" \/>\n<meta property=\"og:description\" content=\"L\u2019importance de l\u2019apparence joue beaucoup sur la confiance en soi. Il est temps de faire la rencontre avec le\u00a0Savon au curcuma.\" \/>\n<meta property=\"og:url\" content=\"https:\/\/www.safinel.fr\/es\/product-2\/jabon-de-curcuma\/\" \/>\n<meta property=\"og:site_name\" content=\"Safinel\" \/>\n<meta property=\"article:modified_time\" content=\"2023-12-28T17:15:16+00:00\" \/>\n<meta property=\"og:image\" content=\"https:\/\/www.safinel.fr\/wp-content\/uploads\/2022\/04\/savon-au-curcuma.jpg\" \/>\n\t<meta property=\"og:image:width\" content=\"600\" \/>\n\t<meta property=\"og:image:height\" content=\"600\" \/>\n\t<meta property=\"og:image:type\" content=\"image\/jpeg\" \/>\n<meta name=\"twitter:card\" content=\"summary_large_image\" \/>\n<meta name=\"twitter:label1\" content=\"Tiempo de lectura\" \/>\n\t<meta name=\"twitter:data1\" content=\"6 minutos\" \/>\n<script type=\"application\/ld+json\" class=\"yoast-schema-graph\">{\"@context\":\"https:\/\/schema.org\",\"@graph\":[{\"@type\":\"WebPage\",\"@id\":\"https:\/\/www.safinel.fr\/produit\/savon-curcuma\/\",\"url\":\"https:\/\/www.safinel.fr\/produit\/savon-curcuma\/\",\"name\":\"Savon au curcuma | Bienfaits nombreux | Visage & peaux\",\"isPartOf\":{\"@id\":\"https:\/\/www.safinel.fr\/#website\"},\"primaryImageOfPage\":{\"@id\":\"https:\/\/www.safinel.fr\/produit\/savon-curcuma\/#primaryimage\"},\"image\":{\"@id\":\"https:\/\/www.safinel.fr\/produit\/savon-curcuma\/#primaryimage\"},\"thumbnailUrl\":\"https:\/\/www.safinel.fr\/wp-content\/uploads\/2022\/04\/savon-au-curcuma.jpg\",\"datePublished\":\"2022-04-29T00:19:08+00:00\",\"dateModified\":\"2023-12-28T17:15:16+00:00\",\"description\":\"L\u2019importance de l\u2019apparence joue beaucoup sur la confiance en soi. Il est temps de faire la rencontre avec le\u00a0Savon au curcuma.\",\"breadcrumb\":{\"@id\":\"https:\/\/www.safinel.fr\/produit\/savon-curcuma\/#breadcrumb\"},\"inLanguage\":\"es\",\"potentialAction\":[{\"@type\":\"ReadAction\",\"target\":[\"https:\/\/www.safinel.fr\/produit\/savon-curcuma\/\"]}]},{\"@type\":\"ImageObject\",\"inLanguage\":\"es\",\"@id\":\"https:\/\/www.safinel.fr\/produit\/savon-curcuma\/#primaryimage\",\"url\":\"https:\/\/www.safinel.fr\/wp-content\/uploads\/2022\/04\/savon-au-curcuma.jpg\",\"contentUrl\":\"https:\/\/www.safinel.fr\/wp-content\/uploads\/2022\/04\/savon-au-curcuma.jpg\",\"width\":600,\"height\":600,\"caption\":\"savon au curcuma\"},{\"@type\":\"BreadcrumbList\",\"@id\":\"https:\/\/www.safinel.fr\/produit\/savon-curcuma\/#breadcrumb\",\"itemListElement\":[{\"@type\":\"ListItem\",\"position\":1,\"name\":\"Accueil\",\"item\":\"https:\/\/www.safinel.fr\/\"},{\"@type\":\"ListItem\",\"position\":2,\"name\":\"Boutique\",\"item\":\"https:\/\/www.safinel.fr\/boutique\/\"},{\"@type\":\"ListItem\",\"position\":3,\"name\":\"Savon au curcuma 90g\"}]},{\"@type\":\"WebSite\",\"@id\":\"https:\/\/www.safinel.fr\/#website\",\"url\":\"https:\/\/www.safinel.fr\/\",\"name\":\"Safinel\",\"description\":\"\",\"publisher\":{\"@id\":\"https:\/\/www.safinel.fr\/#organization\"},\"potentialAction\":[{\"@type\":\"SearchAction\",\"target\":{\"@type\":\"EntryPoint\",\"urlTemplate\":\"https:\/\/www.safinel.fr\/?s={search_term_string}\"},\"query-input\":{\"@type\":\"PropertyValueSpecification\",\"valueRequired\":true,\"valueName\":\"search_term_string\"}}],\"inLanguage\":\"es\"},{\"@type\":\"Organization\",\"@id\":\"https:\/\/www.safinel.fr\/#organization\",\"name\":\"Safinel\",\"url\":\"https:\/\/www.safinel.fr\/\",\"logo\":{\"@type\":\"ImageObject\",\"inLanguage\":\"es\",\"@id\":\"https:\/\/www.safinel.fr\/#\/schema\/logo\/image\/\",\"url\":\"https:\/\/www.safinel.fr\/wp-content\/uploads\/2021\/05\/boutique-cosmetique.png\",\"contentUrl\":\"https:\/\/www.safinel.fr\/wp-content\/uploads\/2021\/05\/boutique-cosmetique.png\",\"width\":800,\"height\":200,\"caption\":\"Safinel\"},\"image\":{\"@id\":\"https:\/\/www.safinel.fr\/#\/schema\/logo\/image\/\"}}]}<\/script>\n<!-- \/ Yoast SEO plugin. -->","yoast_head_json":{"title":"Jab\u00f3n de c\u00farcuma | Muchos beneficios | Cara y piel","description":"La importancia de la apariencia juega un papel importante en la confianza en uno mismo. Es hora de conocer el Jab\u00f3n de C\u00farcuma.","robots":{"index":"index","follow":"follow","max-snippet":"max-snippet:-1","max-image-preview":"max-image-preview:large","max-video-preview":"max-video-preview:-1"},"canonical":"https:\/\/www.safinel.fr\/es\/product-2\/jabon-de-curcuma\/","og_locale":"es_ES","og_type":"article","og_title":"Savon au curcuma | Bienfaits nombreux | Visage & peaux","og_description":"L\u2019importance de l\u2019apparence joue beaucoup sur la confiance en soi. Il est temps de faire la rencontre avec le\u00a0Savon au curcuma.","og_url":"https:\/\/www.safinel.fr\/es\/product-2\/jabon-de-curcuma\/","og_site_name":"Safinel","article_modified_time":"2023-12-28T17:15:16+00:00","og_image":[{"width":600,"height":600,"url":"https:\/\/www.safinel.fr\/wp-content\/uploads\/2022\/04\/savon-au-curcuma.jpg","type":"image\/jpeg"}],"twitter_card":"summary_large_image","twitter_misc":{"Tiempo de lectura":"6 minutos"},"schema":{"@context":"https:\/\/schema.org","@graph":[{"@type":"WebPage","@id":"https:\/\/www.safinel.fr\/produit\/savon-curcuma\/","url":"https:\/\/www.safinel.fr\/produit\/savon-curcuma\/","name":"Jab\u00f3n de c\u00farcuma | Muchos beneficios | Cara y piel","isPartOf":{"@id":"https:\/\/www.safinel.fr\/#website"},"primaryImageOfPage":{"@id":"https:\/\/www.safinel.fr\/produit\/savon-curcuma\/#primaryimage"},"image":{"@id":"https:\/\/www.safinel.fr\/produit\/savon-curcuma\/#primaryimage"},"thumbnailUrl":"https:\/\/www.safinel.fr\/wp-content\/uploads\/2022\/04\/savon-au-curcuma.jpg","datePublished":"2022-04-29T00:19:08+00:00","dateModified":"2023-12-28T17:15:16+00:00","description":"La importancia de la apariencia juega un papel importante en la confianza en uno mismo. Es hora de conocer el Jab\u00f3n de C\u00farcuma.","breadcrumb":{"@id":"https:\/\/www.safinel.fr\/produit\/savon-curcuma\/#breadcrumb"},"inLanguage":"es","potentialAction":[{"@type":"ReadAction","target":["https:\/\/www.safinel.fr\/produit\/savon-curcuma\/"]}]},{"@type":"ImageObject","inLanguage":"es","@id":"https:\/\/www.safinel.fr\/produit\/savon-curcuma\/#primaryimage","url":"https:\/\/www.safinel.fr\/wp-content\/uploads\/2022\/04\/savon-au-curcuma.jpg","contentUrl":"https:\/\/www.safinel.fr\/wp-content\/uploads\/2022\/04\/savon-au-curcuma.jpg","width":600,"height":600,"caption":"savon au curcuma"},{"@type":"BreadcrumbList","@id":"https:\/\/www.safinel.fr\/produit\/savon-curcuma\/#breadcrumb","itemListElement":[{"@type":"ListItem","position":1,"name":"Accueil","item":"https:\/\/www.safinel.fr\/"},{"@type":"ListItem","position":2,"name":"Boutique","item":"https:\/\/www.safinel.fr\/boutique\/"},{"@type":"ListItem","position":3,"name":"Savon au curcuma 90g"}]},{"@type":"WebSite","@id":"https:\/\/www.safinel.fr\/#website","url":"https:\/\/www.safinel.fr\/","name":"Safinel","description":"","publisher":{"@id":"https:\/\/www.safinel.fr\/#organization"},"potentialAction":[{"@type":"SearchAction","target":{"@type":"EntryPoint","urlTemplate":"https:\/\/www.safinel.fr\/?s={search_term_string}"},"query-input":{"@type":"PropertyValueSpecification","valueRequired":true,"valueName":"search_term_string"}}],"inLanguage":"es"},{"@type":"Organization","@id":"https:\/\/www.safinel.fr\/#organization","name":"Safinel","url":"https:\/\/www.safinel.fr\/","logo":{"@type":"ImageObject","inLanguage":"es","@id":"https:\/\/www.safinel.fr\/#\/schema\/logo\/image\/","url":"https:\/\/www.safinel.fr\/wp-content\/uploads\/2021\/05\/boutique-cosmetique.png","contentUrl":"https:\/\/www.safinel.fr\/wp-content\/uploads\/2021\/05\/boutique-cosmetique.png","width":800,"height":200,"caption":"Safinel"},"image":{"@id":"https:\/\/www.safinel.fr\/#\/schema\/logo\/image\/"}}]}},"_links":{"self":[{"href":"https:\/\/www.safinel.fr\/es\/wp-json\/wp\/v2\/product\/1157","targetHints":{"allow":["GET"]}}],"collection":[{"href":"https:\/\/www.safinel.fr\/es\/wp-json\/wp\/v2\/product"}],"about":[{"href":"https:\/\/www.safinel.fr\/es\/wp-json\/wp\/v2\/types\/product"}],"wp:featuredmedia":[{"embeddable":true,"href":"https:\/\/www.safinel.fr\/es\/wp-json\/wp\/v2\/media\/1158"}],"wp:attachment":[{"href":"https:\/\/www.safinel.fr\/es\/wp-json\/wp\/v2\/media?parent=1157"}],"wp:term":[{"taxonomy":"product_brand","embeddable":true,"href":"https:\/\/www.safinel.fr\/es\/wp-json\/wp\/v2\/product_brand?post=1157"},{"taxonomy":"product_cat","embeddable":true,"href":"https:\/\/www.safinel.fr\/es\/wp-json\/wp\/v2\/product_cat?post=1157"},{"taxonomy":"product_tag","embeddable":true,"href":"https:\/\/www.safinel.fr\/es\/wp-json\/wp\/v2\/product_tag?post=1157"}],"curies":[{"name":"wp","href":"https:\/\/api.w.org\/{rel}","templated":true}]}}