{"id":112,"date":"2021-06-01T15:57:24","date_gmt":"2021-06-01T15:57:24","guid":{"rendered":"https:\/\/www.safinel.fr\/?post_type=product&#038;p=112"},"modified":"2025-11-11T20:20:31","modified_gmt":"2025-11-11T20:20:31","slug":"djeka-se-va","status":"publish","type":"product","link":"https:\/\/www.safinel.fr\/es\/product-2\/djeka-se-va\/","title":{"rendered":"Djeka se va"},"content":{"rendered":"<p>Conocidas y utilizadas desde tiempos inmemoriales por las mujeres de \u00c1frica Occidental, las hojas de Djeka son un verdadero aliado en el cuidado de la zona m\u00e1s \u00edntima de la mujer. Se conocen cient\u00edficamente como \u00abAlchornea Cordifolia\u00bb. No hay duda de que una vez que haya le\u00eddo sobre los numerosos beneficios que la hoja de Djeka puede aportar a la rutina de bienestar de una mujer, no dudar\u00e1 en incluirla en el coraz\u00f3n de su rutina de cuidado \u00edntimo.<\/p>\n<h2><b>Los esperados beneficios de Djeka<\/b><\/h2>\n<p>Las hojas de djeka son conocidas por ser un antibi\u00f3tico y antis\u00e9ptico natural muy eficaz, que no debe confundirse con <a href=\"https:\/\/www.huiles-de-ricin.com\/plantes-graines\/11-feuille-de-jujubier.html\" target=\"_blank\" rel=\"noopener\"><strong>hoja sidr<\/strong><\/a>. Se les atribuye la capacidad de actuar no s\u00f3lo sobre el \u00fatero, sino tambi\u00e9n sobre el est\u00f3mago.<\/p>\n<p>De este modo, alivia el dolor causado por ciertos problemas intestinales como las \u00falceras o la aparici\u00f3n de lombrices. Adem\u00e1s, esta beneficiosa hoja facilita la limpieza profunda de los intestinos y sus impurezas.<span class=\"Apple-converted-space\">\u00a0<\/span><\/p>\n<p>Tambi\u00e9n se sabe que tiene un efecto tonificante sobre la vagina. Se sabe que la hoja de djeka ayuda a fortalecer y tensar el perineo. Esta reeducaci\u00f3n es necesaria despu\u00e9s del parto para evitar p\u00e9rdidas de orina y otros inconvenientes. De esta extraordinaria capacidad le viene el apodo de \u00abpegajosa\u00bb.<\/p>\n<p>Las hojas de djeka son tambi\u00e9n un verdadero aliado en el mantenimiento de la piel. <a href=\"https:\/\/www.safinel.fr\/es\/product-2\/raices-de-vetiver\/\"><strong>flora vaginal<\/strong><\/a>. Adem\u00e1s de detener el picor vaginal, reducen y alivian eficazmente el dolor menstrual.<\/p>\n<p>Por \u00faltimo, tambi\u00e9n se dice que la hoja de djeka es eficaz contra la caries y el dolor de muelas. Especialmente cuando se toma en infusi\u00f3n.<\/p>\n<h3><b>Hojas de djeka: consejos e instrucciones de uso<\/b><\/h3>\n<p>Ante todo, es importante precisar que esta hoja no debe ser utilizada por mujeres embarazadas. De hecho, como ya hemos visto, esta hoja se utiliza mejor despu\u00e9s del parto.<\/p>\n<p>La hoja de djeka puede utilizarse de diversas maneras, en funci\u00f3n de los beneficios que desee obtener de ella.<\/p>\n<ul>\n<li>Para preparar una infusi\u00f3n, lave cuidadosamente las hojas de djeka antes de hervirlas en agua durante unos 10 minutos. A continuaci\u00f3n, se filtra la mezcla y se bebe a lo largo del d\u00eda. Esto limpia el \u00fatero internamente.<\/li>\n<\/ul>\n<ul>\n<li>Tambi\u00e9n puedes utilizar hojas de djeka para la limpieza \u00edntima. Para preparar el agua de limpieza \u00edntima, lava y hierve las hojas de djeka en agua durante 10 o 15 minutos.<\/li>\n<li>A continuaci\u00f3n, deja enfriar la decocci\u00f3n. Una vez lista, p\u00e1sala a un recipiente para que puedas utilizarla m\u00e1s f\u00e1cilmente a la hora de lavarte.<\/li>\n<\/ul>\n<p><span class=\"Apple-converted-space\">\u00a0<\/span>De este modo, le permitir\u00e1 luchar contra las secreciones malolientes y<span class=\"Apple-converted-space\">\u00a0<\/span>Picor vaginal.<\/p>\n<ul>\n<li>Por \u00faltimo, para optimizar el tratamiento de la zona vaginal, le recomendamos que hierva las hojas de Djeka. A continuaci\u00f3n, vierte la mezcla en un recipiente lo suficientemente grande como para que puedas ponerte en cuclillas sobre \u00e9l.<span class=\"Apple-converted-space\">\u00a0<\/span><\/li>\n<\/ul>\n<p>A continuaci\u00f3n, espere unos veinte minutos a que el vapor se difunda hasta el coraz\u00f3n de la zona \u00edntima.<span class=\"Apple-converted-space\">\u00a0<\/span><\/p>","protected":false},"excerpt":{"rendered":"<p>Conocidas y utilizadas desde tiempos inmemoriales por las mujeres de \u00c1frica Occidental, las hojas de Djeka son un verdadero aliado en el cuidado de la zona m\u00e1s \u00edntima de la mujer. Se conocen cient\u00edficamente como \u00abAlchornea Cordifolia\u00bb. No cabe duda de que despu\u00e9s de leer sobre los m\u00faltiples beneficios que las hojas de Djeka pueden aportar a la [...].","protected":false},"featured_media":76,"template":"","meta":[],"product_brand":[],"product_cat":[15,23,27,19],"product_tag":[],"class_list":{"0":"post-112","1":"product","2":"type-product","3":"status-publish","4":"has-post-thumbnail","6":"product_cat-fertilite","7":"product_cat-hygiene-feminine","8":"product_cat-plantes-medicinales","9":"product_cat-thes-tisanes","11":"first","12":"outofstock","13":"shipping-taxable","14":"purchasable","15":"product-type-variable"},"yoast_head":"<!-- This site is optimized with the Yoast SEO plugin v26.6 - https:\/\/yoast.com\/wordpress\/plugins\/seo\/ -->\n<title>Feuilles de djeka (Alchornea Cordifolia) | Livraison rapide<\/title>\n<meta name=\"description\" content=\"Les feuilles de Djeka sont \u00e9galement un v\u00e9ritable alli\u00e9 pour l&#039;entretien de la flore vaginale. Livraison rapide et soign\u00e9e en France.\" \/>\n<meta name=\"robots\" content=\"index, follow, max-snippet:-1, max-image-preview:large, max-video-preview:-1\" \/>\n<link rel=\"canonical\" href=\"https:\/\/www.safinel.fr\/es\/product-2\/djeka-se-va\/\" \/>\n<meta property=\"og:locale\" content=\"es_ES\" \/>\n<meta property=\"og:type\" content=\"article\" \/>\n<meta property=\"og:title\" content=\"Feuilles de djeka (Alchornea Cordifolia) | Livraison rapide\" \/>\n<meta property=\"og:description\" content=\"Les feuilles de Djeka sont \u00e9galement un v\u00e9ritable alli\u00e9 pour l&#039;entretien de la flore vaginale. Livraison rapide et soign\u00e9e en France.\" \/>\n<meta property=\"og:url\" content=\"https:\/\/www.safinel.fr\/es\/product-2\/djeka-se-va\/\" \/>\n<meta property=\"og:site_name\" content=\"Safinel\" \/>\n<meta property=\"article:modified_time\" content=\"2025-11-11T20:20:31+00:00\" \/>\n<meta property=\"og:image\" content=\"https:\/\/www.safinel.fr\/wp-content\/uploads\/2021\/05\/djeka-poudre-site.jpg\" \/>\n\t<meta property=\"og:image:width\" content=\"327\" \/>\n\t<meta property=\"og:image:height\" content=\"400\" \/>\n\t<meta property=\"og:image:type\" content=\"image\/jpeg\" \/>\n<meta name=\"twitter:card\" content=\"summary_large_image\" \/>\n<meta name=\"twitter:label1\" content=\"Tiempo de lectura\" \/>\n\t<meta name=\"twitter:data1\" content=\"3 minutos\" \/>\n<script type=\"application\/ld+json\" class=\"yoast-schema-graph\">{\"@context\":\"https:\/\/schema.org\",\"@graph\":[{\"@type\":\"WebPage\",\"@id\":\"https:\/\/www.safinel.fr\/produit\/feuilles-de-djeka\/\",\"url\":\"https:\/\/www.safinel.fr\/produit\/feuilles-de-djeka\/\",\"name\":\"Feuilles de djeka (Alchornea Cordifolia) | Livraison rapide\",\"isPartOf\":{\"@id\":\"https:\/\/www.safinel.fr\/#website\"},\"primaryImageOfPage\":{\"@id\":\"https:\/\/www.safinel.fr\/produit\/feuilles-de-djeka\/#primaryimage\"},\"image\":{\"@id\":\"https:\/\/www.safinel.fr\/produit\/feuilles-de-djeka\/#primaryimage\"},\"thumbnailUrl\":\"https:\/\/www.safinel.fr\/wp-content\/uploads\/2021\/05\/djeka-poudre-site.jpg\",\"datePublished\":\"2021-06-01T15:57:24+00:00\",\"dateModified\":\"2025-11-11T20:20:31+00:00\",\"description\":\"Les feuilles de Djeka sont \u00e9galement un v\u00e9ritable alli\u00e9 pour l'entretien de la flore vaginale. Livraison rapide et soign\u00e9e en France.\",\"breadcrumb\":{\"@id\":\"https:\/\/www.safinel.fr\/produit\/feuilles-de-djeka\/#breadcrumb\"},\"inLanguage\":\"es\",\"potentialAction\":[{\"@type\":\"ReadAction\",\"target\":[\"https:\/\/www.safinel.fr\/produit\/feuilles-de-djeka\/\"]}]},{\"@type\":\"ImageObject\",\"inLanguage\":\"es\",\"@id\":\"https:\/\/www.safinel.fr\/produit\/feuilles-de-djeka\/#primaryimage\",\"url\":\"https:\/\/www.safinel.fr\/wp-content\/uploads\/2021\/05\/djeka-poudre-site.jpg\",\"contentUrl\":\"https:\/\/www.safinel.fr\/wp-content\/uploads\/2021\/05\/djeka-poudre-site.jpg\",\"width\":327,\"height\":400,\"caption\":\"Feuilles de djeka (Alchornea Cordifolia)\"},{\"@type\":\"BreadcrumbList\",\"@id\":\"https:\/\/www.safinel.fr\/produit\/feuilles-de-djeka\/#breadcrumb\",\"itemListElement\":[{\"@type\":\"ListItem\",\"position\":1,\"name\":\"Accueil\",\"item\":\"https:\/\/www.safinel.fr\/\"},{\"@type\":\"ListItem\",\"position\":2,\"name\":\"Boutique\",\"item\":\"https:\/\/www.safinel.fr\/boutique\/\"},{\"@type\":\"ListItem\",\"position\":3,\"name\":\"Feuilles de Djeka\"}]},{\"@type\":\"WebSite\",\"@id\":\"https:\/\/www.safinel.fr\/#website\",\"url\":\"https:\/\/www.safinel.fr\/\",\"name\":\"Safinel\",\"description\":\"\",\"publisher\":{\"@id\":\"https:\/\/www.safinel.fr\/#organization\"},\"potentialAction\":[{\"@type\":\"SearchAction\",\"target\":{\"@type\":\"EntryPoint\",\"urlTemplate\":\"https:\/\/www.safinel.fr\/?s={search_term_string}\"},\"query-input\":{\"@type\":\"PropertyValueSpecification\",\"valueRequired\":true,\"valueName\":\"search_term_string\"}}],\"inLanguage\":\"es\"},{\"@type\":\"Organization\",\"@id\":\"https:\/\/www.safinel.fr\/#organization\",\"name\":\"Safinel\",\"url\":\"https:\/\/www.safinel.fr\/\",\"logo\":{\"@type\":\"ImageObject\",\"inLanguage\":\"es\",\"@id\":\"https:\/\/www.safinel.fr\/#\/schema\/logo\/image\/\",\"url\":\"https:\/\/www.safinel.fr\/wp-content\/uploads\/2021\/05\/boutique-cosmetique.png\",\"contentUrl\":\"https:\/\/www.safinel.fr\/wp-content\/uploads\/2021\/05\/boutique-cosmetique.png\",\"width\":800,\"height\":200,\"caption\":\"Safinel\"},\"image\":{\"@id\":\"https:\/\/www.safinel.fr\/#\/schema\/logo\/image\/\"}}]}<\/script>\n<!-- \/ Yoast SEO plugin. -->","yoast_head_json":{"title":"Djeka hojas (Alchornea Cordifolia) | Entrega r\u00e1pida","description":"Las hojas de djeka son tambi\u00e9n un verdadero aliado para el mantenimiento de la flora vaginal. Entrega r\u00e1pida y cuidadosa en Francia.","robots":{"index":"index","follow":"follow","max-snippet":"max-snippet:-1","max-image-preview":"max-image-preview:large","max-video-preview":"max-video-preview:-1"},"canonical":"https:\/\/www.safinel.fr\/es\/product-2\/djeka-se-va\/","og_locale":"es_ES","og_type":"article","og_title":"Feuilles de djeka (Alchornea Cordifolia) | Livraison rapide","og_description":"Les feuilles de Djeka sont \u00e9galement un v\u00e9ritable alli\u00e9 pour l'entretien de la flore vaginale. Livraison rapide et soign\u00e9e en France.","og_url":"https:\/\/www.safinel.fr\/es\/product-2\/djeka-se-va\/","og_site_name":"Safinel","article_modified_time":"2025-11-11T20:20:31+00:00","og_image":[{"width":327,"height":400,"url":"https:\/\/www.safinel.fr\/wp-content\/uploads\/2021\/05\/djeka-poudre-site.jpg","type":"image\/jpeg"}],"twitter_card":"summary_large_image","twitter_misc":{"Tiempo de lectura":"3 minutos"},"schema":{"@context":"https:\/\/schema.org","@graph":[{"@type":"WebPage","@id":"https:\/\/www.safinel.fr\/produit\/feuilles-de-djeka\/","url":"https:\/\/www.safinel.fr\/produit\/feuilles-de-djeka\/","name":"Djeka hojas (Alchornea Cordifolia) | Entrega r\u00e1pida","isPartOf":{"@id":"https:\/\/www.safinel.fr\/#website"},"primaryImageOfPage":{"@id":"https:\/\/www.safinel.fr\/produit\/feuilles-de-djeka\/#primaryimage"},"image":{"@id":"https:\/\/www.safinel.fr\/produit\/feuilles-de-djeka\/#primaryimage"},"thumbnailUrl":"https:\/\/www.safinel.fr\/wp-content\/uploads\/2021\/05\/djeka-poudre-site.jpg","datePublished":"2021-06-01T15:57:24+00:00","dateModified":"2025-11-11T20:20:31+00:00","description":"Las hojas de djeka son tambi\u00e9n un verdadero aliado para el mantenimiento de la flora vaginal. Entrega r\u00e1pida y cuidadosa en Francia.","breadcrumb":{"@id":"https:\/\/www.safinel.fr\/produit\/feuilles-de-djeka\/#breadcrumb"},"inLanguage":"es","potentialAction":[{"@type":"ReadAction","target":["https:\/\/www.safinel.fr\/produit\/feuilles-de-djeka\/"]}]},{"@type":"ImageObject","inLanguage":"es","@id":"https:\/\/www.safinel.fr\/produit\/feuilles-de-djeka\/#primaryimage","url":"https:\/\/www.safinel.fr\/wp-content\/uploads\/2021\/05\/djeka-poudre-site.jpg","contentUrl":"https:\/\/www.safinel.fr\/wp-content\/uploads\/2021\/05\/djeka-poudre-site.jpg","width":327,"height":400,"caption":"Feuilles de djeka (Alchornea Cordifolia)"},{"@type":"BreadcrumbList","@id":"https:\/\/www.safinel.fr\/produit\/feuilles-de-djeka\/#breadcrumb","itemListElement":[{"@type":"ListItem","position":1,"name":"Accueil","item":"https:\/\/www.safinel.fr\/"},{"@type":"ListItem","position":2,"name":"Boutique","item":"https:\/\/www.safinel.fr\/boutique\/"},{"@type":"ListItem","position":3,"name":"Feuilles de Djeka"}]},{"@type":"WebSite","@id":"https:\/\/www.safinel.fr\/#website","url":"https:\/\/www.safinel.fr\/","name":"Safinel","description":"","publisher":{"@id":"https:\/\/www.safinel.fr\/#organization"},"potentialAction":[{"@type":"SearchAction","target":{"@type":"EntryPoint","urlTemplate":"https:\/\/www.safinel.fr\/?s={search_term_string}"},"query-input":{"@type":"PropertyValueSpecification","valueRequired":true,"valueName":"search_term_string"}}],"inLanguage":"es"},{"@type":"Organization","@id":"https:\/\/www.safinel.fr\/#organization","name":"Safinel","url":"https:\/\/www.safinel.fr\/","logo":{"@type":"ImageObject","inLanguage":"es","@id":"https:\/\/www.safinel.fr\/#\/schema\/logo\/image\/","url":"https:\/\/www.safinel.fr\/wp-content\/uploads\/2021\/05\/boutique-cosmetique.png","contentUrl":"https:\/\/www.safinel.fr\/wp-content\/uploads\/2021\/05\/boutique-cosmetique.png","width":800,"height":200,"caption":"Safinel"},"image":{"@id":"https:\/\/www.safinel.fr\/#\/schema\/logo\/image\/"}}]}},"_links":{"self":[{"href":"https:\/\/www.safinel.fr\/es\/wp-json\/wp\/v2\/product\/112","targetHints":{"allow":["GET"]}}],"collection":[{"href":"https:\/\/www.safinel.fr\/es\/wp-json\/wp\/v2\/product"}],"about":[{"href":"https:\/\/www.safinel.fr\/es\/wp-json\/wp\/v2\/types\/product"}],"wp:featuredmedia":[{"embeddable":true,"href":"https:\/\/www.safinel.fr\/es\/wp-json\/wp\/v2\/media\/76"}],"wp:attachment":[{"href":"https:\/\/www.safinel.fr\/es\/wp-json\/wp\/v2\/media?parent=112"}],"wp:term":[{"taxonomy":"product_brand","embeddable":true,"href":"https:\/\/www.safinel.fr\/es\/wp-json\/wp\/v2\/product_brand?post=112"},{"taxonomy":"product_cat","embeddable":true,"href":"https:\/\/www.safinel.fr\/es\/wp-json\/wp\/v2\/product_cat?post=112"},{"taxonomy":"product_tag","embeddable":true,"href":"https:\/\/www.safinel.fr\/es\/wp-json\/wp\/v2\/product_tag?post=112"}],"curies":[{"name":"wp","href":"https:\/\/api.w.org\/{rel}","templated":true}]}}