{"id":11050,"date":"2024-01-20T14:43:52","date_gmt":"2024-01-20T14:43:52","guid":{"rendered":"https:\/\/www.safinel.fr\/?post_type=product&#038;p=11050"},"modified":"2025-06-28T01:23:25","modified_gmt":"2025-06-28T01:23:25","slug":"white-secret-jabon-aclarante","status":"publish","type":"product","link":"https:\/\/www.safinel.fr\/es\/product-2\/white-secret-jabon-aclarante\/","title":{"rendered":"Jab\u00f3n Aclarante (Cuerpo y Rostro) 90g - White Secret"},"content":{"rendered":"<p>Le <strong>Jab\u00f3n s\u00f3lido aclarante White Secret<\/strong>\u00a0es una parte esencial de su rutina de cuidado de la piel. Dise\u00f1ado tanto para el cuerpo como para el rostro, este vers\u00e1til jab\u00f3n cosm\u00e9tico ofrece numerosos beneficios para la piel. Adem\u00e1s de nutrir, tiene propiedades iluminadoras, lo que supone una ventaja innegable para una piel radiante y luminosa.<\/p>\n<h2><strong>El jab\u00f3n s\u00f3lido vuelve a estar de moda<\/strong><\/h2>\n<p>Los productos de belleza tradicionales est\u00e1n resurgiendo con fuerza, y el jab\u00f3n s\u00f3lido se est\u00e1 haciendo tan popular como los productos tradicionales. <a href=\"https:\/\/www.safinel.fr\/es\/product-2\/aceite-superbrillante-con-colageno\/\"><strong>Aceite m\u00e1gico<\/strong><\/a>, Es la opci\u00f3n ideal para el cuidado de la piel.<\/p>\n<p>El jab\u00f3n en barra White Secret ofrece una alternativa pr\u00e1ctica y respetuosa con el medio ambiente a los geles de ducha l\u00edquidos. Y todo ello sin dejar de ofrecer beneficios \u00fanicos para la piel, convirtiendo la rutina de limpieza en un momento de puro placer y bienestar.<\/p>\n<h2><strong>\u00a1El jab\u00f3n aclarante para una piel extraordinaria!<\/strong><\/h2>\n<p>Le\u00a0<strong>limpiador s\u00f3lido\u00a0<\/strong>White Secret destaca por su acci\u00f3n iluminadora. Ayuda a reducir las manchas oscuras e imperfecciones y unifica el tono de la piel. Su f\u00f3rmula especial ayuda a revelar el resplandor natural de la piel, d\u00e1ndole un aspecto m\u00e1s luminoso y uniforme para una piel extraordinariamente bella.<\/p>\n<h3><strong>\u00bfC\u00f3mo se utiliza el jab\u00f3n aclarante White Secret?<\/strong><\/h3>\n<p>Para aprovechar al m\u00e1ximo\u00a0<strong>beneficios iluminadores\u00a0<\/strong>El jab\u00f3n s\u00f3lido White Secret se recomienda para uso diario.<\/p>\n<p>Para ello:<\/p>\n<ul>\n<li>Haz espuma con el jab\u00f3n entre las manos<\/li>\n<li>A continuaci\u00f3n, aplicar la espuma sobre el rostro y el cuerpo con movimientos circulares.<\/li>\n<li>Aclarar abundantemente con agua tibia y secar suavemente la piel.<\/li>\n<\/ul>\n<p>Como puede ver, para una eficacia \u00f3ptima, evite el contacto con los ojos y guarde el jab\u00f3n en un lugar fresco y seco despu\u00e9s de usarlo.<\/p>\n<p>White Secret ofrece una lujosa experiencia de limpieza y un momento de bienestar y belleza. D\u00e9 por fin a su piel la luminosidad y suavidad que se merece con este\u00a0<strong>jab\u00f3n cosm\u00e9tico<\/strong>\u00a0notable.<\/p>","protected":false},"excerpt":{"rendered":"<p><img decoding=\"async\" class=\"size-full wp-image-5091 aligncenter\" src=\"https:\/\/www.safinel.fr\/wp-content\/uploads\/2021\/06\/BANNIERE-ICONE-SAFINEL.webp\" alt=\"reaseguro de sat\u00e9n\" width=\"800\" height=\"200\" srcset=\"https:\/\/www.safinel.fr\/wp-content\/uploads\/2021\/06\/BANNIERE-ICONE-SAFINEL.webp 800w, https:\/\/www.safinel.fr\/wp-content\/uploads\/2021\/06\/BANNIERE-ICONE-SAFINEL-600x150.webp 600w, https:\/\/www.safinel.fr\/wp-content\/uploads\/2021\/06\/BANNIERE-ICONE-SAFINEL-768x192.webp 768w\" sizes=\"(max-width: 800px) 100vw, 800px\" \/><\/p>","protected":false},"featured_media":11051,"template":"","meta":[],"product_brand":[],"product_cat":[123],"product_tag":[],"class_list":{"0":"post-11050","1":"product","2":"type-product","3":"status-publish","4":"has-post-thumbnail","6":"product_cat-savon","8":"first","9":"instock","10":"shipping-taxable","11":"purchasable","12":"product-type-simple"},"yoast_head":"<!-- This site is optimized with the Yoast SEO plugin v26.6 - https:\/\/yoast.com\/wordpress\/plugins\/seo\/ -->\n<title>Savon \u00e9claircissant | Corps &amp; visage | White Secret<\/title>\n<meta name=\"description\" content=\"Le savon solide \u00e9claircissant White Secret\u00a0est un indispensable de votre routine de soins cutan\u00e9s. Adoptez-le sans plus attendre !\" \/>\n<meta name=\"robots\" content=\"index, follow, max-snippet:-1, max-image-preview:large, max-video-preview:-1\" \/>\n<link rel=\"canonical\" href=\"https:\/\/www.safinel.fr\/es\/product-2\/white-secret-jabon-aclarante\/\" \/>\n<meta property=\"og:locale\" content=\"es_ES\" \/>\n<meta property=\"og:type\" content=\"article\" \/>\n<meta property=\"og:title\" content=\"Savon \u00e9claircissant | Corps &amp; visage | White Secret\" \/>\n<meta property=\"og:description\" content=\"Le savon solide \u00e9claircissant White Secret\u00a0est un indispensable de votre routine de soins cutan\u00e9s. Adoptez-le sans plus attendre !\" \/>\n<meta property=\"og:url\" content=\"https:\/\/www.safinel.fr\/es\/product-2\/white-secret-jabon-aclarante\/\" \/>\n<meta property=\"og:site_name\" content=\"Safinel\" \/>\n<meta property=\"article:modified_time\" content=\"2025-06-28T01:23:25+00:00\" \/>\n<meta property=\"og:image\" content=\"https:\/\/www.safinel.fr\/wp-content\/uploads\/2024\/01\/Savon-Eclaircissant-Corps-Visage-White-Secret-\u2013-90g-.jpg\" \/>\n\t<meta property=\"og:image:width\" content=\"600\" \/>\n\t<meta property=\"og:image:height\" content=\"600\" \/>\n\t<meta property=\"og:image:type\" content=\"image\/jpeg\" \/>\n<meta name=\"twitter:card\" content=\"summary_large_image\" \/>\n<meta name=\"twitter:label1\" content=\"Tiempo de lectura\" \/>\n\t<meta name=\"twitter:data1\" content=\"2 minutos\" \/>\n<script type=\"application\/ld+json\" class=\"yoast-schema-graph\">{\"@context\":\"https:\/\/schema.org\",\"@graph\":[{\"@type\":\"WebPage\",\"@id\":\"https:\/\/www.safinel.fr\/produit\/savon-eclaircissant-white-secret\/\",\"url\":\"https:\/\/www.safinel.fr\/produit\/savon-eclaircissant-white-secret\/\",\"name\":\"Savon \u00e9claircissant | Corps & visage | White Secret\",\"isPartOf\":{\"@id\":\"https:\/\/www.safinel.fr\/#website\"},\"primaryImageOfPage\":{\"@id\":\"https:\/\/www.safinel.fr\/produit\/savon-eclaircissant-white-secret\/#primaryimage\"},\"image\":{\"@id\":\"https:\/\/www.safinel.fr\/produit\/savon-eclaircissant-white-secret\/#primaryimage\"},\"thumbnailUrl\":\"https:\/\/www.safinel.fr\/wp-content\/uploads\/2024\/01\/Savon-Eclaircissant-Corps-Visage-White-Secret-\u2013-90g-.jpg\",\"datePublished\":\"2024-01-20T14:43:52+00:00\",\"dateModified\":\"2025-06-28T01:23:25+00:00\",\"description\":\"Le savon solide \u00e9claircissant White Secret\u00a0est un indispensable de votre routine de soins cutan\u00e9s. Adoptez-le sans plus attendre !\",\"breadcrumb\":{\"@id\":\"https:\/\/www.safinel.fr\/produit\/savon-eclaircissant-white-secret\/#breadcrumb\"},\"inLanguage\":\"es\",\"potentialAction\":[{\"@type\":\"ReadAction\",\"target\":[\"https:\/\/www.safinel.fr\/produit\/savon-eclaircissant-white-secret\/\"]}]},{\"@type\":\"ImageObject\",\"inLanguage\":\"es\",\"@id\":\"https:\/\/www.safinel.fr\/produit\/savon-eclaircissant-white-secret\/#primaryimage\",\"url\":\"https:\/\/www.safinel.fr\/wp-content\/uploads\/2024\/01\/Savon-Eclaircissant-Corps-Visage-White-Secret-\u2013-90g-.jpg\",\"contentUrl\":\"https:\/\/www.safinel.fr\/wp-content\/uploads\/2024\/01\/Savon-Eclaircissant-Corps-Visage-White-Secret-\u2013-90g-.jpg\",\"width\":600,\"height\":600,\"caption\":\"Savon \u00e9claircissant (Corps & visage) 90g - White Secret\"},{\"@type\":\"BreadcrumbList\",\"@id\":\"https:\/\/www.safinel.fr\/produit\/savon-eclaircissant-white-secret\/#breadcrumb\",\"itemListElement\":[{\"@type\":\"ListItem\",\"position\":1,\"name\":\"Accueil\",\"item\":\"https:\/\/www.safinel.fr\/\"},{\"@type\":\"ListItem\",\"position\":2,\"name\":\"Boutique\",\"item\":\"https:\/\/www.safinel.fr\/boutique\/\"},{\"@type\":\"ListItem\",\"position\":3,\"name\":\"Savon \u00e9claircissant (Corps &#038; visage) 90g &#8211; White Secret\"}]},{\"@type\":\"WebSite\",\"@id\":\"https:\/\/www.safinel.fr\/#website\",\"url\":\"https:\/\/www.safinel.fr\/\",\"name\":\"Safinel\",\"description\":\"\",\"publisher\":{\"@id\":\"https:\/\/www.safinel.fr\/#organization\"},\"potentialAction\":[{\"@type\":\"SearchAction\",\"target\":{\"@type\":\"EntryPoint\",\"urlTemplate\":\"https:\/\/www.safinel.fr\/?s={search_term_string}\"},\"query-input\":{\"@type\":\"PropertyValueSpecification\",\"valueRequired\":true,\"valueName\":\"search_term_string\"}}],\"inLanguage\":\"es\"},{\"@type\":\"Organization\",\"@id\":\"https:\/\/www.safinel.fr\/#organization\",\"name\":\"Safinel\",\"url\":\"https:\/\/www.safinel.fr\/\",\"logo\":{\"@type\":\"ImageObject\",\"inLanguage\":\"es\",\"@id\":\"https:\/\/www.safinel.fr\/#\/schema\/logo\/image\/\",\"url\":\"https:\/\/www.safinel.fr\/wp-content\/uploads\/2021\/05\/boutique-cosmetique.png\",\"contentUrl\":\"https:\/\/www.safinel.fr\/wp-content\/uploads\/2021\/05\/boutique-cosmetique.png\",\"width\":800,\"height\":200,\"caption\":\"Safinel\"},\"image\":{\"@id\":\"https:\/\/www.safinel.fr\/#\/schema\/logo\/image\/\"}}]}<\/script>\n<!-- \/ Yoast SEO plugin. -->","yoast_head_json":{"title":"Jab\u00f3n aclarante | Cuerpo y Rostro | White Secret","description":"El Jab\u00f3n S\u00f3lido Aclarante White Secret es una parte esencial de su rutina de cuidado de la piel. \u00a1Ad\u00f3ptelo ahora!","robots":{"index":"index","follow":"follow","max-snippet":"max-snippet:-1","max-image-preview":"max-image-preview:large","max-video-preview":"max-video-preview:-1"},"canonical":"https:\/\/www.safinel.fr\/es\/product-2\/white-secret-jabon-aclarante\/","og_locale":"es_ES","og_type":"article","og_title":"Savon \u00e9claircissant | Corps & visage | White Secret","og_description":"Le savon solide \u00e9claircissant White Secret\u00a0est un indispensable de votre routine de soins cutan\u00e9s. Adoptez-le sans plus attendre !","og_url":"https:\/\/www.safinel.fr\/es\/product-2\/white-secret-jabon-aclarante\/","og_site_name":"Safinel","article_modified_time":"2025-06-28T01:23:25+00:00","og_image":[{"width":600,"height":600,"url":"https:\/\/www.safinel.fr\/wp-content\/uploads\/2024\/01\/Savon-Eclaircissant-Corps-Visage-White-Secret-\u2013-90g-.jpg","type":"image\/jpeg"}],"twitter_card":"summary_large_image","twitter_misc":{"Tiempo de lectura":"2 minutos"},"schema":{"@context":"https:\/\/schema.org","@graph":[{"@type":"WebPage","@id":"https:\/\/www.safinel.fr\/produit\/savon-eclaircissant-white-secret\/","url":"https:\/\/www.safinel.fr\/produit\/savon-eclaircissant-white-secret\/","name":"Jab\u00f3n aclarante | Cuerpo y Rostro | White Secret","isPartOf":{"@id":"https:\/\/www.safinel.fr\/#website"},"primaryImageOfPage":{"@id":"https:\/\/www.safinel.fr\/produit\/savon-eclaircissant-white-secret\/#primaryimage"},"image":{"@id":"https:\/\/www.safinel.fr\/produit\/savon-eclaircissant-white-secret\/#primaryimage"},"thumbnailUrl":"https:\/\/www.safinel.fr\/wp-content\/uploads\/2024\/01\/Savon-Eclaircissant-Corps-Visage-White-Secret-\u2013-90g-.jpg","datePublished":"2024-01-20T14:43:52+00:00","dateModified":"2025-06-28T01:23:25+00:00","description":"El Jab\u00f3n S\u00f3lido Aclarante White Secret es una parte esencial de su rutina de cuidado de la piel. \u00a1Ad\u00f3ptelo ahora!","breadcrumb":{"@id":"https:\/\/www.safinel.fr\/produit\/savon-eclaircissant-white-secret\/#breadcrumb"},"inLanguage":"es","potentialAction":[{"@type":"ReadAction","target":["https:\/\/www.safinel.fr\/produit\/savon-eclaircissant-white-secret\/"]}]},{"@type":"ImageObject","inLanguage":"es","@id":"https:\/\/www.safinel.fr\/produit\/savon-eclaircissant-white-secret\/#primaryimage","url":"https:\/\/www.safinel.fr\/wp-content\/uploads\/2024\/01\/Savon-Eclaircissant-Corps-Visage-White-Secret-\u2013-90g-.jpg","contentUrl":"https:\/\/www.safinel.fr\/wp-content\/uploads\/2024\/01\/Savon-Eclaircissant-Corps-Visage-White-Secret-\u2013-90g-.jpg","width":600,"height":600,"caption":"Savon \u00e9claircissant (Corps & visage) 90g - White Secret"},{"@type":"BreadcrumbList","@id":"https:\/\/www.safinel.fr\/produit\/savon-eclaircissant-white-secret\/#breadcrumb","itemListElement":[{"@type":"ListItem","position":1,"name":"Accueil","item":"https:\/\/www.safinel.fr\/"},{"@type":"ListItem","position":2,"name":"Boutique","item":"https:\/\/www.safinel.fr\/boutique\/"},{"@type":"ListItem","position":3,"name":"Savon \u00e9claircissant (Corps &#038; visage) 90g &#8211; White Secret"}]},{"@type":"WebSite","@id":"https:\/\/www.safinel.fr\/#website","url":"https:\/\/www.safinel.fr\/","name":"Safinel","description":"","publisher":{"@id":"https:\/\/www.safinel.fr\/#organization"},"potentialAction":[{"@type":"SearchAction","target":{"@type":"EntryPoint","urlTemplate":"https:\/\/www.safinel.fr\/?s={search_term_string}"},"query-input":{"@type":"PropertyValueSpecification","valueRequired":true,"valueName":"search_term_string"}}],"inLanguage":"es"},{"@type":"Organization","@id":"https:\/\/www.safinel.fr\/#organization","name":"Safinel","url":"https:\/\/www.safinel.fr\/","logo":{"@type":"ImageObject","inLanguage":"es","@id":"https:\/\/www.safinel.fr\/#\/schema\/logo\/image\/","url":"https:\/\/www.safinel.fr\/wp-content\/uploads\/2021\/05\/boutique-cosmetique.png","contentUrl":"https:\/\/www.safinel.fr\/wp-content\/uploads\/2021\/05\/boutique-cosmetique.png","width":800,"height":200,"caption":"Safinel"},"image":{"@id":"https:\/\/www.safinel.fr\/#\/schema\/logo\/image\/"}}]}},"_links":{"self":[{"href":"https:\/\/www.safinel.fr\/es\/wp-json\/wp\/v2\/product\/11050","targetHints":{"allow":["GET"]}}],"collection":[{"href":"https:\/\/www.safinel.fr\/es\/wp-json\/wp\/v2\/product"}],"about":[{"href":"https:\/\/www.safinel.fr\/es\/wp-json\/wp\/v2\/types\/product"}],"wp:featuredmedia":[{"embeddable":true,"href":"https:\/\/www.safinel.fr\/es\/wp-json\/wp\/v2\/media\/11051"}],"wp:attachment":[{"href":"https:\/\/www.safinel.fr\/es\/wp-json\/wp\/v2\/media?parent=11050"}],"wp:term":[{"taxonomy":"product_brand","embeddable":true,"href":"https:\/\/www.safinel.fr\/es\/wp-json\/wp\/v2\/product_brand?post=11050"},{"taxonomy":"product_cat","embeddable":true,"href":"https:\/\/www.safinel.fr\/es\/wp-json\/wp\/v2\/product_cat?post=11050"},{"taxonomy":"product_tag","embeddable":true,"href":"https:\/\/www.safinel.fr\/es\/wp-json\/wp\/v2\/product_tag?post=11050"}],"curies":[{"name":"wp","href":"https:\/\/api.w.org\/{rel}","templated":true}]}}