{"id":11044,"date":"2024-01-20T14:38:03","date_gmt":"2024-01-20T14:38:03","guid":{"rendered":"https:\/\/www.safinel.fr\/?post_type=product&#038;p=11044"},"modified":"2024-09-30T09:40:15","modified_gmt":"2024-09-30T09:40:15","slug":"aceite-superbrillante-con-colageno","status":"publish","type":"product","link":"https:\/\/www.safinel.fr\/es\/product-2\/aceite-superbrillante-con-colageno\/","title":{"rendered":"Aceite de col\u00e1geno superbrillante (Magic Oil) - 125ml"},"content":{"rendered":"<p>Aceite de col\u00e1geno superbrillante, <strong>Aceite m\u00e1gico<\/strong>, es una soluci\u00f3n vers\u00e1til para su rutina de belleza. Gracias a sus propiedades hidratantes y luminosas, este aceite es un aliado esencial en su rutina diaria de cuidado de la piel. Su composici\u00f3n ofrece una vitalidad \u00fanica a su piel, dej\u00e1ndola suave, luminosa y radiante.<\/p>\n<h2><strong>Los beneficios del col\u00e1geno para la piel<\/strong><\/h2>\n<p>Cuidar tu aspecto es esencial si quieres sentirte bien contigo mismo. Por eso su <strong>productos naturales<\/strong>\u00a0quiere presentarle un producto cosm\u00e9tico que seguro que le conquistar\u00e1.<\/p>\n<p>Se trata de un\u00a0<strong>aceite a base de col\u00e1geno<\/strong>\u00a0\u00a1! El col\u00e1geno est\u00e1 presente de forma natural en la piel y desempe\u00f1a un papel crucial en la elasticidad, firmeza y luminosidad de la epidermis. Y menos mal, porque al igual que el aceite de lechuga, \u00a1el Magic Oil ayuda a estimular la producci\u00f3n de col\u00e1geno!<\/p>\n<h2><strong>Magic Oil: un aceite superbrillante con col\u00e1geno<\/strong><\/h2>\n<p>L\u2019<strong>aceite cosm\u00e9tico<\/strong>\u00a0El Aceite M\u00e1gico ofrece una excepcional acci\u00f3n iluminadora, ayudando a reducir las manchas oscuras e imperfecciones y a unificar el tono de la piel. Gracias a sus propiedades iluminadoras, este aceite ayuda a revelar el resplandor natural de la piel. Y lo hace con un aspecto m\u00e1s luminoso y radiante.<\/p>\n<h3><strong>\u00a1Un aceite superbrillante para todos!<\/strong><\/h3>\n<p>Dise\u00f1ado para todo tipo de pieles, Magic Oil es adecuado tanto para mujeres como para hombres. Su f\u00f3rmula equilibrada permite que todos puedan beneficiarse de sus propiedades hidratantes, <a href=\"https:\/\/www.safinel.fr\/es\/product-2\/white-secret-jabon-aclarante\/\"><strong>aclaradores<\/strong><\/a> y revitalizante. Y todo ello, ofreciendo una soluci\u00f3n vers\u00e1til para el cuidado diario de la piel.<\/p>\n<p>En resumen, tanto si busca un\u00a0<strong>hidrataci\u00f3n intensa<\/strong>, Tanto si busca una acci\u00f3n iluminadora como revitalizar su piel, el aceite cosm\u00e9tico Magic Oil satisfar\u00e1 sus necesidades y a\u00f1adir\u00e1 un toque de magia a su rutina de belleza.<\/p>\n<p>Dale por fin a tu piel la luminosidad y vitalidad que se merece con este <strong>aceite para la piel\u00a0<\/strong>vers\u00e1til y de alto rendimiento.<\/p>","protected":false},"excerpt":{"rendered":"<p><img decoding=\"async\" class=\"size-full wp-image-5091 aligncenter\" src=\"https:\/\/www.safinel.fr\/wp-content\/uploads\/2021\/06\/BANNIERE-ICONE-SAFINEL.webp\" alt=\"reaseguro de sat\u00e9n\" width=\"800\" height=\"200\" srcset=\"https:\/\/www.safinel.fr\/wp-content\/uploads\/2021\/06\/BANNIERE-ICONE-SAFINEL.webp 800w, https:\/\/www.safinel.fr\/wp-content\/uploads\/2021\/06\/BANNIERE-ICONE-SAFINEL-600x150.webp 600w, https:\/\/www.safinel.fr\/wp-content\/uploads\/2021\/06\/BANNIERE-ICONE-SAFINEL-768x192.webp 768w\" sizes=\"(max-width: 800px) 100vw, 800px\" \/><\/p>","protected":false},"featured_media":11045,"template":"","meta":[],"product_brand":[],"product_cat":[192],"product_tag":[],"class_list":{"0":"post-11044","1":"product","2":"type-product","3":"status-publish","4":"has-post-thumbnail","6":"product_cat-cremes-eclaircissantes","8":"first","9":"outofstock","10":"shipping-taxable","11":"purchasable","12":"product-type-simple"},"yoast_head":"<!-- This site is optimized with the Yoast SEO plugin v26.6 - https:\/\/yoast.com\/wordpress\/plugins\/seo\/ -->\n<title>Huile super \u00e9claircissante au collag\u00e8ne | Achat de la Magic Oil<\/title>\n<meta name=\"description\" content=\"L&#039;huile super \u00e9claircissante au collag\u00e8ne, Magic Oil, est une solution polyvalente pour votre routine beaut\u00e9. Adoptez-l\u00e0 !\" \/>\n<meta name=\"robots\" content=\"index, follow, max-snippet:-1, max-image-preview:large, max-video-preview:-1\" \/>\n<link rel=\"canonical\" href=\"https:\/\/www.safinel.fr\/es\/product-2\/aceite-superbrillante-con-colageno\/\" \/>\n<meta property=\"og:locale\" content=\"es_ES\" \/>\n<meta property=\"og:type\" content=\"article\" \/>\n<meta property=\"og:title\" content=\"Huile super \u00e9claircissante au collag\u00e8ne | Achat de la Magic Oil\" \/>\n<meta property=\"og:description\" content=\"L&#039;huile super \u00e9claircissante au collag\u00e8ne, Magic Oil, est une solution polyvalente pour votre routine beaut\u00e9. Adoptez-l\u00e0 !\" \/>\n<meta property=\"og:url\" content=\"https:\/\/www.safinel.fr\/es\/product-2\/aceite-superbrillante-con-colageno\/\" \/>\n<meta property=\"og:site_name\" content=\"Safinel\" \/>\n<meta property=\"article:modified_time\" content=\"2024-09-30T09:40:15+00:00\" \/>\n<meta property=\"og:image\" content=\"https:\/\/www.safinel.fr\/wp-content\/uploads\/2024\/01\/Huile-super-eclaircissante-au-collagene.jpg\" \/>\n\t<meta property=\"og:image:width\" content=\"600\" \/>\n\t<meta property=\"og:image:height\" content=\"600\" \/>\n\t<meta property=\"og:image:type\" content=\"image\/jpeg\" \/>\n<meta name=\"twitter:card\" content=\"summary_large_image\" \/>\n<meta name=\"twitter:label1\" content=\"Tiempo de lectura\" \/>\n\t<meta name=\"twitter:data1\" content=\"2 minutos\" \/>\n<script type=\"application\/ld+json\" class=\"yoast-schema-graph\">{\"@context\":\"https:\/\/schema.org\",\"@graph\":[{\"@type\":\"WebPage\",\"@id\":\"https:\/\/www.safinel.fr\/produit\/huile-super-eclaircissante-au-collagene\/\",\"url\":\"https:\/\/www.safinel.fr\/produit\/huile-super-eclaircissante-au-collagene\/\",\"name\":\"Huile super \u00e9claircissante au collag\u00e8ne | Achat de la Magic Oil\",\"isPartOf\":{\"@id\":\"https:\/\/www.safinel.fr\/#website\"},\"primaryImageOfPage\":{\"@id\":\"https:\/\/www.safinel.fr\/produit\/huile-super-eclaircissante-au-collagene\/#primaryimage\"},\"image\":{\"@id\":\"https:\/\/www.safinel.fr\/produit\/huile-super-eclaircissante-au-collagene\/#primaryimage\"},\"thumbnailUrl\":\"https:\/\/www.safinel.fr\/wp-content\/uploads\/2024\/01\/Huile-super-eclaircissante-au-collagene.jpg\",\"datePublished\":\"2024-01-20T14:38:03+00:00\",\"dateModified\":\"2024-09-30T09:40:15+00:00\",\"description\":\"L'huile super \u00e9claircissante au collag\u00e8ne, Magic Oil, est une solution polyvalente pour votre routine beaut\u00e9. Adoptez-l\u00e0 !\",\"breadcrumb\":{\"@id\":\"https:\/\/www.safinel.fr\/produit\/huile-super-eclaircissante-au-collagene\/#breadcrumb\"},\"inLanguage\":\"es\",\"potentialAction\":[{\"@type\":\"ReadAction\",\"target\":[\"https:\/\/www.safinel.fr\/produit\/huile-super-eclaircissante-au-collagene\/\"]}]},{\"@type\":\"ImageObject\",\"inLanguage\":\"es\",\"@id\":\"https:\/\/www.safinel.fr\/produit\/huile-super-eclaircissante-au-collagene\/#primaryimage\",\"url\":\"https:\/\/www.safinel.fr\/wp-content\/uploads\/2024\/01\/Huile-super-eclaircissante-au-collagene.jpg\",\"contentUrl\":\"https:\/\/www.safinel.fr\/wp-content\/uploads\/2024\/01\/Huile-super-eclaircissante-au-collagene.jpg\",\"width\":600,\"height\":600,\"caption\":\"Huile super \u00e9claircissante au collag\u00e8ne\"},{\"@type\":\"BreadcrumbList\",\"@id\":\"https:\/\/www.safinel.fr\/produit\/huile-super-eclaircissante-au-collagene\/#breadcrumb\",\"itemListElement\":[{\"@type\":\"ListItem\",\"position\":1,\"name\":\"Accueil\",\"item\":\"https:\/\/www.safinel.fr\/\"},{\"@type\":\"ListItem\",\"position\":2,\"name\":\"Boutique\",\"item\":\"https:\/\/www.safinel.fr\/boutique\/\"},{\"@type\":\"ListItem\",\"position\":3,\"name\":\"Huile super \u00e9claircissante au collag\u00e8ne (Magic Oil) &#8211; 125ml\"}]},{\"@type\":\"WebSite\",\"@id\":\"https:\/\/www.safinel.fr\/#website\",\"url\":\"https:\/\/www.safinel.fr\/\",\"name\":\"Safinel\",\"description\":\"\",\"publisher\":{\"@id\":\"https:\/\/www.safinel.fr\/#organization\"},\"potentialAction\":[{\"@type\":\"SearchAction\",\"target\":{\"@type\":\"EntryPoint\",\"urlTemplate\":\"https:\/\/www.safinel.fr\/?s={search_term_string}\"},\"query-input\":{\"@type\":\"PropertyValueSpecification\",\"valueRequired\":true,\"valueName\":\"search_term_string\"}}],\"inLanguage\":\"es\"},{\"@type\":\"Organization\",\"@id\":\"https:\/\/www.safinel.fr\/#organization\",\"name\":\"Safinel\",\"url\":\"https:\/\/www.safinel.fr\/\",\"logo\":{\"@type\":\"ImageObject\",\"inLanguage\":\"es\",\"@id\":\"https:\/\/www.safinel.fr\/#\/schema\/logo\/image\/\",\"url\":\"https:\/\/www.safinel.fr\/wp-content\/uploads\/2021\/05\/boutique-cosmetique.png\",\"contentUrl\":\"https:\/\/www.safinel.fr\/wp-content\/uploads\/2021\/05\/boutique-cosmetique.png\",\"width\":800,\"height\":200,\"caption\":\"Safinel\"},\"image\":{\"@id\":\"https:\/\/www.safinel.fr\/#\/schema\/logo\/image\/\"}}]}<\/script>\n<!-- \/ Yoast SEO plugin. -->","yoast_head_json":{"title":"Collagen Super Lightening Oil | Comprar Aceite M\u00e1gico","description":"Magic Oil, el aceite de col\u00e1geno superbrillante, es una soluci\u00f3n vers\u00e1til para su rutina de belleza. \u00a1Hazlo tuyo!","robots":{"index":"index","follow":"follow","max-snippet":"max-snippet:-1","max-image-preview":"max-image-preview:large","max-video-preview":"max-video-preview:-1"},"canonical":"https:\/\/www.safinel.fr\/es\/product-2\/aceite-superbrillante-con-colageno\/","og_locale":"es_ES","og_type":"article","og_title":"Huile super \u00e9claircissante au collag\u00e8ne | Achat de la Magic Oil","og_description":"L'huile super \u00e9claircissante au collag\u00e8ne, Magic Oil, est une solution polyvalente pour votre routine beaut\u00e9. Adoptez-l\u00e0 !","og_url":"https:\/\/www.safinel.fr\/es\/product-2\/aceite-superbrillante-con-colageno\/","og_site_name":"Safinel","article_modified_time":"2024-09-30T09:40:15+00:00","og_image":[{"width":600,"height":600,"url":"https:\/\/www.safinel.fr\/wp-content\/uploads\/2024\/01\/Huile-super-eclaircissante-au-collagene.jpg","type":"image\/jpeg"}],"twitter_card":"summary_large_image","twitter_misc":{"Tiempo de lectura":"2 minutos"},"schema":{"@context":"https:\/\/schema.org","@graph":[{"@type":"WebPage","@id":"https:\/\/www.safinel.fr\/produit\/huile-super-eclaircissante-au-collagene\/","url":"https:\/\/www.safinel.fr\/produit\/huile-super-eclaircissante-au-collagene\/","name":"Collagen Super Lightening Oil | Comprar Aceite M\u00e1gico","isPartOf":{"@id":"https:\/\/www.safinel.fr\/#website"},"primaryImageOfPage":{"@id":"https:\/\/www.safinel.fr\/produit\/huile-super-eclaircissante-au-collagene\/#primaryimage"},"image":{"@id":"https:\/\/www.safinel.fr\/produit\/huile-super-eclaircissante-au-collagene\/#primaryimage"},"thumbnailUrl":"https:\/\/www.safinel.fr\/wp-content\/uploads\/2024\/01\/Huile-super-eclaircissante-au-collagene.jpg","datePublished":"2024-01-20T14:38:03+00:00","dateModified":"2024-09-30T09:40:15+00:00","description":"Magic Oil, el aceite de col\u00e1geno superbrillante, es una soluci\u00f3n vers\u00e1til para su rutina de belleza. \u00a1Hazlo tuyo!","breadcrumb":{"@id":"https:\/\/www.safinel.fr\/produit\/huile-super-eclaircissante-au-collagene\/#breadcrumb"},"inLanguage":"es","potentialAction":[{"@type":"ReadAction","target":["https:\/\/www.safinel.fr\/produit\/huile-super-eclaircissante-au-collagene\/"]}]},{"@type":"ImageObject","inLanguage":"es","@id":"https:\/\/www.safinel.fr\/produit\/huile-super-eclaircissante-au-collagene\/#primaryimage","url":"https:\/\/www.safinel.fr\/wp-content\/uploads\/2024\/01\/Huile-super-eclaircissante-au-collagene.jpg","contentUrl":"https:\/\/www.safinel.fr\/wp-content\/uploads\/2024\/01\/Huile-super-eclaircissante-au-collagene.jpg","width":600,"height":600,"caption":"Huile super \u00e9claircissante au collag\u00e8ne"},{"@type":"BreadcrumbList","@id":"https:\/\/www.safinel.fr\/produit\/huile-super-eclaircissante-au-collagene\/#breadcrumb","itemListElement":[{"@type":"ListItem","position":1,"name":"Accueil","item":"https:\/\/www.safinel.fr\/"},{"@type":"ListItem","position":2,"name":"Boutique","item":"https:\/\/www.safinel.fr\/boutique\/"},{"@type":"ListItem","position":3,"name":"Huile super \u00e9claircissante au collag\u00e8ne (Magic Oil) &#8211; 125ml"}]},{"@type":"WebSite","@id":"https:\/\/www.safinel.fr\/#website","url":"https:\/\/www.safinel.fr\/","name":"Safinel","description":"","publisher":{"@id":"https:\/\/www.safinel.fr\/#organization"},"potentialAction":[{"@type":"SearchAction","target":{"@type":"EntryPoint","urlTemplate":"https:\/\/www.safinel.fr\/?s={search_term_string}"},"query-input":{"@type":"PropertyValueSpecification","valueRequired":true,"valueName":"search_term_string"}}],"inLanguage":"es"},{"@type":"Organization","@id":"https:\/\/www.safinel.fr\/#organization","name":"Safinel","url":"https:\/\/www.safinel.fr\/","logo":{"@type":"ImageObject","inLanguage":"es","@id":"https:\/\/www.safinel.fr\/#\/schema\/logo\/image\/","url":"https:\/\/www.safinel.fr\/wp-content\/uploads\/2021\/05\/boutique-cosmetique.png","contentUrl":"https:\/\/www.safinel.fr\/wp-content\/uploads\/2021\/05\/boutique-cosmetique.png","width":800,"height":200,"caption":"Safinel"},"image":{"@id":"https:\/\/www.safinel.fr\/#\/schema\/logo\/image\/"}}]}},"_links":{"self":[{"href":"https:\/\/www.safinel.fr\/es\/wp-json\/wp\/v2\/product\/11044","targetHints":{"allow":["GET"]}}],"collection":[{"href":"https:\/\/www.safinel.fr\/es\/wp-json\/wp\/v2\/product"}],"about":[{"href":"https:\/\/www.safinel.fr\/es\/wp-json\/wp\/v2\/types\/product"}],"wp:featuredmedia":[{"embeddable":true,"href":"https:\/\/www.safinel.fr\/es\/wp-json\/wp\/v2\/media\/11045"}],"wp:attachment":[{"href":"https:\/\/www.safinel.fr\/es\/wp-json\/wp\/v2\/media?parent=11044"}],"wp:term":[{"taxonomy":"product_brand","embeddable":true,"href":"https:\/\/www.safinel.fr\/es\/wp-json\/wp\/v2\/product_brand?post=11044"},{"taxonomy":"product_cat","embeddable":true,"href":"https:\/\/www.safinel.fr\/es\/wp-json\/wp\/v2\/product_cat?post=11044"},{"taxonomy":"product_tag","embeddable":true,"href":"https:\/\/www.safinel.fr\/es\/wp-json\/wp\/v2\/product_tag?post=11044"}],"curies":[{"name":"wp","href":"https:\/\/api.w.org\/{rel}","templated":true}]}}