{"id":109,"date":"2021-06-01T15:53:06","date_gmt":"2021-06-01T15:53:06","guid":{"rendered":"https:\/\/www.safinel.fr\/?post_type=product&#038;p=109"},"modified":"2026-01-09T12:24:53","modified_gmt":"2026-01-09T12:24:53","slug":"kacip-fatimah","status":"publish","type":"product","link":"https:\/\/www.safinel.fr\/es\/product-2\/kacip-fatimah\/","title":{"rendered":"Kacip Fatimah"},"content":{"rendered":"<p>Labisia pumila\u00ab, su nombre cient\u00edfico, es originaria de Malasia y se conoce com\u00fanmente como Kacip Fatimah. Esta planta herb\u00e1cea se ha utilizado mucho a lo largo de los a\u00f1os. Gracias a su eficacia y efectividad ampliamente reconocidas en la mejora de la fertilidad femenina, goza de un \u00e9xito rotundo. Su creciente popularidad se debe tambi\u00e9n a sus efectos positivos sobre el ciclo menstrual y a sus propiedades afrodis\u00edacas.<\/p>\n<h2><b>Kacip Fatimah: \u00bfde qu\u00e9 se trata?<\/b><\/h2>\n<p>Esta planta herb\u00e1cea se encuentra principalmente en los bosques tropicales de Malasia. A esta planta le gusta especialmente crecer en suelos h\u00famedos y sombr\u00edos.<span class=\"Apple-converted-space\">\u00a0<\/span><\/p>\n<p>Este<span class=\"Apple-converted-space\">\u00a0 <\/span>est\u00e1 formada por hojas de 20 a 40 cm de longitud. Estas mismas hojas forman peque\u00f1os racimos de flores marrones. \u00c9stas no miden m\u00e1s de 5 cm.<\/p>\n<p>El Kacip Fatimah se ha utilizado siempre en la medicina tradicional malaya e indonesia. Hoy en d\u00eda, con los avances en comunicaci\u00f3n, el uso del Kacip Fatimah se ha extendido por todo el mundo.<\/p>\n<p>Kacip Fatimah est\u00e1 disponible en diversas formas que se adaptan a las necesidades de la mujer. Desde c\u00e1psulas a polvo puro, o como derivado en forma de infusi\u00f3n o tisana.<span class=\"Apple-converted-space\">\u00a0<\/span><\/p>\n<p>Queremos que descubra <b>Kacip Fatima polvo 100% natural<\/b>.<\/p>\n<h2><b>Los diversos beneficios de Kacip Fatimah<\/b><\/h2>\n<p>El uso m\u00e1s extendido de esta planta es el apoyo a las mujeres durante su ciclo menstrual. Esta planta ayuda a aliviar el dolor de esta fase hormonal natural. Tambi\u00e9n se utiliza, en menor medida, para aliviar los dolores asociados al parto. Tambi\u00e9n se utiliza mucho para combatir las infecciones vaginales que pueden producirse durante los cambios hormonales.<\/p>\n<p>El Kacip Fatimah tambi\u00e9n tiene propiedades afrodis\u00edacas. As\u00ed que, a fortiori, tiene cierta influencia en la fertilidad de las mujeres.<\/p>\n<p>De hecho, se cree que aumenta la tasa de embriones en algunas mujeres. Y retrasa los efectos de la menopausia.<span class=\"Apple-converted-space\">\u00a0<\/span><\/p>\n<p>La Labisia Pumila tambi\u00e9n tiene otras virtudes. Adem\u00e1s de aliviar ciertos dolores, combate la diarrea reforzando los m\u00fasculos abdominales.<\/p>\n<p>Tambi\u00e9n act\u00faa contra la flatulencia y la hinchaz\u00f3n y reduce los calambres intestinales.<\/p>\n<p>Tambi\u00e9n se sabe que combate el estr\u00e9s y el envejecimiento. De ah\u00ed su efecto ralentizador de las dolencias relacionadas con <a href=\"https:\/\/www.safinel.fr\/es\/product-2\/salvia-sclarea\/\"><strong>la menopausia<\/strong><\/a>.<\/p>\n<h3><strong>Los diferentes modos de consumo<\/strong><\/h3>\n<p>Puede consumir Kacip Fatimah como desee, dependiendo del producto acabado que elija. Si opta por las c\u00e1psulas, cons\u00famalas simplemente como se indica en el modo de empleo.<\/p>\n<p>Si lo eliges en la forma en polvo que te ofrecemos, puedes consumirlo incorpor\u00e1ndolo a preparados l\u00edquidos como :<\/p>\n<ul>\n<li>El zumo,<span class=\"Apple-converted-space\">\u00a0<\/span><\/li>\n<li>T\u00e9 de hierbas<\/li>\n<li>Batidos.<span class=\"Apple-converted-space\">\u00a0<\/span><\/li>\n<\/ul>\n<p>Tambi\u00e9n puede utilizarse en papillas y yogures. Por supuesto, todo depende del gusto de cada uno.<\/p>","protected":false},"excerpt":{"rendered":"<p>Originaria de Malasia, la \u00abLabisia pumila\u00bb, cuyo nombre cient\u00edfico es Kacip Fatimah, es una planta herb\u00e1cea cuyo uso se ha generalizado con el paso del tiempo. Gracias a su eficacia y rendimiento ampliamente reconocidos en la mejora de la fertilidad femenina, goza de un \u00e9xito rotundo. Su creciente popularidad tambi\u00e9n se explica por [\u2026]","protected":false},"featured_media":63,"template":"","meta":[],"product_brand":[],"product_cat":[15,23,27,19],"product_tag":[],"class_list":{"0":"post-109","1":"product","2":"type-product","3":"status-publish","4":"has-post-thumbnail","6":"product_cat-fertilite","7":"product_cat-hygiene-feminine","8":"product_cat-plantes-medicinales","9":"product_cat-thes-tisanes","11":"first","12":"instock","13":"shipping-taxable","14":"purchasable","15":"product-type-variable"},"yoast_head":"<!-- This site is optimized with the Yoast SEO plugin v26.6 - https:\/\/yoast.com\/wordpress\/plugins\/seo\/ -->\n<title>Kacip Fatimah (Labisia pumila) | Achat, bienfaits et utilisations<\/title>\n<meta name=\"description\" content=\"Originaire de Malaisie, \u00ab\u00a0Labisia pumila\u00a0\u00bb de son nom scientifique est commun\u00e9ment appel\u00e9e Kacip Fatimah. Herbac\u00e9e aux bienfaits nombreux.\" \/>\n<meta name=\"robots\" content=\"index, follow, max-snippet:-1, max-image-preview:large, max-video-preview:-1\" \/>\n<link rel=\"canonical\" href=\"https:\/\/www.safinel.fr\/es\/product-2\/kacip-fatimah\/\" \/>\n<meta property=\"og:locale\" content=\"es_ES\" \/>\n<meta property=\"og:type\" content=\"article\" \/>\n<meta property=\"og:title\" content=\"Kacip Fatimah (Labisia pumila) | Achat, bienfaits et utilisations\" \/>\n<meta property=\"og:description\" content=\"Originaire de Malaisie, \u00ab\u00a0Labisia pumila\u00a0\u00bb de son nom scientifique est commun\u00e9ment appel\u00e9e Kacip Fatimah. Herbac\u00e9e aux bienfaits nombreux.\" \/>\n<meta property=\"og:url\" content=\"https:\/\/www.safinel.fr\/es\/product-2\/kacip-fatimah\/\" \/>\n<meta property=\"og:site_name\" content=\"Safinel\" \/>\n<meta property=\"article:modified_time\" content=\"2026-01-09T12:24:53+00:00\" \/>\n<meta property=\"og:image\" content=\"https:\/\/www.safinel.fr\/wp-content\/uploads\/2021\/05\/kacip-fatimah-site.jpg\" \/>\n\t<meta property=\"og:image:width\" content=\"362\" \/>\n\t<meta property=\"og:image:height\" content=\"400\" \/>\n\t<meta property=\"og:image:type\" content=\"image\/jpeg\" \/>\n<meta name=\"twitter:card\" content=\"summary_large_image\" \/>\n<meta name=\"twitter:label1\" content=\"Tiempo de lectura\" \/>\n\t<meta name=\"twitter:data1\" content=\"3 minutos\" \/>\n<script type=\"application\/ld+json\" class=\"yoast-schema-graph\">{\"@context\":\"https:\/\/schema.org\",\"@graph\":[{\"@type\":\"WebPage\",\"@id\":\"https:\/\/www.safinel.fr\/produit\/kacip-fatimah\/\",\"url\":\"https:\/\/www.safinel.fr\/produit\/kacip-fatimah\/\",\"name\":\"Kacip Fatimah (Labisia pumila) | Achat, bienfaits et utilisations\",\"isPartOf\":{\"@id\":\"https:\/\/www.safinel.fr\/#website\"},\"primaryImageOfPage\":{\"@id\":\"https:\/\/www.safinel.fr\/produit\/kacip-fatimah\/#primaryimage\"},\"image\":{\"@id\":\"https:\/\/www.safinel.fr\/produit\/kacip-fatimah\/#primaryimage\"},\"thumbnailUrl\":\"https:\/\/www.safinel.fr\/wp-content\/uploads\/2021\/05\/kacip-fatimah-site.jpg\",\"datePublished\":\"2021-06-01T15:53:06+00:00\",\"dateModified\":\"2026-01-09T12:24:53+00:00\",\"description\":\"Originaire de Malaisie, \u00ab\u00a0Labisia pumila\u00a0\u00bb de son nom scientifique est commun\u00e9ment appel\u00e9e Kacip Fatimah. Herbac\u00e9e aux bienfaits nombreux.\",\"breadcrumb\":{\"@id\":\"https:\/\/www.safinel.fr\/produit\/kacip-fatimah\/#breadcrumb\"},\"inLanguage\":\"es\",\"potentialAction\":[{\"@type\":\"ReadAction\",\"target\":[\"https:\/\/www.safinel.fr\/produit\/kacip-fatimah\/\"]}]},{\"@type\":\"ImageObject\",\"inLanguage\":\"es\",\"@id\":\"https:\/\/www.safinel.fr\/produit\/kacip-fatimah\/#primaryimage\",\"url\":\"https:\/\/www.safinel.fr\/wp-content\/uploads\/2021\/05\/kacip-fatimah-site.jpg\",\"contentUrl\":\"https:\/\/www.safinel.fr\/wp-content\/uploads\/2021\/05\/kacip-fatimah-site.jpg\",\"width\":362,\"height\":400,\"caption\":\"Kacip Fatimah (Labisia pumila)\"},{\"@type\":\"BreadcrumbList\",\"@id\":\"https:\/\/www.safinel.fr\/produit\/kacip-fatimah\/#breadcrumb\",\"itemListElement\":[{\"@type\":\"ListItem\",\"position\":1,\"name\":\"Accueil\",\"item\":\"https:\/\/www.safinel.fr\/\"},{\"@type\":\"ListItem\",\"position\":2,\"name\":\"Boutique\",\"item\":\"https:\/\/www.safinel.fr\/boutique\/\"},{\"@type\":\"ListItem\",\"position\":3,\"name\":\"Kacip Fatimah\"}]},{\"@type\":\"WebSite\",\"@id\":\"https:\/\/www.safinel.fr\/#website\",\"url\":\"https:\/\/www.safinel.fr\/\",\"name\":\"Safinel\",\"description\":\"\",\"publisher\":{\"@id\":\"https:\/\/www.safinel.fr\/#organization\"},\"potentialAction\":[{\"@type\":\"SearchAction\",\"target\":{\"@type\":\"EntryPoint\",\"urlTemplate\":\"https:\/\/www.safinel.fr\/?s={search_term_string}\"},\"query-input\":{\"@type\":\"PropertyValueSpecification\",\"valueRequired\":true,\"valueName\":\"search_term_string\"}}],\"inLanguage\":\"es\"},{\"@type\":\"Organization\",\"@id\":\"https:\/\/www.safinel.fr\/#organization\",\"name\":\"Safinel\",\"url\":\"https:\/\/www.safinel.fr\/\",\"logo\":{\"@type\":\"ImageObject\",\"inLanguage\":\"es\",\"@id\":\"https:\/\/www.safinel.fr\/#\/schema\/logo\/image\/\",\"url\":\"https:\/\/www.safinel.fr\/wp-content\/uploads\/2021\/05\/boutique-cosmetique.png\",\"contentUrl\":\"https:\/\/www.safinel.fr\/wp-content\/uploads\/2021\/05\/boutique-cosmetique.png\",\"width\":800,\"height\":200,\"caption\":\"Safinel\"},\"image\":{\"@id\":\"https:\/\/www.safinel.fr\/#\/schema\/logo\/image\/\"}}]}<\/script>\n<!-- \/ Yoast SEO plugin. -->","yoast_head_json":{"title":"Kacip Fatimah (Labisia pumila) | Compra, beneficios y usos","description":"Originaria de Malasia, el nombre cient\u00edfico de Labisia pumila se conoce com\u00fanmente como Kacip Fatimah. Una hierba con numerosos beneficios.","robots":{"index":"index","follow":"follow","max-snippet":"max-snippet:-1","max-image-preview":"max-image-preview:large","max-video-preview":"max-video-preview:-1"},"canonical":"https:\/\/www.safinel.fr\/es\/product-2\/kacip-fatimah\/","og_locale":"es_ES","og_type":"article","og_title":"Kacip Fatimah (Labisia pumila) | Achat, bienfaits et utilisations","og_description":"Originaire de Malaisie, \u00ab\u00a0Labisia pumila\u00a0\u00bb de son nom scientifique est commun\u00e9ment appel\u00e9e Kacip Fatimah. Herbac\u00e9e aux bienfaits nombreux.","og_url":"https:\/\/www.safinel.fr\/es\/product-2\/kacip-fatimah\/","og_site_name":"Safinel","article_modified_time":"2026-01-09T12:24:53+00:00","og_image":[{"width":362,"height":400,"url":"https:\/\/www.safinel.fr\/wp-content\/uploads\/2021\/05\/kacip-fatimah-site.jpg","type":"image\/jpeg"}],"twitter_card":"summary_large_image","twitter_misc":{"Tiempo de lectura":"3 minutos"},"schema":{"@context":"https:\/\/schema.org","@graph":[{"@type":"WebPage","@id":"https:\/\/www.safinel.fr\/produit\/kacip-fatimah\/","url":"https:\/\/www.safinel.fr\/produit\/kacip-fatimah\/","name":"Kacip Fatimah (Labisia pumila) | Compra, beneficios y usos","isPartOf":{"@id":"https:\/\/www.safinel.fr\/#website"},"primaryImageOfPage":{"@id":"https:\/\/www.safinel.fr\/produit\/kacip-fatimah\/#primaryimage"},"image":{"@id":"https:\/\/www.safinel.fr\/produit\/kacip-fatimah\/#primaryimage"},"thumbnailUrl":"https:\/\/www.safinel.fr\/wp-content\/uploads\/2021\/05\/kacip-fatimah-site.jpg","datePublished":"2021-06-01T15:53:06+00:00","dateModified":"2026-01-09T12:24:53+00:00","description":"Originaria de Malasia, el nombre cient\u00edfico de Labisia pumila se conoce com\u00fanmente como Kacip Fatimah. Una hierba con numerosos beneficios.","breadcrumb":{"@id":"https:\/\/www.safinel.fr\/produit\/kacip-fatimah\/#breadcrumb"},"inLanguage":"es","potentialAction":[{"@type":"ReadAction","target":["https:\/\/www.safinel.fr\/produit\/kacip-fatimah\/"]}]},{"@type":"ImageObject","inLanguage":"es","@id":"https:\/\/www.safinel.fr\/produit\/kacip-fatimah\/#primaryimage","url":"https:\/\/www.safinel.fr\/wp-content\/uploads\/2021\/05\/kacip-fatimah-site.jpg","contentUrl":"https:\/\/www.safinel.fr\/wp-content\/uploads\/2021\/05\/kacip-fatimah-site.jpg","width":362,"height":400,"caption":"Kacip Fatimah (Labisia pumila)"},{"@type":"BreadcrumbList","@id":"https:\/\/www.safinel.fr\/produit\/kacip-fatimah\/#breadcrumb","itemListElement":[{"@type":"ListItem","position":1,"name":"Accueil","item":"https:\/\/www.safinel.fr\/"},{"@type":"ListItem","position":2,"name":"Boutique","item":"https:\/\/www.safinel.fr\/boutique\/"},{"@type":"ListItem","position":3,"name":"Kacip Fatimah"}]},{"@type":"WebSite","@id":"https:\/\/www.safinel.fr\/#website","url":"https:\/\/www.safinel.fr\/","name":"Safinel","description":"","publisher":{"@id":"https:\/\/www.safinel.fr\/#organization"},"potentialAction":[{"@type":"SearchAction","target":{"@type":"EntryPoint","urlTemplate":"https:\/\/www.safinel.fr\/?s={search_term_string}"},"query-input":{"@type":"PropertyValueSpecification","valueRequired":true,"valueName":"search_term_string"}}],"inLanguage":"es"},{"@type":"Organization","@id":"https:\/\/www.safinel.fr\/#organization","name":"Safinel","url":"https:\/\/www.safinel.fr\/","logo":{"@type":"ImageObject","inLanguage":"es","@id":"https:\/\/www.safinel.fr\/#\/schema\/logo\/image\/","url":"https:\/\/www.safinel.fr\/wp-content\/uploads\/2021\/05\/boutique-cosmetique.png","contentUrl":"https:\/\/www.safinel.fr\/wp-content\/uploads\/2021\/05\/boutique-cosmetique.png","width":800,"height":200,"caption":"Safinel"},"image":{"@id":"https:\/\/www.safinel.fr\/#\/schema\/logo\/image\/"}}]}},"_links":{"self":[{"href":"https:\/\/www.safinel.fr\/es\/wp-json\/wp\/v2\/product\/109","targetHints":{"allow":["GET"]}}],"collection":[{"href":"https:\/\/www.safinel.fr\/es\/wp-json\/wp\/v2\/product"}],"about":[{"href":"https:\/\/www.safinel.fr\/es\/wp-json\/wp\/v2\/types\/product"}],"wp:featuredmedia":[{"embeddable":true,"href":"https:\/\/www.safinel.fr\/es\/wp-json\/wp\/v2\/media\/63"}],"wp:attachment":[{"href":"https:\/\/www.safinel.fr\/es\/wp-json\/wp\/v2\/media?parent=109"}],"wp:term":[{"taxonomy":"product_brand","embeddable":true,"href":"https:\/\/www.safinel.fr\/es\/wp-json\/wp\/v2\/product_brand?post=109"},{"taxonomy":"product_cat","embeddable":true,"href":"https:\/\/www.safinel.fr\/es\/wp-json\/wp\/v2\/product_cat?post=109"},{"taxonomy":"product_tag","embeddable":true,"href":"https:\/\/www.safinel.fr\/es\/wp-json\/wp\/v2\/product_tag?post=109"}],"curies":[{"name":"wp","href":"https:\/\/api.w.org\/{rel}","templated":true}]}}