{"id":1046,"date":"2022-04-11T18:44:51","date_gmt":"2022-04-11T18:44:51","guid":{"rendered":"https:\/\/www.safinel.fr\/?post_type=product&#038;p=1046"},"modified":"2026-01-07T14:58:35","modified_gmt":"2026-01-07T14:58:35","slug":"hojas-de-guayaba","status":"publish","type":"product","link":"https:\/\/www.safinel.fr\/es\/product-2\/hojas-de-guayaba\/","title":{"rendered":"Hojas de guayaba 50 g"},"content":{"rendered":"<p>L<strong>\u2019\u00e1rbol frutal,<\/strong>\u00a0por magn\u00edfica y agradable que sea, puede tener ciertamente frutos con sabores agradables, pero tambi\u00e9n hojas o incluso cortezas con caracter\u00edsticas y virtudes que enriquecen el organismo. El<strong>\u00a0hojas de guayaba<\/strong>\u00a0as\u00ed que prep\u00e1rese para sorprenderse.<\/p>\n<h2><strong>Presentaci\u00f3n de las hojas de guayaba\u00a0<\/strong><\/h2>\n<p>En primer lugar, conozcamos el \u00e1rbol del que proceden estas delicadas y magn\u00edficas hojas. Se llama\u00a0<strong>psidium guajava<\/strong>, Pertenece a la familia de las mirt\u00e1ceas. Originaria de regiones tropicales, es conocida sobre todo por su fruto dulce y refrescante,\u00a0<strong>guayaba<\/strong>\u00a0\u00a1! Sin embargo, no muy lejos de la fruta, \u00a1encontrar\u00e1 hojas con toda una serie de beneficios!<\/p>\n<p>Descubra sin m\u00e1s demora, en su envase de 50 g, procesados y preparados para usted, los famosos<strong> hojas de guayaba<\/strong>.<\/p>\n<h2><strong>\u00bfCu\u00e1les son los beneficios de las hojas de guayaba?\u00a0<\/strong><\/h2>\n<p>\u00bfEst\u00e1 listo para descubrir las virtudes de<strong>\u00a0psidium guajava hojas\u00a0<\/strong>?<\/p>\n<ul>\n<li>Pueden ayudar con\u00a0<strong>regular los niveles de colesterol<\/strong><\/li>\n<li>Se sabe que es eficaz contra dolencias bucales como el dolor de enc\u00edas, las llagas y la inflamaci\u00f3n<\/li>\n<li>Para quienes tienen problemas de acn\u00e9, \u00a1las hojas de guayaba podr\u00edan ser la soluci\u00f3n!<\/li>\n<li>Tambi\u00e9n pueden ser un activo para\u00a0<strong>control del az\u00facar<\/strong><\/li>\n<li>Tambi\u00e9n se sabe que previenen la ca\u00edda del cabello<\/li>\n<\/ul>\n<h3><strong>Los \u00e1rboles frutales ocupan un lugar privilegiado.\u00a0<\/strong><\/h3>\n<p>Los \u00e1rboles suelen ser apreciados por sus frutos, pero a veces esconden una serie de beneficios que desconocemos. Como, por ejemplo, con<strong>\u00a0<a href=\"https:\/\/www.safinel.fr\/es\/product-2\/corteza-de-mango\/\">corteza de mango<\/a><\/strong>\u00a0o con el\u00a0<a href=\"https:\/\/www.safinel.fr\/es\/product-2\/cascara-de-granada-50-g\/\"><strong>piel de granada<\/strong><\/a>\u00a0!<\/p>\n<p>Los \u00e1rboles frutales atraen no s\u00f3lo por las delicadas y jugosas bayas que producen, sino tambi\u00e9n por las riquezas que esconden.<\/p>\n<p>Para aprovechar esta<strong>\u00a0tratamiento medicinal natural<\/strong>, La infusi\u00f3n es una de las soluciones m\u00e1s eficaces. Tanto si se trata de<strong>\u00a0trata tus dolencias<\/strong>\u00a0o para ayudar a regular su organismo:<\/p>\n<ol>\n<li>Coger un cazo y llevar el agua a ebullici\u00f3n.<\/li>\n<li>A continuaci\u00f3n, inserte el\u00a0<strong>hojas de guayaba<\/strong>\u00a0y dejar infusionar.<\/li>\n<li>Por \u00faltimo, \u00a1espera y disfruta de tus nuevos compa\u00f1eros de salud como es debido!<\/li>\n<\/ol>","protected":false},"excerpt":{"rendered":"<p>L\u2019arbre fruitier,\u00a0aussi magnifique et agr\u00e9able soit-il, peut avoir certes des fruits aux saveurs plaisantes, mais aussi des feuilles ou m\u00eame des \u00e9corces aux caract\u00e9ristiques et aux vertus enrichissantes pour le corps. Les\u00a0feuilles de goyavier\u00a0prennent place, pr\u00e9parez-vous \u00e0 \u00eatre surpris ! Pr\u00e9sentation des feuilles de goyavier\u00a0 Tout d\u2019abord, faisons connaissance avec l&rsquo;arbre dont sont issues ces [&#8230;]","protected":false},"featured_media":1026,"template":"","meta":[],"product_brand":[],"product_cat":[27],"product_tag":[],"class_list":{"0":"post-1046","1":"product","2":"type-product","3":"status-publish","4":"has-post-thumbnail","6":"product_cat-plantes-medicinales","8":"first","9":"outofstock","10":"shipping-taxable","11":"purchasable","12":"product-type-simple"},"yoast_head":"<!-- This site is optimized with the Yoast SEO plugin v26.6 - https:\/\/yoast.com\/wordpress\/plugins\/seo\/ -->\n<title>Feuilles de goyave | Bienfaits et vertus nombreux | Achat en ligne<\/title>\n<meta name=\"description\" content=\"Les\u00a0feuilles de goyavier\u00a0prennent place, pr\u00e9parez-vous \u00e0 \u00eatre surpris !\u00a0D\u00e9couvrez notre s\u00e9lection sans plus attendre !\" \/>\n<meta name=\"robots\" content=\"index, follow, max-snippet:-1, max-image-preview:large, max-video-preview:-1\" \/>\n<link rel=\"canonical\" href=\"https:\/\/www.safinel.fr\/es\/product-2\/hojas-de-guayaba\/\" \/>\n<meta property=\"og:locale\" content=\"es_ES\" \/>\n<meta property=\"og:type\" content=\"article\" \/>\n<meta property=\"og:title\" content=\"Feuilles de goyave | Bienfaits et vertus nombreux | Achat en ligne\" \/>\n<meta property=\"og:description\" content=\"Les\u00a0feuilles de goyavier\u00a0prennent place, pr\u00e9parez-vous \u00e0 \u00eatre surpris !\u00a0D\u00e9couvrez notre s\u00e9lection sans plus attendre !\" \/>\n<meta property=\"og:url\" content=\"https:\/\/www.safinel.fr\/es\/product-2\/hojas-de-guayaba\/\" \/>\n<meta property=\"og:site_name\" content=\"Safinel\" \/>\n<meta property=\"article:modified_time\" content=\"2026-01-07T14:58:35+00:00\" \/>\n<meta property=\"og:image\" content=\"https:\/\/www.safinel.fr\/wp-content\/uploads\/2022\/04\/feuilles-de-goyavier.jpg\" \/>\n\t<meta property=\"og:image:width\" content=\"600\" \/>\n\t<meta property=\"og:image:height\" content=\"600\" \/>\n\t<meta property=\"og:image:type\" content=\"image\/jpeg\" \/>\n<meta name=\"twitter:card\" content=\"summary_large_image\" \/>\n<meta name=\"twitter:label1\" content=\"Tiempo de lectura\" \/>\n\t<meta name=\"twitter:data1\" content=\"2 minutos\" \/>\n<script type=\"application\/ld+json\" class=\"yoast-schema-graph\">{\"@context\":\"https:\/\/schema.org\",\"@graph\":[{\"@type\":\"WebPage\",\"@id\":\"https:\/\/www.safinel.fr\/produit\/feuilles-de-goyavier\/\",\"url\":\"https:\/\/www.safinel.fr\/produit\/feuilles-de-goyavier\/\",\"name\":\"Feuilles de goyave | Bienfaits et vertus nombreux | Achat en ligne\",\"isPartOf\":{\"@id\":\"https:\/\/www.safinel.fr\/#website\"},\"primaryImageOfPage\":{\"@id\":\"https:\/\/www.safinel.fr\/produit\/feuilles-de-goyavier\/#primaryimage\"},\"image\":{\"@id\":\"https:\/\/www.safinel.fr\/produit\/feuilles-de-goyavier\/#primaryimage\"},\"thumbnailUrl\":\"https:\/\/www.safinel.fr\/wp-content\/uploads\/2022\/04\/feuilles-de-goyavier.jpg\",\"datePublished\":\"2022-04-11T18:44:51+00:00\",\"dateModified\":\"2026-01-07T14:58:35+00:00\",\"description\":\"Les\u00a0feuilles de goyavier\u00a0prennent place, pr\u00e9parez-vous \u00e0 \u00eatre surpris !\u00a0D\u00e9couvrez notre s\u00e9lection sans plus attendre !\",\"breadcrumb\":{\"@id\":\"https:\/\/www.safinel.fr\/produit\/feuilles-de-goyavier\/#breadcrumb\"},\"inLanguage\":\"es\",\"potentialAction\":[{\"@type\":\"ReadAction\",\"target\":[\"https:\/\/www.safinel.fr\/produit\/feuilles-de-goyavier\/\"]}]},{\"@type\":\"ImageObject\",\"inLanguage\":\"es\",\"@id\":\"https:\/\/www.safinel.fr\/produit\/feuilles-de-goyavier\/#primaryimage\",\"url\":\"https:\/\/www.safinel.fr\/wp-content\/uploads\/2022\/04\/feuilles-de-goyavier.jpg\",\"contentUrl\":\"https:\/\/www.safinel.fr\/wp-content\/uploads\/2022\/04\/feuilles-de-goyavier.jpg\",\"width\":600,\"height\":600,\"caption\":\"Feuilles de goyavier\"},{\"@type\":\"BreadcrumbList\",\"@id\":\"https:\/\/www.safinel.fr\/produit\/feuilles-de-goyavier\/#breadcrumb\",\"itemListElement\":[{\"@type\":\"ListItem\",\"position\":1,\"name\":\"Accueil\",\"item\":\"https:\/\/www.safinel.fr\/\"},{\"@type\":\"ListItem\",\"position\":2,\"name\":\"Boutique\",\"item\":\"https:\/\/www.safinel.fr\/boutique\/\"},{\"@type\":\"ListItem\",\"position\":3,\"name\":\"Feuilles de goyave 50g\"}]},{\"@type\":\"WebSite\",\"@id\":\"https:\/\/www.safinel.fr\/#website\",\"url\":\"https:\/\/www.safinel.fr\/\",\"name\":\"Safinel\",\"description\":\"\",\"publisher\":{\"@id\":\"https:\/\/www.safinel.fr\/#organization\"},\"potentialAction\":[{\"@type\":\"SearchAction\",\"target\":{\"@type\":\"EntryPoint\",\"urlTemplate\":\"https:\/\/www.safinel.fr\/?s={search_term_string}\"},\"query-input\":{\"@type\":\"PropertyValueSpecification\",\"valueRequired\":true,\"valueName\":\"search_term_string\"}}],\"inLanguage\":\"es\"},{\"@type\":\"Organization\",\"@id\":\"https:\/\/www.safinel.fr\/#organization\",\"name\":\"Safinel\",\"url\":\"https:\/\/www.safinel.fr\/\",\"logo\":{\"@type\":\"ImageObject\",\"inLanguage\":\"es\",\"@id\":\"https:\/\/www.safinel.fr\/#\/schema\/logo\/image\/\",\"url\":\"https:\/\/www.safinel.fr\/wp-content\/uploads\/2021\/05\/boutique-cosmetique.png\",\"contentUrl\":\"https:\/\/www.safinel.fr\/wp-content\/uploads\/2021\/05\/boutique-cosmetique.png\",\"width\":800,\"height\":200,\"caption\":\"Safinel\"},\"image\":{\"@id\":\"https:\/\/www.safinel.fr\/#\/schema\/logo\/image\/\"}}]}<\/script>\n<!-- \/ Yoast SEO plugin. -->","yoast_head_json":{"title":"Hojas de guayaba | Muchos beneficios y virtudes | Comprar en l\u00ednea","description":"Las hojas de guayaba ocupan su lugar, \u00a1as\u00ed que prep\u00e1rate para sorprenderte! \u00a1Descubra ya nuestra selecci\u00f3n!","robots":{"index":"index","follow":"follow","max-snippet":"max-snippet:-1","max-image-preview":"max-image-preview:large","max-video-preview":"max-video-preview:-1"},"canonical":"https:\/\/www.safinel.fr\/es\/product-2\/hojas-de-guayaba\/","og_locale":"es_ES","og_type":"article","og_title":"Feuilles de goyave | Bienfaits et vertus nombreux | Achat en ligne","og_description":"Les\u00a0feuilles de goyavier\u00a0prennent place, pr\u00e9parez-vous \u00e0 \u00eatre surpris !\u00a0D\u00e9couvrez notre s\u00e9lection sans plus attendre !","og_url":"https:\/\/www.safinel.fr\/es\/product-2\/hojas-de-guayaba\/","og_site_name":"Safinel","article_modified_time":"2026-01-07T14:58:35+00:00","og_image":[{"width":600,"height":600,"url":"https:\/\/www.safinel.fr\/wp-content\/uploads\/2022\/04\/feuilles-de-goyavier.jpg","type":"image\/jpeg"}],"twitter_card":"summary_large_image","twitter_misc":{"Tiempo de lectura":"2 minutos"},"schema":{"@context":"https:\/\/schema.org","@graph":[{"@type":"WebPage","@id":"https:\/\/www.safinel.fr\/produit\/feuilles-de-goyavier\/","url":"https:\/\/www.safinel.fr\/produit\/feuilles-de-goyavier\/","name":"Hojas de guayaba | Muchos beneficios y virtudes | Comprar en l\u00ednea","isPartOf":{"@id":"https:\/\/www.safinel.fr\/#website"},"primaryImageOfPage":{"@id":"https:\/\/www.safinel.fr\/produit\/feuilles-de-goyavier\/#primaryimage"},"image":{"@id":"https:\/\/www.safinel.fr\/produit\/feuilles-de-goyavier\/#primaryimage"},"thumbnailUrl":"https:\/\/www.safinel.fr\/wp-content\/uploads\/2022\/04\/feuilles-de-goyavier.jpg","datePublished":"2022-04-11T18:44:51+00:00","dateModified":"2026-01-07T14:58:35+00:00","description":"Las hojas de guayaba ocupan su lugar, \u00a1as\u00ed que prep\u00e1rate para sorprenderte! \u00a1Descubra ya nuestra selecci\u00f3n!","breadcrumb":{"@id":"https:\/\/www.safinel.fr\/produit\/feuilles-de-goyavier\/#breadcrumb"},"inLanguage":"es","potentialAction":[{"@type":"ReadAction","target":["https:\/\/www.safinel.fr\/produit\/feuilles-de-goyavier\/"]}]},{"@type":"ImageObject","inLanguage":"es","@id":"https:\/\/www.safinel.fr\/produit\/feuilles-de-goyavier\/#primaryimage","url":"https:\/\/www.safinel.fr\/wp-content\/uploads\/2022\/04\/feuilles-de-goyavier.jpg","contentUrl":"https:\/\/www.safinel.fr\/wp-content\/uploads\/2022\/04\/feuilles-de-goyavier.jpg","width":600,"height":600,"caption":"Feuilles de goyavier"},{"@type":"BreadcrumbList","@id":"https:\/\/www.safinel.fr\/produit\/feuilles-de-goyavier\/#breadcrumb","itemListElement":[{"@type":"ListItem","position":1,"name":"Accueil","item":"https:\/\/www.safinel.fr\/"},{"@type":"ListItem","position":2,"name":"Boutique","item":"https:\/\/www.safinel.fr\/boutique\/"},{"@type":"ListItem","position":3,"name":"Feuilles de goyave 50g"}]},{"@type":"WebSite","@id":"https:\/\/www.safinel.fr\/#website","url":"https:\/\/www.safinel.fr\/","name":"Safinel","description":"","publisher":{"@id":"https:\/\/www.safinel.fr\/#organization"},"potentialAction":[{"@type":"SearchAction","target":{"@type":"EntryPoint","urlTemplate":"https:\/\/www.safinel.fr\/?s={search_term_string}"},"query-input":{"@type":"PropertyValueSpecification","valueRequired":true,"valueName":"search_term_string"}}],"inLanguage":"es"},{"@type":"Organization","@id":"https:\/\/www.safinel.fr\/#organization","name":"Safinel","url":"https:\/\/www.safinel.fr\/","logo":{"@type":"ImageObject","inLanguage":"es","@id":"https:\/\/www.safinel.fr\/#\/schema\/logo\/image\/","url":"https:\/\/www.safinel.fr\/wp-content\/uploads\/2021\/05\/boutique-cosmetique.png","contentUrl":"https:\/\/www.safinel.fr\/wp-content\/uploads\/2021\/05\/boutique-cosmetique.png","width":800,"height":200,"caption":"Safinel"},"image":{"@id":"https:\/\/www.safinel.fr\/#\/schema\/logo\/image\/"}}]}},"_links":{"self":[{"href":"https:\/\/www.safinel.fr\/es\/wp-json\/wp\/v2\/product\/1046","targetHints":{"allow":["GET"]}}],"collection":[{"href":"https:\/\/www.safinel.fr\/es\/wp-json\/wp\/v2\/product"}],"about":[{"href":"https:\/\/www.safinel.fr\/es\/wp-json\/wp\/v2\/types\/product"}],"wp:featuredmedia":[{"embeddable":true,"href":"https:\/\/www.safinel.fr\/es\/wp-json\/wp\/v2\/media\/1026"}],"wp:attachment":[{"href":"https:\/\/www.safinel.fr\/es\/wp-json\/wp\/v2\/media?parent=1046"}],"wp:term":[{"taxonomy":"product_brand","embeddable":true,"href":"https:\/\/www.safinel.fr\/es\/wp-json\/wp\/v2\/product_brand?post=1046"},{"taxonomy":"product_cat","embeddable":true,"href":"https:\/\/www.safinel.fr\/es\/wp-json\/wp\/v2\/product_cat?post=1046"},{"taxonomy":"product_tag","embeddable":true,"href":"https:\/\/www.safinel.fr\/es\/wp-json\/wp\/v2\/product_tag?post=1046"}],"curies":[{"name":"wp","href":"https:\/\/api.w.org\/{rel}","templated":true}]}}