{"id":10432,"date":"2023-12-25T18:40:53","date_gmt":"2023-12-25T18:40:53","guid":{"rendered":"https:\/\/www.safinel.fr\/?post_type=product&#038;p=10432"},"modified":"2024-07-05T15:02:26","modified_gmt":"2024-07-05T15:02:26","slug":"zumo-de-cola","status":"publish","type":"product","link":"https:\/\/www.safinel.fr\/es\/product-2\/zumo-de-cola\/","title":{"rendered":"Zumo de cola"},"content":{"rendered":"<p>Bebidas a base de\u00a0<strong>cola<\/strong>\u00a0siempre han sido sin\u00f3nimo de energ\u00eda y frescura. Cada vez son m\u00e1s los consumidores que recurren a los zumos de cola para beneficiarse de sus virtudes. En este art\u00edculo, vamos a desvelar todos los secretos de esta bebida de sabor \u00fanico, sus diferentes tipos, los ingredientes que la componen y sus beneficios para la salud.<\/p>\n<h2><strong>Cola: una deliciosa mezcla de ingredientes naturales<\/strong><\/h2>\n<p>Una de las caracter\u00edsticas distintivas del zumo de cola es su composici\u00f3n rica y variada. Adem\u00e1s de agua carbonatada, contiene varios ingredientes de origen vegetal, que le confieren su sabor especial y sus propiedades estimulantes. He aqu\u00ed algunos de los ingredientes clave:<\/p>\n<ul>\n<li><a href=\"https:\/\/www.safinel.fr\/es\/product-2\/cola-pequena\/\"><strong>Nuez de cola<\/strong><\/a>\u00a0Cola: el principal ingrediente utilizado en la preparaci\u00f3n del zumo de cola. Este fruto seco africano contiene cafe\u00edna, lo que le confiere propiedades estimulantes y vigorizantes.<\/li>\n<li><strong>Az\u00facar o jarabe de ma\u00edz<\/strong>\u00a0Est\u00e1n presentes en la mayor\u00eda de las recetas de zumo de cola para suavizar el sabor.<\/li>\n<li><strong>Extractos de plantas arom\u00e1ticas<\/strong>\u00a0Vainilla, canela, nuez moscada... Estas especias a\u00f1aden un toque sutil y delicioso a la mezcla.<\/li>\n<\/ul>\n<p>Adem\u00e1s de estos ingredientes, tambi\u00e9n hay zumos de cola elaborados con\u00a0<strong>jengibre<\/strong>, Esto les da un sabor ligeramente \u00e1cido y refrescante.<\/p>\n<h2><strong>Variedades de zumo de cola<\/strong><\/h2>\n<p>Existen dos categor\u00edas principales de zumos de cola:<\/p>\n<ol>\n<li><strong>Zumo de cola cl\u00e1sico<\/strong>\u00a0Es la bebida que todos conocemos y adoramos por su sabor dulce y sus burbujas. Algunas marcas se han comprometido a reducir la cantidad de az\u00facar a\u00f1adido en sus productos, o utilizan edulcorantes naturales como alternativa al az\u00facar tradicional. Esto significa que podemos disfrutar del mismo sabor a la vez que reducimos las calor\u00edas.<\/li>\n<li><strong>Zumo de cola saludable<\/strong> Las bebidas de esta gama se centran en la calidad de los ingredientes y sus beneficios nutricionales. La composici\u00f3n puede centrarse m\u00e1s en extractos de plantas medicinales y aromas naturales. Algunos fabricantes tambi\u00e9n ofrecen colas sin cafe\u00edna para las personas sensibles a esta sustancia.<\/li>\n<\/ol>\n<h3><strong>Opciones para todos los gustos<\/strong><\/h3>\n<p>Algunas variantes intentan innovar con sabores \u00fanicos:<\/p>\n<ul>\n<li><strong>Zumo de cola y jengibre<\/strong>\u00a0Jengibre: la presencia de jengibre aporta un toque picante y energ\u00e9tico a la bebida. Tambi\u00e9n puede facilitar la digesti\u00f3n y reducir la sensaci\u00f3n de hinchaz\u00f3n.<\/li>\n<li><strong>Zumo de cereza cola<\/strong>\u00a0Un agradable sabor afrutado gracias a la adici\u00f3n de extractos de cereza, ideal para quienes buscan una bebida m\u00e1s dulce.<\/li>\n<li><strong>Una amplia variedad de opciones sin az\u00facar o con edulcorantes naturales<\/strong>, Esto significa que los consumidores pueden elegir la bebida que mejor se adapte a sus preferencias y necesidades nutricionales.<\/li>\n<\/ul>\n<h2><strong>Los beneficios para la salud del zumo de cola<\/strong><\/h2>\n<p>Aunque el zumo de cola suele considerarse m\u00e1s una bebida placentera que saludable, no deja de tener algunos beneficios, sobre todo si se opta por variantes con ingredientes naturales y m\u00ednimamente procesados.<\/p>\n<ul>\n<li><strong>Acci\u00f3n estimulante y energizante<\/strong>\u00a0Cafe\u00edna: gracias a la presencia de cafe\u00edna procedente de las nueces de cola o el jengibre, estas bebidas pueden ayudar a combatir la fatiga temporal y mejorar la concentraci\u00f3n.<\/li>\n<li><strong>Favorece la digesti\u00f3n<\/strong> zumo que contiene <a href=\"https:\/\/www.safinel.fr\/es\/product-2\/jengibre\/\"><strong>jengibre<\/strong><\/a> es famoso por facilitar la digesti\u00f3n y aliviar problemas digestivos como las n\u00e1useas y la hinchaz\u00f3n.<\/li>\n<li><strong>Contenido en antioxidantes<\/strong>\u00a0Algunos zumos de cola saludables est\u00e1n enriquecidos con extractos de plantas ricos en antioxidantes, que refuerzan nuestro sistema inmunitario y protegen nuestras c\u00e9lulas de los da\u00f1os causados por los radicales libres.<\/li>\n<\/ul>\n<h3><strong>Para ir m\u00e1s lejos: productos caseros<\/strong><\/h3>\n<p>Los que quieran tener un control total sobre su zumo de cola, pueden hacerlo ellos mismos. Numerosos sitios web y blogs ofrecen recetas a base de ingredientes sencillos, naturales y de f\u00e1cil acceso:<\/p>\n<ol>\n<li><strong>Elija su base <\/strong>\u00a0Tanto si se trata de un fruto seco como de un extracto, inf\u00f3rmese sobre las distintas opciones disponibles para crear un zumo adaptado a sus gustos y preferencias.<\/li>\n<li><strong>Opta por sabores naturales<\/strong>\u00a0Vainilla, canela, jengibre... d\u00e9 rienda suelta a su creatividad y a\u00f1ada las especias de su elecci\u00f3n para crear una bebida \u00fanica y sabrosa.<\/li>\n<li><strong>Jugar con las texturas y las temperaturas<\/strong>\u00a0A\u00f1ada cubitos de hielo para disfrutar de una bebida fresca en verano o disfr\u00fatela a temperatura ambiente en los largos viajes de invierno.<\/li>\n<\/ol>\n<p>En conclusi\u00f3n, el zumo de cola representa una opci\u00f3n amplia y variada para satisfacer todos los paladares. Ya se trate del cl\u00e1sico refresco de cola o de una versi\u00f3n m\u00e1s sana, hay algo para todos los gustos, tanto si lo buscas en las estanter\u00edas de las tiendas como si preparas tu propia versi\u00f3n en casa. As\u00ed que no dude en probar distintos tipos de zumo y disfrutar de sus sabores \u00fanicos y sus beneficios para el cuerpo y la mente.<\/p>","protected":false},"excerpt":{"rendered":"<p>Les boissons \u00e0 base de\u00a0cola\u00a0ont toujours \u00e9t\u00e9 synonymes d&rsquo;\u00e9nergie et de fra\u00eecheur. De plus en plus de consommateurs se tournent vers les jus de cola pour b\u00e9n\u00e9ficier de leurs vertus. Dans cet article, nous allons vous r\u00e9v\u00e9ler tous les secrets de cette boisson au go\u00fbt unique, ses diff\u00e9rents types, les ingr\u00e9dients qui la composent et [&#8230;]","protected":false},"featured_media":10433,"template":"","meta":[],"product_brand":[],"product_cat":[91],"product_tag":[],"class_list":{"0":"post-10432","1":"product","2":"type-product","3":"status-publish","4":"has-post-thumbnail","6":"product_cat-boisson-aphrodisiaque-africaine","8":"first","9":"outofstock","10":"shipping-taxable","11":"purchasable","12":"product-type-variable"},"yoast_head":"<!-- This site is optimized with the Yoast SEO plugin v26.6 - https:\/\/yoast.com\/wordpress\/plugins\/seo\/ -->\n<title>Jus de cola | Boisson \u00e9nergisante | Bienfaits nombreux<\/title>\n<meta name=\"description\" content=\"De nos jours, de plus en plus de consommateurs se tournent vers les jus de cola pour b\u00e9n\u00e9ficier de leurs vertus. Adoptez cette boisson !\" \/>\n<meta name=\"robots\" content=\"index, follow, max-snippet:-1, max-image-preview:large, max-video-preview:-1\" \/>\n<link rel=\"canonical\" href=\"https:\/\/www.safinel.fr\/es\/product-2\/zumo-de-cola\/\" \/>\n<meta property=\"og:locale\" content=\"es_ES\" \/>\n<meta property=\"og:type\" content=\"article\" \/>\n<meta property=\"og:title\" content=\"Jus de cola | Boisson \u00e9nergisante | Bienfaits nombreux\" \/>\n<meta property=\"og:description\" content=\"De nos jours, de plus en plus de consommateurs se tournent vers les jus de cola pour b\u00e9n\u00e9ficier de leurs vertus. Adoptez cette boisson !\" \/>\n<meta property=\"og:url\" content=\"https:\/\/www.safinel.fr\/es\/product-2\/zumo-de-cola\/\" \/>\n<meta property=\"og:site_name\" content=\"Safinel\" \/>\n<meta property=\"article:modified_time\" content=\"2024-07-05T15:02:26+00:00\" \/>\n<meta property=\"og:image\" content=\"https:\/\/www.safinel.fr\/wp-content\/uploads\/2023\/12\/jus-de-cola.jpg\" \/>\n\t<meta property=\"og:image:width\" content=\"600\" \/>\n\t<meta property=\"og:image:height\" content=\"600\" \/>\n\t<meta property=\"og:image:type\" content=\"image\/jpeg\" \/>\n<meta name=\"twitter:card\" content=\"summary_large_image\" \/>\n<meta name=\"twitter:label1\" content=\"Tiempo de lectura\" \/>\n\t<meta name=\"twitter:data1\" content=\"4 minutos\" \/>\n<script type=\"application\/ld+json\" class=\"yoast-schema-graph\">{\"@context\":\"https:\/\/schema.org\",\"@graph\":[{\"@type\":\"WebPage\",\"@id\":\"https:\/\/www.safinel.fr\/produit\/jus-de-cola\/\",\"url\":\"https:\/\/www.safinel.fr\/produit\/jus-de-cola\/\",\"name\":\"Jus de cola | Boisson \u00e9nergisante | Bienfaits nombreux\",\"isPartOf\":{\"@id\":\"https:\/\/www.safinel.fr\/#website\"},\"primaryImageOfPage\":{\"@id\":\"https:\/\/www.safinel.fr\/produit\/jus-de-cola\/#primaryimage\"},\"image\":{\"@id\":\"https:\/\/www.safinel.fr\/produit\/jus-de-cola\/#primaryimage\"},\"thumbnailUrl\":\"https:\/\/www.safinel.fr\/wp-content\/uploads\/2023\/12\/jus-de-cola.jpg\",\"datePublished\":\"2023-12-25T18:40:53+00:00\",\"dateModified\":\"2024-07-05T15:02:26+00:00\",\"description\":\"De nos jours, de plus en plus de consommateurs se tournent vers les jus de cola pour b\u00e9n\u00e9ficier de leurs vertus. Adoptez cette boisson !\",\"breadcrumb\":{\"@id\":\"https:\/\/www.safinel.fr\/produit\/jus-de-cola\/#breadcrumb\"},\"inLanguage\":\"es\",\"potentialAction\":[{\"@type\":\"ReadAction\",\"target\":[\"https:\/\/www.safinel.fr\/produit\/jus-de-cola\/\"]}]},{\"@type\":\"ImageObject\",\"inLanguage\":\"es\",\"@id\":\"https:\/\/www.safinel.fr\/produit\/jus-de-cola\/#primaryimage\",\"url\":\"https:\/\/www.safinel.fr\/wp-content\/uploads\/2023\/12\/jus-de-cola.jpg\",\"contentUrl\":\"https:\/\/www.safinel.fr\/wp-content\/uploads\/2023\/12\/jus-de-cola.jpg\",\"width\":600,\"height\":600,\"caption\":\"Jus de cola\"},{\"@type\":\"BreadcrumbList\",\"@id\":\"https:\/\/www.safinel.fr\/produit\/jus-de-cola\/#breadcrumb\",\"itemListElement\":[{\"@type\":\"ListItem\",\"position\":1,\"name\":\"Accueil\",\"item\":\"https:\/\/www.safinel.fr\/\"},{\"@type\":\"ListItem\",\"position\":2,\"name\":\"Boutique\",\"item\":\"https:\/\/www.safinel.fr\/boutique\/\"},{\"@type\":\"ListItem\",\"position\":3,\"name\":\"Jus de cola\"}]},{\"@type\":\"WebSite\",\"@id\":\"https:\/\/www.safinel.fr\/#website\",\"url\":\"https:\/\/www.safinel.fr\/\",\"name\":\"Safinel\",\"description\":\"\",\"publisher\":{\"@id\":\"https:\/\/www.safinel.fr\/#organization\"},\"potentialAction\":[{\"@type\":\"SearchAction\",\"target\":{\"@type\":\"EntryPoint\",\"urlTemplate\":\"https:\/\/www.safinel.fr\/?s={search_term_string}\"},\"query-input\":{\"@type\":\"PropertyValueSpecification\",\"valueRequired\":true,\"valueName\":\"search_term_string\"}}],\"inLanguage\":\"es\"},{\"@type\":\"Organization\",\"@id\":\"https:\/\/www.safinel.fr\/#organization\",\"name\":\"Safinel\",\"url\":\"https:\/\/www.safinel.fr\/\",\"logo\":{\"@type\":\"ImageObject\",\"inLanguage\":\"es\",\"@id\":\"https:\/\/www.safinel.fr\/#\/schema\/logo\/image\/\",\"url\":\"https:\/\/www.safinel.fr\/wp-content\/uploads\/2021\/05\/boutique-cosmetique.png\",\"contentUrl\":\"https:\/\/www.safinel.fr\/wp-content\/uploads\/2021\/05\/boutique-cosmetique.png\",\"width\":800,\"height\":200,\"caption\":\"Safinel\"},\"image\":{\"@id\":\"https:\/\/www.safinel.fr\/#\/schema\/logo\/image\/\"}}]}<\/script>\n<!-- \/ Yoast SEO plugin. -->","yoast_head_json":{"title":"Zumo de cola | Bebida energ\u00e9tica | Numerosos beneficios","description":"Hoy en d\u00eda, cada vez m\u00e1s consumidores recurren al zumo de cola para beneficiarse de sus virtudes. \u00a1A por \u00e9l!","robots":{"index":"index","follow":"follow","max-snippet":"max-snippet:-1","max-image-preview":"max-image-preview:large","max-video-preview":"max-video-preview:-1"},"canonical":"https:\/\/www.safinel.fr\/es\/product-2\/zumo-de-cola\/","og_locale":"es_ES","og_type":"article","og_title":"Jus de cola | Boisson \u00e9nergisante | Bienfaits nombreux","og_description":"De nos jours, de plus en plus de consommateurs se tournent vers les jus de cola pour b\u00e9n\u00e9ficier de leurs vertus. Adoptez cette boisson !","og_url":"https:\/\/www.safinel.fr\/es\/product-2\/zumo-de-cola\/","og_site_name":"Safinel","article_modified_time":"2024-07-05T15:02:26+00:00","og_image":[{"width":600,"height":600,"url":"https:\/\/www.safinel.fr\/wp-content\/uploads\/2023\/12\/jus-de-cola.jpg","type":"image\/jpeg"}],"twitter_card":"summary_large_image","twitter_misc":{"Tiempo de lectura":"4 minutos"},"schema":{"@context":"https:\/\/schema.org","@graph":[{"@type":"WebPage","@id":"https:\/\/www.safinel.fr\/produit\/jus-de-cola\/","url":"https:\/\/www.safinel.fr\/produit\/jus-de-cola\/","name":"Zumo de cola | Bebida energ\u00e9tica | Numerosos beneficios","isPartOf":{"@id":"https:\/\/www.safinel.fr\/#website"},"primaryImageOfPage":{"@id":"https:\/\/www.safinel.fr\/produit\/jus-de-cola\/#primaryimage"},"image":{"@id":"https:\/\/www.safinel.fr\/produit\/jus-de-cola\/#primaryimage"},"thumbnailUrl":"https:\/\/www.safinel.fr\/wp-content\/uploads\/2023\/12\/jus-de-cola.jpg","datePublished":"2023-12-25T18:40:53+00:00","dateModified":"2024-07-05T15:02:26+00:00","description":"Hoy en d\u00eda, cada vez m\u00e1s consumidores recurren al zumo de cola para beneficiarse de sus virtudes. \u00a1A por \u00e9l!","breadcrumb":{"@id":"https:\/\/www.safinel.fr\/produit\/jus-de-cola\/#breadcrumb"},"inLanguage":"es","potentialAction":[{"@type":"ReadAction","target":["https:\/\/www.safinel.fr\/produit\/jus-de-cola\/"]}]},{"@type":"ImageObject","inLanguage":"es","@id":"https:\/\/www.safinel.fr\/produit\/jus-de-cola\/#primaryimage","url":"https:\/\/www.safinel.fr\/wp-content\/uploads\/2023\/12\/jus-de-cola.jpg","contentUrl":"https:\/\/www.safinel.fr\/wp-content\/uploads\/2023\/12\/jus-de-cola.jpg","width":600,"height":600,"caption":"Jus de cola"},{"@type":"BreadcrumbList","@id":"https:\/\/www.safinel.fr\/produit\/jus-de-cola\/#breadcrumb","itemListElement":[{"@type":"ListItem","position":1,"name":"Accueil","item":"https:\/\/www.safinel.fr\/"},{"@type":"ListItem","position":2,"name":"Boutique","item":"https:\/\/www.safinel.fr\/boutique\/"},{"@type":"ListItem","position":3,"name":"Jus de cola"}]},{"@type":"WebSite","@id":"https:\/\/www.safinel.fr\/#website","url":"https:\/\/www.safinel.fr\/","name":"Safinel","description":"","publisher":{"@id":"https:\/\/www.safinel.fr\/#organization"},"potentialAction":[{"@type":"SearchAction","target":{"@type":"EntryPoint","urlTemplate":"https:\/\/www.safinel.fr\/?s={search_term_string}"},"query-input":{"@type":"PropertyValueSpecification","valueRequired":true,"valueName":"search_term_string"}}],"inLanguage":"es"},{"@type":"Organization","@id":"https:\/\/www.safinel.fr\/#organization","name":"Safinel","url":"https:\/\/www.safinel.fr\/","logo":{"@type":"ImageObject","inLanguage":"es","@id":"https:\/\/www.safinel.fr\/#\/schema\/logo\/image\/","url":"https:\/\/www.safinel.fr\/wp-content\/uploads\/2021\/05\/boutique-cosmetique.png","contentUrl":"https:\/\/www.safinel.fr\/wp-content\/uploads\/2021\/05\/boutique-cosmetique.png","width":800,"height":200,"caption":"Safinel"},"image":{"@id":"https:\/\/www.safinel.fr\/#\/schema\/logo\/image\/"}}]}},"_links":{"self":[{"href":"https:\/\/www.safinel.fr\/es\/wp-json\/wp\/v2\/product\/10432","targetHints":{"allow":["GET"]}}],"collection":[{"href":"https:\/\/www.safinel.fr\/es\/wp-json\/wp\/v2\/product"}],"about":[{"href":"https:\/\/www.safinel.fr\/es\/wp-json\/wp\/v2\/types\/product"}],"wp:featuredmedia":[{"embeddable":true,"href":"https:\/\/www.safinel.fr\/es\/wp-json\/wp\/v2\/media\/10433"}],"wp:attachment":[{"href":"https:\/\/www.safinel.fr\/es\/wp-json\/wp\/v2\/media?parent=10432"}],"wp:term":[{"taxonomy":"product_brand","embeddable":true,"href":"https:\/\/www.safinel.fr\/es\/wp-json\/wp\/v2\/product_brand?post=10432"},{"taxonomy":"product_cat","embeddable":true,"href":"https:\/\/www.safinel.fr\/es\/wp-json\/wp\/v2\/product_cat?post=10432"},{"taxonomy":"product_tag","embeddable":true,"href":"https:\/\/www.safinel.fr\/es\/wp-json\/wp\/v2\/product_tag?post=10432"}],"curies":[{"name":"wp","href":"https:\/\/api.w.org\/{rel}","templated":true}]}}