{"id":1043,"date":"2022-04-11T10:42:29","date_gmt":"2022-04-11T10:42:29","guid":{"rendered":"https:\/\/www.safinel.fr\/?post_type=product&#038;p=1043"},"modified":"2024-02-21T11:03:21","modified_gmt":"2024-02-21T11:03:21","slug":"corteza-de-mango","status":"publish","type":"product","link":"https:\/\/www.safinel.fr\/es\/product-2\/corteza-de-mango\/","title":{"rendered":"Corteza de mango 100g"},"content":{"rendered":"<p>\u00a1Es hora de cuidarse, se\u00f1oras! Dejad todo lo que teng\u00e1is entre manos y preparaos para volver a centraros en vosotras mismas. Cierra la puerta detr\u00e1s de ti, porque vamos a hablar de intimidad presentando el<strong>\u2018corteza de mango<\/strong>\u00a0!<\/p>\n<h2><strong>La corteza del mango\u00a0<\/strong><\/h2>\n<p>En primer lugar, debe saber que este \u00e1rbol de la<strong>\u00a0Familia Anacardiaceae<\/strong>\u00a0da el famoso y muy jugoso\u00a0<strong>mangos\u00a0<\/strong>\u00a1! Estos son algunos de los\u00a0<strong>frutas ex\u00f3ticas<\/strong>\u00a0\u00a1en Francia!<\/p>\n<p>El \u00e1rbol del mango tambi\u00e9n tiene otras virtudes, sobre todo a trav\u00e9s de sus hojas y su corteza. Por eso, su especialista en\u00a0<strong>productos naturales<\/strong>\u00a0destaca este producto que seguro que te conquistar\u00e1.<\/p>\n<h2><strong>\u00bfConoces los beneficios de la corteza de mango?<\/strong><\/h2>\n<p>Si a\u00fan no conoce las virtudes de esta corteza, compruebe que la puerta est\u00e1 cerrada, porque estamos a punto de entrar en el meollo de la cuesti\u00f3n. La corteza de mango es conocida por una serie de propiedades:<\/p>\n<ul>\n<li>Ayudar a combatir\u00a0<strong>olor vaginal<\/strong><\/li>\n<li>Ser un activo para\u00a0<strong>reafirmar la vagina\u00a0<\/strong><\/li>\n<li>Beneficioso<strong>\u00a0contra<\/strong>\u00a0<strong>descarga blanca\u00a0<\/strong><\/li>\n<li>Ayuda contra el picor<\/li>\n<li>Ser eficaz en la lucha contra las hemorroides<\/li>\n<\/ul>\n<p>Como puede ver, este<strong>\u00a0planta medicinal natural 100%<\/strong>\u00a0puede ser un recurso cotidiano, \u00a1se\u00f1oras! Pero la pregunta que nos hacemos actualmente es \u00bfc\u00f3mo utilizarlo?<\/p>\n<h3><strong>\u00bfPor qu\u00e9 no ponerlo en pr\u00e1ctica?\u00a0<\/strong><\/h3>\n<p>Un poco como\u00a0<a href=\"https:\/\/www.safinel.fr\/es\/product-2\/hoja-de-deucalipto\/\"><strong>hojas de eucalipto<\/strong><\/a>\u00a0o para\u00a0<a href=\"https:\/\/www.safinel.fr\/es\/product-2\/hojas-de-tulsi\/\"><strong>hojas de tulsi<\/strong><\/a>, Para hervir la corteza, necesitar\u00e1s una cacerola. A continuaci\u00f3n, hierve la corteza dentro.<\/p>\n<p>Despu\u00e9s de hervir, dejar enfriar para que el agua se evapore.<strong>\u2019l agua empapa la corteza<\/strong>\u00a0\u00a1! Y por \u00faltimo\u00a0<strong>limpieza \u00edntima<\/strong>.<\/p>\n<p>Con guantes limpios, utilice su preparaci\u00f3n para limpiar las piezas, sin profundizar demasiado.<\/p>\n<p>Ahora ya tienes el secreto para encontrar un\u00a0<strong>higiene personal<\/strong>\u00a0\u00a1Impecable, se\u00f1oras!<\/p>","protected":false},"excerpt":{"rendered":"<p>Ha llegado el descanso femenino, \u00a1es hora de cuidarse, se\u00f1oras! Dejen todo lo que tienen en las manos y prep\u00e1rense para volver a centrarse en ustedes mismas. Cierren la puerta tras de ustedes, porque vamos a hablar de intimidad present\u00e1ndoles la corteza de mango. Un peque\u00f1o zoom sobre la corteza de mango. En primer lugar, esta [\u2026]","protected":false},"featured_media":1027,"template":"","meta":[],"product_brand":[],"product_cat":[59,27],"product_tag":[],"class_list":{"0":"post-1043","1":"product","2":"type-product","3":"status-publish","4":"has-post-thumbnail","6":"product_cat-fruit-tropical","7":"product_cat-plantes-medicinales","9":"first","10":"instock","11":"shipping-taxable","12":"purchasable","13":"product-type-simple"},"yoast_head":"<!-- This site is optimized with the Yoast SEO plugin v26.6 - https:\/\/yoast.com\/wordpress\/plugins\/seo\/ -->\n<title>\u00c9corce de manguier | Bienfaits nombreux | Achat en ligne s\u00e9curis\u00e9<\/title>\n<meta name=\"description\" content=\"Fermez la porte derri\u00e8re vous, car nous allons parler intimit\u00e9 en vous pr\u00e9sentant l&#039;\u00e9corce de manguier\u00a0! Bonne d\u00e9couverte !\" \/>\n<meta name=\"robots\" content=\"index, follow, max-snippet:-1, max-image-preview:large, max-video-preview:-1\" \/>\n<link rel=\"canonical\" href=\"https:\/\/www.safinel.fr\/es\/product-2\/corteza-de-mango\/\" \/>\n<meta property=\"og:locale\" content=\"es_ES\" \/>\n<meta property=\"og:type\" content=\"article\" \/>\n<meta property=\"og:title\" content=\"\u00c9corce de manguier | Bienfaits nombreux | Achat en ligne s\u00e9curis\u00e9\" \/>\n<meta property=\"og:description\" content=\"Fermez la porte derri\u00e8re vous, car nous allons parler intimit\u00e9 en vous pr\u00e9sentant l&#039;\u00e9corce de manguier\u00a0! Bonne d\u00e9couverte !\" \/>\n<meta property=\"og:url\" content=\"https:\/\/www.safinel.fr\/es\/product-2\/corteza-de-mango\/\" \/>\n<meta property=\"og:site_name\" content=\"Safinel\" \/>\n<meta property=\"article:modified_time\" content=\"2024-02-21T11:03:21+00:00\" \/>\n<meta property=\"og:image\" content=\"https:\/\/www.safinel.fr\/wp-content\/uploads\/2022\/04\/ecorces-de-manguier.jpg\" \/>\n\t<meta property=\"og:image:width\" content=\"600\" \/>\n\t<meta property=\"og:image:height\" content=\"600\" \/>\n\t<meta property=\"og:image:type\" content=\"image\/jpeg\" \/>\n<meta name=\"twitter:card\" content=\"summary_large_image\" \/>\n<meta name=\"twitter:label1\" content=\"Tiempo de lectura\" \/>\n\t<meta name=\"twitter:data1\" content=\"2 minutos\" \/>\n<script type=\"application\/ld+json\" class=\"yoast-schema-graph\">{\"@context\":\"https:\/\/schema.org\",\"@graph\":[{\"@type\":\"WebPage\",\"@id\":\"https:\/\/www.safinel.fr\/produit\/ecorce-de-manguier\/\",\"url\":\"https:\/\/www.safinel.fr\/produit\/ecorce-de-manguier\/\",\"name\":\"\u00c9corce de manguier | Bienfaits nombreux | Achat en ligne s\u00e9curis\u00e9\",\"isPartOf\":{\"@id\":\"https:\/\/www.safinel.fr\/#website\"},\"primaryImageOfPage\":{\"@id\":\"https:\/\/www.safinel.fr\/produit\/ecorce-de-manguier\/#primaryimage\"},\"image\":{\"@id\":\"https:\/\/www.safinel.fr\/produit\/ecorce-de-manguier\/#primaryimage\"},\"thumbnailUrl\":\"https:\/\/www.safinel.fr\/wp-content\/uploads\/2022\/04\/ecorces-de-manguier.jpg\",\"datePublished\":\"2022-04-11T10:42:29+00:00\",\"dateModified\":\"2024-02-21T11:03:21+00:00\",\"description\":\"Fermez la porte derri\u00e8re vous, car nous allons parler intimit\u00e9 en vous pr\u00e9sentant l'\u00e9corce de manguier\u00a0! Bonne d\u00e9couverte !\",\"breadcrumb\":{\"@id\":\"https:\/\/www.safinel.fr\/produit\/ecorce-de-manguier\/#breadcrumb\"},\"inLanguage\":\"es\",\"potentialAction\":[{\"@type\":\"ReadAction\",\"target\":[\"https:\/\/www.safinel.fr\/produit\/ecorce-de-manguier\/\"]}]},{\"@type\":\"ImageObject\",\"inLanguage\":\"es\",\"@id\":\"https:\/\/www.safinel.fr\/produit\/ecorce-de-manguier\/#primaryimage\",\"url\":\"https:\/\/www.safinel.fr\/wp-content\/uploads\/2022\/04\/ecorces-de-manguier.jpg\",\"contentUrl\":\"https:\/\/www.safinel.fr\/wp-content\/uploads\/2022\/04\/ecorces-de-manguier.jpg\",\"width\":600,\"height\":600,\"caption\":\"\u00e9corces de manguier\"},{\"@type\":\"BreadcrumbList\",\"@id\":\"https:\/\/www.safinel.fr\/produit\/ecorce-de-manguier\/#breadcrumb\",\"itemListElement\":[{\"@type\":\"ListItem\",\"position\":1,\"name\":\"Accueil\",\"item\":\"https:\/\/www.safinel.fr\/\"},{\"@type\":\"ListItem\",\"position\":2,\"name\":\"Boutique\",\"item\":\"https:\/\/www.safinel.fr\/boutique\/\"},{\"@type\":\"ListItem\",\"position\":3,\"name\":\"\u00c9corce de manguier 100g\"}]},{\"@type\":\"WebSite\",\"@id\":\"https:\/\/www.safinel.fr\/#website\",\"url\":\"https:\/\/www.safinel.fr\/\",\"name\":\"Safinel\",\"description\":\"\",\"publisher\":{\"@id\":\"https:\/\/www.safinel.fr\/#organization\"},\"potentialAction\":[{\"@type\":\"SearchAction\",\"target\":{\"@type\":\"EntryPoint\",\"urlTemplate\":\"https:\/\/www.safinel.fr\/?s={search_term_string}\"},\"query-input\":{\"@type\":\"PropertyValueSpecification\",\"valueRequired\":true,\"valueName\":\"search_term_string\"}}],\"inLanguage\":\"es\"},{\"@type\":\"Organization\",\"@id\":\"https:\/\/www.safinel.fr\/#organization\",\"name\":\"Safinel\",\"url\":\"https:\/\/www.safinel.fr\/\",\"logo\":{\"@type\":\"ImageObject\",\"inLanguage\":\"es\",\"@id\":\"https:\/\/www.safinel.fr\/#\/schema\/logo\/image\/\",\"url\":\"https:\/\/www.safinel.fr\/wp-content\/uploads\/2021\/05\/boutique-cosmetique.png\",\"contentUrl\":\"https:\/\/www.safinel.fr\/wp-content\/uploads\/2021\/05\/boutique-cosmetique.png\",\"width\":800,\"height\":200,\"caption\":\"Safinel\"},\"image\":{\"@id\":\"https:\/\/www.safinel.fr\/#\/schema\/logo\/image\/\"}}]}<\/script>\n<!-- \/ Yoast SEO plugin. -->","yoast_head_json":{"title":"Corteza de mango | Muchos beneficios | Compra segura en l\u00ednea","description":"Cierra la puerta detr\u00e1s de ti, porque vamos a hablar de intimidad mientras te presentamos la corteza de mango. \u00a1Disfrute de su descubrimiento!","robots":{"index":"index","follow":"follow","max-snippet":"max-snippet:-1","max-image-preview":"max-image-preview:large","max-video-preview":"max-video-preview:-1"},"canonical":"https:\/\/www.safinel.fr\/es\/product-2\/corteza-de-mango\/","og_locale":"es_ES","og_type":"article","og_title":"\u00c9corce de manguier | Bienfaits nombreux | Achat en ligne s\u00e9curis\u00e9","og_description":"Fermez la porte derri\u00e8re vous, car nous allons parler intimit\u00e9 en vous pr\u00e9sentant l'\u00e9corce de manguier\u00a0! Bonne d\u00e9couverte !","og_url":"https:\/\/www.safinel.fr\/es\/product-2\/corteza-de-mango\/","og_site_name":"Safinel","article_modified_time":"2024-02-21T11:03:21+00:00","og_image":[{"width":600,"height":600,"url":"https:\/\/www.safinel.fr\/wp-content\/uploads\/2022\/04\/ecorces-de-manguier.jpg","type":"image\/jpeg"}],"twitter_card":"summary_large_image","twitter_misc":{"Tiempo de lectura":"2 minutos"},"schema":{"@context":"https:\/\/schema.org","@graph":[{"@type":"WebPage","@id":"https:\/\/www.safinel.fr\/produit\/ecorce-de-manguier\/","url":"https:\/\/www.safinel.fr\/produit\/ecorce-de-manguier\/","name":"Corteza de mango | Muchos beneficios | Compra segura en l\u00ednea","isPartOf":{"@id":"https:\/\/www.safinel.fr\/#website"},"primaryImageOfPage":{"@id":"https:\/\/www.safinel.fr\/produit\/ecorce-de-manguier\/#primaryimage"},"image":{"@id":"https:\/\/www.safinel.fr\/produit\/ecorce-de-manguier\/#primaryimage"},"thumbnailUrl":"https:\/\/www.safinel.fr\/wp-content\/uploads\/2022\/04\/ecorces-de-manguier.jpg","datePublished":"2022-04-11T10:42:29+00:00","dateModified":"2024-02-21T11:03:21+00:00","description":"Cierra la puerta detr\u00e1s de ti, porque vamos a hablar de intimidad mientras te presentamos la corteza de mango. \u00a1Disfrute de su descubrimiento!","breadcrumb":{"@id":"https:\/\/www.safinel.fr\/produit\/ecorce-de-manguier\/#breadcrumb"},"inLanguage":"es","potentialAction":[{"@type":"ReadAction","target":["https:\/\/www.safinel.fr\/produit\/ecorce-de-manguier\/"]}]},{"@type":"ImageObject","inLanguage":"es","@id":"https:\/\/www.safinel.fr\/produit\/ecorce-de-manguier\/#primaryimage","url":"https:\/\/www.safinel.fr\/wp-content\/uploads\/2022\/04\/ecorces-de-manguier.jpg","contentUrl":"https:\/\/www.safinel.fr\/wp-content\/uploads\/2022\/04\/ecorces-de-manguier.jpg","width":600,"height":600,"caption":"\u00e9corces de manguier"},{"@type":"BreadcrumbList","@id":"https:\/\/www.safinel.fr\/produit\/ecorce-de-manguier\/#breadcrumb","itemListElement":[{"@type":"ListItem","position":1,"name":"Accueil","item":"https:\/\/www.safinel.fr\/"},{"@type":"ListItem","position":2,"name":"Boutique","item":"https:\/\/www.safinel.fr\/boutique\/"},{"@type":"ListItem","position":3,"name":"\u00c9corce de manguier 100g"}]},{"@type":"WebSite","@id":"https:\/\/www.safinel.fr\/#website","url":"https:\/\/www.safinel.fr\/","name":"Safinel","description":"","publisher":{"@id":"https:\/\/www.safinel.fr\/#organization"},"potentialAction":[{"@type":"SearchAction","target":{"@type":"EntryPoint","urlTemplate":"https:\/\/www.safinel.fr\/?s={search_term_string}"},"query-input":{"@type":"PropertyValueSpecification","valueRequired":true,"valueName":"search_term_string"}}],"inLanguage":"es"},{"@type":"Organization","@id":"https:\/\/www.safinel.fr\/#organization","name":"Safinel","url":"https:\/\/www.safinel.fr\/","logo":{"@type":"ImageObject","inLanguage":"es","@id":"https:\/\/www.safinel.fr\/#\/schema\/logo\/image\/","url":"https:\/\/www.safinel.fr\/wp-content\/uploads\/2021\/05\/boutique-cosmetique.png","contentUrl":"https:\/\/www.safinel.fr\/wp-content\/uploads\/2021\/05\/boutique-cosmetique.png","width":800,"height":200,"caption":"Safinel"},"image":{"@id":"https:\/\/www.safinel.fr\/#\/schema\/logo\/image\/"}}]}},"_links":{"self":[{"href":"https:\/\/www.safinel.fr\/es\/wp-json\/wp\/v2\/product\/1043","targetHints":{"allow":["GET"]}}],"collection":[{"href":"https:\/\/www.safinel.fr\/es\/wp-json\/wp\/v2\/product"}],"about":[{"href":"https:\/\/www.safinel.fr\/es\/wp-json\/wp\/v2\/types\/product"}],"wp:featuredmedia":[{"embeddable":true,"href":"https:\/\/www.safinel.fr\/es\/wp-json\/wp\/v2\/media\/1027"}],"wp:attachment":[{"href":"https:\/\/www.safinel.fr\/es\/wp-json\/wp\/v2\/media?parent=1043"}],"wp:term":[{"taxonomy":"product_brand","embeddable":true,"href":"https:\/\/www.safinel.fr\/es\/wp-json\/wp\/v2\/product_brand?post=1043"},{"taxonomy":"product_cat","embeddable":true,"href":"https:\/\/www.safinel.fr\/es\/wp-json\/wp\/v2\/product_cat?post=1043"},{"taxonomy":"product_tag","embeddable":true,"href":"https:\/\/www.safinel.fr\/es\/wp-json\/wp\/v2\/product_tag?post=1043"}],"curies":[{"name":"wp","href":"https:\/\/api.w.org\/{rel}","templated":true}]}}