{"id":10298,"date":"2023-12-17T10:06:27","date_gmt":"2023-12-17T10:06:27","guid":{"rendered":"https:\/\/www.safinel.fr\/?post_type=product&#038;p=10298"},"modified":"2024-05-16T18:46:53","modified_gmt":"2024-05-16T18:46:53","slug":"locion-corporal-caro-white","status":"publish","type":"product","link":"https:\/\/www.safinel.fr\/es\/product-2\/locion-corporal-caro-white\/","title":{"rendered":"caro white body milk 300ml"},"content":{"rendered":"<p>\u00a1Una gran sorpresa le espera en su boutique africana natural! Venga a conocer a los\u00a0<strong>Caro White<\/strong>. Para los que no lo sepan, es un <a href=\"https:\/\/www.safinel.fr\/es\/product-2\/jabon-de-zanahoria\/\"><strong>jab\u00f3n de aceite de zanahoria<\/strong><\/a> enriquecida con betacaroteno, dise\u00f1ada para limpiar la piel en profundidad y eliminar las impurezas.<\/p>\n<p>Gracias a sus propiedades exfoliantes, ayuda a eliminar las c\u00e9lulas muertas y a revelar la luminosidad de su piel.<\/p>\n<h2><strong>Piel suave, flexible y radiante<\/strong><\/h2>\n<p>Este jab\u00f3n con\u00a0<strong>zanahoria<\/strong>\u00a0est\u00e1 formulado con ingredientes de calidad como agua, glicerina y zanahoria. Esta combinaci\u00f3n de ingredientes cuidadosamente seleccionados da como resultado una f\u00f3rmula eficaz para un cutis sano y duradero.\u00a0<strong>piel clara y radiante<\/strong>.<\/p>\n<p>Caro White est\u00e1 enriquecido con betacaroteno, que tiene numerosos beneficios para la piel. Al limpiar la piel en profundidad, eliminar las impurezas y exfoliar las c\u00e9lulas muertas, ayuda a conseguir un cutis radiante y de aspecto saludable.\u00a0<strong>piel suave<\/strong>, flexible y radiante.<\/p>\n<h2><strong>Las m\u00faltiples ventajas de Caro White<\/strong><\/h2>\n<p>Este jab\u00f3n tiene una serie de beneficios para la piel. En primer lugar\u00a0<strong>limpieza profunda<\/strong>\u00a0y elimina las impurezas. Y deja la piel fresca y limpia.<\/p>\n<p>Despu\u00e9s, gracias a sus propiedades, ayuda a revelar la luminosidad natural de la piel. Adem\u00e1s, Caro White prepara la piel para la aplicaci\u00f3n de sus productos de tratamiento, optimizando su absorci\u00f3n y mejorando su eficacia. Despu\u00e9s de su uso, notar\u00e1 una piel m\u00e1s suave y radiante.<\/p>\n<h3><strong>\u00bfC\u00f3mo puedo sacar el m\u00e1ximo partido a Caro White?<\/strong><\/h3>\n<p>Si quieres aprovechar al m\u00e1ximo las ventajas de Caro White, aqu\u00ed tienes algunos consejos sobre c\u00f3mo utilizarlo.<\/p>\n<ul>\n<li>Aplicar el producto ma\u00f1ana y\/o noche sobre la piel limpia.\u00a0<strong><a href=\"https:\/\/www.safinel.fr\/es\/product-2\/jabon-negro-solido-africano\/\">Jab\u00f3n negro s\u00f3lido africano<\/a>\u00a0<\/strong>por ejemplo.<\/li>\n<li>No olvides centrarte en la cara y el cuello.<\/li>\n<li>Recomendamos su uso diario para obtener resultados \u00f3ptimos.<\/li>\n<li>Tras la aplicaci\u00f3n, aclarar abundantemente con agua tibia antes de secar.<\/li>\n<\/ul>\n<p>Compruebe en el envase del producto que compra la lista exacta de ingredientes.<\/p>\n<p>Siguiendo las instrucciones de uso, podr\u00e1 disfrutar de todos los beneficios de este producto. No dude en probarlo y descubra una piel radiante y sana.<\/p>","protected":false},"excerpt":{"rendered":"<p><img decoding=\"async\" class=\"size-full wp-image-5091 aligncenter\" src=\"https:\/\/www.safinel.fr\/wp-content\/uploads\/2021\/06\/BANNIERE-ICONE-SAFINEL.webp\" alt=\"reaseguro de sat\u00e9n\" width=\"800\" height=\"200\" srcset=\"https:\/\/www.safinel.fr\/wp-content\/uploads\/2021\/06\/BANNIERE-ICONE-SAFINEL.webp 800w, https:\/\/www.safinel.fr\/wp-content\/uploads\/2021\/06\/BANNIERE-ICONE-SAFINEL-600x150.webp 600w, https:\/\/www.safinel.fr\/wp-content\/uploads\/2021\/06\/BANNIERE-ICONE-SAFINEL-768x192.webp 768w\" sizes=\"(max-width: 800px) 100vw, 800px\" \/><\/p>","protected":false},"featured_media":10294,"template":"","meta":[],"product_brand":[],"product_cat":[192],"product_tag":[],"class_list":{"0":"post-10298","1":"product","2":"type-product","3":"status-publish","4":"has-post-thumbnail","6":"product_cat-cremes-eclaircissantes","8":"first","9":"outofstock","10":"shipping-taxable","11":"purchasable","12":"product-type-simple"},"yoast_head":"<!-- This site is optimized with the Yoast SEO plugin v26.6 - https:\/\/yoast.com\/wordpress\/plugins\/seo\/ -->\n<title>Caro white | Lait corporelle aux bienfaits nombreux | 300ml<\/title>\n<meta name=\"description\" content=\"Une surprise de taille vous attend dans votre boutique africaine naturelle ! Faite enfin la rencontre avec le\u00a0Caro White.\" \/>\n<meta name=\"robots\" content=\"index, follow, max-snippet:-1, max-image-preview:large, max-video-preview:-1\" \/>\n<link rel=\"canonical\" href=\"https:\/\/www.safinel.fr\/es\/product-2\/locion-corporal-caro-white\/\" \/>\n<meta property=\"og:locale\" content=\"es_ES\" \/>\n<meta property=\"og:type\" content=\"article\" \/>\n<meta property=\"og:title\" content=\"Caro white | Lait corporelle aux bienfaits nombreux | 300ml\" \/>\n<meta property=\"og:description\" content=\"Une surprise de taille vous attend dans votre boutique africaine naturelle ! Faite enfin la rencontre avec le\u00a0Caro White.\" \/>\n<meta property=\"og:url\" content=\"https:\/\/www.safinel.fr\/es\/product-2\/locion-corporal-caro-white\/\" \/>\n<meta property=\"og:site_name\" content=\"Safinel\" \/>\n<meta property=\"article:modified_time\" content=\"2024-05-16T18:46:53+00:00\" \/>\n<meta property=\"og:image\" content=\"https:\/\/www.safinel.fr\/wp-content\/uploads\/2023\/12\/lait-carowhite.jpg\" \/>\n\t<meta property=\"og:image:width\" content=\"600\" \/>\n\t<meta property=\"og:image:height\" content=\"600\" \/>\n\t<meta property=\"og:image:type\" content=\"image\/jpeg\" \/>\n<meta name=\"twitter:card\" content=\"summary_large_image\" \/>\n<meta name=\"twitter:label1\" content=\"Tiempo de lectura\" \/>\n\t<meta name=\"twitter:data1\" content=\"2 minutos\" \/>\n<script type=\"application\/ld+json\" class=\"yoast-schema-graph\">{\"@context\":\"https:\/\/schema.org\",\"@graph\":[{\"@type\":\"WebPage\",\"@id\":\"https:\/\/www.safinel.fr\/produit\/lait-corporelle-caro-white\/\",\"url\":\"https:\/\/www.safinel.fr\/produit\/lait-corporelle-caro-white\/\",\"name\":\"Caro white | Lait corporelle aux bienfaits nombreux | 300ml\",\"isPartOf\":{\"@id\":\"https:\/\/www.safinel.fr\/#website\"},\"primaryImageOfPage\":{\"@id\":\"https:\/\/www.safinel.fr\/produit\/lait-corporelle-caro-white\/#primaryimage\"},\"image\":{\"@id\":\"https:\/\/www.safinel.fr\/produit\/lait-corporelle-caro-white\/#primaryimage\"},\"thumbnailUrl\":\"https:\/\/www.safinel.fr\/wp-content\/uploads\/2023\/12\/lait-carowhite.jpg\",\"datePublished\":\"2023-12-17T10:06:27+00:00\",\"dateModified\":\"2024-05-16T18:46:53+00:00\",\"description\":\"Une surprise de taille vous attend dans votre boutique africaine naturelle ! Faite enfin la rencontre avec le\u00a0Caro White.\",\"breadcrumb\":{\"@id\":\"https:\/\/www.safinel.fr\/produit\/lait-corporelle-caro-white\/#breadcrumb\"},\"inLanguage\":\"es\",\"potentialAction\":[{\"@type\":\"ReadAction\",\"target\":[\"https:\/\/www.safinel.fr\/produit\/lait-corporelle-caro-white\/\"]}]},{\"@type\":\"ImageObject\",\"inLanguage\":\"es\",\"@id\":\"https:\/\/www.safinel.fr\/produit\/lait-corporelle-caro-white\/#primaryimage\",\"url\":\"https:\/\/www.safinel.fr\/wp-content\/uploads\/2023\/12\/lait-carowhite.jpg\",\"contentUrl\":\"https:\/\/www.safinel.fr\/wp-content\/uploads\/2023\/12\/lait-carowhite.jpg\",\"width\":600,\"height\":600,\"caption\":\"Lait corporelle caro white 300ml\"},{\"@type\":\"BreadcrumbList\",\"@id\":\"https:\/\/www.safinel.fr\/produit\/lait-corporelle-caro-white\/#breadcrumb\",\"itemListElement\":[{\"@type\":\"ListItem\",\"position\":1,\"name\":\"Accueil\",\"item\":\"https:\/\/www.safinel.fr\/\"},{\"@type\":\"ListItem\",\"position\":2,\"name\":\"Boutique\",\"item\":\"https:\/\/www.safinel.fr\/boutique\/\"},{\"@type\":\"ListItem\",\"position\":3,\"name\":\"Lait corporelle caro white 300ml\"}]},{\"@type\":\"WebSite\",\"@id\":\"https:\/\/www.safinel.fr\/#website\",\"url\":\"https:\/\/www.safinel.fr\/\",\"name\":\"Safinel\",\"description\":\"\",\"publisher\":{\"@id\":\"https:\/\/www.safinel.fr\/#organization\"},\"potentialAction\":[{\"@type\":\"SearchAction\",\"target\":{\"@type\":\"EntryPoint\",\"urlTemplate\":\"https:\/\/www.safinel.fr\/?s={search_term_string}\"},\"query-input\":{\"@type\":\"PropertyValueSpecification\",\"valueRequired\":true,\"valueName\":\"search_term_string\"}}],\"inLanguage\":\"es\"},{\"@type\":\"Organization\",\"@id\":\"https:\/\/www.safinel.fr\/#organization\",\"name\":\"Safinel\",\"url\":\"https:\/\/www.safinel.fr\/\",\"logo\":{\"@type\":\"ImageObject\",\"inLanguage\":\"es\",\"@id\":\"https:\/\/www.safinel.fr\/#\/schema\/logo\/image\/\",\"url\":\"https:\/\/www.safinel.fr\/wp-content\/uploads\/2021\/05\/boutique-cosmetique.png\",\"contentUrl\":\"https:\/\/www.safinel.fr\/wp-content\/uploads\/2021\/05\/boutique-cosmetique.png\",\"width\":800,\"height\":200,\"caption\":\"Safinel\"},\"image\":{\"@id\":\"https:\/\/www.safinel.fr\/#\/schema\/logo\/image\/\"}}]}<\/script>\n<!-- \/ Yoast SEO plugin. -->","yoast_head_json":{"title":"Caro white | Leche corporal con numerosos beneficios | 300ml","description":"\u00a1Una gran sorpresa te espera en tu boutique africana natural! Te presentamos a la Caro White.","robots":{"index":"index","follow":"follow","max-snippet":"max-snippet:-1","max-image-preview":"max-image-preview:large","max-video-preview":"max-video-preview:-1"},"canonical":"https:\/\/www.safinel.fr\/es\/product-2\/locion-corporal-caro-white\/","og_locale":"es_ES","og_type":"article","og_title":"Caro white | Lait corporelle aux bienfaits nombreux | 300ml","og_description":"Une surprise de taille vous attend dans votre boutique africaine naturelle ! Faite enfin la rencontre avec le\u00a0Caro White.","og_url":"https:\/\/www.safinel.fr\/es\/product-2\/locion-corporal-caro-white\/","og_site_name":"Safinel","article_modified_time":"2024-05-16T18:46:53+00:00","og_image":[{"width":600,"height":600,"url":"https:\/\/www.safinel.fr\/wp-content\/uploads\/2023\/12\/lait-carowhite.jpg","type":"image\/jpeg"}],"twitter_card":"summary_large_image","twitter_misc":{"Tiempo de lectura":"2 minutos"},"schema":{"@context":"https:\/\/schema.org","@graph":[{"@type":"WebPage","@id":"https:\/\/www.safinel.fr\/produit\/lait-corporelle-caro-white\/","url":"https:\/\/www.safinel.fr\/produit\/lait-corporelle-caro-white\/","name":"Caro white | Leche corporal con numerosos beneficios | 300ml","isPartOf":{"@id":"https:\/\/www.safinel.fr\/#website"},"primaryImageOfPage":{"@id":"https:\/\/www.safinel.fr\/produit\/lait-corporelle-caro-white\/#primaryimage"},"image":{"@id":"https:\/\/www.safinel.fr\/produit\/lait-corporelle-caro-white\/#primaryimage"},"thumbnailUrl":"https:\/\/www.safinel.fr\/wp-content\/uploads\/2023\/12\/lait-carowhite.jpg","datePublished":"2023-12-17T10:06:27+00:00","dateModified":"2024-05-16T18:46:53+00:00","description":"\u00a1Una gran sorpresa te espera en tu boutique africana natural! Te presentamos a la Caro White.","breadcrumb":{"@id":"https:\/\/www.safinel.fr\/produit\/lait-corporelle-caro-white\/#breadcrumb"},"inLanguage":"es","potentialAction":[{"@type":"ReadAction","target":["https:\/\/www.safinel.fr\/produit\/lait-corporelle-caro-white\/"]}]},{"@type":"ImageObject","inLanguage":"es","@id":"https:\/\/www.safinel.fr\/produit\/lait-corporelle-caro-white\/#primaryimage","url":"https:\/\/www.safinel.fr\/wp-content\/uploads\/2023\/12\/lait-carowhite.jpg","contentUrl":"https:\/\/www.safinel.fr\/wp-content\/uploads\/2023\/12\/lait-carowhite.jpg","width":600,"height":600,"caption":"Lait corporelle caro white 300ml"},{"@type":"BreadcrumbList","@id":"https:\/\/www.safinel.fr\/produit\/lait-corporelle-caro-white\/#breadcrumb","itemListElement":[{"@type":"ListItem","position":1,"name":"Accueil","item":"https:\/\/www.safinel.fr\/"},{"@type":"ListItem","position":2,"name":"Boutique","item":"https:\/\/www.safinel.fr\/boutique\/"},{"@type":"ListItem","position":3,"name":"Lait corporelle caro white 300ml"}]},{"@type":"WebSite","@id":"https:\/\/www.safinel.fr\/#website","url":"https:\/\/www.safinel.fr\/","name":"Safinel","description":"","publisher":{"@id":"https:\/\/www.safinel.fr\/#organization"},"potentialAction":[{"@type":"SearchAction","target":{"@type":"EntryPoint","urlTemplate":"https:\/\/www.safinel.fr\/?s={search_term_string}"},"query-input":{"@type":"PropertyValueSpecification","valueRequired":true,"valueName":"search_term_string"}}],"inLanguage":"es"},{"@type":"Organization","@id":"https:\/\/www.safinel.fr\/#organization","name":"Safinel","url":"https:\/\/www.safinel.fr\/","logo":{"@type":"ImageObject","inLanguage":"es","@id":"https:\/\/www.safinel.fr\/#\/schema\/logo\/image\/","url":"https:\/\/www.safinel.fr\/wp-content\/uploads\/2021\/05\/boutique-cosmetique.png","contentUrl":"https:\/\/www.safinel.fr\/wp-content\/uploads\/2021\/05\/boutique-cosmetique.png","width":800,"height":200,"caption":"Safinel"},"image":{"@id":"https:\/\/www.safinel.fr\/#\/schema\/logo\/image\/"}}]}},"_links":{"self":[{"href":"https:\/\/www.safinel.fr\/es\/wp-json\/wp\/v2\/product\/10298","targetHints":{"allow":["GET"]}}],"collection":[{"href":"https:\/\/www.safinel.fr\/es\/wp-json\/wp\/v2\/product"}],"about":[{"href":"https:\/\/www.safinel.fr\/es\/wp-json\/wp\/v2\/types\/product"}],"wp:featuredmedia":[{"embeddable":true,"href":"https:\/\/www.safinel.fr\/es\/wp-json\/wp\/v2\/media\/10294"}],"wp:attachment":[{"href":"https:\/\/www.safinel.fr\/es\/wp-json\/wp\/v2\/media?parent=10298"}],"wp:term":[{"taxonomy":"product_brand","embeddable":true,"href":"https:\/\/www.safinel.fr\/es\/wp-json\/wp\/v2\/product_brand?post=10298"},{"taxonomy":"product_cat","embeddable":true,"href":"https:\/\/www.safinel.fr\/es\/wp-json\/wp\/v2\/product_cat?post=10298"},{"taxonomy":"product_tag","embeddable":true,"href":"https:\/\/www.safinel.fr\/es\/wp-json\/wp\/v2\/product_tag?post=10298"}],"curies":[{"name":"wp","href":"https:\/\/api.w.org\/{rel}","templated":true}]}}