{"id":1028,"date":"2022-04-09T20:38:23","date_gmt":"2022-04-09T20:38:23","guid":{"rendered":"https:\/\/www.safinel.fr\/?post_type=product&#038;p=1028"},"modified":"2024-07-01T13:26:14","modified_gmt":"2024-07-01T13:26:14","slug":"te-africano-de-la-fertilidad","status":"publish","type":"product","link":"https:\/\/www.safinel.fr\/es\/product-2\/te-africano-de-la-fertilidad\/","title":{"rendered":"T\u00e9 africano de la fertilidad 100g"},"content":{"rendered":"<p>Nuestra\u00a0<strong>T\u00e9 africano de la fertilidad<\/strong>\u00a0es todo un acierto para quienes desean tener un beb\u00e9.<\/p>\n<p>La ruta para<strong>\u00a0quedarse embarazada<\/strong>\u00a0no est\u00e1 necesariamente exenta de escollos. M\u00e1s informaci\u00f3n\u00a0<strong>infusi\u00f3n natural,<\/strong>\u00a0y confiar en la naturaleza.<\/p>\n<h2><strong>La tisana africana de la fertilidad: un recurso natural\u00a0<\/strong><\/h2>\n<p>Este\u00a0<strong>mezcla de plantas medicinales\u00a0<\/strong>ha sido inteligentemente dise\u00f1ado para ayudar a\u00a0<strong>quedarse embarazada\u00a0\u00a0<\/strong>r\u00e1pidamente. Contiene ingredientes selectos con beneficios para la salud, como fruta de 4 caras, vetiver, hojas de djeka y nepnep.<\/p>\n<p>Descubre esto\u00a0<strong>infusi\u00f3n de fertilidad<\/strong>\u00a0Bolsita de 100 g, para consumir todos los d\u00edas y tener m\u00e1s posibilidades de \u00e9xito.<\/p>\n<p>Sabemos que<strong>\u00a0naturaleza<\/strong>\u00a0nos ofrecen una serie de virtudes. Sobre todo en el \u00e1mbito de la fertilidad. Encontrar\u00e1 productos como\u00a0<a href=\"https:\/\/www.safinel.fr\/es\/product-2\/raices-de-vetiver\/\"><strong>ra\u00edces de vetiver<\/strong><\/a>\u00a0o incluso<strong>\u00a0<a href=\"https:\/\/www.safinel.fr\/es\/product-2\/rosa-de-jericho-chajarat-mariam\/\">la rosa de Jeric\u00f3<\/a>.\u00a0<\/strong><\/p>\n<h2><strong>\u00bfLos beneficios del t\u00e9 africano de la fertilidad?\u00a0<\/strong><\/h2>\n<p>Este\u00a0<strong>mezcla de varias plantas<\/strong>\u00a0tiene propiedades ventajosas para\u00a0<strong>mejorar la fertilidad<\/strong>. Por eso, su especialista en productos naturales destaca este tesoro.\u00a0<strong>100% natural<\/strong>\u00a0!<\/p>\n<p>Esta tisana para la fertilidad femenina ayuda a :<\/p>\n<ul>\n<li>Para ayudar a\u00a0<strong>aumentar la fertilidad\u00a0<\/strong><\/li>\n<li>Beneficioso para las mujeres que sufren endometriosis<\/li>\n<li>Combate naturalmente la anovulaci\u00f3n (ausencia de ovulaci\u00f3n)<\/li>\n<li>Ayuda contra los miomas uterinos<\/li>\n<li>Reduce el riesgo de aborto<\/li>\n<li>\u00datil para las trompas obstruidas<\/li>\n<li>Ayuda a facilitar el parto<\/li>\n<\/ul>\n<p><strong>No obstante, debe saber que esta infusi\u00f3n natural no sustituye a un tratamiento m\u00e9dico. Tampoco sustituye a un chequeo m\u00e9dico.\u00a0<\/strong><\/p>\n<p>En caso de\u00a0<strong>problemas de infertilidad,<\/strong>\u00a0Le aconsejamos que lo consulte con su m\u00e9dico. Nuestros productos pueden utilizarse como suplementos diet\u00e9ticos en su r\u00e9gimen m\u00e9dico.<\/p>\n<h3><strong>Instrucciones de uso\u00a0<\/strong><\/h3>\n<p>Para los que quieran sucumbir a este<strong>\u00a0mezcla natural<\/strong>, No puede ser m\u00e1s sencillo. S\u00f3lo necesitas una taza, agua caliente y esta tisana.<\/p>\n<p>Esta infusi\u00f3n debe tomarse dos veces al d\u00eda. Es decir, una vez por la ma\u00f1ana y otra por la noche.<\/p>\n<p><strong>Precauciones:\u00a0<\/strong>No superar la dosis recomendada.<\/p>","protected":false},"excerpt":{"rendered":"<p>Nuevo envase, se vende en bolsas kraft<\/p>","protected":false},"featured_media":1022,"template":"","meta":[],"product_brand":[],"product_cat":[15,19],"product_tag":[],"class_list":{"0":"post-1028","1":"product","2":"type-product","3":"status-publish","4":"has-post-thumbnail","6":"product_cat-fertilite","7":"product_cat-thes-tisanes","9":"first","10":"outofstock","11":"shipping-taxable","12":"purchasable","13":"product-type-simple"},"yoast_head":"<!-- This site is optimized with the Yoast SEO plugin v26.6 - https:\/\/yoast.com\/wordpress\/plugins\/seo\/ -->\n<title>Tisane de fertilit\u00e9 africaine | Infusion 100% naturelle by Safinel.fr<\/title>\n<meta name=\"description\" content=\"Notre\u00a0tisane de fertilit\u00e9 africaine\u00a0est un v\u00e9ritable coup-de-pouce pour celles qui souhaitent avoir un enfant.\u00a0\" \/>\n<meta name=\"robots\" content=\"index, follow, max-snippet:-1, max-image-preview:large, max-video-preview:-1\" \/>\n<link rel=\"canonical\" href=\"https:\/\/www.safinel.fr\/es\/product-2\/te-africano-de-la-fertilidad\/\" \/>\n<meta property=\"og:locale\" content=\"es_ES\" \/>\n<meta property=\"og:type\" content=\"article\" \/>\n<meta property=\"og:title\" content=\"Tisane de fertilit\u00e9 africaine | Infusion 100% naturelle by Safinel.fr\" \/>\n<meta property=\"og:description\" content=\"Notre\u00a0tisane de fertilit\u00e9 africaine\u00a0est un v\u00e9ritable coup-de-pouce pour celles qui souhaitent avoir un enfant.\u00a0\" \/>\n<meta property=\"og:url\" content=\"https:\/\/www.safinel.fr\/es\/product-2\/te-africano-de-la-fertilidad\/\" \/>\n<meta property=\"og:site_name\" content=\"Safinel\" \/>\n<meta property=\"article:modified_time\" content=\"2024-07-01T13:26:14+00:00\" \/>\n<meta property=\"og:image\" content=\"https:\/\/www.safinel.fr\/wp-content\/uploads\/2022\/04\/tisane-fertilite-africaine.jpg\" \/>\n\t<meta property=\"og:image:width\" content=\"600\" \/>\n\t<meta property=\"og:image:height\" content=\"600\" \/>\n\t<meta property=\"og:image:type\" content=\"image\/jpeg\" \/>\n<meta name=\"twitter:card\" content=\"summary_large_image\" \/>\n<meta name=\"twitter:label1\" content=\"Tiempo de lectura\" \/>\n\t<meta name=\"twitter:data1\" content=\"2 minutos\" \/>\n<script type=\"application\/ld+json\" class=\"yoast-schema-graph\">{\"@context\":\"https:\/\/schema.org\",\"@graph\":[{\"@type\":\"WebPage\",\"@id\":\"https:\/\/www.safinel.fr\/produit\/tisane-de-fertilite-africaine\/\",\"url\":\"https:\/\/www.safinel.fr\/produit\/tisane-de-fertilite-africaine\/\",\"name\":\"Tisane de fertilit\u00e9 africaine | Infusion 100% naturelle by Safinel.fr\",\"isPartOf\":{\"@id\":\"https:\/\/www.safinel.fr\/#website\"},\"primaryImageOfPage\":{\"@id\":\"https:\/\/www.safinel.fr\/produit\/tisane-de-fertilite-africaine\/#primaryimage\"},\"image\":{\"@id\":\"https:\/\/www.safinel.fr\/produit\/tisane-de-fertilite-africaine\/#primaryimage\"},\"thumbnailUrl\":\"https:\/\/www.safinel.fr\/wp-content\/uploads\/2022\/04\/tisane-fertilite-africaine.jpg\",\"datePublished\":\"2022-04-09T20:38:23+00:00\",\"dateModified\":\"2024-07-01T13:26:14+00:00\",\"description\":\"Notre\u00a0tisane de fertilit\u00e9 africaine\u00a0est un v\u00e9ritable coup-de-pouce pour celles qui souhaitent avoir un enfant.\u00a0\",\"breadcrumb\":{\"@id\":\"https:\/\/www.safinel.fr\/produit\/tisane-de-fertilite-africaine\/#breadcrumb\"},\"inLanguage\":\"es\",\"potentialAction\":[{\"@type\":\"ReadAction\",\"target\":[\"https:\/\/www.safinel.fr\/produit\/tisane-de-fertilite-africaine\/\"]}]},{\"@type\":\"ImageObject\",\"inLanguage\":\"es\",\"@id\":\"https:\/\/www.safinel.fr\/produit\/tisane-de-fertilite-africaine\/#primaryimage\",\"url\":\"https:\/\/www.safinel.fr\/wp-content\/uploads\/2022\/04\/tisane-fertilite-africaine.jpg\",\"contentUrl\":\"https:\/\/www.safinel.fr\/wp-content\/uploads\/2022\/04\/tisane-fertilite-africaine.jpg\",\"width\":600,\"height\":600,\"caption\":\"Tisane de fertilit\u00e9 africaine 100g\"},{\"@type\":\"BreadcrumbList\",\"@id\":\"https:\/\/www.safinel.fr\/produit\/tisane-de-fertilite-africaine\/#breadcrumb\",\"itemListElement\":[{\"@type\":\"ListItem\",\"position\":1,\"name\":\"Accueil\",\"item\":\"https:\/\/www.safinel.fr\/\"},{\"@type\":\"ListItem\",\"position\":2,\"name\":\"Boutique\",\"item\":\"https:\/\/www.safinel.fr\/boutique\/\"},{\"@type\":\"ListItem\",\"position\":3,\"name\":\"Tisane de fertilit\u00e9 africaine 100g\"}]},{\"@type\":\"WebSite\",\"@id\":\"https:\/\/www.safinel.fr\/#website\",\"url\":\"https:\/\/www.safinel.fr\/\",\"name\":\"Safinel\",\"description\":\"\",\"publisher\":{\"@id\":\"https:\/\/www.safinel.fr\/#organization\"},\"potentialAction\":[{\"@type\":\"SearchAction\",\"target\":{\"@type\":\"EntryPoint\",\"urlTemplate\":\"https:\/\/www.safinel.fr\/?s={search_term_string}\"},\"query-input\":{\"@type\":\"PropertyValueSpecification\",\"valueRequired\":true,\"valueName\":\"search_term_string\"}}],\"inLanguage\":\"es\"},{\"@type\":\"Organization\",\"@id\":\"https:\/\/www.safinel.fr\/#organization\",\"name\":\"Safinel\",\"url\":\"https:\/\/www.safinel.fr\/\",\"logo\":{\"@type\":\"ImageObject\",\"inLanguage\":\"es\",\"@id\":\"https:\/\/www.safinel.fr\/#\/schema\/logo\/image\/\",\"url\":\"https:\/\/www.safinel.fr\/wp-content\/uploads\/2021\/05\/boutique-cosmetique.png\",\"contentUrl\":\"https:\/\/www.safinel.fr\/wp-content\/uploads\/2021\/05\/boutique-cosmetique.png\",\"width\":800,\"height\":200,\"caption\":\"Safinel\"},\"image\":{\"@id\":\"https:\/\/www.safinel.fr\/#\/schema\/logo\/image\/\"}}]}<\/script>\n<!-- \/ Yoast SEO plugin. -->","yoast_head_json":{"title":"Tisana africana fertilidad | Infusi\u00f3n 100% naturelle by Safinel.fr","description":"Nuestro t\u00e9 africano de la fertilidad es un verdadero est\u00edmulo para quienes desean tener un beb\u00e9.\u00a0","robots":{"index":"index","follow":"follow","max-snippet":"max-snippet:-1","max-image-preview":"max-image-preview:large","max-video-preview":"max-video-preview:-1"},"canonical":"https:\/\/www.safinel.fr\/es\/product-2\/te-africano-de-la-fertilidad\/","og_locale":"es_ES","og_type":"article","og_title":"Tisane de fertilit\u00e9 africaine | Infusion 100% naturelle by Safinel.fr","og_description":"Notre\u00a0tisane de fertilit\u00e9 africaine\u00a0est un v\u00e9ritable coup-de-pouce pour celles qui souhaitent avoir un enfant.\u00a0","og_url":"https:\/\/www.safinel.fr\/es\/product-2\/te-africano-de-la-fertilidad\/","og_site_name":"Safinel","article_modified_time":"2024-07-01T13:26:14+00:00","og_image":[{"width":600,"height":600,"url":"https:\/\/www.safinel.fr\/wp-content\/uploads\/2022\/04\/tisane-fertilite-africaine.jpg","type":"image\/jpeg"}],"twitter_card":"summary_large_image","twitter_misc":{"Tiempo de lectura":"2 minutos"},"schema":{"@context":"https:\/\/schema.org","@graph":[{"@type":"WebPage","@id":"https:\/\/www.safinel.fr\/produit\/tisane-de-fertilite-africaine\/","url":"https:\/\/www.safinel.fr\/produit\/tisane-de-fertilite-africaine\/","name":"Tisana africana fertilidad | Infusi\u00f3n 100% naturelle by Safinel.fr","isPartOf":{"@id":"https:\/\/www.safinel.fr\/#website"},"primaryImageOfPage":{"@id":"https:\/\/www.safinel.fr\/produit\/tisane-de-fertilite-africaine\/#primaryimage"},"image":{"@id":"https:\/\/www.safinel.fr\/produit\/tisane-de-fertilite-africaine\/#primaryimage"},"thumbnailUrl":"https:\/\/www.safinel.fr\/wp-content\/uploads\/2022\/04\/tisane-fertilite-africaine.jpg","datePublished":"2022-04-09T20:38:23+00:00","dateModified":"2024-07-01T13:26:14+00:00","description":"Nuestro t\u00e9 africano de la fertilidad es un verdadero est\u00edmulo para quienes desean tener un beb\u00e9.\u00a0","breadcrumb":{"@id":"https:\/\/www.safinel.fr\/produit\/tisane-de-fertilite-africaine\/#breadcrumb"},"inLanguage":"es","potentialAction":[{"@type":"ReadAction","target":["https:\/\/www.safinel.fr\/produit\/tisane-de-fertilite-africaine\/"]}]},{"@type":"ImageObject","inLanguage":"es","@id":"https:\/\/www.safinel.fr\/produit\/tisane-de-fertilite-africaine\/#primaryimage","url":"https:\/\/www.safinel.fr\/wp-content\/uploads\/2022\/04\/tisane-fertilite-africaine.jpg","contentUrl":"https:\/\/www.safinel.fr\/wp-content\/uploads\/2022\/04\/tisane-fertilite-africaine.jpg","width":600,"height":600,"caption":"Tisane de fertilit\u00e9 africaine 100g"},{"@type":"BreadcrumbList","@id":"https:\/\/www.safinel.fr\/produit\/tisane-de-fertilite-africaine\/#breadcrumb","itemListElement":[{"@type":"ListItem","position":1,"name":"Accueil","item":"https:\/\/www.safinel.fr\/"},{"@type":"ListItem","position":2,"name":"Boutique","item":"https:\/\/www.safinel.fr\/boutique\/"},{"@type":"ListItem","position":3,"name":"Tisane de fertilit\u00e9 africaine 100g"}]},{"@type":"WebSite","@id":"https:\/\/www.safinel.fr\/#website","url":"https:\/\/www.safinel.fr\/","name":"Safinel","description":"","publisher":{"@id":"https:\/\/www.safinel.fr\/#organization"},"potentialAction":[{"@type":"SearchAction","target":{"@type":"EntryPoint","urlTemplate":"https:\/\/www.safinel.fr\/?s={search_term_string}"},"query-input":{"@type":"PropertyValueSpecification","valueRequired":true,"valueName":"search_term_string"}}],"inLanguage":"es"},{"@type":"Organization","@id":"https:\/\/www.safinel.fr\/#organization","name":"Safinel","url":"https:\/\/www.safinel.fr\/","logo":{"@type":"ImageObject","inLanguage":"es","@id":"https:\/\/www.safinel.fr\/#\/schema\/logo\/image\/","url":"https:\/\/www.safinel.fr\/wp-content\/uploads\/2021\/05\/boutique-cosmetique.png","contentUrl":"https:\/\/www.safinel.fr\/wp-content\/uploads\/2021\/05\/boutique-cosmetique.png","width":800,"height":200,"caption":"Safinel"},"image":{"@id":"https:\/\/www.safinel.fr\/#\/schema\/logo\/image\/"}}]}},"_links":{"self":[{"href":"https:\/\/www.safinel.fr\/es\/wp-json\/wp\/v2\/product\/1028","targetHints":{"allow":["GET"]}}],"collection":[{"href":"https:\/\/www.safinel.fr\/es\/wp-json\/wp\/v2\/product"}],"about":[{"href":"https:\/\/www.safinel.fr\/es\/wp-json\/wp\/v2\/types\/product"}],"wp:featuredmedia":[{"embeddable":true,"href":"https:\/\/www.safinel.fr\/es\/wp-json\/wp\/v2\/media\/1022"}],"wp:attachment":[{"href":"https:\/\/www.safinel.fr\/es\/wp-json\/wp\/v2\/media?parent=1028"}],"wp:term":[{"taxonomy":"product_brand","embeddable":true,"href":"https:\/\/www.safinel.fr\/es\/wp-json\/wp\/v2\/product_brand?post=1028"},{"taxonomy":"product_cat","embeddable":true,"href":"https:\/\/www.safinel.fr\/es\/wp-json\/wp\/v2\/product_cat?post=1028"},{"taxonomy":"product_tag","embeddable":true,"href":"https:\/\/www.safinel.fr\/es\/wp-json\/wp\/v2\/product_tag?post=1028"}],"curies":[{"name":"wp","href":"https:\/\/api.w.org\/{rel}","templated":true}]}}