{"id":102,"date":"2021-06-01T15:26:01","date_gmt":"2021-06-01T15:26:01","guid":{"rendered":"https:\/\/www.safinel.fr\/?post_type=product&#038;p=102"},"modified":"2025-11-11T20:20:31","modified_gmt":"2025-11-11T20:20:31","slug":"nep-polvo-nep","status":"publish","type":"product","link":"https:\/\/www.safinel.fr\/es\/product-2\/nep-polvo-nep\/","title":{"rendered":"Nep Nep en polvo"},"content":{"rendered":"<p>La <b>Nep Nep en polvo<\/b> procede de una fruta con muchos beneficios originaria del \u00c1frica tropical. \u00bfHas o\u00eddo hablar de ella? Desde luego, si vienes de \u00c1frica... \u00a1Para los dem\u00e1s, nada es tan seguro! Este magn\u00edfico continente rebosa de remedios naturales. De hecho, \u00a1la farmacopea africana est\u00e1 muy desarrollada!<span class=\"Apple-converted-space\">\u00a0<\/span><\/p>\n<p>Las semillas de esta fruta se utilizan principalmente para fabricar un producto de higiene femenina. Pero eso no es todo.<span class=\"Apple-converted-space\">\u00a0<\/span><\/p>\n<p>De momento, nos gustar\u00eda presentarte este remedio natural con propiedades medicinales: <b>Nep Nep en polvo<\/b>. Y estamos orgullosos de ello.<span class=\"Apple-converted-space\">\u00a0<\/span><\/p>\n<h2><b>\u00bfQu\u00e9 es el polvo Nep Nep?<\/b><\/h2>\n<p>Desde la noche de los tiempos, el ser humano ha utilizado las plantas para tratarse. Hoy vamos a echar un vistazo al Nep Nep, una planta poco conocida pero con formidables virtudes.<span class=\"Apple-converted-space\">\u00a0<\/span><\/p>\n<p>En el continente africano, esta planta tropical es utilizada desde hace siglos sobre todo por las mujeres.<\/p>\n<p>Nep Nep es el nombre tradicional que se da a la Acacia nilotica, tambi\u00e9n conocida como Acacia nilotica. <b>eucalipto rojo<\/b>. Este \u00e1rbol pertenece a la familia de las fab\u00e1ceas y es originario de \u00c1frica oriental y Asia occidental. Tambi\u00e9n se encuentra principalmente en \u00c1frica Occidental. Sobre todo en Senegal, donde se ha hecho r\u00e1pidamente un hueco como<b> planta medicinal.<\/b><\/p>\n<p>Hay que decir que el Nep Nep es casi totalmente explotable:<\/p>\n<p>Sus ra\u00edces, ramas y corteza pueden aprovecharse. Pero lo que nos interesa aqu\u00ed es sobre todo su fruto. El fruto de la acacia nil\u00f3tica es una vaina virtuosa, alargada, oblonga y aplanada. Contiene peque\u00f1as semillas, que se muelen para obtener el famoso polvo.<span class=\"Apple-converted-space\">\u00a0<\/span><\/p>\n<p>En nuestro sitio web Safinel encontrar\u00e1 lo siguiente <b>nep polvo nep<\/b> en bolsitas de 100 g o 200 g para una relaci\u00f3n calidad-precio inmejorable. Adem\u00e1s, es 100% natural.<span class=\"Apple-converted-space\">\u00a0<\/span><\/p>\n<h2><b>Polvo Nep Nep, el favorito de las mujeres<span class=\"Apple-converted-space\">\u00a0<\/span><\/b><\/h2>\n<p>La <b>nep polvo nep<\/b> se ha convertido r\u00e1pidamente en un amigo de las mujeres, y est\u00e1 demostrando ser <b>utilizado para la higiene femenina.<\/b> Pero tambi\u00e9n como <b>como afrodis\u00edaco<\/b>.<\/p>\n<p>Es una planta medicinal multifuncional. Posee numerosas virtudes, as\u00ed que vamos a descubrirlas juntos:<\/p>\n<ul>\n<li>Ayuda a eliminar los malos olores vaginales. Tambi\u00e9n es \u00fatil en casos de flujo blanco anormal y picores; ;<\/li>\n<li>Sus propiedades antibi\u00f3ticas y antiinflamatorias la hacen \u00fatil para tratar las heridas genitales; ;<\/li>\n<li>La nep nep se suele administrar a las mujeres despu\u00e9s del parto, ya que ayuda a estrechar la vagina; ;<\/li>\n<li>Mejora el placer sexual, haciendo que las zonas er\u00f3genas sean mucho m\u00e1s sensibles.<\/li>\n<\/ul>\n<p>La <b>nep polvo nep <\/b>seguir\u00e1 sorprendi\u00e9ndole...<span class=\"Apple-converted-space\">\u00a0<\/span><\/p>\n<h3><b>Otros usos del polvo Nep Nep<span class=\"Apple-converted-space\">\u00a0<\/span><\/b><\/h3>\n<p>La <b>nep polvo nep <\/b>es excepcional y tiene muchos usos, adem\u00e1s de los ya mencionados que son espec\u00edficos de la mujer:<span class=\"Apple-converted-space\">\u00a0<\/span><\/p>\n<ul>\n<li><b>Acacia nil\u00f3tica<\/b> ayuda a combatir la disenter\u00eda. Esta enfermedad provoca diarrea acompa\u00f1ada de hemorragias. Sin embargo, esta enfermedad puede ser grave, por lo que se aconseja consultar al m\u00e9dico en caso de s\u00edntomas; ;<\/li>\n<li>Este <b>complemento alimenticio natural <\/b>tambi\u00e9n puede beberse para tratar anginas, dolores de est\u00f3mago y problemas estomacales. De hecho <b>nep polvo nep <\/b>contiene sodio, potasio y magnesio; ;<\/li>\n<li>Y, por \u00faltimo, algunas aplicaciones nep nep ayudan a combatir fiebres, diabetes y enfermedades de la piel.<\/li>\n<\/ul>\n<p><i>A tener en cuenta: el nep nep se utiliza tradicionalmente en Nigeria y otros pa\u00edses saharianos para curtir el cuero.<\/i><\/p>\n<h3><b>Polvo Nep Nep y c\u00f3mo utilizarlo<\/b><\/h3>\n<p>Hay muchas formas diferentes de utilizar este producto<b> Semilla africana <\/b>y todo depende del uso que quieras darle. Con eso en mente, te daremos dos usos:<span class=\"Apple-converted-space\">\u00a0<\/span><\/p>\n<p>Para empezar, para la limpieza \u00edntima, basta con mezclar agua tibia con la <b>nep polvo nep<\/b> y utilice la combinaci\u00f3n de ambos ingredientes para su limpieza \u00edntima.<span class=\"Apple-converted-space\">\u00a0<\/span><\/p>\n<p>Luego, para tratar la diarrea, hierve un poco de agua y a\u00f1ade el polvo. Tambi\u00e9n puede a\u00f1adir <a href=\"https:\/\/www.safinel.fr\/es\/product-2\/raices-de-vetiver\/\"><b>ra\u00edz de vetiver<\/b><\/a> para efectos temibles.<span class=\"Apple-converted-space\">\u00a0 <\/span><\/p>\n<p>Deber\u00e1s beber una taza cada ma\u00f1ana en ayunas. Y una taza cada noche despu\u00e9s de la comida. Este <a href=\"https:\/\/www.safinel.fr\/es\/product-2\/tallos-de-cerezo\/\"><b>tisana desintoxicante<\/b><\/a> es esencial para reforzar el sistema inmunitario.<\/p>\n<h3><b>Conservaci\u00f3n del polvo Nep Nep<span class=\"Apple-converted-space\">\u00a0<\/span><\/b><\/h3>\n<p>La <b>Nep Nep en polvo<\/b> tiene la particularidad de que no es perecedero. Por eso puede conservarse durante mucho tiempo: varios meses, incluso varios a\u00f1os.<span class=\"Apple-converted-space\">\u00a0<\/span><\/p>\n<p>Sin embargo, lo que determina la longevidad de este polvo es su calidad de conservaci\u00f3n.<\/p>\n<p>Por eso te damos algunos consejos que te ayudar\u00e1n a sacarle el m\u00e1ximo partido durante el mayor tiempo posible:<span class=\"Apple-converted-space\">\u00a0<\/span><\/p>\n<ul>\n<li>En primer lugar, gu\u00e1rdelo en la oscuridad: la luz oxida las plantas y acelera el proceso de envejecimiento de sus polvos. Por lo tanto, es esencial guardarlo en la oscuridad, en un caj\u00f3n, armario, etc.<span class=\"Apple-converted-space\">\u00a0<\/span><\/li>\n<\/ul>\n<ul>\n<li>En segundo lugar, hay que protegerlo de cualquier humedad: debe guardarse en un lugar seco y sano.<\/li>\n<\/ul>\n<ul>\n<li>Por \u00faltimo, gu\u00e1rdelo en una lata herm\u00e9ticamente cerrada, o d\u00e9jelo en su bolsita original, asegur\u00e1ndose de cerrarla bien.<span class=\"Apple-converted-space\">\u00a0<\/span><\/li>\n<\/ul>\n<h3><b>Precauciones<\/b><\/h3>\n<p>Como con cualquier otra planta medicinal, es esencial tomar algunas precauciones para evitar efectos secundarios. Nep nep es sin duda una <b>medicina natural, o incluso llamado alicamento.<span class=\"Apple-converted-space\">\u00a0<\/span><\/b><\/p>\n<p>Sin embargo, cualquier exceso puede tener efectos perjudiciales para la salud. Por eso hay que tomar algunas precauciones:<\/p>\n<p>En primer lugar, no sustituye al tratamiento m\u00e9dico. Es m\u00e1s, debes consultar a tu m\u00e9dico si tienes alguna duda m\u00e9dica.<\/p>\n<p>Por \u00faltimo, es importante seguir la dosis correcta.<\/p>\n<p>Mantener fuera del alcance de los ni\u00f1os.<span class=\"Apple-converted-space\">\u00a0<\/span><\/p>\n<h3><b>M\u00e1s informaci\u00f3n...<span class=\"Apple-converted-space\">\u00a0<\/span><\/b><\/h3>\n<p>Nuestro sitio es sin\u00f3nimo de calidad y naturalidad. De hecho, s\u00f3lo ofrecemos productos que responden a nuestros valores de \u00e9tica y calidad. Seguro que encontrar\u00e1 lo que busca en nuestra amplia selecci\u00f3n de remedios naturales.<\/p>\n<p>Por ejemplo, encontrar\u00e1 :<span class=\"Apple-converted-space\">\u00a0<\/span><\/p>\n<ul>\n<li>Le <a href=\"https:\/\/www.safinel.fr\/es\/product-2\/fruta-4-lados-3-piezas\/\"><b>Fruta de 4 caras<\/b><\/a> Un poderoso remedio para diversas dolencias y para la higiene \u00edntima.<span class=\"Apple-converted-space\">\u00a0<\/span><\/li>\n<li>En <b>c\u00e1psulas falsas de unicornio <\/b>Planta que tonifica el \u00fatero y favorece la fertilidad tanto en el hombre como en la mujer.<span class=\"Apple-converted-space\">\u00a0<\/span><\/li>\n<li>Y finalmente <b><a href=\"https:\/\/musc-tahara.com\/cosmetiques\/77-queues-de-cerise-50g.html\" target=\"_blank\" rel=\"noopener\">tallos de cerezo<\/a>\u00a0<\/b>excelentes aliados de la salud.<span class=\"Apple-converted-space\">\u00a0<\/span><\/li>\n<\/ul>\n<p>Su satisfacci\u00f3n es nuestra prioridad.<span class=\"Apple-converted-space\">\u00a0<\/span><\/p>","protected":false},"excerpt":{"rendered":"<p>El polvo de Nep Nep proviene de una fruta con numerosos beneficios originaria de las zonas tropicales de \u00c1frica. \u00bfHa o\u00eddo hablar de ella? Seguramente, si es usted africano... Para los dem\u00e1s, \u00a1no es tan seguro! Este magn\u00edfico continente est\u00e1 repleto de remedios naturales. De hecho, \u00a1la farmacopea africana est\u00e1 muy desarrollada!  Las semillas de este [...]","protected":false},"featured_media":75,"template":"","meta":[],"product_brand":[],"product_cat":[15,109,23,27],"product_tag":[],"class_list":{"0":"post-102","1":"product","2":"type-product","3":"status-publish","4":"has-post-thumbnail","6":"product_cat-fertilite","7":"product_cat-exercice-de-kegel","8":"product_cat-hygiene-feminine","9":"product_cat-plantes-medicinales","11":"first","12":"instock","13":"shipping-taxable","14":"purchasable","15":"product-type-variable"},"yoast_head":"<!-- This site is optimized with the Yoast SEO plugin v26.6 - https:\/\/yoast.com\/wordpress\/plugins\/seo\/ -->\n<title>Poudre de Nep Nep | Poudre africaine Acacia nilotica b\u00e9n\u00e9fique<\/title>\n<meta name=\"description\" content=\"La poudre de Nep Nep provient d\u2019un fruit aux nombreux bienfaits originaire des zones d\u2019Afrique tropicale. En avez-vous d\u00e9j\u00e0 entendu parler ?\" \/>\n<meta name=\"robots\" content=\"index, follow, max-snippet:-1, max-image-preview:large, max-video-preview:-1\" \/>\n<link rel=\"canonical\" href=\"https:\/\/www.safinel.fr\/es\/product-2\/nep-polvo-nep\/\" \/>\n<meta property=\"og:locale\" content=\"es_ES\" \/>\n<meta property=\"og:type\" content=\"article\" \/>\n<meta property=\"og:title\" content=\"Poudre de Nep Nep | Poudre africaine Acacia nilotica b\u00e9n\u00e9fique\" \/>\n<meta property=\"og:description\" content=\"La poudre de Nep Nep provient d\u2019un fruit aux nombreux bienfaits originaire des zones d\u2019Afrique tropicale. En avez-vous d\u00e9j\u00e0 entendu parler ?\" \/>\n<meta property=\"og:url\" content=\"https:\/\/www.safinel.fr\/es\/product-2\/nep-polvo-nep\/\" \/>\n<meta property=\"og:site_name\" content=\"Safinel\" \/>\n<meta property=\"article:modified_time\" content=\"2025-11-11T20:20:31+00:00\" \/>\n<meta property=\"og:image\" content=\"https:\/\/www.safinel.fr\/wp-content\/uploads\/2021\/05\/poudre-de-nep-nep-site.jpg\" \/>\n\t<meta property=\"og:image:width\" content=\"307\" \/>\n\t<meta property=\"og:image:height\" content=\"400\" \/>\n\t<meta property=\"og:image:type\" content=\"image\/jpeg\" \/>\n<meta name=\"twitter:card\" content=\"summary_large_image\" \/>\n<meta name=\"twitter:label1\" content=\"Tiempo de lectura\" \/>\n\t<meta name=\"twitter:data1\" content=\"5 minutos\" \/>\n<script type=\"application\/ld+json\" class=\"yoast-schema-graph\">{\"@context\":\"https:\/\/schema.org\",\"@graph\":[{\"@type\":\"WebPage\",\"@id\":\"https:\/\/www.safinel.fr\/produit\/poudre-de-nep-nep\/\",\"url\":\"https:\/\/www.safinel.fr\/produit\/poudre-de-nep-nep\/\",\"name\":\"Poudre de Nep Nep | Poudre africaine Acacia nilotica b\u00e9n\u00e9fique\",\"isPartOf\":{\"@id\":\"https:\/\/www.safinel.fr\/#website\"},\"primaryImageOfPage\":{\"@id\":\"https:\/\/www.safinel.fr\/produit\/poudre-de-nep-nep\/#primaryimage\"},\"image\":{\"@id\":\"https:\/\/www.safinel.fr\/produit\/poudre-de-nep-nep\/#primaryimage\"},\"thumbnailUrl\":\"https:\/\/www.safinel.fr\/wp-content\/uploads\/2021\/05\/poudre-de-nep-nep-site.jpg\",\"datePublished\":\"2021-06-01T15:26:01+00:00\",\"dateModified\":\"2025-11-11T20:20:31+00:00\",\"description\":\"La poudre de Nep Nep provient d\u2019un fruit aux nombreux bienfaits originaire des zones d\u2019Afrique tropicale. En avez-vous d\u00e9j\u00e0 entendu parler ?\",\"breadcrumb\":{\"@id\":\"https:\/\/www.safinel.fr\/produit\/poudre-de-nep-nep\/#breadcrumb\"},\"inLanguage\":\"es\",\"potentialAction\":[{\"@type\":\"ReadAction\",\"target\":[\"https:\/\/www.safinel.fr\/produit\/poudre-de-nep-nep\/\"]}]},{\"@type\":\"ImageObject\",\"inLanguage\":\"es\",\"@id\":\"https:\/\/www.safinel.fr\/produit\/poudre-de-nep-nep\/#primaryimage\",\"url\":\"https:\/\/www.safinel.fr\/wp-content\/uploads\/2021\/05\/poudre-de-nep-nep-site.jpg\",\"contentUrl\":\"https:\/\/www.safinel.fr\/wp-content\/uploads\/2021\/05\/poudre-de-nep-nep-site.jpg\",\"width\":307,\"height\":400,\"caption\":\"Poudre de Nep Nep\"},{\"@type\":\"BreadcrumbList\",\"@id\":\"https:\/\/www.safinel.fr\/produit\/poudre-de-nep-nep\/#breadcrumb\",\"itemListElement\":[{\"@type\":\"ListItem\",\"position\":1,\"name\":\"Accueil\",\"item\":\"https:\/\/www.safinel.fr\/\"},{\"@type\":\"ListItem\",\"position\":2,\"name\":\"Boutique\",\"item\":\"https:\/\/www.safinel.fr\/boutique\/\"},{\"@type\":\"ListItem\",\"position\":3,\"name\":\"Poudre de Nep Nep\"}]},{\"@type\":\"WebSite\",\"@id\":\"https:\/\/www.safinel.fr\/#website\",\"url\":\"https:\/\/www.safinel.fr\/\",\"name\":\"Safinel\",\"description\":\"\",\"publisher\":{\"@id\":\"https:\/\/www.safinel.fr\/#organization\"},\"potentialAction\":[{\"@type\":\"SearchAction\",\"target\":{\"@type\":\"EntryPoint\",\"urlTemplate\":\"https:\/\/www.safinel.fr\/?s={search_term_string}\"},\"query-input\":{\"@type\":\"PropertyValueSpecification\",\"valueRequired\":true,\"valueName\":\"search_term_string\"}}],\"inLanguage\":\"es\"},{\"@type\":\"Organization\",\"@id\":\"https:\/\/www.safinel.fr\/#organization\",\"name\":\"Safinel\",\"url\":\"https:\/\/www.safinel.fr\/\",\"logo\":{\"@type\":\"ImageObject\",\"inLanguage\":\"es\",\"@id\":\"https:\/\/www.safinel.fr\/#\/schema\/logo\/image\/\",\"url\":\"https:\/\/www.safinel.fr\/wp-content\/uploads\/2021\/05\/boutique-cosmetique.png\",\"contentUrl\":\"https:\/\/www.safinel.fr\/wp-content\/uploads\/2021\/05\/boutique-cosmetique.png\",\"width\":800,\"height\":200,\"caption\":\"Safinel\"},\"image\":{\"@id\":\"https:\/\/www.safinel.fr\/#\/schema\/logo\/image\/\"}}]}<\/script>\n<!-- \/ Yoast SEO plugin. -->","yoast_head_json":{"title":"Nep Nep polvo | Polvo beneficioso de Acacia nilotica africana","description":"El polvo de Nep Nep procede de una fruta con muchos beneficios originaria del \u00c1frica tropical. \u00bfHas o\u00eddo hablar de ella?","robots":{"index":"index","follow":"follow","max-snippet":"max-snippet:-1","max-image-preview":"max-image-preview:large","max-video-preview":"max-video-preview:-1"},"canonical":"https:\/\/www.safinel.fr\/es\/product-2\/nep-polvo-nep\/","og_locale":"es_ES","og_type":"article","og_title":"Poudre de Nep Nep | Poudre africaine Acacia nilotica b\u00e9n\u00e9fique","og_description":"La poudre de Nep Nep provient d\u2019un fruit aux nombreux bienfaits originaire des zones d\u2019Afrique tropicale. En avez-vous d\u00e9j\u00e0 entendu parler ?","og_url":"https:\/\/www.safinel.fr\/es\/product-2\/nep-polvo-nep\/","og_site_name":"Safinel","article_modified_time":"2025-11-11T20:20:31+00:00","og_image":[{"width":307,"height":400,"url":"https:\/\/www.safinel.fr\/wp-content\/uploads\/2021\/05\/poudre-de-nep-nep-site.jpg","type":"image\/jpeg"}],"twitter_card":"summary_large_image","twitter_misc":{"Tiempo de lectura":"5 minutos"},"schema":{"@context":"https:\/\/schema.org","@graph":[{"@type":"WebPage","@id":"https:\/\/www.safinel.fr\/produit\/poudre-de-nep-nep\/","url":"https:\/\/www.safinel.fr\/produit\/poudre-de-nep-nep\/","name":"Nep Nep polvo | Polvo beneficioso de Acacia nilotica africana","isPartOf":{"@id":"https:\/\/www.safinel.fr\/#website"},"primaryImageOfPage":{"@id":"https:\/\/www.safinel.fr\/produit\/poudre-de-nep-nep\/#primaryimage"},"image":{"@id":"https:\/\/www.safinel.fr\/produit\/poudre-de-nep-nep\/#primaryimage"},"thumbnailUrl":"https:\/\/www.safinel.fr\/wp-content\/uploads\/2021\/05\/poudre-de-nep-nep-site.jpg","datePublished":"2021-06-01T15:26:01+00:00","dateModified":"2025-11-11T20:20:31+00:00","description":"El polvo de Nep Nep procede de una fruta con muchos beneficios originaria del \u00c1frica tropical. \u00bfHas o\u00eddo hablar de ella?","breadcrumb":{"@id":"https:\/\/www.safinel.fr\/produit\/poudre-de-nep-nep\/#breadcrumb"},"inLanguage":"es","potentialAction":[{"@type":"ReadAction","target":["https:\/\/www.safinel.fr\/produit\/poudre-de-nep-nep\/"]}]},{"@type":"ImageObject","inLanguage":"es","@id":"https:\/\/www.safinel.fr\/produit\/poudre-de-nep-nep\/#primaryimage","url":"https:\/\/www.safinel.fr\/wp-content\/uploads\/2021\/05\/poudre-de-nep-nep-site.jpg","contentUrl":"https:\/\/www.safinel.fr\/wp-content\/uploads\/2021\/05\/poudre-de-nep-nep-site.jpg","width":307,"height":400,"caption":"Poudre de Nep Nep"},{"@type":"BreadcrumbList","@id":"https:\/\/www.safinel.fr\/produit\/poudre-de-nep-nep\/#breadcrumb","itemListElement":[{"@type":"ListItem","position":1,"name":"Accueil","item":"https:\/\/www.safinel.fr\/"},{"@type":"ListItem","position":2,"name":"Boutique","item":"https:\/\/www.safinel.fr\/boutique\/"},{"@type":"ListItem","position":3,"name":"Poudre de Nep Nep"}]},{"@type":"WebSite","@id":"https:\/\/www.safinel.fr\/#website","url":"https:\/\/www.safinel.fr\/","name":"Safinel","description":"","publisher":{"@id":"https:\/\/www.safinel.fr\/#organization"},"potentialAction":[{"@type":"SearchAction","target":{"@type":"EntryPoint","urlTemplate":"https:\/\/www.safinel.fr\/?s={search_term_string}"},"query-input":{"@type":"PropertyValueSpecification","valueRequired":true,"valueName":"search_term_string"}}],"inLanguage":"es"},{"@type":"Organization","@id":"https:\/\/www.safinel.fr\/#organization","name":"Safinel","url":"https:\/\/www.safinel.fr\/","logo":{"@type":"ImageObject","inLanguage":"es","@id":"https:\/\/www.safinel.fr\/#\/schema\/logo\/image\/","url":"https:\/\/www.safinel.fr\/wp-content\/uploads\/2021\/05\/boutique-cosmetique.png","contentUrl":"https:\/\/www.safinel.fr\/wp-content\/uploads\/2021\/05\/boutique-cosmetique.png","width":800,"height":200,"caption":"Safinel"},"image":{"@id":"https:\/\/www.safinel.fr\/#\/schema\/logo\/image\/"}}]}},"_links":{"self":[{"href":"https:\/\/www.safinel.fr\/es\/wp-json\/wp\/v2\/product\/102","targetHints":{"allow":["GET"]}}],"collection":[{"href":"https:\/\/www.safinel.fr\/es\/wp-json\/wp\/v2\/product"}],"about":[{"href":"https:\/\/www.safinel.fr\/es\/wp-json\/wp\/v2\/types\/product"}],"wp:featuredmedia":[{"embeddable":true,"href":"https:\/\/www.safinel.fr\/es\/wp-json\/wp\/v2\/media\/75"}],"wp:attachment":[{"href":"https:\/\/www.safinel.fr\/es\/wp-json\/wp\/v2\/media?parent=102"}],"wp:term":[{"taxonomy":"product_brand","embeddable":true,"href":"https:\/\/www.safinel.fr\/es\/wp-json\/wp\/v2\/product_brand?post=102"},{"taxonomy":"product_cat","embeddable":true,"href":"https:\/\/www.safinel.fr\/es\/wp-json\/wp\/v2\/product_cat?post=102"},{"taxonomy":"product_tag","embeddable":true,"href":"https:\/\/www.safinel.fr\/es\/wp-json\/wp\/v2\/product_tag?post=102"}],"curies":[{"name":"wp","href":"https:\/\/api.w.org\/{rel}","templated":true}]}}