{"id":985,"date":"2022-03-25T18:18:14","date_gmt":"2022-03-25T18:18:14","guid":{"rendered":"https:\/\/www.safinel.fr\/?page_id=985"},"modified":"2022-03-25T18:20:12","modified_gmt":"2022-03-25T18:20:12","slug":"trenza-africana","status":"publish","type":"page","link":"https:\/\/www.safinel.fr\/es\/trenza-africana\/","title":{"rendered":"C\u00f3mo hacer una trenza africana de mujer"},"content":{"rendered":"<h1 class=\"wp-block-heading\">C\u00f3mo hacer una trenza africana de mujer<\/h1>\n\n\n\n<p><strong>Trenza africana<\/strong>, pegados o&nbsp;<strong>trenzas africanas<\/strong>&nbsp;en ingl\u00e9s, this&nbsp;<strong>nuevo peinado<\/strong>&nbsp;es la moda del momento. Es una trenza \u00e9tnica que forma parte de nuestro d\u00eda a d\u00eda y combina con todos los looks.<\/p>\n\n\n\n<p>As\u00ed que vamos a descubrir<strong>&nbsp;c\u00f3mo hacer una trenza africana de mujer<\/strong>. Un peinado bonito y pr\u00e1ctico.&nbsp;<\/p>\n\n\n\n<h2 class=\"wp-block-heading\" id=\"h-un-peu-d-histoire-sur-la-tresse-africaine\"><strong>Un poco de historia de la trenza africana&nbsp;<\/strong><\/h2>\n\n\n\n<p>En la actualidad, el&nbsp;<strong>Estera africana&nbsp;<\/strong>se considera un<strong>&nbsp;est\u00e9tica de la peluquer\u00eda<\/strong>&nbsp;de ning\u00fan inter\u00e9s particular. Y, sin embargo, hace apenas unos a\u00f1os, este peinado era uno de los m\u00e1s populares.&nbsp;<strong>elemento fundamental&nbsp;<\/strong>en el&nbsp;<strong>cultura&nbsp;<\/strong>del continente.&nbsp;<\/p>\n\n\n\n<p>De hecho, este peinado estaba firmemente arraigado en el&nbsp;<strong>valores tradicionales africanos<\/strong>&nbsp;y se utilizaba como medio de expresi\u00f3n. La cultura africana nos ense\u00f1a que el cabello era un instrumento para nuestros antepasados. \u00bfPero qu\u00e9 significa esto? En otras palabras, nuestros antepasados esculp\u00edan, trenzaban, decoraban y utilizaban el pelo para transmitir un mensaje.&nbsp;<\/p>\n\n\n\n<p>As\u00ed que fue su ingenio y su creatividad fuera de lo com\u00fan lo que les permiti\u00f3 hacer<strong>&nbsp;trenzado<\/strong>&nbsp;del cabello. Lo que hace que este&nbsp;<strong>peinado&nbsp;<\/strong>uno de los principales&nbsp;<strong>Patrimonio sociocultural africano<\/strong>.<\/p>\n\n\n\n<p>Descubre el s\u00edmbolo de expresi\u00f3n que es el&nbsp;<strong>Trenza africana<\/strong>.&nbsp;<\/p>\n\n\n\n<h2 class=\"wp-block-heading\"><strong>\u00bfLa trenza africana es adecuada para todo el mundo?&nbsp;<\/strong><\/h2>\n\n\n\n<p>La&nbsp;<strong>Trenza africana&nbsp;<\/strong>gana un&nbsp;<strong>gran \u00e9xito<\/strong>&nbsp;desde hace varios a\u00f1os. Sobre todo en verano, cuando puedes llevar el pelo muy bien trenzado y recogido. As\u00ed puedes mantener la cara despejada, lo que es especialmente \u00fatil cuando hace calor o cuando haces deporte. Pero tambi\u00e9n cuando simplemente quieres llevar el pelo recogido con un peinado original.&nbsp;<\/p>\n\n\n\n<p>En la pr\u00e1ctica, el&nbsp;<strong>Estera africana<\/strong>&nbsp;adecuado para&nbsp;<strong>todas las mujeres<\/strong>, Con algunos matices. Este peinado requiere una longitud m\u00ednima. Sobre el pelo hasta los hombros, por ejemplo.&nbsp;<\/p>\n\n\n\n<p>Sin embargo, esto resulta m\u00e1s pr\u00e1ctico con el pelo largo. Incluso puedes divertirte terminando tu peinado con un mo\u00f1o bajo, al <strong><a href=\"https:\/\/www.msdmanuals.com\/fr\/accueil\/troubles-du-cerveau,-de-la-moelle-%C3%A9pini%C3%A8re-et-des-nerfs\/troubles-de-la-moelle-%C3%A9pini%C3%A8re\/syndrome-de-la-queue-de-cheval\" target=\"_blank\" rel=\"noreferrer noopener\">cola de caballo<\/a><\/strong>, etc. Con esta base puedes conseguir cualquier peinado.<\/p>\n\n\n\n<p>As\u00ed que si tienes el pelo corto y quieres dejarlo crecer en largas trenzas africanas, prueba las\u2019<strong><a href=\"https:\/\/www.safinel.fr\/es\/product-2\/aceite-de-kigelia-africana\/\">aceite de kigelia africana<\/a><\/strong>. Este elixir no le decepcionar\u00e1 por sus numerosos beneficios.&nbsp;<\/p>\n\n\n\n<p>Tambi\u00e9n cabe destacar que todos los tipos de cabello pueden adoptar la trenza africana. Desde el pelo grueso y rizado hasta el pelo fino, esta trenza para mujer seguro que le gustar\u00e1. Por no hablar del hecho de que es una&nbsp;<strong>peinado protector&nbsp;<\/strong>\u00a1ideal para la noche!&nbsp;<\/p>\n\n\n\n<p>Por \u00faltimo, gracias a este nuevo corte de pelo, podr\u00e1s dar un toque de elegancia a tu hogar.&nbsp;<strong>ayuda<\/strong>&nbsp;a tu cabello.&nbsp;<\/p>\n\n\n\n<h2 class=\"wp-block-heading\"><strong>Todos nuestros consejos para prepararse<\/strong><\/h2>\n\n\n\n<p>Para tener las m\u00e1ximas posibilidades de \u00e9xito, deber\u00e1&nbsp;<strong>estar equipado<\/strong>.<\/p>\n\n\n\n<p>En primer lugar, necesitar\u00e1s un cepillo redondo, ideal para desenredar el pelo. A continuaci\u00f3n, necesitar\u00e1s un peine de cola de punta fina para separar los mechones que quieras trenzar.<\/p>\n\n\n\n<p>Si tu pelo es grueso y rizado, puedes utilizar cera si lo deseas. Apl\u00edcala sobre los mechones antes de trenzar y para suavizar el encrespamiento.&nbsp;<\/p>\n\n\n\n<p>Por otro lado, si tienes el pelo fino, existe el riesgo de que te lo apelmace, por lo que deber\u00edas evitarlo. Sin embargo, existen alternativas, como un spray de agua termal o un tratamiento voluminizador que puedes pulverizar sobre el cabello. Esto facilitar\u00e1 la separaci\u00f3n sin engrasar el pelo.&nbsp;<\/p>\n\n\n\n<p>Por \u00faltimo, para finalizar el&nbsp;<strong>Trenza africana<\/strong>, Necesitar\u00e1s gomas el\u00e1sticas. Las gomas son ideales porque son peque\u00f1as y no da\u00f1an el pelo.&nbsp;<\/p>\n\n\n\n<p>Ahora que ya tienes todos los accesorios que necesitas para hacer tu trenza africana, s\u00f3lo te queda ponerte manos a la obra.&nbsp;<\/p>\n\n\n\n<h2 class=\"wp-block-heading\"><strong>\u00bfC\u00f3mo se hace una trenza africana de mujer?<\/strong><\/h2>\n\n\n\n<p>Para que su&nbsp;<strong>Estera africana<\/strong>, Necesitar\u00e1s paciencia y t\u00e9cnica. Te lo contamos todo:&nbsp;<\/p>\n\n\n\n<ul class=\"wp-block-list\"><li>Primero, coge un mech\u00f3n de pelo de la parte superior de la cabeza, lo m\u00e1s cerca de las ra\u00edces, siguiendo la l\u00ednea media de la cara.&nbsp;<\/li><li>En segundo lugar, separa este mech\u00f3n en tres. A continuaci\u00f3n, a\u00f1ade cera o agua pulverizada en funci\u00f3n de tu tipo de cabello y, con cada separaci\u00f3n, aplica el producto sobre el mech\u00f3n.&nbsp;<\/li><li>A continuaci\u00f3n, pasa las hebras una debajo de otra.&nbsp;<\/li><li>A\u00f1ade un mech\u00f3n para unirlo a los otros mechones y contin\u00faa hasta la nuca.&nbsp;<\/li><li>Por \u00faltimo, a\u00f1ade una goma el\u00e1stica una vez que hayas trenzado todo el pelo.&nbsp;<\/li><\/ul>\n\n\n\n<p>Adem\u00e1s, si quiere&nbsp;<strong>varias esteras africanas<\/strong>, He aqu\u00ed c\u00f3mo hacerlo:<\/p>\n\n\n\n<ul class=\"wp-block-list\"><li>Separa la parte superior de la cabeza en tres mechones iguales.&nbsp;<\/li><li>A continuaci\u00f3n, empieza con la trenza en el centro, en la parte superior de la cabeza.<\/li><li>Por \u00faltimo, cuando haya terminado el trenzado, haga un nudo y repita la operaci\u00f3n en las otras separaciones.&nbsp;<\/li><\/ul>\n\n\n\n<p>Esta t\u00e9cnica de trenzado africano es<strong>&nbsp;simple&nbsp;<\/strong>y&nbsp;<strong>r\u00e1pido<\/strong>. S\u00f3lo tienes que seguir los pasos detallados y practicar un poco para cogerle el truco.&nbsp;<\/p>\n\n\n\n<p>S\u00f3lo tienes que intentarlo.<\/p>\n\n\n\n<h3 class=\"wp-block-heading\"><strong>Algunos consejos de belleza&nbsp;<\/strong><\/h3>\n\n\n\n<p>Ahora que sabe m\u00e1s sobre&nbsp;<strong>Trenza africana para mujer<\/strong>, Veamos algunos consejos de belleza.&nbsp;<\/p>\n\n\n\n<ul class=\"wp-block-list\"><li>Si tienes el pelo claro, tu trenza quedar\u00e1 especialmente bonita, ya que hay un contraste entre las ra\u00edces y los largos. Esto a\u00f1ade&nbsp;<strong>alivio de estilo<\/strong>. Sin embargo, si tu cabello es muy casta\u00f1o y uniforme, tambi\u00e9n puedes beneficiarte de este alivio. Puedes hacerlo utilizando productos de peinado que aporten brillo a tu cabello.&nbsp;<\/li><li>Para evitar que se mezclen tus mechones y mantenerlos en su sitio, las pinzas cangrejeras son ideales. No dudes en comprar algunas.&nbsp;<\/li><li>Si no te sientes muy c\u00f3modo, no dudes en practicar viendo v\u00eddeos. Hay muchos tutoriales disponibles.&nbsp;<\/li><li>Otro truco es no&nbsp;<strong>Trenza africana<\/strong>&nbsp;inmediatamente despu\u00e9s del champ\u00fa. Es mejor esperar hasta uno o dos d\u00edas despu\u00e9s. El pelo se deslizar\u00e1 mejor y la trenza se sujetar\u00e1 mejor.<\/li><li>Un \u00faltimo consejo: si quieres mantener tus trenzas en su sitio durante varios d\u00edas, hazlas muy apretadas.&nbsp;<\/li><\/ul>\n\n\n\n<p>As\u00ed que no esperes m\u00e1s y adopta este&nbsp;<strong>peinado de moda<\/strong>&nbsp;!&nbsp;<\/p>","protected":false},"excerpt":{"rendered":"<p>C\u00f3mo hacer una trenza africana para mujer Trenzas africanas, trenzas pegadas o trenzas africanas en ingl\u00e9s, este nuevo peinado es la moda del momento. Es una trenza \u00e9tnica que forma parte de nuestra vida cotidiana y combina con todos los looks. As\u00ed que vamos a descubrir c\u00f3mo hacer una trenza africana para mujer. \u00a1Un peinado bonito y pr\u00e1ctico!  [...]","protected":false},"author":1,"featured_media":0,"parent":0,"menu_order":0,"comment_status":"closed","ping_status":"closed","template":"","meta":{"footnotes":""},"class_list":["post-985","page","type-page","status-publish","hentry"],"yoast_head":"<!-- This site is optimized with the Yoast SEO plugin v26.6 - https:\/\/yoast.com\/wordpress\/plugins\/seo\/ -->\n<title>Tresse africaine I D\u00e9couvrez nos astuces en quelques clics<\/title>\n<meta name=\"description\" content=\"Tresse africaine, coll\u00e9e ou encore\u00a0african braids\u00a0en anglais, cette\u00a0nouvelle coiffure\u00a0est \u00e0 la mode du moment. D\u00e9couvrez-l\u00e0 !\" \/>\n<meta name=\"robots\" content=\"index, follow, max-snippet:-1, max-image-preview:large, max-video-preview:-1\" \/>\n<link rel=\"canonical\" href=\"https:\/\/www.safinel.fr\/es\/trenza-africana\/\" \/>\n<meta property=\"og:locale\" content=\"es_ES\" \/>\n<meta property=\"og:type\" content=\"article\" \/>\n<meta property=\"og:title\" content=\"Tresse africaine I D\u00e9couvrez nos astuces en quelques clics\" \/>\n<meta property=\"og:description\" content=\"Tresse africaine, coll\u00e9e ou encore\u00a0african braids\u00a0en anglais, cette\u00a0nouvelle coiffure\u00a0est \u00e0 la mode du moment. D\u00e9couvrez-l\u00e0 !\" \/>\n<meta property=\"og:url\" content=\"https:\/\/www.safinel.fr\/es\/trenza-africana\/\" \/>\n<meta property=\"og:site_name\" content=\"Safinel\" \/>\n<meta property=\"article:modified_time\" content=\"2022-03-25T18:20:12+00:00\" \/>\n<meta name=\"twitter:card\" content=\"summary_large_image\" \/>\n<meta name=\"twitter:label1\" content=\"Tiempo de lectura\" \/>\n\t<meta name=\"twitter:data1\" content=\"6 minutos\" \/>\n<script type=\"application\/ld+json\" class=\"yoast-schema-graph\">{\"@context\":\"https:\/\/schema.org\",\"@graph\":[{\"@type\":\"WebPage\",\"@id\":\"https:\/\/www.safinel.fr\/tresse-africaine\/\",\"url\":\"https:\/\/www.safinel.fr\/tresse-africaine\/\",\"name\":\"Tresse africaine I D\u00e9couvrez nos astuces en quelques clics\",\"isPartOf\":{\"@id\":\"https:\/\/www.safinel.fr\/#website\"},\"datePublished\":\"2022-03-25T18:18:14+00:00\",\"dateModified\":\"2022-03-25T18:20:12+00:00\",\"description\":\"Tresse africaine, coll\u00e9e ou encore\u00a0african braids\u00a0en anglais, cette\u00a0nouvelle coiffure\u00a0est \u00e0 la mode du moment. D\u00e9couvrez-l\u00e0 !\",\"breadcrumb\":{\"@id\":\"https:\/\/www.safinel.fr\/tresse-africaine\/#breadcrumb\"},\"inLanguage\":\"es\",\"potentialAction\":[{\"@type\":\"ReadAction\",\"target\":[\"https:\/\/www.safinel.fr\/tresse-africaine\/\"]}]},{\"@type\":\"BreadcrumbList\",\"@id\":\"https:\/\/www.safinel.fr\/tresse-africaine\/#breadcrumb\",\"itemListElement\":[{\"@type\":\"ListItem\",\"position\":1,\"name\":\"Accueil\",\"item\":\"https:\/\/www.safinel.fr\/\"},{\"@type\":\"ListItem\",\"position\":2,\"name\":\"Comment faire une tresse africaine pour femme\"}]},{\"@type\":\"WebSite\",\"@id\":\"https:\/\/www.safinel.fr\/#website\",\"url\":\"https:\/\/www.safinel.fr\/\",\"name\":\"Safinel\",\"description\":\"\",\"publisher\":{\"@id\":\"https:\/\/www.safinel.fr\/#organization\"},\"potentialAction\":[{\"@type\":\"SearchAction\",\"target\":{\"@type\":\"EntryPoint\",\"urlTemplate\":\"https:\/\/www.safinel.fr\/?s={search_term_string}\"},\"query-input\":{\"@type\":\"PropertyValueSpecification\",\"valueRequired\":true,\"valueName\":\"search_term_string\"}}],\"inLanguage\":\"es\"},{\"@type\":\"Organization\",\"@id\":\"https:\/\/www.safinel.fr\/#organization\",\"name\":\"Safinel\",\"url\":\"https:\/\/www.safinel.fr\/\",\"logo\":{\"@type\":\"ImageObject\",\"inLanguage\":\"es\",\"@id\":\"https:\/\/www.safinel.fr\/#\/schema\/logo\/image\/\",\"url\":\"https:\/\/www.safinel.fr\/wp-content\/uploads\/2021\/05\/boutique-cosmetique.png\",\"contentUrl\":\"https:\/\/www.safinel.fr\/wp-content\/uploads\/2021\/05\/boutique-cosmetique.png\",\"width\":800,\"height\":200,\"caption\":\"Safinel\"},\"image\":{\"@id\":\"https:\/\/www.safinel.fr\/#\/schema\/logo\/image\/\"}}]}<\/script>\n<!-- \/ Yoast SEO plugin. -->","yoast_head_json":{"title":"Trenza africana I Descubre nuestros consejos en unos clics","description":"Trenzas africanas, trenzas enlazadas o trenzas africanas en ingl\u00e9s, este nuevo peinado est\u00e1 de moda ahora mismo. \u00a1Compru\u00e9balo!","robots":{"index":"index","follow":"follow","max-snippet":"max-snippet:-1","max-image-preview":"max-image-preview:large","max-video-preview":"max-video-preview:-1"},"canonical":"https:\/\/www.safinel.fr\/es\/trenza-africana\/","og_locale":"es_ES","og_type":"article","og_title":"Tresse africaine I D\u00e9couvrez nos astuces en quelques clics","og_description":"Tresse africaine, coll\u00e9e ou encore\u00a0african braids\u00a0en anglais, cette\u00a0nouvelle coiffure\u00a0est \u00e0 la mode du moment. D\u00e9couvrez-l\u00e0 !","og_url":"https:\/\/www.safinel.fr\/es\/trenza-africana\/","og_site_name":"Safinel","article_modified_time":"2022-03-25T18:20:12+00:00","twitter_card":"summary_large_image","twitter_misc":{"Tiempo de lectura":"6 minutos"},"schema":{"@context":"https:\/\/schema.org","@graph":[{"@type":"WebPage","@id":"https:\/\/www.safinel.fr\/tresse-africaine\/","url":"https:\/\/www.safinel.fr\/tresse-africaine\/","name":"Trenza africana I Descubre nuestros consejos en unos clics","isPartOf":{"@id":"https:\/\/www.safinel.fr\/#website"},"datePublished":"2022-03-25T18:18:14+00:00","dateModified":"2022-03-25T18:20:12+00:00","description":"Trenzas africanas, trenzas enlazadas o trenzas africanas en ingl\u00e9s, este nuevo peinado est\u00e1 de moda ahora mismo. \u00a1Compru\u00e9balo!","breadcrumb":{"@id":"https:\/\/www.safinel.fr\/tresse-africaine\/#breadcrumb"},"inLanguage":"es","potentialAction":[{"@type":"ReadAction","target":["https:\/\/www.safinel.fr\/tresse-africaine\/"]}]},{"@type":"BreadcrumbList","@id":"https:\/\/www.safinel.fr\/tresse-africaine\/#breadcrumb","itemListElement":[{"@type":"ListItem","position":1,"name":"Accueil","item":"https:\/\/www.safinel.fr\/"},{"@type":"ListItem","position":2,"name":"Comment faire une tresse africaine pour femme"}]},{"@type":"WebSite","@id":"https:\/\/www.safinel.fr\/#website","url":"https:\/\/www.safinel.fr\/","name":"Safinel","description":"","publisher":{"@id":"https:\/\/www.safinel.fr\/#organization"},"potentialAction":[{"@type":"SearchAction","target":{"@type":"EntryPoint","urlTemplate":"https:\/\/www.safinel.fr\/?s={search_term_string}"},"query-input":{"@type":"PropertyValueSpecification","valueRequired":true,"valueName":"search_term_string"}}],"inLanguage":"es"},{"@type":"Organization","@id":"https:\/\/www.safinel.fr\/#organization","name":"Safinel","url":"https:\/\/www.safinel.fr\/","logo":{"@type":"ImageObject","inLanguage":"es","@id":"https:\/\/www.safinel.fr\/#\/schema\/logo\/image\/","url":"https:\/\/www.safinel.fr\/wp-content\/uploads\/2021\/05\/boutique-cosmetique.png","contentUrl":"https:\/\/www.safinel.fr\/wp-content\/uploads\/2021\/05\/boutique-cosmetique.png","width":800,"height":200,"caption":"Safinel"},"image":{"@id":"https:\/\/www.safinel.fr\/#\/schema\/logo\/image\/"}}]}},"_links":{"self":[{"href":"https:\/\/www.safinel.fr\/es\/wp-json\/wp\/v2\/pages\/985","targetHints":{"allow":["GET"]}}],"collection":[{"href":"https:\/\/www.safinel.fr\/es\/wp-json\/wp\/v2\/pages"}],"about":[{"href":"https:\/\/www.safinel.fr\/es\/wp-json\/wp\/v2\/types\/page"}],"author":[{"embeddable":true,"href":"https:\/\/www.safinel.fr\/es\/wp-json\/wp\/v2\/users\/1"}],"replies":[{"embeddable":true,"href":"https:\/\/www.safinel.fr\/es\/wp-json\/wp\/v2\/comments?post=985"}],"version-history":[{"count":2,"href":"https:\/\/www.safinel.fr\/es\/wp-json\/wp\/v2\/pages\/985\/revisions"}],"predecessor-version":[{"id":987,"href":"https:\/\/www.safinel.fr\/es\/wp-json\/wp\/v2\/pages\/985\/revisions\/987"}],"wp:attachment":[{"href":"https:\/\/www.safinel.fr\/es\/wp-json\/wp\/v2\/media?parent=985"}],"curies":[{"name":"wp","href":"https:\/\/api.w.org\/{rel}","templated":true}]}}