{"id":852,"date":"2022-02-22T17:21:08","date_gmt":"2022-02-22T17:21:08","guid":{"rendered":"https:\/\/www.safinel.fr\/?page_id=852"},"modified":"2022-02-22T17:21:41","modified_gmt":"2022-02-22T17:21:41","slug":"entender-la-negacion-del-embarazo","status":"publish","type":"page","link":"https:\/\/www.safinel.fr\/es\/entender-la-negacion-del-embarazo\/","title":{"rendered":"Comprender la negaci\u00f3n del embarazo"},"content":{"rendered":"<h1>Comprender la negaci\u00f3n del embarazo<\/h1>\n\n\n<strong>La negaci\u00f3n del embarazo es la ausencia de conciencia de que una mujer est\u00e1 embarazada.<\/strong> En Francia, 3 de cada 1.000 mujeres embarazadas son v\u00edctimas de la negaci\u00f3n del embarazo. 330 mujeres al a\u00f1o dan a luz sin saber que estaban embarazadas.\n\nSin n\u00e1useas ni aumento de peso, <strong>normas habituales<\/strong>... Nada indica embarazo. Pero el beb\u00e9 est\u00e1 ah\u00ed y crece.\n\n<strong>\u00bfY si por fin comprendiera este fen\u00f3meno, poco conocido por el gran p\u00fablico?<\/strong>\n<h2>\u00bfQu\u00e9 es la negaci\u00f3n del embarazo?<\/h2>\n<strong>La negaci\u00f3n del embarazo es una escisi\u00f3n entre el cuerpo y la mente.<\/strong> F\u00edsicamente, la mujer est\u00e1 embarazada y el ni\u00f1o se est\u00e1 desarrollando en su vientre. La mente, en cambio, no es consciente del nuevo estado de la futura madre. Oscurece la realidad e impide que se desarrollen los s\u00edntomas del embarazo.\n<h3>Negaci\u00f3n total del embarazo<\/h3>\nLa negaci\u00f3n total del embarazo es uno de los acontecimientos m\u00e1s perturbadores en la vida de una mujer. <strong>La madre da a luz sin saber que estaba embarazada.<\/strong> Se entera de la presencia de su beb\u00e9 el mismo d\u00eda del parto, sin haber podido prepararse mental ni f\u00edsicamente.\n\nDe principio a fin, su embarazo nunca se manifest\u00f3: ni barriga, ni dolores, ni menstruaciones regulares o irregulares... Nada indicaba la presencia del ni\u00f1o.\n<h3>Negaci\u00f3n parcial del embarazo<\/h3>\n<strong>La negaci\u00f3n parcial del embarazo se refiere al descubrimiento del embarazo despu\u00e9s del primer trimestre pero antes del t\u00e9rmino.<\/strong>\n\nAs\u00ed, la futura madre toma conciencia de su estado <strong>antes de dar a luz<\/strong>. Una vez que tenga conocimiento del embarazo, <strong>aparecen los s\u00edntomas<\/strong>&nbsp;: aparici\u00f3n del vientre en las horas siguientes, n\u00e1useas, dolores y ausencia de regla.\n\nEl ni\u00f1o puede desarrollarse normalmente hasta el final del embarazo.\n<h2>Causas de la negaci\u00f3n del embarazo<\/h2>\n<strong>La negaci\u00f3n del embarazo nunca es inocua: la mente busca proteger a la futura madre<\/strong>. Los principales factores de riesgo de negaci\u00f3n del embarazo son :\n<ul>\n \t<li>Embarazo resultante de una agresi\u00f3n sexual;<\/li>\n \t<li>Una (antigua) v\u00edctima de agresi\u00f3n sexual, f\u00edsica o psicol\u00f3gica ;<\/li>\n \t<li>Supuesta esterilidad ;<\/li>\n \t<li>Una situaci\u00f3n familiar o matrimonial inestable ;<\/li>\n \t<li>Embarazos muy seguidos;<\/li>\n<\/ul>\n<strong>Las mujeres que niegan el embarazo suelen encontrarse en un estado debilitado<\/strong>. No quieren quedarse embarazadas o creen que no pueden.\n\nSin embargo, s\u00ed quieren quedarse embarazadas, <strong>es probable que cada mujer experimente la negaci\u00f3n del embarazo en alg\u00fan momento de su vida<\/strong>.\n<h2>Los riesgos de negar el embarazo<\/h2>\nA <strong>negaci\u00f3n del embarazo<\/strong> no est\u00e1 exenta de riesgos. Tanto para la madre como para el ni\u00f1o, este estado psicol\u00f3gico tiene graves consecuencias. <strong>consecuencias a corto y largo plazo<\/strong>.\n<h3>Para el ni\u00f1o<\/h3>\n<strong>El ni\u00f1o tiene que adaptarse al cuerpo de la madre, que no est\u00e1 preparado para recibirlo<\/strong>. Se desarrolla de forma diferente: el cuerpo del beb\u00e9 no est\u00e1 en posici\u00f3n fetal. Se tumba m\u00e1s, porque el vientre de la madre no se desarrolla. El beb\u00e9 aumenta poco o nada de peso.\n\nLa mujer no es consciente de que est\u00e1 embarazada, <strong>no adopta h\u00e1bitos saludables relacionados con el embarazo<\/strong>. Se trata de un factor de riesgo importante para el beb\u00e9.\n\nPor \u00faltimo, pero no por ello menos importante, <strong>el parto puede ocurrir en cualquier lugar y en cualquier momento<\/strong>&nbsp;Es probable que el ni\u00f1o no nazca en las mejores condiciones posibles.\n<h3>Para la madre<\/h3>\n<strong>Una mujer que ha negado el embarazo no est\u00e1 psicol\u00f3gicamente preparada para acoger a un beb\u00e9 en su vida<\/strong>.\n\nEl nacimiento de un hijo, o el anuncio tard\u00edo de un embarazo, suele ser un acontecimiento importante en la vida de la familia. <strong>gran choque psicol\u00f3gico<\/strong> para la madre. Los riesgos de depresi\u00f3n y rechazo del ni\u00f1o son reales. Es necesario\u2019<strong>apoyo psicol\u00f3gico durante y despu\u00e9s de la denegaci\u00f3n del embarazo<\/strong>.","protected":false},"excerpt":{"rendered":"<p>Comprender la negaci\u00f3n del embarazo La negaci\u00f3n del embarazo es la falta de conciencia de estar embarazada por parte de la mujer. En Francia, de cada 1000 mujeres embarazadas, 3 ser\u00edan v\u00edctimas de negaci\u00f3n del embarazo. 330 mujeres al a\u00f1o dar\u00edan a luz sin haber sabido nunca que estaban embarazadas. Ausencia de n\u00e1useas, aumento de peso, menstruaciones regulares... Nada indica el [...]","protected":false},"author":1,"featured_media":0,"parent":0,"menu_order":0,"comment_status":"closed","ping_status":"closed","template":"","meta":{"footnotes":""},"class_list":["post-852","page","type-page","status-publish","hentry"],"yoast_head":"<!-- This site is optimized with the Yoast SEO plugin v26.6 - https:\/\/yoast.com\/wordpress\/plugins\/seo\/ -->\n<title>Comprendre le d\u00e9ni de grossesse - Safinel<\/title>\n<meta name=\"robots\" content=\"index, follow, max-snippet:-1, max-image-preview:large, max-video-preview:-1\" \/>\n<link rel=\"canonical\" href=\"https:\/\/www.safinel.fr\/es\/entender-la-negacion-del-embarazo\/\" \/>\n<meta property=\"og:locale\" content=\"es_ES\" \/>\n<meta property=\"og:type\" content=\"article\" \/>\n<meta property=\"og:title\" content=\"Comprendre le d\u00e9ni de grossesse - Safinel\" \/>\n<meta property=\"og:description\" content=\"Comprendre le d\u00e9ni de grossesse Le d\u00e9ni de grossesse est l\u2019absence de conscience d\u2019une grossesse chez la femme. En France, sur 1000 femmes enceintes, 3 seraient victimes d\u2019un d\u00e9ni de grossesse. 330 femmes par an accoucheraient sans jamais avoir su qu\u2019elles \u00e9taient enceintes. Absence de naus\u00e9es, de prises de poids, r\u00e8gles r\u00e9guli\u00e8res\u2026 Rien n\u2019indique la [...]\" \/>\n<meta property=\"og:url\" content=\"https:\/\/www.safinel.fr\/es\/entender-la-negacion-del-embarazo\/\" \/>\n<meta property=\"og:site_name\" content=\"Safinel\" \/>\n<meta property=\"article:modified_time\" content=\"2022-02-22T17:21:41+00:00\" \/>\n<meta name=\"twitter:card\" content=\"summary_large_image\" \/>\n<meta name=\"twitter:label1\" content=\"Tiempo de lectura\" \/>\n\t<meta name=\"twitter:data1\" content=\"3 minutos\" \/>\n<script type=\"application\/ld+json\" class=\"yoast-schema-graph\">{\"@context\":\"https:\/\/schema.org\",\"@graph\":[{\"@type\":\"WebPage\",\"@id\":\"https:\/\/www.safinel.fr\/comprendre-le-deni-de-grossesse\/\",\"url\":\"https:\/\/www.safinel.fr\/comprendre-le-deni-de-grossesse\/\",\"name\":\"Comprendre le d\u00e9ni de grossesse - Safinel\",\"isPartOf\":{\"@id\":\"https:\/\/www.safinel.fr\/#website\"},\"datePublished\":\"2022-02-22T17:21:08+00:00\",\"dateModified\":\"2022-02-22T17:21:41+00:00\",\"breadcrumb\":{\"@id\":\"https:\/\/www.safinel.fr\/comprendre-le-deni-de-grossesse\/#breadcrumb\"},\"inLanguage\":\"es\",\"potentialAction\":[{\"@type\":\"ReadAction\",\"target\":[\"https:\/\/www.safinel.fr\/comprendre-le-deni-de-grossesse\/\"]}]},{\"@type\":\"BreadcrumbList\",\"@id\":\"https:\/\/www.safinel.fr\/comprendre-le-deni-de-grossesse\/#breadcrumb\",\"itemListElement\":[{\"@type\":\"ListItem\",\"position\":1,\"name\":\"Accueil\",\"item\":\"https:\/\/www.safinel.fr\/\"},{\"@type\":\"ListItem\",\"position\":2,\"name\":\"Comprendre le d\u00e9ni de grossesse\"}]},{\"@type\":\"WebSite\",\"@id\":\"https:\/\/www.safinel.fr\/#website\",\"url\":\"https:\/\/www.safinel.fr\/\",\"name\":\"Safinel\",\"description\":\"\",\"publisher\":{\"@id\":\"https:\/\/www.safinel.fr\/#organization\"},\"potentialAction\":[{\"@type\":\"SearchAction\",\"target\":{\"@type\":\"EntryPoint\",\"urlTemplate\":\"https:\/\/www.safinel.fr\/?s={search_term_string}\"},\"query-input\":{\"@type\":\"PropertyValueSpecification\",\"valueRequired\":true,\"valueName\":\"search_term_string\"}}],\"inLanguage\":\"es\"},{\"@type\":\"Organization\",\"@id\":\"https:\/\/www.safinel.fr\/#organization\",\"name\":\"Safinel\",\"url\":\"https:\/\/www.safinel.fr\/\",\"logo\":{\"@type\":\"ImageObject\",\"inLanguage\":\"es\",\"@id\":\"https:\/\/www.safinel.fr\/#\/schema\/logo\/image\/\",\"url\":\"https:\/\/www.safinel.fr\/wp-content\/uploads\/2021\/05\/boutique-cosmetique.png\",\"contentUrl\":\"https:\/\/www.safinel.fr\/wp-content\/uploads\/2021\/05\/boutique-cosmetique.png\",\"width\":800,\"height\":200,\"caption\":\"Safinel\"},\"image\":{\"@id\":\"https:\/\/www.safinel.fr\/#\/schema\/logo\/image\/\"}}]}<\/script>\n<!-- \/ Yoast SEO plugin. -->","yoast_head_json":{"title":"Comprender la negaci\u00f3n del embarazo - Safinel","robots":{"index":"index","follow":"follow","max-snippet":"max-snippet:-1","max-image-preview":"max-image-preview:large","max-video-preview":"max-video-preview:-1"},"canonical":"https:\/\/www.safinel.fr\/es\/entender-la-negacion-del-embarazo\/","og_locale":"es_ES","og_type":"article","og_title":"Comprendre le d\u00e9ni de grossesse - Safinel","og_description":"Comprendre le d\u00e9ni de grossesse Le d\u00e9ni de grossesse est l\u2019absence de conscience d\u2019une grossesse chez la femme. En France, sur 1000 femmes enceintes, 3 seraient victimes d\u2019un d\u00e9ni de grossesse. 330 femmes par an accoucheraient sans jamais avoir su qu\u2019elles \u00e9taient enceintes. Absence de naus\u00e9es, de prises de poids, r\u00e8gles r\u00e9guli\u00e8res\u2026 Rien n\u2019indique la [...]","og_url":"https:\/\/www.safinel.fr\/es\/entender-la-negacion-del-embarazo\/","og_site_name":"Safinel","article_modified_time":"2022-02-22T17:21:41+00:00","twitter_card":"summary_large_image","twitter_misc":{"Tiempo de lectura":"3 minutos"},"schema":{"@context":"https:\/\/schema.org","@graph":[{"@type":"WebPage","@id":"https:\/\/www.safinel.fr\/comprendre-le-deni-de-grossesse\/","url":"https:\/\/www.safinel.fr\/comprendre-le-deni-de-grossesse\/","name":"Comprender la negaci\u00f3n del embarazo - Safinel","isPartOf":{"@id":"https:\/\/www.safinel.fr\/#website"},"datePublished":"2022-02-22T17:21:08+00:00","dateModified":"2022-02-22T17:21:41+00:00","breadcrumb":{"@id":"https:\/\/www.safinel.fr\/comprendre-le-deni-de-grossesse\/#breadcrumb"},"inLanguage":"es","potentialAction":[{"@type":"ReadAction","target":["https:\/\/www.safinel.fr\/comprendre-le-deni-de-grossesse\/"]}]},{"@type":"BreadcrumbList","@id":"https:\/\/www.safinel.fr\/comprendre-le-deni-de-grossesse\/#breadcrumb","itemListElement":[{"@type":"ListItem","position":1,"name":"Accueil","item":"https:\/\/www.safinel.fr\/"},{"@type":"ListItem","position":2,"name":"Comprendre le d\u00e9ni de grossesse"}]},{"@type":"WebSite","@id":"https:\/\/www.safinel.fr\/#website","url":"https:\/\/www.safinel.fr\/","name":"Safinel","description":"","publisher":{"@id":"https:\/\/www.safinel.fr\/#organization"},"potentialAction":[{"@type":"SearchAction","target":{"@type":"EntryPoint","urlTemplate":"https:\/\/www.safinel.fr\/?s={search_term_string}"},"query-input":{"@type":"PropertyValueSpecification","valueRequired":true,"valueName":"search_term_string"}}],"inLanguage":"es"},{"@type":"Organization","@id":"https:\/\/www.safinel.fr\/#organization","name":"Safinel","url":"https:\/\/www.safinel.fr\/","logo":{"@type":"ImageObject","inLanguage":"es","@id":"https:\/\/www.safinel.fr\/#\/schema\/logo\/image\/","url":"https:\/\/www.safinel.fr\/wp-content\/uploads\/2021\/05\/boutique-cosmetique.png","contentUrl":"https:\/\/www.safinel.fr\/wp-content\/uploads\/2021\/05\/boutique-cosmetique.png","width":800,"height":200,"caption":"Safinel"},"image":{"@id":"https:\/\/www.safinel.fr\/#\/schema\/logo\/image\/"}}]}},"_links":{"self":[{"href":"https:\/\/www.safinel.fr\/es\/wp-json\/wp\/v2\/pages\/852","targetHints":{"allow":["GET"]}}],"collection":[{"href":"https:\/\/www.safinel.fr\/es\/wp-json\/wp\/v2\/pages"}],"about":[{"href":"https:\/\/www.safinel.fr\/es\/wp-json\/wp\/v2\/types\/page"}],"author":[{"embeddable":true,"href":"https:\/\/www.safinel.fr\/es\/wp-json\/wp\/v2\/users\/1"}],"replies":[{"embeddable":true,"href":"https:\/\/www.safinel.fr\/es\/wp-json\/wp\/v2\/comments?post=852"}],"version-history":[{"count":2,"href":"https:\/\/www.safinel.fr\/es\/wp-json\/wp\/v2\/pages\/852\/revisions"}],"predecessor-version":[{"id":854,"href":"https:\/\/www.safinel.fr\/es\/wp-json\/wp\/v2\/pages\/852\/revisions\/854"}],"wp:attachment":[{"href":"https:\/\/www.safinel.fr\/es\/wp-json\/wp\/v2\/media?parent=852"}],"curies":[{"name":"wp","href":"https:\/\/api.w.org\/{rel}","templated":true}]}}