{"id":815,"date":"2022-02-12T19:50:13","date_gmt":"2022-02-12T19:50:13","guid":{"rendered":"https:\/\/www.safinel.fr\/?page_id=815"},"modified":"2023-01-31T17:37:43","modified_gmt":"2023-01-31T17:37:43","slug":"bissap","status":"publish","type":"page","link":"https:\/\/www.safinel.fr\/es\/bissap\/","title":{"rendered":"6 beneficios del bissap para la salud"},"content":{"rendered":"<h1>6 beneficios del bissap para la salud<\/h1>\n<p>El bissap, tambi\u00e9n conocido como hibisco, es muy popular en el \u00c1frica subsahariana. Y con raz\u00f3n. <strong>El hibisco es una planta con muchas virtudes<\/strong>\u00a0Los beneficios son muchos: refuerzo del sistema inmunitario, hipertensi\u00f3n, beneficios para el sistema urinario, obesidad, efectos analg\u00e9sicos, antioxidantes y antidepresivos. <strong>Bissap no ha dicho su \u00faltima palabra<\/strong>\u00a0!<\/p>\n<p>Descubre con nosotros los 6 beneficios del bissap para la salud. Si eres mujer, \u00a1el 6 te encantar\u00e1!<\/p>\n<h2>Los beneficios del bissap para el sistema inmunitario<\/h2>\n<p><strong>Bissap es un concentrado de vitaminas<\/strong>. Compuesto de vitaminas B2, B3, C y hierro, el bissap combate el envejecimiento cut\u00e1neo y el estr\u00e9s oxidativo: de hecho, se ha demostrado que es uno de los mejores antioxidantes naturales. Tambi\u00e9n tiene un efecto tonificante y propiedades antis\u00e9pticas.<\/p>\n<p>El consumo regular de bissap (\u00a1sin az\u00facar!) refuerza el sistema inmunitario en su conjunto. \u00a1B\u00e9balo sin moderaci\u00f3n!<\/p>\n<h2>Los beneficios del hibisco para la tensi\u00f3n arterial<\/h2>\n<p>Los estudios han demostrado que el hibisco tiene <strong>propiedades hipotensoras<\/strong> \u00a1no es insignificante!<\/p>\n<p>La hipertensi\u00f3n puede ser peligrosa: prolongada y grave, puede provocar problemas cardiacos o un ictus.<\/p>\n<p>Beber 3 infusiones de bissap al d\u00eda reducir\u00e1 significativamente su tensi\u00f3n arterial. Antes de recurrir a la medicaci\u00f3n, o peor a\u00fan, \u00a1piense en el bissap! Si su hipertensi\u00f3n es real y ya est\u00e1 bien establecida, le aconsejamos que consulte a un m\u00e9dico lo antes posible.<\/p>\n<h2>Bissap y el sistema urinario<\/h2>\n<p>La planta tambi\u00e9n cuenta con <strong>efectos diur\u00e9ticos<\/strong>. Los natur\u00f3patas la recomiendan para el tratamiento de las infecciones urinarias y los c\u00e1lculos renales. Sus propiedades han sido reconocidas por la Autoridad Europea de Seguridad Alimentaria.<\/p>\n<p>La acci\u00f3n desintoxicante del bissap te ayudar\u00e1 a evitar complicaciones en el aparato urinario. \u00a1No se prive!<\/p>\n<h2>Hibisco: una planta con propiedades antioxidantes y antidepresivas<\/h2>\n<p>Bissap es un tesoro. Analg\u00e9sico, antioxidante e incluso antidepresivo.<\/p>\n<p>El hibisco gana al t\u00e9 verde en un estudio sobre plantas con propiedades antioxidantes. El estr\u00e9s, la contaminaci\u00f3n, la desnutrici\u00f3n y el envejecimiento son factores que desencadenan la producci\u00f3n de radicales libres. Estos radicales libres son la causa de muchas enfermedades, incluidos ciertos tipos de c\u00e1ncer.<\/p>\n<p>Los antioxidantes luchan activamente contra ellos y sus efectos nocivos. Al comer bissap, \u00a1ayudas a tu cuerpo a defenderse!<\/p>\n<h2>Los beneficios del bissap en la obesidad<\/h2>\n<p>Bissap aumenta la tasa metab\u00f3lica basal: en resumen, le ayuda a <a href=\"https:\/\/www.safinel.fr\/es\/kinkeliba\/\"><strong>quemar calor\u00edas<\/strong><\/a>, sin hacer nada m\u00e1s. Adem\u00e1s, los estudios tienden a demostrar que impide la asimilaci\u00f3n de almidones y sacarosa y, por tanto, \u00a1la acumulaci\u00f3n de grasa!<\/p>\n<p>En resumen, el hibisco es tu aliado para adelgazar.<\/p>\n<h2>Hibisco: \u00a1se acabaron las reglas dolorosas!<\/h2>\n<p>\u00c9ste es el que no esperabas. El Bissap tiene efectos analg\u00e9sicos (alivia el dolor) y relajantes sobre los m\u00fasculos uterinos.<\/p>\n<p>Si se toma con regularidad, reduce profundamente el dolor del ciclo menstrual y ayuda a que los periodos sean menos dolorosos a largo plazo. Cuando est\u00e9s agonizando, el hibisco te ayudar\u00e1 a aliviar los s\u00edntomas.<\/p>\n<p><strong>\u00bfY t\u00fa? \u00bfPor qu\u00e9 no empiezas a usar bissap ahora mismo?<\/strong><\/p>","protected":false},"excerpt":{"rendered":"<p>6 beneficios del bissap para la salud El bissap, tambi\u00e9n conocido como hibisco, es muy popular en el \u00c1frica subsahariana. \u00a1Y con raz\u00f3n! El hibisco es una planta con m\u00faltiples propiedades: refuerza el sistema inmunitario, combate la hipertensi\u00f3n, beneficia al sistema urinario, combate la obesidad y tiene efectos analg\u00e9sicos, antioxidantes y antidepresivos. \u00a1El bissap a\u00fan tiene mucho que decir! Desc\u00fabralo con [\u2026]","protected":false},"author":1,"featured_media":0,"parent":0,"menu_order":0,"comment_status":"closed","ping_status":"closed","template":"","meta":{"footnotes":""},"class_list":["post-815","page","type-page","status-publish","hentry"],"yoast_head":"<!-- This site is optimized with the Yoast SEO plugin v26.6 - https:\/\/yoast.com\/wordpress\/plugins\/seo\/ -->\n<title>Bissap | D\u00e9couvrez 6 bienfaits pour la sant\u00e9<\/title>\n<meta name=\"description\" content=\"Le bissap, aussi appel\u00e9 hibiscus, est tr\u00e8s populaire en Afrique subsaharienne. Et pour cause\u00a0! L\u2019hibiscus est une plante aux multiples vertus\" \/>\n<meta name=\"robots\" content=\"index, follow, max-snippet:-1, max-image-preview:large, max-video-preview:-1\" \/>\n<link rel=\"canonical\" href=\"https:\/\/www.safinel.fr\/es\/bissap\/\" \/>\n<meta property=\"og:locale\" content=\"es_ES\" \/>\n<meta property=\"og:type\" content=\"article\" \/>\n<meta property=\"og:title\" content=\"Bissap | D\u00e9couvrez 6 bienfaits pour la sant\u00e9\" \/>\n<meta property=\"og:description\" content=\"Le bissap, aussi appel\u00e9 hibiscus, est tr\u00e8s populaire en Afrique subsaharienne. Et pour cause\u00a0! L\u2019hibiscus est une plante aux multiples vertus\" \/>\n<meta property=\"og:url\" content=\"https:\/\/www.safinel.fr\/es\/bissap\/\" \/>\n<meta property=\"og:site_name\" content=\"Safinel\" \/>\n<meta property=\"article:modified_time\" content=\"2023-01-31T17:37:43+00:00\" \/>\n<meta name=\"twitter:card\" content=\"summary_large_image\" \/>\n<meta name=\"twitter:label1\" content=\"Tiempo de lectura\" \/>\n\t<meta name=\"twitter:data1\" content=\"3 minutos\" \/>\n<script type=\"application\/ld+json\" class=\"yoast-schema-graph\">{\"@context\":\"https:\/\/schema.org\",\"@graph\":[{\"@type\":\"WebPage\",\"@id\":\"https:\/\/www.safinel.fr\/bissap\/\",\"url\":\"https:\/\/www.safinel.fr\/bissap\/\",\"name\":\"Bissap | D\u00e9couvrez 6 bienfaits pour la sant\u00e9\",\"isPartOf\":{\"@id\":\"https:\/\/www.safinel.fr\/#website\"},\"datePublished\":\"2022-02-12T19:50:13+00:00\",\"dateModified\":\"2023-01-31T17:37:43+00:00\",\"description\":\"Le bissap, aussi appel\u00e9 hibiscus, est tr\u00e8s populaire en Afrique subsaharienne. Et pour cause\u00a0! L\u2019hibiscus est une plante aux multiples vertus\",\"breadcrumb\":{\"@id\":\"https:\/\/www.safinel.fr\/bissap\/#breadcrumb\"},\"inLanguage\":\"es\",\"potentialAction\":[{\"@type\":\"ReadAction\",\"target\":[\"https:\/\/www.safinel.fr\/bissap\/\"]}]},{\"@type\":\"BreadcrumbList\",\"@id\":\"https:\/\/www.safinel.fr\/bissap\/#breadcrumb\",\"itemListElement\":[{\"@type\":\"ListItem\",\"position\":1,\"name\":\"Accueil\",\"item\":\"https:\/\/www.safinel.fr\/\"},{\"@type\":\"ListItem\",\"position\":2,\"name\":\"6 bienfaits du bissap sur la sant\u00e9\"}]},{\"@type\":\"WebSite\",\"@id\":\"https:\/\/www.safinel.fr\/#website\",\"url\":\"https:\/\/www.safinel.fr\/\",\"name\":\"Safinel\",\"description\":\"\",\"publisher\":{\"@id\":\"https:\/\/www.safinel.fr\/#organization\"},\"potentialAction\":[{\"@type\":\"SearchAction\",\"target\":{\"@type\":\"EntryPoint\",\"urlTemplate\":\"https:\/\/www.safinel.fr\/?s={search_term_string}\"},\"query-input\":{\"@type\":\"PropertyValueSpecification\",\"valueRequired\":true,\"valueName\":\"search_term_string\"}}],\"inLanguage\":\"es\"},{\"@type\":\"Organization\",\"@id\":\"https:\/\/www.safinel.fr\/#organization\",\"name\":\"Safinel\",\"url\":\"https:\/\/www.safinel.fr\/\",\"logo\":{\"@type\":\"ImageObject\",\"inLanguage\":\"es\",\"@id\":\"https:\/\/www.safinel.fr\/#\/schema\/logo\/image\/\",\"url\":\"https:\/\/www.safinel.fr\/wp-content\/uploads\/2021\/05\/boutique-cosmetique.png\",\"contentUrl\":\"https:\/\/www.safinel.fr\/wp-content\/uploads\/2021\/05\/boutique-cosmetique.png\",\"width\":800,\"height\":200,\"caption\":\"Safinel\"},\"image\":{\"@id\":\"https:\/\/www.safinel.fr\/#\/schema\/logo\/image\/\"}}]}<\/script>\n<!-- \/ Yoast SEO plugin. -->","yoast_head_json":{"title":"Bissap | Descubre 6 beneficios para la salud","description":"El bissap, tambi\u00e9n conocido como hibisco, es muy popular en el \u00c1frica subsahariana. Y con raz\u00f3n. El hibisco es una planta con muchas virtudes","robots":{"index":"index","follow":"follow","max-snippet":"max-snippet:-1","max-image-preview":"max-image-preview:large","max-video-preview":"max-video-preview:-1"},"canonical":"https:\/\/www.safinel.fr\/es\/bissap\/","og_locale":"es_ES","og_type":"article","og_title":"Bissap | D\u00e9couvrez 6 bienfaits pour la sant\u00e9","og_description":"Le bissap, aussi appel\u00e9 hibiscus, est tr\u00e8s populaire en Afrique subsaharienne. Et pour cause\u00a0! L\u2019hibiscus est une plante aux multiples vertus","og_url":"https:\/\/www.safinel.fr\/es\/bissap\/","og_site_name":"Safinel","article_modified_time":"2023-01-31T17:37:43+00:00","twitter_card":"summary_large_image","twitter_misc":{"Tiempo de lectura":"3 minutos"},"schema":{"@context":"https:\/\/schema.org","@graph":[{"@type":"WebPage","@id":"https:\/\/www.safinel.fr\/bissap\/","url":"https:\/\/www.safinel.fr\/bissap\/","name":"Bissap | Descubre 6 beneficios para la salud","isPartOf":{"@id":"https:\/\/www.safinel.fr\/#website"},"datePublished":"2022-02-12T19:50:13+00:00","dateModified":"2023-01-31T17:37:43+00:00","description":"El bissap, tambi\u00e9n conocido como hibisco, es muy popular en el \u00c1frica subsahariana. Y con raz\u00f3n. El hibisco es una planta con muchas virtudes","breadcrumb":{"@id":"https:\/\/www.safinel.fr\/bissap\/#breadcrumb"},"inLanguage":"es","potentialAction":[{"@type":"ReadAction","target":["https:\/\/www.safinel.fr\/bissap\/"]}]},{"@type":"BreadcrumbList","@id":"https:\/\/www.safinel.fr\/bissap\/#breadcrumb","itemListElement":[{"@type":"ListItem","position":1,"name":"Accueil","item":"https:\/\/www.safinel.fr\/"},{"@type":"ListItem","position":2,"name":"6 bienfaits du bissap sur la sant\u00e9"}]},{"@type":"WebSite","@id":"https:\/\/www.safinel.fr\/#website","url":"https:\/\/www.safinel.fr\/","name":"Safinel","description":"","publisher":{"@id":"https:\/\/www.safinel.fr\/#organization"},"potentialAction":[{"@type":"SearchAction","target":{"@type":"EntryPoint","urlTemplate":"https:\/\/www.safinel.fr\/?s={search_term_string}"},"query-input":{"@type":"PropertyValueSpecification","valueRequired":true,"valueName":"search_term_string"}}],"inLanguage":"es"},{"@type":"Organization","@id":"https:\/\/www.safinel.fr\/#organization","name":"Safinel","url":"https:\/\/www.safinel.fr\/","logo":{"@type":"ImageObject","inLanguage":"es","@id":"https:\/\/www.safinel.fr\/#\/schema\/logo\/image\/","url":"https:\/\/www.safinel.fr\/wp-content\/uploads\/2021\/05\/boutique-cosmetique.png","contentUrl":"https:\/\/www.safinel.fr\/wp-content\/uploads\/2021\/05\/boutique-cosmetique.png","width":800,"height":200,"caption":"Safinel"},"image":{"@id":"https:\/\/www.safinel.fr\/#\/schema\/logo\/image\/"}}]}},"_links":{"self":[{"href":"https:\/\/www.safinel.fr\/es\/wp-json\/wp\/v2\/pages\/815","targetHints":{"allow":["GET"]}}],"collection":[{"href":"https:\/\/www.safinel.fr\/es\/wp-json\/wp\/v2\/pages"}],"about":[{"href":"https:\/\/www.safinel.fr\/es\/wp-json\/wp\/v2\/types\/page"}],"author":[{"embeddable":true,"href":"https:\/\/www.safinel.fr\/es\/wp-json\/wp\/v2\/users\/1"}],"replies":[{"embeddable":true,"href":"https:\/\/www.safinel.fr\/es\/wp-json\/wp\/v2\/comments?post=815"}],"version-history":[{"count":3,"href":"https:\/\/www.safinel.fr\/es\/wp-json\/wp\/v2\/pages\/815\/revisions"}],"predecessor-version":[{"id":4415,"href":"https:\/\/www.safinel.fr\/es\/wp-json\/wp\/v2\/pages\/815\/revisions\/4415"}],"wp:attachment":[{"href":"https:\/\/www.safinel.fr\/es\/wp-json\/wp\/v2\/media?parent=815"}],"curies":[{"name":"wp","href":"https:\/\/api.w.org\/{rel}","templated":true}]}}