{"id":979,"date":"2022-03-25T17:17:24","date_gmt":"2022-03-25T17:17:24","guid":{"rendered":"https:\/\/www.safinel.fr\/?post_type=product&#038;p=979"},"modified":"2025-11-06T10:35:56","modified_gmt":"2025-11-06T10:35:56","slug":"leukalyptusblatt","status":"publish","type":"product","link":"https:\/\/www.safinel.fr\/de\/product-2\/leukalyptusblatt\/","title":{"rendered":"Eukalyptusbl\u00e4tter 100g"},"content":{"rendered":"<p>Die<strong>\u00a0Eukalyptusblatt\u00a0<\/strong>? Diese<strong>\u00a0Mehrzweckpflanze\u00a0<\/strong>ist ein Sch\u00f6nheitsgeheimnis, das viele Wunder bewirkt.<\/p>\n<p>Sie besitzt\u00a0<strong>Vorteile\u00a0<\/strong>die nicht zu vernachl\u00e4ssigen sind! Es handelt sich n\u00e4mlich um den\u00a0<strong>m\u00fcssen<\/strong>\u00a0f\u00fcr Ihre Pflege- und Sch\u00f6nheitsroutine.<\/p>\n<h2><strong>Eukalyptusblatt: Was ist das?<\/strong><\/h2>\n<p>L\u2019<strong>Eukalyptus<\/strong>\u00a0manchmal auch \u201cgommier\u201d genannt, ist ein<strong>\u00a0gro\u00dfer aromatischer Baum<\/strong>\u00a0stammt haupts\u00e4chlich aus Australien. Sie macht 95 % der W\u00e4lder des Kontinents aus. Ebenso finden sie sich heute in\u00a0<strong>viele Regionen der Welt<\/strong>. Effektiv sind \u00fcber 800 Arten registriert.<\/p>\n<p>Es ist auch zu beachten, dass diese Art von Baum in der Gr\u00f6\u00dfe variieren und bis zu 90 Meter hoch werden kann. Sein gr\u00f6\u00dfter Vorteil ist\u00a0<strong>sein Laub\u00a0<\/strong>von unvergleichlicher Sch\u00f6nheit und<strong>\u00a0\u00fcberraschende Vorteile<\/strong>.<\/p>\n<p>In der Tat ist die\u00a0<strong>Eukalyptusblatt<\/strong>\u00a0ist reich an \u00e4therischem \u00d6l und dient in der Pflanzenheilkunde zur Unterst\u00fctzung bei der Behandlung von\u00a0<strong>verschiedene Beschwerden<\/strong>. Es kann in verschiedenen Formen verwendet werden (Aufguss, Kapseln, Trinkl\u00f6sung...). Au\u00dferdem hat dieses Blatt einen charakteristischen Geruch und Geschmack, der sehr frisch und kr\u00e4ftig ist. Daher ist der Aufguss dieses Blattes sehr angenehm zu trinken.<\/p>\n<p>Das Eukalyptusblatt steckt voller Vorteile, die Sie \u00fcberraschen werden! Warten Sie also nicht l\u00e4nger und besorgen Sie sich\u00a0<strong>diese Pflanze<\/strong>.<\/p>\n<h2><strong>Die Zusammensetzung von Eukalyptus\u00a0<\/strong><\/h2>\n<p>Man k\u00f6nnte sich fragen, warum diese Bl\u00e4tter\u00a0<strong>reich an Tugenden<\/strong>. Dies ist ganz einfach auf seine Zusammensetzung zur\u00fcckzuf\u00fchren.<\/p>\n<p>Dieses Blatt wird reif geerntet und aufgrund der darin enthaltenen Wirkstoffe in der Pflanzenheilkunde verwendet. Und diese Eigenschaften verdankt es vor allem einem\u00a0<strong>Terpenetheroxid<\/strong>\u00a0das im \u00e4therischen \u00d6l dieses Blattes enthalten ist, das\u00a0<strong>kineol<\/strong>. Aber auch aufgrund seiner Konzentration an\u00a0<strong>Flavonoide<\/strong>,<strong>\u00a0Tannine<\/strong>,\u00a0<strong>Harz<\/strong>, usw.<\/p>\n<p>Dieses Blatt wird entweder frisch oder getrocknet verwendet, um beispielsweise Kr\u00e4utertees oder sogar Tinkturen herzustellen. Man kann es sogar destillieren, um \u00e4therisches \u00d6l zu gewinnen.<\/p>\n<h3><strong>Was sind die Vorteile von Eukalyptusbl\u00e4ttern?\u00a0<\/strong><\/h3>\n<p>Das Eukalyptusblatt besitzt\u00a0<strong>zahlreiche Eigenschaften<\/strong>. Dazu wollen wir uns auf eine Entdeckungsreise begeben und einige dieser Vorz\u00fcge kennenlernen.<\/p>\n<ul>\n<li><strong>Wirkung auf die Atmungssph\u00e4re<\/strong>\u00a0:<\/li>\n<\/ul>\n<p>Eukalyptus ist zweifellos eine der wirksamsten Sorten in ihrer Wirkung auf die Atemwege. Dies ist auf seine schleiml\u00f6senden, abschwellenden und antiseptischen Eigenschaften zur\u00fcckzuf\u00fchren.<\/p>\n<p>Seine abschwellende Wirkung dient dazu, die Hypersekretion von Schleim aus den Bronchien zu regulieren, und das Cineol verfl\u00fcssigt. Ebenso hilft es, den Schleim aus den Atemwegen zu vertreiben.<\/p>\n<p>Die gleiche Kombination verleiht dem Eukalyptusblatt seine antiseptische, antibakterielle, antivirale und antimykotische Wirkung. Die gegen bestimmte Arten von Bakterien, Viren und Pilzen hilft.<\/p>\n<p>So wird sie in der traditionellen Medizin meist gegen Bronchitis, Rhinopharyngitis, Schnupfen, Halsschmerzen oder auch grippe\u00e4hnliche Zust\u00e4nde verschrieben.<\/p>\n<p>Wenn Sie eine Pflanze suchen, die sich auf die Atemwege auswirkt, finden Sie hier weitere Informationen.\u00a0<a href=\"https:\/\/www.safinel.fr\/de\/product-2\/ysop\/\"><strong>die Bl\u00e4tter des Ysops<\/strong><\/a>. Dieser tr\u00e4gt dazu bei, das Atmungssystem zu befreien.<\/p>\n<ul>\n<li>Dar\u00fcber hinaus besitzt sie eine<strong>\u00a0Wirkung auf Schmerzen<\/strong>\u00a0:<\/li>\n<\/ul>\n<p>Eukalyptusbl\u00e4tter werden auch wegen ihrer schmerzlindernden und entz\u00fcndungshemmenden Eigenschaften zur Bek\u00e4mpfung von Entz\u00fcndungen und Schmerzen eingesetzt. Dadurch k\u00f6nnen Schmerzen bei Arthritis und Rheuma gelindert werden, aber auch gegen Migr\u00e4neschmerzen und Entz\u00fcndungen der Schleimh\u00e4ute.<\/p>\n<ul>\n<li>Endlich,\u00a0<strong>Wirkung auf Infektionen<\/strong>\u00a0:<\/li>\n<\/ul>\n<p>Dank seiner\u00a0<strong>starke antiseptische Eigenschaften<\/strong>, Eukalyptus kann bei der Linderung von Infektionen helfen. Insbesondere bei Harnwegsinfektionen.<\/p>\n<ul>\n<li>Und\u00a0<strong>einige weitere Vorteile\u00a0<\/strong>:<\/li>\n<\/ul>\n<p>Das Eukalyptusblatt kann auch hilfreich sein bei :<\/p>\n<ul>\n<li>Hitzewallungen (wie bei denen in der Menopause) ;<\/li>\n<li>Bl\u00e4hungen ;<\/li>\n<li>Gegen M\u00fcdigkeit ;<\/li>\n<li>Diabetes ;<\/li>\n<li>Oder auch f\u00fcr die Verdauung.<\/li>\n<\/ul>\n<p>Sie m\u00fcssen nur noch entscheiden, f\u00fcr welche Vorteile Sie es verwenden m\u00f6chten.<\/p>\n<h2><strong>Wie kann man die Vorteile von Eukalyptusbl\u00e4ttern nutzen?\u00a0<\/strong><\/h2>\n<p>Um die Vorteile der Eukalyptusbl\u00e4tter zu nutzen, stehen Ihnen viele M\u00f6glichkeiten offen.<\/p>\n<ul>\n<li>Tats\u00e4chlich k\u00f6nnen Sie es in\u00a0<strong>Aufguss<\/strong>\u00a0:<\/li>\n<\/ul>\n<p>Sie brauchen nur 150 ml Wasser zu erhitzen und nach dem Kochen 3-4 g getrocknete Bl\u00e4tter f\u00fcr etwa 10 Minuten ziehen zu lassen.<\/p>\n<p>In Bezug auf die\u00a0<strong>Dosierung<\/strong>, Es ist ratsam, 2 bis 3 Tassen pro Tag zu trinken.<\/p>\n<ul>\n<li>Dar\u00fcber hinaus k\u00f6nnen Sie auch<strong>\u00a0Mundsp\u00fclungen\u00a0<\/strong>:<\/li>\n<\/ul>\n<p>Dies, indem du 100 ml Wasser kochst und Eukalyptusbl\u00e4tter f\u00fcr 10 bis 15 Minuten hinzuf\u00fcgst.<\/p>\n<p>Sie m\u00fcssen den abgek\u00fchlten Aufguss nur noch zwei- bis dreimal t\u00e4glich zum Aussp\u00fclen des Mundes verwenden.<\/p>\n<ul>\n<li>Schlie\u00dflich k\u00f6nnen Sie auch\u00a0<strong>vorteilhafte Verbindungen<\/strong>\u00a0:<\/li>\n<\/ul>\n<p>In Verbindung mit anderen Pflanzen, Gew\u00fcrzen oder Heilkr\u00e4utern werden die<strong>\u00a0Tugenden des Eukalyptusblattes<\/strong>\u00a0werden verst\u00e4rkt.<\/p>\n<p>Um seine Hauptwirkung gegen Grippe, Erk\u00e4ltungen und andere virale Probleme zu nutzen, ist es gut, andere antiseptische Kr\u00e4uter hinzuzuf\u00fcgen. Wie z.B.<strong>\u00a0<a href=\"https:\/\/www.safinel.fr\/de\/product-2\/tulsiblatter\/\">Tulsibl\u00e4tter<\/a><\/strong>, Sie k\u00f6nnen auch Basilikum oder Nelken verwenden.<\/p>\n<p>Bei Halsschmerzen kann es von Vorteil sein, Thymian oder sogar Honig hinzuzuf\u00fcgen.<\/p>\n<p>In Bezug auf Bl\u00e4hungen ist es interessant, Eukalyptus mit anderen Pflanzen zu kombinieren, die die gleiche Wirkung haben.<\/p>\n<p>Egal, welches \u00dcbel Sie lindern wollen, das Eukalyptusblatt hat mehr als genug zu bieten, um Sie zufriedenzustellen!<\/p>\n<h2><strong>Wie sollte das Eukalyptusblatt aufbewahrt werden?<\/strong><\/h2>\n<p>Die<strong>\u00a0Bl\u00e4tter<\/strong>\u00a0die wir Ihnen anbieten, sind vorher getrocknet. Au\u00dferdem sparen Sie dadurch Zeit. Denn diese Bl\u00e4tter haben von einer\u00a0<strong>nat\u00fcrliche Trocknung\u00a0<\/strong>wodurch sie optimal aufbewahrt werden k\u00f6nnen.<\/p>\n<p>Diese k\u00f6nnen \u00fcber einen l\u00e4ngeren Zeitraum aufbewahrt werden. Bis auf wenige Bedingungen, die daf\u00fcr erf\u00fcllt sein m\u00fcssen, schauen wir sie uns gemeinsam an:<\/p>\n<ul>\n<li>Zun\u00e4chst einmal sollten diese Bl\u00e4tter an einem luftigen, dunklen Ort ohne direkten Sonnenkontakt aufbewahrt werden. Die UV-Strahlen k\u00f6nnten sich n\u00e4mlich negativ auf die Bl\u00e4tter und ihre N\u00e4hrstoffe auswirken.<\/li>\n<\/ul>\n<ul>\n<li>Zweitens ist es auch wichtig, sie vor Feuchtigkeit zu sch\u00fctzen. Sie sollten an einem gesunden und trockenen Ort aufbewahrt werden.<\/li>\n<\/ul>\n<ul>\n<li>Schlie\u00dflich ist es von gr\u00f6\u00dfter Wichtigkeit, dass du sie in einem luftdicht verschlossenen Beh\u00e4lter aufbewahrst.<\/li>\n<\/ul>\n<h3><strong>Vorsichtsma\u00dfnahmen<\/strong><\/h3>\n<p>Vorsichtshalber ist es\u00a0<strong>nicht empfohlen<\/strong>\u00a0Eukalyptus bei kleinen Kindern und bei schwangeren oder stillenden Frauen zu verwenden.<\/p>\n<p>Ebenso ist zu beachten, dass ein \u00fcberm\u00e4\u00dfiger Verzehr von Eukalyptusbl\u00e4ttern zu \u00dcbelkeit, Erbrechen oder auch Durchfall f\u00fchren kann. Wenn Sie verd\u00e4chtige Symptome bemerken, sollten Sie<strong>\u00a0die Verwendung stoppen<\/strong>.<\/p>\n<p>Zu guter Letzt: Wenn Sie unter Medikamenten stehen, wird Ihnen vom Verzehr abgeraten. Fragen Sie am besten Ihren Arzt um Rat.<\/p>","protected":false},"excerpt":{"rendered":"<p>Das Eukalyptusblatt? Diese vielseitige Pflanze ist ein Sch\u00f6nheitsgeheimnis, das wahre Wunder wirkt. Sie hat nicht zu verachtende Vorteile! Tats\u00e4chlich ist sie ein Must-have f\u00fcr Ihre Pflege- und Sch\u00f6nheitsroutine. Eukalyptusblatt: Was ist das? Der Eukalyptus, manchmal auch \u201cGummibaum\u201d genannt, ist ein gro\u00dfer aromatischer Baum, der haupts\u00e4chlich in Australien beheimatet ist. Er macht 95 % der W\u00e4lder des Kontinents aus. [\u2026]","protected":false},"featured_media":980,"template":"","meta":[],"product_brand":[],"product_cat":[27],"product_tag":[],"class_list":{"0":"post-979","1":"product","2":"type-product","3":"status-publish","4":"has-post-thumbnail","6":"product_cat-plantes-medicinales","8":"first","9":"outofstock","10":"shipping-taxable","11":"purchasable","12":"product-type-simple"},"yoast_head":"<!-- This site is optimized with the Yoast SEO plugin v26.6 - https:\/\/yoast.com\/wordpress\/plugins\/seo\/ -->\n<title>Feuille d&#039;eucalyptus I Bienfaits nombreux I Contenance 100g<\/title>\n<meta name=\"description\" content=\"La\u00a0feuille d\u2019eucalyptus\u00a0est riche en huile essentielle et sert en phytoth\u00e9rapie pour aider \u00e0 traiter\u00a0diff\u00e9rents maux. Adoptez-l\u00e0 !\" \/>\n<meta name=\"robots\" content=\"index, follow, max-snippet:-1, max-image-preview:large, max-video-preview:-1\" \/>\n<link rel=\"canonical\" href=\"https:\/\/www.safinel.fr\/de\/product-2\/leukalyptusblatt\/\" \/>\n<meta property=\"og:locale\" content=\"de_DE\" \/>\n<meta property=\"og:type\" content=\"article\" \/>\n<meta property=\"og:title\" content=\"Feuille d&#039;eucalyptus I Bienfaits nombreux I Contenance 100g\" \/>\n<meta property=\"og:description\" content=\"La\u00a0feuille d\u2019eucalyptus\u00a0est riche en huile essentielle et sert en phytoth\u00e9rapie pour aider \u00e0 traiter\u00a0diff\u00e9rents maux. Adoptez-l\u00e0 !\" \/>\n<meta property=\"og:url\" content=\"https:\/\/www.safinel.fr\/de\/product-2\/leukalyptusblatt\/\" \/>\n<meta property=\"og:site_name\" content=\"Safinel\" \/>\n<meta property=\"article:modified_time\" content=\"2025-11-06T10:35:56+00:00\" \/>\n<meta property=\"og:image\" content=\"https:\/\/www.safinel.fr\/wp-content\/uploads\/2022\/03\/feuilles-d-eucalyptus.jpg\" \/>\n\t<meta property=\"og:image:width\" content=\"600\" \/>\n\t<meta property=\"og:image:height\" content=\"600\" \/>\n\t<meta property=\"og:image:type\" content=\"image\/jpeg\" \/>\n<meta name=\"twitter:card\" content=\"summary_large_image\" \/>\n<meta name=\"twitter:label1\" content=\"Gesch\u00e4tzte Lesezeit\" \/>\n\t<meta name=\"twitter:data1\" content=\"6\u00a0Minuten\" \/>\n<script type=\"application\/ld+json\" class=\"yoast-schema-graph\">{\"@context\":\"https:\/\/schema.org\",\"@graph\":[{\"@type\":\"WebPage\",\"@id\":\"https:\/\/www.safinel.fr\/produit\/feuille-deucalyptus\/\",\"url\":\"https:\/\/www.safinel.fr\/produit\/feuille-deucalyptus\/\",\"name\":\"Feuille d'eucalyptus I Bienfaits nombreux I Contenance 100g\",\"isPartOf\":{\"@id\":\"https:\/\/www.safinel.fr\/#website\"},\"primaryImageOfPage\":{\"@id\":\"https:\/\/www.safinel.fr\/produit\/feuille-deucalyptus\/#primaryimage\"},\"image\":{\"@id\":\"https:\/\/www.safinel.fr\/produit\/feuille-deucalyptus\/#primaryimage\"},\"thumbnailUrl\":\"https:\/\/www.safinel.fr\/wp-content\/uploads\/2022\/03\/feuilles-d-eucalyptus.jpg\",\"datePublished\":\"2022-03-25T17:17:24+00:00\",\"dateModified\":\"2025-11-06T10:35:56+00:00\",\"description\":\"La\u00a0feuille d\u2019eucalyptus\u00a0est riche en huile essentielle et sert en phytoth\u00e9rapie pour aider \u00e0 traiter\u00a0diff\u00e9rents maux. Adoptez-l\u00e0 !\",\"breadcrumb\":{\"@id\":\"https:\/\/www.safinel.fr\/produit\/feuille-deucalyptus\/#breadcrumb\"},\"inLanguage\":\"de\",\"potentialAction\":[{\"@type\":\"ReadAction\",\"target\":[\"https:\/\/www.safinel.fr\/produit\/feuille-deucalyptus\/\"]}]},{\"@type\":\"ImageObject\",\"inLanguage\":\"de\",\"@id\":\"https:\/\/www.safinel.fr\/produit\/feuille-deucalyptus\/#primaryimage\",\"url\":\"https:\/\/www.safinel.fr\/wp-content\/uploads\/2022\/03\/feuilles-d-eucalyptus.jpg\",\"contentUrl\":\"https:\/\/www.safinel.fr\/wp-content\/uploads\/2022\/03\/feuilles-d-eucalyptus.jpg\",\"width\":600,\"height\":600,\"caption\":\"Feuille d'eucalyptus\"},{\"@type\":\"BreadcrumbList\",\"@id\":\"https:\/\/www.safinel.fr\/produit\/feuille-deucalyptus\/#breadcrumb\",\"itemListElement\":[{\"@type\":\"ListItem\",\"position\":1,\"name\":\"Accueil\",\"item\":\"https:\/\/www.safinel.fr\/\"},{\"@type\":\"ListItem\",\"position\":2,\"name\":\"Boutique\",\"item\":\"https:\/\/www.safinel.fr\/boutique\/\"},{\"@type\":\"ListItem\",\"position\":3,\"name\":\"Feuille d&rsquo;eucalyptus 100g\"}]},{\"@type\":\"WebSite\",\"@id\":\"https:\/\/www.safinel.fr\/#website\",\"url\":\"https:\/\/www.safinel.fr\/\",\"name\":\"Safinel\",\"description\":\"\",\"publisher\":{\"@id\":\"https:\/\/www.safinel.fr\/#organization\"},\"potentialAction\":[{\"@type\":\"SearchAction\",\"target\":{\"@type\":\"EntryPoint\",\"urlTemplate\":\"https:\/\/www.safinel.fr\/?s={search_term_string}\"},\"query-input\":{\"@type\":\"PropertyValueSpecification\",\"valueRequired\":true,\"valueName\":\"search_term_string\"}}],\"inLanguage\":\"de\"},{\"@type\":\"Organization\",\"@id\":\"https:\/\/www.safinel.fr\/#organization\",\"name\":\"Safinel\",\"url\":\"https:\/\/www.safinel.fr\/\",\"logo\":{\"@type\":\"ImageObject\",\"inLanguage\":\"de\",\"@id\":\"https:\/\/www.safinel.fr\/#\/schema\/logo\/image\/\",\"url\":\"https:\/\/www.safinel.fr\/wp-content\/uploads\/2021\/05\/boutique-cosmetique.png\",\"contentUrl\":\"https:\/\/www.safinel.fr\/wp-content\/uploads\/2021\/05\/boutique-cosmetique.png\",\"width\":800,\"height\":200,\"caption\":\"Safinel\"},\"image\":{\"@id\":\"https:\/\/www.safinel.fr\/#\/schema\/logo\/image\/\"}}]}<\/script>\n<!-- \/ Yoast SEO plugin. -->","yoast_head_json":{"title":"Eukalyptusbl\u00e4tter I Zahlreiche Vorteile I Inhalt 100g","description":"Eukalyptusbl\u00e4tter sind reich an \u00e4therischen \u00d6len und werden in der Pflanzenheilkunde zur Behandlung verschiedener Beschwerden verwendet. \u00dcbernehmen Sie es!","robots":{"index":"index","follow":"follow","max-snippet":"max-snippet:-1","max-image-preview":"max-image-preview:large","max-video-preview":"max-video-preview:-1"},"canonical":"https:\/\/www.safinel.fr\/de\/product-2\/leukalyptusblatt\/","og_locale":"de_DE","og_type":"article","og_title":"Feuille d'eucalyptus I Bienfaits nombreux I Contenance 100g","og_description":"La\u00a0feuille d\u2019eucalyptus\u00a0est riche en huile essentielle et sert en phytoth\u00e9rapie pour aider \u00e0 traiter\u00a0diff\u00e9rents maux. Adoptez-l\u00e0 !","og_url":"https:\/\/www.safinel.fr\/de\/product-2\/leukalyptusblatt\/","og_site_name":"Safinel","article_modified_time":"2025-11-06T10:35:56+00:00","og_image":[{"width":600,"height":600,"url":"https:\/\/www.safinel.fr\/wp-content\/uploads\/2022\/03\/feuilles-d-eucalyptus.jpg","type":"image\/jpeg"}],"twitter_card":"summary_large_image","twitter_misc":{"Gesch\u00e4tzte Lesezeit":"6\u00a0Minuten"},"schema":{"@context":"https:\/\/schema.org","@graph":[{"@type":"WebPage","@id":"https:\/\/www.safinel.fr\/produit\/feuille-deucalyptus\/","url":"https:\/\/www.safinel.fr\/produit\/feuille-deucalyptus\/","name":"Eukalyptusbl\u00e4tter I Zahlreiche Vorteile I Inhalt 100g","isPartOf":{"@id":"https:\/\/www.safinel.fr\/#website"},"primaryImageOfPage":{"@id":"https:\/\/www.safinel.fr\/produit\/feuille-deucalyptus\/#primaryimage"},"image":{"@id":"https:\/\/www.safinel.fr\/produit\/feuille-deucalyptus\/#primaryimage"},"thumbnailUrl":"https:\/\/www.safinel.fr\/wp-content\/uploads\/2022\/03\/feuilles-d-eucalyptus.jpg","datePublished":"2022-03-25T17:17:24+00:00","dateModified":"2025-11-06T10:35:56+00:00","description":"Eukalyptusbl\u00e4tter sind reich an \u00e4therischen \u00d6len und werden in der Pflanzenheilkunde zur Behandlung verschiedener Beschwerden verwendet. \u00dcbernehmen Sie es!","breadcrumb":{"@id":"https:\/\/www.safinel.fr\/produit\/feuille-deucalyptus\/#breadcrumb"},"inLanguage":"de","potentialAction":[{"@type":"ReadAction","target":["https:\/\/www.safinel.fr\/produit\/feuille-deucalyptus\/"]}]},{"@type":"ImageObject","inLanguage":"de","@id":"https:\/\/www.safinel.fr\/produit\/feuille-deucalyptus\/#primaryimage","url":"https:\/\/www.safinel.fr\/wp-content\/uploads\/2022\/03\/feuilles-d-eucalyptus.jpg","contentUrl":"https:\/\/www.safinel.fr\/wp-content\/uploads\/2022\/03\/feuilles-d-eucalyptus.jpg","width":600,"height":600,"caption":"Feuille d'eucalyptus"},{"@type":"BreadcrumbList","@id":"https:\/\/www.safinel.fr\/produit\/feuille-deucalyptus\/#breadcrumb","itemListElement":[{"@type":"ListItem","position":1,"name":"Accueil","item":"https:\/\/www.safinel.fr\/"},{"@type":"ListItem","position":2,"name":"Boutique","item":"https:\/\/www.safinel.fr\/boutique\/"},{"@type":"ListItem","position":3,"name":"Feuille d&rsquo;eucalyptus 100g"}]},{"@type":"WebSite","@id":"https:\/\/www.safinel.fr\/#website","url":"https:\/\/www.safinel.fr\/","name":"Safinel","description":"","publisher":{"@id":"https:\/\/www.safinel.fr\/#organization"},"potentialAction":[{"@type":"SearchAction","target":{"@type":"EntryPoint","urlTemplate":"https:\/\/www.safinel.fr\/?s={search_term_string}"},"query-input":{"@type":"PropertyValueSpecification","valueRequired":true,"valueName":"search_term_string"}}],"inLanguage":"de"},{"@type":"Organization","@id":"https:\/\/www.safinel.fr\/#organization","name":"Safinel","url":"https:\/\/www.safinel.fr\/","logo":{"@type":"ImageObject","inLanguage":"de","@id":"https:\/\/www.safinel.fr\/#\/schema\/logo\/image\/","url":"https:\/\/www.safinel.fr\/wp-content\/uploads\/2021\/05\/boutique-cosmetique.png","contentUrl":"https:\/\/www.safinel.fr\/wp-content\/uploads\/2021\/05\/boutique-cosmetique.png","width":800,"height":200,"caption":"Safinel"},"image":{"@id":"https:\/\/www.safinel.fr\/#\/schema\/logo\/image\/"}}]}},"_links":{"self":[{"href":"https:\/\/www.safinel.fr\/de\/wp-json\/wp\/v2\/product\/979","targetHints":{"allow":["GET"]}}],"collection":[{"href":"https:\/\/www.safinel.fr\/de\/wp-json\/wp\/v2\/product"}],"about":[{"href":"https:\/\/www.safinel.fr\/de\/wp-json\/wp\/v2\/types\/product"}],"wp:featuredmedia":[{"embeddable":true,"href":"https:\/\/www.safinel.fr\/de\/wp-json\/wp\/v2\/media\/980"}],"wp:attachment":[{"href":"https:\/\/www.safinel.fr\/de\/wp-json\/wp\/v2\/media?parent=979"}],"wp:term":[{"taxonomy":"product_brand","embeddable":true,"href":"https:\/\/www.safinel.fr\/de\/wp-json\/wp\/v2\/product_brand?post=979"},{"taxonomy":"product_cat","embeddable":true,"href":"https:\/\/www.safinel.fr\/de\/wp-json\/wp\/v2\/product_cat?post=979"},{"taxonomy":"product_tag","embeddable":true,"href":"https:\/\/www.safinel.fr\/de\/wp-json\/wp\/v2\/product_tag?post=979"}],"curies":[{"name":"wp","href":"https:\/\/api.w.org\/{rel}","templated":true}]}}