{"id":95,"date":"2021-06-01T15:16:55","date_gmt":"2021-06-01T15:16:55","guid":{"rendered":"https:\/\/www.safinel.fr\/?post_type=product&#038;p=95"},"modified":"2023-12-28T17:15:10","modified_gmt":"2023-12-28T17:15:10","slug":"kirschschwanze","status":"publish","type":"product","link":"https:\/\/www.safinel.fr\/de\/product-2\/kirschschwanze\/","title":{"rendered":"Kirschschw\u00e4nze"},"content":{"rendered":"<p>Beutel mit 50 Gramm Kirschschw\u00e4nzen, da er recht volumin\u00f6s ist, kann er f\u00fcr zahlreiche Kr\u00e4utertees verwendet werden.<\/p>\n<p>Die <b>Kirschschw\u00e4nze <\/b>die in der Pflanzenheilkunde verwendet werden, stammen vom Sauerkirschbaum, einem Obstbaum, der in Europa und S\u00fcdwestasien beheimatet ist. Dieser Baum, der allgemein als Kirschbaum bekannt ist, ist f\u00fcr seine saftigen Fr\u00fcchte mit dem besonderen s\u00fc\u00dfen Geschmack bekannt.<\/p>\n<p>Die Kirsche wird \u00fcberwiegend gekocht verzehrt und hat einen s\u00e4uerlichen Geschmack, der f\u00fcr die Zubereitung von Clafoutis, Kuchen oder sogar Konfit\u00fcre sehr beliebt ist.<\/p>\n<p>Die <b>Kirschschw\u00e4nze<\/b> werden ihrerseits seit mehreren Jahrhunderten zur Herstellung von Naturheilmitteln verwendet. Aber kennen Sie auch ihre medizinischen Eigenschaften?<\/p>\n<p>Lassen Sie uns einen genaueren Blick darauf werfen, was sie uns bringen und wie wir sie nutzen k\u00f6nnen!<\/p>\n<h2><b>Kirschschw\u00e4nze: der Infopunkt<\/b><\/h2>\n<p>Umgangssprachlich werden die <b>Kirschschw\u00e4nze<\/b> : <b>die Stiele von Kirschen<\/b>. Diese werden schon seit sehr langer Zeit verwendet, um die Ausscheidung \u00fcber die Nieren anzuregen. Es handelt sich hierbei um ein nat\u00fcrliches Heilmittel, das auf den ersten Blick recht einfach zu finden ist. Sie brauchen nur Kirschen zu pfl\u00fccken, die Stiele aufzubewahren und zu trocknen, um sie f\u00fcr therapeutische Zwecke zu verwenden.<span class=\"Apple-converted-space\">\u00a0<\/span><\/p>\n<p>Dennoch ist es nicht so einfach! Es ist n\u00e4mlich eine sorgf\u00e4ltige und konsequente Arbeit, die viele Stunden in Anspruch nimmt. Wenn uns also alles direkt auf einem Silbertablett serviert wird, oder besser gesagt in einem Krafts\u00e4ckchen. Warum darauf verzichten?!<\/p>\n<p>Au\u00dferdem werden Sauerkirschen vor allem in den sonnigen Gebieten der n\u00f6rdlichen Hemisph\u00e4re angebaut. Die Kirsche w\u00e4chst an Waldr\u00e4ndern auf unbewirtschafteten Fl\u00e4chen. Sie kann sich jedoch an verschiedene Anbaubedingungen anpassen.<\/p>\n<p>Wenn der Kirschbaum w\u00e4chst, bildet er einen Strauch, der bis zu 5 m hoch werden kann. Der Strauch hat viele \u00c4ste, an denen im Fr\u00fchling wei\u00dfe oder rosafarbene Bl\u00fcten erscheinen. Die Bl\u00fcten werden dann von den Fr\u00fcchten, den Kirschen, abgel\u00f6st, die im Sommer reif werden. In dieser Zeit werden die Sauerkirschen und Sauerkirschenschw\u00e4nze geerntet.<\/p>\n<p>Der Kirschst\u00e4ngel hat einen bitteren und adstringierenden Geschmack. Er wird nicht als solcher verzehrt, sondern dient zur <b>Aufg\u00fcsse und andere Kr\u00e4utertees zubereiten.<span class=\"Apple-converted-space\">\u00a0<\/span><\/b><\/p>\n<p>Wenn die Sauerkirschen mit einer leuchtend roten F\u00e4rbung reif sind, werden die <b>Kirschschw\u00e4nze<\/b> haben eine Farbe zwischen gr\u00fcn und braun. Sie bilden einen Faden mit kleinem Durchmesser und einer L\u00e4nge von etwa 4 cm.<span class=\"Apple-converted-space\">\u00a0<\/span><\/p>\n<p>Auf unserer Website finden Sie <b>Kirschschw\u00e4nze<\/b> in einem Beutel mit einem Fassungsverm\u00f6gen von wahlweise 100 g oder 200 g. Und das zu einem unschlagbaren Preis-Leistungs-Verh\u00e4ltnis.<span class=\"Apple-converted-space\">\u00a0<\/span><\/p>\n<h2><b>Aber woraus bestehen Kirschschw\u00e4nze?<\/b><\/h2>\n<p>Kirschstiele sehen so einfach und basisch aus ... Und doch bestehen sie in Wirklichkeit aus einer Vielzahl von N\u00e4hrstoffen, die f\u00fcr den K\u00f6rper und den Organismus von Vorteil sind. Die markantesten Elemente, aus denen sie bestehen, sind :<span class=\"Apple-converted-space\">\u00a0<\/span><\/p>\n<ul>\n<li>In einem ersten Schritt werden die <b>Flavonoide<\/b> das auch als Vitamin P bezeichnet wird, ist in vielen Fr\u00fcchten und Lebensmitteln enthalten. Sie sind vor allem f\u00fcr ihre antioxidative Wirkung bekannt.<span class=\"Apple-converted-space\">\u00a0<\/span><\/li>\n<\/ul>\n<ul>\n<li><b>Vitamin C :<\/b> essentieller N\u00e4hrstoff, der an Hunderten von Prozessen im K\u00f6rper beteiligt ist.<span class=\"Apple-converted-space\">\u00a0<\/span><\/li>\n<\/ul>\n<ul>\n<li><b>Melatonin :<\/b> das zentrale Hormon zur Regulierung der chronobiologischen Rhythmen.<span class=\"Apple-converted-space\">\u00a0<\/span><\/li>\n<\/ul>\n<ul>\n<li><b>Schleim : <\/b>eine Substanz, die daf\u00fcr sorgt, dass die Pflanze Wasser in ihrem Gewebe beh\u00e4lt.<span class=\"Apple-converted-space\">\u00a0<\/span><\/li>\n<\/ul>\n<ul>\n<li>Schlie\u00dflich <b>Tannine,<\/b> die vor allem adstringierende Eigenschaften besitzen.<\/li>\n<\/ul>\n<p>Jedoch, <b>die Zusammensetzung von Kirschschw\u00e4nzen<\/b> variiert je nach Kirschbaumart. In der Phytotherapie werden am h\u00e4ufigsten verwendet <b>die Stiele der Sauerkirschen.<\/b><\/p>\n<h2><b>Die kraftvolle Wirkung von Kirschschw\u00e4nzen<span class=\"Apple-converted-space\">\u00a0<\/span><\/b><\/h2>\n<p>Zahlreiche Studien haben die <b>entgiftende, entw\u00e4ssernde und antioxidative Eigenschaften der Sauerkirschstiele.<\/b> Den Forschern zufolge wirken diese als <b>nat\u00fcrliche Drainagen<\/b>, Die Sch\u00fclerinnen und Sch\u00fcler k\u00f6nnen sich durch verschiedene, sich gegenseitig erg\u00e4nzende Aktivit\u00e4ten einbringen:<span class=\"Apple-converted-space\">\u00a0<\/span><\/p>\n<ul>\n<li>Erstens, seine<b> diuretische Wirkung<\/b> : d. h. Kirschstiel f\u00f6rdert und erh\u00f6ht die Harnsekretion. Dadurch werden Wassereinlagerungen im K\u00f6rper bek\u00e4mpft. Diese harntreibende Wirkung ist vor allem auf die im Stiel enthaltenen Kaliumsalze zur\u00fcckzuf\u00fchren. <span class=\"Apple-converted-space\">\u00a0<\/span><\/li>\n<\/ul>\n<ul>\n<li>Zweitens, seine <b>entschlackende Aktivit\u00e4t<\/b> : Neben ihrer harntreibenden Wirkung kann sie auch die Ausscheidung von Toxinen und Abfallstoffen aus dem K\u00f6rper f\u00f6rdern. Diese Wirkung ist bei Schlankheitsdi\u00e4ten sehr hilfreich.<span class=\"Apple-converted-space\">\u00a0<\/span><\/li>\n<\/ul>\n<ul>\n<li>Anschlie\u00dfend wird sein <b>antioxidative und entz\u00fcndungshemmende Wirkung<\/b>, Die Haut wird mit Hilfe von Vitamin C, das unter anderem zur Bek\u00e4mpfung von Sch\u00e4den durch freie Radikale beitr\u00e4gt, gereinigt.<\/li>\n<\/ul>\n<ul>\n<li>Dar\u00fcber hinaus sind seine <b>schlankmachende Eigenschaften<\/b> : Die Wirkung von Flavonoiden spielt eine Rolle bei der Verringerung von \u00dcbergewicht.<\/li>\n<\/ul>\n<ul>\n<li>Und schlie\u00dflich sein therapeutischer Nutzen <b>gegen Harnwegsprobleme<\/b> Kirschschw\u00e4nze: Kirschschw\u00e4nze sind bei der Bek\u00e4mpfung bestimmter Infektionen von therapeutischem Interesse. Sie k\u00f6nnen Harnwegsinfektionen bek\u00e4mpfen. Sie f\u00f6rdern nicht nur die Ausscheidung von Krankheitserregern, sondern scheinen auch die Entz\u00fcndung der Harnwege zu lindern.<\/li>\n<\/ul>\n<h2><b>Die verschiedenen Arten, Kirschstiele zu verzehren?<span class=\"Apple-converted-space\">\u00a0<\/span><\/b><\/h2>\n<p>In der traditionellen Medizin wird dieser <b>Nahrungserg\u00e4nzung <\/b>kann auf verschiedene Arten zubereitet und verzehrt werden. Insbesondere <i>als Abkochung, Mazeration oder auch als Infusion.<span class=\"Apple-converted-space\">\u00a0<\/span><\/i><\/p>\n<p><b>F\u00fcr die Infusion : <\/b>nehmen Sie einfach 2 gro\u00dfz\u00fcgige Essl\u00f6ffel auf einen Liter Wasser und lassen Sie das Ganze etwa 10 Minuten lang kochen. Nach dem Filtern k\u00f6nnen Sie die Mischung dann den ganzen Tag \u00fcber trinken.<\/p>\n<p><b>Als Abkochung :<\/b> tauchen Sie 3-4 Essl\u00f6ffel f\u00fcr 10-12 Stunden in einen Liter kaltes Wasser. Anschlie\u00dfend kochen Sie den Sud 20 Minuten lang und filtern ihn ab. Der Vorteil des Abkochens ist, dass ein Maximum an Elementen und N\u00e4hrstoffen erhalten bleibt.<\/p>\n<p><b>F\u00fcr die Mazeration :<\/b> Diese erh\u00e4lt man durch Einweichen der <b>Kirschschw\u00e4nze<\/b> in kaltem Wasser.<\/p>\n<h2><b>Aufbewahrung von Kirschenstielen<span class=\"Apple-converted-space\">\u00a0<\/span><\/b><\/h2>\n<p>Die<b> Kirschschw\u00e4nze <\/b>lassen sich sehr gut und lange aufbewahren. Sie m\u00fcssen n\u00e4mlich nur die folgenden Tipps befolgen, damit sie lange halten:<span class=\"Apple-converted-space\">\u00a0<\/span><\/p>\n<ul>\n<li>Zun\u00e4chst sollten Sie sie an einem Ort aufbewahren, der vor Licht sowie vor Hitze gesch\u00fctzt ist.<\/li>\n<li>Au\u00dferdem sollten Sie sie vor Feuchtigkeit sch\u00fctzen.<span class=\"Apple-converted-space\">\u00a0<\/span><\/li>\n<li>Und zum Schluss: Bewahren Sie sie in ihrem Originalbeutel auf und achten Sie darauf, dass dieser gut verschlossen ist. Oder in einer luftdicht verschlossenen Dose.<\/li>\n<\/ul>\n<h3><b>Vorsichtsma\u00dfnahmen<\/b><\/h3>\n<p>Bis heute gibt es keine bekannten Kontraindikationen f\u00fcr die medizinische Verwendung von Kirschschw\u00e4nzen.<span class=\"Apple-converted-space\">\u00a0<\/span><\/p>\n<p>Dennoch sollte die Verwendung von Pflanzen zur Selbstbehandlung nur nach R\u00fccksprache mit einem Arzt, Apotheker oder Kr\u00e4uterkundigen erfolgen.<\/p>\n<p>Schwangere oder stillende Frauen sollten vor einer Selbstmedikation, die zu unerw\u00fcnschten Nebenwirkungen f\u00fchren kann, ihren Arzt konsultieren.<span class=\"Apple-converted-space\">\u00a0<\/span><\/p>\n<p>Dasselbe gilt f\u00fcr Personen mit chronischen und schweren Krankheiten oder Personen, die parallel dazu eine Behandlung einnehmen. <b><a href=\"https:\/\/www.alptis.org\/lexique-assurance\/professionnel-de-sante\/\">Es ist sehr wichtig, vor Beginn einer solchen Kur einen Gesundheitsexperten zu konsultieren.<\/a>.<\/b><\/p>\n<p>Kirschst\u00e4ngel haben jedoch keine unerw\u00fcnschten Wirkungen, wenn Sie sich an die angegebene Dosis und Medikationszeit halten.<\/p>\n<h3><b>Gehen Sie auf Entdeckungsreise mit unseren Tees und Kr\u00e4utertees<span class=\"Apple-converted-space\">\u00a0<\/span><\/b><\/h3>\n<p>Wir bieten auf unserer Website mehrere Tees und Kr\u00e4utertees an, die viele positive Eigenschaften besitzen. Sie k\u00f6nnen insbesondere finden :<span class=\"Apple-converted-space\">\u00a0<\/span><\/p>\n<ul>\n<li>Die <a href=\"https:\/\/www.safinel.fr\/de\/product-2\/djeka-blatter\/\"><b>Djeka-Bl\u00e4tter<\/b><\/a><\/li>\n<li>Oder die <a href=\"https:\/\/www.safinel.fr\/de\/product-2\/muskatellersalbei\/\"><strong>Muskatellersalbei-Tee<\/strong><\/a><\/li>\n<\/ul>","protected":false},"excerpt":{"rendered":"<p>Die in der Pflanzenheilkunde verwendeten Kirschschw\u00e4nze stammen vom Sauerkirschbaum, einem Obstbaum, der in Europa und S\u00fcdwestasien beheimatet ist. Dieser Strauch, der allgemein als Kirschbaum bekannt ist, ist f\u00fcr seine saftigen Fr\u00fcchte mit einem ganz besonderen s\u00fc\u00dfen Geschmack bekannt. [...]","protected":false},"featured_media":38,"template":"","meta":[],"product_brand":[],"product_cat":[19],"product_tag":[],"class_list":{"0":"post-95","1":"product","2":"type-product","3":"status-publish","4":"has-post-thumbnail","6":"product_cat-thes-tisanes","8":"first","9":"instock","10":"shipping-taxable","11":"purchasable","12":"product-type-variable"},"yoast_head":"<!-- This site is optimized with the Yoast SEO plugin v26.6 - https:\/\/yoast.com\/wordpress\/plugins\/seo\/ -->\n<title>Queues de cerises | Infusion et tisane aux bienfaits multiples<\/title>\n<meta name=\"description\" content=\"Les queues de cerises utilis\u00e9es en phytoth\u00e9rapie viennent du griottier, un arbre fruitier originaire d\u2019Europe et d\u2019Asie du Sud-Ouest.\" \/>\n<meta name=\"robots\" content=\"index, follow, max-snippet:-1, max-image-preview:large, max-video-preview:-1\" \/>\n<link rel=\"canonical\" href=\"https:\/\/www.safinel.fr\/de\/product-2\/kirschschwanze\/\" \/>\n<meta property=\"og:locale\" content=\"de_DE\" \/>\n<meta property=\"og:type\" content=\"article\" \/>\n<meta property=\"og:title\" content=\"Queues de cerises | Infusion et tisane aux bienfaits multiples\" \/>\n<meta property=\"og:description\" content=\"Les queues de cerises utilis\u00e9es en phytoth\u00e9rapie viennent du griottier, un arbre fruitier originaire d\u2019Europe et d\u2019Asie du Sud-Ouest.\" \/>\n<meta property=\"og:url\" content=\"https:\/\/www.safinel.fr\/de\/product-2\/kirschschwanze\/\" \/>\n<meta property=\"og:site_name\" content=\"Safinel\" \/>\n<meta property=\"article:modified_time\" content=\"2023-12-28T17:15:10+00:00\" \/>\n<meta property=\"og:image\" content=\"https:\/\/www.safinel.fr\/wp-content\/uploads\/2021\/05\/q-cerise-site.jpg\" \/>\n\t<meta property=\"og:image:width\" content=\"861\" \/>\n\t<meta property=\"og:image:height\" content=\"1049\" \/>\n\t<meta property=\"og:image:type\" content=\"image\/jpeg\" \/>\n<meta name=\"twitter:card\" content=\"summary_large_image\" \/>\n<meta name=\"twitter:label1\" content=\"Gesch\u00e4tzte Lesezeit\" \/>\n\t<meta name=\"twitter:data1\" content=\"5\u00a0Minuten\" \/>\n<script type=\"application\/ld+json\" class=\"yoast-schema-graph\">{\"@context\":\"https:\/\/schema.org\",\"@graph\":[{\"@type\":\"WebPage\",\"@id\":\"https:\/\/www.safinel.fr\/produit\/queues-de-cerises\/\",\"url\":\"https:\/\/www.safinel.fr\/produit\/queues-de-cerises\/\",\"name\":\"Queues de cerises | Infusion et tisane aux bienfaits multiples\",\"isPartOf\":{\"@id\":\"https:\/\/www.safinel.fr\/#website\"},\"primaryImageOfPage\":{\"@id\":\"https:\/\/www.safinel.fr\/produit\/queues-de-cerises\/#primaryimage\"},\"image\":{\"@id\":\"https:\/\/www.safinel.fr\/produit\/queues-de-cerises\/#primaryimage\"},\"thumbnailUrl\":\"https:\/\/www.safinel.fr\/wp-content\/uploads\/2021\/05\/q-cerise-site.jpg\",\"datePublished\":\"2021-06-01T15:16:55+00:00\",\"dateModified\":\"2023-12-28T17:15:10+00:00\",\"description\":\"Les queues de cerises utilis\u00e9es en phytoth\u00e9rapie viennent du griottier, un arbre fruitier originaire d\u2019Europe et d\u2019Asie du Sud-Ouest.\",\"breadcrumb\":{\"@id\":\"https:\/\/www.safinel.fr\/produit\/queues-de-cerises\/#breadcrumb\"},\"inLanguage\":\"de\",\"potentialAction\":[{\"@type\":\"ReadAction\",\"target\":[\"https:\/\/www.safinel.fr\/produit\/queues-de-cerises\/\"]}]},{\"@type\":\"ImageObject\",\"inLanguage\":\"de\",\"@id\":\"https:\/\/www.safinel.fr\/produit\/queues-de-cerises\/#primaryimage\",\"url\":\"https:\/\/www.safinel.fr\/wp-content\/uploads\/2021\/05\/q-cerise-site.jpg\",\"contentUrl\":\"https:\/\/www.safinel.fr\/wp-content\/uploads\/2021\/05\/q-cerise-site.jpg\",\"width\":861,\"height\":1049,\"caption\":\"Queues de cerises\"},{\"@type\":\"BreadcrumbList\",\"@id\":\"https:\/\/www.safinel.fr\/produit\/queues-de-cerises\/#breadcrumb\",\"itemListElement\":[{\"@type\":\"ListItem\",\"position\":1,\"name\":\"Accueil\",\"item\":\"https:\/\/www.safinel.fr\/\"},{\"@type\":\"ListItem\",\"position\":2,\"name\":\"Boutique\",\"item\":\"https:\/\/www.safinel.fr\/boutique\/\"},{\"@type\":\"ListItem\",\"position\":3,\"name\":\"Queues de cerises\"}]},{\"@type\":\"WebSite\",\"@id\":\"https:\/\/www.safinel.fr\/#website\",\"url\":\"https:\/\/www.safinel.fr\/\",\"name\":\"Safinel\",\"description\":\"\",\"publisher\":{\"@id\":\"https:\/\/www.safinel.fr\/#organization\"},\"potentialAction\":[{\"@type\":\"SearchAction\",\"target\":{\"@type\":\"EntryPoint\",\"urlTemplate\":\"https:\/\/www.safinel.fr\/?s={search_term_string}\"},\"query-input\":{\"@type\":\"PropertyValueSpecification\",\"valueRequired\":true,\"valueName\":\"search_term_string\"}}],\"inLanguage\":\"de\"},{\"@type\":\"Organization\",\"@id\":\"https:\/\/www.safinel.fr\/#organization\",\"name\":\"Safinel\",\"url\":\"https:\/\/www.safinel.fr\/\",\"logo\":{\"@type\":\"ImageObject\",\"inLanguage\":\"de\",\"@id\":\"https:\/\/www.safinel.fr\/#\/schema\/logo\/image\/\",\"url\":\"https:\/\/www.safinel.fr\/wp-content\/uploads\/2021\/05\/boutique-cosmetique.png\",\"contentUrl\":\"https:\/\/www.safinel.fr\/wp-content\/uploads\/2021\/05\/boutique-cosmetique.png\",\"width\":800,\"height\":200,\"caption\":\"Safinel\"},\"image\":{\"@id\":\"https:\/\/www.safinel.fr\/#\/schema\/logo\/image\/\"}}]}<\/script>\n<!-- \/ Yoast SEO plugin. -->","yoast_head_json":{"title":"Kirschschw\u00e4nze | Kr\u00e4uter- und Fr\u00fcchtetee mit vielen Vorteilen","description":"Die in der Pflanzenheilkunde verwendeten Kirschschw\u00e4nze stammen vom Sauerkirschbaum, einem Obstbaum, der in Europa und S\u00fcdwestasien beheimatet ist.","robots":{"index":"index","follow":"follow","max-snippet":"max-snippet:-1","max-image-preview":"max-image-preview:large","max-video-preview":"max-video-preview:-1"},"canonical":"https:\/\/www.safinel.fr\/de\/product-2\/kirschschwanze\/","og_locale":"de_DE","og_type":"article","og_title":"Queues de cerises | Infusion et tisane aux bienfaits multiples","og_description":"Les queues de cerises utilis\u00e9es en phytoth\u00e9rapie viennent du griottier, un arbre fruitier originaire d\u2019Europe et d\u2019Asie du Sud-Ouest.","og_url":"https:\/\/www.safinel.fr\/de\/product-2\/kirschschwanze\/","og_site_name":"Safinel","article_modified_time":"2023-12-28T17:15:10+00:00","og_image":[{"width":861,"height":1049,"url":"https:\/\/www.safinel.fr\/wp-content\/uploads\/2021\/05\/q-cerise-site.jpg","type":"image\/jpeg"}],"twitter_card":"summary_large_image","twitter_misc":{"Gesch\u00e4tzte Lesezeit":"5\u00a0Minuten"},"schema":{"@context":"https:\/\/schema.org","@graph":[{"@type":"WebPage","@id":"https:\/\/www.safinel.fr\/produit\/queues-de-cerises\/","url":"https:\/\/www.safinel.fr\/produit\/queues-de-cerises\/","name":"Kirschschw\u00e4nze | Kr\u00e4uter- und Fr\u00fcchtetee mit vielen Vorteilen","isPartOf":{"@id":"https:\/\/www.safinel.fr\/#website"},"primaryImageOfPage":{"@id":"https:\/\/www.safinel.fr\/produit\/queues-de-cerises\/#primaryimage"},"image":{"@id":"https:\/\/www.safinel.fr\/produit\/queues-de-cerises\/#primaryimage"},"thumbnailUrl":"https:\/\/www.safinel.fr\/wp-content\/uploads\/2021\/05\/q-cerise-site.jpg","datePublished":"2021-06-01T15:16:55+00:00","dateModified":"2023-12-28T17:15:10+00:00","description":"Die in der Pflanzenheilkunde verwendeten Kirschschw\u00e4nze stammen vom Sauerkirschbaum, einem Obstbaum, der in Europa und S\u00fcdwestasien beheimatet ist.","breadcrumb":{"@id":"https:\/\/www.safinel.fr\/produit\/queues-de-cerises\/#breadcrumb"},"inLanguage":"de","potentialAction":[{"@type":"ReadAction","target":["https:\/\/www.safinel.fr\/produit\/queues-de-cerises\/"]}]},{"@type":"ImageObject","inLanguage":"de","@id":"https:\/\/www.safinel.fr\/produit\/queues-de-cerises\/#primaryimage","url":"https:\/\/www.safinel.fr\/wp-content\/uploads\/2021\/05\/q-cerise-site.jpg","contentUrl":"https:\/\/www.safinel.fr\/wp-content\/uploads\/2021\/05\/q-cerise-site.jpg","width":861,"height":1049,"caption":"Queues de cerises"},{"@type":"BreadcrumbList","@id":"https:\/\/www.safinel.fr\/produit\/queues-de-cerises\/#breadcrumb","itemListElement":[{"@type":"ListItem","position":1,"name":"Accueil","item":"https:\/\/www.safinel.fr\/"},{"@type":"ListItem","position":2,"name":"Boutique","item":"https:\/\/www.safinel.fr\/boutique\/"},{"@type":"ListItem","position":3,"name":"Queues de cerises"}]},{"@type":"WebSite","@id":"https:\/\/www.safinel.fr\/#website","url":"https:\/\/www.safinel.fr\/","name":"Safinel","description":"","publisher":{"@id":"https:\/\/www.safinel.fr\/#organization"},"potentialAction":[{"@type":"SearchAction","target":{"@type":"EntryPoint","urlTemplate":"https:\/\/www.safinel.fr\/?s={search_term_string}"},"query-input":{"@type":"PropertyValueSpecification","valueRequired":true,"valueName":"search_term_string"}}],"inLanguage":"de"},{"@type":"Organization","@id":"https:\/\/www.safinel.fr\/#organization","name":"Safinel","url":"https:\/\/www.safinel.fr\/","logo":{"@type":"ImageObject","inLanguage":"de","@id":"https:\/\/www.safinel.fr\/#\/schema\/logo\/image\/","url":"https:\/\/www.safinel.fr\/wp-content\/uploads\/2021\/05\/boutique-cosmetique.png","contentUrl":"https:\/\/www.safinel.fr\/wp-content\/uploads\/2021\/05\/boutique-cosmetique.png","width":800,"height":200,"caption":"Safinel"},"image":{"@id":"https:\/\/www.safinel.fr\/#\/schema\/logo\/image\/"}}]}},"_links":{"self":[{"href":"https:\/\/www.safinel.fr\/de\/wp-json\/wp\/v2\/product\/95","targetHints":{"allow":["GET"]}}],"collection":[{"href":"https:\/\/www.safinel.fr\/de\/wp-json\/wp\/v2\/product"}],"about":[{"href":"https:\/\/www.safinel.fr\/de\/wp-json\/wp\/v2\/types\/product"}],"wp:featuredmedia":[{"embeddable":true,"href":"https:\/\/www.safinel.fr\/de\/wp-json\/wp\/v2\/media\/38"}],"wp:attachment":[{"href":"https:\/\/www.safinel.fr\/de\/wp-json\/wp\/v2\/media?parent=95"}],"wp:term":[{"taxonomy":"product_brand","embeddable":true,"href":"https:\/\/www.safinel.fr\/de\/wp-json\/wp\/v2\/product_brand?post=95"},{"taxonomy":"product_cat","embeddable":true,"href":"https:\/\/www.safinel.fr\/de\/wp-json\/wp\/v2\/product_cat?post=95"},{"taxonomy":"product_tag","embeddable":true,"href":"https:\/\/www.safinel.fr\/de\/wp-json\/wp\/v2\/product_tag?post=95"}],"curies":[{"name":"wp","href":"https:\/\/api.w.org\/{rel}","templated":true}]}}