{"id":9443,"date":"2023-11-07T17:33:46","date_gmt":"2023-11-07T17:33:46","guid":{"rendered":"https:\/\/www.safinel.fr\/?post_type=product&#038;p=9443"},"modified":"2023-12-28T17:16:13","modified_gmt":"2023-12-28T17:16:13","slug":"moschus-tahara-ananas","status":"publish","type":"product","link":"https:\/\/www.safinel.fr\/de\/product-2\/moschus-tahara-ananas\/","title":{"rendered":"Moschus Tahara Ananas 3ml"},"content":{"rendered":"<p class=\"p2\">Entdecken Sie endlich den<b> Moschus Tahara Ananas.<\/b>\u00a0Ein exotischer Duft, der an die W\u00e4rme der Tropen erinnert und die Sinne belebt. Wenn Sie sich selbst oder anderen eine Freude machen wollen, ist dieser Ananasduft die perfekte Wahl.<span class=\"Apple-converted-space\">\u00a0<\/span><\/p>\n<p class=\"p2\">Entdecken Sie, wie dieser einzigartige Duft Ihnen helfen kann, Ihre Intimit\u00e4t wiederzufinden und sich strahlend zu f\u00fchlen.<\/p>\n<h2 class=\"p3\"><b>Musc Tahara Ananas, f\u00fcr eine wiedergefundene Intimit\u00e4t<\/b><\/h2>\n<p class=\"p2\">Tahara Ananas Moschus ist gewiss mehr als nur ein Duft. Er ist ein Symbol f\u00fcr Selbstvertrauen und Wohlbefinden. Wenn Sie ihn auftragen, schenken Sie sich damit einen Moment der Entspannung und der Verbindung mit sich selbst.<span class=\"Apple-converted-space\">\u00a0<\/span><\/p>\n<p class=\"p2\">Dar\u00fcber hinaus ist seine <b>attraktiver Duft<\/b> entf\u00fchrt Sie in ferne L\u00e4nder und l\u00e4sst Sie f\u00fcr einen Moment dem Alltag entfliehen.<span class=\"Apple-converted-space\">\u00a0<\/span><\/p>\n<p class=\"p2\">Lassen Sie sich von seinen s\u00fc\u00dfen und erfrischenden Noten mitrei\u00dfen und entdecken Sie Ihre Intimit\u00e4t auf eine neue und aufregende Art und Weise wieder.<\/p>\n<h2 class=\"p3\"><b>Der tropische Duft von Tahara Ananas Moschus!<\/b><\/h2>\n<p class=\"p2\">Mit Tahara Ananas Moschus tauchen Sie in ein <b>tropisches Duftuniversum <\/b>einzigartig. Seine Akkorde aus saftiger Ananas und Moschus schaffen so eine aromatische Symphonie, die das Wesen der Exotik einf\u00e4ngt.<\/p>\n<p class=\"p2\">Lassen Sie sich schlie\u00dflich zu feinen Sandstr\u00e4nden und flammenden Sonnenunterg\u00e4ngen entf\u00fchren und durchtr\u00e4nken Sie Ihre Haut mit diesem<b> sinnlicher Duft<\/b>. Jede Anwendung wird zu einer Sinnesreise, die es Ihnen vor allem erm\u00f6glicht, dem Alltag zu entfliehen und die W\u00e4rme der Tropen zu sp\u00fcren, wo immer Sie sich befinden.<\/p>\n<h3 class=\"p3\"><b>Wie wichtig es ist, den richtigen Moschus f\u00fcr Sie zu finden!<\/b><\/h3>\n<p class=\"p2\">Den perfekten Moschus zu finden, ist in der Tat entscheidend, um Ihre Pers\u00f6nlichkeit und Sinnlichkeit voll zum Ausdruck zu bringen. Der hier vorhandene Moschus ebenso wie der <a href=\"https:\/\/www.safinel.fr\/de\/product-2\/moschus-tahara-banane\/\"><b>Tahara Banane<\/b><\/a> bietet eine einzigartige Sinneserfahrung, die sich an jeden Einzelnen anpasst.<span class=\"Apple-converted-space\">\u00a0<\/span><\/p>\n<p class=\"p2\">Ob Sie einen erfrischenden Duft f\u00fcr den Alltag oder einen Gourmetduft f\u00fcr besondere Anl\u00e4sse suchen, dieser vielseitige Moschus passt sich all Ihren W\u00fcnschen an.<span class=\"Apple-converted-space\">\u00a0<\/span><\/p>\n<p class=\"p2\">Lassen Sie sich von seinen exotischen Noten verf\u00fchren und entdecken Sie, wie wichtig es ist, einen <b>intimes Parfum<\/b> die wirklich zu Ihnen passt.<\/p>","protected":false},"excerpt":{"rendered":"<p><img decoding=\"async\" class=\"size-full wp-image-5091 aligncenter\" src=\"https:\/\/www.safinel.fr\/wp-content\/uploads\/2021\/06\/BANNIERE-ICONE-SAFINEL.webp\" alt=\"Satines-R\u00fcckversicherung\" width=\"800\" height=\"200\" srcset=\"https:\/\/www.safinel.fr\/wp-content\/uploads\/2021\/06\/BANNIERE-ICONE-SAFINEL.webp 800w, https:\/\/www.safinel.fr\/wp-content\/uploads\/2021\/06\/BANNIERE-ICONE-SAFINEL-600x150.webp 600w, https:\/\/www.safinel.fr\/wp-content\/uploads\/2021\/06\/BANNIERE-ICONE-SAFINEL-768x192.webp 768w\" sizes=\"(max-width: 800px) 100vw, 800px\" \/><\/p>","protected":false},"featured_media":9585,"template":"","meta":[],"product_brand":[],"product_cat":[127],"product_tag":[],"class_list":{"0":"post-9443","1":"product","2":"type-product","3":"status-publish","4":"has-post-thumbnail","6":"product_cat-musc-tahara-intime","8":"first","9":"instock","10":"shipping-taxable","11":"purchasable","12":"product-type-simple"},"yoast_head":"<!-- This site is optimized with the Yoast SEO plugin v26.6 - https:\/\/yoast.com\/wordpress\/plugins\/seo\/ -->\n<title>Musc Tahara ananas I Odeur exotique I Contenance 3ml<\/title>\n<meta name=\"description\" content=\"D\u00e9couvrez enfin le musc Tahara ananas 3ml.\u00a0Une fragrance exotique qui \u00e9voque la chaleur des tropiques et ravive les sens.\" \/>\n<meta name=\"robots\" content=\"index, follow, max-snippet:-1, max-image-preview:large, max-video-preview:-1\" \/>\n<link rel=\"canonical\" href=\"https:\/\/www.safinel.fr\/de\/product-2\/moschus-tahara-ananas\/\" \/>\n<meta property=\"og:locale\" content=\"de_DE\" \/>\n<meta property=\"og:type\" content=\"article\" \/>\n<meta property=\"og:title\" content=\"Musc Tahara ananas I Odeur exotique I Contenance 3ml\" \/>\n<meta property=\"og:description\" content=\"D\u00e9couvrez enfin le musc Tahara ananas 3ml.\u00a0Une fragrance exotique qui \u00e9voque la chaleur des tropiques et ravive les sens.\" \/>\n<meta property=\"og:url\" content=\"https:\/\/www.safinel.fr\/de\/product-2\/moschus-tahara-ananas\/\" \/>\n<meta property=\"og:site_name\" content=\"Safinel\" \/>\n<meta property=\"article:modified_time\" content=\"2023-12-28T17:16:13+00:00\" \/>\n<meta property=\"og:image\" content=\"https:\/\/www.safinel.fr\/wp-content\/uploads\/2023\/11\/musc-tahara-ananas.jpg\" \/>\n\t<meta property=\"og:image:width\" content=\"600\" \/>\n\t<meta property=\"og:image:height\" content=\"726\" \/>\n\t<meta property=\"og:image:type\" content=\"image\/jpeg\" \/>\n<meta name=\"twitter:card\" content=\"summary_large_image\" \/>\n<meta name=\"twitter:label1\" content=\"Gesch\u00e4tzte Lesezeit\" \/>\n\t<meta name=\"twitter:data1\" content=\"2\u00a0Minuten\" \/>\n<script type=\"application\/ld+json\" class=\"yoast-schema-graph\">{\"@context\":\"https:\/\/schema.org\",\"@graph\":[{\"@type\":\"WebPage\",\"@id\":\"https:\/\/www.safinel.fr\/produit\/musc-tahara-ananas\/\",\"url\":\"https:\/\/www.safinel.fr\/produit\/musc-tahara-ananas\/\",\"name\":\"Musc Tahara ananas I Odeur exotique I Contenance 3ml\",\"isPartOf\":{\"@id\":\"https:\/\/www.safinel.fr\/#website\"},\"primaryImageOfPage\":{\"@id\":\"https:\/\/www.safinel.fr\/produit\/musc-tahara-ananas\/#primaryimage\"},\"image\":{\"@id\":\"https:\/\/www.safinel.fr\/produit\/musc-tahara-ananas\/#primaryimage\"},\"thumbnailUrl\":\"https:\/\/www.safinel.fr\/wp-content\/uploads\/2023\/11\/musc-tahara-ananas.jpg\",\"datePublished\":\"2023-11-07T17:33:46+00:00\",\"dateModified\":\"2023-12-28T17:16:13+00:00\",\"description\":\"D\u00e9couvrez enfin le musc Tahara ananas 3ml.\u00a0Une fragrance exotique qui \u00e9voque la chaleur des tropiques et ravive les sens.\",\"breadcrumb\":{\"@id\":\"https:\/\/www.safinel.fr\/produit\/musc-tahara-ananas\/#breadcrumb\"},\"inLanguage\":\"de\",\"potentialAction\":[{\"@type\":\"ReadAction\",\"target\":[\"https:\/\/www.safinel.fr\/produit\/musc-tahara-ananas\/\"]}]},{\"@type\":\"ImageObject\",\"inLanguage\":\"de\",\"@id\":\"https:\/\/www.safinel.fr\/produit\/musc-tahara-ananas\/#primaryimage\",\"url\":\"https:\/\/www.safinel.fr\/wp-content\/uploads\/2023\/11\/musc-tahara-ananas.jpg\",\"contentUrl\":\"https:\/\/www.safinel.fr\/wp-content\/uploads\/2023\/11\/musc-tahara-ananas.jpg\",\"width\":600,\"height\":726,\"caption\":\"Musc Tahara ananas 3ml\"},{\"@type\":\"BreadcrumbList\",\"@id\":\"https:\/\/www.safinel.fr\/produit\/musc-tahara-ananas\/#breadcrumb\",\"itemListElement\":[{\"@type\":\"ListItem\",\"position\":1,\"name\":\"Accueil\",\"item\":\"https:\/\/www.safinel.fr\/\"},{\"@type\":\"ListItem\",\"position\":2,\"name\":\"Boutique\",\"item\":\"https:\/\/www.safinel.fr\/boutique\/\"},{\"@type\":\"ListItem\",\"position\":3,\"name\":\"Musc Tahara ananas 3ml\"}]},{\"@type\":\"WebSite\",\"@id\":\"https:\/\/www.safinel.fr\/#website\",\"url\":\"https:\/\/www.safinel.fr\/\",\"name\":\"Safinel\",\"description\":\"\",\"publisher\":{\"@id\":\"https:\/\/www.safinel.fr\/#organization\"},\"potentialAction\":[{\"@type\":\"SearchAction\",\"target\":{\"@type\":\"EntryPoint\",\"urlTemplate\":\"https:\/\/www.safinel.fr\/?s={search_term_string}\"},\"query-input\":{\"@type\":\"PropertyValueSpecification\",\"valueRequired\":true,\"valueName\":\"search_term_string\"}}],\"inLanguage\":\"de\"},{\"@type\":\"Organization\",\"@id\":\"https:\/\/www.safinel.fr\/#organization\",\"name\":\"Safinel\",\"url\":\"https:\/\/www.safinel.fr\/\",\"logo\":{\"@type\":\"ImageObject\",\"inLanguage\":\"de\",\"@id\":\"https:\/\/www.safinel.fr\/#\/schema\/logo\/image\/\",\"url\":\"https:\/\/www.safinel.fr\/wp-content\/uploads\/2021\/05\/boutique-cosmetique.png\",\"contentUrl\":\"https:\/\/www.safinel.fr\/wp-content\/uploads\/2021\/05\/boutique-cosmetique.png\",\"width\":800,\"height\":200,\"caption\":\"Safinel\"},\"image\":{\"@id\":\"https:\/\/www.safinel.fr\/#\/schema\/logo\/image\/\"}}]}<\/script>\n<!-- \/ Yoast SEO plugin. -->","yoast_head_json":{"title":"Moschus Tahara Ananas I Exotischer Duft I Inhalt 3ml","description":"Entdecken Sie endlich den Moschus Tahara Ananas 3ml. Ein exotischer Duft, der an die W\u00e4rme der Tropen erinnert und die Sinne belebt.","robots":{"index":"index","follow":"follow","max-snippet":"max-snippet:-1","max-image-preview":"max-image-preview:large","max-video-preview":"max-video-preview:-1"},"canonical":"https:\/\/www.safinel.fr\/de\/product-2\/moschus-tahara-ananas\/","og_locale":"de_DE","og_type":"article","og_title":"Musc Tahara ananas I Odeur exotique I Contenance 3ml","og_description":"D\u00e9couvrez enfin le musc Tahara ananas 3ml.\u00a0Une fragrance exotique qui \u00e9voque la chaleur des tropiques et ravive les sens.","og_url":"https:\/\/www.safinel.fr\/de\/product-2\/moschus-tahara-ananas\/","og_site_name":"Safinel","article_modified_time":"2023-12-28T17:16:13+00:00","og_image":[{"width":600,"height":726,"url":"https:\/\/www.safinel.fr\/wp-content\/uploads\/2023\/11\/musc-tahara-ananas.jpg","type":"image\/jpeg"}],"twitter_card":"summary_large_image","twitter_misc":{"Gesch\u00e4tzte Lesezeit":"2\u00a0Minuten"},"schema":{"@context":"https:\/\/schema.org","@graph":[{"@type":"WebPage","@id":"https:\/\/www.safinel.fr\/produit\/musc-tahara-ananas\/","url":"https:\/\/www.safinel.fr\/produit\/musc-tahara-ananas\/","name":"Moschus Tahara Ananas I Exotischer Duft I Inhalt 3ml","isPartOf":{"@id":"https:\/\/www.safinel.fr\/#website"},"primaryImageOfPage":{"@id":"https:\/\/www.safinel.fr\/produit\/musc-tahara-ananas\/#primaryimage"},"image":{"@id":"https:\/\/www.safinel.fr\/produit\/musc-tahara-ananas\/#primaryimage"},"thumbnailUrl":"https:\/\/www.safinel.fr\/wp-content\/uploads\/2023\/11\/musc-tahara-ananas.jpg","datePublished":"2023-11-07T17:33:46+00:00","dateModified":"2023-12-28T17:16:13+00:00","description":"Entdecken Sie endlich den Moschus Tahara Ananas 3ml. Ein exotischer Duft, der an die W\u00e4rme der Tropen erinnert und die Sinne belebt.","breadcrumb":{"@id":"https:\/\/www.safinel.fr\/produit\/musc-tahara-ananas\/#breadcrumb"},"inLanguage":"de","potentialAction":[{"@type":"ReadAction","target":["https:\/\/www.safinel.fr\/produit\/musc-tahara-ananas\/"]}]},{"@type":"ImageObject","inLanguage":"de","@id":"https:\/\/www.safinel.fr\/produit\/musc-tahara-ananas\/#primaryimage","url":"https:\/\/www.safinel.fr\/wp-content\/uploads\/2023\/11\/musc-tahara-ananas.jpg","contentUrl":"https:\/\/www.safinel.fr\/wp-content\/uploads\/2023\/11\/musc-tahara-ananas.jpg","width":600,"height":726,"caption":"Musc Tahara ananas 3ml"},{"@type":"BreadcrumbList","@id":"https:\/\/www.safinel.fr\/produit\/musc-tahara-ananas\/#breadcrumb","itemListElement":[{"@type":"ListItem","position":1,"name":"Accueil","item":"https:\/\/www.safinel.fr\/"},{"@type":"ListItem","position":2,"name":"Boutique","item":"https:\/\/www.safinel.fr\/boutique\/"},{"@type":"ListItem","position":3,"name":"Musc Tahara ananas 3ml"}]},{"@type":"WebSite","@id":"https:\/\/www.safinel.fr\/#website","url":"https:\/\/www.safinel.fr\/","name":"Safinel","description":"","publisher":{"@id":"https:\/\/www.safinel.fr\/#organization"},"potentialAction":[{"@type":"SearchAction","target":{"@type":"EntryPoint","urlTemplate":"https:\/\/www.safinel.fr\/?s={search_term_string}"},"query-input":{"@type":"PropertyValueSpecification","valueRequired":true,"valueName":"search_term_string"}}],"inLanguage":"de"},{"@type":"Organization","@id":"https:\/\/www.safinel.fr\/#organization","name":"Safinel","url":"https:\/\/www.safinel.fr\/","logo":{"@type":"ImageObject","inLanguage":"de","@id":"https:\/\/www.safinel.fr\/#\/schema\/logo\/image\/","url":"https:\/\/www.safinel.fr\/wp-content\/uploads\/2021\/05\/boutique-cosmetique.png","contentUrl":"https:\/\/www.safinel.fr\/wp-content\/uploads\/2021\/05\/boutique-cosmetique.png","width":800,"height":200,"caption":"Safinel"},"image":{"@id":"https:\/\/www.safinel.fr\/#\/schema\/logo\/image\/"}}]}},"_links":{"self":[{"href":"https:\/\/www.safinel.fr\/de\/wp-json\/wp\/v2\/product\/9443","targetHints":{"allow":["GET"]}}],"collection":[{"href":"https:\/\/www.safinel.fr\/de\/wp-json\/wp\/v2\/product"}],"about":[{"href":"https:\/\/www.safinel.fr\/de\/wp-json\/wp\/v2\/types\/product"}],"wp:featuredmedia":[{"embeddable":true,"href":"https:\/\/www.safinel.fr\/de\/wp-json\/wp\/v2\/media\/9585"}],"wp:attachment":[{"href":"https:\/\/www.safinel.fr\/de\/wp-json\/wp\/v2\/media?parent=9443"}],"wp:term":[{"taxonomy":"product_brand","embeddable":true,"href":"https:\/\/www.safinel.fr\/de\/wp-json\/wp\/v2\/product_brand?post=9443"},{"taxonomy":"product_cat","embeddable":true,"href":"https:\/\/www.safinel.fr\/de\/wp-json\/wp\/v2\/product_cat?post=9443"},{"taxonomy":"product_tag","embeddable":true,"href":"https:\/\/www.safinel.fr\/de\/wp-json\/wp\/v2\/product_tag?post=9443"}],"curies":[{"name":"wp","href":"https:\/\/api.w.org\/{rel}","templated":true}]}}