{"id":9441,"date":"2023-11-07T17:23:55","date_gmt":"2023-11-07T17:23:55","guid":{"rendered":"https:\/\/www.safinel.fr\/?post_type=product&#038;p=9441"},"modified":"2023-12-28T17:16:13","modified_gmt":"2023-12-28T17:16:13","slug":"moschus-tahara-banane","status":"publish","type":"product","link":"https:\/\/www.safinel.fr\/de\/product-2\/moschus-tahara-banane\/","title":{"rendered":"Moschus Tahara Banane 3ml"},"content":{"rendered":"<p>Entdecken Sie endlich den aromatisierten Intimduft\u00a0<strong>Moschus Tahara Banane<\/strong>, Ein einzigartiger Duft, der Sie in eine Welt der Sanftheit und des Vertrauens entf\u00fchrt. Dieser exquisite Moschus ist zwar so konzipiert, dass er Ihnen ein unvergessliches Dufterlebnis bietet, Ihnen aber gleichzeitig ein Gef\u00fchl der Frische und des Wohlbefindens verleiht. Mit seinen fruchtigen Noten ist er die perfekte Wahl f\u00fcr alle, die einen intimen und zarten Duft suchen.<\/p>\n<h2><strong>Ein aromatisierter Intimduft<\/strong><\/h2>\n<p>Die\u00a0<strong>Moschus Tahara Banane<\/strong>\u00a0ist viel mehr als nur ein Parf\u00fcm. Er wurde speziell f\u00fcr die Verwendung als Intim-Moschus entwickelt. Er bringt einen Hauch von Sinnlichkeit in Ihre t\u00e4gliche Routine. Denn die s\u00fc\u00dfen Noten der Banane vermischen sich harmonisch mit den Moschusakkorden und schaffen so einen einzigartigen Duft.<\/p>\n<h2><strong>Moschus Tahara Banane f\u00fcr neues Selbstvertrauen<\/strong><\/h2>\n<p>Das Parfum, das Sie tragen, kann daher einen erheblichen Einfluss auf Ihr Selbstbewusstsein haben. Allerdings ist mit dem<strong>\u00a0intimer Moschus<\/strong>\u00a0mit Bananen k\u00f6nnen Sie dieses Selbstvertrauen zur\u00fcckgewinnen.<\/p>\n<p>Die fruchtig-s\u00fc\u00dfen Noten der Banane h\u00fcllen Sie in eine Aura der Positivit\u00e4t und Freude und geben Ihnen das n\u00f6tige Selbstvertrauen, um Ihren Tag gelassen anzugehen.<\/p>\n<h3><strong>Entdecken Sie nach Moschus Tahara Banane nun Moschus Tahara Ananas<\/strong><\/h3>\n<p>Wenn Ihnen die Erfahrung mit Musc Tahara Banane gefallen hat, werden Sie sich \u00fcber das <a href=\"https:\/\/www.safinel.fr\/de\/product-2\/moschus-tahara-ananas\/\"><strong>Moschus Tahara Ananas<\/strong><\/a>. Diese\u00a0<strong>exotischer Duft<\/strong>\u00a0und erfrischende Duft entf\u00fchrt Sie in eine tropische Atmosph\u00e4re... Wie sein Vorg\u00e4nger wurde Tahara Ananas Moschus so konzipiert, dass er als intimer Moschus verwendet werden kann. So bietet er Ihnen ein einzigartiges und sinnliches Dufterlebnis. Lassen Sie sich von diesem neuen Duftabenteuer mitrei\u00dfen und entdecken Sie Moschus Tahara Ananas.<\/p>\n<p>Es ist ein einzigartiges Dufterlebnis, das Sie in eine Welt der Sanftheit und des Vertrauens entf\u00fchrt. Und wenn Sie bereit sind, neue Empfindungen zu erforschen, warten zahlreiche Moschusd\u00fcfte auf Sie, um ein duftendes Abenteuer zu erleben.<\/p>\n<p>Lassen Sie sich von unseren<strong>\u00a0intime D\u00fcfte<\/strong>\u00a0und entdecken Sie die Kraft fruchtiger und sinnlicher D\u00fcfte.<\/p>","protected":false},"excerpt":{"rendered":"<p><img decoding=\"async\" class=\"size-full wp-image-5091 aligncenter\" src=\"https:\/\/www.safinel.fr\/wp-content\/uploads\/2021\/06\/BANNIERE-ICONE-SAFINEL.webp\" alt=\"Satines-R\u00fcckversicherung\" width=\"800\" height=\"200\" srcset=\"https:\/\/www.safinel.fr\/wp-content\/uploads\/2021\/06\/BANNIERE-ICONE-SAFINEL.webp 800w, https:\/\/www.safinel.fr\/wp-content\/uploads\/2021\/06\/BANNIERE-ICONE-SAFINEL-600x150.webp 600w, https:\/\/www.safinel.fr\/wp-content\/uploads\/2021\/06\/BANNIERE-ICONE-SAFINEL-768x192.webp 768w\" sizes=\"(max-width: 800px) 100vw, 800px\" \/><\/p>","protected":false},"featured_media":9442,"template":"","meta":[],"product_brand":[],"product_cat":[127],"product_tag":[],"class_list":{"0":"post-9441","1":"product","2":"type-product","3":"status-publish","4":"has-post-thumbnail","6":"product_cat-musc-tahara-intime","8":"first","9":"instock","10":"shipping-taxable","11":"purchasable","12":"product-type-simple"},"yoast_head":"<!-- This site is optimized with the Yoast SEO plugin v26.6 - https:\/\/yoast.com\/wordpress\/plugins\/seo\/ -->\n<title>Musc Tahara banane I Odeur exquise I Contenance 3ml<\/title>\n<meta name=\"description\" content=\"D\u00e9couvrez enfin le parfum intime aromatis\u00e9\u00a0Musc tahara banane, une fragrance unique qui vous transporte dans un monde de douceur et de confiance.\" \/>\n<meta name=\"robots\" content=\"index, follow, max-snippet:-1, max-image-preview:large, max-video-preview:-1\" \/>\n<link rel=\"canonical\" href=\"https:\/\/www.safinel.fr\/de\/product-2\/moschus-tahara-banane\/\" \/>\n<meta property=\"og:locale\" content=\"de_DE\" \/>\n<meta property=\"og:type\" content=\"article\" \/>\n<meta property=\"og:title\" content=\"Musc Tahara banane I Odeur exquise I Contenance 3ml\" \/>\n<meta property=\"og:description\" content=\"D\u00e9couvrez enfin le parfum intime aromatis\u00e9\u00a0Musc tahara banane, une fragrance unique qui vous transporte dans un monde de douceur et de confiance.\" \/>\n<meta property=\"og:url\" content=\"https:\/\/www.safinel.fr\/de\/product-2\/moschus-tahara-banane\/\" \/>\n<meta property=\"og:site_name\" content=\"Safinel\" \/>\n<meta property=\"article:modified_time\" content=\"2023-12-28T17:16:13+00:00\" \/>\n<meta property=\"og:image\" content=\"https:\/\/www.safinel.fr\/wp-content\/uploads\/2023\/11\/Musc-Tahara-banane-3ml.jpg\" \/>\n\t<meta property=\"og:image:width\" content=\"600\" \/>\n\t<meta property=\"og:image:height\" content=\"600\" \/>\n\t<meta property=\"og:image:type\" content=\"image\/jpeg\" \/>\n<meta name=\"twitter:card\" content=\"summary_large_image\" \/>\n<meta name=\"twitter:label1\" content=\"Gesch\u00e4tzte Lesezeit\" \/>\n\t<meta name=\"twitter:data1\" content=\"2\u00a0Minuten\" \/>\n<script type=\"application\/ld+json\" class=\"yoast-schema-graph\">{\"@context\":\"https:\/\/schema.org\",\"@graph\":[{\"@type\":\"WebPage\",\"@id\":\"https:\/\/www.safinel.fr\/produit\/musc-tahara-banane\/\",\"url\":\"https:\/\/www.safinel.fr\/produit\/musc-tahara-banane\/\",\"name\":\"Musc Tahara banane I Odeur exquise I Contenance 3ml\",\"isPartOf\":{\"@id\":\"https:\/\/www.safinel.fr\/#website\"},\"primaryImageOfPage\":{\"@id\":\"https:\/\/www.safinel.fr\/produit\/musc-tahara-banane\/#primaryimage\"},\"image\":{\"@id\":\"https:\/\/www.safinel.fr\/produit\/musc-tahara-banane\/#primaryimage\"},\"thumbnailUrl\":\"https:\/\/www.safinel.fr\/wp-content\/uploads\/2023\/11\/Musc-Tahara-banane-3ml.jpg\",\"datePublished\":\"2023-11-07T17:23:55+00:00\",\"dateModified\":\"2023-12-28T17:16:13+00:00\",\"description\":\"D\u00e9couvrez enfin le parfum intime aromatis\u00e9\u00a0Musc tahara banane, une fragrance unique qui vous transporte dans un monde de douceur et de confiance.\",\"breadcrumb\":{\"@id\":\"https:\/\/www.safinel.fr\/produit\/musc-tahara-banane\/#breadcrumb\"},\"inLanguage\":\"de\",\"potentialAction\":[{\"@type\":\"ReadAction\",\"target\":[\"https:\/\/www.safinel.fr\/produit\/musc-tahara-banane\/\"]}]},{\"@type\":\"ImageObject\",\"inLanguage\":\"de\",\"@id\":\"https:\/\/www.safinel.fr\/produit\/musc-tahara-banane\/#primaryimage\",\"url\":\"https:\/\/www.safinel.fr\/wp-content\/uploads\/2023\/11\/Musc-Tahara-banane-3ml.jpg\",\"contentUrl\":\"https:\/\/www.safinel.fr\/wp-content\/uploads\/2023\/11\/Musc-Tahara-banane-3ml.jpg\",\"width\":600,\"height\":600,\"caption\":\"Musc Tahara banane 3ml\"},{\"@type\":\"BreadcrumbList\",\"@id\":\"https:\/\/www.safinel.fr\/produit\/musc-tahara-banane\/#breadcrumb\",\"itemListElement\":[{\"@type\":\"ListItem\",\"position\":1,\"name\":\"Accueil\",\"item\":\"https:\/\/www.safinel.fr\/\"},{\"@type\":\"ListItem\",\"position\":2,\"name\":\"Boutique\",\"item\":\"https:\/\/www.safinel.fr\/boutique\/\"},{\"@type\":\"ListItem\",\"position\":3,\"name\":\"Musc Tahara banane 3ml\"}]},{\"@type\":\"WebSite\",\"@id\":\"https:\/\/www.safinel.fr\/#website\",\"url\":\"https:\/\/www.safinel.fr\/\",\"name\":\"Safinel\",\"description\":\"\",\"publisher\":{\"@id\":\"https:\/\/www.safinel.fr\/#organization\"},\"potentialAction\":[{\"@type\":\"SearchAction\",\"target\":{\"@type\":\"EntryPoint\",\"urlTemplate\":\"https:\/\/www.safinel.fr\/?s={search_term_string}\"},\"query-input\":{\"@type\":\"PropertyValueSpecification\",\"valueRequired\":true,\"valueName\":\"search_term_string\"}}],\"inLanguage\":\"de\"},{\"@type\":\"Organization\",\"@id\":\"https:\/\/www.safinel.fr\/#organization\",\"name\":\"Safinel\",\"url\":\"https:\/\/www.safinel.fr\/\",\"logo\":{\"@type\":\"ImageObject\",\"inLanguage\":\"de\",\"@id\":\"https:\/\/www.safinel.fr\/#\/schema\/logo\/image\/\",\"url\":\"https:\/\/www.safinel.fr\/wp-content\/uploads\/2021\/05\/boutique-cosmetique.png\",\"contentUrl\":\"https:\/\/www.safinel.fr\/wp-content\/uploads\/2021\/05\/boutique-cosmetique.png\",\"width\":800,\"height\":200,\"caption\":\"Safinel\"},\"image\":{\"@id\":\"https:\/\/www.safinel.fr\/#\/schema\/logo\/image\/\"}}]}<\/script>\n<!-- \/ Yoast SEO plugin. -->","yoast_head_json":{"title":"Moschus Tahara Banane I Exquisiter Duft I Inhalt 3ml","description":"Entdecken Sie schlie\u00dflich das aromatisierte Intimparfum Musk Tahara Banane, ein einzigartiger Duft, der Sie in eine Welt voller Sanftheit und Vertrauen entf\u00fchrt.","robots":{"index":"index","follow":"follow","max-snippet":"max-snippet:-1","max-image-preview":"max-image-preview:large","max-video-preview":"max-video-preview:-1"},"canonical":"https:\/\/www.safinel.fr\/de\/product-2\/moschus-tahara-banane\/","og_locale":"de_DE","og_type":"article","og_title":"Musc Tahara banane I Odeur exquise I Contenance 3ml","og_description":"D\u00e9couvrez enfin le parfum intime aromatis\u00e9\u00a0Musc tahara banane, une fragrance unique qui vous transporte dans un monde de douceur et de confiance.","og_url":"https:\/\/www.safinel.fr\/de\/product-2\/moschus-tahara-banane\/","og_site_name":"Safinel","article_modified_time":"2023-12-28T17:16:13+00:00","og_image":[{"width":600,"height":600,"url":"https:\/\/www.safinel.fr\/wp-content\/uploads\/2023\/11\/Musc-Tahara-banane-3ml.jpg","type":"image\/jpeg"}],"twitter_card":"summary_large_image","twitter_misc":{"Gesch\u00e4tzte Lesezeit":"2\u00a0Minuten"},"schema":{"@context":"https:\/\/schema.org","@graph":[{"@type":"WebPage","@id":"https:\/\/www.safinel.fr\/produit\/musc-tahara-banane\/","url":"https:\/\/www.safinel.fr\/produit\/musc-tahara-banane\/","name":"Moschus Tahara Banane I Exquisiter Duft I Inhalt 3ml","isPartOf":{"@id":"https:\/\/www.safinel.fr\/#website"},"primaryImageOfPage":{"@id":"https:\/\/www.safinel.fr\/produit\/musc-tahara-banane\/#primaryimage"},"image":{"@id":"https:\/\/www.safinel.fr\/produit\/musc-tahara-banane\/#primaryimage"},"thumbnailUrl":"https:\/\/www.safinel.fr\/wp-content\/uploads\/2023\/11\/Musc-Tahara-banane-3ml.jpg","datePublished":"2023-11-07T17:23:55+00:00","dateModified":"2023-12-28T17:16:13+00:00","description":"Entdecken Sie schlie\u00dflich das aromatisierte Intimparfum Musk Tahara Banane, ein einzigartiger Duft, der Sie in eine Welt voller Sanftheit und Vertrauen entf\u00fchrt.","breadcrumb":{"@id":"https:\/\/www.safinel.fr\/produit\/musc-tahara-banane\/#breadcrumb"},"inLanguage":"de","potentialAction":[{"@type":"ReadAction","target":["https:\/\/www.safinel.fr\/produit\/musc-tahara-banane\/"]}]},{"@type":"ImageObject","inLanguage":"de","@id":"https:\/\/www.safinel.fr\/produit\/musc-tahara-banane\/#primaryimage","url":"https:\/\/www.safinel.fr\/wp-content\/uploads\/2023\/11\/Musc-Tahara-banane-3ml.jpg","contentUrl":"https:\/\/www.safinel.fr\/wp-content\/uploads\/2023\/11\/Musc-Tahara-banane-3ml.jpg","width":600,"height":600,"caption":"Musc Tahara banane 3ml"},{"@type":"BreadcrumbList","@id":"https:\/\/www.safinel.fr\/produit\/musc-tahara-banane\/#breadcrumb","itemListElement":[{"@type":"ListItem","position":1,"name":"Accueil","item":"https:\/\/www.safinel.fr\/"},{"@type":"ListItem","position":2,"name":"Boutique","item":"https:\/\/www.safinel.fr\/boutique\/"},{"@type":"ListItem","position":3,"name":"Musc Tahara banane 3ml"}]},{"@type":"WebSite","@id":"https:\/\/www.safinel.fr\/#website","url":"https:\/\/www.safinel.fr\/","name":"Safinel","description":"","publisher":{"@id":"https:\/\/www.safinel.fr\/#organization"},"potentialAction":[{"@type":"SearchAction","target":{"@type":"EntryPoint","urlTemplate":"https:\/\/www.safinel.fr\/?s={search_term_string}"},"query-input":{"@type":"PropertyValueSpecification","valueRequired":true,"valueName":"search_term_string"}}],"inLanguage":"de"},{"@type":"Organization","@id":"https:\/\/www.safinel.fr\/#organization","name":"Safinel","url":"https:\/\/www.safinel.fr\/","logo":{"@type":"ImageObject","inLanguage":"de","@id":"https:\/\/www.safinel.fr\/#\/schema\/logo\/image\/","url":"https:\/\/www.safinel.fr\/wp-content\/uploads\/2021\/05\/boutique-cosmetique.png","contentUrl":"https:\/\/www.safinel.fr\/wp-content\/uploads\/2021\/05\/boutique-cosmetique.png","width":800,"height":200,"caption":"Safinel"},"image":{"@id":"https:\/\/www.safinel.fr\/#\/schema\/logo\/image\/"}}]}},"_links":{"self":[{"href":"https:\/\/www.safinel.fr\/de\/wp-json\/wp\/v2\/product\/9441","targetHints":{"allow":["GET"]}}],"collection":[{"href":"https:\/\/www.safinel.fr\/de\/wp-json\/wp\/v2\/product"}],"about":[{"href":"https:\/\/www.safinel.fr\/de\/wp-json\/wp\/v2\/types\/product"}],"wp:featuredmedia":[{"embeddable":true,"href":"https:\/\/www.safinel.fr\/de\/wp-json\/wp\/v2\/media\/9442"}],"wp:attachment":[{"href":"https:\/\/www.safinel.fr\/de\/wp-json\/wp\/v2\/media?parent=9441"}],"wp:term":[{"taxonomy":"product_brand","embeddable":true,"href":"https:\/\/www.safinel.fr\/de\/wp-json\/wp\/v2\/product_brand?post=9441"},{"taxonomy":"product_cat","embeddable":true,"href":"https:\/\/www.safinel.fr\/de\/wp-json\/wp\/v2\/product_cat?post=9441"},{"taxonomy":"product_tag","embeddable":true,"href":"https:\/\/www.safinel.fr\/de\/wp-json\/wp\/v2\/product_tag?post=9441"}],"curies":[{"name":"wp","href":"https:\/\/api.w.org\/{rel}","templated":true}]}}