{"id":9259,"date":"2023-10-29T18:45:56","date_gmt":"2023-10-29T18:45:56","guid":{"rendered":"https:\/\/www.safinel.fr\/?post_type=product&#038;p=9259"},"modified":"2025-10-14T13:09:42","modified_gmt":"2025-10-14T13:09:42","slug":"handgefertigte-feste-afrikanische-schwarze-seife","status":"publish","type":"product","link":"https:\/\/www.safinel.fr\/de\/product-2\/handgefertigte-feste-afrikanische-schwarze-seife\/","title":{"rendered":"Feste afrikanische handgefertigte schwarze Seife - 100g"},"content":{"rendered":"<p>Die\u00a0<strong>schwarze Seife aus Ghana<\/strong>\u00a0ist ein Naturprodukt mit zahlreichen Vorteilen f\u00fcr Haut und Haar. Diese Seife wird seit Jahrhunderten von ghanaischen Frauen verwendet und hat sich nach und nach zu einem unverzichtbaren Bestandteil von Sch\u00f6nheitsroutinen rund um den Globus entwickelt. In diesem Artikel erfahren Sie mehr \u00fcber die Herkunft, die Eigenschaften und die Verwendung von schwarzer Seife aus Ghana f\u00fcr eine umfassende K\u00f6rper- und Gesichtspflege.<\/p>\n<h2><strong>Die Geschichte und der Ursprung der schwarzen Seife aus Ghana<\/strong><\/h2>\n<p>Schwarze Seife aus Ghana, auch bekannt als ?\u2019<em>Alata Samina<\/em>, Der \"Nudelteig\" stammt aus Westafrika und wird in Handarbeit aus lokalen Produkten hergestellt. Seinen Namen verdankt er der dunklen Farbe seines Teigs. Diese Besonderheit ist auf die Pflanzenasche und die Kokosnussschalen zur\u00fcckzuf\u00fchren, die in seiner Zusammensetzung enthalten sind.<\/p>\n<h3><strong>Traditionelle Zutaten f\u00fcr schwarze Seife aus Ghana<\/strong><\/h3>\n<p>Das Originalrezept der schwarzen Seife aus Ghana beruht auf einfachen und nat\u00fcrlichen Zutaten:<\/p>\n<ul>\n<li><strong>Pflanzenasche :\u00a0<\/strong>die aus der Verbrennung von Bl\u00e4ttern und St\u00e4ngeln einheimischer Pflanzen stammen. Die Asche wird als alkalische Basis verwendet, um die in den anderen Inhaltsstoffen enthaltenen Fetts\u00e4uren zu neutralisieren.<\/li>\n<li><strong><a href=\"https:\/\/www.safinel.fr\/de\/product-category-2\/pflanzenol\/\">Pflanzliche \u00d6le<\/a> :\u00a0<\/strong>Sheabutter, Kokos\u00f6l oder auch Palm\u00f6l werden in der Regel wegen ihrer n\u00e4hrenden und feuchtigkeitsspendenden Eigenschaften in die Zubereitung eingearbeitet.<\/li>\n<li><strong>Wasser :\u00a0<\/strong>in kleinen Mengen hinzugef\u00fcgt, sorgt sie f\u00fcr die gew\u00fcnschte Konsistenz der Seife.<\/li>\n<\/ul>\n<p>Im Laufe der Zeit wurden weitere Zutaten wie \u00e4therische \u00d6le oder Pflanzenextrakte in das Rezept aufgenommen, um je nach Bedarf spezifische Wirkungen hinzuzuf\u00fcgen.<\/p>\n<h2><strong>Die Vorteile von schwarzer Seife aus Ghana f\u00fcr Haut und Haare<\/strong><\/h2>\n<p>Es ist reich an Vitaminen und Fetts\u00e4uren und hat viele positive Eigenschaften f\u00fcr die Sch\u00f6nheit und Gesundheit von Haut und Haaren:<\/p>\n<ul>\n<li><strong>Sanftes Peeling<\/strong><\/li>\n<\/ul>\n<p>Aufgrund ihrer Textur und des Vorhandenseins von Asche. Die schwarze Seife aus Ghana ist ein <strong>nat\u00fcrliches Peeling<\/strong>\u00a0die abgestorbene Hautzellen und Unreinheiten entfernt, ohne die Haut anzugreifen. Die regelm\u00e4\u00dfige Anwendung f\u00f6rdert somit einen frischen und strahlenden Teint.<\/p>\n<ul>\n<li><strong>Intensive Feuchtigkeitsversorgung<\/strong><\/li>\n<\/ul>\n<p>Die in der schwarzen Seife aus Ghana enthaltenen Pflanzen\u00f6le sind reich an Vitaminen und essentiellen Fetts\u00e4uren, die die Haut tiefgreifend n\u00e4hren. Die zugef\u00fchrte Feuchtigkeit hilft, die Elastizit\u00e4t und Geschmeidigkeit der Haut zu erhalten und gleichzeitig die Anzeichen von Trockenheit und vorzeitiger Hautalterung zu mindern.<\/p>\n<ul>\n<li><strong>Gr\u00fcndliche Reinigung<\/strong><\/li>\n<\/ul>\n<p>Dieses feste Schwarzbrot ist <strong>besonders wirksam, um die Haut von Unreinheiten und \u00fcbersch\u00fcssigem Talg zu befreien<\/strong>. Es ist ideal f\u00fcr fettige Haut, Mischhaut und zu Akne neigende Haut geeignet, da es hilft, die Talgproduktion zu regulieren, ohne die Haut auszutrocknen. Die Anwendung auf der Kopfhaut hilft auch bei Schuppenproblemen und Juckreiz.<\/p>\n<ul>\n<li><strong>Linderung von Hautreizungen<\/strong><\/li>\n<\/ul>\n<p>Die entz\u00fcndungshemmenden und beruhigenden Eigenschaften der schwarzen Seife aus Ghana tragen dazu bei, Hautreizungen und -entz\u00fcndungen zu lindern. Dies gilt insbesondere f\u00fcr Ekzeme, Schuppenflechte und Insektenstiche.<\/p>\n<h2><strong>Wie verwende ich dieses feste Brot aus Ghana f\u00fcr eine umfassende Pflege?<\/strong><\/h2>\n<p>So nutzen Sie die Vorteile der schwarzen Seife aus Ghana voll aus.<\/p>\n<p><strong>Es wird empfohlen, bei der Verwendung einige einfache Schritte zu befolgen:<\/strong><\/p>\n<ul>\n<li><strong>Zubereitung des Teigs<\/strong><\/li>\n<\/ul>\n<p>Am besten feuchten Sie die Seife vor der Verwendung leicht an, damit sich leichter ein cremiger Schaum bilden kann. Reiben Sie dazu eine kleine Menge der Seife zwischen Ihren feuchten H\u00e4nden, bis eine homogene Paste entsteht.<\/p>\n<ul>\n<li><strong>Anwendung auf der Haut<\/strong><\/li>\n<\/ul>\n<p>Tragen Sie die Paste mit kreisenden Bewegungen auf das Gesicht und\/oder den K\u00f6rper auf, um die Haut sanft zu peelen und zu massieren. Sie k\u00f6nnen auch einen Luffaschwamm oder einen Rosshaarhandschuh verwenden, um den Peeling-Effekt zu verst\u00e4rken.<\/p>\n<ul>\n<li><strong>Mit lauwarmem Wasser sp\u00fclen<\/strong><\/li>\n<\/ul>\n<p>Sp\u00fclen Sie die Haut gr\u00fcndlich mit lauwarmem Wasser ab, um alle Seifenreste und Unreinheiten zu entfernen. Trocknen Sie Ihre Haut sanft mit einem sauberen, weichen Handtuch ab.<\/p>\n<ul>\n<li><strong>Verwendung auf dem Haar<\/strong><\/li>\n<\/ul>\n<p>Dieses feste Brot kann auch als nat\u00fcrliches Shampoo verwendet werden. Tragen Sie eine kleine Menge der Paste auf das nasse Haar auf. Massieren Sie es sanft in die Kopfhaut ein und sp\u00fclen Sie es gr\u00fcndlich mit lauwarmem Wasser aus.<\/p>\n<h3><strong>Tipps und Vorsichtsma\u00dfnahmen f\u00fcr den Gebrauch<\/strong><\/h3>\n<p>Damit Sie die Vorteile der schwarzen Seife aus Ghana f\u00fcr Ihre Haut und Ihr Haar voll aussch\u00f6pfen k\u00f6nnen, sollten Sie die folgenden Tipps beachten:<\/p>\n<ul>\n<li><strong>Nicht f\u00fcr den t\u00e4glichen Gebrauch :\u00a0<\/strong>verwenden Sie schwarze Seife aus Ghana zwei- bis dreimal pro Woche. Damit die Haut nicht angegriffen wird und ihr die nat\u00fcrlichen \u00d6le nicht entzogen werden.<\/li>\n<li><strong>Aufbewahrung :\u00a0<\/strong>um die Lebensdauer Ihrer Seife zu verl\u00e4ngern, sollten Sie sie an einem k\u00fchlen und trockenen Ort aufbewahren. Dies sollte vor direktem Sonnenlicht und Feuchtigkeit gesch\u00fctzt sein.<\/li>\n<li><strong>Vorsicht bei Allergien :\u00a0<\/strong>obwohl es sich um ein Naturprodukt handelt. Manche Menschen k\u00f6nnen gegen einige seiner Inhaltsstoffe allergisch sein. Wenn es zu R\u00f6tungen, Reizungen oder unerw\u00fcnschten Reaktionen kommt, stellen Sie die Anwendung sofort ein und suchen Sie einen Hautarzt auf.<\/li>\n<\/ul>\n<p>Die\u00a0<strong>schwarze Seife aus Ghana<\/strong> ist daher ein wertvoller Verb\u00fcndeter, um Haut und Haare auf nat\u00fcrliche Weise zu pflegen. Und das unter Ber\u00fccksichtigung der althergebrachten ghanaischen Traditionen. F\u00fcr alle Hauttypen geeignet. Es wird Ihre t\u00e4gliche Sch\u00f6nheit unterstreichen und gleichzeitig das Gleichgewicht Ihrer Epidermis respektieren.<\/p>","protected":false},"excerpt":{"rendered":"<p>Le\u00a0savon noir du Ghana\u00a0est un produit naturel aux multiples bienfaits pour la peau et les cheveux. Utilis\u00e9 depuis des si\u00e8cles par les femmes ghan\u00e9ennes, ce savon s&rsquo;est peu \u00e0 peu impos\u00e9 comme un incontournable dans les routines beaut\u00e9 autour du monde. Dans cet article, d\u00e9couvrez l&rsquo;origine, les propri\u00e9t\u00e9s et les utilisations du savon noir du [&#8230;]","protected":false},"featured_media":9257,"template":"","meta":[],"product_brand":[],"product_cat":[123,189],"product_tag":[],"class_list":{"0":"post-9259","1":"product","2":"type-product","3":"status-publish","4":"has-post-thumbnail","6":"product_cat-savon","7":"product_cat-savoir-noir-africain","9":"first","10":"instock","11":"shipping-taxable","12":"purchasable","13":"product-type-simple"},"yoast_head":"<!-- This site is optimized with the Yoast SEO plugin v26.6 - https:\/\/yoast.com\/wordpress\/plugins\/seo\/ -->\n<title>Savon noir du Ghana | Bienfaits nombreux | Contenance 100g<\/title>\n<meta name=\"description\" content=\"Le\u00a0savon noir du Ghana\u00a0est un produit naturel aux multiples bienfaits pour la peau et les cheveux. Adoptez-le sans plus attendre !\" \/>\n<meta name=\"robots\" content=\"index, follow, max-snippet:-1, max-image-preview:large, max-video-preview:-1\" \/>\n<link rel=\"canonical\" href=\"https:\/\/www.safinel.fr\/de\/product-2\/handgefertigte-feste-afrikanische-schwarze-seife\/\" \/>\n<meta property=\"og:locale\" content=\"de_DE\" \/>\n<meta property=\"og:type\" content=\"article\" \/>\n<meta property=\"og:title\" content=\"Savon noir du Ghana | Bienfaits nombreux | Contenance 100g\" \/>\n<meta property=\"og:description\" content=\"Le\u00a0savon noir du Ghana\u00a0est un produit naturel aux multiples bienfaits pour la peau et les cheveux. Adoptez-le sans plus attendre !\" \/>\n<meta property=\"og:url\" content=\"https:\/\/www.safinel.fr\/de\/product-2\/handgefertigte-feste-afrikanische-schwarze-seife\/\" \/>\n<meta property=\"og:site_name\" content=\"Safinel\" \/>\n<meta property=\"article:modified_time\" content=\"2025-10-14T13:09:42+00:00\" \/>\n<meta property=\"og:image\" content=\"https:\/\/www.safinel.fr\/wp-content\/uploads\/2023\/10\/savon-africain-solide.jpeg\" \/>\n\t<meta property=\"og:image:width\" content=\"600\" \/>\n\t<meta property=\"og:image:height\" content=\"600\" \/>\n\t<meta property=\"og:image:type\" content=\"image\/jpeg\" \/>\n<meta name=\"twitter:card\" content=\"summary_large_image\" \/>\n<meta name=\"twitter:label1\" content=\"Gesch\u00e4tzte Lesezeit\" \/>\n\t<meta name=\"twitter:data1\" content=\"5\u00a0Minuten\" \/>\n<script type=\"application\/ld+json\" class=\"yoast-schema-graph\">{\"@context\":\"https:\/\/schema.org\",\"@graph\":[{\"@type\":\"WebPage\",\"@id\":\"https:\/\/www.safinel.fr\/produit\/savon-noir-solide-africain-artisanal\/\",\"url\":\"https:\/\/www.safinel.fr\/produit\/savon-noir-solide-africain-artisanal\/\",\"name\":\"Savon noir du Ghana | Bienfaits nombreux | Contenance 100g\",\"isPartOf\":{\"@id\":\"https:\/\/www.safinel.fr\/#website\"},\"primaryImageOfPage\":{\"@id\":\"https:\/\/www.safinel.fr\/produit\/savon-noir-solide-africain-artisanal\/#primaryimage\"},\"image\":{\"@id\":\"https:\/\/www.safinel.fr\/produit\/savon-noir-solide-africain-artisanal\/#primaryimage\"},\"thumbnailUrl\":\"https:\/\/www.safinel.fr\/wp-content\/uploads\/2023\/10\/savon-africain-solide.jpeg\",\"datePublished\":\"2023-10-29T18:45:56+00:00\",\"dateModified\":\"2025-10-14T13:09:42+00:00\",\"description\":\"Le\u00a0savon noir du Ghana\u00a0est un produit naturel aux multiples bienfaits pour la peau et les cheveux. Adoptez-le sans plus attendre !\",\"breadcrumb\":{\"@id\":\"https:\/\/www.safinel.fr\/produit\/savon-noir-solide-africain-artisanal\/#breadcrumb\"},\"inLanguage\":\"de\",\"potentialAction\":[{\"@type\":\"ReadAction\",\"target\":[\"https:\/\/www.safinel.fr\/produit\/savon-noir-solide-africain-artisanal\/\"]}]},{\"@type\":\"ImageObject\",\"inLanguage\":\"de\",\"@id\":\"https:\/\/www.safinel.fr\/produit\/savon-noir-solide-africain-artisanal\/#primaryimage\",\"url\":\"https:\/\/www.safinel.fr\/wp-content\/uploads\/2023\/10\/savon-africain-solide.jpeg\",\"contentUrl\":\"https:\/\/www.safinel.fr\/wp-content\/uploads\/2023\/10\/savon-africain-solide.jpeg\",\"width\":600,\"height\":600,\"caption\":\"Savon noir solide africain artisanal - 100g\"},{\"@type\":\"BreadcrumbList\",\"@id\":\"https:\/\/www.safinel.fr\/produit\/savon-noir-solide-africain-artisanal\/#breadcrumb\",\"itemListElement\":[{\"@type\":\"ListItem\",\"position\":1,\"name\":\"Accueil\",\"item\":\"https:\/\/www.safinel.fr\/\"},{\"@type\":\"ListItem\",\"position\":2,\"name\":\"Boutique\",\"item\":\"https:\/\/www.safinel.fr\/boutique\/\"},{\"@type\":\"ListItem\",\"position\":3,\"name\":\"Savon noir solide africain artisanal &#8211; 100g\"}]},{\"@type\":\"WebSite\",\"@id\":\"https:\/\/www.safinel.fr\/#website\",\"url\":\"https:\/\/www.safinel.fr\/\",\"name\":\"Safinel\",\"description\":\"\",\"publisher\":{\"@id\":\"https:\/\/www.safinel.fr\/#organization\"},\"potentialAction\":[{\"@type\":\"SearchAction\",\"target\":{\"@type\":\"EntryPoint\",\"urlTemplate\":\"https:\/\/www.safinel.fr\/?s={search_term_string}\"},\"query-input\":{\"@type\":\"PropertyValueSpecification\",\"valueRequired\":true,\"valueName\":\"search_term_string\"}}],\"inLanguage\":\"de\"},{\"@type\":\"Organization\",\"@id\":\"https:\/\/www.safinel.fr\/#organization\",\"name\":\"Safinel\",\"url\":\"https:\/\/www.safinel.fr\/\",\"logo\":{\"@type\":\"ImageObject\",\"inLanguage\":\"de\",\"@id\":\"https:\/\/www.safinel.fr\/#\/schema\/logo\/image\/\",\"url\":\"https:\/\/www.safinel.fr\/wp-content\/uploads\/2021\/05\/boutique-cosmetique.png\",\"contentUrl\":\"https:\/\/www.safinel.fr\/wp-content\/uploads\/2021\/05\/boutique-cosmetique.png\",\"width\":800,\"height\":200,\"caption\":\"Safinel\"},\"image\":{\"@id\":\"https:\/\/www.safinel.fr\/#\/schema\/logo\/image\/\"}}]}<\/script>\n<!-- \/ Yoast SEO plugin. -->","yoast_head_json":{"title":"Schwarze Seife aus Ghana | Zahlreiche Vorteile | Inhalt 100g","description":"Schwarze Seife aus Ghana ist ein Naturprodukt mit vielen Vorteilen f\u00fcr Haut und Haar. \u00dcbernehmen Sie sie sofort!","robots":{"index":"index","follow":"follow","max-snippet":"max-snippet:-1","max-image-preview":"max-image-preview:large","max-video-preview":"max-video-preview:-1"},"canonical":"https:\/\/www.safinel.fr\/de\/product-2\/handgefertigte-feste-afrikanische-schwarze-seife\/","og_locale":"de_DE","og_type":"article","og_title":"Savon noir du Ghana | Bienfaits nombreux | Contenance 100g","og_description":"Le\u00a0savon noir du Ghana\u00a0est un produit naturel aux multiples bienfaits pour la peau et les cheveux. Adoptez-le sans plus attendre !","og_url":"https:\/\/www.safinel.fr\/de\/product-2\/handgefertigte-feste-afrikanische-schwarze-seife\/","og_site_name":"Safinel","article_modified_time":"2025-10-14T13:09:42+00:00","og_image":[{"width":600,"height":600,"url":"https:\/\/www.safinel.fr\/wp-content\/uploads\/2023\/10\/savon-africain-solide.jpeg","type":"image\/jpeg"}],"twitter_card":"summary_large_image","twitter_misc":{"Gesch\u00e4tzte Lesezeit":"5\u00a0Minuten"},"schema":{"@context":"https:\/\/schema.org","@graph":[{"@type":"WebPage","@id":"https:\/\/www.safinel.fr\/produit\/savon-noir-solide-africain-artisanal\/","url":"https:\/\/www.safinel.fr\/produit\/savon-noir-solide-africain-artisanal\/","name":"Schwarze Seife aus Ghana | Zahlreiche Vorteile | Inhalt 100g","isPartOf":{"@id":"https:\/\/www.safinel.fr\/#website"},"primaryImageOfPage":{"@id":"https:\/\/www.safinel.fr\/produit\/savon-noir-solide-africain-artisanal\/#primaryimage"},"image":{"@id":"https:\/\/www.safinel.fr\/produit\/savon-noir-solide-africain-artisanal\/#primaryimage"},"thumbnailUrl":"https:\/\/www.safinel.fr\/wp-content\/uploads\/2023\/10\/savon-africain-solide.jpeg","datePublished":"2023-10-29T18:45:56+00:00","dateModified":"2025-10-14T13:09:42+00:00","description":"Schwarze Seife aus Ghana ist ein Naturprodukt mit vielen Vorteilen f\u00fcr Haut und Haar. \u00dcbernehmen Sie sie sofort!","breadcrumb":{"@id":"https:\/\/www.safinel.fr\/produit\/savon-noir-solide-africain-artisanal\/#breadcrumb"},"inLanguage":"de","potentialAction":[{"@type":"ReadAction","target":["https:\/\/www.safinel.fr\/produit\/savon-noir-solide-africain-artisanal\/"]}]},{"@type":"ImageObject","inLanguage":"de","@id":"https:\/\/www.safinel.fr\/produit\/savon-noir-solide-africain-artisanal\/#primaryimage","url":"https:\/\/www.safinel.fr\/wp-content\/uploads\/2023\/10\/savon-africain-solide.jpeg","contentUrl":"https:\/\/www.safinel.fr\/wp-content\/uploads\/2023\/10\/savon-africain-solide.jpeg","width":600,"height":600,"caption":"Savon noir solide africain artisanal - 100g"},{"@type":"BreadcrumbList","@id":"https:\/\/www.safinel.fr\/produit\/savon-noir-solide-africain-artisanal\/#breadcrumb","itemListElement":[{"@type":"ListItem","position":1,"name":"Accueil","item":"https:\/\/www.safinel.fr\/"},{"@type":"ListItem","position":2,"name":"Boutique","item":"https:\/\/www.safinel.fr\/boutique\/"},{"@type":"ListItem","position":3,"name":"Savon noir solide africain artisanal &#8211; 100g"}]},{"@type":"WebSite","@id":"https:\/\/www.safinel.fr\/#website","url":"https:\/\/www.safinel.fr\/","name":"Safinel","description":"","publisher":{"@id":"https:\/\/www.safinel.fr\/#organization"},"potentialAction":[{"@type":"SearchAction","target":{"@type":"EntryPoint","urlTemplate":"https:\/\/www.safinel.fr\/?s={search_term_string}"},"query-input":{"@type":"PropertyValueSpecification","valueRequired":true,"valueName":"search_term_string"}}],"inLanguage":"de"},{"@type":"Organization","@id":"https:\/\/www.safinel.fr\/#organization","name":"Safinel","url":"https:\/\/www.safinel.fr\/","logo":{"@type":"ImageObject","inLanguage":"de","@id":"https:\/\/www.safinel.fr\/#\/schema\/logo\/image\/","url":"https:\/\/www.safinel.fr\/wp-content\/uploads\/2021\/05\/boutique-cosmetique.png","contentUrl":"https:\/\/www.safinel.fr\/wp-content\/uploads\/2021\/05\/boutique-cosmetique.png","width":800,"height":200,"caption":"Safinel"},"image":{"@id":"https:\/\/www.safinel.fr\/#\/schema\/logo\/image\/"}}]}},"_links":{"self":[{"href":"https:\/\/www.safinel.fr\/de\/wp-json\/wp\/v2\/product\/9259","targetHints":{"allow":["GET"]}}],"collection":[{"href":"https:\/\/www.safinel.fr\/de\/wp-json\/wp\/v2\/product"}],"about":[{"href":"https:\/\/www.safinel.fr\/de\/wp-json\/wp\/v2\/types\/product"}],"wp:featuredmedia":[{"embeddable":true,"href":"https:\/\/www.safinel.fr\/de\/wp-json\/wp\/v2\/media\/9257"}],"wp:attachment":[{"href":"https:\/\/www.safinel.fr\/de\/wp-json\/wp\/v2\/media?parent=9259"}],"wp:term":[{"taxonomy":"product_brand","embeddable":true,"href":"https:\/\/www.safinel.fr\/de\/wp-json\/wp\/v2\/product_brand?post=9259"},{"taxonomy":"product_cat","embeddable":true,"href":"https:\/\/www.safinel.fr\/de\/wp-json\/wp\/v2\/product_cat?post=9259"},{"taxonomy":"product_tag","embeddable":true,"href":"https:\/\/www.safinel.fr\/de\/wp-json\/wp\/v2\/product_tag?post=9259"}],"curies":[{"name":"wp","href":"https:\/\/api.w.org\/{rel}","templated":true}]}}