{"id":8973,"date":"2023-10-13T11:12:56","date_gmt":"2023-10-13T11:12:56","guid":{"rendered":"https:\/\/www.safinel.fr\/?post_type=product&#038;p=8973"},"modified":"2024-03-04T17:09:01","modified_gmt":"2024-03-04T17:09:01","slug":"haarwuchsserum","status":"publish","type":"product","link":"https:\/\/www.safinel.fr\/de\/product-2\/haarwuchsserum\/","title":{"rendered":"L'incroyable serum repousse 50ml - 1001 Vertus"},"content":{"rendered":"<p>Die\u00a0<strong>Haarausfall<\/strong> und verlangsamtes Wachstum sind Probleme, mit denen viele Menschen zu k\u00e4mpfen haben. Es gibt jedoch innovative L\u00f6sungen wie Haarseren, die das Haarwachstum f\u00f6rdern und dem Haarausfall entgegenwirken. In diesem Artikel werden wir die Vorteile des Haarwuchsserums 1001 Tugend erkunden, sowie ihre wichtigsten Inhaltsstoffe und wie Sie sie f\u00fcr Ihre speziellen Bed\u00fcrfnisse ausw\u00e4hlen k\u00f6nnen.<\/p>\n<h2><strong>Was ist ein Haarwuchsserum?<\/strong><\/h2>\n<p>Eine\u00a0<strong>Haarwuchsserum<\/strong>\u00a0ist eine lokalisierte Behandlung, die das Haarwachstum f\u00f6rdern und gleichzeitig die Haarfaser sch\u00fctzen und st\u00e4rken soll. Es handelt sich um eine konzentrierte Mischung aus aktiven Inhaltsstoffen, die zusammenwirken, um die Kopfhaut zu n\u00e4hren, eine bessere Durchblutung zu f\u00f6rdern und die Produktion neuer Haarfollikel anzuregen.<\/p>\n<h2><strong>Die wichtigsten Zutaten, nach denen Sie suchen sollten<\/strong><\/h2>\n<p>Bestimmte Bestandteile sind f\u00fcr den Erfolg eines Haarwuchsserums entscheidend. Hier sind einige der\u00a0<strong>Schl\u00fcsselzutaten\u00a0<\/strong>die Sie in Ihrer Behandlung unbedingt wiederfinden sollten :<\/p>\n<ol>\n<li><strong>Proteine :<\/strong>\u00a0sie st\u00e4rken die Haarstruktur, indem sie einen Schutzfilm um den Haarschaft bilden und so Haarbruch und Spliss vorbeugen.<\/li>\n<li><strong>Vitamine :<\/strong>\u00a0sie tragen zum Wohlbefinden der Kopfhaut bei und helfen, Haarsch\u00e4den zu reparieren, die durch \u00e4u\u00dfere Einfl\u00fcsse wie Umweltverschmutzung, Sonne und <a href=\"https:\/\/www.safinel.fr\/de\/product-category-2\/warmende-mutze\/\"><strong>Heizger\u00e4te<\/strong><\/a>.<\/li>\n<li><strong>Pflanzenausz\u00fcge :<\/strong>\u00a0sie regen das Haarwachstum an, indem sie die Kopfhaut n\u00e4hren und revitalisieren. Die botanischen Inhaltsstoffe k\u00f6nnen auch helfen, die Talgproduktion auszugleichen und Schuppen zu bek\u00e4mpfen.<\/li>\n<li><strong>Essentielle Fetts\u00e4uren :<\/strong>\u00a0sie f\u00f6rdern die Gesundheit der Kopfhaut und verbessern die Haarstruktur, indem sie das Haar geschmeidiger und gl\u00e4nzender machen. Dar\u00fcber hinaus sind Omega-3-Fetts\u00e4uren hervorragend f\u00fcr ihre entz\u00fcndungshemmenden Eigenschaften, die helfen k\u00f6nnen, Irritationen auf der Kopfhaut zu reduzieren.<\/li>\n<\/ol>\n<h3><strong>Gummies Haarschneider<\/strong><\/h3>\n<p>Im Rahmen eines umfassenden Ansatzes zur Unterst\u00fctzung des Haarwachstums ist es erw\u00e4hnenswert, die\u00a0<strong>gummies haarstr\u00e4ubend<\/strong>. Diese Nahrungserg\u00e4nzungsmittel in Form von Gummib\u00e4rchen enthalten h\u00e4ufig Vitamine und Mineralien, die f\u00fcr die Haargesundheit wichtig sind, wie Biotin, Fols\u00e4ure und Niacinamid. Es ist wichtig, daran zu denken, dass die Ergebnisse von Person zu Person unterschiedlich ausfallen und dass es immer ratsam ist, vor Beginn einer neuen Behandlung einen Gesundheitsexperten zu konsultieren.<\/p>\n<h2><strong>Wie w\u00e4hlen Sie das richtige Haarwuchsserum f\u00fcr Ihre Bed\u00fcrfnisse?<\/strong><\/h2>\n<p>Um die am besten geeignete Behandlung auszuw\u00e4hlen, ist es wichtig, die Hauptursache f\u00fcr das Problem des Haarwachstums oder des Haarausfalls zu ermitteln. Hier sind einige Faktoren, die Sie ber\u00fccksichtigen sollten:<\/p>\n<ul>\n<li><strong>Haartyp :<\/strong> die Haarwuchsseren gibt es f\u00fcr alle Haartypen. Egal ob trockenes, fettiges, feines oder dickes Haar. Achten Sie darauf, dass Sie ein Produkt w\u00e4hlen, das zu Ihrem Haartyp passt, um die bestm\u00f6glichen Ergebnisse zu erzielen.<\/li>\n<li><strong>Spezifische Probleme :<\/strong> wenn Sie unter Problemen wie Alopezie, Haarbruch oder Schuppen leiden. Suchen Sie nach einem Haarwuchsserum, das auf diese speziellen Anliegen abzielt. Z\u00f6gern Sie nicht, sich von einem Dermatologen oder Haarexperten beraten zu lassen.<\/li>\n<li><strong>Nat\u00fcrliche Inhaltsstoffe :<\/strong> bevorzugen Sie Produkte, die Inhaltsstoffe nat\u00fcrlichen Ursprungs enthalten. Vermeiden Sie solche mit einer sehr langen Liste an chemischen oder synthetischen Inhaltsstoffen. Im Allgemeinen sind nat\u00fcrliche Haarbehandlungen schonender f\u00fcr Haar und Kopfhaut.<\/li>\n<\/ul>\n<h2><strong>Anwendung und Wirksamkeit des Pusher-Serums<\/strong><\/h2>\n<p>Um die Vorteile des Haarwuchsserums voll auszusch\u00f6pfen, ist es wichtig, einige Anwendungstipps zu beachten.<\/p>\n<p><strong>Folgende Schritte sind zu beachten:<\/strong><\/p>\n<ol>\n<li>Tragen Sie das Serum auf die saubere, feuchte Kopfhaut auf, am besten nach dem Duschen.<\/li>\n<li>Massieren Sie das Produkt sanft in die gesamte Kopfhaut ein. So werden die Wirkstoffe besser aufgenommen und die Durchblutung angeregt.<\/li>\n<li>Lassen Sie es einwirken, ohne es abzusp\u00fclen, sofern auf der Verpackung des Produkts nichts anderes angegeben ist.<\/li>\n<li>Verwenden Sie das Pusher-Serum regelm\u00e4\u00dfig \u00fcber mehrere Wochen oder Monate, um sichtbare und lang anhaltende Ergebnisse zu erzielen.<\/li>\n<\/ol>\n<p>Beachten Sie jedoch, dass einige Menschen zwar schnell Ergebnisse sehen k\u00f6nnen. In der Regel m\u00fcssen Sie die Behandlung mehrere Wochen lang anwenden, bevor Sie einen wirklichen Unterschied im Haarwachstum und in der Widerstandskraft Ihrer Haare bemerken. Au\u00dferdem kann die Wirksamkeit je nach der zugrunde liegenden Ursache des Haarproblems variieren.<\/p>","protected":false},"excerpt":{"rendered":"<p><strong>Eigenschaften :<\/strong><\/p>\n<ul>\n<li>Hilft bei der Regeneration der Bulbe ;<\/li>\n<li>Provoziert das Nachwachsen ;<\/li>\n<li>St\u00e4rkt und stimuliert das Wachstum ;<\/li>\n<li>St\u00e4rkt und repariert ;<\/li>\n<li>Spendet Feuchtigkeit und n\u00e4hrt ;<\/li>\n<li>Verdichtet, verleiht neue Kraft und Glanz ;<\/li>\n<li>Stoppt den Haarausfall.<\/li>\n<\/ul>","protected":false},"featured_media":8974,"template":"","meta":[],"product_brand":[],"product_cat":[146,122],"product_tag":[],"class_list":{"0":"post-8973","1":"product","2":"type-product","3":"status-publish","4":"has-post-thumbnail","6":"product_cat-produit-cheveux","7":"product_cat-huile-vegetale","9":"first","10":"outofstock","11":"shipping-taxable","12":"purchasable","13":"product-type-simple"},"yoast_head":"<!-- This site is optimized with the Yoast SEO plugin v26.6 - https:\/\/yoast.com\/wordpress\/plugins\/seo\/ -->\n<title>S\u00e9rum pousse-cheveux | Anti-chute cheveux naturel | 50ml<\/title>\n<meta name=\"description\" content=\"Ici, nous allons explorer les bienfaits du s\u00e9rum pousse-cheveux 1001 vertus, ainsi que les ingr\u00e9dients cl\u00e9s qu&#039;il poss\u00e8de.\" \/>\n<meta name=\"robots\" content=\"index, follow, max-snippet:-1, max-image-preview:large, max-video-preview:-1\" \/>\n<link rel=\"canonical\" href=\"https:\/\/www.safinel.fr\/de\/product-2\/haarwuchsserum\/\" \/>\n<meta property=\"og:locale\" content=\"de_DE\" \/>\n<meta property=\"og:type\" content=\"article\" \/>\n<meta property=\"og:title\" content=\"S\u00e9rum pousse-cheveux | Anti-chute cheveux naturel | 50ml\" \/>\n<meta property=\"og:description\" content=\"Ici, nous allons explorer les bienfaits du s\u00e9rum pousse-cheveux 1001 vertus, ainsi que les ingr\u00e9dients cl\u00e9s qu&#039;il poss\u00e8de.\" \/>\n<meta property=\"og:url\" content=\"https:\/\/www.safinel.fr\/de\/product-2\/haarwuchsserum\/\" \/>\n<meta property=\"og:site_name\" content=\"Safinel\" \/>\n<meta property=\"article:modified_time\" content=\"2024-03-04T17:09:01+00:00\" \/>\n<meta property=\"og:image\" content=\"https:\/\/www.safinel.fr\/wp-content\/uploads\/2023\/10\/incroyable-serum-repousse-cheveux.webp\" \/>\n\t<meta property=\"og:image:width\" content=\"600\" \/>\n\t<meta property=\"og:image:height\" content=\"600\" \/>\n\t<meta property=\"og:image:type\" content=\"image\/webp\" \/>\n<meta name=\"twitter:card\" content=\"summary_large_image\" \/>\n<meta name=\"twitter:label1\" content=\"Gesch\u00e4tzte Lesezeit\" \/>\n\t<meta name=\"twitter:data1\" content=\"4\u00a0Minuten\" \/>\n<script type=\"application\/ld+json\" class=\"yoast-schema-graph\">{\"@context\":\"https:\/\/schema.org\",\"@graph\":[{\"@type\":\"WebPage\",\"@id\":\"https:\/\/www.safinel.fr\/produit\/serum-pousse-cheveux\/\",\"url\":\"https:\/\/www.safinel.fr\/produit\/serum-pousse-cheveux\/\",\"name\":\"S\u00e9rum pousse-cheveux | Anti-chute cheveux naturel | 50ml\",\"isPartOf\":{\"@id\":\"https:\/\/www.safinel.fr\/#website\"},\"primaryImageOfPage\":{\"@id\":\"https:\/\/www.safinel.fr\/produit\/serum-pousse-cheveux\/#primaryimage\"},\"image\":{\"@id\":\"https:\/\/www.safinel.fr\/produit\/serum-pousse-cheveux\/#primaryimage\"},\"thumbnailUrl\":\"https:\/\/www.safinel.fr\/wp-content\/uploads\/2023\/10\/incroyable-serum-repousse-cheveux.webp\",\"datePublished\":\"2023-10-13T11:12:56+00:00\",\"dateModified\":\"2024-03-04T17:09:01+00:00\",\"description\":\"Ici, nous allons explorer les bienfaits du s\u00e9rum pousse-cheveux 1001 vertus, ainsi que les ingr\u00e9dients cl\u00e9s qu'il poss\u00e8de.\",\"breadcrumb\":{\"@id\":\"https:\/\/www.safinel.fr\/produit\/serum-pousse-cheveux\/#breadcrumb\"},\"inLanguage\":\"de\",\"potentialAction\":[{\"@type\":\"ReadAction\",\"target\":[\"https:\/\/www.safinel.fr\/produit\/serum-pousse-cheveux\/\"]}]},{\"@type\":\"ImageObject\",\"inLanguage\":\"de\",\"@id\":\"https:\/\/www.safinel.fr\/produit\/serum-pousse-cheveux\/#primaryimage\",\"url\":\"https:\/\/www.safinel.fr\/wp-content\/uploads\/2023\/10\/incroyable-serum-repousse-cheveux.webp\",\"contentUrl\":\"https:\/\/www.safinel.fr\/wp-content\/uploads\/2023\/10\/incroyable-serum-repousse-cheveux.webp\",\"width\":600,\"height\":600,\"caption\":\"s\u00e9rum pousse-cheveux\"},{\"@type\":\"BreadcrumbList\",\"@id\":\"https:\/\/www.safinel.fr\/produit\/serum-pousse-cheveux\/#breadcrumb\",\"itemListElement\":[{\"@type\":\"ListItem\",\"position\":1,\"name\":\"Accueil\",\"item\":\"https:\/\/www.safinel.fr\/\"},{\"@type\":\"ListItem\",\"position\":2,\"name\":\"Boutique\",\"item\":\"https:\/\/www.safinel.fr\/boutique\/\"},{\"@type\":\"ListItem\",\"position\":3,\"name\":\"L&#8217;incroyable s\u00e9rum repousse 50ml &#8211; 1001 Vertus\"}]},{\"@type\":\"WebSite\",\"@id\":\"https:\/\/www.safinel.fr\/#website\",\"url\":\"https:\/\/www.safinel.fr\/\",\"name\":\"Safinel\",\"description\":\"\",\"publisher\":{\"@id\":\"https:\/\/www.safinel.fr\/#organization\"},\"potentialAction\":[{\"@type\":\"SearchAction\",\"target\":{\"@type\":\"EntryPoint\",\"urlTemplate\":\"https:\/\/www.safinel.fr\/?s={search_term_string}\"},\"query-input\":{\"@type\":\"PropertyValueSpecification\",\"valueRequired\":true,\"valueName\":\"search_term_string\"}}],\"inLanguage\":\"de\"},{\"@type\":\"Organization\",\"@id\":\"https:\/\/www.safinel.fr\/#organization\",\"name\":\"Safinel\",\"url\":\"https:\/\/www.safinel.fr\/\",\"logo\":{\"@type\":\"ImageObject\",\"inLanguage\":\"de\",\"@id\":\"https:\/\/www.safinel.fr\/#\/schema\/logo\/image\/\",\"url\":\"https:\/\/www.safinel.fr\/wp-content\/uploads\/2021\/05\/boutique-cosmetique.png\",\"contentUrl\":\"https:\/\/www.safinel.fr\/wp-content\/uploads\/2021\/05\/boutique-cosmetique.png\",\"width\":800,\"height\":200,\"caption\":\"Safinel\"},\"image\":{\"@id\":\"https:\/\/www.safinel.fr\/#\/schema\/logo\/image\/\"}}]}<\/script>\n<!-- \/ Yoast SEO plugin. -->","yoast_head_json":{"title":"Haarwuchsserum | Anti-Haarausfall Natural | 50ml","description":"Hier erkunden wir die Vorteile des 1001 Tugend Pusher Serums und die wichtigsten Inhaltsstoffe, die es besitzt.","robots":{"index":"index","follow":"follow","max-snippet":"max-snippet:-1","max-image-preview":"max-image-preview:large","max-video-preview":"max-video-preview:-1"},"canonical":"https:\/\/www.safinel.fr\/de\/product-2\/haarwuchsserum\/","og_locale":"de_DE","og_type":"article","og_title":"S\u00e9rum pousse-cheveux | Anti-chute cheveux naturel | 50ml","og_description":"Ici, nous allons explorer les bienfaits du s\u00e9rum pousse-cheveux 1001 vertus, ainsi que les ingr\u00e9dients cl\u00e9s qu'il poss\u00e8de.","og_url":"https:\/\/www.safinel.fr\/de\/product-2\/haarwuchsserum\/","og_site_name":"Safinel","article_modified_time":"2024-03-04T17:09:01+00:00","og_image":[{"width":600,"height":600,"url":"https:\/\/www.safinel.fr\/wp-content\/uploads\/2023\/10\/incroyable-serum-repousse-cheveux.webp","type":"image\/webp"}],"twitter_card":"summary_large_image","twitter_misc":{"Gesch\u00e4tzte Lesezeit":"4\u00a0Minuten"},"schema":{"@context":"https:\/\/schema.org","@graph":[{"@type":"WebPage","@id":"https:\/\/www.safinel.fr\/produit\/serum-pousse-cheveux\/","url":"https:\/\/www.safinel.fr\/produit\/serum-pousse-cheveux\/","name":"Haarwuchsserum | Anti-Haarausfall Natural | 50ml","isPartOf":{"@id":"https:\/\/www.safinel.fr\/#website"},"primaryImageOfPage":{"@id":"https:\/\/www.safinel.fr\/produit\/serum-pousse-cheveux\/#primaryimage"},"image":{"@id":"https:\/\/www.safinel.fr\/produit\/serum-pousse-cheveux\/#primaryimage"},"thumbnailUrl":"https:\/\/www.safinel.fr\/wp-content\/uploads\/2023\/10\/incroyable-serum-repousse-cheveux.webp","datePublished":"2023-10-13T11:12:56+00:00","dateModified":"2024-03-04T17:09:01+00:00","description":"Hier erkunden wir die Vorteile des 1001 Tugend Pusher Serums und die wichtigsten Inhaltsstoffe, die es besitzt.","breadcrumb":{"@id":"https:\/\/www.safinel.fr\/produit\/serum-pousse-cheveux\/#breadcrumb"},"inLanguage":"de","potentialAction":[{"@type":"ReadAction","target":["https:\/\/www.safinel.fr\/produit\/serum-pousse-cheveux\/"]}]},{"@type":"ImageObject","inLanguage":"de","@id":"https:\/\/www.safinel.fr\/produit\/serum-pousse-cheveux\/#primaryimage","url":"https:\/\/www.safinel.fr\/wp-content\/uploads\/2023\/10\/incroyable-serum-repousse-cheveux.webp","contentUrl":"https:\/\/www.safinel.fr\/wp-content\/uploads\/2023\/10\/incroyable-serum-repousse-cheveux.webp","width":600,"height":600,"caption":"s\u00e9rum pousse-cheveux"},{"@type":"BreadcrumbList","@id":"https:\/\/www.safinel.fr\/produit\/serum-pousse-cheveux\/#breadcrumb","itemListElement":[{"@type":"ListItem","position":1,"name":"Accueil","item":"https:\/\/www.safinel.fr\/"},{"@type":"ListItem","position":2,"name":"Boutique","item":"https:\/\/www.safinel.fr\/boutique\/"},{"@type":"ListItem","position":3,"name":"L&#8217;incroyable s\u00e9rum repousse 50ml &#8211; 1001 Vertus"}]},{"@type":"WebSite","@id":"https:\/\/www.safinel.fr\/#website","url":"https:\/\/www.safinel.fr\/","name":"Safinel","description":"","publisher":{"@id":"https:\/\/www.safinel.fr\/#organization"},"potentialAction":[{"@type":"SearchAction","target":{"@type":"EntryPoint","urlTemplate":"https:\/\/www.safinel.fr\/?s={search_term_string}"},"query-input":{"@type":"PropertyValueSpecification","valueRequired":true,"valueName":"search_term_string"}}],"inLanguage":"de"},{"@type":"Organization","@id":"https:\/\/www.safinel.fr\/#organization","name":"Safinel","url":"https:\/\/www.safinel.fr\/","logo":{"@type":"ImageObject","inLanguage":"de","@id":"https:\/\/www.safinel.fr\/#\/schema\/logo\/image\/","url":"https:\/\/www.safinel.fr\/wp-content\/uploads\/2021\/05\/boutique-cosmetique.png","contentUrl":"https:\/\/www.safinel.fr\/wp-content\/uploads\/2021\/05\/boutique-cosmetique.png","width":800,"height":200,"caption":"Safinel"},"image":{"@id":"https:\/\/www.safinel.fr\/#\/schema\/logo\/image\/"}}]}},"_links":{"self":[{"href":"https:\/\/www.safinel.fr\/de\/wp-json\/wp\/v2\/product\/8973","targetHints":{"allow":["GET"]}}],"collection":[{"href":"https:\/\/www.safinel.fr\/de\/wp-json\/wp\/v2\/product"}],"about":[{"href":"https:\/\/www.safinel.fr\/de\/wp-json\/wp\/v2\/types\/product"}],"wp:featuredmedia":[{"embeddable":true,"href":"https:\/\/www.safinel.fr\/de\/wp-json\/wp\/v2\/media\/8974"}],"wp:attachment":[{"href":"https:\/\/www.safinel.fr\/de\/wp-json\/wp\/v2\/media?parent=8973"}],"wp:term":[{"taxonomy":"product_brand","embeddable":true,"href":"https:\/\/www.safinel.fr\/de\/wp-json\/wp\/v2\/product_brand?post=8973"},{"taxonomy":"product_cat","embeddable":true,"href":"https:\/\/www.safinel.fr\/de\/wp-json\/wp\/v2\/product_cat?post=8973"},{"taxonomy":"product_tag","embeddable":true,"href":"https:\/\/www.safinel.fr\/de\/wp-json\/wp\/v2\/product_tag?post=8973"}],"curies":[{"name":"wp","href":"https:\/\/api.w.org\/{rel}","templated":true}]}}